{"id":5139,"date":"2023-07-30T04:14:10","date_gmt":"2023-07-30T04:14:10","guid":{"rendered":"https:\/\/prod.italiamachines.com\/product\/batteur-melangeur-30l-avec-3-outils-marque-conti-italie\/"},"modified":"2025-04-17T15:42:35","modified_gmt":"2025-04-17T13:42:35","slug":"batteur-melangeur-30l-avec-3-outils-marque-conti-italie","status":"publish","type":"product","link":"http:\/\/italiamachines.com\/en\/boutique\/boulangerie-et-patisserie\/patisserie\/batteur-melangeur\/batteur-melangeur-30l-avec-3-outils-marque-conti-italie\/","title":{"rendered":"Batteur-m\u00e9langeur par Conti Italie 8-80L"},"content":{"rendered":"<p>\u2022 Convoyeur de produits avec protection avant amovible<br \/>\n\u2022 Levier de levage du r\u00e9servoir auxiliaire servo<br \/>\n\u2022 Axe d&rsquo;attache en aluminium alimentaire<br \/>\n\u2022 L&rsquo;arbre du porte-outil en acier inoxydable<br \/>\n\u2022 Panneau de commande 24 volts<br \/>\n\u2022 1 r\u00e9servoir (pour mod\u00e8le 80 \u00e0 roues)<br \/>\n\u2022 1 fouet<br \/>\n\u2022 1 spatule<br \/>\n\u2022 1 spirale<br \/>\n\u2022 R\u00e9ducteur autolubrifiant.<br \/>\n\u2022 Moteur \u00e9lectrique Asynchrone triphas\u00e9. <\/p>","protected":false},"excerpt":{"rendered":"<p>\u2022 Convoyeur de produits avec protection avant amovible \u2022 Levier de levage du r\u00e9servoir auxiliaire servo \u2022 Axe d&rsquo;attache en aluminium alimentaire \u2022 L&rsquo;arbre du porte-outil en acier inoxydable \u2022 Panneau de commande 24 volts \u2022 1 r\u00e9servoir (pour mod\u00e8le 80 \u00e0 roues) \u2022 1 fouet \u2022 1 spatule \u2022 1 spirale \u2022 R\u00e9ducteur autolubrifiant.&hellip;<\/p>","protected":false},"featured_media":8956,"comment_status":"open","ping_status":"closed","template":"","meta":[],"product_cat":[364,112],"product_tag":[],"class_list":{"0":"post-5139","1":"product","2":"type-product","3":"status-publish","4":"has-post-thumbnail","6":"product_cat-batteur-melangeur","7":"product_cat-restaurant-snack-et-pizzeria","9":"first","10":"instock","11":"shipping-taxable","12":"purchasable","13":"product-type-variable","14":"col-xs-6 col-sm-4","15":"col-md-3 col-lg-3","16":"un-4-cols"},"yoast_head":"<!-- This site is optimized with the Yoast SEO plugin v26.6 - https:\/\/yoast.com\/wordpress\/plugins\/seo\/ -->\n<title>Batteur-m\u00e9langeur par Conti Italie 8-80L | Italia Machines<\/title>\n<meta name=\"robots\" content=\"index, follow, max-snippet:-1, max-image-preview:large, max-video-preview:-1\" \/>\n<link rel=\"canonical\" href=\"https:\/\/italiamachines.com\/en\/boutique\/boulangerie-et-patisserie\/patisserie\/batteur-melangeur\/batteur-melangeur-30l-avec-3-outils-marque-conti-italie\/\" \/>\n<meta property=\"og:locale\" content=\"en_US\" \/>\n<meta property=\"og:type\" content=\"article\" \/>\n<meta property=\"og:title\" content=\"Batteur-m\u00e9langeur par Conti Italie 8-80L | Italia Machines\" \/>\n<meta property=\"og:description\" content=\"\u2022 Convoyeur de produits avec protection avant amovible \u2022 Levier de levage du r\u00e9servoir auxiliaire servo \u2022 Axe d&rsquo;attache en aluminium alimentaire \u2022 L&rsquo;arbre du porte-outil en acier inoxydable \u2022 Panneau de commande 24 volts \u2022 1 r\u00e9servoir (pour mod\u00e8le 80 \u00e0 roues) \u2022 1 fouet \u2022 1 spatule \u2022 1 spirale \u2022 R\u00e9ducteur autolubrifiant.&hellip;\" \/>\n<meta property=\"og:url\" content=\"https:\/\/italiamachines.com\/en\/boutique\/boulangerie-et-patisserie\/patisserie\/batteur-melangeur\/batteur-melangeur-30l-avec-3-outils-marque-conti-italie\/\" \/>\n<meta property=\"og:site_name\" content=\"Italia Machines\" \/>\n<meta property=\"article:publisher\" content=\"https:\/\/web.facebook.com\/italiamachines\/\" \/>\n<meta property=\"article:modified_time\" content=\"2025-04-17T13:42:35+00:00\" \/>\n<meta property=\"og:image\" content=\"https:\/\/italiamachines.com\/wp-content\/uploads\/2023\/07\/PL301.jpg\" \/>\n\t<meta property=\"og:image:width\" content=\"400\" \/>\n\t<meta property=\"og:image:height\" content=\"400\" \/>\n\t<meta property=\"og:image:type\" content=\"image\/jpeg\" \/>\n<meta name=\"twitter:card\" content=\"summary_large_image\" \/>\n<meta name=\"twitter:label1\" content=\"Est. reading time\" \/>\n\t<meta name=\"twitter:data1\" content=\"1 minute\" \/>\n<script type=\"application\/ld+json\" class=\"yoast-schema-graph\">{\"@context\":\"https:\/\/schema.org\",\"@graph\":[{\"@type\":\"WebPage\",\"@id\":\"https:\/\/italiamachines.com\/boutique\/boulangerie-et-patisserie\/patisserie\/batteur-melangeur\/batteur-melangeur-30l-avec-3-outils-marque-conti-italie\/\",\"url\":\"https:\/\/italiamachines.com\/boutique\/boulangerie-et-patisserie\/patisserie\/batteur-melangeur\/batteur-melangeur-30l-avec-3-outils-marque-conti-italie\/\",\"name\":\"Batteur-m\u00e9langeur par Conti Italie 8-80L | Italia Machines\",\"isPartOf\":{\"@id\":\"https:\/\/italiamachines.com\/#website\"},\"primaryImageOfPage\":{\"@id\":\"https:\/\/italiamachines.com\/boutique\/boulangerie-et-patisserie\/patisserie\/batteur-melangeur\/batteur-melangeur-30l-avec-3-outils-marque-conti-italie\/#primaryimage\"},\"image\":{\"@id\":\"https:\/\/italiamachines.com\/boutique\/boulangerie-et-patisserie\/patisserie\/batteur-melangeur\/batteur-melangeur-30l-avec-3-outils-marque-conti-italie\/#primaryimage\"},\"thumbnailUrl\":\"https:\/\/italiamachines.com\/wp-content\/uploads\/2023\/07\/PL301.jpg\",\"datePublished\":\"2023-07-30T04:14:10+00:00\",\"dateModified\":\"2025-04-17T13:42:35+00:00\",\"breadcrumb\":{\"@id\":\"https:\/\/italiamachines.com\/boutique\/boulangerie-et-patisserie\/patisserie\/batteur-melangeur\/batteur-melangeur-30l-avec-3-outils-marque-conti-italie\/#breadcrumb\"},\"inLanguage\":\"en-US\",\"potentialAction\":[{\"@type\":\"ReadAction\",\"target\":[\"https:\/\/italiamachines.com\/boutique\/boulangerie-et-patisserie\/patisserie\/batteur-melangeur\/batteur-melangeur-30l-avec-3-outils-marque-conti-italie\/\"]}]},{\"@type\":\"ImageObject\",\"inLanguage\":\"en-US\",\"@id\":\"https:\/\/italiamachines.com\/boutique\/boulangerie-et-patisserie\/patisserie\/batteur-melangeur\/batteur-melangeur-30l-avec-3-outils-marque-conti-italie\/#primaryimage\",\"url\":\"https:\/\/italiamachines.com\/wp-content\/uploads\/2023\/07\/PL301.jpg\",\"contentUrl\":\"https:\/\/italiamachines.com\/wp-content\/uploads\/2023\/07\/PL301.jpg\",\"width\":400,\"height\":400},{\"@type\":\"BreadcrumbList\",\"@id\":\"https:\/\/italiamachines.com\/boutique\/boulangerie-et-patisserie\/patisserie\/batteur-melangeur\/batteur-melangeur-30l-avec-3-outils-marque-conti-italie\/#breadcrumb\",\"itemListElement\":[{\"@type\":\"ListItem\",\"position\":1,\"name\":\"Accueil\",\"item\":\"https:\/\/italiamachines.com\/fr_fr\/\"},{\"@type\":\"ListItem\",\"position\":2,\"name\":\"Boutique\",\"item\":\"https:\/\/italiamachines.com\/boutique\/\"},{\"@type\":\"ListItem\",\"position\":3,\"name\":\"Batteur-m\u00e9langeur par Conti Italie 8-80L\"}]},{\"@type\":\"WebSite\",\"@id\":\"https:\/\/italiamachines.com\/#website\",\"url\":\"https:\/\/italiamachines.com\/\",\"name\":\"Italia Machines\",\"description\":\"L&#039;art de l&#039;\u00e9quipement HORECA\",\"publisher\":{\"@id\":\"https:\/\/italiamachines.com\/#organization\"},\"potentialAction\":[{\"@type\":\"SearchAction\",\"target\":{\"@type\":\"EntryPoint\",\"urlTemplate\":\"https:\/\/italiamachines.com\/?s={search_term_string}\"},\"query-input\":{\"@type\":\"PropertyValueSpecification\",\"valueRequired\":true,\"valueName\":\"search_term_string\"}}],\"inLanguage\":\"en-US\"},{\"@type\":\"Organization\",\"@id\":\"https:\/\/italiamachines.com\/#organization\",\"name\":\"italiamachines\",\"url\":\"https:\/\/italiamachines.com\/\",\"logo\":{\"@type\":\"ImageObject\",\"inLanguage\":\"en-US\",\"@id\":\"https:\/\/italiamachines.com\/#\/schema\/logo\/image\/\",\"url\":\"https:\/\/italiamachines.com\/wp-content\/uploads\/2023\/08\/logo-web-1.png\",\"contentUrl\":\"https:\/\/italiamachines.com\/wp-content\/uploads\/2023\/08\/logo-web-1.png\",\"width\":977,\"height\":254,\"caption\":\"italiamachines\"},\"image\":{\"@id\":\"https:\/\/italiamachines.com\/#\/schema\/logo\/image\/\"},\"sameAs\":[\"https:\/\/web.facebook.com\/italiamachines\/\",\"https:\/\/www.instagram.com\/italia.machines\/\"]}]}<\/script>\n<!-- \/ Yoast SEO plugin. -->","yoast_head_json":{"title":"Batteur-m\u00e9langeur par Conti Italie 8-80L | Italia Machines","robots":{"index":"index","follow":"follow","max-snippet":"max-snippet:-1","max-image-preview":"max-image-preview:large","max-video-preview":"max-video-preview:-1"},"canonical":"https:\/\/italiamachines.com\/en\/boutique\/boulangerie-et-patisserie\/patisserie\/batteur-melangeur\/batteur-melangeur-30l-avec-3-outils-marque-conti-italie\/","og_locale":"en_US","og_type":"article","og_title":"Batteur-m\u00e9langeur par Conti Italie 8-80L | Italia Machines","og_description":"\u2022 Convoyeur de produits avec protection avant amovible \u2022 Levier de levage du r\u00e9servoir auxiliaire servo \u2022 Axe d&rsquo;attache en aluminium alimentaire \u2022 L&rsquo;arbre du porte-outil en acier inoxydable \u2022 Panneau de commande 24 volts \u2022 1 r\u00e9servoir (pour mod\u00e8le 80 \u00e0 roues) \u2022 1 fouet \u2022 1 spatule \u2022 1 spirale \u2022 R\u00e9ducteur autolubrifiant.&hellip;","og_url":"https:\/\/italiamachines.com\/en\/boutique\/boulangerie-et-patisserie\/patisserie\/batteur-melangeur\/batteur-melangeur-30l-avec-3-outils-marque-conti-italie\/","og_site_name":"Italia Machines","article_publisher":"https:\/\/web.facebook.com\/italiamachines\/","article_modified_time":"2025-04-17T13:42:35+00:00","og_image":[{"width":400,"height":400,"url":"https:\/\/italiamachines.com\/wp-content\/uploads\/2023\/07\/PL301.jpg","type":"image\/jpeg"}],"twitter_card":"summary_large_image","twitter_misc":{"Est. reading time":"1 minute"},"schema":{"@context":"https:\/\/schema.org","@graph":[{"@type":"WebPage","@id":"https:\/\/italiamachines.com\/boutique\/boulangerie-et-patisserie\/patisserie\/batteur-melangeur\/batteur-melangeur-30l-avec-3-outils-marque-conti-italie\/","url":"https:\/\/italiamachines.com\/boutique\/boulangerie-et-patisserie\/patisserie\/batteur-melangeur\/batteur-melangeur-30l-avec-3-outils-marque-conti-italie\/","name":"Batteur-m\u00e9langeur par Conti Italie 8-80L | Italia Machines","isPartOf":{"@id":"https:\/\/italiamachines.com\/#website"},"primaryImageOfPage":{"@id":"https:\/\/italiamachines.com\/boutique\/boulangerie-et-patisserie\/patisserie\/batteur-melangeur\/batteur-melangeur-30l-avec-3-outils-marque-conti-italie\/#primaryimage"},"image":{"@id":"https:\/\/italiamachines.com\/boutique\/boulangerie-et-patisserie\/patisserie\/batteur-melangeur\/batteur-melangeur-30l-avec-3-outils-marque-conti-italie\/#primaryimage"},"thumbnailUrl":"https:\/\/italiamachines.com\/wp-content\/uploads\/2023\/07\/PL301.jpg","datePublished":"2023-07-30T04:14:10+00:00","dateModified":"2025-04-17T13:42:35+00:00","breadcrumb":{"@id":"https:\/\/italiamachines.com\/boutique\/boulangerie-et-patisserie\/patisserie\/batteur-melangeur\/batteur-melangeur-30l-avec-3-outils-marque-conti-italie\/#breadcrumb"},"inLanguage":"en-US","potentialAction":[{"@type":"ReadAction","target":["https:\/\/italiamachines.com\/boutique\/boulangerie-et-patisserie\/patisserie\/batteur-melangeur\/batteur-melangeur-30l-avec-3-outils-marque-conti-italie\/"]}]},{"@type":"ImageObject","inLanguage":"en-US","@id":"https:\/\/italiamachines.com\/boutique\/boulangerie-et-patisserie\/patisserie\/batteur-melangeur\/batteur-melangeur-30l-avec-3-outils-marque-conti-italie\/#primaryimage","url":"https:\/\/italiamachines.com\/wp-content\/uploads\/2023\/07\/PL301.jpg","contentUrl":"https:\/\/italiamachines.com\/wp-content\/uploads\/2023\/07\/PL301.jpg","width":400,"height":400},{"@type":"BreadcrumbList","@id":"https:\/\/italiamachines.com\/boutique\/boulangerie-et-patisserie\/patisserie\/batteur-melangeur\/batteur-melangeur-30l-avec-3-outils-marque-conti-italie\/#breadcrumb","itemListElement":[{"@type":"ListItem","position":1,"name":"Accueil","item":"https:\/\/italiamachines.com\/fr_fr\/"},{"@type":"ListItem","position":2,"name":"Boutique","item":"https:\/\/italiamachines.com\/boutique\/"},{"@type":"ListItem","position":3,"name":"Batteur-m\u00e9langeur par Conti Italie 8-80L"}]},{"@type":"WebSite","@id":"https:\/\/italiamachines.com\/#website","url":"https:\/\/italiamachines.com\/","name":"Italia Machines","description":"L&#039;art de l&#039;\u00e9quipement HORECA","publisher":{"@id":"https:\/\/italiamachines.com\/#organization"},"potentialAction":[{"@type":"SearchAction","target":{"@type":"EntryPoint","urlTemplate":"https:\/\/italiamachines.com\/?s={search_term_string}"},"query-input":{"@type":"PropertyValueSpecification","valueRequired":true,"valueName":"search_term_string"}}],"inLanguage":"en-US"},{"@type":"Organization","@id":"https:\/\/italiamachines.com\/#organization","name":"italiamachines","url":"https:\/\/italiamachines.com\/","logo":{"@type":"ImageObject","inLanguage":"en-US","@id":"https:\/\/italiamachines.com\/#\/schema\/logo\/image\/","url":"https:\/\/italiamachines.com\/wp-content\/uploads\/2023\/08\/logo-web-1.png","contentUrl":"https:\/\/italiamachines.com\/wp-content\/uploads\/2023\/08\/logo-web-1.png","width":977,"height":254,"caption":"italiamachines"},"image":{"@id":"https:\/\/italiamachines.com\/#\/schema\/logo\/image\/"},"sameAs":["https:\/\/web.facebook.com\/italiamachines\/","https:\/\/www.instagram.com\/italia.machines\/"]}]}},"_links":{"self":[{"href":"http:\/\/italiamachines.com\/en\/wp-json\/wp\/v2\/product\/5139","targetHints":{"allow":["GET"]}}],"collection":[{"href":"http:\/\/italiamachines.com\/en\/wp-json\/wp\/v2\/product"}],"about":[{"href":"http:\/\/italiamachines.com\/en\/wp-json\/wp\/v2\/types\/product"}],"replies":[{"embeddable":true,"href":"http:\/\/italiamachines.com\/en\/wp-json\/wp\/v2\/comments?post=5139"}],"wp:featuredmedia":[{"embeddable":true,"href":"http:\/\/italiamachines.com\/en\/wp-json\/wp\/v2\/media\/8956"}],"wp:attachment":[{"href":"http:\/\/italiamachines.com\/en\/wp-json\/wp\/v2\/media?parent=5139"}],"wp:term":[{"taxonomy":"product_cat","embeddable":true,"href":"http:\/\/italiamachines.com\/en\/wp-json\/wp\/v2\/product_cat?post=5139"},{"taxonomy":"product_tag","embeddable":true,"href":"http:\/\/italiamachines.com\/en\/wp-json\/wp\/v2\/product_tag?post=5139"}],"curies":[{"name":"wp","href":"https:\/\/api.w.org\/{rel}","templated":true}]}}