{"id":10974,"date":"2025-04-20T23:46:30","date_gmt":"2025-04-20T21:46:30","guid":{"rendered":"https:\/\/italiamachines.com\/?page_id=10974"},"modified":"2025-04-21T01:06:57","modified_gmt":"2025-04-20T23:06:57","slug":"projets-cafe-glacier","status":"publish","type":"page","link":"https:\/\/italiamachines.com\/en\/projets-cafe-glacier\/","title":{"rendered":"Projets Caf\u00e9, glacier"},"content":{"rendered":"<div data-elementor-type=\"wp-page\" data-elementor-id=\"10974\" class=\"elementor elementor-10974\">\n\t\t\t\t\t\t<section class=\"elementor-section elementor-top-section elementor-element elementor-element-b58f1b0 elementor-section-boxed elementor-section-height-default elementor-section-height-default\" data-id=\"b58f1b0\" data-element_type=\"section\">\n\t\t\t\t\t\t<div class=\"elementor-container elementor-column-gap-default\">\n\t\t\t\t\t<div class=\"elementor-column elementor-col-100 elementor-top-column elementor-element elementor-element-5840fcf\" data-id=\"5840fcf\" data-element_type=\"column\">\n\t\t\t<div class=\"elementor-widget-wrap elementor-element-populated\">\n\t\t\t\t\t\t<div class=\"elementor-element elementor-element-0b19da9 elementor-widget elementor-widget-heading\" data-id=\"0b19da9\" data-element_type=\"widget\" data-widget_type=\"heading.default\">\n\t\t\t\t<div class=\"elementor-widget-container\">\n\t\t\t\t\t<h2 class=\"elementor-heading-title elementor-size-default\">Dolce Seven - T\u00e9touan<\/h2>\t\t\t\t<\/div>\n\t\t\t\t<\/div>\n\t\t\t\t<div class=\"elementor-element elementor-element-0d18ac5 elementor-widget elementor-widget-video\" data-id=\"0d18ac5\" data-element_type=\"widget\" data-settings=\"{&quot;video_type&quot;:&quot;hosted&quot;,&quot;controls&quot;:&quot;yes&quot;}\" data-widget_type=\"video.default\">\n\t\t\t\t<div class=\"elementor-widget-container\">\n\t\t\t\t\t\t\t<div class=\"e-hosted-video elementor-wrapper elementor-open-inline\">\n\t\t\t\t\t<video class=\"elementor-video\" src=\"https:\/\/italiamachines.com\/wp-content\/uploads\/2025\/04\/AQPKoQCt4NO4VenpZ3PoL6VOnxB5-hpokEjvDKvliFNhOLrMvUuOgC8JBvMn3gvys4RLHQ9aw0bZFHEQtobTjq2P.mp4\" controls=\"\" preload=\"metadata\" controlslist=\"nodownload\"><\/video>\n\t\t\t\t<\/div>\n\t\t\t\t\t\t<\/div>\n\t\t\t\t<\/div>\n\t\t\t\t\t<\/div>\n\t\t<\/div>\n\t\t\t\t\t<\/div>\n\t\t<\/section>\n\t\t\t\t<section class=\"elementor-section elementor-top-section elementor-element elementor-element-dc2d4a1 elementor-section-boxed elementor-section-height-default elementor-section-height-default\" data-id=\"dc2d4a1\" data-element_type=\"section\">\n\t\t\t\t\t\t<div class=\"elementor-container elementor-column-gap-default\">\n\t\t\t\t\t<div class=\"elementor-column elementor-col-100 elementor-top-column elementor-element elementor-element-499320d\" data-id=\"499320d\" data-element_type=\"column\">\n\t\t\t<div class=\"elementor-widget-wrap elementor-element-populated\">\n\t\t\t\t\t\t<div class=\"elementor-element elementor-element-08d01f3 elementor-widget elementor-widget-heading\" data-id=\"08d01f3\" data-element_type=\"widget\" data-widget_type=\"heading.default\">\n\t\t\t\t<div class=\"elementor-widget-container\">\n\t\t\t\t\t<h2 class=\"elementor-heading-title elementor-size-default\">La Ruche dor\u00e9e - El Jadida<\/h2>\t\t\t\t<\/div>\n\t\t\t\t<\/div>\n\t\t\t\t<section class=\"elementor-section elementor-inner-section elementor-element elementor-element-fbb84c6 elementor-section-boxed elementor-section-height-default elementor-section-height-default\" data-id=\"fbb84c6\" data-element_type=\"section\">\n\t\t\t\t\t\t<div class=\"elementor-container elementor-column-gap-default\">\n\t\t\t\t\t<div class=\"elementor-column elementor-col-50 elementor-inner-column elementor-element elementor-element-1594545\" data-id=\"1594545\" data-element_type=\"column\">\n\t\t\t<div class=\"elementor-widget-wrap elementor-element-populated\">\n\t\t\t\t\t\t<div class=\"elementor-element elementor-element-fd6e697 elementor-widget elementor-widget-image\" data-id=\"fd6e697\" data-element_type=\"widget\" data-widget_type=\"image.default\">\n\t\t\t\t<div class=\"elementor-widget-container\">\n\t\t\t\t\t\t\t\t\t\t\t\t\t\t\t<img fetchpriority=\"high\" decoding=\"async\" width=\"720\" height=\"405\" src=\"https:\/\/italiamachines.com\/wp-content\/uploads\/2025\/04\/ruche-doree.jpg\" class=\"attachment-large size-large wp-image-10976\" alt=\"\" srcset=\"https:\/\/italiamachines.com\/wp-content\/uploads\/2025\/04\/ruche-doree.jpg 720w, https:\/\/italiamachines.com\/wp-content\/uploads\/2025\/04\/ruche-doree-300x169.jpg 300w, https:\/\/italiamachines.com\/wp-content\/uploads\/2025\/04\/ruche-doree-18x10.jpg 18w, https:\/\/italiamachines.com\/wp-content\/uploads\/2025\/04\/ruche-doree-370x208.jpg 370w, https:\/\/italiamachines.com\/wp-content\/uploads\/2025\/04\/ruche-doree-600x338.jpg 600w\" sizes=\"(max-width: 720px) 100vw, 720px\" \/>\t\t\t\t\t\t\t\t\t\t\t\t\t\t\t<\/div>\n\t\t\t\t<\/div>\n\t\t\t\t\t<\/div>\n\t\t<\/div>\n\t\t\t\t<div class=\"elementor-column elementor-col-50 elementor-inner-column elementor-element elementor-element-8a91a86\" data-id=\"8a91a86\" data-element_type=\"column\">\n\t\t\t<div class=\"elementor-widget-wrap\">\n\t\t\t\t\t\t\t<\/div>\n\t\t<\/div>\n\t\t\t\t\t<\/div>\n\t\t<\/section>\n\t\t\t\t\t<\/div>\n\t\t<\/div>\n\t\t\t\t\t<\/div>\n\t\t<\/section>\n\t\t\t\t<section class=\"elementor-section elementor-top-section elementor-element elementor-element-7fbad03 elementor-section-boxed elementor-section-height-default elementor-section-height-default\" data-id=\"7fbad03\" data-element_type=\"section\">\n\t\t\t\t\t\t<div class=\"elementor-container elementor-column-gap-default\">\n\t\t\t\t\t<div class=\"elementor-column elementor-col-100 elementor-top-column elementor-element elementor-element-35bb3e3\" data-id=\"35bb3e3\" data-element_type=\"column\">\n\t\t\t<div class=\"elementor-widget-wrap elementor-element-populated\">\n\t\t\t\t\t\t<div class=\"elementor-element elementor-element-5cb23a2 elementor-widget elementor-widget-heading\" data-id=\"5cb23a2\" data-element_type=\"widget\" data-widget_type=\"heading.default\">\n\t\t\t\t<div class=\"elementor-widget-container\">\n\t\t\t\t\t<h2 class=\"elementor-heading-title elementor-size-default\">Coin Vista - T\u00e9touan<\/h2>\t\t\t\t<\/div>\n\t\t\t\t<\/div>\n\t\t\t\t<section class=\"elementor-section elementor-inner-section elementor-element elementor-element-67758f5 elementor-section-boxed elementor-section-height-default elementor-section-height-default\" data-id=\"67758f5\" data-element_type=\"section\">\n\t\t\t\t\t\t<div class=\"elementor-container elementor-column-gap-default\">\n\t\t\t\t\t<div class=\"elementor-column elementor-col-66 elementor-inner-column elementor-element elementor-element-9c6fb17\" data-id=\"9c6fb17\" data-element_type=\"column\">\n\t\t\t<div class=\"elementor-widget-wrap elementor-element-populated\">\n\t\t\t\t\t\t<div class=\"elementor-element elementor-element-c193914 elementor-widget elementor-widget-image\" data-id=\"c193914\" data-element_type=\"widget\" data-widget_type=\"image.default\">\n\t\t\t\t<div class=\"elementor-widget-container\">\n\t\t\t\t\t\t\t\t\t\t\t\t\t\t\t<img decoding=\"async\" width=\"840\" height=\"473\" src=\"https:\/\/italiamachines.com\/wp-content\/uploads\/2025\/04\/coinvista-1024x576.jpg\" class=\"attachment-large size-large wp-image-11013\" alt=\"\" srcset=\"https:\/\/italiamachines.com\/wp-content\/uploads\/2025\/04\/coinvista-1024x576.jpg 1024w, https:\/\/italiamachines.com\/wp-content\/uploads\/2025\/04\/coinvista-300x169.jpg 300w, https:\/\/italiamachines.com\/wp-content\/uploads\/2025\/04\/coinvista-768x432.jpg 768w, https:\/\/italiamachines.com\/wp-content\/uploads\/2025\/04\/coinvista-18x10.jpg 18w, https:\/\/italiamachines.com\/wp-content\/uploads\/2025\/04\/coinvista-370x208.jpg 370w, https:\/\/italiamachines.com\/wp-content\/uploads\/2025\/04\/coinvista-600x338.jpg 600w, https:\/\/italiamachines.com\/wp-content\/uploads\/2025\/04\/coinvista.jpg 1280w\" sizes=\"(max-width: 840px) 100vw, 840px\" \/>\t\t\t\t\t\t\t\t\t\t\t\t\t\t\t<\/div>\n\t\t\t\t<\/div>\n\t\t\t\t\t<\/div>\n\t\t<\/div>\n\t\t\t\t<div class=\"elementor-column elementor-col-33 elementor-inner-column elementor-element elementor-element-888a5dc\" data-id=\"888a5dc\" data-element_type=\"column\">\n\t\t\t<div class=\"elementor-widget-wrap elementor-element-populated\">\n\t\t\t\t\t\t<div class=\"elementor-element elementor-element-cc65c34 elementor-widget elementor-widget-image\" data-id=\"cc65c34\" data-element_type=\"widget\" data-widget_type=\"image.default\">\n\t\t\t\t<div class=\"elementor-widget-container\">\n\t\t\t\t\t\t\t\t\t\t\t\t\t\t\t<img decoding=\"async\" width=\"768\" height=\"1020\" src=\"https:\/\/italiamachines.com\/wp-content\/uploads\/2025\/04\/vista.jpg\" class=\"attachment-large size-large wp-image-11012\" alt=\"\" srcset=\"https:\/\/italiamachines.com\/wp-content\/uploads\/2025\/04\/vista.jpg 768w, https:\/\/italiamachines.com\/wp-content\/uploads\/2025\/04\/vista-226x300.jpg 226w, https:\/\/italiamachines.com\/wp-content\/uploads\/2025\/04\/vista-9x12.jpg 9w, https:\/\/italiamachines.com\/wp-content\/uploads\/2025\/04\/vista-370x491.jpg 370w, https:\/\/italiamachines.com\/wp-content\/uploads\/2025\/04\/vista-600x797.jpg 600w\" sizes=\"(max-width: 768px) 100vw, 768px\" \/>\t\t\t\t\t\t\t\t\t\t\t\t\t\t\t<\/div>\n\t\t\t\t<\/div>\n\t\t\t\t\t<\/div>\n\t\t<\/div>\n\t\t\t\t\t<\/div>\n\t\t<\/section>\n\t\t\t\t\t<\/div>\n\t\t<\/div>\n\t\t\t\t\t<\/div>\n\t\t<\/section>\n\t\t\t\t<section class=\"elementor-section elementor-top-section elementor-element elementor-element-c125519 elementor-section-boxed elementor-section-height-default elementor-section-height-default\" data-id=\"c125519\" data-element_type=\"section\">\n\t\t\t\t\t\t<div class=\"elementor-container elementor-column-gap-default\">\n\t\t\t\t\t<div class=\"elementor-column elementor-col-100 elementor-top-column elementor-element elementor-element-f8d976a\" data-id=\"f8d976a\" data-element_type=\"column\">\n\t\t\t<div class=\"elementor-widget-wrap elementor-element-populated\">\n\t\t\t\t\t\t<div class=\"elementor-element elementor-element-8ac3bf6 elementor-widget elementor-widget-heading\" data-id=\"8ac3bf6\" data-element_type=\"widget\" data-widget_type=\"heading.default\">\n\t\t\t\t<div class=\"elementor-widget-container\">\n\t\t\t\t\t<h2 class=\"elementor-heading-title elementor-size-default\">El Horno - T\u00e9touan<\/h2>\t\t\t\t<\/div>\n\t\t\t\t<\/div>\n\t\t\t\t<section class=\"elementor-section elementor-inner-section elementor-element elementor-element-62cac5a elementor-section-boxed elementor-section-height-default elementor-section-height-default\" data-id=\"62cac5a\" data-element_type=\"section\">\n\t\t\t\t\t\t<div class=\"elementor-container elementor-column-gap-default\">\n\t\t\t\t\t<div class=\"elementor-column elementor-col-50 elementor-inner-column elementor-element elementor-element-29bd627\" data-id=\"29bd627\" data-element_type=\"column\">\n\t\t\t<div class=\"elementor-widget-wrap elementor-element-populated\">\n\t\t\t\t\t\t<div class=\"elementor-element elementor-element-e7ca152 elementor-widget elementor-widget-image\" data-id=\"e7ca152\" data-element_type=\"widget\" data-widget_type=\"image.default\">\n\t\t\t\t<div class=\"elementor-widget-container\">\n\t\t\t\t\t\t\t\t\t\t\t\t\t\t\t<img loading=\"lazy\" decoding=\"async\" width=\"790\" height=\"510\" src=\"https:\/\/italiamachines.com\/wp-content\/uploads\/2025\/04\/horno-790x510.jpg\" class=\"attachment-martfury-blog-list size-martfury-blog-list wp-image-11015\" alt=\"\" \/>\t\t\t\t\t\t\t\t\t\t\t\t\t\t\t<\/div>\n\t\t\t\t<\/div>\n\t\t\t\t\t<\/div>\n\t\t<\/div>\n\t\t\t\t<div class=\"elementor-column elementor-col-50 elementor-inner-column elementor-element elementor-element-d4236c5\" data-id=\"d4236c5\" data-element_type=\"column\">\n\t\t\t<div class=\"elementor-widget-wrap\">\n\t\t\t\t\t\t\t<\/div>\n\t\t<\/div>\n\t\t\t\t\t<\/div>\n\t\t<\/section>\n\t\t\t\t\t<\/div>\n\t\t<\/div>\n\t\t\t\t\t<\/div>\n\t\t<\/section>\n\t\t\t\t<section class=\"elementor-section elementor-top-section elementor-element elementor-element-54529ea elementor-section-boxed elementor-section-height-default elementor-section-height-default\" data-id=\"54529ea\" data-element_type=\"section\">\n\t\t\t\t\t\t<div class=\"elementor-container elementor-column-gap-default\">\n\t\t\t\t\t<div class=\"elementor-column elementor-col-100 elementor-top-column elementor-element elementor-element-55cb04f\" data-id=\"55cb04f\" data-element_type=\"column\">\n\t\t\t<div class=\"elementor-widget-wrap elementor-element-populated\">\n\t\t\t\t\t\t<div class=\"elementor-element elementor-element-b3b9176 elementor-widget elementor-widget-heading\" data-id=\"b3b9176\" data-element_type=\"widget\" data-widget_type=\"heading.default\">\n\t\t\t\t<div class=\"elementor-widget-container\">\n\t\t\t\t\t<h2 class=\"elementor-heading-title elementor-size-default\">My Story - T\u00e9touan<\/h2>\t\t\t\t<\/div>\n\t\t\t\t<\/div>\n\t\t\t\t<section class=\"elementor-section elementor-inner-section elementor-element elementor-element-1c3595f elementor-section-boxed elementor-section-height-default elementor-section-height-default\" data-id=\"1c3595f\" data-element_type=\"section\">\n\t\t\t\t\t\t<div class=\"elementor-container elementor-column-gap-default\">\n\t\t\t\t\t<div class=\"elementor-column elementor-col-50 elementor-inner-column elementor-element elementor-element-2197cb1\" data-id=\"2197cb1\" data-element_type=\"column\">\n\t\t\t<div class=\"elementor-widget-wrap elementor-element-populated\">\n\t\t\t\t\t\t<div class=\"elementor-element elementor-element-309dde1 elementor-widget elementor-widget-image\" data-id=\"309dde1\" data-element_type=\"widget\" data-widget_type=\"image.default\">\n\t\t\t\t<div class=\"elementor-widget-container\">\n\t\t\t\t\t\t\t\t\t\t\t\t\t\t\t<img loading=\"lazy\" decoding=\"async\" width=\"840\" height=\"473\" src=\"https:\/\/italiamachines.com\/wp-content\/uploads\/2025\/04\/mystory.jpg\" class=\"attachment-large size-large wp-image-11017\" alt=\"\" srcset=\"https:\/\/italiamachines.com\/wp-content\/uploads\/2025\/04\/mystory.jpg 960w, https:\/\/italiamachines.com\/wp-content\/uploads\/2025\/04\/mystory-300x169.jpg 300w, https:\/\/italiamachines.com\/wp-content\/uploads\/2025\/04\/mystory-768x432.jpg 768w, https:\/\/italiamachines.com\/wp-content\/uploads\/2025\/04\/mystory-18x10.jpg 18w, https:\/\/italiamachines.com\/wp-content\/uploads\/2025\/04\/mystory-370x208.jpg 370w, https:\/\/italiamachines.com\/wp-content\/uploads\/2025\/04\/mystory-600x338.jpg 600w\" sizes=\"(max-width: 840px) 100vw, 840px\" \/>\t\t\t\t\t\t\t\t\t\t\t\t\t\t\t<\/div>\n\t\t\t\t<\/div>\n\t\t\t\t\t<\/div>\n\t\t<\/div>\n\t\t\t\t<div class=\"elementor-column elementor-col-50 elementor-inner-column elementor-element elementor-element-e80585f\" data-id=\"e80585f\" data-element_type=\"column\">\n\t\t\t<div class=\"elementor-widget-wrap\">\n\t\t\t\t\t\t\t<\/div>\n\t\t<\/div>\n\t\t\t\t\t<\/div>\n\t\t<\/section>\n\t\t\t\t\t<\/div>\n\t\t<\/div>\n\t\t\t\t\t<\/div>\n\t\t<\/section>\n\t\t\t\t<\/div>","protected":false},"excerpt":{"rendered":"<p>Dolce Seven &#8211; T\u00e9touan https:\/\/italiamachines.com\/wp-content\/uploads\/2025\/04\/AQPKoQCt4NO4VenpZ3PoL6VOnxB5-hpokEjvDKvliFNhOLrMvUuOgC8JBvMn3gvys4RLHQ9aw0bZFHEQtobTjq2P.mp4 La Ruche dor\u00e9e &#8211; El Jadida Coin Vista &#8211; T\u00e9touan El Horno &#8211; T\u00e9touan My Story &#8211; T\u00e9touan<\/p>","protected":false},"author":1,"featured_media":0,"parent":0,"menu_order":0,"comment_status":"closed","ping_status":"closed","template":"","meta":{"footnotes":""},"class_list":["post-10974","page","type-page","status-publish","hentry"],"yoast_head":"<!-- This site is optimized with the Yoast SEO plugin v26.6 - https:\/\/yoast.com\/wordpress\/plugins\/seo\/ -->\n<title>Projets Caf\u00e9, glacier | Italia Machines<\/title>\n<meta name=\"robots\" content=\"index, follow, max-snippet:-1, max-image-preview:large, max-video-preview:-1\" \/>\n<link rel=\"canonical\" href=\"https:\/\/italiamachines.com\/en\/projets-cafe-glacier\/\" \/>\n<meta property=\"og:locale\" content=\"en_US\" \/>\n<meta property=\"og:type\" content=\"article\" \/>\n<meta property=\"og:title\" content=\"Projets Caf\u00e9, glacier | Italia Machines\" \/>\n<meta property=\"og:description\" content=\"Dolce Seven &#8211; T\u00e9touan https:\/\/italiamachines.com\/wp-content\/uploads\/2025\/04\/AQPKoQCt4NO4VenpZ3PoL6VOnxB5-hpokEjvDKvliFNhOLrMvUuOgC8JBvMn3gvys4RLHQ9aw0bZFHEQtobTjq2P.mp4 La Ruche dor\u00e9e &#8211; El Jadida Coin Vista &#8211; T\u00e9touan El Horno &#8211; T\u00e9touan My Story &#8211; T\u00e9touan\" \/>\n<meta property=\"og:url\" content=\"https:\/\/italiamachines.com\/en\/projets-cafe-glacier\/\" \/>\n<meta property=\"og:site_name\" content=\"Italia Machines\" \/>\n<meta property=\"article:publisher\" content=\"https:\/\/web.facebook.com\/italiamachines\/\" \/>\n<meta property=\"article:modified_time\" content=\"2025-04-20T23:06:57+00:00\" \/>\n<meta property=\"og:image\" content=\"https:\/\/italiamachines.com\/wp-content\/uploads\/2025\/04\/ruche-doree.jpg\" \/>\n\t<meta property=\"og:image:width\" content=\"720\" \/>\n\t<meta property=\"og:image:height\" content=\"405\" \/>\n\t<meta property=\"og:image:type\" content=\"image\/jpeg\" \/>\n<meta name=\"twitter:card\" content=\"summary_large_image\" \/>\n<meta name=\"twitter:label1\" content=\"Est. reading time\" \/>\n\t<meta name=\"twitter:data1\" content=\"2 minutes\" \/>\n<script type=\"application\/ld+json\" class=\"yoast-schema-graph\">{\"@context\":\"https:\/\/schema.org\",\"@graph\":[{\"@type\":\"WebPage\",\"@id\":\"https:\/\/italiamachines.com\/projets-cafe-glacier\/\",\"url\":\"https:\/\/italiamachines.com\/projets-cafe-glacier\/\",\"name\":\"Projets Caf\u00e9, glacier | Italia Machines\",\"isPartOf\":{\"@id\":\"https:\/\/italiamachines.com\/#website\"},\"primaryImageOfPage\":{\"@id\":\"https:\/\/italiamachines.com\/projets-cafe-glacier\/#primaryimage\"},\"image\":{\"@id\":\"https:\/\/italiamachines.com\/projets-cafe-glacier\/#primaryimage\"},\"thumbnailUrl\":\"https:\/\/italiamachines.com\/wp-content\/uploads\/2025\/04\/ruche-doree.jpg\",\"datePublished\":\"2025-04-20T21:46:30+00:00\",\"dateModified\":\"2025-04-20T23:06:57+00:00\",\"breadcrumb\":{\"@id\":\"https:\/\/italiamachines.com\/projets-cafe-glacier\/#breadcrumb\"},\"inLanguage\":\"en-US\",\"potentialAction\":[{\"@type\":\"ReadAction\",\"target\":[\"https:\/\/italiamachines.com\/projets-cafe-glacier\/\"]}]},{\"@type\":\"ImageObject\",\"inLanguage\":\"en-US\",\"@id\":\"https:\/\/italiamachines.com\/projets-cafe-glacier\/#primaryimage\",\"url\":\"https:\/\/italiamachines.com\/wp-content\/uploads\/2025\/04\/ruche-doree.jpg\",\"contentUrl\":\"https:\/\/italiamachines.com\/wp-content\/uploads\/2025\/04\/ruche-doree.jpg\"},{\"@type\":\"BreadcrumbList\",\"@id\":\"https:\/\/italiamachines.com\/projets-cafe-glacier\/#breadcrumb\",\"itemListElement\":[{\"@type\":\"ListItem\",\"position\":1,\"name\":\"Accueil\",\"item\":\"https:\/\/italiamachines.com\/fr_fr\/\"},{\"@type\":\"ListItem\",\"position\":2,\"name\":\"Projets Caf\u00e9, glacier\"}]},{\"@type\":\"WebSite\",\"@id\":\"https:\/\/italiamachines.com\/#website\",\"url\":\"https:\/\/italiamachines.com\/\",\"name\":\"Italia Machines\",\"description\":\"L&#039;art de l&#039;\u00e9quipement HORECA\",\"publisher\":{\"@id\":\"https:\/\/italiamachines.com\/#organization\"},\"potentialAction\":[{\"@type\":\"SearchAction\",\"target\":{\"@type\":\"EntryPoint\",\"urlTemplate\":\"https:\/\/italiamachines.com\/?s={search_term_string}\"},\"query-input\":{\"@type\":\"PropertyValueSpecification\",\"valueRequired\":true,\"valueName\":\"search_term_string\"}}],\"inLanguage\":\"en-US\"},{\"@type\":\"Organization\",\"@id\":\"https:\/\/italiamachines.com\/#organization\",\"name\":\"italiamachines\",\"url\":\"https:\/\/italiamachines.com\/\",\"logo\":{\"@type\":\"ImageObject\",\"inLanguage\":\"en-US\",\"@id\":\"https:\/\/italiamachines.com\/#\/schema\/logo\/image\/\",\"url\":\"https:\/\/italiamachines.com\/wp-content\/uploads\/2023\/08\/logo-web-1.png\",\"contentUrl\":\"https:\/\/italiamachines.com\/wp-content\/uploads\/2023\/08\/logo-web-1.png\",\"width\":977,\"height\":254,\"caption\":\"italiamachines\"},\"image\":{\"@id\":\"https:\/\/italiamachines.com\/#\/schema\/logo\/image\/\"},\"sameAs\":[\"https:\/\/web.facebook.com\/italiamachines\/\",\"https:\/\/www.instagram.com\/italia.machines\/\"]}]}<\/script>\n<!-- \/ Yoast SEO plugin. -->","yoast_head_json":{"title":"Projets Caf\u00e9, glacier | Italia Machines","robots":{"index":"index","follow":"follow","max-snippet":"max-snippet:-1","max-image-preview":"max-image-preview:large","max-video-preview":"max-video-preview:-1"},"canonical":"https:\/\/italiamachines.com\/en\/projets-cafe-glacier\/","og_locale":"en_US","og_type":"article","og_title":"Projets Caf\u00e9, glacier | Italia Machines","og_description":"Dolce Seven &#8211; T\u00e9touan https:\/\/italiamachines.com\/wp-content\/uploads\/2025\/04\/AQPKoQCt4NO4VenpZ3PoL6VOnxB5-hpokEjvDKvliFNhOLrMvUuOgC8JBvMn3gvys4RLHQ9aw0bZFHEQtobTjq2P.mp4 La Ruche dor\u00e9e &#8211; El Jadida Coin Vista &#8211; T\u00e9touan El Horno &#8211; T\u00e9touan My Story &#8211; T\u00e9touan","og_url":"https:\/\/italiamachines.com\/en\/projets-cafe-glacier\/","og_site_name":"Italia Machines","article_publisher":"https:\/\/web.facebook.com\/italiamachines\/","article_modified_time":"2025-04-20T23:06:57+00:00","og_image":[{"width":720,"height":405,"url":"https:\/\/italiamachines.com\/wp-content\/uploads\/2025\/04\/ruche-doree.jpg","type":"image\/jpeg"}],"twitter_card":"summary_large_image","twitter_misc":{"Est. reading time":"2 minutes"},"schema":{"@context":"https:\/\/schema.org","@graph":[{"@type":"WebPage","@id":"https:\/\/italiamachines.com\/projets-cafe-glacier\/","url":"https:\/\/italiamachines.com\/projets-cafe-glacier\/","name":"Projets Caf\u00e9, glacier | Italia Machines","isPartOf":{"@id":"https:\/\/italiamachines.com\/#website"},"primaryImageOfPage":{"@id":"https:\/\/italiamachines.com\/projets-cafe-glacier\/#primaryimage"},"image":{"@id":"https:\/\/italiamachines.com\/projets-cafe-glacier\/#primaryimage"},"thumbnailUrl":"https:\/\/italiamachines.com\/wp-content\/uploads\/2025\/04\/ruche-doree.jpg","datePublished":"2025-04-20T21:46:30+00:00","dateModified":"2025-04-20T23:06:57+00:00","breadcrumb":{"@id":"https:\/\/italiamachines.com\/projets-cafe-glacier\/#breadcrumb"},"inLanguage":"en-US","potentialAction":[{"@type":"ReadAction","target":["https:\/\/italiamachines.com\/projets-cafe-glacier\/"]}]},{"@type":"ImageObject","inLanguage":"en-US","@id":"https:\/\/italiamachines.com\/projets-cafe-glacier\/#primaryimage","url":"https:\/\/italiamachines.com\/wp-content\/uploads\/2025\/04\/ruche-doree.jpg","contentUrl":"https:\/\/italiamachines.com\/wp-content\/uploads\/2025\/04\/ruche-doree.jpg"},{"@type":"BreadcrumbList","@id":"https:\/\/italiamachines.com\/projets-cafe-glacier\/#breadcrumb","itemListElement":[{"@type":"ListItem","position":1,"name":"Accueil","item":"https:\/\/italiamachines.com\/fr_fr\/"},{"@type":"ListItem","position":2,"name":"Projets Caf\u00e9, glacier"}]},{"@type":"WebSite","@id":"https:\/\/italiamachines.com\/#website","url":"https:\/\/italiamachines.com\/","name":"Italia Machines","description":"L&#039;art de l&#039;\u00e9quipement HORECA","publisher":{"@id":"https:\/\/italiamachines.com\/#organization"},"potentialAction":[{"@type":"SearchAction","target":{"@type":"EntryPoint","urlTemplate":"https:\/\/italiamachines.com\/?s={search_term_string}"},"query-input":{"@type":"PropertyValueSpecification","valueRequired":true,"valueName":"search_term_string"}}],"inLanguage":"en-US"},{"@type":"Organization","@id":"https:\/\/italiamachines.com\/#organization","name":"italiamachines","url":"https:\/\/italiamachines.com\/","logo":{"@type":"ImageObject","inLanguage":"en-US","@id":"https:\/\/italiamachines.com\/#\/schema\/logo\/image\/","url":"https:\/\/italiamachines.com\/wp-content\/uploads\/2023\/08\/logo-web-1.png","contentUrl":"https:\/\/italiamachines.com\/wp-content\/uploads\/2023\/08\/logo-web-1.png","width":977,"height":254,"caption":"italiamachines"},"image":{"@id":"https:\/\/italiamachines.com\/#\/schema\/logo\/image\/"},"sameAs":["https:\/\/web.facebook.com\/italiamachines\/","https:\/\/www.instagram.com\/italia.machines\/"]}]}},"_links":{"self":[{"href":"https:\/\/italiamachines.com\/en\/wp-json\/wp\/v2\/pages\/10974","targetHints":{"allow":["GET"]}}],"collection":[{"href":"https:\/\/italiamachines.com\/en\/wp-json\/wp\/v2\/pages"}],"about":[{"href":"https:\/\/italiamachines.com\/en\/wp-json\/wp\/v2\/types\/page"}],"author":[{"embeddable":true,"href":"https:\/\/italiamachines.com\/en\/wp-json\/wp\/v2\/users\/1"}],"replies":[{"embeddable":true,"href":"https:\/\/italiamachines.com\/en\/wp-json\/wp\/v2\/comments?post=10974"}],"version-history":[{"count":13,"href":"https:\/\/italiamachines.com\/en\/wp-json\/wp\/v2\/pages\/10974\/revisions"}],"predecessor-version":[{"id":11023,"href":"https:\/\/italiamachines.com\/en\/wp-json\/wp\/v2\/pages\/10974\/revisions\/11023"}],"wp:attachment":[{"href":"https:\/\/italiamachines.com\/en\/wp-json\/wp\/v2\/media?parent=10974"}],"curies":[{"name":"wp","href":"https:\/\/api.w.org\/{rel}","templated":true}]}}