{"id":10640,"date":"2025-04-12T21:18:29","date_gmt":"2025-04-12T19:18:29","guid":{"rendered":"https:\/\/italiamachines.com\/?post_type=product&#038;p=10640"},"modified":"2025-04-12T21:34:31","modified_gmt":"2025-04-12T19:34:31","slug":"marmite-electrique-indirecte-50-l-par-offcar","status":"publish","type":"product","link":"https:\/\/italiamachines.com\/en\/boutique\/restaurant-snack-et-pizzeria\/cuisson\/marmite\/marmite-electrique-indirecte-50-l-par-offcar\/","title":{"rendered":"Marmite \u00e9lectrique indirecte 50 L par Offcar"},"content":{"rendered":"<p>Surface en acier inoxydable 304<br \/>\nCuve calorifuge\u0301e avec des panneaux en fibre de verre avec le fond en acier AISI 316<br \/>\nCouvercle culot  \u00e0 ba\u00efonnette avec une poigne\u0301e athermique<br \/>\nCuve \u00e0 50 litres<br \/>\nGroupe de remplissage de la cuve en laiton chrome\u0301<br \/>\nRobinet frontal de vidange en laiton chrome\u0301 avec poigne\u0301e athermique<br \/>\nCuve avec rainure<br \/>\nVisualisation de la pression dans la gaine moyennant un manome\u0300tre<br \/>\nRobinet pour le contro\u0302le du niveau<br \/>\nChauffage \u00e9lectronique indirecte, avec re\u0301sistances blinde\u0301es INCOLOY sur  fond int\u00e9rieur de la cuve<br \/>\nRe\u0301glage thermostatique de la tempe\u0301rature de 30 \u00b0C a\u0300 110 \u00b0C<br \/>\nThermostat de s\u00e9curit\u00e9 \u00e0 r\u00e9armement manuel<\/p>\n<p>Dimensions: 800x730x900<br \/>\nPuissance \u00c9lectrique kW: 9<br \/>\nRaccordment \u00c9lectrique: VAC400-3N 50\/60Hz<\/p>","protected":false},"excerpt":{"rendered":"<p>Surface en acier inoxydable 304 Cuve calorifuge\u0301e avec des panneaux en fibre de verre avec le fond en acier AISI 316 Couvercle culot \u00e0 ba\u00efonnette avec une poigne\u0301e athermique Cuve \u00e0 50 litres Groupe de remplissage de la cuve en laiton chrome\u0301 Robinet frontal de vidange en laiton chrome\u0301 avec poigne\u0301e athermique Cuve avec rainure&hellip;<\/p>","protected":false},"featured_media":10641,"comment_status":"open","ping_status":"closed","template":"","meta":[],"product_cat":[171,215,112],"product_tag":[],"class_list":{"0":"post-10640","1":"product","2":"type-product","3":"status-publish","4":"has-post-thumbnail","6":"product_cat-cuisson","7":"product_cat-marmite","8":"product_cat-restaurant-snack-et-pizzeria","10":"first","11":"instock","12":"shipping-taxable","13":"purchasable","14":"product-type-simple","15":"col-xs-6 col-sm-4","16":"col-md-3 col-lg-3","17":"un-4-cols"},"yoast_head":"<!-- This site is optimized with the Yoast SEO plugin v26.6 - https:\/\/yoast.com\/wordpress\/plugins\/seo\/ -->\n<title>Marmite \u00e9lectrique indirecte 50 L par Offcar | Italia Machines<\/title>\n<meta name=\"robots\" content=\"index, follow, max-snippet:-1, max-image-preview:large, max-video-preview:-1\" \/>\n<link rel=\"canonical\" href=\"https:\/\/italiamachines.com\/en\/boutique\/restaurant-snack-et-pizzeria\/cuisson\/marmite\/marmite-electrique-indirecte-50-l-par-offcar\/\" \/>\n<meta property=\"og:locale\" content=\"en_US\" \/>\n<meta property=\"og:type\" content=\"article\" \/>\n<meta property=\"og:title\" content=\"Marmite \u00e9lectrique indirecte 50 L par Offcar | Italia Machines\" \/>\n<meta property=\"og:description\" content=\"Surface en acier inoxydable 304 Cuve calorifuge\u0301e avec des panneaux en fibre de verre avec le fond en acier AISI 316 Couvercle culot \u00e0 ba\u00efonnette avec une poigne\u0301e athermique Cuve \u00e0 50 litres Groupe de remplissage de la cuve en laiton chrome\u0301 Robinet frontal de vidange en laiton chrome\u0301 avec poigne\u0301e athermique Cuve avec rainure&hellip;\" \/>\n<meta property=\"og:url\" content=\"https:\/\/italiamachines.com\/en\/boutique\/restaurant-snack-et-pizzeria\/cuisson\/marmite\/marmite-electrique-indirecte-50-l-par-offcar\/\" \/>\n<meta property=\"og:site_name\" content=\"Italia Machines\" \/>\n<meta property=\"article:publisher\" content=\"https:\/\/web.facebook.com\/italiamachines\/\" \/>\n<meta property=\"article:modified_time\" content=\"2025-04-12T19:34:31+00:00\" \/>\n<meta property=\"og:image\" content=\"https:\/\/italiamachines.com\/wp-content\/uploads\/2025\/04\/7PQE50I.jpg\" \/>\n\t<meta property=\"og:image:width\" content=\"800\" \/>\n\t<meta property=\"og:image:height\" content=\"800\" \/>\n\t<meta property=\"og:image:type\" content=\"image\/jpeg\" \/>\n<meta name=\"twitter:card\" content=\"summary_large_image\" \/>\n<meta name=\"twitter:label1\" content=\"Est. reading time\" \/>\n\t<meta name=\"twitter:data1\" content=\"1 minute\" \/>\n<script type=\"application\/ld+json\" class=\"yoast-schema-graph\">{\"@context\":\"https:\/\/schema.org\",\"@graph\":[{\"@type\":\"WebPage\",\"@id\":\"https:\/\/italiamachines.com\/boutique\/restaurant-snack-et-pizzeria\/cuisson\/marmite\/marmite-electrique-indirecte-50-l-par-offcar\/\",\"url\":\"https:\/\/italiamachines.com\/boutique\/restaurant-snack-et-pizzeria\/cuisson\/marmite\/marmite-electrique-indirecte-50-l-par-offcar\/\",\"name\":\"Marmite \u00e9lectrique indirecte 50 L par Offcar | Italia Machines\",\"isPartOf\":{\"@id\":\"https:\/\/italiamachines.com\/#website\"},\"primaryImageOfPage\":{\"@id\":\"https:\/\/italiamachines.com\/boutique\/restaurant-snack-et-pizzeria\/cuisson\/marmite\/marmite-electrique-indirecte-50-l-par-offcar\/#primaryimage\"},\"image\":{\"@id\":\"https:\/\/italiamachines.com\/boutique\/restaurant-snack-et-pizzeria\/cuisson\/marmite\/marmite-electrique-indirecte-50-l-par-offcar\/#primaryimage\"},\"thumbnailUrl\":\"https:\/\/italiamachines.com\/wp-content\/uploads\/2025\/04\/7PQE50I.jpg\",\"datePublished\":\"2025-04-12T19:18:29+00:00\",\"dateModified\":\"2025-04-12T19:34:31+00:00\",\"breadcrumb\":{\"@id\":\"https:\/\/italiamachines.com\/boutique\/restaurant-snack-et-pizzeria\/cuisson\/marmite\/marmite-electrique-indirecte-50-l-par-offcar\/#breadcrumb\"},\"inLanguage\":\"en-US\",\"potentialAction\":[{\"@type\":\"ReadAction\",\"target\":[\"https:\/\/italiamachines.com\/boutique\/restaurant-snack-et-pizzeria\/cuisson\/marmite\/marmite-electrique-indirecte-50-l-par-offcar\/\"]}]},{\"@type\":\"ImageObject\",\"inLanguage\":\"en-US\",\"@id\":\"https:\/\/italiamachines.com\/boutique\/restaurant-snack-et-pizzeria\/cuisson\/marmite\/marmite-electrique-indirecte-50-l-par-offcar\/#primaryimage\",\"url\":\"https:\/\/italiamachines.com\/wp-content\/uploads\/2025\/04\/7PQE50I.jpg\",\"contentUrl\":\"https:\/\/italiamachines.com\/wp-content\/uploads\/2025\/04\/7PQE50I.jpg\",\"width\":800,\"height\":800},{\"@type\":\"BreadcrumbList\",\"@id\":\"https:\/\/italiamachines.com\/boutique\/restaurant-snack-et-pizzeria\/cuisson\/marmite\/marmite-electrique-indirecte-50-l-par-offcar\/#breadcrumb\",\"itemListElement\":[{\"@type\":\"ListItem\",\"position\":1,\"name\":\"Accueil\",\"item\":\"https:\/\/italiamachines.com\/fr_fr\/\"},{\"@type\":\"ListItem\",\"position\":2,\"name\":\"Boutique\",\"item\":\"https:\/\/italiamachines.com\/boutique\/\"},{\"@type\":\"ListItem\",\"position\":3,\"name\":\"Marmite \u00e9lectrique indirecte 50 L par Offcar\"}]},{\"@type\":\"WebSite\",\"@id\":\"https:\/\/italiamachines.com\/#website\",\"url\":\"https:\/\/italiamachines.com\/\",\"name\":\"Italia Machines\",\"description\":\"L&#039;art de l&#039;\u00e9quipement HORECA\",\"publisher\":{\"@id\":\"https:\/\/italiamachines.com\/#organization\"},\"potentialAction\":[{\"@type\":\"SearchAction\",\"target\":{\"@type\":\"EntryPoint\",\"urlTemplate\":\"https:\/\/italiamachines.com\/?s={search_term_string}\"},\"query-input\":{\"@type\":\"PropertyValueSpecification\",\"valueRequired\":true,\"valueName\":\"search_term_string\"}}],\"inLanguage\":\"en-US\"},{\"@type\":\"Organization\",\"@id\":\"https:\/\/italiamachines.com\/#organization\",\"name\":\"italiamachines\",\"url\":\"https:\/\/italiamachines.com\/\",\"logo\":{\"@type\":\"ImageObject\",\"inLanguage\":\"en-US\",\"@id\":\"https:\/\/italiamachines.com\/#\/schema\/logo\/image\/\",\"url\":\"https:\/\/italiamachines.com\/wp-content\/uploads\/2023\/08\/logo-web-1.png\",\"contentUrl\":\"https:\/\/italiamachines.com\/wp-content\/uploads\/2023\/08\/logo-web-1.png\",\"width\":977,\"height\":254,\"caption\":\"italiamachines\"},\"image\":{\"@id\":\"https:\/\/italiamachines.com\/#\/schema\/logo\/image\/\"},\"sameAs\":[\"https:\/\/web.facebook.com\/italiamachines\/\",\"https:\/\/www.instagram.com\/italia.machines\/\"]}]}<\/script>\n<!-- \/ Yoast SEO plugin. -->","yoast_head_json":{"title":"Marmite \u00e9lectrique indirecte 50 L par Offcar | Italia Machines","robots":{"index":"index","follow":"follow","max-snippet":"max-snippet:-1","max-image-preview":"max-image-preview:large","max-video-preview":"max-video-preview:-1"},"canonical":"https:\/\/italiamachines.com\/en\/boutique\/restaurant-snack-et-pizzeria\/cuisson\/marmite\/marmite-electrique-indirecte-50-l-par-offcar\/","og_locale":"en_US","og_type":"article","og_title":"Marmite \u00e9lectrique indirecte 50 L par Offcar | Italia Machines","og_description":"Surface en acier inoxydable 304 Cuve calorifuge\u0301e avec des panneaux en fibre de verre avec le fond en acier AISI 316 Couvercle culot \u00e0 ba\u00efonnette avec une poigne\u0301e athermique Cuve \u00e0 50 litres Groupe de remplissage de la cuve en laiton chrome\u0301 Robinet frontal de vidange en laiton chrome\u0301 avec poigne\u0301e athermique Cuve avec rainure&hellip;","og_url":"https:\/\/italiamachines.com\/en\/boutique\/restaurant-snack-et-pizzeria\/cuisson\/marmite\/marmite-electrique-indirecte-50-l-par-offcar\/","og_site_name":"Italia Machines","article_publisher":"https:\/\/web.facebook.com\/italiamachines\/","article_modified_time":"2025-04-12T19:34:31+00:00","og_image":[{"width":800,"height":800,"url":"https:\/\/italiamachines.com\/wp-content\/uploads\/2025\/04\/7PQE50I.jpg","type":"image\/jpeg"}],"twitter_card":"summary_large_image","twitter_misc":{"Est. reading time":"1 minute"},"schema":{"@context":"https:\/\/schema.org","@graph":[{"@type":"WebPage","@id":"https:\/\/italiamachines.com\/boutique\/restaurant-snack-et-pizzeria\/cuisson\/marmite\/marmite-electrique-indirecte-50-l-par-offcar\/","url":"https:\/\/italiamachines.com\/boutique\/restaurant-snack-et-pizzeria\/cuisson\/marmite\/marmite-electrique-indirecte-50-l-par-offcar\/","name":"Marmite \u00e9lectrique indirecte 50 L par Offcar | Italia Machines","isPartOf":{"@id":"https:\/\/italiamachines.com\/#website"},"primaryImageOfPage":{"@id":"https:\/\/italiamachines.com\/boutique\/restaurant-snack-et-pizzeria\/cuisson\/marmite\/marmite-electrique-indirecte-50-l-par-offcar\/#primaryimage"},"image":{"@id":"https:\/\/italiamachines.com\/boutique\/restaurant-snack-et-pizzeria\/cuisson\/marmite\/marmite-electrique-indirecte-50-l-par-offcar\/#primaryimage"},"thumbnailUrl":"https:\/\/italiamachines.com\/wp-content\/uploads\/2025\/04\/7PQE50I.jpg","datePublished":"2025-04-12T19:18:29+00:00","dateModified":"2025-04-12T19:34:31+00:00","breadcrumb":{"@id":"https:\/\/italiamachines.com\/boutique\/restaurant-snack-et-pizzeria\/cuisson\/marmite\/marmite-electrique-indirecte-50-l-par-offcar\/#breadcrumb"},"inLanguage":"en-US","potentialAction":[{"@type":"ReadAction","target":["https:\/\/italiamachines.com\/boutique\/restaurant-snack-et-pizzeria\/cuisson\/marmite\/marmite-electrique-indirecte-50-l-par-offcar\/"]}]},{"@type":"ImageObject","inLanguage":"en-US","@id":"https:\/\/italiamachines.com\/boutique\/restaurant-snack-et-pizzeria\/cuisson\/marmite\/marmite-electrique-indirecte-50-l-par-offcar\/#primaryimage","url":"https:\/\/italiamachines.com\/wp-content\/uploads\/2025\/04\/7PQE50I.jpg","contentUrl":"https:\/\/italiamachines.com\/wp-content\/uploads\/2025\/04\/7PQE50I.jpg","width":800,"height":800},{"@type":"BreadcrumbList","@id":"https:\/\/italiamachines.com\/boutique\/restaurant-snack-et-pizzeria\/cuisson\/marmite\/marmite-electrique-indirecte-50-l-par-offcar\/#breadcrumb","itemListElement":[{"@type":"ListItem","position":1,"name":"Accueil","item":"https:\/\/italiamachines.com\/fr_fr\/"},{"@type":"ListItem","position":2,"name":"Boutique","item":"https:\/\/italiamachines.com\/boutique\/"},{"@type":"ListItem","position":3,"name":"Marmite \u00e9lectrique indirecte 50 L par Offcar"}]},{"@type":"WebSite","@id":"https:\/\/italiamachines.com\/#website","url":"https:\/\/italiamachines.com\/","name":"Italia Machines","description":"L&#039;art de l&#039;\u00e9quipement HORECA","publisher":{"@id":"https:\/\/italiamachines.com\/#organization"},"potentialAction":[{"@type":"SearchAction","target":{"@type":"EntryPoint","urlTemplate":"https:\/\/italiamachines.com\/?s={search_term_string}"},"query-input":{"@type":"PropertyValueSpecification","valueRequired":true,"valueName":"search_term_string"}}],"inLanguage":"en-US"},{"@type":"Organization","@id":"https:\/\/italiamachines.com\/#organization","name":"italiamachines","url":"https:\/\/italiamachines.com\/","logo":{"@type":"ImageObject","inLanguage":"en-US","@id":"https:\/\/italiamachines.com\/#\/schema\/logo\/image\/","url":"https:\/\/italiamachines.com\/wp-content\/uploads\/2023\/08\/logo-web-1.png","contentUrl":"https:\/\/italiamachines.com\/wp-content\/uploads\/2023\/08\/logo-web-1.png","width":977,"height":254,"caption":"italiamachines"},"image":{"@id":"https:\/\/italiamachines.com\/#\/schema\/logo\/image\/"},"sameAs":["https:\/\/web.facebook.com\/italiamachines\/","https:\/\/www.instagram.com\/italia.machines\/"]}]}},"_links":{"self":[{"href":"https:\/\/italiamachines.com\/en\/wp-json\/wp\/v2\/product\/10640","targetHints":{"allow":["GET"]}}],"collection":[{"href":"https:\/\/italiamachines.com\/en\/wp-json\/wp\/v2\/product"}],"about":[{"href":"https:\/\/italiamachines.com\/en\/wp-json\/wp\/v2\/types\/product"}],"replies":[{"embeddable":true,"href":"https:\/\/italiamachines.com\/en\/wp-json\/wp\/v2\/comments?post=10640"}],"wp:featuredmedia":[{"embeddable":true,"href":"https:\/\/italiamachines.com\/en\/wp-json\/wp\/v2\/media\/10641"}],"wp:attachment":[{"href":"https:\/\/italiamachines.com\/en\/wp-json\/wp\/v2\/media?parent=10640"}],"wp:term":[{"taxonomy":"product_cat","embeddable":true,"href":"https:\/\/italiamachines.com\/en\/wp-json\/wp\/v2\/product_cat?post=10640"},{"taxonomy":"product_tag","embeddable":true,"href":"https:\/\/italiamachines.com\/en\/wp-json\/wp\/v2\/product_tag?post=10640"}],"curies":[{"name":"wp","href":"https:\/\/api.w.org\/{rel}","templated":true}]}}