{"id":10651,"date":"2025-04-12T21:37:38","date_gmt":"2025-04-12T19:37:38","guid":{"rendered":"https:\/\/italiamachines.com\/?post_type=product&#038;p=10651"},"modified":"2025-04-12T21:37:38","modified_gmt":"2025-04-12T19:37:38","slug":"cuisiniere-coup-de-feu-a-gaz-avec-four-a-gaz-par-offcar","status":"publish","type":"product","link":"https:\/\/italiamachines.com\/en\/boutique\/restaurant-snack-et-pizzeria\/cuisson\/cuisiniere\/cuisiniere-sur-meuble\/cuisiniere-coup-de-feu-a-gaz-avec-four-a-gaz-par-offcar\/","title":{"rendered":"Cuisini\u00e8re coup de feu \u00e0 gaz avec four \u00e0 gaz par Offcar"},"content":{"rendered":"<p>Plaque de cuisson pour temp\u00e9ratures diff\u00e9renci\u00e9es, de grande \u00e9paisseur<\/p>\n<p>Anneau central amovible<\/p>\n<p>Br\u00fbleur circulaire en acier inox (11,7 kW)<\/p>\n<p>Robinet \u00e0 vanne avec flamme pilote pour l\u2019allumage du br\u00fbleur<\/p>\n<p>Allumage \u00e9lectronique \u00e0 pile du pilote<\/p>\n<p>Four en acier inox avec chambre de cuisson GN 2\/1,  br\u00fbleur (7,7 kW) \u00e0 flamme stabilis\u00e9e<\/p>\n<p>R\u00e9glage thermostatique de la temp\u00e9rature de 100 \u00b0C \u00e0 340 \u00b0C moyennant une soupape de s\u00e9curit\u00e9 et thermocouple<\/p>\n<p>Glissi\u00e8res porte-grilles extractibles<\/p>\n<p>Dimensions: 800x730x900<br \/>\nPuissance Gaz kW: 19,4<br \/>\nRaccordement Gaz: \u00d8 1\/2\u201c<\/p>","protected":false},"excerpt":{"rendered":"<p>Plaque de cuisson pour temp\u00e9ratures diff\u00e9renci\u00e9es, de grande \u00e9paisseur Anneau central amovible Br\u00fbleur circulaire en acier inox (11,7 kW) Robinet \u00e0 vanne avec flamme pilote pour l\u2019allumage du br\u00fbleur Allumage \u00e9lectronique \u00e0 pile du pilote Four en acier inox avec chambre de cuisson GN 2\/1, br\u00fbleur (7,7 kW) \u00e0 flamme stabilis\u00e9e R\u00e9glage thermostatique de la&hellip;<\/p>","protected":false},"featured_media":10652,"comment_status":"open","ping_status":"closed","template":"","meta":[],"product_cat":[260,262,171,112],"product_tag":[],"class_list":{"0":"post-10651","1":"product","2":"type-product","3":"status-publish","4":"has-post-thumbnail","6":"product_cat-cuisiniere","7":"product_cat-cuisiniere-sur-meuble","8":"product_cat-cuisson","9":"product_cat-restaurant-snack-et-pizzeria","11":"first","12":"instock","13":"shipping-taxable","14":"purchasable","15":"product-type-simple","16":"col-xs-6 col-sm-4","17":"col-md-3 col-lg-3","18":"un-4-cols"},"yoast_head":"<!-- This site is optimized with the Yoast SEO plugin v26.6 - https:\/\/yoast.com\/wordpress\/plugins\/seo\/ -->\n<title>Cuisini\u00e8re coup de feu \u00e0 gaz avec four \u00e0 gaz par Offcar | Italia Machines<\/title>\n<meta name=\"robots\" content=\"index, follow, max-snippet:-1, max-image-preview:large, max-video-preview:-1\" \/>\n<link rel=\"canonical\" href=\"https:\/\/italiamachines.com\/en\/boutique\/restaurant-snack-et-pizzeria\/cuisson\/cuisiniere\/cuisiniere-sur-meuble\/cuisiniere-coup-de-feu-a-gaz-avec-four-a-gaz-par-offcar\/\" \/>\n<meta property=\"og:locale\" content=\"en_US\" \/>\n<meta property=\"og:type\" content=\"article\" \/>\n<meta property=\"og:title\" content=\"Cuisini\u00e8re coup de feu \u00e0 gaz avec four \u00e0 gaz par Offcar | Italia Machines\" \/>\n<meta property=\"og:description\" content=\"Plaque de cuisson pour temp\u00e9ratures diff\u00e9renci\u00e9es, de grande \u00e9paisseur Anneau central amovible Br\u00fbleur circulaire en acier inox (11,7 kW) Robinet \u00e0 vanne avec flamme pilote pour l\u2019allumage du br\u00fbleur Allumage \u00e9lectronique \u00e0 pile du pilote Four en acier inox avec chambre de cuisson GN 2\/1, br\u00fbleur (7,7 kW) \u00e0 flamme stabilis\u00e9e R\u00e9glage thermostatique de la&hellip;\" \/>\n<meta property=\"og:url\" content=\"https:\/\/italiamachines.com\/en\/boutique\/restaurant-snack-et-pizzeria\/cuisson\/cuisiniere\/cuisiniere-sur-meuble\/cuisiniere-coup-de-feu-a-gaz-avec-four-a-gaz-par-offcar\/\" \/>\n<meta property=\"og:site_name\" content=\"Italia Machines\" \/>\n<meta property=\"article:publisher\" content=\"https:\/\/web.facebook.com\/italiamachines\/\" \/>\n<meta property=\"og:image\" content=\"https:\/\/italiamachines.com\/wp-content\/uploads\/2025\/04\/7TPG10.jpg\" \/>\n\t<meta property=\"og:image:width\" content=\"800\" \/>\n\t<meta property=\"og:image:height\" content=\"800\" \/>\n\t<meta property=\"og:image:type\" content=\"image\/jpeg\" \/>\n<meta name=\"twitter:card\" content=\"summary_large_image\" \/>\n<meta name=\"twitter:label1\" content=\"Est. reading time\" \/>\n\t<meta name=\"twitter:data1\" content=\"1 minute\" \/>\n<script type=\"application\/ld+json\" class=\"yoast-schema-graph\">{\"@context\":\"https:\/\/schema.org\",\"@graph\":[{\"@type\":\"WebPage\",\"@id\":\"https:\/\/italiamachines.com\/boutique\/restaurant-snack-et-pizzeria\/cuisson\/cuisiniere\/cuisiniere-sur-meuble\/cuisiniere-coup-de-feu-a-gaz-avec-four-a-gaz-par-offcar\/\",\"url\":\"https:\/\/italiamachines.com\/boutique\/restaurant-snack-et-pizzeria\/cuisson\/cuisiniere\/cuisiniere-sur-meuble\/cuisiniere-coup-de-feu-a-gaz-avec-four-a-gaz-par-offcar\/\",\"name\":\"Cuisini\u00e8re coup de feu \u00e0 gaz avec four \u00e0 gaz par Offcar | Italia Machines\",\"isPartOf\":{\"@id\":\"https:\/\/italiamachines.com\/#website\"},\"primaryImageOfPage\":{\"@id\":\"https:\/\/italiamachines.com\/boutique\/restaurant-snack-et-pizzeria\/cuisson\/cuisiniere\/cuisiniere-sur-meuble\/cuisiniere-coup-de-feu-a-gaz-avec-four-a-gaz-par-offcar\/#primaryimage\"},\"image\":{\"@id\":\"https:\/\/italiamachines.com\/boutique\/restaurant-snack-et-pizzeria\/cuisson\/cuisiniere\/cuisiniere-sur-meuble\/cuisiniere-coup-de-feu-a-gaz-avec-four-a-gaz-par-offcar\/#primaryimage\"},\"thumbnailUrl\":\"https:\/\/italiamachines.com\/wp-content\/uploads\/2025\/04\/7TPG10.jpg\",\"datePublished\":\"2025-04-12T19:37:38+00:00\",\"breadcrumb\":{\"@id\":\"https:\/\/italiamachines.com\/boutique\/restaurant-snack-et-pizzeria\/cuisson\/cuisiniere\/cuisiniere-sur-meuble\/cuisiniere-coup-de-feu-a-gaz-avec-four-a-gaz-par-offcar\/#breadcrumb\"},\"inLanguage\":\"en-US\",\"potentialAction\":[{\"@type\":\"ReadAction\",\"target\":[\"https:\/\/italiamachines.com\/boutique\/restaurant-snack-et-pizzeria\/cuisson\/cuisiniere\/cuisiniere-sur-meuble\/cuisiniere-coup-de-feu-a-gaz-avec-four-a-gaz-par-offcar\/\"]}]},{\"@type\":\"ImageObject\",\"inLanguage\":\"en-US\",\"@id\":\"https:\/\/italiamachines.com\/boutique\/restaurant-snack-et-pizzeria\/cuisson\/cuisiniere\/cuisiniere-sur-meuble\/cuisiniere-coup-de-feu-a-gaz-avec-four-a-gaz-par-offcar\/#primaryimage\",\"url\":\"https:\/\/italiamachines.com\/wp-content\/uploads\/2025\/04\/7TPG10.jpg\",\"contentUrl\":\"https:\/\/italiamachines.com\/wp-content\/uploads\/2025\/04\/7TPG10.jpg\",\"width\":800,\"height\":800},{\"@type\":\"BreadcrumbList\",\"@id\":\"https:\/\/italiamachines.com\/boutique\/restaurant-snack-et-pizzeria\/cuisson\/cuisiniere\/cuisiniere-sur-meuble\/cuisiniere-coup-de-feu-a-gaz-avec-four-a-gaz-par-offcar\/#breadcrumb\",\"itemListElement\":[{\"@type\":\"ListItem\",\"position\":1,\"name\":\"Accueil\",\"item\":\"https:\/\/italiamachines.com\/fr_fr\/\"},{\"@type\":\"ListItem\",\"position\":2,\"name\":\"Boutique\",\"item\":\"https:\/\/italiamachines.com\/boutique\/\"},{\"@type\":\"ListItem\",\"position\":3,\"name\":\"Cuisini\u00e8re coup de feu \u00e0 gaz avec four \u00e0 gaz par Offcar\"}]},{\"@type\":\"WebSite\",\"@id\":\"https:\/\/italiamachines.com\/#website\",\"url\":\"https:\/\/italiamachines.com\/\",\"name\":\"Italia Machines\",\"description\":\"L&#039;art de l&#039;\u00e9quipement HORECA\",\"publisher\":{\"@id\":\"https:\/\/italiamachines.com\/#organization\"},\"potentialAction\":[{\"@type\":\"SearchAction\",\"target\":{\"@type\":\"EntryPoint\",\"urlTemplate\":\"https:\/\/italiamachines.com\/?s={search_term_string}\"},\"query-input\":{\"@type\":\"PropertyValueSpecification\",\"valueRequired\":true,\"valueName\":\"search_term_string\"}}],\"inLanguage\":\"en-US\"},{\"@type\":\"Organization\",\"@id\":\"https:\/\/italiamachines.com\/#organization\",\"name\":\"italiamachines\",\"url\":\"https:\/\/italiamachines.com\/\",\"logo\":{\"@type\":\"ImageObject\",\"inLanguage\":\"en-US\",\"@id\":\"https:\/\/italiamachines.com\/#\/schema\/logo\/image\/\",\"url\":\"https:\/\/italiamachines.com\/wp-content\/uploads\/2023\/08\/logo-web-1.png\",\"contentUrl\":\"https:\/\/italiamachines.com\/wp-content\/uploads\/2023\/08\/logo-web-1.png\",\"width\":977,\"height\":254,\"caption\":\"italiamachines\"},\"image\":{\"@id\":\"https:\/\/italiamachines.com\/#\/schema\/logo\/image\/\"},\"sameAs\":[\"https:\/\/web.facebook.com\/italiamachines\/\",\"https:\/\/www.instagram.com\/italia.machines\/\"]}]}<\/script>\n<!-- \/ Yoast SEO plugin. -->","yoast_head_json":{"title":"Cuisini\u00e8re coup de feu \u00e0 gaz avec four \u00e0 gaz par Offcar | Italia Machines","robots":{"index":"index","follow":"follow","max-snippet":"max-snippet:-1","max-image-preview":"max-image-preview:large","max-video-preview":"max-video-preview:-1"},"canonical":"https:\/\/italiamachines.com\/en\/boutique\/restaurant-snack-et-pizzeria\/cuisson\/cuisiniere\/cuisiniere-sur-meuble\/cuisiniere-coup-de-feu-a-gaz-avec-four-a-gaz-par-offcar\/","og_locale":"en_US","og_type":"article","og_title":"Cuisini\u00e8re coup de feu \u00e0 gaz avec four \u00e0 gaz par Offcar | Italia Machines","og_description":"Plaque de cuisson pour temp\u00e9ratures diff\u00e9renci\u00e9es, de grande \u00e9paisseur Anneau central amovible Br\u00fbleur circulaire en acier inox (11,7 kW) Robinet \u00e0 vanne avec flamme pilote pour l\u2019allumage du br\u00fbleur Allumage \u00e9lectronique \u00e0 pile du pilote Four en acier inox avec chambre de cuisson GN 2\/1, br\u00fbleur (7,7 kW) \u00e0 flamme stabilis\u00e9e R\u00e9glage thermostatique de la&hellip;","og_url":"https:\/\/italiamachines.com\/en\/boutique\/restaurant-snack-et-pizzeria\/cuisson\/cuisiniere\/cuisiniere-sur-meuble\/cuisiniere-coup-de-feu-a-gaz-avec-four-a-gaz-par-offcar\/","og_site_name":"Italia Machines","article_publisher":"https:\/\/web.facebook.com\/italiamachines\/","og_image":[{"width":800,"height":800,"url":"https:\/\/italiamachines.com\/wp-content\/uploads\/2025\/04\/7TPG10.jpg","type":"image\/jpeg"}],"twitter_card":"summary_large_image","twitter_misc":{"Est. reading time":"1 minute"},"schema":{"@context":"https:\/\/schema.org","@graph":[{"@type":"WebPage","@id":"https:\/\/italiamachines.com\/boutique\/restaurant-snack-et-pizzeria\/cuisson\/cuisiniere\/cuisiniere-sur-meuble\/cuisiniere-coup-de-feu-a-gaz-avec-four-a-gaz-par-offcar\/","url":"https:\/\/italiamachines.com\/boutique\/restaurant-snack-et-pizzeria\/cuisson\/cuisiniere\/cuisiniere-sur-meuble\/cuisiniere-coup-de-feu-a-gaz-avec-four-a-gaz-par-offcar\/","name":"Cuisini\u00e8re coup de feu \u00e0 gaz avec four \u00e0 gaz par Offcar | Italia Machines","isPartOf":{"@id":"https:\/\/italiamachines.com\/#website"},"primaryImageOfPage":{"@id":"https:\/\/italiamachines.com\/boutique\/restaurant-snack-et-pizzeria\/cuisson\/cuisiniere\/cuisiniere-sur-meuble\/cuisiniere-coup-de-feu-a-gaz-avec-four-a-gaz-par-offcar\/#primaryimage"},"image":{"@id":"https:\/\/italiamachines.com\/boutique\/restaurant-snack-et-pizzeria\/cuisson\/cuisiniere\/cuisiniere-sur-meuble\/cuisiniere-coup-de-feu-a-gaz-avec-four-a-gaz-par-offcar\/#primaryimage"},"thumbnailUrl":"https:\/\/italiamachines.com\/wp-content\/uploads\/2025\/04\/7TPG10.jpg","datePublished":"2025-04-12T19:37:38+00:00","breadcrumb":{"@id":"https:\/\/italiamachines.com\/boutique\/restaurant-snack-et-pizzeria\/cuisson\/cuisiniere\/cuisiniere-sur-meuble\/cuisiniere-coup-de-feu-a-gaz-avec-four-a-gaz-par-offcar\/#breadcrumb"},"inLanguage":"en-US","potentialAction":[{"@type":"ReadAction","target":["https:\/\/italiamachines.com\/boutique\/restaurant-snack-et-pizzeria\/cuisson\/cuisiniere\/cuisiniere-sur-meuble\/cuisiniere-coup-de-feu-a-gaz-avec-four-a-gaz-par-offcar\/"]}]},{"@type":"ImageObject","inLanguage":"en-US","@id":"https:\/\/italiamachines.com\/boutique\/restaurant-snack-et-pizzeria\/cuisson\/cuisiniere\/cuisiniere-sur-meuble\/cuisiniere-coup-de-feu-a-gaz-avec-four-a-gaz-par-offcar\/#primaryimage","url":"https:\/\/italiamachines.com\/wp-content\/uploads\/2025\/04\/7TPG10.jpg","contentUrl":"https:\/\/italiamachines.com\/wp-content\/uploads\/2025\/04\/7TPG10.jpg","width":800,"height":800},{"@type":"BreadcrumbList","@id":"https:\/\/italiamachines.com\/boutique\/restaurant-snack-et-pizzeria\/cuisson\/cuisiniere\/cuisiniere-sur-meuble\/cuisiniere-coup-de-feu-a-gaz-avec-four-a-gaz-par-offcar\/#breadcrumb","itemListElement":[{"@type":"ListItem","position":1,"name":"Accueil","item":"https:\/\/italiamachines.com\/fr_fr\/"},{"@type":"ListItem","position":2,"name":"Boutique","item":"https:\/\/italiamachines.com\/boutique\/"},{"@type":"ListItem","position":3,"name":"Cuisini\u00e8re coup de feu \u00e0 gaz avec four \u00e0 gaz par Offcar"}]},{"@type":"WebSite","@id":"https:\/\/italiamachines.com\/#website","url":"https:\/\/italiamachines.com\/","name":"Italia Machines","description":"L&#039;art de l&#039;\u00e9quipement HORECA","publisher":{"@id":"https:\/\/italiamachines.com\/#organization"},"potentialAction":[{"@type":"SearchAction","target":{"@type":"EntryPoint","urlTemplate":"https:\/\/italiamachines.com\/?s={search_term_string}"},"query-input":{"@type":"PropertyValueSpecification","valueRequired":true,"valueName":"search_term_string"}}],"inLanguage":"en-US"},{"@type":"Organization","@id":"https:\/\/italiamachines.com\/#organization","name":"italiamachines","url":"https:\/\/italiamachines.com\/","logo":{"@type":"ImageObject","inLanguage":"en-US","@id":"https:\/\/italiamachines.com\/#\/schema\/logo\/image\/","url":"https:\/\/italiamachines.com\/wp-content\/uploads\/2023\/08\/logo-web-1.png","contentUrl":"https:\/\/italiamachines.com\/wp-content\/uploads\/2023\/08\/logo-web-1.png","width":977,"height":254,"caption":"italiamachines"},"image":{"@id":"https:\/\/italiamachines.com\/#\/schema\/logo\/image\/"},"sameAs":["https:\/\/web.facebook.com\/italiamachines\/","https:\/\/www.instagram.com\/italia.machines\/"]}]}},"_links":{"self":[{"href":"https:\/\/italiamachines.com\/en\/wp-json\/wp\/v2\/product\/10651","targetHints":{"allow":["GET"]}}],"collection":[{"href":"https:\/\/italiamachines.com\/en\/wp-json\/wp\/v2\/product"}],"about":[{"href":"https:\/\/italiamachines.com\/en\/wp-json\/wp\/v2\/types\/product"}],"replies":[{"embeddable":true,"href":"https:\/\/italiamachines.com\/en\/wp-json\/wp\/v2\/comments?post=10651"}],"wp:featuredmedia":[{"embeddable":true,"href":"https:\/\/italiamachines.com\/en\/wp-json\/wp\/v2\/media\/10652"}],"wp:attachment":[{"href":"https:\/\/italiamachines.com\/en\/wp-json\/wp\/v2\/media?parent=10651"}],"wp:term":[{"taxonomy":"product_cat","embeddable":true,"href":"https:\/\/italiamachines.com\/en\/wp-json\/wp\/v2\/product_cat?post=10651"},{"taxonomy":"product_tag","embeddable":true,"href":"https:\/\/italiamachines.com\/en\/wp-json\/wp\/v2\/product_tag?post=10651"}],"curies":[{"name":"wp","href":"https:\/\/api.w.org\/{rel}","templated":true}]}}