{"id":10672,"date":"2025-04-12T23:16:24","date_gmt":"2025-04-12T21:16:24","guid":{"rendered":"https:\/\/italiamachines.com\/?post_type=product&#038;p=10672"},"modified":"2025-04-12T23:20:07","modified_gmt":"2025-04-12T21:20:07","slug":"armoire-refrigerateur-gn2-1-2-portes-par-tecnodom","status":"publish","type":"product","link":"https:\/\/italiamachines.com\/en\/boutique\/boulangerie-et-patisserie\/patisserie\/froid-et-conservation-pour-patisserie\/armoire-pour-conservation\/armoire-refrigerateur-gn2-1-2-portes-par-tecnodom\/","title":{"rendered":"ARMOIRE R\u00c9FRIG\u00c9RATEUR &#8211; GN2\/1 &#8211;  2 portes &#8211; par TECNODOM"},"content":{"rendered":"<p>&#8211; Capacit\u00e9 de 1400 litres<br \/>\n&#8211; Alimentation : 230 V<br \/>\n&#8211; 12 glissi\u00e8res pour grilles<br \/>\n&#8211; Fonctionnement avec gaz R452<br \/>\n&#8211; Syst\u00e8me de refroidissement ventil\u00e9<br \/>\n&#8211; Deux portes vitr\u00e9es pour un acc\u00e8s facile<br \/>\n&#8211; Consommation \u00e9lectrique : 700 W<br \/>\n&#8211; Plage de temp\u00e9rature : -18\u00b0C \u00e0 -20\u00b0C, avec possibilit\u00e9 d&rsquo;atteindre +43\u00b0C dans une pi\u00e8ce \u00e0 65% d&rsquo;humidit\u00e9<br \/>\n&#8211; Livr\u00e9 avec six grilles plastifi\u00e9es pour le stockage<br \/>\n&#8211; Dimensions : L 142 cm x l 80 cm x H 203 cm (ou 210 cm avec hauteur r\u00e9glable)<br \/>\n&#8211; Serrure avec cl\u00e9 pour la s\u00e9curit\u00e9<br \/>\n&#8211; \u00c9clairage interne <\/p>","protected":false},"excerpt":{"rendered":"<p>&#8211; Capacit\u00e9 de 1400 litres &#8211; Alimentation : 230 V &#8211; 12 glissi\u00e8res pour grilles &#8211; Fonctionnement avec gaz R452 &#8211; Syst\u00e8me de refroidissement ventil\u00e9 &#8211; Deux portes vitr\u00e9es pour un acc\u00e8s facile &#8211; Consommation \u00e9lectrique : 700 W &#8211; Plage de temp\u00e9rature : -18\u00b0C \u00e0 -20\u00b0C, avec possibilit\u00e9 d&rsquo;atteindre +43\u00b0C dans une pi\u00e8ce \u00e0&hellip;<\/p>","protected":false},"featured_media":4370,"comment_status":"open","ping_status":"closed","template":"","meta":[],"product_cat":[147,148,249,149,150,251,63,65,71,72,73,200,201,74,79,80,97,112],"product_tag":[],"class_list":{"0":"post-10672","1":"product","2":"type-product","3":"status-publish","4":"has-post-thumbnail","6":"product_cat-armoire","7":"product_cat-armoire-pour-boucherie","8":"product_cat-armoire-pour-conservation","9":"product_cat-armoire-pour-glace","10":"product_cat-armoires-pour-fromagerie","11":"product_cat-armoires-pour-restauration","12":"product_cat-boucherie","13":"product_cat-cafe-glacier-lecheria","14":"product_cat-froid-conservation","15":"product_cat-froid-conservation-pour-boucherie","16":"product_cat-froid-conservation-pour-glace","17":"product_cat-froid-conservation-pour-restauration","18":"product_cat-froid-et-conservation-pour-patisserie","19":"product_cat-fromagerie-et-epicerie-fine","20":"product_cat-glacier","21":"product_cat-glacier-lecheria","22":"product_cat-patisserie","23":"product_cat-restaurant-snack-et-pizzeria","25":"first","26":"instock","27":"shipping-taxable","28":"purchasable","29":"product-type-simple","30":"col-xs-6 col-sm-4","31":"col-md-3 col-lg-3","32":"un-4-cols"},"yoast_head":"<!-- This site is optimized with the Yoast SEO plugin v26.6 - https:\/\/yoast.com\/wordpress\/plugins\/seo\/ -->\n<title>ARMOIRE R\u00c9FRIG\u00c9RATEUR - GN2\/1 - 2 portes - par TECNODOM | Italia Machines<\/title>\n<meta name=\"robots\" content=\"index, follow, max-snippet:-1, max-image-preview:large, max-video-preview:-1\" \/>\n<link rel=\"canonical\" href=\"https:\/\/italiamachines.com\/en\/boutique\/boulangerie-et-patisserie\/patisserie\/froid-et-conservation-pour-patisserie\/armoire-pour-conservation\/armoire-refrigerateur-gn2-1-2-portes-par-tecnodom\/\" \/>\n<meta property=\"og:locale\" content=\"en_US\" \/>\n<meta property=\"og:type\" content=\"article\" \/>\n<meta property=\"og:title\" content=\"ARMOIRE R\u00c9FRIG\u00c9RATEUR - GN2\/1 - 2 portes - par TECNODOM | Italia Machines\" \/>\n<meta property=\"og:description\" content=\"&#8211; Capacit\u00e9 de 1400 litres &#8211; Alimentation : 230 V &#8211; 12 glissi\u00e8res pour grilles &#8211; Fonctionnement avec gaz R452 &#8211; Syst\u00e8me de refroidissement ventil\u00e9 &#8211; Deux portes vitr\u00e9es pour un acc\u00e8s facile &#8211; Consommation \u00e9lectrique : 700 W &#8211; Plage de temp\u00e9rature : -18\u00b0C \u00e0 -20\u00b0C, avec possibilit\u00e9 d&rsquo;atteindre +43\u00b0C dans une pi\u00e8ce \u00e0&hellip;\" \/>\n<meta property=\"og:url\" content=\"https:\/\/italiamachines.com\/en\/boutique\/boulangerie-et-patisserie\/patisserie\/froid-et-conservation-pour-patisserie\/armoire-pour-conservation\/armoire-refrigerateur-gn2-1-2-portes-par-tecnodom\/\" \/>\n<meta property=\"og:site_name\" content=\"Italia Machines\" \/>\n<meta property=\"article:publisher\" content=\"https:\/\/web.facebook.com\/italiamachines\/\" \/>\n<meta property=\"article:modified_time\" content=\"2025-04-12T21:20:07+00:00\" \/>\n<meta property=\"og:image\" content=\"https:\/\/italiamachines.com\/wp-content\/uploads\/2023\/07\/AF14EKOMBTPS.jpeg\" \/>\n\t<meta property=\"og:image:width\" content=\"728\" \/>\n\t<meta property=\"og:image:height\" content=\"800\" \/>\n\t<meta property=\"og:image:type\" content=\"image\/jpeg\" \/>\n<meta name=\"twitter:card\" content=\"summary_large_image\" \/>\n<meta name=\"twitter:label1\" content=\"Est. reading time\" \/>\n\t<meta name=\"twitter:data1\" content=\"1 minute\" \/>\n<script type=\"application\/ld+json\" class=\"yoast-schema-graph\">{\"@context\":\"https:\/\/schema.org\",\"@graph\":[{\"@type\":\"WebPage\",\"@id\":\"https:\/\/italiamachines.com\/boutique\/boulangerie-et-patisserie\/patisserie\/froid-et-conservation-pour-patisserie\/armoire-pour-conservation\/armoire-refrigerateur-gn2-1-2-portes-par-tecnodom\/\",\"url\":\"https:\/\/italiamachines.com\/boutique\/boulangerie-et-patisserie\/patisserie\/froid-et-conservation-pour-patisserie\/armoire-pour-conservation\/armoire-refrigerateur-gn2-1-2-portes-par-tecnodom\/\",\"name\":\"ARMOIRE R\u00c9FRIG\u00c9RATEUR - GN2\/1 - 2 portes - par TECNODOM | Italia Machines\",\"isPartOf\":{\"@id\":\"https:\/\/italiamachines.com\/#website\"},\"primaryImageOfPage\":{\"@id\":\"https:\/\/italiamachines.com\/boutique\/boulangerie-et-patisserie\/patisserie\/froid-et-conservation-pour-patisserie\/armoire-pour-conservation\/armoire-refrigerateur-gn2-1-2-portes-par-tecnodom\/#primaryimage\"},\"image\":{\"@id\":\"https:\/\/italiamachines.com\/boutique\/boulangerie-et-patisserie\/patisserie\/froid-et-conservation-pour-patisserie\/armoire-pour-conservation\/armoire-refrigerateur-gn2-1-2-portes-par-tecnodom\/#primaryimage\"},\"thumbnailUrl\":\"https:\/\/italiamachines.com\/wp-content\/uploads\/2023\/07\/AF14EKOMBTPS.jpeg\",\"datePublished\":\"2025-04-12T21:16:24+00:00\",\"dateModified\":\"2025-04-12T21:20:07+00:00\",\"breadcrumb\":{\"@id\":\"https:\/\/italiamachines.com\/boutique\/boulangerie-et-patisserie\/patisserie\/froid-et-conservation-pour-patisserie\/armoire-pour-conservation\/armoire-refrigerateur-gn2-1-2-portes-par-tecnodom\/#breadcrumb\"},\"inLanguage\":\"en-US\",\"potentialAction\":[{\"@type\":\"ReadAction\",\"target\":[\"https:\/\/italiamachines.com\/boutique\/boulangerie-et-patisserie\/patisserie\/froid-et-conservation-pour-patisserie\/armoire-pour-conservation\/armoire-refrigerateur-gn2-1-2-portes-par-tecnodom\/\"]}]},{\"@type\":\"ImageObject\",\"inLanguage\":\"en-US\",\"@id\":\"https:\/\/italiamachines.com\/boutique\/boulangerie-et-patisserie\/patisserie\/froid-et-conservation-pour-patisserie\/armoire-pour-conservation\/armoire-refrigerateur-gn2-1-2-portes-par-tecnodom\/#primaryimage\",\"url\":\"https:\/\/italiamachines.com\/wp-content\/uploads\/2023\/07\/AF14EKOMBTPS.jpeg\",\"contentUrl\":\"https:\/\/italiamachines.com\/wp-content\/uploads\/2023\/07\/AF14EKOMBTPS.jpeg\",\"width\":728,\"height\":800},{\"@type\":\"BreadcrumbList\",\"@id\":\"https:\/\/italiamachines.com\/boutique\/boulangerie-et-patisserie\/patisserie\/froid-et-conservation-pour-patisserie\/armoire-pour-conservation\/armoire-refrigerateur-gn2-1-2-portes-par-tecnodom\/#breadcrumb\",\"itemListElement\":[{\"@type\":\"ListItem\",\"position\":1,\"name\":\"Accueil\",\"item\":\"https:\/\/italiamachines.com\/fr_fr\/\"},{\"@type\":\"ListItem\",\"position\":2,\"name\":\"Boutique\",\"item\":\"https:\/\/italiamachines.com\/boutique\/\"},{\"@type\":\"ListItem\",\"position\":3,\"name\":\"ARMOIRE R\u00c9FRIG\u00c9RATEUR &#8211; GN2\/1 &#8211; 2 portes &#8211; par TECNODOM\"}]},{\"@type\":\"WebSite\",\"@id\":\"https:\/\/italiamachines.com\/#website\",\"url\":\"https:\/\/italiamachines.com\/\",\"name\":\"Italia Machines\",\"description\":\"L&#039;art de l&#039;\u00e9quipement HORECA\",\"publisher\":{\"@id\":\"https:\/\/italiamachines.com\/#organization\"},\"potentialAction\":[{\"@type\":\"SearchAction\",\"target\":{\"@type\":\"EntryPoint\",\"urlTemplate\":\"https:\/\/italiamachines.com\/?s={search_term_string}\"},\"query-input\":{\"@type\":\"PropertyValueSpecification\",\"valueRequired\":true,\"valueName\":\"search_term_string\"}}],\"inLanguage\":\"en-US\"},{\"@type\":\"Organization\",\"@id\":\"https:\/\/italiamachines.com\/#organization\",\"name\":\"italiamachines\",\"url\":\"https:\/\/italiamachines.com\/\",\"logo\":{\"@type\":\"ImageObject\",\"inLanguage\":\"en-US\",\"@id\":\"https:\/\/italiamachines.com\/#\/schema\/logo\/image\/\",\"url\":\"https:\/\/italiamachines.com\/wp-content\/uploads\/2023\/08\/logo-web-1.png\",\"contentUrl\":\"https:\/\/italiamachines.com\/wp-content\/uploads\/2023\/08\/logo-web-1.png\",\"width\":977,\"height\":254,\"caption\":\"italiamachines\"},\"image\":{\"@id\":\"https:\/\/italiamachines.com\/#\/schema\/logo\/image\/\"},\"sameAs\":[\"https:\/\/web.facebook.com\/italiamachines\/\",\"https:\/\/www.instagram.com\/italia.machines\/\"]}]}<\/script>\n<!-- \/ Yoast SEO plugin. -->","yoast_head_json":{"title":"ARMOIRE R\u00c9FRIG\u00c9RATEUR - GN2\/1 - 2 portes - par TECNODOM | Italia Machines","robots":{"index":"index","follow":"follow","max-snippet":"max-snippet:-1","max-image-preview":"max-image-preview:large","max-video-preview":"max-video-preview:-1"},"canonical":"https:\/\/italiamachines.com\/en\/boutique\/boulangerie-et-patisserie\/patisserie\/froid-et-conservation-pour-patisserie\/armoire-pour-conservation\/armoire-refrigerateur-gn2-1-2-portes-par-tecnodom\/","og_locale":"en_US","og_type":"article","og_title":"ARMOIRE R\u00c9FRIG\u00c9RATEUR - GN2\/1 - 2 portes - par TECNODOM | Italia Machines","og_description":"&#8211; Capacit\u00e9 de 1400 litres &#8211; Alimentation : 230 V &#8211; 12 glissi\u00e8res pour grilles &#8211; Fonctionnement avec gaz R452 &#8211; Syst\u00e8me de refroidissement ventil\u00e9 &#8211; Deux portes vitr\u00e9es pour un acc\u00e8s facile &#8211; Consommation \u00e9lectrique : 700 W &#8211; Plage de temp\u00e9rature : -18\u00b0C \u00e0 -20\u00b0C, avec possibilit\u00e9 d&rsquo;atteindre +43\u00b0C dans une pi\u00e8ce \u00e0&hellip;","og_url":"https:\/\/italiamachines.com\/en\/boutique\/boulangerie-et-patisserie\/patisserie\/froid-et-conservation-pour-patisserie\/armoire-pour-conservation\/armoire-refrigerateur-gn2-1-2-portes-par-tecnodom\/","og_site_name":"Italia Machines","article_publisher":"https:\/\/web.facebook.com\/italiamachines\/","article_modified_time":"2025-04-12T21:20:07+00:00","og_image":[{"width":728,"height":800,"url":"https:\/\/italiamachines.com\/wp-content\/uploads\/2023\/07\/AF14EKOMBTPS.jpeg","type":"image\/jpeg"}],"twitter_card":"summary_large_image","twitter_misc":{"Est. reading time":"1 minute"},"schema":{"@context":"https:\/\/schema.org","@graph":[{"@type":"WebPage","@id":"https:\/\/italiamachines.com\/boutique\/boulangerie-et-patisserie\/patisserie\/froid-et-conservation-pour-patisserie\/armoire-pour-conservation\/armoire-refrigerateur-gn2-1-2-portes-par-tecnodom\/","url":"https:\/\/italiamachines.com\/boutique\/boulangerie-et-patisserie\/patisserie\/froid-et-conservation-pour-patisserie\/armoire-pour-conservation\/armoire-refrigerateur-gn2-1-2-portes-par-tecnodom\/","name":"ARMOIRE R\u00c9FRIG\u00c9RATEUR - GN2\/1 - 2 portes - par TECNODOM | Italia Machines","isPartOf":{"@id":"https:\/\/italiamachines.com\/#website"},"primaryImageOfPage":{"@id":"https:\/\/italiamachines.com\/boutique\/boulangerie-et-patisserie\/patisserie\/froid-et-conservation-pour-patisserie\/armoire-pour-conservation\/armoire-refrigerateur-gn2-1-2-portes-par-tecnodom\/#primaryimage"},"image":{"@id":"https:\/\/italiamachines.com\/boutique\/boulangerie-et-patisserie\/patisserie\/froid-et-conservation-pour-patisserie\/armoire-pour-conservation\/armoire-refrigerateur-gn2-1-2-portes-par-tecnodom\/#primaryimage"},"thumbnailUrl":"https:\/\/italiamachines.com\/wp-content\/uploads\/2023\/07\/AF14EKOMBTPS.jpeg","datePublished":"2025-04-12T21:16:24+00:00","dateModified":"2025-04-12T21:20:07+00:00","breadcrumb":{"@id":"https:\/\/italiamachines.com\/boutique\/boulangerie-et-patisserie\/patisserie\/froid-et-conservation-pour-patisserie\/armoire-pour-conservation\/armoire-refrigerateur-gn2-1-2-portes-par-tecnodom\/#breadcrumb"},"inLanguage":"en-US","potentialAction":[{"@type":"ReadAction","target":["https:\/\/italiamachines.com\/boutique\/boulangerie-et-patisserie\/patisserie\/froid-et-conservation-pour-patisserie\/armoire-pour-conservation\/armoire-refrigerateur-gn2-1-2-portes-par-tecnodom\/"]}]},{"@type":"ImageObject","inLanguage":"en-US","@id":"https:\/\/italiamachines.com\/boutique\/boulangerie-et-patisserie\/patisserie\/froid-et-conservation-pour-patisserie\/armoire-pour-conservation\/armoire-refrigerateur-gn2-1-2-portes-par-tecnodom\/#primaryimage","url":"https:\/\/italiamachines.com\/wp-content\/uploads\/2023\/07\/AF14EKOMBTPS.jpeg","contentUrl":"https:\/\/italiamachines.com\/wp-content\/uploads\/2023\/07\/AF14EKOMBTPS.jpeg","width":728,"height":800},{"@type":"BreadcrumbList","@id":"https:\/\/italiamachines.com\/boutique\/boulangerie-et-patisserie\/patisserie\/froid-et-conservation-pour-patisserie\/armoire-pour-conservation\/armoire-refrigerateur-gn2-1-2-portes-par-tecnodom\/#breadcrumb","itemListElement":[{"@type":"ListItem","position":1,"name":"Accueil","item":"https:\/\/italiamachines.com\/fr_fr\/"},{"@type":"ListItem","position":2,"name":"Boutique","item":"https:\/\/italiamachines.com\/boutique\/"},{"@type":"ListItem","position":3,"name":"ARMOIRE R\u00c9FRIG\u00c9RATEUR &#8211; GN2\/1 &#8211; 2 portes &#8211; par TECNODOM"}]},{"@type":"WebSite","@id":"https:\/\/italiamachines.com\/#website","url":"https:\/\/italiamachines.com\/","name":"Italia Machines","description":"L&#039;art de l&#039;\u00e9quipement HORECA","publisher":{"@id":"https:\/\/italiamachines.com\/#organization"},"potentialAction":[{"@type":"SearchAction","target":{"@type":"EntryPoint","urlTemplate":"https:\/\/italiamachines.com\/?s={search_term_string}"},"query-input":{"@type":"PropertyValueSpecification","valueRequired":true,"valueName":"search_term_string"}}],"inLanguage":"en-US"},{"@type":"Organization","@id":"https:\/\/italiamachines.com\/#organization","name":"italiamachines","url":"https:\/\/italiamachines.com\/","logo":{"@type":"ImageObject","inLanguage":"en-US","@id":"https:\/\/italiamachines.com\/#\/schema\/logo\/image\/","url":"https:\/\/italiamachines.com\/wp-content\/uploads\/2023\/08\/logo-web-1.png","contentUrl":"https:\/\/italiamachines.com\/wp-content\/uploads\/2023\/08\/logo-web-1.png","width":977,"height":254,"caption":"italiamachines"},"image":{"@id":"https:\/\/italiamachines.com\/#\/schema\/logo\/image\/"},"sameAs":["https:\/\/web.facebook.com\/italiamachines\/","https:\/\/www.instagram.com\/italia.machines\/"]}]}},"_links":{"self":[{"href":"https:\/\/italiamachines.com\/en\/wp-json\/wp\/v2\/product\/10672","targetHints":{"allow":["GET"]}}],"collection":[{"href":"https:\/\/italiamachines.com\/en\/wp-json\/wp\/v2\/product"}],"about":[{"href":"https:\/\/italiamachines.com\/en\/wp-json\/wp\/v2\/types\/product"}],"replies":[{"embeddable":true,"href":"https:\/\/italiamachines.com\/en\/wp-json\/wp\/v2\/comments?post=10672"}],"wp:featuredmedia":[{"embeddable":true,"href":"https:\/\/italiamachines.com\/en\/wp-json\/wp\/v2\/media\/4370"}],"wp:attachment":[{"href":"https:\/\/italiamachines.com\/en\/wp-json\/wp\/v2\/media?parent=10672"}],"wp:term":[{"taxonomy":"product_cat","embeddable":true,"href":"https:\/\/italiamachines.com\/en\/wp-json\/wp\/v2\/product_cat?post=10672"},{"taxonomy":"product_tag","embeddable":true,"href":"https:\/\/italiamachines.com\/en\/wp-json\/wp\/v2\/product_tag?post=10672"}],"curies":[{"name":"wp","href":"https:\/\/api.w.org\/{rel}","templated":true}]}}