{"id":10674,"date":"2025-04-12T23:25:45","date_gmt":"2025-04-12T21:25:45","guid":{"rendered":"https:\/\/italiamachines.com\/?post_type=product&#038;p=10674"},"modified":"2025-04-12T23:25:45","modified_gmt":"2025-04-12T21:25:45","slug":"armoire-refrigeree-1400-gn-2-1-conservation-3-portes-inox-par-tecnodom","status":"publish","type":"product","link":"https:\/\/italiamachines.com\/en\/boutique\/boulangerie-et-patisserie\/patisserie\/froid-et-conservation-pour-patisserie\/armoire-pour-conservation\/armoire-refrigeree-1400-gn-2-1-conservation-3-portes-inox-par-tecnodom\/","title":{"rendered":"Armoire R\u00e9frig\u00e9r\u00e9e 1400 GN 2\/1 \u2013 Conservation \u2013 3 Portes Inox &#8211; par Tecnodom"},"content":{"rendered":"<p>\u2022 Int\u00e9rieur et ext\u00e9rieur en acier inoxydable.<br \/>\n\u2022 Fond, plafond et dos en acier galvanis\u00e9.<br \/>\n\u2022 Coins int\u00e9rieurs arrondis pour un nettoyage facile.<br \/>\n\u2022 Isolation en polyur\u00e9thane inject\u00e9 \u00e0 haute pression, sans CFC.<br \/>\n\u2022 \u00c9paisseur de l\u2019isolation : 60 mm.<br \/>\n\u2022 Portes \u00e0 fermeture automatique avec joints magn\u00e9tiques.<br \/>\n\u2022 Panneau de commande \u00e9lectronique en fa\u00e7ade.<br \/>\n\u2022 1 sonde NTC pour les mod\u00e8les positifs (TN), 2 sondes pour les n\u00e9gatifs (BT).<br \/>\n\u2022 Groupe frigorifique monobloc, d\u00e9montable, tropicalis\u00e9 (+40\u00b0C \/ 60% HR), gaz R452A.<br \/>\n\u2022 D\u00e9givrage automatique et \u00e9vaporation de l\u2019eau de condensation.<br \/>\n\u2022 Pieds inox r\u00e9glables (110-190 mm).<br \/>\n\u2022 7 grilles plastifi\u00e9es GN 2\/1 (mod\u00e8les 3 portes).<\/p>\n<p>Type de r\u00e9frig\u00e9ration :<br \/>\n\u2022 Ventil\u00e9e (V).<\/p>\n<p>Armoires 2 zones \/ mixtes :<br \/>\n\u2022 Temp\u00e9rature positive : 0\u00b0C \u00e0 +10\u00b0C.<br \/>\n\u2022 Temp\u00e9rature n\u00e9gative : -18\u00b0C \u00e0 -22\u00b0C.<\/p>","protected":false},"excerpt":{"rendered":"<p>\u2022 Int\u00e9rieur et ext\u00e9rieur en acier inoxydable. \u2022 Fond, plafond et dos en acier galvanis\u00e9. \u2022 Coins int\u00e9rieurs arrondis pour un nettoyage facile. \u2022 Isolation en polyur\u00e9thane inject\u00e9 \u00e0 haute pression, sans CFC. \u2022 \u00c9paisseur de l\u2019isolation : 60 mm. \u2022 Portes \u00e0 fermeture automatique avec joints magn\u00e9tiques. \u2022 Panneau de commande \u00e9lectronique en fa\u00e7ade.&hellip;<\/p>","protected":false},"featured_media":10675,"comment_status":"open","ping_status":"closed","template":"","meta":[],"product_cat":[147,148,249,149,250,150,251,71,72,73,199,200,201,74],"product_tag":[],"class_list":{"0":"post-10674","1":"product","2":"type-product","3":"status-publish","4":"has-post-thumbnail","6":"product_cat-armoire","7":"product_cat-armoire-pour-boucherie","8":"product_cat-armoire-pour-conservation","9":"product_cat-armoire-pour-glace","10":"product_cat-armoire-pour-poissonerie","11":"product_cat-armoires-pour-fromagerie","12":"product_cat-armoires-pour-restauration","13":"product_cat-froid-conservation","14":"product_cat-froid-conservation-pour-boucherie","15":"product_cat-froid-conservation-pour-glace","16":"product_cat-froid-conservation-pour-poissonerie","17":"product_cat-froid-conservation-pour-restauration","18":"product_cat-froid-et-conservation-pour-patisserie","19":"product_cat-fromagerie-et-epicerie-fine","21":"first","22":"instock","23":"shipping-taxable","24":"purchasable","25":"product-type-simple","26":"col-xs-6 col-sm-4","27":"col-md-3 col-lg-3","28":"un-4-cols"},"yoast_head":"<!-- This site is optimized with the Yoast SEO plugin v26.6 - https:\/\/yoast.com\/wordpress\/plugins\/seo\/ -->\n<title>Armoire R\u00e9frig\u00e9r\u00e9e 1400 GN 2\/1 \u2013 Conservation \u2013 3 Portes Inox - par Tecnodom | Italia Machines<\/title>\n<meta name=\"robots\" content=\"index, follow, max-snippet:-1, max-image-preview:large, max-video-preview:-1\" \/>\n<link rel=\"canonical\" href=\"https:\/\/italiamachines.com\/en\/boutique\/boulangerie-et-patisserie\/patisserie\/froid-et-conservation-pour-patisserie\/armoire-pour-conservation\/armoire-refrigeree-1400-gn-2-1-conservation-3-portes-inox-par-tecnodom\/\" \/>\n<meta property=\"og:locale\" content=\"en_US\" \/>\n<meta property=\"og:type\" content=\"article\" \/>\n<meta property=\"og:title\" content=\"Armoire R\u00e9frig\u00e9r\u00e9e 1400 GN 2\/1 \u2013 Conservation \u2013 3 Portes Inox - par Tecnodom | Italia Machines\" \/>\n<meta property=\"og:description\" content=\"\u2022 Int\u00e9rieur et ext\u00e9rieur en acier inoxydable. \u2022 Fond, plafond et dos en acier galvanis\u00e9. \u2022 Coins int\u00e9rieurs arrondis pour un nettoyage facile. \u2022 Isolation en polyur\u00e9thane inject\u00e9 \u00e0 haute pression, sans CFC. \u2022 \u00c9paisseur de l\u2019isolation : 60 mm. \u2022 Portes \u00e0 fermeture automatique avec joints magn\u00e9tiques. \u2022 Panneau de commande \u00e9lectronique en fa\u00e7ade.&hellip;\" \/>\n<meta property=\"og:url\" content=\"https:\/\/italiamachines.com\/en\/boutique\/boulangerie-et-patisserie\/patisserie\/froid-et-conservation-pour-patisserie\/armoire-pour-conservation\/armoire-refrigeree-1400-gn-2-1-conservation-3-portes-inox-par-tecnodom\/\" \/>\n<meta property=\"og:site_name\" content=\"Italia Machines\" \/>\n<meta property=\"article:publisher\" content=\"https:\/\/web.facebook.com\/italiamachines\/\" \/>\n<meta property=\"og:image\" content=\"https:\/\/italiamachines.com\/wp-content\/uploads\/2025\/04\/AF314EKOMTN.png\" \/>\n\t<meta property=\"og:image:width\" content=\"103\" \/>\n\t<meta property=\"og:image:height\" content=\"128\" \/>\n\t<meta property=\"og:image:type\" content=\"image\/png\" \/>\n<meta name=\"twitter:card\" content=\"summary_large_image\" \/>\n<meta name=\"twitter:label1\" content=\"Est. reading time\" \/>\n\t<meta name=\"twitter:data1\" content=\"1 minute\" \/>\n<script type=\"application\/ld+json\" class=\"yoast-schema-graph\">{\"@context\":\"https:\/\/schema.org\",\"@graph\":[{\"@type\":\"WebPage\",\"@id\":\"https:\/\/italiamachines.com\/boutique\/boulangerie-et-patisserie\/patisserie\/froid-et-conservation-pour-patisserie\/armoire-pour-conservation\/armoire-refrigeree-1400-gn-2-1-conservation-3-portes-inox-par-tecnodom\/\",\"url\":\"https:\/\/italiamachines.com\/boutique\/boulangerie-et-patisserie\/patisserie\/froid-et-conservation-pour-patisserie\/armoire-pour-conservation\/armoire-refrigeree-1400-gn-2-1-conservation-3-portes-inox-par-tecnodom\/\",\"name\":\"Armoire R\u00e9frig\u00e9r\u00e9e 1400 GN 2\/1 \u2013 Conservation \u2013 3 Portes Inox - par Tecnodom | Italia Machines\",\"isPartOf\":{\"@id\":\"https:\/\/italiamachines.com\/#website\"},\"primaryImageOfPage\":{\"@id\":\"https:\/\/italiamachines.com\/boutique\/boulangerie-et-patisserie\/patisserie\/froid-et-conservation-pour-patisserie\/armoire-pour-conservation\/armoire-refrigeree-1400-gn-2-1-conservation-3-portes-inox-par-tecnodom\/#primaryimage\"},\"image\":{\"@id\":\"https:\/\/italiamachines.com\/boutique\/boulangerie-et-patisserie\/patisserie\/froid-et-conservation-pour-patisserie\/armoire-pour-conservation\/armoire-refrigeree-1400-gn-2-1-conservation-3-portes-inox-par-tecnodom\/#primaryimage\"},\"thumbnailUrl\":\"https:\/\/italiamachines.com\/wp-content\/uploads\/2025\/04\/AF314EKOMTN.png\",\"datePublished\":\"2025-04-12T21:25:45+00:00\",\"breadcrumb\":{\"@id\":\"https:\/\/italiamachines.com\/boutique\/boulangerie-et-patisserie\/patisserie\/froid-et-conservation-pour-patisserie\/armoire-pour-conservation\/armoire-refrigeree-1400-gn-2-1-conservation-3-portes-inox-par-tecnodom\/#breadcrumb\"},\"inLanguage\":\"en-US\",\"potentialAction\":[{\"@type\":\"ReadAction\",\"target\":[\"https:\/\/italiamachines.com\/boutique\/boulangerie-et-patisserie\/patisserie\/froid-et-conservation-pour-patisserie\/armoire-pour-conservation\/armoire-refrigeree-1400-gn-2-1-conservation-3-portes-inox-par-tecnodom\/\"]}]},{\"@type\":\"ImageObject\",\"inLanguage\":\"en-US\",\"@id\":\"https:\/\/italiamachines.com\/boutique\/boulangerie-et-patisserie\/patisserie\/froid-et-conservation-pour-patisserie\/armoire-pour-conservation\/armoire-refrigeree-1400-gn-2-1-conservation-3-portes-inox-par-tecnodom\/#primaryimage\",\"url\":\"https:\/\/italiamachines.com\/wp-content\/uploads\/2025\/04\/AF314EKOMTN.png\",\"contentUrl\":\"https:\/\/italiamachines.com\/wp-content\/uploads\/2025\/04\/AF314EKOMTN.png\",\"width\":103,\"height\":128},{\"@type\":\"BreadcrumbList\",\"@id\":\"https:\/\/italiamachines.com\/boutique\/boulangerie-et-patisserie\/patisserie\/froid-et-conservation-pour-patisserie\/armoire-pour-conservation\/armoire-refrigeree-1400-gn-2-1-conservation-3-portes-inox-par-tecnodom\/#breadcrumb\",\"itemListElement\":[{\"@type\":\"ListItem\",\"position\":1,\"name\":\"Accueil\",\"item\":\"https:\/\/italiamachines.com\/fr_fr\/\"},{\"@type\":\"ListItem\",\"position\":2,\"name\":\"Boutique\",\"item\":\"https:\/\/italiamachines.com\/boutique\/\"},{\"@type\":\"ListItem\",\"position\":3,\"name\":\"Armoire R\u00e9frig\u00e9r\u00e9e 1400 GN 2\/1 \u2013 Conservation \u2013 3 Portes Inox &#8211; par Tecnodom\"}]},{\"@type\":\"WebSite\",\"@id\":\"https:\/\/italiamachines.com\/#website\",\"url\":\"https:\/\/italiamachines.com\/\",\"name\":\"Italia Machines\",\"description\":\"L&#039;art de l&#039;\u00e9quipement HORECA\",\"publisher\":{\"@id\":\"https:\/\/italiamachines.com\/#organization\"},\"potentialAction\":[{\"@type\":\"SearchAction\",\"target\":{\"@type\":\"EntryPoint\",\"urlTemplate\":\"https:\/\/italiamachines.com\/?s={search_term_string}\"},\"query-input\":{\"@type\":\"PropertyValueSpecification\",\"valueRequired\":true,\"valueName\":\"search_term_string\"}}],\"inLanguage\":\"en-US\"},{\"@type\":\"Organization\",\"@id\":\"https:\/\/italiamachines.com\/#organization\",\"name\":\"italiamachines\",\"url\":\"https:\/\/italiamachines.com\/\",\"logo\":{\"@type\":\"ImageObject\",\"inLanguage\":\"en-US\",\"@id\":\"https:\/\/italiamachines.com\/#\/schema\/logo\/image\/\",\"url\":\"https:\/\/italiamachines.com\/wp-content\/uploads\/2023\/08\/logo-web-1.png\",\"contentUrl\":\"https:\/\/italiamachines.com\/wp-content\/uploads\/2023\/08\/logo-web-1.png\",\"width\":977,\"height\":254,\"caption\":\"italiamachines\"},\"image\":{\"@id\":\"https:\/\/italiamachines.com\/#\/schema\/logo\/image\/\"},\"sameAs\":[\"https:\/\/web.facebook.com\/italiamachines\/\",\"https:\/\/www.instagram.com\/italia.machines\/\"]}]}<\/script>\n<!-- \/ Yoast SEO plugin. -->","yoast_head_json":{"title":"Armoire R\u00e9frig\u00e9r\u00e9e 1400 GN 2\/1 \u2013 Conservation \u2013 3 Portes Inox - par Tecnodom | Italia Machines","robots":{"index":"index","follow":"follow","max-snippet":"max-snippet:-1","max-image-preview":"max-image-preview:large","max-video-preview":"max-video-preview:-1"},"canonical":"https:\/\/italiamachines.com\/en\/boutique\/boulangerie-et-patisserie\/patisserie\/froid-et-conservation-pour-patisserie\/armoire-pour-conservation\/armoire-refrigeree-1400-gn-2-1-conservation-3-portes-inox-par-tecnodom\/","og_locale":"en_US","og_type":"article","og_title":"Armoire R\u00e9frig\u00e9r\u00e9e 1400 GN 2\/1 \u2013 Conservation \u2013 3 Portes Inox - par Tecnodom | Italia Machines","og_description":"\u2022 Int\u00e9rieur et ext\u00e9rieur en acier inoxydable. \u2022 Fond, plafond et dos en acier galvanis\u00e9. \u2022 Coins int\u00e9rieurs arrondis pour un nettoyage facile. \u2022 Isolation en polyur\u00e9thane inject\u00e9 \u00e0 haute pression, sans CFC. \u2022 \u00c9paisseur de l\u2019isolation : 60 mm. \u2022 Portes \u00e0 fermeture automatique avec joints magn\u00e9tiques. \u2022 Panneau de commande \u00e9lectronique en fa\u00e7ade.&hellip;","og_url":"https:\/\/italiamachines.com\/en\/boutique\/boulangerie-et-patisserie\/patisserie\/froid-et-conservation-pour-patisserie\/armoire-pour-conservation\/armoire-refrigeree-1400-gn-2-1-conservation-3-portes-inox-par-tecnodom\/","og_site_name":"Italia Machines","article_publisher":"https:\/\/web.facebook.com\/italiamachines\/","og_image":[{"width":103,"height":128,"url":"https:\/\/italiamachines.com\/wp-content\/uploads\/2025\/04\/AF314EKOMTN.png","type":"image\/png"}],"twitter_card":"summary_large_image","twitter_misc":{"Est. reading time":"1 minute"},"schema":{"@context":"https:\/\/schema.org","@graph":[{"@type":"WebPage","@id":"https:\/\/italiamachines.com\/boutique\/boulangerie-et-patisserie\/patisserie\/froid-et-conservation-pour-patisserie\/armoire-pour-conservation\/armoire-refrigeree-1400-gn-2-1-conservation-3-portes-inox-par-tecnodom\/","url":"https:\/\/italiamachines.com\/boutique\/boulangerie-et-patisserie\/patisserie\/froid-et-conservation-pour-patisserie\/armoire-pour-conservation\/armoire-refrigeree-1400-gn-2-1-conservation-3-portes-inox-par-tecnodom\/","name":"Armoire R\u00e9frig\u00e9r\u00e9e 1400 GN 2\/1 \u2013 Conservation \u2013 3 Portes Inox - par Tecnodom | Italia Machines","isPartOf":{"@id":"https:\/\/italiamachines.com\/#website"},"primaryImageOfPage":{"@id":"https:\/\/italiamachines.com\/boutique\/boulangerie-et-patisserie\/patisserie\/froid-et-conservation-pour-patisserie\/armoire-pour-conservation\/armoire-refrigeree-1400-gn-2-1-conservation-3-portes-inox-par-tecnodom\/#primaryimage"},"image":{"@id":"https:\/\/italiamachines.com\/boutique\/boulangerie-et-patisserie\/patisserie\/froid-et-conservation-pour-patisserie\/armoire-pour-conservation\/armoire-refrigeree-1400-gn-2-1-conservation-3-portes-inox-par-tecnodom\/#primaryimage"},"thumbnailUrl":"https:\/\/italiamachines.com\/wp-content\/uploads\/2025\/04\/AF314EKOMTN.png","datePublished":"2025-04-12T21:25:45+00:00","breadcrumb":{"@id":"https:\/\/italiamachines.com\/boutique\/boulangerie-et-patisserie\/patisserie\/froid-et-conservation-pour-patisserie\/armoire-pour-conservation\/armoire-refrigeree-1400-gn-2-1-conservation-3-portes-inox-par-tecnodom\/#breadcrumb"},"inLanguage":"en-US","potentialAction":[{"@type":"ReadAction","target":["https:\/\/italiamachines.com\/boutique\/boulangerie-et-patisserie\/patisserie\/froid-et-conservation-pour-patisserie\/armoire-pour-conservation\/armoire-refrigeree-1400-gn-2-1-conservation-3-portes-inox-par-tecnodom\/"]}]},{"@type":"ImageObject","inLanguage":"en-US","@id":"https:\/\/italiamachines.com\/boutique\/boulangerie-et-patisserie\/patisserie\/froid-et-conservation-pour-patisserie\/armoire-pour-conservation\/armoire-refrigeree-1400-gn-2-1-conservation-3-portes-inox-par-tecnodom\/#primaryimage","url":"https:\/\/italiamachines.com\/wp-content\/uploads\/2025\/04\/AF314EKOMTN.png","contentUrl":"https:\/\/italiamachines.com\/wp-content\/uploads\/2025\/04\/AF314EKOMTN.png","width":103,"height":128},{"@type":"BreadcrumbList","@id":"https:\/\/italiamachines.com\/boutique\/boulangerie-et-patisserie\/patisserie\/froid-et-conservation-pour-patisserie\/armoire-pour-conservation\/armoire-refrigeree-1400-gn-2-1-conservation-3-portes-inox-par-tecnodom\/#breadcrumb","itemListElement":[{"@type":"ListItem","position":1,"name":"Accueil","item":"https:\/\/italiamachines.com\/fr_fr\/"},{"@type":"ListItem","position":2,"name":"Boutique","item":"https:\/\/italiamachines.com\/boutique\/"},{"@type":"ListItem","position":3,"name":"Armoire R\u00e9frig\u00e9r\u00e9e 1400 GN 2\/1 \u2013 Conservation \u2013 3 Portes Inox &#8211; par Tecnodom"}]},{"@type":"WebSite","@id":"https:\/\/italiamachines.com\/#website","url":"https:\/\/italiamachines.com\/","name":"Italia Machines","description":"L&#039;art de l&#039;\u00e9quipement HORECA","publisher":{"@id":"https:\/\/italiamachines.com\/#organization"},"potentialAction":[{"@type":"SearchAction","target":{"@type":"EntryPoint","urlTemplate":"https:\/\/italiamachines.com\/?s={search_term_string}"},"query-input":{"@type":"PropertyValueSpecification","valueRequired":true,"valueName":"search_term_string"}}],"inLanguage":"en-US"},{"@type":"Organization","@id":"https:\/\/italiamachines.com\/#organization","name":"italiamachines","url":"https:\/\/italiamachines.com\/","logo":{"@type":"ImageObject","inLanguage":"en-US","@id":"https:\/\/italiamachines.com\/#\/schema\/logo\/image\/","url":"https:\/\/italiamachines.com\/wp-content\/uploads\/2023\/08\/logo-web-1.png","contentUrl":"https:\/\/italiamachines.com\/wp-content\/uploads\/2023\/08\/logo-web-1.png","width":977,"height":254,"caption":"italiamachines"},"image":{"@id":"https:\/\/italiamachines.com\/#\/schema\/logo\/image\/"},"sameAs":["https:\/\/web.facebook.com\/italiamachines\/","https:\/\/www.instagram.com\/italia.machines\/"]}]}},"_links":{"self":[{"href":"https:\/\/italiamachines.com\/en\/wp-json\/wp\/v2\/product\/10674","targetHints":{"allow":["GET"]}}],"collection":[{"href":"https:\/\/italiamachines.com\/en\/wp-json\/wp\/v2\/product"}],"about":[{"href":"https:\/\/italiamachines.com\/en\/wp-json\/wp\/v2\/types\/product"}],"replies":[{"embeddable":true,"href":"https:\/\/italiamachines.com\/en\/wp-json\/wp\/v2\/comments?post=10674"}],"wp:featuredmedia":[{"embeddable":true,"href":"https:\/\/italiamachines.com\/en\/wp-json\/wp\/v2\/media\/10675"}],"wp:attachment":[{"href":"https:\/\/italiamachines.com\/en\/wp-json\/wp\/v2\/media?parent=10674"}],"wp:term":[{"taxonomy":"product_cat","embeddable":true,"href":"https:\/\/italiamachines.com\/en\/wp-json\/wp\/v2\/product_cat?post=10674"},{"taxonomy":"product_tag","embeddable":true,"href":"https:\/\/italiamachines.com\/en\/wp-json\/wp\/v2\/product_tag?post=10674"}],"curies":[{"name":"wp","href":"https:\/\/api.w.org\/{rel}","templated":true}]}}