{"id":10676,"date":"2025-04-12T23:45:02","date_gmt":"2025-04-12T21:45:02","guid":{"rendered":"https:\/\/italiamachines.com\/?post_type=product&#038;p=10676"},"modified":"2025-04-12T23:45:02","modified_gmt":"2025-04-12T21:45:02","slug":"armoire-a-fermentation-controlee-335-27-niveaux-60x40-60x80","status":"publish","type":"product","link":"https:\/\/italiamachines.com\/en\/boutique\/boulangerie-et-patisserie\/patisserie\/fermentation-pour-patisserie\/fermentation-controlee-pour-patisserie\/armoire-a-fermentation-controlee-335-27-niveaux-60x40-60x80\/","title":{"rendered":"Armoire \u00e0 fermentation contr\u00f4l\u00e9e -3\u00b0+35\u00b0 &#8211; 27 niveaux &#8211; 60&#215;40 | 60&#215;80"},"content":{"rendered":"<p>\u2022 Structure monobloc en acier inox.<br \/>\n\u2022 Finition ext\u00e9rieure scotch-brite satin\u00e9e.<br \/>\n\u2022 \u00c9paisseur d\u2019isolation de 75 mm avec mousse de polyur\u00e9thane \u00e0 haute densit\u00e9 (40 kg\/m\u00b3).<br \/>\n\u2022 Circulation d\u2019air interne indirecte et uniforme.<br \/>\n\u2022 Syst\u00e8me d\u2019humidification et de d\u00e9shumidification automatique \u00e0 contr\u00f4le uniforme.<br \/>\n\u2022 Contr\u00f4le \u00e9lectronique par \u00e9cran LCD avec fonctions avanc\u00e9es.<br \/>\n\u2022 Pieds r\u00e9glables en acier inox, hauteur 120-150 mm.<br \/>\n\u2022 Portes \u00e0 fermeture automatique avec arr\u00eat \u00e0 90\u00b0.<br \/>\n\u2022 Fond int\u00e9rieur moul\u00e9 avec trou de lavage.<br \/>\n\u2022 D\u00e9givrage automatique par gaz chauds.<br \/>\n\u2022 \u00c9vaporation automatique de l\u2019eau de condensation.<br \/>\n\u2022 Sans CFC ni HCFC.<br \/>\n\u2022 \u00c9clairage int\u00e9rieur.<br \/>\n\u2022 Serrure de s\u00e9rie.<\/p>","protected":false},"excerpt":{"rendered":"<p>\u2022 Structure monobloc en acier inox. \u2022 Finition ext\u00e9rieure scotch-brite satin\u00e9e. \u2022 \u00c9paisseur d\u2019isolation de 75 mm avec mousse de polyur\u00e9thane \u00e0 haute densit\u00e9 (40 kg\/m\u00b3). \u2022 Circulation d\u2019air interne indirecte et uniforme. \u2022 Syst\u00e8me d\u2019humidification et de d\u00e9shumidification automatique \u00e0 contr\u00f4le uniforme. \u2022 Contr\u00f4le \u00e9lectronique par \u00e9cran LCD avec fonctions avanc\u00e9es. \u2022 Pieds r\u00e9glables&hellip;<\/p>","protected":false},"featured_media":10677,"comment_status":"open","ping_status":"closed","template":"","meta":[],"product_cat":[248,184,265,186],"product_tag":[],"class_list":{"0":"post-10676","1":"product","2":"type-product","3":"status-publish","4":"has-post-thumbnail","6":"product_cat-armoire-de-fermentation","7":"product_cat-fermentation-boulangerie","8":"product_cat-fermentation-controlee-pour-patisserie","9":"product_cat-fermentation-pour-patisserie","11":"first","12":"instock","13":"shipping-taxable","14":"purchasable","15":"product-type-variable","16":"col-xs-6 col-sm-4","17":"col-md-3 col-lg-3","18":"un-4-cols"},"yoast_head":"<!-- This site is optimized with the Yoast SEO plugin v26.6 - https:\/\/yoast.com\/wordpress\/plugins\/seo\/ -->\n<title>Armoire \u00e0 fermentation contr\u00f4l\u00e9e -3\u00b0+35\u00b0 - 27 niveaux - 60x40 | 60x80 | Italia Machines<\/title>\n<meta name=\"robots\" content=\"index, follow, max-snippet:-1, max-image-preview:large, max-video-preview:-1\" \/>\n<link rel=\"canonical\" href=\"https:\/\/italiamachines.com\/en\/boutique\/boulangerie-et-patisserie\/patisserie\/fermentation-pour-patisserie\/fermentation-controlee-pour-patisserie\/armoire-a-fermentation-controlee-335-27-niveaux-60x40-60x80\/\" \/>\n<meta property=\"og:locale\" content=\"en_US\" \/>\n<meta property=\"og:type\" content=\"article\" \/>\n<meta property=\"og:title\" content=\"Armoire \u00e0 fermentation contr\u00f4l\u00e9e -3\u00b0+35\u00b0 - 27 niveaux - 60x40 | 60x80 | Italia Machines\" \/>\n<meta property=\"og:description\" content=\"\u2022 Structure monobloc en acier inox. \u2022 Finition ext\u00e9rieure scotch-brite satin\u00e9e. \u2022 \u00c9paisseur d\u2019isolation de 75 mm avec mousse de polyur\u00e9thane \u00e0 haute densit\u00e9 (40 kg\/m\u00b3). \u2022 Circulation d\u2019air interne indirecte et uniforme. \u2022 Syst\u00e8me d\u2019humidification et de d\u00e9shumidification automatique \u00e0 contr\u00f4le uniforme. \u2022 Contr\u00f4le \u00e9lectronique par \u00e9cran LCD avec fonctions avanc\u00e9es. \u2022 Pieds r\u00e9glables&hellip;\" \/>\n<meta property=\"og:url\" content=\"https:\/\/italiamachines.com\/en\/boutique\/boulangerie-et-patisserie\/patisserie\/fermentation-pour-patisserie\/fermentation-controlee-pour-patisserie\/armoire-a-fermentation-controlee-335-27-niveaux-60x40-60x80\/\" \/>\n<meta property=\"og:site_name\" content=\"Italia Machines\" \/>\n<meta property=\"article:publisher\" content=\"https:\/\/web.facebook.com\/italiamachines\/\" \/>\n<meta property=\"og:image\" content=\"https:\/\/italiamachines.com\/wp-content\/uploads\/2025\/04\/AF64X1511.jpg\" \/>\n\t<meta property=\"og:image:width\" content=\"500\" \/>\n\t<meta property=\"og:image:height\" content=\"500\" \/>\n\t<meta property=\"og:image:type\" content=\"image\/jpeg\" \/>\n<meta name=\"twitter:card\" content=\"summary_large_image\" \/>\n<meta name=\"twitter:label1\" content=\"Est. reading time\" \/>\n\t<meta name=\"twitter:data1\" content=\"1 minute\" \/>\n<script type=\"application\/ld+json\" class=\"yoast-schema-graph\">{\"@context\":\"https:\/\/schema.org\",\"@graph\":[{\"@type\":\"WebPage\",\"@id\":\"https:\/\/italiamachines.com\/boutique\/boulangerie-et-patisserie\/patisserie\/fermentation-pour-patisserie\/fermentation-controlee-pour-patisserie\/armoire-a-fermentation-controlee-335-27-niveaux-60x40-60x80\/\",\"url\":\"https:\/\/italiamachines.com\/boutique\/boulangerie-et-patisserie\/patisserie\/fermentation-pour-patisserie\/fermentation-controlee-pour-patisserie\/armoire-a-fermentation-controlee-335-27-niveaux-60x40-60x80\/\",\"name\":\"Armoire \u00e0 fermentation contr\u00f4l\u00e9e -3\u00b0+35\u00b0 - 27 niveaux - 60x40 | 60x80 | Italia Machines\",\"isPartOf\":{\"@id\":\"https:\/\/italiamachines.com\/#website\"},\"primaryImageOfPage\":{\"@id\":\"https:\/\/italiamachines.com\/boutique\/boulangerie-et-patisserie\/patisserie\/fermentation-pour-patisserie\/fermentation-controlee-pour-patisserie\/armoire-a-fermentation-controlee-335-27-niveaux-60x40-60x80\/#primaryimage\"},\"image\":{\"@id\":\"https:\/\/italiamachines.com\/boutique\/boulangerie-et-patisserie\/patisserie\/fermentation-pour-patisserie\/fermentation-controlee-pour-patisserie\/armoire-a-fermentation-controlee-335-27-niveaux-60x40-60x80\/#primaryimage\"},\"thumbnailUrl\":\"https:\/\/italiamachines.com\/wp-content\/uploads\/2025\/04\/AF64X1511.jpg\",\"datePublished\":\"2025-04-12T21:45:02+00:00\",\"breadcrumb\":{\"@id\":\"https:\/\/italiamachines.com\/boutique\/boulangerie-et-patisserie\/patisserie\/fermentation-pour-patisserie\/fermentation-controlee-pour-patisserie\/armoire-a-fermentation-controlee-335-27-niveaux-60x40-60x80\/#breadcrumb\"},\"inLanguage\":\"en-US\",\"potentialAction\":[{\"@type\":\"ReadAction\",\"target\":[\"https:\/\/italiamachines.com\/boutique\/boulangerie-et-patisserie\/patisserie\/fermentation-pour-patisserie\/fermentation-controlee-pour-patisserie\/armoire-a-fermentation-controlee-335-27-niveaux-60x40-60x80\/\"]}]},{\"@type\":\"ImageObject\",\"inLanguage\":\"en-US\",\"@id\":\"https:\/\/italiamachines.com\/boutique\/boulangerie-et-patisserie\/patisserie\/fermentation-pour-patisserie\/fermentation-controlee-pour-patisserie\/armoire-a-fermentation-controlee-335-27-niveaux-60x40-60x80\/#primaryimage\",\"url\":\"https:\/\/italiamachines.com\/wp-content\/uploads\/2025\/04\/AF64X1511.jpg\",\"contentUrl\":\"https:\/\/italiamachines.com\/wp-content\/uploads\/2025\/04\/AF64X1511.jpg\",\"width\":500,\"height\":500},{\"@type\":\"BreadcrumbList\",\"@id\":\"https:\/\/italiamachines.com\/boutique\/boulangerie-et-patisserie\/patisserie\/fermentation-pour-patisserie\/fermentation-controlee-pour-patisserie\/armoire-a-fermentation-controlee-335-27-niveaux-60x40-60x80\/#breadcrumb\",\"itemListElement\":[{\"@type\":\"ListItem\",\"position\":1,\"name\":\"Accueil\",\"item\":\"https:\/\/italiamachines.com\/fr_fr\/\"},{\"@type\":\"ListItem\",\"position\":2,\"name\":\"Boutique\",\"item\":\"https:\/\/italiamachines.com\/boutique\/\"},{\"@type\":\"ListItem\",\"position\":3,\"name\":\"Armoire \u00e0 fermentation contr\u00f4l\u00e9e -3\u00b0+35\u00b0 &#8211; 27 niveaux &#8211; 60&#215;40 | 60&#215;80\"}]},{\"@type\":\"WebSite\",\"@id\":\"https:\/\/italiamachines.com\/#website\",\"url\":\"https:\/\/italiamachines.com\/\",\"name\":\"Italia Machines\",\"description\":\"L&#039;art de l&#039;\u00e9quipement HORECA\",\"publisher\":{\"@id\":\"https:\/\/italiamachines.com\/#organization\"},\"potentialAction\":[{\"@type\":\"SearchAction\",\"target\":{\"@type\":\"EntryPoint\",\"urlTemplate\":\"https:\/\/italiamachines.com\/?s={search_term_string}\"},\"query-input\":{\"@type\":\"PropertyValueSpecification\",\"valueRequired\":true,\"valueName\":\"search_term_string\"}}],\"inLanguage\":\"en-US\"},{\"@type\":\"Organization\",\"@id\":\"https:\/\/italiamachines.com\/#organization\",\"name\":\"italiamachines\",\"url\":\"https:\/\/italiamachines.com\/\",\"logo\":{\"@type\":\"ImageObject\",\"inLanguage\":\"en-US\",\"@id\":\"https:\/\/italiamachines.com\/#\/schema\/logo\/image\/\",\"url\":\"https:\/\/italiamachines.com\/wp-content\/uploads\/2023\/08\/logo-web-1.png\",\"contentUrl\":\"https:\/\/italiamachines.com\/wp-content\/uploads\/2023\/08\/logo-web-1.png\",\"width\":977,\"height\":254,\"caption\":\"italiamachines\"},\"image\":{\"@id\":\"https:\/\/italiamachines.com\/#\/schema\/logo\/image\/\"},\"sameAs\":[\"https:\/\/web.facebook.com\/italiamachines\/\",\"https:\/\/www.instagram.com\/italia.machines\/\"]}]}<\/script>\n<!-- \/ Yoast SEO plugin. -->","yoast_head_json":{"title":"Armoire \u00e0 fermentation contr\u00f4l\u00e9e -3\u00b0+35\u00b0 - 27 niveaux - 60x40 | 60x80 | Italia Machines","robots":{"index":"index","follow":"follow","max-snippet":"max-snippet:-1","max-image-preview":"max-image-preview:large","max-video-preview":"max-video-preview:-1"},"canonical":"https:\/\/italiamachines.com\/en\/boutique\/boulangerie-et-patisserie\/patisserie\/fermentation-pour-patisserie\/fermentation-controlee-pour-patisserie\/armoire-a-fermentation-controlee-335-27-niveaux-60x40-60x80\/","og_locale":"en_US","og_type":"article","og_title":"Armoire \u00e0 fermentation contr\u00f4l\u00e9e -3\u00b0+35\u00b0 - 27 niveaux - 60x40 | 60x80 | Italia Machines","og_description":"\u2022 Structure monobloc en acier inox. \u2022 Finition ext\u00e9rieure scotch-brite satin\u00e9e. \u2022 \u00c9paisseur d\u2019isolation de 75 mm avec mousse de polyur\u00e9thane \u00e0 haute densit\u00e9 (40 kg\/m\u00b3). \u2022 Circulation d\u2019air interne indirecte et uniforme. \u2022 Syst\u00e8me d\u2019humidification et de d\u00e9shumidification automatique \u00e0 contr\u00f4le uniforme. \u2022 Contr\u00f4le \u00e9lectronique par \u00e9cran LCD avec fonctions avanc\u00e9es. \u2022 Pieds r\u00e9glables&hellip;","og_url":"https:\/\/italiamachines.com\/en\/boutique\/boulangerie-et-patisserie\/patisserie\/fermentation-pour-patisserie\/fermentation-controlee-pour-patisserie\/armoire-a-fermentation-controlee-335-27-niveaux-60x40-60x80\/","og_site_name":"Italia Machines","article_publisher":"https:\/\/web.facebook.com\/italiamachines\/","og_image":[{"width":500,"height":500,"url":"https:\/\/italiamachines.com\/wp-content\/uploads\/2025\/04\/AF64X1511.jpg","type":"image\/jpeg"}],"twitter_card":"summary_large_image","twitter_misc":{"Est. reading time":"1 minute"},"schema":{"@context":"https:\/\/schema.org","@graph":[{"@type":"WebPage","@id":"https:\/\/italiamachines.com\/boutique\/boulangerie-et-patisserie\/patisserie\/fermentation-pour-patisserie\/fermentation-controlee-pour-patisserie\/armoire-a-fermentation-controlee-335-27-niveaux-60x40-60x80\/","url":"https:\/\/italiamachines.com\/boutique\/boulangerie-et-patisserie\/patisserie\/fermentation-pour-patisserie\/fermentation-controlee-pour-patisserie\/armoire-a-fermentation-controlee-335-27-niveaux-60x40-60x80\/","name":"Armoire \u00e0 fermentation contr\u00f4l\u00e9e -3\u00b0+35\u00b0 - 27 niveaux - 60x40 | 60x80 | Italia Machines","isPartOf":{"@id":"https:\/\/italiamachines.com\/#website"},"primaryImageOfPage":{"@id":"https:\/\/italiamachines.com\/boutique\/boulangerie-et-patisserie\/patisserie\/fermentation-pour-patisserie\/fermentation-controlee-pour-patisserie\/armoire-a-fermentation-controlee-335-27-niveaux-60x40-60x80\/#primaryimage"},"image":{"@id":"https:\/\/italiamachines.com\/boutique\/boulangerie-et-patisserie\/patisserie\/fermentation-pour-patisserie\/fermentation-controlee-pour-patisserie\/armoire-a-fermentation-controlee-335-27-niveaux-60x40-60x80\/#primaryimage"},"thumbnailUrl":"https:\/\/italiamachines.com\/wp-content\/uploads\/2025\/04\/AF64X1511.jpg","datePublished":"2025-04-12T21:45:02+00:00","breadcrumb":{"@id":"https:\/\/italiamachines.com\/boutique\/boulangerie-et-patisserie\/patisserie\/fermentation-pour-patisserie\/fermentation-controlee-pour-patisserie\/armoire-a-fermentation-controlee-335-27-niveaux-60x40-60x80\/#breadcrumb"},"inLanguage":"en-US","potentialAction":[{"@type":"ReadAction","target":["https:\/\/italiamachines.com\/boutique\/boulangerie-et-patisserie\/patisserie\/fermentation-pour-patisserie\/fermentation-controlee-pour-patisserie\/armoire-a-fermentation-controlee-335-27-niveaux-60x40-60x80\/"]}]},{"@type":"ImageObject","inLanguage":"en-US","@id":"https:\/\/italiamachines.com\/boutique\/boulangerie-et-patisserie\/patisserie\/fermentation-pour-patisserie\/fermentation-controlee-pour-patisserie\/armoire-a-fermentation-controlee-335-27-niveaux-60x40-60x80\/#primaryimage","url":"https:\/\/italiamachines.com\/wp-content\/uploads\/2025\/04\/AF64X1511.jpg","contentUrl":"https:\/\/italiamachines.com\/wp-content\/uploads\/2025\/04\/AF64X1511.jpg","width":500,"height":500},{"@type":"BreadcrumbList","@id":"https:\/\/italiamachines.com\/boutique\/boulangerie-et-patisserie\/patisserie\/fermentation-pour-patisserie\/fermentation-controlee-pour-patisserie\/armoire-a-fermentation-controlee-335-27-niveaux-60x40-60x80\/#breadcrumb","itemListElement":[{"@type":"ListItem","position":1,"name":"Accueil","item":"https:\/\/italiamachines.com\/fr_fr\/"},{"@type":"ListItem","position":2,"name":"Boutique","item":"https:\/\/italiamachines.com\/boutique\/"},{"@type":"ListItem","position":3,"name":"Armoire \u00e0 fermentation contr\u00f4l\u00e9e -3\u00b0+35\u00b0 &#8211; 27 niveaux &#8211; 60&#215;40 | 60&#215;80"}]},{"@type":"WebSite","@id":"https:\/\/italiamachines.com\/#website","url":"https:\/\/italiamachines.com\/","name":"Italia Machines","description":"L&#039;art de l&#039;\u00e9quipement HORECA","publisher":{"@id":"https:\/\/italiamachines.com\/#organization"},"potentialAction":[{"@type":"SearchAction","target":{"@type":"EntryPoint","urlTemplate":"https:\/\/italiamachines.com\/?s={search_term_string}"},"query-input":{"@type":"PropertyValueSpecification","valueRequired":true,"valueName":"search_term_string"}}],"inLanguage":"en-US"},{"@type":"Organization","@id":"https:\/\/italiamachines.com\/#organization","name":"italiamachines","url":"https:\/\/italiamachines.com\/","logo":{"@type":"ImageObject","inLanguage":"en-US","@id":"https:\/\/italiamachines.com\/#\/schema\/logo\/image\/","url":"https:\/\/italiamachines.com\/wp-content\/uploads\/2023\/08\/logo-web-1.png","contentUrl":"https:\/\/italiamachines.com\/wp-content\/uploads\/2023\/08\/logo-web-1.png","width":977,"height":254,"caption":"italiamachines"},"image":{"@id":"https:\/\/italiamachines.com\/#\/schema\/logo\/image\/"},"sameAs":["https:\/\/web.facebook.com\/italiamachines\/","https:\/\/www.instagram.com\/italia.machines\/"]}]}},"_links":{"self":[{"href":"https:\/\/italiamachines.com\/en\/wp-json\/wp\/v2\/product\/10676","targetHints":{"allow":["GET"]}}],"collection":[{"href":"https:\/\/italiamachines.com\/en\/wp-json\/wp\/v2\/product"}],"about":[{"href":"https:\/\/italiamachines.com\/en\/wp-json\/wp\/v2\/types\/product"}],"replies":[{"embeddable":true,"href":"https:\/\/italiamachines.com\/en\/wp-json\/wp\/v2\/comments?post=10676"}],"wp:featuredmedia":[{"embeddable":true,"href":"https:\/\/italiamachines.com\/en\/wp-json\/wp\/v2\/media\/10677"}],"wp:attachment":[{"href":"https:\/\/italiamachines.com\/en\/wp-json\/wp\/v2\/media?parent=10676"}],"wp:term":[{"taxonomy":"product_cat","embeddable":true,"href":"https:\/\/italiamachines.com\/en\/wp-json\/wp\/v2\/product_cat?post=10676"},{"taxonomy":"product_tag","embeddable":true,"href":"https:\/\/italiamachines.com\/en\/wp-json\/wp\/v2\/product_tag?post=10676"}],"curies":[{"name":"wp","href":"https:\/\/api.w.org\/{rel}","templated":true}]}}