{"id":10686,"date":"2025-04-15T22:35:58","date_gmt":"2025-04-15T20:35:58","guid":{"rendered":"https:\/\/italiamachines.com\/?post_type=product&#038;p=10686"},"modified":"2025-04-15T22:35:58","modified_gmt":"2025-04-15T20:35:58","slug":"micro-ondes-25-l-avec-cavite-en-inox-plateau-en-ceramique-par-peloni","status":"publish","type":"product","link":"https:\/\/italiamachines.com\/en\/boutique\/cafe-glacier-lecheria\/four-a-micro-ondes\/micro-ondes-25-l-avec-cavite-en-inox-plateau-en-ceramique-par-peloni\/","title":{"rendered":"Micro-ondes 25 L avec cavit\u00e9 en inox, plateau en c\u00e9ramique &#8211; par Peloni"},"content":{"rendered":"<p>Capacit\u00e9 de 25 L<br \/>\nPuissance de 1000 W<\/p>","protected":false},"excerpt":{"rendered":"<p>Capacit\u00e9 de 25 L Puissance de 1000 W<\/p>","protected":false},"featured_media":10687,"comment_status":"open","ping_status":"closed","template":"","meta":[],"product_cat":[65,70,80,112],"product_tag":[],"class_list":{"0":"post-10686","1":"product","2":"type-product","3":"status-publish","4":"has-post-thumbnail","6":"product_cat-cafe-glacier-lecheria","7":"product_cat-four-a-micro-ondes","8":"product_cat-glacier-lecheria","9":"product_cat-restaurant-snack-et-pizzeria","11":"first","12":"instock","13":"shipping-taxable","14":"purchasable","15":"product-type-simple","16":"col-xs-6 col-sm-4","17":"col-md-3 col-lg-3","18":"un-4-cols"},"yoast_head":"<!-- This site is optimized with the Yoast SEO plugin v26.6 - https:\/\/yoast.com\/wordpress\/plugins\/seo\/ -->\n<title>Micro-ondes 25 L avec cavit\u00e9 en inox, plateau en c\u00e9ramique - par Peloni | Italia Machines<\/title>\n<meta name=\"robots\" content=\"index, follow, max-snippet:-1, max-image-preview:large, max-video-preview:-1\" \/>\n<link rel=\"canonical\" href=\"https:\/\/italiamachines.com\/en\/boutique\/cafe-glacier-lecheria\/four-a-micro-ondes\/micro-ondes-25-l-avec-cavite-en-inox-plateau-en-ceramique-par-peloni\/\" \/>\n<meta property=\"og:locale\" content=\"en_US\" \/>\n<meta property=\"og:type\" content=\"article\" \/>\n<meta property=\"og:title\" content=\"Micro-ondes 25 L avec cavit\u00e9 en inox, plateau en c\u00e9ramique - par Peloni | Italia Machines\" \/>\n<meta property=\"og:description\" content=\"Capacit\u00e9 de 25 L Puissance de 1000 W\" \/>\n<meta property=\"og:url\" content=\"https:\/\/italiamachines.com\/en\/boutique\/cafe-glacier-lecheria\/four-a-micro-ondes\/micro-ondes-25-l-avec-cavite-en-inox-plateau-en-ceramique-par-peloni\/\" \/>\n<meta property=\"og:site_name\" content=\"Italia Machines\" \/>\n<meta property=\"article:publisher\" content=\"https:\/\/web.facebook.com\/italiamachines\/\" \/>\n<meta property=\"og:image\" content=\"https:\/\/italiamachines.com\/wp-content\/uploads\/2025\/04\/AM025F4W.png\" \/>\n\t<meta property=\"og:image:width\" content=\"418\" \/>\n\t<meta property=\"og:image:height\" content=\"238\" \/>\n\t<meta property=\"og:image:type\" content=\"image\/png\" \/>\n<meta name=\"twitter:card\" content=\"summary_large_image\" \/>\n<meta name=\"twitter:label1\" content=\"Est. reading time\" \/>\n\t<meta name=\"twitter:data1\" content=\"1 minute\" \/>\n<script type=\"application\/ld+json\" class=\"yoast-schema-graph\">{\"@context\":\"https:\/\/schema.org\",\"@graph\":[{\"@type\":\"WebPage\",\"@id\":\"https:\/\/italiamachines.com\/boutique\/cafe-glacier-lecheria\/four-a-micro-ondes\/micro-ondes-25-l-avec-cavite-en-inox-plateau-en-ceramique-par-peloni\/\",\"url\":\"https:\/\/italiamachines.com\/boutique\/cafe-glacier-lecheria\/four-a-micro-ondes\/micro-ondes-25-l-avec-cavite-en-inox-plateau-en-ceramique-par-peloni\/\",\"name\":\"Micro-ondes 25 L avec cavit\u00e9 en inox, plateau en c\u00e9ramique - par Peloni | Italia Machines\",\"isPartOf\":{\"@id\":\"https:\/\/italiamachines.com\/#website\"},\"primaryImageOfPage\":{\"@id\":\"https:\/\/italiamachines.com\/boutique\/cafe-glacier-lecheria\/four-a-micro-ondes\/micro-ondes-25-l-avec-cavite-en-inox-plateau-en-ceramique-par-peloni\/#primaryimage\"},\"image\":{\"@id\":\"https:\/\/italiamachines.com\/boutique\/cafe-glacier-lecheria\/four-a-micro-ondes\/micro-ondes-25-l-avec-cavite-en-inox-plateau-en-ceramique-par-peloni\/#primaryimage\"},\"thumbnailUrl\":\"https:\/\/italiamachines.com\/wp-content\/uploads\/2025\/04\/AM025F4W.png\",\"datePublished\":\"2025-04-15T20:35:58+00:00\",\"breadcrumb\":{\"@id\":\"https:\/\/italiamachines.com\/boutique\/cafe-glacier-lecheria\/four-a-micro-ondes\/micro-ondes-25-l-avec-cavite-en-inox-plateau-en-ceramique-par-peloni\/#breadcrumb\"},\"inLanguage\":\"en-US\",\"potentialAction\":[{\"@type\":\"ReadAction\",\"target\":[\"https:\/\/italiamachines.com\/boutique\/cafe-glacier-lecheria\/four-a-micro-ondes\/micro-ondes-25-l-avec-cavite-en-inox-plateau-en-ceramique-par-peloni\/\"]}]},{\"@type\":\"ImageObject\",\"inLanguage\":\"en-US\",\"@id\":\"https:\/\/italiamachines.com\/boutique\/cafe-glacier-lecheria\/four-a-micro-ondes\/micro-ondes-25-l-avec-cavite-en-inox-plateau-en-ceramique-par-peloni\/#primaryimage\",\"url\":\"https:\/\/italiamachines.com\/wp-content\/uploads\/2025\/04\/AM025F4W.png\",\"contentUrl\":\"https:\/\/italiamachines.com\/wp-content\/uploads\/2025\/04\/AM025F4W.png\",\"width\":418,\"height\":238},{\"@type\":\"BreadcrumbList\",\"@id\":\"https:\/\/italiamachines.com\/boutique\/cafe-glacier-lecheria\/four-a-micro-ondes\/micro-ondes-25-l-avec-cavite-en-inox-plateau-en-ceramique-par-peloni\/#breadcrumb\",\"itemListElement\":[{\"@type\":\"ListItem\",\"position\":1,\"name\":\"Accueil\",\"item\":\"https:\/\/italiamachines.com\/fr_fr\/\"},{\"@type\":\"ListItem\",\"position\":2,\"name\":\"Boutique\",\"item\":\"https:\/\/italiamachines.com\/boutique\/\"},{\"@type\":\"ListItem\",\"position\":3,\"name\":\"Micro-ondes 25 L avec cavit\u00e9 en inox, plateau en c\u00e9ramique &#8211; par Peloni\"}]},{\"@type\":\"WebSite\",\"@id\":\"https:\/\/italiamachines.com\/#website\",\"url\":\"https:\/\/italiamachines.com\/\",\"name\":\"Italia Machines\",\"description\":\"L&#039;art de l&#039;\u00e9quipement HORECA\",\"publisher\":{\"@id\":\"https:\/\/italiamachines.com\/#organization\"},\"potentialAction\":[{\"@type\":\"SearchAction\",\"target\":{\"@type\":\"EntryPoint\",\"urlTemplate\":\"https:\/\/italiamachines.com\/?s={search_term_string}\"},\"query-input\":{\"@type\":\"PropertyValueSpecification\",\"valueRequired\":true,\"valueName\":\"search_term_string\"}}],\"inLanguage\":\"en-US\"},{\"@type\":\"Organization\",\"@id\":\"https:\/\/italiamachines.com\/#organization\",\"name\":\"italiamachines\",\"url\":\"https:\/\/italiamachines.com\/\",\"logo\":{\"@type\":\"ImageObject\",\"inLanguage\":\"en-US\",\"@id\":\"https:\/\/italiamachines.com\/#\/schema\/logo\/image\/\",\"url\":\"https:\/\/italiamachines.com\/wp-content\/uploads\/2023\/08\/logo-web-1.png\",\"contentUrl\":\"https:\/\/italiamachines.com\/wp-content\/uploads\/2023\/08\/logo-web-1.png\",\"width\":977,\"height\":254,\"caption\":\"italiamachines\"},\"image\":{\"@id\":\"https:\/\/italiamachines.com\/#\/schema\/logo\/image\/\"},\"sameAs\":[\"https:\/\/web.facebook.com\/italiamachines\/\",\"https:\/\/www.instagram.com\/italia.machines\/\"]}]}<\/script>\n<!-- \/ Yoast SEO plugin. -->","yoast_head_json":{"title":"Micro-ondes 25 L avec cavit\u00e9 en inox, plateau en c\u00e9ramique - par Peloni | Italia Machines","robots":{"index":"index","follow":"follow","max-snippet":"max-snippet:-1","max-image-preview":"max-image-preview:large","max-video-preview":"max-video-preview:-1"},"canonical":"https:\/\/italiamachines.com\/en\/boutique\/cafe-glacier-lecheria\/four-a-micro-ondes\/micro-ondes-25-l-avec-cavite-en-inox-plateau-en-ceramique-par-peloni\/","og_locale":"en_US","og_type":"article","og_title":"Micro-ondes 25 L avec cavit\u00e9 en inox, plateau en c\u00e9ramique - par Peloni | Italia Machines","og_description":"Capacit\u00e9 de 25 L Puissance de 1000 W","og_url":"https:\/\/italiamachines.com\/en\/boutique\/cafe-glacier-lecheria\/four-a-micro-ondes\/micro-ondes-25-l-avec-cavite-en-inox-plateau-en-ceramique-par-peloni\/","og_site_name":"Italia Machines","article_publisher":"https:\/\/web.facebook.com\/italiamachines\/","og_image":[{"width":418,"height":238,"url":"https:\/\/italiamachines.com\/wp-content\/uploads\/2025\/04\/AM025F4W.png","type":"image\/png"}],"twitter_card":"summary_large_image","twitter_misc":{"Est. reading time":"1 minute"},"schema":{"@context":"https:\/\/schema.org","@graph":[{"@type":"WebPage","@id":"https:\/\/italiamachines.com\/boutique\/cafe-glacier-lecheria\/four-a-micro-ondes\/micro-ondes-25-l-avec-cavite-en-inox-plateau-en-ceramique-par-peloni\/","url":"https:\/\/italiamachines.com\/boutique\/cafe-glacier-lecheria\/four-a-micro-ondes\/micro-ondes-25-l-avec-cavite-en-inox-plateau-en-ceramique-par-peloni\/","name":"Micro-ondes 25 L avec cavit\u00e9 en inox, plateau en c\u00e9ramique - par Peloni | Italia Machines","isPartOf":{"@id":"https:\/\/italiamachines.com\/#website"},"primaryImageOfPage":{"@id":"https:\/\/italiamachines.com\/boutique\/cafe-glacier-lecheria\/four-a-micro-ondes\/micro-ondes-25-l-avec-cavite-en-inox-plateau-en-ceramique-par-peloni\/#primaryimage"},"image":{"@id":"https:\/\/italiamachines.com\/boutique\/cafe-glacier-lecheria\/four-a-micro-ondes\/micro-ondes-25-l-avec-cavite-en-inox-plateau-en-ceramique-par-peloni\/#primaryimage"},"thumbnailUrl":"https:\/\/italiamachines.com\/wp-content\/uploads\/2025\/04\/AM025F4W.png","datePublished":"2025-04-15T20:35:58+00:00","breadcrumb":{"@id":"https:\/\/italiamachines.com\/boutique\/cafe-glacier-lecheria\/four-a-micro-ondes\/micro-ondes-25-l-avec-cavite-en-inox-plateau-en-ceramique-par-peloni\/#breadcrumb"},"inLanguage":"en-US","potentialAction":[{"@type":"ReadAction","target":["https:\/\/italiamachines.com\/boutique\/cafe-glacier-lecheria\/four-a-micro-ondes\/micro-ondes-25-l-avec-cavite-en-inox-plateau-en-ceramique-par-peloni\/"]}]},{"@type":"ImageObject","inLanguage":"en-US","@id":"https:\/\/italiamachines.com\/boutique\/cafe-glacier-lecheria\/four-a-micro-ondes\/micro-ondes-25-l-avec-cavite-en-inox-plateau-en-ceramique-par-peloni\/#primaryimage","url":"https:\/\/italiamachines.com\/wp-content\/uploads\/2025\/04\/AM025F4W.png","contentUrl":"https:\/\/italiamachines.com\/wp-content\/uploads\/2025\/04\/AM025F4W.png","width":418,"height":238},{"@type":"BreadcrumbList","@id":"https:\/\/italiamachines.com\/boutique\/cafe-glacier-lecheria\/four-a-micro-ondes\/micro-ondes-25-l-avec-cavite-en-inox-plateau-en-ceramique-par-peloni\/#breadcrumb","itemListElement":[{"@type":"ListItem","position":1,"name":"Accueil","item":"https:\/\/italiamachines.com\/fr_fr\/"},{"@type":"ListItem","position":2,"name":"Boutique","item":"https:\/\/italiamachines.com\/boutique\/"},{"@type":"ListItem","position":3,"name":"Micro-ondes 25 L avec cavit\u00e9 en inox, plateau en c\u00e9ramique &#8211; par Peloni"}]},{"@type":"WebSite","@id":"https:\/\/italiamachines.com\/#website","url":"https:\/\/italiamachines.com\/","name":"Italia Machines","description":"L&#039;art de l&#039;\u00e9quipement HORECA","publisher":{"@id":"https:\/\/italiamachines.com\/#organization"},"potentialAction":[{"@type":"SearchAction","target":{"@type":"EntryPoint","urlTemplate":"https:\/\/italiamachines.com\/?s={search_term_string}"},"query-input":{"@type":"PropertyValueSpecification","valueRequired":true,"valueName":"search_term_string"}}],"inLanguage":"en-US"},{"@type":"Organization","@id":"https:\/\/italiamachines.com\/#organization","name":"italiamachines","url":"https:\/\/italiamachines.com\/","logo":{"@type":"ImageObject","inLanguage":"en-US","@id":"https:\/\/italiamachines.com\/#\/schema\/logo\/image\/","url":"https:\/\/italiamachines.com\/wp-content\/uploads\/2023\/08\/logo-web-1.png","contentUrl":"https:\/\/italiamachines.com\/wp-content\/uploads\/2023\/08\/logo-web-1.png","width":977,"height":254,"caption":"italiamachines"},"image":{"@id":"https:\/\/italiamachines.com\/#\/schema\/logo\/image\/"},"sameAs":["https:\/\/web.facebook.com\/italiamachines\/","https:\/\/www.instagram.com\/italia.machines\/"]}]}},"_links":{"self":[{"href":"https:\/\/italiamachines.com\/en\/wp-json\/wp\/v2\/product\/10686","targetHints":{"allow":["GET"]}}],"collection":[{"href":"https:\/\/italiamachines.com\/en\/wp-json\/wp\/v2\/product"}],"about":[{"href":"https:\/\/italiamachines.com\/en\/wp-json\/wp\/v2\/types\/product"}],"replies":[{"embeddable":true,"href":"https:\/\/italiamachines.com\/en\/wp-json\/wp\/v2\/comments?post=10686"}],"wp:featuredmedia":[{"embeddable":true,"href":"https:\/\/italiamachines.com\/en\/wp-json\/wp\/v2\/media\/10687"}],"wp:attachment":[{"href":"https:\/\/italiamachines.com\/en\/wp-json\/wp\/v2\/media?parent=10686"}],"wp:term":[{"taxonomy":"product_cat","embeddable":true,"href":"https:\/\/italiamachines.com\/en\/wp-json\/wp\/v2\/product_cat?post=10686"},{"taxonomy":"product_tag","embeddable":true,"href":"https:\/\/italiamachines.com\/en\/wp-json\/wp\/v2\/product_tag?post=10686"}],"curies":[{"name":"wp","href":"https:\/\/api.w.org\/{rel}","templated":true}]}}