{"id":10692,"date":"2025-04-15T23:25:59","date_gmt":"2025-04-15T21:25:59","guid":{"rendered":"https:\/\/italiamachines.com\/?post_type=product&#038;p=10692"},"modified":"2025-04-15T23:27:44","modified_gmt":"2025-04-15T21:27:44","slug":"distributeur-de-boissons-machine-slush-aurora-par-coffrimel-italia","status":"publish","type":"product","link":"https:\/\/italiamachines.com\/en\/boutique\/cafe-glacier-lecheria\/jus-de-fruits\/distributeur-de-jus\/distributeur-de-boissons-machine-slush-aurora-par-coffrimel-italia\/","title":{"rendered":"Distributeur de boissons, Machine Slush  AURORA par Coffrimel Italia"},"content":{"rendered":"<p>Le mode nuit permet d\u2019utiliser l\u2019appareil comme distributeur de boissons, en maintenant le produit au frais sans le congeler.<\/p>\n<p>Ch\u00e2ssis enti\u00e8rement en acier inoxydable, pour une durabilit\u00e9 maximale.<\/p>\n<p>Syst\u00e8me de refroidissement puissant et fiable, assurant une performance constante.<\/p>\n<p>Cylindre \u00e9vaporateur en acier AISI 304, fabriqu\u00e9 d\u2019une seule pi\u00e8ce, sans soudures, pour une hygi\u00e8ne parfaite.<\/p>\n<p>Commandes simples et intuitives, pour une utilisation facile au quotidien.<\/p>\n<p>Syst\u00e8me de distribution facile \u00e0 d\u00e9monter, con\u00e7u pour \u00eatre compatible avec une fermeture de s\u00e9curit\u00e9.<\/p>\n<p>Fixation sans outils : le montage et le d\u00e9montage de la cuve se font rapidement, sans aucun outil n\u00e9cessaire.<\/p>\n<p>Capacit\u00e9 : 2 x 6 L<br \/>\nDimensions : 44 x 48 x 71 cm<br \/>\nPoids : 46 kg<\/p>","protected":false},"excerpt":{"rendered":"<p>Le mode nuit permet d\u2019utiliser l\u2019appareil comme distributeur de boissons, en maintenant le produit au frais sans le congeler. Ch\u00e2ssis enti\u00e8rement en acier inoxydable, pour une durabilit\u00e9 maximale. Syst\u00e8me de refroidissement puissant et fiable, assurant une performance constante. Cylindre \u00e9vaporateur en acier AISI 304, fabriqu\u00e9 d\u2019une seule pi\u00e8ce, sans soudures, pour une hygi\u00e8ne parfaite. Commandes&hellip;<\/p>","protected":false},"featured_media":10693,"comment_status":"open","ping_status":"closed","template":"","meta":[],"product_cat":[159,160,65,173,79,80,84],"product_tag":[],"class_list":{"0":"post-10692","1":"product","2":"type-product","3":"status-publish","4":"has-post-thumbnail","6":"product_cat-cafe","7":"product_cat-cafe-lecheria","8":"product_cat-cafe-glacier-lecheria","9":"product_cat-distributeur-de-jus","10":"product_cat-glacier","11":"product_cat-glacier-lecheria","12":"product_cat-jus-de-fruits","14":"first","15":"instock","16":"shipping-taxable","17":"purchasable","18":"product-type-simple","19":"col-xs-6 col-sm-4","20":"col-md-3 col-lg-3","21":"un-4-cols"},"yoast_head":"<!-- This site is optimized with the Yoast SEO plugin v26.6 - https:\/\/yoast.com\/wordpress\/plugins\/seo\/ -->\n<title>Distributeur de boissons, Machine Slush AURORA par Coffrimel Italia | Italia Machines<\/title>\n<meta name=\"robots\" content=\"index, follow, max-snippet:-1, max-image-preview:large, max-video-preview:-1\" \/>\n<link rel=\"canonical\" href=\"https:\/\/italiamachines.com\/en\/boutique\/cafe-glacier-lecheria\/jus-de-fruits\/distributeur-de-jus\/distributeur-de-boissons-machine-slush-aurora-par-coffrimel-italia\/\" \/>\n<meta property=\"og:locale\" content=\"en_US\" \/>\n<meta property=\"og:type\" content=\"article\" \/>\n<meta property=\"og:title\" content=\"Distributeur de boissons, Machine Slush AURORA par Coffrimel Italia | Italia Machines\" \/>\n<meta property=\"og:description\" content=\"Le mode nuit permet d\u2019utiliser l\u2019appareil comme distributeur de boissons, en maintenant le produit au frais sans le congeler. Ch\u00e2ssis enti\u00e8rement en acier inoxydable, pour une durabilit\u00e9 maximale. Syst\u00e8me de refroidissement puissant et fiable, assurant une performance constante. Cylindre \u00e9vaporateur en acier AISI 304, fabriqu\u00e9 d\u2019une seule pi\u00e8ce, sans soudures, pour une hygi\u00e8ne parfaite. Commandes&hellip;\" \/>\n<meta property=\"og:url\" content=\"https:\/\/italiamachines.com\/en\/boutique\/cafe-glacier-lecheria\/jus-de-fruits\/distributeur-de-jus\/distributeur-de-boissons-machine-slush-aurora-par-coffrimel-italia\/\" \/>\n<meta property=\"og:site_name\" content=\"Italia Machines\" \/>\n<meta property=\"article:publisher\" content=\"https:\/\/web.facebook.com\/italiamachines\/\" \/>\n<meta property=\"article:modified_time\" content=\"2025-04-15T21:27:44+00:00\" \/>\n<meta property=\"og:image\" content=\"https:\/\/italiamachines.com\/wp-content\/uploads\/2025\/04\/aurora2.png\" \/>\n\t<meta property=\"og:image:width\" content=\"1000\" \/>\n\t<meta property=\"og:image:height\" content=\"1324\" \/>\n\t<meta property=\"og:image:type\" content=\"image\/png\" \/>\n<meta name=\"twitter:card\" content=\"summary_large_image\" \/>\n<meta name=\"twitter:label1\" content=\"Est. reading time\" \/>\n\t<meta name=\"twitter:data1\" content=\"1 minute\" \/>\n<script type=\"application\/ld+json\" class=\"yoast-schema-graph\">{\"@context\":\"https:\/\/schema.org\",\"@graph\":[{\"@type\":\"WebPage\",\"@id\":\"https:\/\/italiamachines.com\/boutique\/cafe-glacier-lecheria\/jus-de-fruits\/distributeur-de-jus\/distributeur-de-boissons-machine-slush-aurora-par-coffrimel-italia\/\",\"url\":\"https:\/\/italiamachines.com\/boutique\/cafe-glacier-lecheria\/jus-de-fruits\/distributeur-de-jus\/distributeur-de-boissons-machine-slush-aurora-par-coffrimel-italia\/\",\"name\":\"Distributeur de boissons, Machine Slush AURORA par Coffrimel Italia | Italia Machines\",\"isPartOf\":{\"@id\":\"https:\/\/italiamachines.com\/#website\"},\"primaryImageOfPage\":{\"@id\":\"https:\/\/italiamachines.com\/boutique\/cafe-glacier-lecheria\/jus-de-fruits\/distributeur-de-jus\/distributeur-de-boissons-machine-slush-aurora-par-coffrimel-italia\/#primaryimage\"},\"image\":{\"@id\":\"https:\/\/italiamachines.com\/boutique\/cafe-glacier-lecheria\/jus-de-fruits\/distributeur-de-jus\/distributeur-de-boissons-machine-slush-aurora-par-coffrimel-italia\/#primaryimage\"},\"thumbnailUrl\":\"https:\/\/italiamachines.com\/wp-content\/uploads\/2025\/04\/aurora2.png\",\"datePublished\":\"2025-04-15T21:25:59+00:00\",\"dateModified\":\"2025-04-15T21:27:44+00:00\",\"breadcrumb\":{\"@id\":\"https:\/\/italiamachines.com\/boutique\/cafe-glacier-lecheria\/jus-de-fruits\/distributeur-de-jus\/distributeur-de-boissons-machine-slush-aurora-par-coffrimel-italia\/#breadcrumb\"},\"inLanguage\":\"en-US\",\"potentialAction\":[{\"@type\":\"ReadAction\",\"target\":[\"https:\/\/italiamachines.com\/boutique\/cafe-glacier-lecheria\/jus-de-fruits\/distributeur-de-jus\/distributeur-de-boissons-machine-slush-aurora-par-coffrimel-italia\/\"]}]},{\"@type\":\"ImageObject\",\"inLanguage\":\"en-US\",\"@id\":\"https:\/\/italiamachines.com\/boutique\/cafe-glacier-lecheria\/jus-de-fruits\/distributeur-de-jus\/distributeur-de-boissons-machine-slush-aurora-par-coffrimel-italia\/#primaryimage\",\"url\":\"https:\/\/italiamachines.com\/wp-content\/uploads\/2025\/04\/aurora2.png\",\"contentUrl\":\"https:\/\/italiamachines.com\/wp-content\/uploads\/2025\/04\/aurora2.png\",\"width\":1000,\"height\":1324},{\"@type\":\"BreadcrumbList\",\"@id\":\"https:\/\/italiamachines.com\/boutique\/cafe-glacier-lecheria\/jus-de-fruits\/distributeur-de-jus\/distributeur-de-boissons-machine-slush-aurora-par-coffrimel-italia\/#breadcrumb\",\"itemListElement\":[{\"@type\":\"ListItem\",\"position\":1,\"name\":\"Accueil\",\"item\":\"https:\/\/italiamachines.com\/fr_fr\/\"},{\"@type\":\"ListItem\",\"position\":2,\"name\":\"Boutique\",\"item\":\"https:\/\/italiamachines.com\/boutique\/\"},{\"@type\":\"ListItem\",\"position\":3,\"name\":\"Distributeur de boissons, Machine Slush AURORA par Coffrimel Italia\"}]},{\"@type\":\"WebSite\",\"@id\":\"https:\/\/italiamachines.com\/#website\",\"url\":\"https:\/\/italiamachines.com\/\",\"name\":\"Italia Machines\",\"description\":\"L&#039;art de l&#039;\u00e9quipement HORECA\",\"publisher\":{\"@id\":\"https:\/\/italiamachines.com\/#organization\"},\"potentialAction\":[{\"@type\":\"SearchAction\",\"target\":{\"@type\":\"EntryPoint\",\"urlTemplate\":\"https:\/\/italiamachines.com\/?s={search_term_string}\"},\"query-input\":{\"@type\":\"PropertyValueSpecification\",\"valueRequired\":true,\"valueName\":\"search_term_string\"}}],\"inLanguage\":\"en-US\"},{\"@type\":\"Organization\",\"@id\":\"https:\/\/italiamachines.com\/#organization\",\"name\":\"italiamachines\",\"url\":\"https:\/\/italiamachines.com\/\",\"logo\":{\"@type\":\"ImageObject\",\"inLanguage\":\"en-US\",\"@id\":\"https:\/\/italiamachines.com\/#\/schema\/logo\/image\/\",\"url\":\"https:\/\/italiamachines.com\/wp-content\/uploads\/2023\/08\/logo-web-1.png\",\"contentUrl\":\"https:\/\/italiamachines.com\/wp-content\/uploads\/2023\/08\/logo-web-1.png\",\"width\":977,\"height\":254,\"caption\":\"italiamachines\"},\"image\":{\"@id\":\"https:\/\/italiamachines.com\/#\/schema\/logo\/image\/\"},\"sameAs\":[\"https:\/\/web.facebook.com\/italiamachines\/\",\"https:\/\/www.instagram.com\/italia.machines\/\"]}]}<\/script>\n<!-- \/ Yoast SEO plugin. -->","yoast_head_json":{"title":"Distributeur de boissons, Machine Slush AURORA par Coffrimel Italia | Italia Machines","robots":{"index":"index","follow":"follow","max-snippet":"max-snippet:-1","max-image-preview":"max-image-preview:large","max-video-preview":"max-video-preview:-1"},"canonical":"https:\/\/italiamachines.com\/en\/boutique\/cafe-glacier-lecheria\/jus-de-fruits\/distributeur-de-jus\/distributeur-de-boissons-machine-slush-aurora-par-coffrimel-italia\/","og_locale":"en_US","og_type":"article","og_title":"Distributeur de boissons, Machine Slush AURORA par Coffrimel Italia | Italia Machines","og_description":"Le mode nuit permet d\u2019utiliser l\u2019appareil comme distributeur de boissons, en maintenant le produit au frais sans le congeler. Ch\u00e2ssis enti\u00e8rement en acier inoxydable, pour une durabilit\u00e9 maximale. Syst\u00e8me de refroidissement puissant et fiable, assurant une performance constante. Cylindre \u00e9vaporateur en acier AISI 304, fabriqu\u00e9 d\u2019une seule pi\u00e8ce, sans soudures, pour une hygi\u00e8ne parfaite. Commandes&hellip;","og_url":"https:\/\/italiamachines.com\/en\/boutique\/cafe-glacier-lecheria\/jus-de-fruits\/distributeur-de-jus\/distributeur-de-boissons-machine-slush-aurora-par-coffrimel-italia\/","og_site_name":"Italia Machines","article_publisher":"https:\/\/web.facebook.com\/italiamachines\/","article_modified_time":"2025-04-15T21:27:44+00:00","og_image":[{"width":1000,"height":1324,"url":"https:\/\/italiamachines.com\/wp-content\/uploads\/2025\/04\/aurora2.png","type":"image\/png"}],"twitter_card":"summary_large_image","twitter_misc":{"Est. reading time":"1 minute"},"schema":{"@context":"https:\/\/schema.org","@graph":[{"@type":"WebPage","@id":"https:\/\/italiamachines.com\/boutique\/cafe-glacier-lecheria\/jus-de-fruits\/distributeur-de-jus\/distributeur-de-boissons-machine-slush-aurora-par-coffrimel-italia\/","url":"https:\/\/italiamachines.com\/boutique\/cafe-glacier-lecheria\/jus-de-fruits\/distributeur-de-jus\/distributeur-de-boissons-machine-slush-aurora-par-coffrimel-italia\/","name":"Distributeur de boissons, Machine Slush AURORA par Coffrimel Italia | Italia Machines","isPartOf":{"@id":"https:\/\/italiamachines.com\/#website"},"primaryImageOfPage":{"@id":"https:\/\/italiamachines.com\/boutique\/cafe-glacier-lecheria\/jus-de-fruits\/distributeur-de-jus\/distributeur-de-boissons-machine-slush-aurora-par-coffrimel-italia\/#primaryimage"},"image":{"@id":"https:\/\/italiamachines.com\/boutique\/cafe-glacier-lecheria\/jus-de-fruits\/distributeur-de-jus\/distributeur-de-boissons-machine-slush-aurora-par-coffrimel-italia\/#primaryimage"},"thumbnailUrl":"https:\/\/italiamachines.com\/wp-content\/uploads\/2025\/04\/aurora2.png","datePublished":"2025-04-15T21:25:59+00:00","dateModified":"2025-04-15T21:27:44+00:00","breadcrumb":{"@id":"https:\/\/italiamachines.com\/boutique\/cafe-glacier-lecheria\/jus-de-fruits\/distributeur-de-jus\/distributeur-de-boissons-machine-slush-aurora-par-coffrimel-italia\/#breadcrumb"},"inLanguage":"en-US","potentialAction":[{"@type":"ReadAction","target":["https:\/\/italiamachines.com\/boutique\/cafe-glacier-lecheria\/jus-de-fruits\/distributeur-de-jus\/distributeur-de-boissons-machine-slush-aurora-par-coffrimel-italia\/"]}]},{"@type":"ImageObject","inLanguage":"en-US","@id":"https:\/\/italiamachines.com\/boutique\/cafe-glacier-lecheria\/jus-de-fruits\/distributeur-de-jus\/distributeur-de-boissons-machine-slush-aurora-par-coffrimel-italia\/#primaryimage","url":"https:\/\/italiamachines.com\/wp-content\/uploads\/2025\/04\/aurora2.png","contentUrl":"https:\/\/italiamachines.com\/wp-content\/uploads\/2025\/04\/aurora2.png","width":1000,"height":1324},{"@type":"BreadcrumbList","@id":"https:\/\/italiamachines.com\/boutique\/cafe-glacier-lecheria\/jus-de-fruits\/distributeur-de-jus\/distributeur-de-boissons-machine-slush-aurora-par-coffrimel-italia\/#breadcrumb","itemListElement":[{"@type":"ListItem","position":1,"name":"Accueil","item":"https:\/\/italiamachines.com\/fr_fr\/"},{"@type":"ListItem","position":2,"name":"Boutique","item":"https:\/\/italiamachines.com\/boutique\/"},{"@type":"ListItem","position":3,"name":"Distributeur de boissons, Machine Slush AURORA par Coffrimel Italia"}]},{"@type":"WebSite","@id":"https:\/\/italiamachines.com\/#website","url":"https:\/\/italiamachines.com\/","name":"Italia Machines","description":"L&#039;art de l&#039;\u00e9quipement HORECA","publisher":{"@id":"https:\/\/italiamachines.com\/#organization"},"potentialAction":[{"@type":"SearchAction","target":{"@type":"EntryPoint","urlTemplate":"https:\/\/italiamachines.com\/?s={search_term_string}"},"query-input":{"@type":"PropertyValueSpecification","valueRequired":true,"valueName":"search_term_string"}}],"inLanguage":"en-US"},{"@type":"Organization","@id":"https:\/\/italiamachines.com\/#organization","name":"italiamachines","url":"https:\/\/italiamachines.com\/","logo":{"@type":"ImageObject","inLanguage":"en-US","@id":"https:\/\/italiamachines.com\/#\/schema\/logo\/image\/","url":"https:\/\/italiamachines.com\/wp-content\/uploads\/2023\/08\/logo-web-1.png","contentUrl":"https:\/\/italiamachines.com\/wp-content\/uploads\/2023\/08\/logo-web-1.png","width":977,"height":254,"caption":"italiamachines"},"image":{"@id":"https:\/\/italiamachines.com\/#\/schema\/logo\/image\/"},"sameAs":["https:\/\/web.facebook.com\/italiamachines\/","https:\/\/www.instagram.com\/italia.machines\/"]}]}},"_links":{"self":[{"href":"https:\/\/italiamachines.com\/en\/wp-json\/wp\/v2\/product\/10692","targetHints":{"allow":["GET"]}}],"collection":[{"href":"https:\/\/italiamachines.com\/en\/wp-json\/wp\/v2\/product"}],"about":[{"href":"https:\/\/italiamachines.com\/en\/wp-json\/wp\/v2\/types\/product"}],"replies":[{"embeddable":true,"href":"https:\/\/italiamachines.com\/en\/wp-json\/wp\/v2\/comments?post=10692"}],"wp:featuredmedia":[{"embeddable":true,"href":"https:\/\/italiamachines.com\/en\/wp-json\/wp\/v2\/media\/10693"}],"wp:attachment":[{"href":"https:\/\/italiamachines.com\/en\/wp-json\/wp\/v2\/media?parent=10692"}],"wp:term":[{"taxonomy":"product_cat","embeddable":true,"href":"https:\/\/italiamachines.com\/en\/wp-json\/wp\/v2\/product_cat?post=10692"},{"taxonomy":"product_tag","embeddable":true,"href":"https:\/\/italiamachines.com\/en\/wp-json\/wp\/v2\/product_tag?post=10692"}],"curies":[{"name":"wp","href":"https:\/\/api.w.org\/{rel}","templated":true}]}}