{"id":10697,"date":"2025-04-16T00:00:55","date_gmt":"2025-04-15T22:00:55","guid":{"rendered":"https:\/\/italiamachines.com\/?post_type=product&#038;p=10697"},"modified":"2025-04-16T00:03:27","modified_gmt":"2025-04-15T22:03:27","slug":"armoire-de-fermentation-big-1-porte-36-plaques-60x40-par-art-steel","status":"publish","type":"product","link":"https:\/\/italiamachines.com\/en\/boutique\/boulangerie-et-patisserie\/boulangerie\/fermentation-boulangerie\/armoire-de-fermentation\/armoire-de-fermentation-big-1-porte-36-plaques-60x40-par-art-steel\/","title":{"rendered":"Armoire de fermentation BIG \u2013 1 porte \u2013 36 plaques 60&#215;40 \u2013 par Art Steel"},"content":{"rendered":"<p>\u00c9quip\u00e9e d\u2019un r\u00e9servoir d\u2019eau int\u00e9gr\u00e9, elle ne n\u00e9cessite pas de raccordement \u00e0 l\u2019eau pour fonctionner.<br \/>\nLe syst\u00e8me d\u2019humidification int\u00e9gr\u00e9 et les diff\u00e9rents modes d\u2019utilisation permettent une conservation optimale de tous types d\u2019aliments.<br \/>\nNettoyage facile gr\u00e2ce \u00e0 une conception pens\u00e9e pour l\u2019entretien.<br \/>\nFonctionnement fiable : le syst\u00e8me de chauffe rapide maintient une temp\u00e9rature homog\u00e8ne.<br \/>\nGrande adaptabilit\u00e9 : s\u2019ajuste facilement aux besoins sp\u00e9cifiques.<\/p>\n<p>Dimensions : 92 x 103 x 190 cm<br \/>\nTemp\u00e9rature : de 50\u00b0C \u00e0 +80\u00b0C<br \/>\nCapacit\u00e9 : 36 plaques 60&#215;40 cm<\/p>","protected":false},"excerpt":{"rendered":"<p>\u00c9quip\u00e9e d\u2019un r\u00e9servoir d\u2019eau int\u00e9gr\u00e9, elle ne n\u00e9cessite pas de raccordement \u00e0 l\u2019eau pour fonctionner. Le syst\u00e8me d\u2019humidification int\u00e9gr\u00e9 et les diff\u00e9rents modes d\u2019utilisation permettent une conservation optimale de tous types d\u2019aliments. Nettoyage facile gr\u00e2ce \u00e0 une conception pens\u00e9e pour l\u2019entretien. Fonctionnement fiable : le syst\u00e8me de chauffe rapide maintient une temp\u00e9rature homog\u00e8ne. Grande adaptabilit\u00e9&hellip;<\/p>","protected":false},"featured_media":10699,"comment_status":"open","ping_status":"closed","template":"","meta":[],"product_cat":[248,64,184],"product_tag":[],"class_list":{"0":"post-10697","1":"product","2":"type-product","3":"status-publish","4":"has-post-thumbnail","6":"product_cat-armoire-de-fermentation","7":"product_cat-boulangerie-et-patisserie","8":"product_cat-fermentation-boulangerie","10":"first","11":"instock","12":"shipping-taxable","13":"purchasable","14":"product-type-simple","15":"col-xs-6 col-sm-4","16":"col-md-3 col-lg-3","17":"un-4-cols"},"yoast_head":"<!-- This site is optimized with the Yoast SEO plugin v26.6 - https:\/\/yoast.com\/wordpress\/plugins\/seo\/ -->\n<title>Armoire de fermentation BIG \u2013 1 porte \u2013 36 plaques 60x40 \u2013 par Art Steel | Italia Machines<\/title>\n<meta name=\"robots\" content=\"index, follow, max-snippet:-1, max-image-preview:large, max-video-preview:-1\" \/>\n<link rel=\"canonical\" href=\"https:\/\/italiamachines.com\/en\/boutique\/boulangerie-et-patisserie\/boulangerie\/fermentation-boulangerie\/armoire-de-fermentation\/armoire-de-fermentation-big-1-porte-36-plaques-60x40-par-art-steel\/\" \/>\n<meta property=\"og:locale\" content=\"en_US\" \/>\n<meta property=\"og:type\" content=\"article\" \/>\n<meta property=\"og:title\" content=\"Armoire de fermentation BIG \u2013 1 porte \u2013 36 plaques 60x40 \u2013 par Art Steel | Italia Machines\" \/>\n<meta property=\"og:description\" content=\"\u00c9quip\u00e9e d\u2019un r\u00e9servoir d\u2019eau int\u00e9gr\u00e9, elle ne n\u00e9cessite pas de raccordement \u00e0 l\u2019eau pour fonctionner. Le syst\u00e8me d\u2019humidification int\u00e9gr\u00e9 et les diff\u00e9rents modes d\u2019utilisation permettent une conservation optimale de tous types d\u2019aliments. Nettoyage facile gr\u00e2ce \u00e0 une conception pens\u00e9e pour l\u2019entretien. Fonctionnement fiable : le syst\u00e8me de chauffe rapide maintient une temp\u00e9rature homog\u00e8ne. Grande adaptabilit\u00e9&hellip;\" \/>\n<meta property=\"og:url\" content=\"https:\/\/italiamachines.com\/en\/boutique\/boulangerie-et-patisserie\/boulangerie\/fermentation-boulangerie\/armoire-de-fermentation\/armoire-de-fermentation-big-1-porte-36-plaques-60x40-par-art-steel\/\" \/>\n<meta property=\"og:site_name\" content=\"Italia Machines\" \/>\n<meta property=\"article:publisher\" content=\"https:\/\/web.facebook.com\/italiamachines\/\" \/>\n<meta property=\"article:modified_time\" content=\"2025-04-15T22:03:27+00:00\" \/>\n<meta property=\"og:image\" content=\"https:\/\/italiamachines.com\/wp-content\/uploads\/2025\/04\/AW-079-1-1.png\" \/>\n\t<meta property=\"og:image:width\" content=\"452\" \/>\n\t<meta property=\"og:image:height\" content=\"582\" \/>\n\t<meta property=\"og:image:type\" content=\"image\/png\" \/>\n<meta name=\"twitter:card\" content=\"summary_large_image\" \/>\n<meta name=\"twitter:label1\" content=\"Est. reading time\" \/>\n\t<meta name=\"twitter:data1\" content=\"1 minute\" \/>\n<script type=\"application\/ld+json\" class=\"yoast-schema-graph\">{\"@context\":\"https:\/\/schema.org\",\"@graph\":[{\"@type\":\"WebPage\",\"@id\":\"https:\/\/italiamachines.com\/boutique\/boulangerie-et-patisserie\/boulangerie\/fermentation-boulangerie\/armoire-de-fermentation\/armoire-de-fermentation-big-1-porte-36-plaques-60x40-par-art-steel\/\",\"url\":\"https:\/\/italiamachines.com\/boutique\/boulangerie-et-patisserie\/boulangerie\/fermentation-boulangerie\/armoire-de-fermentation\/armoire-de-fermentation-big-1-porte-36-plaques-60x40-par-art-steel\/\",\"name\":\"Armoire de fermentation BIG \u2013 1 porte \u2013 36 plaques 60x40 \u2013 par Art Steel | Italia Machines\",\"isPartOf\":{\"@id\":\"https:\/\/italiamachines.com\/#website\"},\"primaryImageOfPage\":{\"@id\":\"https:\/\/italiamachines.com\/boutique\/boulangerie-et-patisserie\/boulangerie\/fermentation-boulangerie\/armoire-de-fermentation\/armoire-de-fermentation-big-1-porte-36-plaques-60x40-par-art-steel\/#primaryimage\"},\"image\":{\"@id\":\"https:\/\/italiamachines.com\/boutique\/boulangerie-et-patisserie\/boulangerie\/fermentation-boulangerie\/armoire-de-fermentation\/armoire-de-fermentation-big-1-porte-36-plaques-60x40-par-art-steel\/#primaryimage\"},\"thumbnailUrl\":\"https:\/\/italiamachines.com\/wp-content\/uploads\/2025\/04\/AW-079-1-1.png\",\"datePublished\":\"2025-04-15T22:00:55+00:00\",\"dateModified\":\"2025-04-15T22:03:27+00:00\",\"breadcrumb\":{\"@id\":\"https:\/\/italiamachines.com\/boutique\/boulangerie-et-patisserie\/boulangerie\/fermentation-boulangerie\/armoire-de-fermentation\/armoire-de-fermentation-big-1-porte-36-plaques-60x40-par-art-steel\/#breadcrumb\"},\"inLanguage\":\"en-US\",\"potentialAction\":[{\"@type\":\"ReadAction\",\"target\":[\"https:\/\/italiamachines.com\/boutique\/boulangerie-et-patisserie\/boulangerie\/fermentation-boulangerie\/armoire-de-fermentation\/armoire-de-fermentation-big-1-porte-36-plaques-60x40-par-art-steel\/\"]}]},{\"@type\":\"ImageObject\",\"inLanguage\":\"en-US\",\"@id\":\"https:\/\/italiamachines.com\/boutique\/boulangerie-et-patisserie\/boulangerie\/fermentation-boulangerie\/armoire-de-fermentation\/armoire-de-fermentation-big-1-porte-36-plaques-60x40-par-art-steel\/#primaryimage\",\"url\":\"https:\/\/italiamachines.com\/wp-content\/uploads\/2025\/04\/AW-079-1-1.png\",\"contentUrl\":\"https:\/\/italiamachines.com\/wp-content\/uploads\/2025\/04\/AW-079-1-1.png\",\"width\":452,\"height\":582},{\"@type\":\"BreadcrumbList\",\"@id\":\"https:\/\/italiamachines.com\/boutique\/boulangerie-et-patisserie\/boulangerie\/fermentation-boulangerie\/armoire-de-fermentation\/armoire-de-fermentation-big-1-porte-36-plaques-60x40-par-art-steel\/#breadcrumb\",\"itemListElement\":[{\"@type\":\"ListItem\",\"position\":1,\"name\":\"Accueil\",\"item\":\"https:\/\/italiamachines.com\/fr_fr\/\"},{\"@type\":\"ListItem\",\"position\":2,\"name\":\"Boutique\",\"item\":\"https:\/\/italiamachines.com\/boutique\/\"},{\"@type\":\"ListItem\",\"position\":3,\"name\":\"Armoire de fermentation BIG \u2013 1 porte \u2013 36 plaques 60&#215;40 \u2013 par Art Steel\"}]},{\"@type\":\"WebSite\",\"@id\":\"https:\/\/italiamachines.com\/#website\",\"url\":\"https:\/\/italiamachines.com\/\",\"name\":\"Italia Machines\",\"description\":\"L&#039;art de l&#039;\u00e9quipement HORECA\",\"publisher\":{\"@id\":\"https:\/\/italiamachines.com\/#organization\"},\"potentialAction\":[{\"@type\":\"SearchAction\",\"target\":{\"@type\":\"EntryPoint\",\"urlTemplate\":\"https:\/\/italiamachines.com\/?s={search_term_string}\"},\"query-input\":{\"@type\":\"PropertyValueSpecification\",\"valueRequired\":true,\"valueName\":\"search_term_string\"}}],\"inLanguage\":\"en-US\"},{\"@type\":\"Organization\",\"@id\":\"https:\/\/italiamachines.com\/#organization\",\"name\":\"italiamachines\",\"url\":\"https:\/\/italiamachines.com\/\",\"logo\":{\"@type\":\"ImageObject\",\"inLanguage\":\"en-US\",\"@id\":\"https:\/\/italiamachines.com\/#\/schema\/logo\/image\/\",\"url\":\"https:\/\/italiamachines.com\/wp-content\/uploads\/2023\/08\/logo-web-1.png\",\"contentUrl\":\"https:\/\/italiamachines.com\/wp-content\/uploads\/2023\/08\/logo-web-1.png\",\"width\":977,\"height\":254,\"caption\":\"italiamachines\"},\"image\":{\"@id\":\"https:\/\/italiamachines.com\/#\/schema\/logo\/image\/\"},\"sameAs\":[\"https:\/\/web.facebook.com\/italiamachines\/\",\"https:\/\/www.instagram.com\/italia.machines\/\"]}]}<\/script>\n<!-- \/ Yoast SEO plugin. -->","yoast_head_json":{"title":"Armoire de fermentation BIG \u2013 1 porte \u2013 36 plaques 60x40 \u2013 par Art Steel | Italia Machines","robots":{"index":"index","follow":"follow","max-snippet":"max-snippet:-1","max-image-preview":"max-image-preview:large","max-video-preview":"max-video-preview:-1"},"canonical":"https:\/\/italiamachines.com\/en\/boutique\/boulangerie-et-patisserie\/boulangerie\/fermentation-boulangerie\/armoire-de-fermentation\/armoire-de-fermentation-big-1-porte-36-plaques-60x40-par-art-steel\/","og_locale":"en_US","og_type":"article","og_title":"Armoire de fermentation BIG \u2013 1 porte \u2013 36 plaques 60x40 \u2013 par Art Steel | Italia Machines","og_description":"\u00c9quip\u00e9e d\u2019un r\u00e9servoir d\u2019eau int\u00e9gr\u00e9, elle ne n\u00e9cessite pas de raccordement \u00e0 l\u2019eau pour fonctionner. Le syst\u00e8me d\u2019humidification int\u00e9gr\u00e9 et les diff\u00e9rents modes d\u2019utilisation permettent une conservation optimale de tous types d\u2019aliments. Nettoyage facile gr\u00e2ce \u00e0 une conception pens\u00e9e pour l\u2019entretien. Fonctionnement fiable : le syst\u00e8me de chauffe rapide maintient une temp\u00e9rature homog\u00e8ne. Grande adaptabilit\u00e9&hellip;","og_url":"https:\/\/italiamachines.com\/en\/boutique\/boulangerie-et-patisserie\/boulangerie\/fermentation-boulangerie\/armoire-de-fermentation\/armoire-de-fermentation-big-1-porte-36-plaques-60x40-par-art-steel\/","og_site_name":"Italia Machines","article_publisher":"https:\/\/web.facebook.com\/italiamachines\/","article_modified_time":"2025-04-15T22:03:27+00:00","og_image":[{"width":452,"height":582,"url":"https:\/\/italiamachines.com\/wp-content\/uploads\/2025\/04\/AW-079-1-1.png","type":"image\/png"}],"twitter_card":"summary_large_image","twitter_misc":{"Est. reading time":"1 minute"},"schema":{"@context":"https:\/\/schema.org","@graph":[{"@type":"WebPage","@id":"https:\/\/italiamachines.com\/boutique\/boulangerie-et-patisserie\/boulangerie\/fermentation-boulangerie\/armoire-de-fermentation\/armoire-de-fermentation-big-1-porte-36-plaques-60x40-par-art-steel\/","url":"https:\/\/italiamachines.com\/boutique\/boulangerie-et-patisserie\/boulangerie\/fermentation-boulangerie\/armoire-de-fermentation\/armoire-de-fermentation-big-1-porte-36-plaques-60x40-par-art-steel\/","name":"Armoire de fermentation BIG \u2013 1 porte \u2013 36 plaques 60x40 \u2013 par Art Steel | Italia Machines","isPartOf":{"@id":"https:\/\/italiamachines.com\/#website"},"primaryImageOfPage":{"@id":"https:\/\/italiamachines.com\/boutique\/boulangerie-et-patisserie\/boulangerie\/fermentation-boulangerie\/armoire-de-fermentation\/armoire-de-fermentation-big-1-porte-36-plaques-60x40-par-art-steel\/#primaryimage"},"image":{"@id":"https:\/\/italiamachines.com\/boutique\/boulangerie-et-patisserie\/boulangerie\/fermentation-boulangerie\/armoire-de-fermentation\/armoire-de-fermentation-big-1-porte-36-plaques-60x40-par-art-steel\/#primaryimage"},"thumbnailUrl":"https:\/\/italiamachines.com\/wp-content\/uploads\/2025\/04\/AW-079-1-1.png","datePublished":"2025-04-15T22:00:55+00:00","dateModified":"2025-04-15T22:03:27+00:00","breadcrumb":{"@id":"https:\/\/italiamachines.com\/boutique\/boulangerie-et-patisserie\/boulangerie\/fermentation-boulangerie\/armoire-de-fermentation\/armoire-de-fermentation-big-1-porte-36-plaques-60x40-par-art-steel\/#breadcrumb"},"inLanguage":"en-US","potentialAction":[{"@type":"ReadAction","target":["https:\/\/italiamachines.com\/boutique\/boulangerie-et-patisserie\/boulangerie\/fermentation-boulangerie\/armoire-de-fermentation\/armoire-de-fermentation-big-1-porte-36-plaques-60x40-par-art-steel\/"]}]},{"@type":"ImageObject","inLanguage":"en-US","@id":"https:\/\/italiamachines.com\/boutique\/boulangerie-et-patisserie\/boulangerie\/fermentation-boulangerie\/armoire-de-fermentation\/armoire-de-fermentation-big-1-porte-36-plaques-60x40-par-art-steel\/#primaryimage","url":"https:\/\/italiamachines.com\/wp-content\/uploads\/2025\/04\/AW-079-1-1.png","contentUrl":"https:\/\/italiamachines.com\/wp-content\/uploads\/2025\/04\/AW-079-1-1.png","width":452,"height":582},{"@type":"BreadcrumbList","@id":"https:\/\/italiamachines.com\/boutique\/boulangerie-et-patisserie\/boulangerie\/fermentation-boulangerie\/armoire-de-fermentation\/armoire-de-fermentation-big-1-porte-36-plaques-60x40-par-art-steel\/#breadcrumb","itemListElement":[{"@type":"ListItem","position":1,"name":"Accueil","item":"https:\/\/italiamachines.com\/fr_fr\/"},{"@type":"ListItem","position":2,"name":"Boutique","item":"https:\/\/italiamachines.com\/boutique\/"},{"@type":"ListItem","position":3,"name":"Armoire de fermentation BIG \u2013 1 porte \u2013 36 plaques 60&#215;40 \u2013 par Art Steel"}]},{"@type":"WebSite","@id":"https:\/\/italiamachines.com\/#website","url":"https:\/\/italiamachines.com\/","name":"Italia Machines","description":"L&#039;art de l&#039;\u00e9quipement HORECA","publisher":{"@id":"https:\/\/italiamachines.com\/#organization"},"potentialAction":[{"@type":"SearchAction","target":{"@type":"EntryPoint","urlTemplate":"https:\/\/italiamachines.com\/?s={search_term_string}"},"query-input":{"@type":"PropertyValueSpecification","valueRequired":true,"valueName":"search_term_string"}}],"inLanguage":"en-US"},{"@type":"Organization","@id":"https:\/\/italiamachines.com\/#organization","name":"italiamachines","url":"https:\/\/italiamachines.com\/","logo":{"@type":"ImageObject","inLanguage":"en-US","@id":"https:\/\/italiamachines.com\/#\/schema\/logo\/image\/","url":"https:\/\/italiamachines.com\/wp-content\/uploads\/2023\/08\/logo-web-1.png","contentUrl":"https:\/\/italiamachines.com\/wp-content\/uploads\/2023\/08\/logo-web-1.png","width":977,"height":254,"caption":"italiamachines"},"image":{"@id":"https:\/\/italiamachines.com\/#\/schema\/logo\/image\/"},"sameAs":["https:\/\/web.facebook.com\/italiamachines\/","https:\/\/www.instagram.com\/italia.machines\/"]}]}},"_links":{"self":[{"href":"https:\/\/italiamachines.com\/en\/wp-json\/wp\/v2\/product\/10697","targetHints":{"allow":["GET"]}}],"collection":[{"href":"https:\/\/italiamachines.com\/en\/wp-json\/wp\/v2\/product"}],"about":[{"href":"https:\/\/italiamachines.com\/en\/wp-json\/wp\/v2\/types\/product"}],"replies":[{"embeddable":true,"href":"https:\/\/italiamachines.com\/en\/wp-json\/wp\/v2\/comments?post=10697"}],"wp:featuredmedia":[{"embeddable":true,"href":"https:\/\/italiamachines.com\/en\/wp-json\/wp\/v2\/media\/10699"}],"wp:attachment":[{"href":"https:\/\/italiamachines.com\/en\/wp-json\/wp\/v2\/media?parent=10697"}],"wp:term":[{"taxonomy":"product_cat","embeddable":true,"href":"https:\/\/italiamachines.com\/en\/wp-json\/wp\/v2\/product_cat?post=10697"},{"taxonomy":"product_tag","embeddable":true,"href":"https:\/\/italiamachines.com\/en\/wp-json\/wp\/v2\/product_tag?post=10697"}],"curies":[{"name":"wp","href":"https:\/\/api.w.org\/{rel}","templated":true}]}}