{"id":10718,"date":"2025-04-17T00:32:54","date_gmt":"2025-04-16T22:32:54","guid":{"rendered":"https:\/\/italiamachines.com\/?post_type=product&#038;p=10718"},"modified":"2025-04-17T00:41:27","modified_gmt":"2025-04-16T22:41:27","slug":"vitrine-refrigeree-4-faces-temperature-5-20-c-ou-0-15c-par-artsteel","status":"publish","type":"product","link":"https:\/\/italiamachines.com\/en\/boutique\/cafe-glacier-lecheria\/cafe-lecheria\/vitrine-posable\/vitrine-refrigeree-4-faces-temperature-5-20-c-ou-0-15c-par-artsteel\/","title":{"rendered":"Vitrine r\u00e9frig\u00e9r\u00e9e 4 faces &#8211; Temp\u00e9rature (-5\u00b0\/-20\u00b0 C) ou (0\u00b0\/+15\u00b0C) &#8211; par Artsteel"},"content":{"rendered":"<p>Gaz r\u00e9frig\u00e9rant : R449a<br \/>\nPlage de temp\u00e9rature : -5\u00b0C \u00e0 -20\u00b0C ( disponible aussi en version 0\u00b0\/+15\u00b0C)<br \/>\nIsolation : Polyur\u00e9thane \u00e9cologique<br \/>\n\u00c9tag\u00e8res : Multi-couches en plastique, r\u00e9glables en hauteur<\/p>\n<p>\u00c9quipement :<br \/>\nInterrupteur de porte (arr\u00eat du ventilateur \u00e0 l\u2019ouverture)<br \/>\nThermostat \u00e9lectronique avec thermom\u00e8tre<br \/>\nD\u00e9givrage automatique<br \/>\nSyst\u00e8me d\u2019\u00e9vaporation de l\u2019eau de d\u00e9givrage<br \/>\nFroid ventil\u00e9<br \/>\n\u00c9clairage LED<br \/>\nRoulettes incluses<br \/>\n\u00c9vaporateur en partie sup\u00e9rieure<br \/>\nVolume : 650 litres<br \/>\nPuissance : 700 W<br \/>\nDimensions (cm) : 70 (L) x 75 (P) x 210 (H)<\/p>","protected":false},"excerpt":{"rendered":"<p>Gaz r\u00e9frig\u00e9rant : R449a Plage de temp\u00e9rature : -5\u00b0C \u00e0 -20\u00b0C ( disponible aussi en version 0\u00b0\/+15\u00b0C) Isolation : Polyur\u00e9thane \u00e9cologique \u00c9tag\u00e8res : Multi-couches en plastique, r\u00e9glables en hauteur \u00c9quipement : Interrupteur de porte (arr\u00eat du ventilateur \u00e0 l\u2019ouverture) Thermostat \u00e9lectronique avec thermom\u00e8tre D\u00e9givrage automatique Syst\u00e8me d\u2019\u00e9vaporation de l\u2019eau de d\u00e9givrage Froid ventil\u00e9 \u00c9clairage LED&hellip;<\/p>","protected":false},"featured_media":10723,"comment_status":"open","ping_status":"closed","template":"","meta":[],"product_cat":[160,65,73,79,80,97,141,244,246,144],"product_tag":[],"class_list":{"0":"post-10718","1":"product","2":"type-product","3":"status-publish","4":"has-post-thumbnail","6":"product_cat-cafe-lecheria","7":"product_cat-cafe-glacier-lecheria","8":"product_cat-froid-conservation-pour-glace","9":"product_cat-glacier","10":"product_cat-glacier-lecheria","11":"product_cat-patisserie","12":"product_cat-vitrine-2","13":"product_cat-vitrine-posable","14":"product_cat-vitrine-refrigeree-verticale","15":"product_cat-vitrines","17":"first","18":"instock","19":"shipping-taxable","20":"purchasable","21":"product-type-variable","22":"col-xs-6 col-sm-4","23":"col-md-3 col-lg-3","24":"un-4-cols"},"yoast_head":"<!-- This site is optimized with the Yoast SEO plugin v26.6 - https:\/\/yoast.com\/wordpress\/plugins\/seo\/ -->\n<title>Vitrine p\u00e2tisserie professionnelle 4 faces | Italia Machines<\/title>\n<meta name=\"description\" content=\"ISA Cristal Tower - Vitrine p\u00e2tisserie professionnelle CristalTower r\u00e9frig\u00e9r\u00e9e \u00e0 4 faces vitr\u00e9es pour mettre en valeur les produits sous tous les angles.\" \/>\n<meta name=\"robots\" content=\"index, follow, max-snippet:-1, max-image-preview:large, max-video-preview:-1\" \/>\n<link rel=\"canonical\" href=\"https:\/\/italiamachines.com\/en\/boutique\/cafe-glacier-lecheria\/cafe-lecheria\/vitrine-posable\/vitrine-refrigeree-4-faces-temperature-5-20-c-ou-0-15c-par-artsteel\/\" \/>\n<meta property=\"og:locale\" content=\"en_US\" \/>\n<meta property=\"og:type\" content=\"article\" \/>\n<meta property=\"og:title\" content=\"Vitrine p\u00e2tisserie professionnelle 4 faces | Italia Machines\" \/>\n<meta property=\"og:description\" content=\"ISA Cristal Tower - Vitrine p\u00e2tisserie professionnelle CristalTower r\u00e9frig\u00e9r\u00e9e \u00e0 4 faces vitr\u00e9es pour mettre en valeur les produits sous tous les angles.\" \/>\n<meta property=\"og:url\" content=\"https:\/\/italiamachines.com\/en\/boutique\/cafe-glacier-lecheria\/cafe-lecheria\/vitrine-posable\/vitrine-refrigeree-4-faces-temperature-5-20-c-ou-0-15c-par-artsteel\/\" \/>\n<meta property=\"og:site_name\" content=\"Italia Machines\" \/>\n<meta property=\"article:publisher\" content=\"https:\/\/web.facebook.com\/italiamachines\/\" \/>\n<meta property=\"article:modified_time\" content=\"2025-04-16T22:41:27+00:00\" \/>\n<meta property=\"og:image\" content=\"https:\/\/italiamachines.com\/wp-content\/uploads\/2025\/04\/C7-09E-S.png\" \/>\n\t<meta property=\"og:image:width\" content=\"209\" \/>\n\t<meta property=\"og:image:height\" content=\"376\" \/>\n\t<meta property=\"og:image:type\" content=\"image\/png\" \/>\n<meta name=\"twitter:card\" content=\"summary_large_image\" \/>\n<meta name=\"twitter:label1\" content=\"Est. reading time\" \/>\n\t<meta name=\"twitter:data1\" content=\"1 minute\" \/>\n<script type=\"application\/ld+json\" class=\"yoast-schema-graph\">{\"@context\":\"https:\/\/schema.org\",\"@graph\":[{\"@type\":\"WebPage\",\"@id\":\"https:\/\/italiamachines.com\/boutique\/cafe-glacier-lecheria\/cafe-lecheria\/vitrine-posable\/vitrine-refrigeree-4-faces-temperature-5-20-c-ou-0-15c-par-artsteel\/\",\"url\":\"https:\/\/italiamachines.com\/boutique\/cafe-glacier-lecheria\/cafe-lecheria\/vitrine-posable\/vitrine-refrigeree-4-faces-temperature-5-20-c-ou-0-15c-par-artsteel\/\",\"name\":\"Vitrine p\u00e2tisserie professionnelle 4 faces | Italia Machines\",\"isPartOf\":{\"@id\":\"https:\/\/italiamachines.com\/#website\"},\"primaryImageOfPage\":{\"@id\":\"https:\/\/italiamachines.com\/boutique\/cafe-glacier-lecheria\/cafe-lecheria\/vitrine-posable\/vitrine-refrigeree-4-faces-temperature-5-20-c-ou-0-15c-par-artsteel\/#primaryimage\"},\"image\":{\"@id\":\"https:\/\/italiamachines.com\/boutique\/cafe-glacier-lecheria\/cafe-lecheria\/vitrine-posable\/vitrine-refrigeree-4-faces-temperature-5-20-c-ou-0-15c-par-artsteel\/#primaryimage\"},\"thumbnailUrl\":\"https:\/\/italiamachines.com\/wp-content\/uploads\/2025\/04\/C7-09E-S.png\",\"datePublished\":\"2025-04-16T22:32:54+00:00\",\"dateModified\":\"2025-04-16T22:41:27+00:00\",\"description\":\"ISA Cristal Tower - Vitrine p\u00e2tisserie professionnelle CristalTower r\u00e9frig\u00e9r\u00e9e \u00e0 4 faces vitr\u00e9es pour mettre en valeur les produits sous tous les angles.\",\"breadcrumb\":{\"@id\":\"https:\/\/italiamachines.com\/boutique\/cafe-glacier-lecheria\/cafe-lecheria\/vitrine-posable\/vitrine-refrigeree-4-faces-temperature-5-20-c-ou-0-15c-par-artsteel\/#breadcrumb\"},\"inLanguage\":\"en-US\",\"potentialAction\":[{\"@type\":\"ReadAction\",\"target\":[\"https:\/\/italiamachines.com\/boutique\/cafe-glacier-lecheria\/cafe-lecheria\/vitrine-posable\/vitrine-refrigeree-4-faces-temperature-5-20-c-ou-0-15c-par-artsteel\/\"]}]},{\"@type\":\"ImageObject\",\"inLanguage\":\"en-US\",\"@id\":\"https:\/\/italiamachines.com\/boutique\/cafe-glacier-lecheria\/cafe-lecheria\/vitrine-posable\/vitrine-refrigeree-4-faces-temperature-5-20-c-ou-0-15c-par-artsteel\/#primaryimage\",\"url\":\"https:\/\/italiamachines.com\/wp-content\/uploads\/2025\/04\/C7-09E-S.png\",\"contentUrl\":\"https:\/\/italiamachines.com\/wp-content\/uploads\/2025\/04\/C7-09E-S.png\",\"width\":209,\"height\":376},{\"@type\":\"BreadcrumbList\",\"@id\":\"https:\/\/italiamachines.com\/boutique\/cafe-glacier-lecheria\/cafe-lecheria\/vitrine-posable\/vitrine-refrigeree-4-faces-temperature-5-20-c-ou-0-15c-par-artsteel\/#breadcrumb\",\"itemListElement\":[{\"@type\":\"ListItem\",\"position\":1,\"name\":\"Accueil\",\"item\":\"https:\/\/italiamachines.com\/fr_fr\/\"},{\"@type\":\"ListItem\",\"position\":2,\"name\":\"Boutique\",\"item\":\"https:\/\/italiamachines.com\/boutique\/\"},{\"@type\":\"ListItem\",\"position\":3,\"name\":\"Vitrine r\u00e9frig\u00e9r\u00e9e 4 faces &#8211; Temp\u00e9rature (-5\u00b0\/-20\u00b0 C) ou (0\u00b0\/+15\u00b0C) &#8211; par Artsteel\"}]},{\"@type\":\"WebSite\",\"@id\":\"https:\/\/italiamachines.com\/#website\",\"url\":\"https:\/\/italiamachines.com\/\",\"name\":\"Italia Machines\",\"description\":\"L&#039;art de l&#039;\u00e9quipement HORECA\",\"publisher\":{\"@id\":\"https:\/\/italiamachines.com\/#organization\"},\"potentialAction\":[{\"@type\":\"SearchAction\",\"target\":{\"@type\":\"EntryPoint\",\"urlTemplate\":\"https:\/\/italiamachines.com\/?s={search_term_string}\"},\"query-input\":{\"@type\":\"PropertyValueSpecification\",\"valueRequired\":true,\"valueName\":\"search_term_string\"}}],\"inLanguage\":\"en-US\"},{\"@type\":\"Organization\",\"@id\":\"https:\/\/italiamachines.com\/#organization\",\"name\":\"italiamachines\",\"url\":\"https:\/\/italiamachines.com\/\",\"logo\":{\"@type\":\"ImageObject\",\"inLanguage\":\"en-US\",\"@id\":\"https:\/\/italiamachines.com\/#\/schema\/logo\/image\/\",\"url\":\"https:\/\/italiamachines.com\/wp-content\/uploads\/2023\/08\/logo-web-1.png\",\"contentUrl\":\"https:\/\/italiamachines.com\/wp-content\/uploads\/2023\/08\/logo-web-1.png\",\"width\":977,\"height\":254,\"caption\":\"italiamachines\"},\"image\":{\"@id\":\"https:\/\/italiamachines.com\/#\/schema\/logo\/image\/\"},\"sameAs\":[\"https:\/\/web.facebook.com\/italiamachines\/\",\"https:\/\/www.instagram.com\/italia.machines\/\"]}]}<\/script>\n<!-- \/ Yoast SEO plugin. -->","yoast_head_json":{"title":"Vitrine p\u00e2tisserie professionnelle 4 faces | Italia Machines","description":"ISA Cristal Tower - Vitrine p\u00e2tisserie professionnelle CristalTower r\u00e9frig\u00e9r\u00e9e \u00e0 4 faces vitr\u00e9es pour mettre en valeur les produits sous tous les angles.","robots":{"index":"index","follow":"follow","max-snippet":"max-snippet:-1","max-image-preview":"max-image-preview:large","max-video-preview":"max-video-preview:-1"},"canonical":"https:\/\/italiamachines.com\/en\/boutique\/cafe-glacier-lecheria\/cafe-lecheria\/vitrine-posable\/vitrine-refrigeree-4-faces-temperature-5-20-c-ou-0-15c-par-artsteel\/","og_locale":"en_US","og_type":"article","og_title":"Vitrine p\u00e2tisserie professionnelle 4 faces | Italia Machines","og_description":"ISA Cristal Tower - Vitrine p\u00e2tisserie professionnelle CristalTower r\u00e9frig\u00e9r\u00e9e \u00e0 4 faces vitr\u00e9es pour mettre en valeur les produits sous tous les angles.","og_url":"https:\/\/italiamachines.com\/en\/boutique\/cafe-glacier-lecheria\/cafe-lecheria\/vitrine-posable\/vitrine-refrigeree-4-faces-temperature-5-20-c-ou-0-15c-par-artsteel\/","og_site_name":"Italia Machines","article_publisher":"https:\/\/web.facebook.com\/italiamachines\/","article_modified_time":"2025-04-16T22:41:27+00:00","og_image":[{"width":209,"height":376,"url":"https:\/\/italiamachines.com\/wp-content\/uploads\/2025\/04\/C7-09E-S.png","type":"image\/png"}],"twitter_card":"summary_large_image","twitter_misc":{"Est. reading time":"1 minute"},"schema":{"@context":"https:\/\/schema.org","@graph":[{"@type":"WebPage","@id":"https:\/\/italiamachines.com\/boutique\/cafe-glacier-lecheria\/cafe-lecheria\/vitrine-posable\/vitrine-refrigeree-4-faces-temperature-5-20-c-ou-0-15c-par-artsteel\/","url":"https:\/\/italiamachines.com\/boutique\/cafe-glacier-lecheria\/cafe-lecheria\/vitrine-posable\/vitrine-refrigeree-4-faces-temperature-5-20-c-ou-0-15c-par-artsteel\/","name":"Vitrine p\u00e2tisserie professionnelle 4 faces | Italia Machines","isPartOf":{"@id":"https:\/\/italiamachines.com\/#website"},"primaryImageOfPage":{"@id":"https:\/\/italiamachines.com\/boutique\/cafe-glacier-lecheria\/cafe-lecheria\/vitrine-posable\/vitrine-refrigeree-4-faces-temperature-5-20-c-ou-0-15c-par-artsteel\/#primaryimage"},"image":{"@id":"https:\/\/italiamachines.com\/boutique\/cafe-glacier-lecheria\/cafe-lecheria\/vitrine-posable\/vitrine-refrigeree-4-faces-temperature-5-20-c-ou-0-15c-par-artsteel\/#primaryimage"},"thumbnailUrl":"https:\/\/italiamachines.com\/wp-content\/uploads\/2025\/04\/C7-09E-S.png","datePublished":"2025-04-16T22:32:54+00:00","dateModified":"2025-04-16T22:41:27+00:00","description":"ISA Cristal Tower - Vitrine p\u00e2tisserie professionnelle CristalTower r\u00e9frig\u00e9r\u00e9e \u00e0 4 faces vitr\u00e9es pour mettre en valeur les produits sous tous les angles.","breadcrumb":{"@id":"https:\/\/italiamachines.com\/boutique\/cafe-glacier-lecheria\/cafe-lecheria\/vitrine-posable\/vitrine-refrigeree-4-faces-temperature-5-20-c-ou-0-15c-par-artsteel\/#breadcrumb"},"inLanguage":"en-US","potentialAction":[{"@type":"ReadAction","target":["https:\/\/italiamachines.com\/boutique\/cafe-glacier-lecheria\/cafe-lecheria\/vitrine-posable\/vitrine-refrigeree-4-faces-temperature-5-20-c-ou-0-15c-par-artsteel\/"]}]},{"@type":"ImageObject","inLanguage":"en-US","@id":"https:\/\/italiamachines.com\/boutique\/cafe-glacier-lecheria\/cafe-lecheria\/vitrine-posable\/vitrine-refrigeree-4-faces-temperature-5-20-c-ou-0-15c-par-artsteel\/#primaryimage","url":"https:\/\/italiamachines.com\/wp-content\/uploads\/2025\/04\/C7-09E-S.png","contentUrl":"https:\/\/italiamachines.com\/wp-content\/uploads\/2025\/04\/C7-09E-S.png","width":209,"height":376},{"@type":"BreadcrumbList","@id":"https:\/\/italiamachines.com\/boutique\/cafe-glacier-lecheria\/cafe-lecheria\/vitrine-posable\/vitrine-refrigeree-4-faces-temperature-5-20-c-ou-0-15c-par-artsteel\/#breadcrumb","itemListElement":[{"@type":"ListItem","position":1,"name":"Accueil","item":"https:\/\/italiamachines.com\/fr_fr\/"},{"@type":"ListItem","position":2,"name":"Boutique","item":"https:\/\/italiamachines.com\/boutique\/"},{"@type":"ListItem","position":3,"name":"Vitrine r\u00e9frig\u00e9r\u00e9e 4 faces &#8211; Temp\u00e9rature (-5\u00b0\/-20\u00b0 C) ou (0\u00b0\/+15\u00b0C) &#8211; par Artsteel"}]},{"@type":"WebSite","@id":"https:\/\/italiamachines.com\/#website","url":"https:\/\/italiamachines.com\/","name":"Italia Machines","description":"L&#039;art de l&#039;\u00e9quipement HORECA","publisher":{"@id":"https:\/\/italiamachines.com\/#organization"},"potentialAction":[{"@type":"SearchAction","target":{"@type":"EntryPoint","urlTemplate":"https:\/\/italiamachines.com\/?s={search_term_string}"},"query-input":{"@type":"PropertyValueSpecification","valueRequired":true,"valueName":"search_term_string"}}],"inLanguage":"en-US"},{"@type":"Organization","@id":"https:\/\/italiamachines.com\/#organization","name":"italiamachines","url":"https:\/\/italiamachines.com\/","logo":{"@type":"ImageObject","inLanguage":"en-US","@id":"https:\/\/italiamachines.com\/#\/schema\/logo\/image\/","url":"https:\/\/italiamachines.com\/wp-content\/uploads\/2023\/08\/logo-web-1.png","contentUrl":"https:\/\/italiamachines.com\/wp-content\/uploads\/2023\/08\/logo-web-1.png","width":977,"height":254,"caption":"italiamachines"},"image":{"@id":"https:\/\/italiamachines.com\/#\/schema\/logo\/image\/"},"sameAs":["https:\/\/web.facebook.com\/italiamachines\/","https:\/\/www.instagram.com\/italia.machines\/"]}]}},"_links":{"self":[{"href":"https:\/\/italiamachines.com\/en\/wp-json\/wp\/v2\/product\/10718","targetHints":{"allow":["GET"]}}],"collection":[{"href":"https:\/\/italiamachines.com\/en\/wp-json\/wp\/v2\/product"}],"about":[{"href":"https:\/\/italiamachines.com\/en\/wp-json\/wp\/v2\/types\/product"}],"replies":[{"embeddable":true,"href":"https:\/\/italiamachines.com\/en\/wp-json\/wp\/v2\/comments?post=10718"}],"wp:featuredmedia":[{"embeddable":true,"href":"https:\/\/italiamachines.com\/en\/wp-json\/wp\/v2\/media\/10723"}],"wp:attachment":[{"href":"https:\/\/italiamachines.com\/en\/wp-json\/wp\/v2\/media?parent=10718"}],"wp:term":[{"taxonomy":"product_cat","embeddable":true,"href":"https:\/\/italiamachines.com\/en\/wp-json\/wp\/v2\/product_cat?post=10718"},{"taxonomy":"product_tag","embeddable":true,"href":"https:\/\/italiamachines.com\/en\/wp-json\/wp\/v2\/product_tag?post=10718"}],"curies":[{"name":"wp","href":"https:\/\/api.w.org\/{rel}","templated":true}]}}