{"id":10726,"date":"2025-04-17T00:58:02","date_gmt":"2025-04-16T22:58:02","guid":{"rendered":"https:\/\/italiamachines.com\/?post_type=product&#038;p=10726"},"modified":"2025-04-17T00:58:02","modified_gmt":"2025-04-16T22:58:02","slug":"chauffe-frites-electrique-a-infrarouges-sur-meuble-par-desco","status":"publish","type":"product","link":"https:\/\/italiamachines.com\/en\/boutique\/restaurant-snack-et-pizzeria\/cuisson\/chauffe-frite\/chauffe-frites-electrique-a-infrarouges-sur-meuble-par-desco\/","title":{"rendered":"chauffe frites \u00e9lectrique \u00e0 infrarouges sur meuble &#8211;  par Desco"},"content":{"rendered":"<p>Typologie : 1 cuve simple<br \/>\nCapacit\u00e9 de la cuve : 1 bac GN 1\/1<br \/>\nDimensions (mm) : 400 x 700 x 900<br \/>\nBr\u00fbleur : 1x en fonte \u00d8130 mm<br \/>\nAllumage : Par commutateur<br \/>\nAlimentation : 220-240V ~ 50-60Hz (\u00e9lectrique)<br \/>\nPuissance : 1 kW<br \/>\nStructure :<br \/>\nEnti\u00e8rement en acier inox<br \/>\nJoints \u00e0 fleur<br \/>\nPlan de travail moul\u00e9, \u00e9paisseur 15\/10<br \/>\nBords arrondis<br \/>\nOptions de meuble : Ouvert ou avec portes battantes<\/p>","protected":false},"excerpt":{"rendered":"<p>Typologie : 1 cuve simple Capacit\u00e9 de la cuve : 1 bac GN 1\/1 Dimensions (mm) : 400 x 700 x 900 Br\u00fbleur : 1x en fonte \u00d8130 mm Allumage : Par commutateur Alimentation : 220-240V ~ 50-60Hz (\u00e9lectrique) Puissance : 1 kW Structure : Enti\u00e8rement en acier inox Joints \u00e0 fleur Plan de travail&hellip;<\/p>","protected":false},"featured_media":10727,"comment_status":"open","ping_status":"closed","template":"","meta":[],"product_cat":[257,171,112],"product_tag":[],"class_list":{"0":"post-10726","1":"product","2":"type-product","3":"status-publish","4":"has-post-thumbnail","6":"product_cat-chauffe-frite","7":"product_cat-cuisson","8":"product_cat-restaurant-snack-et-pizzeria","10":"first","11":"instock","12":"shipping-taxable","13":"purchasable","14":"product-type-simple","15":"col-xs-6 col-sm-4","16":"col-md-3 col-lg-3","17":"un-4-cols"},"yoast_head":"<!-- This site is optimized with the Yoast SEO plugin v26.6 - https:\/\/yoast.com\/wordpress\/plugins\/seo\/ -->\n<title>chauffe frites \u00e9lectrique \u00e0 infrarouges sur meuble - par Desco | Italia Machines<\/title>\n<meta name=\"robots\" content=\"index, follow, max-snippet:-1, max-image-preview:large, max-video-preview:-1\" \/>\n<link rel=\"canonical\" href=\"https:\/\/italiamachines.com\/en\/boutique\/restaurant-snack-et-pizzeria\/cuisson\/chauffe-frite\/chauffe-frites-electrique-a-infrarouges-sur-meuble-par-desco\/\" \/>\n<meta property=\"og:locale\" content=\"en_US\" \/>\n<meta property=\"og:type\" content=\"article\" \/>\n<meta property=\"og:title\" content=\"chauffe frites \u00e9lectrique \u00e0 infrarouges sur meuble - par Desco | Italia Machines\" \/>\n<meta property=\"og:description\" content=\"Typologie : 1 cuve simple Capacit\u00e9 de la cuve : 1 bac GN 1\/1 Dimensions (mm) : 400 x 700 x 900 Br\u00fbleur : 1x en fonte \u00d8130 mm Allumage : Par commutateur Alimentation : 220-240V ~ 50-60Hz (\u00e9lectrique) Puissance : 1 kW Structure : Enti\u00e8rement en acier inox Joints \u00e0 fleur Plan de travail&hellip;\" \/>\n<meta property=\"og:url\" content=\"https:\/\/italiamachines.com\/en\/boutique\/restaurant-snack-et-pizzeria\/cuisson\/chauffe-frite\/chauffe-frites-electrique-a-infrarouges-sur-meuble-par-desco\/\" \/>\n<meta property=\"og:site_name\" content=\"Italia Machines\" \/>\n<meta property=\"article:publisher\" content=\"https:\/\/web.facebook.com\/italiamachines\/\" \/>\n<meta property=\"og:image\" content=\"https:\/\/italiamachines.com\/wp-content\/uploads\/2025\/04\/CCE71M0.jpg\" \/>\n\t<meta property=\"og:image:width\" content=\"500\" \/>\n\t<meta property=\"og:image:height\" content=\"500\" \/>\n\t<meta property=\"og:image:type\" content=\"image\/jpeg\" \/>\n<meta name=\"twitter:card\" content=\"summary_large_image\" \/>\n<meta name=\"twitter:label1\" content=\"Est. reading time\" \/>\n\t<meta name=\"twitter:data1\" content=\"1 minute\" \/>\n<script type=\"application\/ld+json\" class=\"yoast-schema-graph\">{\"@context\":\"https:\/\/schema.org\",\"@graph\":[{\"@type\":\"WebPage\",\"@id\":\"https:\/\/italiamachines.com\/boutique\/restaurant-snack-et-pizzeria\/cuisson\/chauffe-frite\/chauffe-frites-electrique-a-infrarouges-sur-meuble-par-desco\/\",\"url\":\"https:\/\/italiamachines.com\/boutique\/restaurant-snack-et-pizzeria\/cuisson\/chauffe-frite\/chauffe-frites-electrique-a-infrarouges-sur-meuble-par-desco\/\",\"name\":\"chauffe frites \u00e9lectrique \u00e0 infrarouges sur meuble - par Desco | Italia Machines\",\"isPartOf\":{\"@id\":\"https:\/\/italiamachines.com\/#website\"},\"primaryImageOfPage\":{\"@id\":\"https:\/\/italiamachines.com\/boutique\/restaurant-snack-et-pizzeria\/cuisson\/chauffe-frite\/chauffe-frites-electrique-a-infrarouges-sur-meuble-par-desco\/#primaryimage\"},\"image\":{\"@id\":\"https:\/\/italiamachines.com\/boutique\/restaurant-snack-et-pizzeria\/cuisson\/chauffe-frite\/chauffe-frites-electrique-a-infrarouges-sur-meuble-par-desco\/#primaryimage\"},\"thumbnailUrl\":\"https:\/\/italiamachines.com\/wp-content\/uploads\/2025\/04\/CCE71M0.jpg\",\"datePublished\":\"2025-04-16T22:58:02+00:00\",\"breadcrumb\":{\"@id\":\"https:\/\/italiamachines.com\/boutique\/restaurant-snack-et-pizzeria\/cuisson\/chauffe-frite\/chauffe-frites-electrique-a-infrarouges-sur-meuble-par-desco\/#breadcrumb\"},\"inLanguage\":\"en-US\",\"potentialAction\":[{\"@type\":\"ReadAction\",\"target\":[\"https:\/\/italiamachines.com\/boutique\/restaurant-snack-et-pizzeria\/cuisson\/chauffe-frite\/chauffe-frites-electrique-a-infrarouges-sur-meuble-par-desco\/\"]}]},{\"@type\":\"ImageObject\",\"inLanguage\":\"en-US\",\"@id\":\"https:\/\/italiamachines.com\/boutique\/restaurant-snack-et-pizzeria\/cuisson\/chauffe-frite\/chauffe-frites-electrique-a-infrarouges-sur-meuble-par-desco\/#primaryimage\",\"url\":\"https:\/\/italiamachines.com\/wp-content\/uploads\/2025\/04\/CCE71M0.jpg\",\"contentUrl\":\"https:\/\/italiamachines.com\/wp-content\/uploads\/2025\/04\/CCE71M0.jpg\",\"width\":500,\"height\":500},{\"@type\":\"BreadcrumbList\",\"@id\":\"https:\/\/italiamachines.com\/boutique\/restaurant-snack-et-pizzeria\/cuisson\/chauffe-frite\/chauffe-frites-electrique-a-infrarouges-sur-meuble-par-desco\/#breadcrumb\",\"itemListElement\":[{\"@type\":\"ListItem\",\"position\":1,\"name\":\"Accueil\",\"item\":\"https:\/\/italiamachines.com\/fr_fr\/\"},{\"@type\":\"ListItem\",\"position\":2,\"name\":\"Boutique\",\"item\":\"https:\/\/italiamachines.com\/boutique\/\"},{\"@type\":\"ListItem\",\"position\":3,\"name\":\"chauffe frites \u00e9lectrique \u00e0 infrarouges sur meuble &#8211; par Desco\"}]},{\"@type\":\"WebSite\",\"@id\":\"https:\/\/italiamachines.com\/#website\",\"url\":\"https:\/\/italiamachines.com\/\",\"name\":\"Italia Machines\",\"description\":\"L&#039;art de l&#039;\u00e9quipement HORECA\",\"publisher\":{\"@id\":\"https:\/\/italiamachines.com\/#organization\"},\"potentialAction\":[{\"@type\":\"SearchAction\",\"target\":{\"@type\":\"EntryPoint\",\"urlTemplate\":\"https:\/\/italiamachines.com\/?s={search_term_string}\"},\"query-input\":{\"@type\":\"PropertyValueSpecification\",\"valueRequired\":true,\"valueName\":\"search_term_string\"}}],\"inLanguage\":\"en-US\"},{\"@type\":\"Organization\",\"@id\":\"https:\/\/italiamachines.com\/#organization\",\"name\":\"italiamachines\",\"url\":\"https:\/\/italiamachines.com\/\",\"logo\":{\"@type\":\"ImageObject\",\"inLanguage\":\"en-US\",\"@id\":\"https:\/\/italiamachines.com\/#\/schema\/logo\/image\/\",\"url\":\"https:\/\/italiamachines.com\/wp-content\/uploads\/2023\/08\/logo-web-1.png\",\"contentUrl\":\"https:\/\/italiamachines.com\/wp-content\/uploads\/2023\/08\/logo-web-1.png\",\"width\":977,\"height\":254,\"caption\":\"italiamachines\"},\"image\":{\"@id\":\"https:\/\/italiamachines.com\/#\/schema\/logo\/image\/\"},\"sameAs\":[\"https:\/\/web.facebook.com\/italiamachines\/\",\"https:\/\/www.instagram.com\/italia.machines\/\"]}]}<\/script>\n<!-- \/ Yoast SEO plugin. -->","yoast_head_json":{"title":"chauffe frites \u00e9lectrique \u00e0 infrarouges sur meuble - par Desco | Italia Machines","robots":{"index":"index","follow":"follow","max-snippet":"max-snippet:-1","max-image-preview":"max-image-preview:large","max-video-preview":"max-video-preview:-1"},"canonical":"https:\/\/italiamachines.com\/en\/boutique\/restaurant-snack-et-pizzeria\/cuisson\/chauffe-frite\/chauffe-frites-electrique-a-infrarouges-sur-meuble-par-desco\/","og_locale":"en_US","og_type":"article","og_title":"chauffe frites \u00e9lectrique \u00e0 infrarouges sur meuble - par Desco | Italia Machines","og_description":"Typologie : 1 cuve simple Capacit\u00e9 de la cuve : 1 bac GN 1\/1 Dimensions (mm) : 400 x 700 x 900 Br\u00fbleur : 1x en fonte \u00d8130 mm Allumage : Par commutateur Alimentation : 220-240V ~ 50-60Hz (\u00e9lectrique) Puissance : 1 kW Structure : Enti\u00e8rement en acier inox Joints \u00e0 fleur Plan de travail&hellip;","og_url":"https:\/\/italiamachines.com\/en\/boutique\/restaurant-snack-et-pizzeria\/cuisson\/chauffe-frite\/chauffe-frites-electrique-a-infrarouges-sur-meuble-par-desco\/","og_site_name":"Italia Machines","article_publisher":"https:\/\/web.facebook.com\/italiamachines\/","og_image":[{"width":500,"height":500,"url":"https:\/\/italiamachines.com\/wp-content\/uploads\/2025\/04\/CCE71M0.jpg","type":"image\/jpeg"}],"twitter_card":"summary_large_image","twitter_misc":{"Est. reading time":"1 minute"},"schema":{"@context":"https:\/\/schema.org","@graph":[{"@type":"WebPage","@id":"https:\/\/italiamachines.com\/boutique\/restaurant-snack-et-pizzeria\/cuisson\/chauffe-frite\/chauffe-frites-electrique-a-infrarouges-sur-meuble-par-desco\/","url":"https:\/\/italiamachines.com\/boutique\/restaurant-snack-et-pizzeria\/cuisson\/chauffe-frite\/chauffe-frites-electrique-a-infrarouges-sur-meuble-par-desco\/","name":"chauffe frites \u00e9lectrique \u00e0 infrarouges sur meuble - par Desco | Italia Machines","isPartOf":{"@id":"https:\/\/italiamachines.com\/#website"},"primaryImageOfPage":{"@id":"https:\/\/italiamachines.com\/boutique\/restaurant-snack-et-pizzeria\/cuisson\/chauffe-frite\/chauffe-frites-electrique-a-infrarouges-sur-meuble-par-desco\/#primaryimage"},"image":{"@id":"https:\/\/italiamachines.com\/boutique\/restaurant-snack-et-pizzeria\/cuisson\/chauffe-frite\/chauffe-frites-electrique-a-infrarouges-sur-meuble-par-desco\/#primaryimage"},"thumbnailUrl":"https:\/\/italiamachines.com\/wp-content\/uploads\/2025\/04\/CCE71M0.jpg","datePublished":"2025-04-16T22:58:02+00:00","breadcrumb":{"@id":"https:\/\/italiamachines.com\/boutique\/restaurant-snack-et-pizzeria\/cuisson\/chauffe-frite\/chauffe-frites-electrique-a-infrarouges-sur-meuble-par-desco\/#breadcrumb"},"inLanguage":"en-US","potentialAction":[{"@type":"ReadAction","target":["https:\/\/italiamachines.com\/boutique\/restaurant-snack-et-pizzeria\/cuisson\/chauffe-frite\/chauffe-frites-electrique-a-infrarouges-sur-meuble-par-desco\/"]}]},{"@type":"ImageObject","inLanguage":"en-US","@id":"https:\/\/italiamachines.com\/boutique\/restaurant-snack-et-pizzeria\/cuisson\/chauffe-frite\/chauffe-frites-electrique-a-infrarouges-sur-meuble-par-desco\/#primaryimage","url":"https:\/\/italiamachines.com\/wp-content\/uploads\/2025\/04\/CCE71M0.jpg","contentUrl":"https:\/\/italiamachines.com\/wp-content\/uploads\/2025\/04\/CCE71M0.jpg","width":500,"height":500},{"@type":"BreadcrumbList","@id":"https:\/\/italiamachines.com\/boutique\/restaurant-snack-et-pizzeria\/cuisson\/chauffe-frite\/chauffe-frites-electrique-a-infrarouges-sur-meuble-par-desco\/#breadcrumb","itemListElement":[{"@type":"ListItem","position":1,"name":"Accueil","item":"https:\/\/italiamachines.com\/fr_fr\/"},{"@type":"ListItem","position":2,"name":"Boutique","item":"https:\/\/italiamachines.com\/boutique\/"},{"@type":"ListItem","position":3,"name":"chauffe frites \u00e9lectrique \u00e0 infrarouges sur meuble &#8211; par Desco"}]},{"@type":"WebSite","@id":"https:\/\/italiamachines.com\/#website","url":"https:\/\/italiamachines.com\/","name":"Italia Machines","description":"L&#039;art de l&#039;\u00e9quipement HORECA","publisher":{"@id":"https:\/\/italiamachines.com\/#organization"},"potentialAction":[{"@type":"SearchAction","target":{"@type":"EntryPoint","urlTemplate":"https:\/\/italiamachines.com\/?s={search_term_string}"},"query-input":{"@type":"PropertyValueSpecification","valueRequired":true,"valueName":"search_term_string"}}],"inLanguage":"en-US"},{"@type":"Organization","@id":"https:\/\/italiamachines.com\/#organization","name":"italiamachines","url":"https:\/\/italiamachines.com\/","logo":{"@type":"ImageObject","inLanguage":"en-US","@id":"https:\/\/italiamachines.com\/#\/schema\/logo\/image\/","url":"https:\/\/italiamachines.com\/wp-content\/uploads\/2023\/08\/logo-web-1.png","contentUrl":"https:\/\/italiamachines.com\/wp-content\/uploads\/2023\/08\/logo-web-1.png","width":977,"height":254,"caption":"italiamachines"},"image":{"@id":"https:\/\/italiamachines.com\/#\/schema\/logo\/image\/"},"sameAs":["https:\/\/web.facebook.com\/italiamachines\/","https:\/\/www.instagram.com\/italia.machines\/"]}]}},"_links":{"self":[{"href":"https:\/\/italiamachines.com\/en\/wp-json\/wp\/v2\/product\/10726","targetHints":{"allow":["GET"]}}],"collection":[{"href":"https:\/\/italiamachines.com\/en\/wp-json\/wp\/v2\/product"}],"about":[{"href":"https:\/\/italiamachines.com\/en\/wp-json\/wp\/v2\/types\/product"}],"replies":[{"embeddable":true,"href":"https:\/\/italiamachines.com\/en\/wp-json\/wp\/v2\/comments?post=10726"}],"wp:featuredmedia":[{"embeddable":true,"href":"https:\/\/italiamachines.com\/en\/wp-json\/wp\/v2\/media\/10727"}],"wp:attachment":[{"href":"https:\/\/italiamachines.com\/en\/wp-json\/wp\/v2\/media?parent=10726"}],"wp:term":[{"taxonomy":"product_cat","embeddable":true,"href":"https:\/\/italiamachines.com\/en\/wp-json\/wp\/v2\/product_cat?post=10726"},{"taxonomy":"product_tag","embeddable":true,"href":"https:\/\/italiamachines.com\/en\/wp-json\/wp\/v2\/product_tag?post=10726"}],"curies":[{"name":"wp","href":"https:\/\/api.w.org\/{rel}","templated":true}]}}