{"id":10765,"date":"2025-04-18T23:40:55","date_gmt":"2025-04-18T21:40:55","guid":{"rendered":"https:\/\/italiamachines.com\/?post_type=product&#038;p=10765"},"modified":"2025-04-20T17:05:38","modified_gmt":"2025-04-20T15:05:38","slug":"armoire-de-maturation-a-sec-par-artsteel","status":"publish","type":"product","link":"https:\/\/italiamachines.com\/en\/boutique\/boucherie\/froid-conservation-pour-boucherie\/armoire-de-maturation-a-sec-par-artsteel\/","title":{"rendered":"Armoire de Maturation \u00e0 Sec \u2013 par Artsteel"},"content":{"rendered":"<p>Isolation : Mousse de polyur\u00e9thane 60 mm, densit\u00e9 48 kg\/m\u00b3<br \/>\nTension : 220\u2013230 V (50\/60 Hz)<br \/>\nContr\u00f4le d\u2019humidit\u00e9 \u00e9lectronique : de 60 % \u00e0 90 % (pas besoin d\u2019alimentation en eau externe)<br \/>\nSyst\u00e8me de st\u00e9rilisation UV<br \/>\n\u00c9clairage LED<br \/>\nD\u00e9givrage automatique<br \/>\n\u00c9vaporation automatique de la condensation<br \/>\nAlarme optique et sonore<br \/>\nPorte en verre r\u00e9versible et magn\u00e9tique avec protection UV<br \/>\n\u00c9tag\u00e8res : 5 par porte, capacit\u00e9 max par \u00e9tag\u00e8re : 40 kg<br \/>\nCouleurs disponibles : noir et Inox<\/p>","protected":false},"excerpt":{"rendered":"<p>Isolation : Mousse de polyur\u00e9thane 60 mm, densit\u00e9 48 kg\/m\u00b3 Tension : 220\u2013230 V (50\/60 Hz) Contr\u00f4le d\u2019humidit\u00e9 \u00e9lectronique : de 60 % \u00e0 90 % (pas besoin d\u2019alimentation en eau externe) Syst\u00e8me de st\u00e9rilisation UV \u00c9clairage LED D\u00e9givrage automatique \u00c9vaporation automatique de la condensation Alarme optique et sonore Porte en verre r\u00e9versible et magn\u00e9tique&hellip;<\/p>","protected":false},"featured_media":10769,"comment_status":"open","ping_status":"closed","template":"","meta":[],"product_cat":[63,72],"product_tag":[],"class_list":{"0":"post-10765","1":"product","2":"type-product","3":"status-publish","4":"has-post-thumbnail","6":"product_cat-boucherie","7":"product_cat-froid-conservation-pour-boucherie","8":"pa_volumearmoire-14002-portes","9":"pa_volumearmoire-55","11":"first","12":"instock","13":"shipping-taxable","14":"purchasable","15":"product-type-variable","16":"col-xs-6 col-sm-4","17":"col-md-3 col-lg-3","18":"un-4-cols"},"yoast_head":"<!-- This site is optimized with the Yoast SEO plugin v26.6 - https:\/\/yoast.com\/wordpress\/plugins\/seo\/ -->\n<title>Armoire de Maturation \u00e0 Sec \u2013 par Artsteel | Italia Machines<\/title>\n<meta name=\"robots\" content=\"index, follow, max-snippet:-1, max-image-preview:large, max-video-preview:-1\" \/>\n<link rel=\"canonical\" href=\"https:\/\/italiamachines.com\/en\/boutique\/boucherie\/froid-conservation-pour-boucherie\/armoire-de-maturation-a-sec-par-artsteel\/\" \/>\n<meta property=\"og:locale\" content=\"en_US\" \/>\n<meta property=\"og:type\" content=\"article\" \/>\n<meta property=\"og:title\" content=\"Armoire de Maturation \u00e0 Sec \u2013 par Artsteel | Italia Machines\" \/>\n<meta property=\"og:description\" content=\"Isolation : Mousse de polyur\u00e9thane 60 mm, densit\u00e9 48 kg\/m\u00b3 Tension : 220\u2013230 V (50\/60 Hz) Contr\u00f4le d\u2019humidit\u00e9 \u00e9lectronique : de 60 % \u00e0 90 % (pas besoin d\u2019alimentation en eau externe) Syst\u00e8me de st\u00e9rilisation UV \u00c9clairage LED D\u00e9givrage automatique \u00c9vaporation automatique de la condensation Alarme optique et sonore Porte en verre r\u00e9versible et magn\u00e9tique&hellip;\" \/>\n<meta property=\"og:url\" content=\"https:\/\/italiamachines.com\/en\/boutique\/boucherie\/froid-conservation-pour-boucherie\/armoire-de-maturation-a-sec-par-artsteel\/\" \/>\n<meta property=\"og:site_name\" content=\"Italia Machines\" \/>\n<meta property=\"article:publisher\" content=\"https:\/\/web.facebook.com\/italiamachines\/\" \/>\n<meta property=\"article:modified_time\" content=\"2025-04-20T15:05:38+00:00\" \/>\n<meta property=\"og:image\" content=\"https:\/\/italiamachines.com\/wp-content\/uploads\/2025\/04\/DA-07D-B.png\" \/>\n\t<meta property=\"og:image:width\" content=\"170\" \/>\n\t<meta property=\"og:image:height\" content=\"302\" \/>\n\t<meta property=\"og:image:type\" content=\"image\/png\" \/>\n<meta name=\"twitter:card\" content=\"summary_large_image\" \/>\n<meta name=\"twitter:label1\" content=\"Est. reading time\" \/>\n\t<meta name=\"twitter:data1\" content=\"1 minute\" \/>\n<script type=\"application\/ld+json\" class=\"yoast-schema-graph\">{\"@context\":\"https:\/\/schema.org\",\"@graph\":[{\"@type\":\"WebPage\",\"@id\":\"https:\/\/italiamachines.com\/boutique\/boucherie\/froid-conservation-pour-boucherie\/armoire-de-maturation-a-sec-par-artsteel\/\",\"url\":\"https:\/\/italiamachines.com\/boutique\/boucherie\/froid-conservation-pour-boucherie\/armoire-de-maturation-a-sec-par-artsteel\/\",\"name\":\"Armoire de Maturation \u00e0 Sec \u2013 par Artsteel | Italia Machines\",\"isPartOf\":{\"@id\":\"https:\/\/italiamachines.com\/#website\"},\"primaryImageOfPage\":{\"@id\":\"https:\/\/italiamachines.com\/boutique\/boucherie\/froid-conservation-pour-boucherie\/armoire-de-maturation-a-sec-par-artsteel\/#primaryimage\"},\"image\":{\"@id\":\"https:\/\/italiamachines.com\/boutique\/boucherie\/froid-conservation-pour-boucherie\/armoire-de-maturation-a-sec-par-artsteel\/#primaryimage\"},\"thumbnailUrl\":\"https:\/\/italiamachines.com\/wp-content\/uploads\/2025\/04\/DA-07D-B.png\",\"datePublished\":\"2025-04-18T21:40:55+00:00\",\"dateModified\":\"2025-04-20T15:05:38+00:00\",\"breadcrumb\":{\"@id\":\"https:\/\/italiamachines.com\/boutique\/boucherie\/froid-conservation-pour-boucherie\/armoire-de-maturation-a-sec-par-artsteel\/#breadcrumb\"},\"inLanguage\":\"en-US\",\"potentialAction\":[{\"@type\":\"ReadAction\",\"target\":[\"https:\/\/italiamachines.com\/boutique\/boucherie\/froid-conservation-pour-boucherie\/armoire-de-maturation-a-sec-par-artsteel\/\"]}]},{\"@type\":\"ImageObject\",\"inLanguage\":\"en-US\",\"@id\":\"https:\/\/italiamachines.com\/boutique\/boucherie\/froid-conservation-pour-boucherie\/armoire-de-maturation-a-sec-par-artsteel\/#primaryimage\",\"url\":\"https:\/\/italiamachines.com\/wp-content\/uploads\/2025\/04\/DA-07D-B.png\",\"contentUrl\":\"https:\/\/italiamachines.com\/wp-content\/uploads\/2025\/04\/DA-07D-B.png\",\"width\":170,\"height\":302},{\"@type\":\"BreadcrumbList\",\"@id\":\"https:\/\/italiamachines.com\/boutique\/boucherie\/froid-conservation-pour-boucherie\/armoire-de-maturation-a-sec-par-artsteel\/#breadcrumb\",\"itemListElement\":[{\"@type\":\"ListItem\",\"position\":1,\"name\":\"Accueil\",\"item\":\"https:\/\/italiamachines.com\/fr_fr\/\"},{\"@type\":\"ListItem\",\"position\":2,\"name\":\"Boutique\",\"item\":\"https:\/\/italiamachines.com\/boutique\/\"},{\"@type\":\"ListItem\",\"position\":3,\"name\":\"Armoire de Maturation \u00e0 Sec \u2013 par Artsteel\"}]},{\"@type\":\"WebSite\",\"@id\":\"https:\/\/italiamachines.com\/#website\",\"url\":\"https:\/\/italiamachines.com\/\",\"name\":\"Italia Machines\",\"description\":\"L&#039;art de l&#039;\u00e9quipement HORECA\",\"publisher\":{\"@id\":\"https:\/\/italiamachines.com\/#organization\"},\"potentialAction\":[{\"@type\":\"SearchAction\",\"target\":{\"@type\":\"EntryPoint\",\"urlTemplate\":\"https:\/\/italiamachines.com\/?s={search_term_string}\"},\"query-input\":{\"@type\":\"PropertyValueSpecification\",\"valueRequired\":true,\"valueName\":\"search_term_string\"}}],\"inLanguage\":\"en-US\"},{\"@type\":\"Organization\",\"@id\":\"https:\/\/italiamachines.com\/#organization\",\"name\":\"italiamachines\",\"url\":\"https:\/\/italiamachines.com\/\",\"logo\":{\"@type\":\"ImageObject\",\"inLanguage\":\"en-US\",\"@id\":\"https:\/\/italiamachines.com\/#\/schema\/logo\/image\/\",\"url\":\"https:\/\/italiamachines.com\/wp-content\/uploads\/2023\/08\/logo-web-1.png\",\"contentUrl\":\"https:\/\/italiamachines.com\/wp-content\/uploads\/2023\/08\/logo-web-1.png\",\"width\":977,\"height\":254,\"caption\":\"italiamachines\"},\"image\":{\"@id\":\"https:\/\/italiamachines.com\/#\/schema\/logo\/image\/\"},\"sameAs\":[\"https:\/\/web.facebook.com\/italiamachines\/\",\"https:\/\/www.instagram.com\/italia.machines\/\"]}]}<\/script>\n<!-- \/ Yoast SEO plugin. -->","yoast_head_json":{"title":"Armoire de Maturation \u00e0 Sec \u2013 par Artsteel | Italia Machines","robots":{"index":"index","follow":"follow","max-snippet":"max-snippet:-1","max-image-preview":"max-image-preview:large","max-video-preview":"max-video-preview:-1"},"canonical":"https:\/\/italiamachines.com\/en\/boutique\/boucherie\/froid-conservation-pour-boucherie\/armoire-de-maturation-a-sec-par-artsteel\/","og_locale":"en_US","og_type":"article","og_title":"Armoire de Maturation \u00e0 Sec \u2013 par Artsteel | Italia Machines","og_description":"Isolation : Mousse de polyur\u00e9thane 60 mm, densit\u00e9 48 kg\/m\u00b3 Tension : 220\u2013230 V (50\/60 Hz) Contr\u00f4le d\u2019humidit\u00e9 \u00e9lectronique : de 60 % \u00e0 90 % (pas besoin d\u2019alimentation en eau externe) Syst\u00e8me de st\u00e9rilisation UV \u00c9clairage LED D\u00e9givrage automatique \u00c9vaporation automatique de la condensation Alarme optique et sonore Porte en verre r\u00e9versible et magn\u00e9tique&hellip;","og_url":"https:\/\/italiamachines.com\/en\/boutique\/boucherie\/froid-conservation-pour-boucherie\/armoire-de-maturation-a-sec-par-artsteel\/","og_site_name":"Italia Machines","article_publisher":"https:\/\/web.facebook.com\/italiamachines\/","article_modified_time":"2025-04-20T15:05:38+00:00","og_image":[{"width":170,"height":302,"url":"https:\/\/italiamachines.com\/wp-content\/uploads\/2025\/04\/DA-07D-B.png","type":"image\/png"}],"twitter_card":"summary_large_image","twitter_misc":{"Est. reading time":"1 minute"},"schema":{"@context":"https:\/\/schema.org","@graph":[{"@type":"WebPage","@id":"https:\/\/italiamachines.com\/boutique\/boucherie\/froid-conservation-pour-boucherie\/armoire-de-maturation-a-sec-par-artsteel\/","url":"https:\/\/italiamachines.com\/boutique\/boucherie\/froid-conservation-pour-boucherie\/armoire-de-maturation-a-sec-par-artsteel\/","name":"Armoire de Maturation \u00e0 Sec \u2013 par Artsteel | Italia Machines","isPartOf":{"@id":"https:\/\/italiamachines.com\/#website"},"primaryImageOfPage":{"@id":"https:\/\/italiamachines.com\/boutique\/boucherie\/froid-conservation-pour-boucherie\/armoire-de-maturation-a-sec-par-artsteel\/#primaryimage"},"image":{"@id":"https:\/\/italiamachines.com\/boutique\/boucherie\/froid-conservation-pour-boucherie\/armoire-de-maturation-a-sec-par-artsteel\/#primaryimage"},"thumbnailUrl":"https:\/\/italiamachines.com\/wp-content\/uploads\/2025\/04\/DA-07D-B.png","datePublished":"2025-04-18T21:40:55+00:00","dateModified":"2025-04-20T15:05:38+00:00","breadcrumb":{"@id":"https:\/\/italiamachines.com\/boutique\/boucherie\/froid-conservation-pour-boucherie\/armoire-de-maturation-a-sec-par-artsteel\/#breadcrumb"},"inLanguage":"en-US","potentialAction":[{"@type":"ReadAction","target":["https:\/\/italiamachines.com\/boutique\/boucherie\/froid-conservation-pour-boucherie\/armoire-de-maturation-a-sec-par-artsteel\/"]}]},{"@type":"ImageObject","inLanguage":"en-US","@id":"https:\/\/italiamachines.com\/boutique\/boucherie\/froid-conservation-pour-boucherie\/armoire-de-maturation-a-sec-par-artsteel\/#primaryimage","url":"https:\/\/italiamachines.com\/wp-content\/uploads\/2025\/04\/DA-07D-B.png","contentUrl":"https:\/\/italiamachines.com\/wp-content\/uploads\/2025\/04\/DA-07D-B.png","width":170,"height":302},{"@type":"BreadcrumbList","@id":"https:\/\/italiamachines.com\/boutique\/boucherie\/froid-conservation-pour-boucherie\/armoire-de-maturation-a-sec-par-artsteel\/#breadcrumb","itemListElement":[{"@type":"ListItem","position":1,"name":"Accueil","item":"https:\/\/italiamachines.com\/fr_fr\/"},{"@type":"ListItem","position":2,"name":"Boutique","item":"https:\/\/italiamachines.com\/boutique\/"},{"@type":"ListItem","position":3,"name":"Armoire de Maturation \u00e0 Sec \u2013 par Artsteel"}]},{"@type":"WebSite","@id":"https:\/\/italiamachines.com\/#website","url":"https:\/\/italiamachines.com\/","name":"Italia Machines","description":"L&#039;art de l&#039;\u00e9quipement HORECA","publisher":{"@id":"https:\/\/italiamachines.com\/#organization"},"potentialAction":[{"@type":"SearchAction","target":{"@type":"EntryPoint","urlTemplate":"https:\/\/italiamachines.com\/?s={search_term_string}"},"query-input":{"@type":"PropertyValueSpecification","valueRequired":true,"valueName":"search_term_string"}}],"inLanguage":"en-US"},{"@type":"Organization","@id":"https:\/\/italiamachines.com\/#organization","name":"italiamachines","url":"https:\/\/italiamachines.com\/","logo":{"@type":"ImageObject","inLanguage":"en-US","@id":"https:\/\/italiamachines.com\/#\/schema\/logo\/image\/","url":"https:\/\/italiamachines.com\/wp-content\/uploads\/2023\/08\/logo-web-1.png","contentUrl":"https:\/\/italiamachines.com\/wp-content\/uploads\/2023\/08\/logo-web-1.png","width":977,"height":254,"caption":"italiamachines"},"image":{"@id":"https:\/\/italiamachines.com\/#\/schema\/logo\/image\/"},"sameAs":["https:\/\/web.facebook.com\/italiamachines\/","https:\/\/www.instagram.com\/italia.machines\/"]}]}},"_links":{"self":[{"href":"https:\/\/italiamachines.com\/en\/wp-json\/wp\/v2\/product\/10765","targetHints":{"allow":["GET"]}}],"collection":[{"href":"https:\/\/italiamachines.com\/en\/wp-json\/wp\/v2\/product"}],"about":[{"href":"https:\/\/italiamachines.com\/en\/wp-json\/wp\/v2\/types\/product"}],"replies":[{"embeddable":true,"href":"https:\/\/italiamachines.com\/en\/wp-json\/wp\/v2\/comments?post=10765"}],"wp:featuredmedia":[{"embeddable":true,"href":"https:\/\/italiamachines.com\/en\/wp-json\/wp\/v2\/media\/10769"}],"wp:attachment":[{"href":"https:\/\/italiamachines.com\/en\/wp-json\/wp\/v2\/media?parent=10765"}],"wp:term":[{"taxonomy":"product_cat","embeddable":true,"href":"https:\/\/italiamachines.com\/en\/wp-json\/wp\/v2\/product_cat?post=10765"},{"taxonomy":"product_tag","embeddable":true,"href":"https:\/\/italiamachines.com\/en\/wp-json\/wp\/v2\/product_tag?post=10765"}],"curies":[{"name":"wp","href":"https:\/\/api.w.org\/{rel}","templated":true}]}}