{"id":10775,"date":"2025-04-19T00:27:12","date_gmt":"2025-04-18T22:27:12","guid":{"rendered":"https:\/\/italiamachines.com\/?post_type=product&#038;p=10775"},"modified":"2025-04-19T00:27:13","modified_gmt":"2025-04-18T22:27:13","slug":"saladette-refrigeree-23-portes-par-empero","status":"publish","type":"product","link":"https:\/\/italiamachines.com\/en\/boutique\/restaurant-snack-et-pizzeria\/froid-conservation-pour-restauration\/table-refrigeree-pour-restauration\/saladette-refrigeree-23-portes-par-empero\/","title":{"rendered":"Saladette R\u00e9frig\u00e9r\u00e9e 2|3 portes &#8211; Par Empero"},"content":{"rendered":"<p>Temp\u00e9rature de travail : 0\u00b0C \u00e0 +5\u00b0C (ambiance max 43\u00b0C)<br \/>\nAlimentation : 220\u2013230 V \/ 1N \/ 50\u201360 Hz<br \/>\nGaz r\u00e9frig\u00e9rant : R-134a \u2013 sans CFC<br \/>\nIsolation : Polyur\u00e9thane, 48 mm, densit\u00e9 40 kg\/m\u00b3, sans ozone<br \/>\nCompresseur : Amovible et ventil\u00e9<br \/>\nRefroidissement : Par ventilation<br \/>\nContr\u00f4le : \u00c9lectronique avec affichage de temp\u00e9rature et d\u00e9givrage<br \/>\n\u00c9vaporation automatique de l&rsquo;eau de d\u00e9givrage<br \/>\nPortes : Fermeture automatique<br \/>\n\u00c9tag\u00e8res : Inox r\u00e9glables avec rev\u00eatement plastique<br \/>\nCoins sup\u00e9rieurs arrondis<br \/>\nStructure : Enti\u00e8rement en acier inoxydable<br \/>\n\u00c9vaporateur : Tubes cuivre + ailettes aluminium<\/p>","protected":false},"excerpt":{"rendered":"<p>Temp\u00e9rature de travail : 0\u00b0C \u00e0 +5\u00b0C (ambiance max 43\u00b0C) Alimentation : 220\u2013230 V \/ 1N \/ 50\u201360 Hz Gaz r\u00e9frig\u00e9rant : R-134a \u2013 sans CFC Isolation : Polyur\u00e9thane, 48 mm, densit\u00e9 40 kg\/m\u00b3, sans ozone Compresseur : Amovible et ventil\u00e9 Refroidissement : Par ventilation Contr\u00f4le : \u00c9lectronique avec affichage de temp\u00e9rature et d\u00e9givrage \u00c9vaporation&hellip;<\/p>","protected":false},"featured_media":10776,"comment_status":"open","ping_status":"closed","template":"","meta":[],"product_cat":[71,200,112,241],"product_tag":[],"class_list":{"0":"post-10775","1":"product","2":"type-product","3":"status-publish","4":"has-post-thumbnail","6":"product_cat-froid-conservation","7":"product_cat-froid-conservation-pour-restauration","8":"product_cat-restaurant-snack-et-pizzeria","9":"product_cat-table-refrigeree-pour-restauration","11":"first","12":"instock","13":"shipping-taxable","14":"purchasable","15":"product-type-variable","16":"col-xs-6 col-sm-4","17":"col-md-3 col-lg-3","18":"un-4-cols"},"yoast_head":"<!-- This site is optimized with the Yoast SEO plugin v26.6 - https:\/\/yoast.com\/wordpress\/plugins\/seo\/ -->\n<title>Saladette R\u00e9frig\u00e9r\u00e9e 2|3 portes - Par Empero | Italia Machines<\/title>\n<meta name=\"robots\" content=\"index, follow, max-snippet:-1, max-image-preview:large, max-video-preview:-1\" \/>\n<link rel=\"canonical\" href=\"https:\/\/italiamachines.com\/en\/boutique\/restaurant-snack-et-pizzeria\/froid-conservation-pour-restauration\/table-refrigeree-pour-restauration\/saladette-refrigeree-23-portes-par-empero\/\" \/>\n<meta property=\"og:locale\" content=\"en_US\" \/>\n<meta property=\"og:type\" content=\"article\" \/>\n<meta property=\"og:title\" content=\"Saladette R\u00e9frig\u00e9r\u00e9e 2|3 portes - Par Empero | Italia Machines\" \/>\n<meta property=\"og:description\" content=\"Temp\u00e9rature de travail : 0\u00b0C \u00e0 +5\u00b0C (ambiance max 43\u00b0C) Alimentation : 220\u2013230 V \/ 1N \/ 50\u201360 Hz Gaz r\u00e9frig\u00e9rant : R-134a \u2013 sans CFC Isolation : Polyur\u00e9thane, 48 mm, densit\u00e9 40 kg\/m\u00b3, sans ozone Compresseur : Amovible et ventil\u00e9 Refroidissement : Par ventilation Contr\u00f4le : \u00c9lectronique avec affichage de temp\u00e9rature et d\u00e9givrage \u00c9vaporation&hellip;\" \/>\n<meta property=\"og:url\" content=\"https:\/\/italiamachines.com\/en\/boutique\/restaurant-snack-et-pizzeria\/froid-conservation-pour-restauration\/table-refrigeree-pour-restauration\/saladette-refrigeree-23-portes-par-empero\/\" \/>\n<meta property=\"og:site_name\" content=\"Italia Machines\" \/>\n<meta property=\"article:publisher\" content=\"https:\/\/web.facebook.com\/italiamachines\/\" \/>\n<meta property=\"article:modified_time\" content=\"2025-04-18T22:27:13+00:00\" \/>\n<meta property=\"og:image\" content=\"https:\/\/italiamachines.com\/wp-content\/uploads\/2025\/04\/EMP.150.70.01-PS.png\" \/>\n\t<meta property=\"og:image:width\" content=\"478\" \/>\n\t<meta property=\"og:image:height\" content=\"455\" \/>\n\t<meta property=\"og:image:type\" content=\"image\/png\" \/>\n<meta name=\"twitter:card\" content=\"summary_large_image\" \/>\n<meta name=\"twitter:label1\" content=\"Est. reading time\" \/>\n\t<meta name=\"twitter:data1\" content=\"1 minute\" \/>\n<script type=\"application\/ld+json\" class=\"yoast-schema-graph\">{\"@context\":\"https:\/\/schema.org\",\"@graph\":[{\"@type\":\"WebPage\",\"@id\":\"https:\/\/italiamachines.com\/boutique\/restaurant-snack-et-pizzeria\/froid-conservation-pour-restauration\/table-refrigeree-pour-restauration\/saladette-refrigeree-23-portes-par-empero\/\",\"url\":\"https:\/\/italiamachines.com\/boutique\/restaurant-snack-et-pizzeria\/froid-conservation-pour-restauration\/table-refrigeree-pour-restauration\/saladette-refrigeree-23-portes-par-empero\/\",\"name\":\"Saladette R\u00e9frig\u00e9r\u00e9e 2|3 portes - Par Empero | Italia Machines\",\"isPartOf\":{\"@id\":\"https:\/\/italiamachines.com\/#website\"},\"primaryImageOfPage\":{\"@id\":\"https:\/\/italiamachines.com\/boutique\/restaurant-snack-et-pizzeria\/froid-conservation-pour-restauration\/table-refrigeree-pour-restauration\/saladette-refrigeree-23-portes-par-empero\/#primaryimage\"},\"image\":{\"@id\":\"https:\/\/italiamachines.com\/boutique\/restaurant-snack-et-pizzeria\/froid-conservation-pour-restauration\/table-refrigeree-pour-restauration\/saladette-refrigeree-23-portes-par-empero\/#primaryimage\"},\"thumbnailUrl\":\"https:\/\/italiamachines.com\/wp-content\/uploads\/2025\/04\/EMP.150.70.01-PS.png\",\"datePublished\":\"2025-04-18T22:27:12+00:00\",\"dateModified\":\"2025-04-18T22:27:13+00:00\",\"breadcrumb\":{\"@id\":\"https:\/\/italiamachines.com\/boutique\/restaurant-snack-et-pizzeria\/froid-conservation-pour-restauration\/table-refrigeree-pour-restauration\/saladette-refrigeree-23-portes-par-empero\/#breadcrumb\"},\"inLanguage\":\"en-US\",\"potentialAction\":[{\"@type\":\"ReadAction\",\"target\":[\"https:\/\/italiamachines.com\/boutique\/restaurant-snack-et-pizzeria\/froid-conservation-pour-restauration\/table-refrigeree-pour-restauration\/saladette-refrigeree-23-portes-par-empero\/\"]}]},{\"@type\":\"ImageObject\",\"inLanguage\":\"en-US\",\"@id\":\"https:\/\/italiamachines.com\/boutique\/restaurant-snack-et-pizzeria\/froid-conservation-pour-restauration\/table-refrigeree-pour-restauration\/saladette-refrigeree-23-portes-par-empero\/#primaryimage\",\"url\":\"https:\/\/italiamachines.com\/wp-content\/uploads\/2025\/04\/EMP.150.70.01-PS.png\",\"contentUrl\":\"https:\/\/italiamachines.com\/wp-content\/uploads\/2025\/04\/EMP.150.70.01-PS.png\",\"width\":478,\"height\":455},{\"@type\":\"BreadcrumbList\",\"@id\":\"https:\/\/italiamachines.com\/boutique\/restaurant-snack-et-pizzeria\/froid-conservation-pour-restauration\/table-refrigeree-pour-restauration\/saladette-refrigeree-23-portes-par-empero\/#breadcrumb\",\"itemListElement\":[{\"@type\":\"ListItem\",\"position\":1,\"name\":\"Accueil\",\"item\":\"https:\/\/italiamachines.com\/fr_fr\/\"},{\"@type\":\"ListItem\",\"position\":2,\"name\":\"Boutique\",\"item\":\"https:\/\/italiamachines.com\/boutique\/\"},{\"@type\":\"ListItem\",\"position\":3,\"name\":\"Saladette R\u00e9frig\u00e9r\u00e9e 2|3 portes &#8211; Par Empero\"}]},{\"@type\":\"WebSite\",\"@id\":\"https:\/\/italiamachines.com\/#website\",\"url\":\"https:\/\/italiamachines.com\/\",\"name\":\"Italia Machines\",\"description\":\"L&#039;art de l&#039;\u00e9quipement HORECA\",\"publisher\":{\"@id\":\"https:\/\/italiamachines.com\/#organization\"},\"potentialAction\":[{\"@type\":\"SearchAction\",\"target\":{\"@type\":\"EntryPoint\",\"urlTemplate\":\"https:\/\/italiamachines.com\/?s={search_term_string}\"},\"query-input\":{\"@type\":\"PropertyValueSpecification\",\"valueRequired\":true,\"valueName\":\"search_term_string\"}}],\"inLanguage\":\"en-US\"},{\"@type\":\"Organization\",\"@id\":\"https:\/\/italiamachines.com\/#organization\",\"name\":\"italiamachines\",\"url\":\"https:\/\/italiamachines.com\/\",\"logo\":{\"@type\":\"ImageObject\",\"inLanguage\":\"en-US\",\"@id\":\"https:\/\/italiamachines.com\/#\/schema\/logo\/image\/\",\"url\":\"https:\/\/italiamachines.com\/wp-content\/uploads\/2023\/08\/logo-web-1.png\",\"contentUrl\":\"https:\/\/italiamachines.com\/wp-content\/uploads\/2023\/08\/logo-web-1.png\",\"width\":977,\"height\":254,\"caption\":\"italiamachines\"},\"image\":{\"@id\":\"https:\/\/italiamachines.com\/#\/schema\/logo\/image\/\"},\"sameAs\":[\"https:\/\/web.facebook.com\/italiamachines\/\",\"https:\/\/www.instagram.com\/italia.machines\/\"]}]}<\/script>\n<!-- \/ Yoast SEO plugin. -->","yoast_head_json":{"title":"Saladette R\u00e9frig\u00e9r\u00e9e 2|3 portes - Par Empero | Italia Machines","robots":{"index":"index","follow":"follow","max-snippet":"max-snippet:-1","max-image-preview":"max-image-preview:large","max-video-preview":"max-video-preview:-1"},"canonical":"https:\/\/italiamachines.com\/en\/boutique\/restaurant-snack-et-pizzeria\/froid-conservation-pour-restauration\/table-refrigeree-pour-restauration\/saladette-refrigeree-23-portes-par-empero\/","og_locale":"en_US","og_type":"article","og_title":"Saladette R\u00e9frig\u00e9r\u00e9e 2|3 portes - Par Empero | Italia Machines","og_description":"Temp\u00e9rature de travail : 0\u00b0C \u00e0 +5\u00b0C (ambiance max 43\u00b0C) Alimentation : 220\u2013230 V \/ 1N \/ 50\u201360 Hz Gaz r\u00e9frig\u00e9rant : R-134a \u2013 sans CFC Isolation : Polyur\u00e9thane, 48 mm, densit\u00e9 40 kg\/m\u00b3, sans ozone Compresseur : Amovible et ventil\u00e9 Refroidissement : Par ventilation Contr\u00f4le : \u00c9lectronique avec affichage de temp\u00e9rature et d\u00e9givrage \u00c9vaporation&hellip;","og_url":"https:\/\/italiamachines.com\/en\/boutique\/restaurant-snack-et-pizzeria\/froid-conservation-pour-restauration\/table-refrigeree-pour-restauration\/saladette-refrigeree-23-portes-par-empero\/","og_site_name":"Italia Machines","article_publisher":"https:\/\/web.facebook.com\/italiamachines\/","article_modified_time":"2025-04-18T22:27:13+00:00","og_image":[{"width":478,"height":455,"url":"https:\/\/italiamachines.com\/wp-content\/uploads\/2025\/04\/EMP.150.70.01-PS.png","type":"image\/png"}],"twitter_card":"summary_large_image","twitter_misc":{"Est. reading time":"1 minute"},"schema":{"@context":"https:\/\/schema.org","@graph":[{"@type":"WebPage","@id":"https:\/\/italiamachines.com\/boutique\/restaurant-snack-et-pizzeria\/froid-conservation-pour-restauration\/table-refrigeree-pour-restauration\/saladette-refrigeree-23-portes-par-empero\/","url":"https:\/\/italiamachines.com\/boutique\/restaurant-snack-et-pizzeria\/froid-conservation-pour-restauration\/table-refrigeree-pour-restauration\/saladette-refrigeree-23-portes-par-empero\/","name":"Saladette R\u00e9frig\u00e9r\u00e9e 2|3 portes - Par Empero | Italia Machines","isPartOf":{"@id":"https:\/\/italiamachines.com\/#website"},"primaryImageOfPage":{"@id":"https:\/\/italiamachines.com\/boutique\/restaurant-snack-et-pizzeria\/froid-conservation-pour-restauration\/table-refrigeree-pour-restauration\/saladette-refrigeree-23-portes-par-empero\/#primaryimage"},"image":{"@id":"https:\/\/italiamachines.com\/boutique\/restaurant-snack-et-pizzeria\/froid-conservation-pour-restauration\/table-refrigeree-pour-restauration\/saladette-refrigeree-23-portes-par-empero\/#primaryimage"},"thumbnailUrl":"https:\/\/italiamachines.com\/wp-content\/uploads\/2025\/04\/EMP.150.70.01-PS.png","datePublished":"2025-04-18T22:27:12+00:00","dateModified":"2025-04-18T22:27:13+00:00","breadcrumb":{"@id":"https:\/\/italiamachines.com\/boutique\/restaurant-snack-et-pizzeria\/froid-conservation-pour-restauration\/table-refrigeree-pour-restauration\/saladette-refrigeree-23-portes-par-empero\/#breadcrumb"},"inLanguage":"en-US","potentialAction":[{"@type":"ReadAction","target":["https:\/\/italiamachines.com\/boutique\/restaurant-snack-et-pizzeria\/froid-conservation-pour-restauration\/table-refrigeree-pour-restauration\/saladette-refrigeree-23-portes-par-empero\/"]}]},{"@type":"ImageObject","inLanguage":"en-US","@id":"https:\/\/italiamachines.com\/boutique\/restaurant-snack-et-pizzeria\/froid-conservation-pour-restauration\/table-refrigeree-pour-restauration\/saladette-refrigeree-23-portes-par-empero\/#primaryimage","url":"https:\/\/italiamachines.com\/wp-content\/uploads\/2025\/04\/EMP.150.70.01-PS.png","contentUrl":"https:\/\/italiamachines.com\/wp-content\/uploads\/2025\/04\/EMP.150.70.01-PS.png","width":478,"height":455},{"@type":"BreadcrumbList","@id":"https:\/\/italiamachines.com\/boutique\/restaurant-snack-et-pizzeria\/froid-conservation-pour-restauration\/table-refrigeree-pour-restauration\/saladette-refrigeree-23-portes-par-empero\/#breadcrumb","itemListElement":[{"@type":"ListItem","position":1,"name":"Accueil","item":"https:\/\/italiamachines.com\/fr_fr\/"},{"@type":"ListItem","position":2,"name":"Boutique","item":"https:\/\/italiamachines.com\/boutique\/"},{"@type":"ListItem","position":3,"name":"Saladette R\u00e9frig\u00e9r\u00e9e 2|3 portes &#8211; Par Empero"}]},{"@type":"WebSite","@id":"https:\/\/italiamachines.com\/#website","url":"https:\/\/italiamachines.com\/","name":"Italia Machines","description":"L&#039;art de l&#039;\u00e9quipement HORECA","publisher":{"@id":"https:\/\/italiamachines.com\/#organization"},"potentialAction":[{"@type":"SearchAction","target":{"@type":"EntryPoint","urlTemplate":"https:\/\/italiamachines.com\/?s={search_term_string}"},"query-input":{"@type":"PropertyValueSpecification","valueRequired":true,"valueName":"search_term_string"}}],"inLanguage":"en-US"},{"@type":"Organization","@id":"https:\/\/italiamachines.com\/#organization","name":"italiamachines","url":"https:\/\/italiamachines.com\/","logo":{"@type":"ImageObject","inLanguage":"en-US","@id":"https:\/\/italiamachines.com\/#\/schema\/logo\/image\/","url":"https:\/\/italiamachines.com\/wp-content\/uploads\/2023\/08\/logo-web-1.png","contentUrl":"https:\/\/italiamachines.com\/wp-content\/uploads\/2023\/08\/logo-web-1.png","width":977,"height":254,"caption":"italiamachines"},"image":{"@id":"https:\/\/italiamachines.com\/#\/schema\/logo\/image\/"},"sameAs":["https:\/\/web.facebook.com\/italiamachines\/","https:\/\/www.instagram.com\/italia.machines\/"]}]}},"_links":{"self":[{"href":"https:\/\/italiamachines.com\/en\/wp-json\/wp\/v2\/product\/10775","targetHints":{"allow":["GET"]}}],"collection":[{"href":"https:\/\/italiamachines.com\/en\/wp-json\/wp\/v2\/product"}],"about":[{"href":"https:\/\/italiamachines.com\/en\/wp-json\/wp\/v2\/types\/product"}],"replies":[{"embeddable":true,"href":"https:\/\/italiamachines.com\/en\/wp-json\/wp\/v2\/comments?post=10775"}],"wp:featuredmedia":[{"embeddable":true,"href":"https:\/\/italiamachines.com\/en\/wp-json\/wp\/v2\/media\/10776"}],"wp:attachment":[{"href":"https:\/\/italiamachines.com\/en\/wp-json\/wp\/v2\/media?parent=10775"}],"wp:term":[{"taxonomy":"product_cat","embeddable":true,"href":"https:\/\/italiamachines.com\/en\/wp-json\/wp\/v2\/product_cat?post=10775"},{"taxonomy":"product_tag","embeddable":true,"href":"https:\/\/italiamachines.com\/en\/wp-json\/wp\/v2\/product_tag?post=10775"}],"curies":[{"name":"wp","href":"https:\/\/api.w.org\/{rel}","templated":true}]}}