{"id":10858,"date":"2025-04-19T19:22:41","date_gmt":"2025-04-19T17:22:41","guid":{"rendered":"https:\/\/italiamachines.com\/?post_type=product&#038;p=10858"},"modified":"2025-04-19T19:26:44","modified_gmt":"2025-04-19T17:26:44","slug":"faconneuse-oblique-pour-baguettes-model-major-par-delloro-italie","status":"publish","type":"product","link":"https:\/\/italiamachines.com\/en\/boutique\/boulangerie-et-patisserie\/boulangerie\/faconneuse\/faconneuse-oblique\/faconneuse-oblique-pour-baguettes-model-major-par-delloro-italie\/","title":{"rendered":"Fa\u00e7onneuse Oblique pour Baguettes Model Major \u2013 Par Dell&rsquo;Oro Italie"},"content":{"rendered":"<p>Cette machine est con\u00e7ue pour travailler tous les types de p\u00e2te, y compris les p\u00e2tes molles, avec un taux d&rsquo;humidit\u00e9 allant jusqu\u2019\u00e0 75%. Elle permet de fa\u00e7onner des pains longs, avec un allongement progressif des pi\u00e8ces jusqu&rsquo;\u00e0 78 cm.<br \/>\nDimensions: 100 x 71 x 145 cm<\/p>\n<p>Caract\u00e9ristiques :<br \/>\nSyst\u00e8me de travail : La p\u00e2te est lamin\u00e9e entre deux cylindres r\u00e9glables en mat\u00e9riel antiadh\u00e9sif.<br \/>\nProcessus : Apr\u00e8s le laminage, la p\u00e2te est pr\u00e9-roul\u00e9e puis fa\u00e7onn\u00e9e automatiquement entre deux grands tapis pour obtenir la longueur d\u00e9sir\u00e9e.<br \/>\nCapacit\u00e9 de poids : Poids des pi\u00e8ces de p\u00e2te de 50 g \u00e0 1500 g.<br \/>\nS\u00e9curit\u00e9 : Dispositif de s\u00e9curit\u00e9 int\u00e9gr\u00e9 pour une utilisation s\u00fbre.<\/p>\n<p>Mod\u00e8les disponibles :<br \/>\nF-311 : avec tapis motoris\u00e9 \u00e0 la sortie des pi\u00e8ces.<br \/>\nF-312 : avec tapis motoris\u00e9 \u00e0 l\u2019entr\u00e9e ou \u00e0 la sortie, pour \u00eatre coupl\u00e9e avec des d\u00e9coupeuses.<\/p>","protected":false},"excerpt":{"rendered":"<p>Cette machine est con\u00e7ue pour travailler tous les types de p\u00e2te, y compris les p\u00e2tes molles, avec un taux d&rsquo;humidit\u00e9 allant jusqu\u2019\u00e0 75%. Elle permet de fa\u00e7onner des pains longs, avec un allongement progressif des pi\u00e8ces jusqu&rsquo;\u00e0 78 cm. Dimensions: 100 x 71 x 145 cm Caract\u00e9ristiques : Syst\u00e8me de travail : La p\u00e2te est&hellip;<\/p>","protected":false},"featured_media":10859,"comment_status":"closed","ping_status":"closed","template":"","meta":[],"product_cat":[154,181,183],"product_tag":[],"class_list":{"0":"post-10858","1":"product","2":"type-product","3":"status-publish","4":"has-post-thumbnail","6":"product_cat-boulangerie","7":"product_cat-faconneuse","8":"product_cat-faconneuse-oblique","10":"first","11":"instock","12":"shipping-taxable","13":"purchasable","14":"product-type-simple","15":"col-xs-6 col-sm-4","16":"col-md-3 col-lg-3","17":"un-4-cols"},"yoast_head":"<!-- This site is optimized with the Yoast SEO plugin v26.6 - https:\/\/yoast.com\/wordpress\/plugins\/seo\/ -->\n<title>Fa\u00e7onneuse Oblique pour Baguettes Model Major \u2013 Par Dell&#039;Oro Italie | Italia Machines<\/title>\n<meta name=\"robots\" content=\"index, follow, max-snippet:-1, max-image-preview:large, max-video-preview:-1\" \/>\n<link rel=\"canonical\" href=\"https:\/\/italiamachines.com\/en\/boutique\/boulangerie-et-patisserie\/boulangerie\/faconneuse\/faconneuse-oblique\/faconneuse-oblique-pour-baguettes-model-major-par-delloro-italie\/\" \/>\n<meta property=\"og:locale\" content=\"en_US\" \/>\n<meta property=\"og:type\" content=\"article\" \/>\n<meta property=\"og:title\" content=\"Fa\u00e7onneuse Oblique pour Baguettes Model Major \u2013 Par Dell&#039;Oro Italie | Italia Machines\" \/>\n<meta property=\"og:description\" content=\"Cette machine est con\u00e7ue pour travailler tous les types de p\u00e2te, y compris les p\u00e2tes molles, avec un taux d&rsquo;humidit\u00e9 allant jusqu\u2019\u00e0 75%. Elle permet de fa\u00e7onner des pains longs, avec un allongement progressif des pi\u00e8ces jusqu&rsquo;\u00e0 78 cm. Dimensions: 100 x 71 x 145 cm Caract\u00e9ristiques : Syst\u00e8me de travail : La p\u00e2te est&hellip;\" \/>\n<meta property=\"og:url\" content=\"https:\/\/italiamachines.com\/en\/boutique\/boulangerie-et-patisserie\/boulangerie\/faconneuse\/faconneuse-oblique\/faconneuse-oblique-pour-baguettes-model-major-par-delloro-italie\/\" \/>\n<meta property=\"og:site_name\" content=\"Italia Machines\" \/>\n<meta property=\"article:publisher\" content=\"https:\/\/web.facebook.com\/italiamachines\/\" \/>\n<meta property=\"article:modified_time\" content=\"2025-04-19T17:26:44+00:00\" \/>\n<meta property=\"og:image\" content=\"https:\/\/italiamachines.com\/wp-content\/uploads\/2025\/04\/F-310.jpg\" \/>\n\t<meta property=\"og:image:width\" content=\"452\" \/>\n\t<meta property=\"og:image:height\" content=\"600\" \/>\n\t<meta property=\"og:image:type\" content=\"image\/jpeg\" \/>\n<meta name=\"twitter:card\" content=\"summary_large_image\" \/>\n<meta name=\"twitter:label1\" content=\"Est. reading time\" \/>\n\t<meta name=\"twitter:data1\" content=\"1 minute\" \/>\n<script type=\"application\/ld+json\" class=\"yoast-schema-graph\">{\"@context\":\"https:\/\/schema.org\",\"@graph\":[{\"@type\":\"WebPage\",\"@id\":\"https:\/\/italiamachines.com\/boutique\/boulangerie-et-patisserie\/boulangerie\/faconneuse\/faconneuse-oblique\/faconneuse-oblique-pour-baguettes-model-major-par-delloro-italie\/\",\"url\":\"https:\/\/italiamachines.com\/boutique\/boulangerie-et-patisserie\/boulangerie\/faconneuse\/faconneuse-oblique\/faconneuse-oblique-pour-baguettes-model-major-par-delloro-italie\/\",\"name\":\"Fa\u00e7onneuse Oblique pour Baguettes Model Major \u2013 Par Dell'Oro Italie | Italia Machines\",\"isPartOf\":{\"@id\":\"https:\/\/italiamachines.com\/#website\"},\"primaryImageOfPage\":{\"@id\":\"https:\/\/italiamachines.com\/boutique\/boulangerie-et-patisserie\/boulangerie\/faconneuse\/faconneuse-oblique\/faconneuse-oblique-pour-baguettes-model-major-par-delloro-italie\/#primaryimage\"},\"image\":{\"@id\":\"https:\/\/italiamachines.com\/boutique\/boulangerie-et-patisserie\/boulangerie\/faconneuse\/faconneuse-oblique\/faconneuse-oblique-pour-baguettes-model-major-par-delloro-italie\/#primaryimage\"},\"thumbnailUrl\":\"https:\/\/italiamachines.com\/wp-content\/uploads\/2025\/04\/F-310.jpg\",\"datePublished\":\"2025-04-19T17:22:41+00:00\",\"dateModified\":\"2025-04-19T17:26:44+00:00\",\"breadcrumb\":{\"@id\":\"https:\/\/italiamachines.com\/boutique\/boulangerie-et-patisserie\/boulangerie\/faconneuse\/faconneuse-oblique\/faconneuse-oblique-pour-baguettes-model-major-par-delloro-italie\/#breadcrumb\"},\"inLanguage\":\"en-US\",\"potentialAction\":[{\"@type\":\"ReadAction\",\"target\":[\"https:\/\/italiamachines.com\/boutique\/boulangerie-et-patisserie\/boulangerie\/faconneuse\/faconneuse-oblique\/faconneuse-oblique-pour-baguettes-model-major-par-delloro-italie\/\"]}]},{\"@type\":\"ImageObject\",\"inLanguage\":\"en-US\",\"@id\":\"https:\/\/italiamachines.com\/boutique\/boulangerie-et-patisserie\/boulangerie\/faconneuse\/faconneuse-oblique\/faconneuse-oblique-pour-baguettes-model-major-par-delloro-italie\/#primaryimage\",\"url\":\"https:\/\/italiamachines.com\/wp-content\/uploads\/2025\/04\/F-310.jpg\",\"contentUrl\":\"https:\/\/italiamachines.com\/wp-content\/uploads\/2025\/04\/F-310.jpg\",\"width\":452,\"height\":600},{\"@type\":\"BreadcrumbList\",\"@id\":\"https:\/\/italiamachines.com\/boutique\/boulangerie-et-patisserie\/boulangerie\/faconneuse\/faconneuse-oblique\/faconneuse-oblique-pour-baguettes-model-major-par-delloro-italie\/#breadcrumb\",\"itemListElement\":[{\"@type\":\"ListItem\",\"position\":1,\"name\":\"Accueil\",\"item\":\"https:\/\/italiamachines.com\/fr_fr\/\"},{\"@type\":\"ListItem\",\"position\":2,\"name\":\"Boutique\",\"item\":\"https:\/\/italiamachines.com\/boutique\/\"},{\"@type\":\"ListItem\",\"position\":3,\"name\":\"Fa\u00e7onneuse Oblique pour Baguettes Model Major \u2013 Par Dell&#8217;Oro Italie\"}]},{\"@type\":\"WebSite\",\"@id\":\"https:\/\/italiamachines.com\/#website\",\"url\":\"https:\/\/italiamachines.com\/\",\"name\":\"Italia Machines\",\"description\":\"L&#039;art de l&#039;\u00e9quipement HORECA\",\"publisher\":{\"@id\":\"https:\/\/italiamachines.com\/#organization\"},\"potentialAction\":[{\"@type\":\"SearchAction\",\"target\":{\"@type\":\"EntryPoint\",\"urlTemplate\":\"https:\/\/italiamachines.com\/?s={search_term_string}\"},\"query-input\":{\"@type\":\"PropertyValueSpecification\",\"valueRequired\":true,\"valueName\":\"search_term_string\"}}],\"inLanguage\":\"en-US\"},{\"@type\":\"Organization\",\"@id\":\"https:\/\/italiamachines.com\/#organization\",\"name\":\"italiamachines\",\"url\":\"https:\/\/italiamachines.com\/\",\"logo\":{\"@type\":\"ImageObject\",\"inLanguage\":\"en-US\",\"@id\":\"https:\/\/italiamachines.com\/#\/schema\/logo\/image\/\",\"url\":\"https:\/\/italiamachines.com\/wp-content\/uploads\/2023\/08\/logo-web-1.png\",\"contentUrl\":\"https:\/\/italiamachines.com\/wp-content\/uploads\/2023\/08\/logo-web-1.png\",\"width\":977,\"height\":254,\"caption\":\"italiamachines\"},\"image\":{\"@id\":\"https:\/\/italiamachines.com\/#\/schema\/logo\/image\/\"},\"sameAs\":[\"https:\/\/web.facebook.com\/italiamachines\/\",\"https:\/\/www.instagram.com\/italia.machines\/\"]}]}<\/script>\n<!-- \/ Yoast SEO plugin. -->","yoast_head_json":{"title":"Fa\u00e7onneuse Oblique pour Baguettes Model Major \u2013 Par Dell'Oro Italie | Italia Machines","robots":{"index":"index","follow":"follow","max-snippet":"max-snippet:-1","max-image-preview":"max-image-preview:large","max-video-preview":"max-video-preview:-1"},"canonical":"https:\/\/italiamachines.com\/en\/boutique\/boulangerie-et-patisserie\/boulangerie\/faconneuse\/faconneuse-oblique\/faconneuse-oblique-pour-baguettes-model-major-par-delloro-italie\/","og_locale":"en_US","og_type":"article","og_title":"Fa\u00e7onneuse Oblique pour Baguettes Model Major \u2013 Par Dell'Oro Italie | Italia Machines","og_description":"Cette machine est con\u00e7ue pour travailler tous les types de p\u00e2te, y compris les p\u00e2tes molles, avec un taux d&rsquo;humidit\u00e9 allant jusqu\u2019\u00e0 75%. Elle permet de fa\u00e7onner des pains longs, avec un allongement progressif des pi\u00e8ces jusqu&rsquo;\u00e0 78 cm. Dimensions: 100 x 71 x 145 cm Caract\u00e9ristiques : Syst\u00e8me de travail : La p\u00e2te est&hellip;","og_url":"https:\/\/italiamachines.com\/en\/boutique\/boulangerie-et-patisserie\/boulangerie\/faconneuse\/faconneuse-oblique\/faconneuse-oblique-pour-baguettes-model-major-par-delloro-italie\/","og_site_name":"Italia Machines","article_publisher":"https:\/\/web.facebook.com\/italiamachines\/","article_modified_time":"2025-04-19T17:26:44+00:00","og_image":[{"width":452,"height":600,"url":"https:\/\/italiamachines.com\/wp-content\/uploads\/2025\/04\/F-310.jpg","type":"image\/jpeg"}],"twitter_card":"summary_large_image","twitter_misc":{"Est. reading time":"1 minute"},"schema":{"@context":"https:\/\/schema.org","@graph":[{"@type":"WebPage","@id":"https:\/\/italiamachines.com\/boutique\/boulangerie-et-patisserie\/boulangerie\/faconneuse\/faconneuse-oblique\/faconneuse-oblique-pour-baguettes-model-major-par-delloro-italie\/","url":"https:\/\/italiamachines.com\/boutique\/boulangerie-et-patisserie\/boulangerie\/faconneuse\/faconneuse-oblique\/faconneuse-oblique-pour-baguettes-model-major-par-delloro-italie\/","name":"Fa\u00e7onneuse Oblique pour Baguettes Model Major \u2013 Par Dell'Oro Italie | Italia Machines","isPartOf":{"@id":"https:\/\/italiamachines.com\/#website"},"primaryImageOfPage":{"@id":"https:\/\/italiamachines.com\/boutique\/boulangerie-et-patisserie\/boulangerie\/faconneuse\/faconneuse-oblique\/faconneuse-oblique-pour-baguettes-model-major-par-delloro-italie\/#primaryimage"},"image":{"@id":"https:\/\/italiamachines.com\/boutique\/boulangerie-et-patisserie\/boulangerie\/faconneuse\/faconneuse-oblique\/faconneuse-oblique-pour-baguettes-model-major-par-delloro-italie\/#primaryimage"},"thumbnailUrl":"https:\/\/italiamachines.com\/wp-content\/uploads\/2025\/04\/F-310.jpg","datePublished":"2025-04-19T17:22:41+00:00","dateModified":"2025-04-19T17:26:44+00:00","breadcrumb":{"@id":"https:\/\/italiamachines.com\/boutique\/boulangerie-et-patisserie\/boulangerie\/faconneuse\/faconneuse-oblique\/faconneuse-oblique-pour-baguettes-model-major-par-delloro-italie\/#breadcrumb"},"inLanguage":"en-US","potentialAction":[{"@type":"ReadAction","target":["https:\/\/italiamachines.com\/boutique\/boulangerie-et-patisserie\/boulangerie\/faconneuse\/faconneuse-oblique\/faconneuse-oblique-pour-baguettes-model-major-par-delloro-italie\/"]}]},{"@type":"ImageObject","inLanguage":"en-US","@id":"https:\/\/italiamachines.com\/boutique\/boulangerie-et-patisserie\/boulangerie\/faconneuse\/faconneuse-oblique\/faconneuse-oblique-pour-baguettes-model-major-par-delloro-italie\/#primaryimage","url":"https:\/\/italiamachines.com\/wp-content\/uploads\/2025\/04\/F-310.jpg","contentUrl":"https:\/\/italiamachines.com\/wp-content\/uploads\/2025\/04\/F-310.jpg","width":452,"height":600},{"@type":"BreadcrumbList","@id":"https:\/\/italiamachines.com\/boutique\/boulangerie-et-patisserie\/boulangerie\/faconneuse\/faconneuse-oblique\/faconneuse-oblique-pour-baguettes-model-major-par-delloro-italie\/#breadcrumb","itemListElement":[{"@type":"ListItem","position":1,"name":"Accueil","item":"https:\/\/italiamachines.com\/fr_fr\/"},{"@type":"ListItem","position":2,"name":"Boutique","item":"https:\/\/italiamachines.com\/boutique\/"},{"@type":"ListItem","position":3,"name":"Fa\u00e7onneuse Oblique pour Baguettes Model Major \u2013 Par Dell&#8217;Oro Italie"}]},{"@type":"WebSite","@id":"https:\/\/italiamachines.com\/#website","url":"https:\/\/italiamachines.com\/","name":"Italia Machines","description":"L&#039;art de l&#039;\u00e9quipement HORECA","publisher":{"@id":"https:\/\/italiamachines.com\/#organization"},"potentialAction":[{"@type":"SearchAction","target":{"@type":"EntryPoint","urlTemplate":"https:\/\/italiamachines.com\/?s={search_term_string}"},"query-input":{"@type":"PropertyValueSpecification","valueRequired":true,"valueName":"search_term_string"}}],"inLanguage":"en-US"},{"@type":"Organization","@id":"https:\/\/italiamachines.com\/#organization","name":"italiamachines","url":"https:\/\/italiamachines.com\/","logo":{"@type":"ImageObject","inLanguage":"en-US","@id":"https:\/\/italiamachines.com\/#\/schema\/logo\/image\/","url":"https:\/\/italiamachines.com\/wp-content\/uploads\/2023\/08\/logo-web-1.png","contentUrl":"https:\/\/italiamachines.com\/wp-content\/uploads\/2023\/08\/logo-web-1.png","width":977,"height":254,"caption":"italiamachines"},"image":{"@id":"https:\/\/italiamachines.com\/#\/schema\/logo\/image\/"},"sameAs":["https:\/\/web.facebook.com\/italiamachines\/","https:\/\/www.instagram.com\/italia.machines\/"]}]}},"_links":{"self":[{"href":"https:\/\/italiamachines.com\/en\/wp-json\/wp\/v2\/product\/10858","targetHints":{"allow":["GET"]}}],"collection":[{"href":"https:\/\/italiamachines.com\/en\/wp-json\/wp\/v2\/product"}],"about":[{"href":"https:\/\/italiamachines.com\/en\/wp-json\/wp\/v2\/types\/product"}],"replies":[{"embeddable":true,"href":"https:\/\/italiamachines.com\/en\/wp-json\/wp\/v2\/comments?post=10858"}],"wp:featuredmedia":[{"embeddable":true,"href":"https:\/\/italiamachines.com\/en\/wp-json\/wp\/v2\/media\/10859"}],"wp:attachment":[{"href":"https:\/\/italiamachines.com\/en\/wp-json\/wp\/v2\/media?parent=10858"}],"wp:term":[{"taxonomy":"product_cat","embeddable":true,"href":"https:\/\/italiamachines.com\/en\/wp-json\/wp\/v2\/product_cat?post=10858"},{"taxonomy":"product_tag","embeddable":true,"href":"https:\/\/italiamachines.com\/en\/wp-json\/wp\/v2\/product_tag?post=10858"}],"curies":[{"name":"wp","href":"https:\/\/api.w.org\/{rel}","templated":true}]}}