{"id":11046,"date":"2025-05-01T00:48:56","date_gmt":"2025-04-30T22:48:56","guid":{"rendered":"https:\/\/italiamachines.com\/?post_type=product&#038;p=11046"},"modified":"2025-05-01T00:48:56","modified_gmt":"2025-04-30T22:48:56","slug":"turbine-a-glace-horizontale-professionnelle-20l-h-condensation-air-eau-par-staff59","status":"publish","type":"product","link":"https:\/\/italiamachines.com\/en\/boutique\/cafe-glacier-lecheria\/glacier\/pasteurisateur\/turbine-a-glace-horizontale-professionnelle-20l-h-condensation-air-eau-par-staff59\/","title":{"rendered":"Turbine \u00e0 Glace Horizontale Professionnelle \u2013 20L\/h, Condensation Air\/Eau &#8211; par Staff59"},"content":{"rendered":"<p>Turbine \u00e0 glace horizontale \u00e0 technologie \u00e9lectrom\u00e9canique, con\u00e7ue pour les professionnels recherchant performance, s\u00e9curit\u00e9 et \u00e9conomies d\u2019\u00e9nergie. Elle assure un arr\u00eat de l\u2019agitateur \u00e0 l\u2019ouverture de la porte, contr\u00f4l\u00e9 par une unit\u00e9 de s\u00e9curit\u00e9 certifi\u00e9e. Gr\u00e2ce \u00e0 ses \u00e9changeurs haute performance avec large surface en cuivre et \u00e0 son moteur \u00e9quip\u00e9 d\u2019un variateur Inverter, elle garantit une faible consommation d\u2019eau et d\u2019\u00e9lectricit\u00e9.<\/p>\n<p>Production horaire : 20 L \/ 15 kg<\/p>\n<p>Production par cycle : 1,3 \u00e0 4,5 L (1,15 \u00e0 3,7 kg)<\/p>\n<p>Disposition : Horizontale<\/p>\n<p>Condensation : Air \/ Eau<\/p>\n<p>Technologie : \u00c9lectrom\u00e9canique<\/p>\n<p>Tablette r\u00e9glable pour diff\u00e9rents contenants (hauteur et profondeur)<\/p>\n<p>Panneau de commande frontal avec ic\u00f4nes claires<\/p>\n<p>Dimensions (L x P x H) : 435 x 798 x 692 mm<\/p>\n<p>Poids net : 100 kg<\/p>\n<p>Tension : 230V~50Hz<\/p>\n<p>Puissance : 1600 W<\/p>\n<p>Id\u00e9ale pour les glaciers, p\u00e2tisseries ou restaurants souhaitant produire des glaces artisanales avec une pr\u00e9cision et un rendement professionnel.<\/p>","protected":false},"excerpt":{"rendered":"<p>Turbine \u00e0 glace horizontale \u00e0 technologie \u00e9lectrom\u00e9canique, con\u00e7ue pour les professionnels recherchant performance, s\u00e9curit\u00e9 et \u00e9conomies d\u2019\u00e9nergie. Elle assure un arr\u00eat de l\u2019agitateur \u00e0 l\u2019ouverture de la porte, contr\u00f4l\u00e9 par une unit\u00e9 de s\u00e9curit\u00e9 certifi\u00e9e. Gr\u00e2ce \u00e0 ses \u00e9changeurs haute performance avec large surface en cuivre et \u00e0 son moteur \u00e9quip\u00e9 d\u2019un variateur Inverter, elle&hellip;<\/p>","protected":false},"featured_media":11047,"comment_status":"open","ping_status":"closed","template":"","meta":[],"product_cat":[65,79,95],"product_tag":[],"class_list":{"0":"post-11046","1":"product","2":"type-product","3":"status-publish","4":"has-post-thumbnail","6":"product_cat-cafe-glacier-lecheria","7":"product_cat-glacier","8":"product_cat-pasteurisateur","10":"first","11":"instock","12":"shipping-taxable","13":"purchasable","14":"product-type-simple","15":"col-xs-6 col-sm-4","16":"col-md-3 col-lg-3","17":"un-4-cols"},"yoast_head":"<!-- This site is optimized with the Yoast SEO plugin v26.6 - https:\/\/yoast.com\/wordpress\/plugins\/seo\/ -->\n<title>Turbine \u00e0 Glace Horizontale Professionnelle \u2013 20L\/h, Condensation Air\/Eau - par Staff59 | Italia Machines<\/title>\n<meta name=\"robots\" content=\"index, follow, max-snippet:-1, max-image-preview:large, max-video-preview:-1\" \/>\n<link rel=\"canonical\" href=\"https:\/\/italiamachines.com\/en\/boutique\/cafe-glacier-lecheria\/glacier\/pasteurisateur\/turbine-a-glace-horizontale-professionnelle-20l-h-condensation-air-eau-par-staff59\/\" \/>\n<meta property=\"og:locale\" content=\"en_US\" \/>\n<meta property=\"og:type\" content=\"article\" \/>\n<meta property=\"og:title\" content=\"Turbine \u00e0 Glace Horizontale Professionnelle \u2013 20L\/h, Condensation Air\/Eau - par Staff59 | Italia Machines\" \/>\n<meta property=\"og:description\" content=\"Turbine \u00e0 glace horizontale \u00e0 technologie \u00e9lectrom\u00e9canique, con\u00e7ue pour les professionnels recherchant performance, s\u00e9curit\u00e9 et \u00e9conomies d\u2019\u00e9nergie. Elle assure un arr\u00eat de l\u2019agitateur \u00e0 l\u2019ouverture de la porte, contr\u00f4l\u00e9 par une unit\u00e9 de s\u00e9curit\u00e9 certifi\u00e9e. Gr\u00e2ce \u00e0 ses \u00e9changeurs haute performance avec large surface en cuivre et \u00e0 son moteur \u00e9quip\u00e9 d\u2019un variateur Inverter, elle&hellip;\" \/>\n<meta property=\"og:url\" content=\"https:\/\/italiamachines.com\/en\/boutique\/cafe-glacier-lecheria\/glacier\/pasteurisateur\/turbine-a-glace-horizontale-professionnelle-20l-h-condensation-air-eau-par-staff59\/\" \/>\n<meta property=\"og:site_name\" content=\"Italia Machines\" \/>\n<meta property=\"article:publisher\" content=\"https:\/\/web.facebook.com\/italiamachines\/\" \/>\n<meta property=\"og:image\" content=\"https:\/\/italiamachines.com\/wp-content\/uploads\/2025\/05\/HTE200.webp\" \/>\n\t<meta property=\"og:image:width\" content=\"1500\" \/>\n\t<meta property=\"og:image:height\" content=\"1500\" \/>\n\t<meta property=\"og:image:type\" content=\"image\/webp\" \/>\n<meta name=\"twitter:card\" content=\"summary_large_image\" \/>\n<meta name=\"twitter:label1\" content=\"Est. reading time\" \/>\n\t<meta name=\"twitter:data1\" content=\"1 minute\" \/>\n<script type=\"application\/ld+json\" class=\"yoast-schema-graph\">{\"@context\":\"https:\/\/schema.org\",\"@graph\":[{\"@type\":\"WebPage\",\"@id\":\"https:\/\/italiamachines.com\/boutique\/cafe-glacier-lecheria\/glacier\/pasteurisateur\/turbine-a-glace-horizontale-professionnelle-20l-h-condensation-air-eau-par-staff59\/\",\"url\":\"https:\/\/italiamachines.com\/boutique\/cafe-glacier-lecheria\/glacier\/pasteurisateur\/turbine-a-glace-horizontale-professionnelle-20l-h-condensation-air-eau-par-staff59\/\",\"name\":\"Turbine \u00e0 Glace Horizontale Professionnelle \u2013 20L\/h, Condensation Air\/Eau - par Staff59 | Italia Machines\",\"isPartOf\":{\"@id\":\"https:\/\/italiamachines.com\/#website\"},\"primaryImageOfPage\":{\"@id\":\"https:\/\/italiamachines.com\/boutique\/cafe-glacier-lecheria\/glacier\/pasteurisateur\/turbine-a-glace-horizontale-professionnelle-20l-h-condensation-air-eau-par-staff59\/#primaryimage\"},\"image\":{\"@id\":\"https:\/\/italiamachines.com\/boutique\/cafe-glacier-lecheria\/glacier\/pasteurisateur\/turbine-a-glace-horizontale-professionnelle-20l-h-condensation-air-eau-par-staff59\/#primaryimage\"},\"thumbnailUrl\":\"https:\/\/italiamachines.com\/wp-content\/uploads\/2025\/05\/HTE200.webp\",\"datePublished\":\"2025-04-30T22:48:56+00:00\",\"breadcrumb\":{\"@id\":\"https:\/\/italiamachines.com\/boutique\/cafe-glacier-lecheria\/glacier\/pasteurisateur\/turbine-a-glace-horizontale-professionnelle-20l-h-condensation-air-eau-par-staff59\/#breadcrumb\"},\"inLanguage\":\"en-US\",\"potentialAction\":[{\"@type\":\"ReadAction\",\"target\":[\"https:\/\/italiamachines.com\/boutique\/cafe-glacier-lecheria\/glacier\/pasteurisateur\/turbine-a-glace-horizontale-professionnelle-20l-h-condensation-air-eau-par-staff59\/\"]}]},{\"@type\":\"ImageObject\",\"inLanguage\":\"en-US\",\"@id\":\"https:\/\/italiamachines.com\/boutique\/cafe-glacier-lecheria\/glacier\/pasteurisateur\/turbine-a-glace-horizontale-professionnelle-20l-h-condensation-air-eau-par-staff59\/#primaryimage\",\"url\":\"https:\/\/italiamachines.com\/wp-content\/uploads\/2025\/05\/HTE200.webp\",\"contentUrl\":\"https:\/\/italiamachines.com\/wp-content\/uploads\/2025\/05\/HTE200.webp\",\"width\":1500,\"height\":1500},{\"@type\":\"BreadcrumbList\",\"@id\":\"https:\/\/italiamachines.com\/boutique\/cafe-glacier-lecheria\/glacier\/pasteurisateur\/turbine-a-glace-horizontale-professionnelle-20l-h-condensation-air-eau-par-staff59\/#breadcrumb\",\"itemListElement\":[{\"@type\":\"ListItem\",\"position\":1,\"name\":\"Accueil\",\"item\":\"https:\/\/italiamachines.com\/fr_fr\/\"},{\"@type\":\"ListItem\",\"position\":2,\"name\":\"Boutique\",\"item\":\"https:\/\/italiamachines.com\/boutique\/\"},{\"@type\":\"ListItem\",\"position\":3,\"name\":\"Turbine \u00e0 Glace Horizontale Professionnelle \u2013 20L\/h, Condensation Air\/Eau &#8211; par Staff59\"}]},{\"@type\":\"WebSite\",\"@id\":\"https:\/\/italiamachines.com\/#website\",\"url\":\"https:\/\/italiamachines.com\/\",\"name\":\"Italia Machines\",\"description\":\"L&#039;art de l&#039;\u00e9quipement HORECA\",\"publisher\":{\"@id\":\"https:\/\/italiamachines.com\/#organization\"},\"potentialAction\":[{\"@type\":\"SearchAction\",\"target\":{\"@type\":\"EntryPoint\",\"urlTemplate\":\"https:\/\/italiamachines.com\/?s={search_term_string}\"},\"query-input\":{\"@type\":\"PropertyValueSpecification\",\"valueRequired\":true,\"valueName\":\"search_term_string\"}}],\"inLanguage\":\"en-US\"},{\"@type\":\"Organization\",\"@id\":\"https:\/\/italiamachines.com\/#organization\",\"name\":\"italiamachines\",\"url\":\"https:\/\/italiamachines.com\/\",\"logo\":{\"@type\":\"ImageObject\",\"inLanguage\":\"en-US\",\"@id\":\"https:\/\/italiamachines.com\/#\/schema\/logo\/image\/\",\"url\":\"https:\/\/italiamachines.com\/wp-content\/uploads\/2023\/08\/logo-web-1.png\",\"contentUrl\":\"https:\/\/italiamachines.com\/wp-content\/uploads\/2023\/08\/logo-web-1.png\",\"width\":977,\"height\":254,\"caption\":\"italiamachines\"},\"image\":{\"@id\":\"https:\/\/italiamachines.com\/#\/schema\/logo\/image\/\"},\"sameAs\":[\"https:\/\/web.facebook.com\/italiamachines\/\",\"https:\/\/www.instagram.com\/italia.machines\/\"]}]}<\/script>\n<!-- \/ Yoast SEO plugin. -->","yoast_head_json":{"title":"Turbine \u00e0 Glace Horizontale Professionnelle \u2013 20L\/h, Condensation Air\/Eau - par Staff59 | Italia Machines","robots":{"index":"index","follow":"follow","max-snippet":"max-snippet:-1","max-image-preview":"max-image-preview:large","max-video-preview":"max-video-preview:-1"},"canonical":"https:\/\/italiamachines.com\/en\/boutique\/cafe-glacier-lecheria\/glacier\/pasteurisateur\/turbine-a-glace-horizontale-professionnelle-20l-h-condensation-air-eau-par-staff59\/","og_locale":"en_US","og_type":"article","og_title":"Turbine \u00e0 Glace Horizontale Professionnelle \u2013 20L\/h, Condensation Air\/Eau - par Staff59 | Italia Machines","og_description":"Turbine \u00e0 glace horizontale \u00e0 technologie \u00e9lectrom\u00e9canique, con\u00e7ue pour les professionnels recherchant performance, s\u00e9curit\u00e9 et \u00e9conomies d\u2019\u00e9nergie. Elle assure un arr\u00eat de l\u2019agitateur \u00e0 l\u2019ouverture de la porte, contr\u00f4l\u00e9 par une unit\u00e9 de s\u00e9curit\u00e9 certifi\u00e9e. Gr\u00e2ce \u00e0 ses \u00e9changeurs haute performance avec large surface en cuivre et \u00e0 son moteur \u00e9quip\u00e9 d\u2019un variateur Inverter, elle&hellip;","og_url":"https:\/\/italiamachines.com\/en\/boutique\/cafe-glacier-lecheria\/glacier\/pasteurisateur\/turbine-a-glace-horizontale-professionnelle-20l-h-condensation-air-eau-par-staff59\/","og_site_name":"Italia Machines","article_publisher":"https:\/\/web.facebook.com\/italiamachines\/","og_image":[{"width":1500,"height":1500,"url":"https:\/\/italiamachines.com\/wp-content\/uploads\/2025\/05\/HTE200.webp","type":"image\/webp"}],"twitter_card":"summary_large_image","twitter_misc":{"Est. reading time":"1 minute"},"schema":{"@context":"https:\/\/schema.org","@graph":[{"@type":"WebPage","@id":"https:\/\/italiamachines.com\/boutique\/cafe-glacier-lecheria\/glacier\/pasteurisateur\/turbine-a-glace-horizontale-professionnelle-20l-h-condensation-air-eau-par-staff59\/","url":"https:\/\/italiamachines.com\/boutique\/cafe-glacier-lecheria\/glacier\/pasteurisateur\/turbine-a-glace-horizontale-professionnelle-20l-h-condensation-air-eau-par-staff59\/","name":"Turbine \u00e0 Glace Horizontale Professionnelle \u2013 20L\/h, Condensation Air\/Eau - par Staff59 | Italia Machines","isPartOf":{"@id":"https:\/\/italiamachines.com\/#website"},"primaryImageOfPage":{"@id":"https:\/\/italiamachines.com\/boutique\/cafe-glacier-lecheria\/glacier\/pasteurisateur\/turbine-a-glace-horizontale-professionnelle-20l-h-condensation-air-eau-par-staff59\/#primaryimage"},"image":{"@id":"https:\/\/italiamachines.com\/boutique\/cafe-glacier-lecheria\/glacier\/pasteurisateur\/turbine-a-glace-horizontale-professionnelle-20l-h-condensation-air-eau-par-staff59\/#primaryimage"},"thumbnailUrl":"https:\/\/italiamachines.com\/wp-content\/uploads\/2025\/05\/HTE200.webp","datePublished":"2025-04-30T22:48:56+00:00","breadcrumb":{"@id":"https:\/\/italiamachines.com\/boutique\/cafe-glacier-lecheria\/glacier\/pasteurisateur\/turbine-a-glace-horizontale-professionnelle-20l-h-condensation-air-eau-par-staff59\/#breadcrumb"},"inLanguage":"en-US","potentialAction":[{"@type":"ReadAction","target":["https:\/\/italiamachines.com\/boutique\/cafe-glacier-lecheria\/glacier\/pasteurisateur\/turbine-a-glace-horizontale-professionnelle-20l-h-condensation-air-eau-par-staff59\/"]}]},{"@type":"ImageObject","inLanguage":"en-US","@id":"https:\/\/italiamachines.com\/boutique\/cafe-glacier-lecheria\/glacier\/pasteurisateur\/turbine-a-glace-horizontale-professionnelle-20l-h-condensation-air-eau-par-staff59\/#primaryimage","url":"https:\/\/italiamachines.com\/wp-content\/uploads\/2025\/05\/HTE200.webp","contentUrl":"https:\/\/italiamachines.com\/wp-content\/uploads\/2025\/05\/HTE200.webp","width":1500,"height":1500},{"@type":"BreadcrumbList","@id":"https:\/\/italiamachines.com\/boutique\/cafe-glacier-lecheria\/glacier\/pasteurisateur\/turbine-a-glace-horizontale-professionnelle-20l-h-condensation-air-eau-par-staff59\/#breadcrumb","itemListElement":[{"@type":"ListItem","position":1,"name":"Accueil","item":"https:\/\/italiamachines.com\/fr_fr\/"},{"@type":"ListItem","position":2,"name":"Boutique","item":"https:\/\/italiamachines.com\/boutique\/"},{"@type":"ListItem","position":3,"name":"Turbine \u00e0 Glace Horizontale Professionnelle \u2013 20L\/h, Condensation Air\/Eau &#8211; par Staff59"}]},{"@type":"WebSite","@id":"https:\/\/italiamachines.com\/#website","url":"https:\/\/italiamachines.com\/","name":"Italia Machines","description":"L&#039;art de l&#039;\u00e9quipement HORECA","publisher":{"@id":"https:\/\/italiamachines.com\/#organization"},"potentialAction":[{"@type":"SearchAction","target":{"@type":"EntryPoint","urlTemplate":"https:\/\/italiamachines.com\/?s={search_term_string}"},"query-input":{"@type":"PropertyValueSpecification","valueRequired":true,"valueName":"search_term_string"}}],"inLanguage":"en-US"},{"@type":"Organization","@id":"https:\/\/italiamachines.com\/#organization","name":"italiamachines","url":"https:\/\/italiamachines.com\/","logo":{"@type":"ImageObject","inLanguage":"en-US","@id":"https:\/\/italiamachines.com\/#\/schema\/logo\/image\/","url":"https:\/\/italiamachines.com\/wp-content\/uploads\/2023\/08\/logo-web-1.png","contentUrl":"https:\/\/italiamachines.com\/wp-content\/uploads\/2023\/08\/logo-web-1.png","width":977,"height":254,"caption":"italiamachines"},"image":{"@id":"https:\/\/italiamachines.com\/#\/schema\/logo\/image\/"},"sameAs":["https:\/\/web.facebook.com\/italiamachines\/","https:\/\/www.instagram.com\/italia.machines\/"]}]}},"_links":{"self":[{"href":"https:\/\/italiamachines.com\/en\/wp-json\/wp\/v2\/product\/11046","targetHints":{"allow":["GET"]}}],"collection":[{"href":"https:\/\/italiamachines.com\/en\/wp-json\/wp\/v2\/product"}],"about":[{"href":"https:\/\/italiamachines.com\/en\/wp-json\/wp\/v2\/types\/product"}],"replies":[{"embeddable":true,"href":"https:\/\/italiamachines.com\/en\/wp-json\/wp\/v2\/comments?post=11046"}],"wp:featuredmedia":[{"embeddable":true,"href":"https:\/\/italiamachines.com\/en\/wp-json\/wp\/v2\/media\/11047"}],"wp:attachment":[{"href":"https:\/\/italiamachines.com\/en\/wp-json\/wp\/v2\/media?parent=11046"}],"wp:term":[{"taxonomy":"product_cat","embeddable":true,"href":"https:\/\/italiamachines.com\/en\/wp-json\/wp\/v2\/product_cat?post=11046"},{"taxonomy":"product_tag","embeddable":true,"href":"https:\/\/italiamachines.com\/en\/wp-json\/wp\/v2\/product_tag?post=11046"}],"curies":[{"name":"wp","href":"https:\/\/api.w.org\/{rel}","templated":true}]}}