{"id":11060,"date":"2025-05-03T01:07:42","date_gmt":"2025-05-02T23:07:42","guid":{"rendered":"https:\/\/italiamachines.com\/?post_type=product&#038;p=11060"},"modified":"2025-05-03T01:15:08","modified_gmt":"2025-05-02T23:15:08","slug":"vitrine-a-chocolats-et-patisserie-kelly-par-isa-italie","status":"publish","type":"product","link":"https:\/\/italiamachines.com\/en\/boutique\/boulangerie-et-patisserie\/patisserie\/vitrines\/vitrine-refrigeree-horizontale\/vitrine-a-chocolats-et-patisserie-kelly-par-isa-italie\/","title":{"rendered":"Vitrine \u00e0 chocolats et p\u00e2tisserie Kelly &#8211; par ISA Italie"},"content":{"rendered":"<p>Tour en verre tremp\u00e9 extra-l\u00e9ger avec \u00e9clairage LED.<br \/>\nSyst\u00e8me de fermeture coulissant pour un acc\u00e8s facile.<br \/>\nInterconnexion de plusieurs unit\u00e9s au sein d&rsquo;un m\u00eame service.<br \/>\nChoix de blanc RAL 9003 ou d&rsquo;autres couleurs RAL pour les panneaux avant et lat\u00e9raux.<br \/>\nOptions de temp\u00e9rature : +4\/+8 \u00b0C ; +14\/+16 \u00b0C; +65 \u00b0C.<br \/>\nR\u00e9frig\u00e9rant : R290.<br \/>\nSyst\u00e8me de r\u00e9frig\u00e9ration ventil\u00e9.<br \/>\nCompresseur herm\u00e9tique.<br \/>\nOptions de d\u00e9givrage : gaz chaud ; hors cycle.<br \/>\nClasse climatique : 3 (25\u00b0C \/ 60% HR).<br \/>\nFa\u00e7ade en verre simple.<br \/>\nPanneaux lat\u00e9raux en verre simple.<br \/>\nPortes coulissantes en verre \u00e0 l&rsquo;arri\u00e8re.<br \/>\n\u00c9clairage avec une temp\u00e9rature de couleur de 3000 K.<br \/>\nPieds r\u00e9glables en hauteur pour un nivellement facile.<br \/>\nFinition de couleur blanche.<br \/>\nOptions de hauteur : 117 cm.<br \/>\nOptions de largeur : 125 cm, 150 cm<br \/>\nProfondeur : 80 cm.<\/p>","protected":false},"excerpt":{"rendered":"<p>Tour en verre tremp\u00e9 extra-l\u00e9ger avec \u00e9clairage LED. Syst\u00e8me de fermeture coulissant pour un acc\u00e8s facile. Interconnexion de plusieurs unit\u00e9s au sein d&rsquo;un m\u00eame service. Choix de blanc RAL 9003 ou d&rsquo;autres couleurs RAL pour les panneaux avant et lat\u00e9raux. Options de temp\u00e9rature : +4\/+8 \u00b0C ; +14\/+16 \u00b0C; +65 \u00b0C. R\u00e9frig\u00e9rant : R290. Syst\u00e8me&hellip;<\/p>","protected":false},"featured_media":4474,"comment_status":"open","ping_status":"closed","template":"","meta":[],"product_cat":[64,97,245,144],"product_tag":[],"class_list":{"0":"post-11060","1":"product","2":"type-product","3":"status-publish","4":"has-post-thumbnail","6":"product_cat-boulangerie-et-patisserie","7":"product_cat-patisserie","8":"product_cat-vitrine-refrigeree-horizontale","9":"product_cat-vitrines","11":"first","12":"instock","13":"shipping-taxable","14":"purchasable","15":"product-type-variable","16":"col-xs-6 col-sm-4","17":"col-md-3 col-lg-3","18":"un-4-cols"},"yoast_head":"<!-- This site is optimized with the Yoast SEO plugin v26.6 - https:\/\/yoast.com\/wordpress\/plugins\/seo\/ -->\n<title>Vitrine \u00e0 chocolats et p\u00e2tisserie Kelly - par ISA Italie | Italia Machines<\/title>\n<meta name=\"robots\" content=\"index, follow, max-snippet:-1, max-image-preview:large, max-video-preview:-1\" \/>\n<link rel=\"canonical\" href=\"https:\/\/italiamachines.com\/en\/boutique\/boulangerie-et-patisserie\/patisserie\/vitrines\/vitrine-refrigeree-horizontale\/vitrine-a-chocolats-et-patisserie-kelly-par-isa-italie\/\" \/>\n<meta property=\"og:locale\" content=\"en_US\" \/>\n<meta property=\"og:type\" content=\"article\" \/>\n<meta property=\"og:title\" content=\"Vitrine \u00e0 chocolats et p\u00e2tisserie Kelly - par ISA Italie | Italia Machines\" \/>\n<meta property=\"og:description\" content=\"Tour en verre tremp\u00e9 extra-l\u00e9ger avec \u00e9clairage LED. Syst\u00e8me de fermeture coulissant pour un acc\u00e8s facile. Interconnexion de plusieurs unit\u00e9s au sein d&rsquo;un m\u00eame service. Choix de blanc RAL 9003 ou d&rsquo;autres couleurs RAL pour les panneaux avant et lat\u00e9raux. Options de temp\u00e9rature : +4\/+8 \u00b0C ; +14\/+16 \u00b0C; +65 \u00b0C. R\u00e9frig\u00e9rant : R290. Syst\u00e8me&hellip;\" \/>\n<meta property=\"og:url\" content=\"https:\/\/italiamachines.com\/en\/boutique\/boulangerie-et-patisserie\/patisserie\/vitrines\/vitrine-refrigeree-horizontale\/vitrine-a-chocolats-et-patisserie-kelly-par-isa-italie\/\" \/>\n<meta property=\"og:site_name\" content=\"Italia Machines\" \/>\n<meta property=\"article:publisher\" content=\"https:\/\/web.facebook.com\/italiamachines\/\" \/>\n<meta property=\"article:modified_time\" content=\"2025-05-02T23:15:08+00:00\" \/>\n<meta property=\"og:image\" content=\"https:\/\/italiamachines.com\/wp-content\/uploads\/2023\/07\/DLT125TB-1.png\" \/>\n\t<meta property=\"og:image:width\" content=\"1438\" \/>\n\t<meta property=\"og:image:height\" content=\"1170\" \/>\n\t<meta property=\"og:image:type\" content=\"image\/png\" \/>\n<meta name=\"twitter:card\" content=\"summary_large_image\" \/>\n<meta name=\"twitter:label1\" content=\"Est. reading time\" \/>\n\t<meta name=\"twitter:data1\" content=\"1 minute\" \/>\n<script type=\"application\/ld+json\" class=\"yoast-schema-graph\">{\"@context\":\"https:\/\/schema.org\",\"@graph\":[{\"@type\":\"WebPage\",\"@id\":\"https:\/\/italiamachines.com\/boutique\/boulangerie-et-patisserie\/patisserie\/vitrines\/vitrine-refrigeree-horizontale\/vitrine-a-chocolats-et-patisserie-kelly-par-isa-italie\/\",\"url\":\"https:\/\/italiamachines.com\/boutique\/boulangerie-et-patisserie\/patisserie\/vitrines\/vitrine-refrigeree-horizontale\/vitrine-a-chocolats-et-patisserie-kelly-par-isa-italie\/\",\"name\":\"Vitrine \u00e0 chocolats et p\u00e2tisserie Kelly - par ISA Italie | Italia Machines\",\"isPartOf\":{\"@id\":\"https:\/\/italiamachines.com\/#website\"},\"primaryImageOfPage\":{\"@id\":\"https:\/\/italiamachines.com\/boutique\/boulangerie-et-patisserie\/patisserie\/vitrines\/vitrine-refrigeree-horizontale\/vitrine-a-chocolats-et-patisserie-kelly-par-isa-italie\/#primaryimage\"},\"image\":{\"@id\":\"https:\/\/italiamachines.com\/boutique\/boulangerie-et-patisserie\/patisserie\/vitrines\/vitrine-refrigeree-horizontale\/vitrine-a-chocolats-et-patisserie-kelly-par-isa-italie\/#primaryimage\"},\"thumbnailUrl\":\"https:\/\/italiamachines.com\/wp-content\/uploads\/2023\/07\/DLT125TB-1.png\",\"datePublished\":\"2025-05-02T23:07:42+00:00\",\"dateModified\":\"2025-05-02T23:15:08+00:00\",\"breadcrumb\":{\"@id\":\"https:\/\/italiamachines.com\/boutique\/boulangerie-et-patisserie\/patisserie\/vitrines\/vitrine-refrigeree-horizontale\/vitrine-a-chocolats-et-patisserie-kelly-par-isa-italie\/#breadcrumb\"},\"inLanguage\":\"en-US\",\"potentialAction\":[{\"@type\":\"ReadAction\",\"target\":[\"https:\/\/italiamachines.com\/boutique\/boulangerie-et-patisserie\/patisserie\/vitrines\/vitrine-refrigeree-horizontale\/vitrine-a-chocolats-et-patisserie-kelly-par-isa-italie\/\"]}]},{\"@type\":\"ImageObject\",\"inLanguage\":\"en-US\",\"@id\":\"https:\/\/italiamachines.com\/boutique\/boulangerie-et-patisserie\/patisserie\/vitrines\/vitrine-refrigeree-horizontale\/vitrine-a-chocolats-et-patisserie-kelly-par-isa-italie\/#primaryimage\",\"url\":\"https:\/\/italiamachines.com\/wp-content\/uploads\/2023\/07\/DLT125TB-1.png\",\"contentUrl\":\"https:\/\/italiamachines.com\/wp-content\/uploads\/2023\/07\/DLT125TB-1.png\",\"width\":1438,\"height\":1170},{\"@type\":\"BreadcrumbList\",\"@id\":\"https:\/\/italiamachines.com\/boutique\/boulangerie-et-patisserie\/patisserie\/vitrines\/vitrine-refrigeree-horizontale\/vitrine-a-chocolats-et-patisserie-kelly-par-isa-italie\/#breadcrumb\",\"itemListElement\":[{\"@type\":\"ListItem\",\"position\":1,\"name\":\"Accueil\",\"item\":\"https:\/\/italiamachines.com\/fr_fr\/\"},{\"@type\":\"ListItem\",\"position\":2,\"name\":\"Boutique\",\"item\":\"https:\/\/italiamachines.com\/boutique\/\"},{\"@type\":\"ListItem\",\"position\":3,\"name\":\"Vitrine \u00e0 chocolats et p\u00e2tisserie Kelly &#8211; par ISA Italie\"}]},{\"@type\":\"WebSite\",\"@id\":\"https:\/\/italiamachines.com\/#website\",\"url\":\"https:\/\/italiamachines.com\/\",\"name\":\"Italia Machines\",\"description\":\"L&#039;art de l&#039;\u00e9quipement HORECA\",\"publisher\":{\"@id\":\"https:\/\/italiamachines.com\/#organization\"},\"potentialAction\":[{\"@type\":\"SearchAction\",\"target\":{\"@type\":\"EntryPoint\",\"urlTemplate\":\"https:\/\/italiamachines.com\/?s={search_term_string}\"},\"query-input\":{\"@type\":\"PropertyValueSpecification\",\"valueRequired\":true,\"valueName\":\"search_term_string\"}}],\"inLanguage\":\"en-US\"},{\"@type\":\"Organization\",\"@id\":\"https:\/\/italiamachines.com\/#organization\",\"name\":\"italiamachines\",\"url\":\"https:\/\/italiamachines.com\/\",\"logo\":{\"@type\":\"ImageObject\",\"inLanguage\":\"en-US\",\"@id\":\"https:\/\/italiamachines.com\/#\/schema\/logo\/image\/\",\"url\":\"https:\/\/italiamachines.com\/wp-content\/uploads\/2023\/08\/logo-web-1.png\",\"contentUrl\":\"https:\/\/italiamachines.com\/wp-content\/uploads\/2023\/08\/logo-web-1.png\",\"width\":977,\"height\":254,\"caption\":\"italiamachines\"},\"image\":{\"@id\":\"https:\/\/italiamachines.com\/#\/schema\/logo\/image\/\"},\"sameAs\":[\"https:\/\/web.facebook.com\/italiamachines\/\",\"https:\/\/www.instagram.com\/italia.machines\/\"]}]}<\/script>\n<!-- \/ Yoast SEO plugin. -->","yoast_head_json":{"title":"Vitrine \u00e0 chocolats et p\u00e2tisserie Kelly - par ISA Italie | Italia Machines","robots":{"index":"index","follow":"follow","max-snippet":"max-snippet:-1","max-image-preview":"max-image-preview:large","max-video-preview":"max-video-preview:-1"},"canonical":"https:\/\/italiamachines.com\/en\/boutique\/boulangerie-et-patisserie\/patisserie\/vitrines\/vitrine-refrigeree-horizontale\/vitrine-a-chocolats-et-patisserie-kelly-par-isa-italie\/","og_locale":"en_US","og_type":"article","og_title":"Vitrine \u00e0 chocolats et p\u00e2tisserie Kelly - par ISA Italie | Italia Machines","og_description":"Tour en verre tremp\u00e9 extra-l\u00e9ger avec \u00e9clairage LED. Syst\u00e8me de fermeture coulissant pour un acc\u00e8s facile. Interconnexion de plusieurs unit\u00e9s au sein d&rsquo;un m\u00eame service. Choix de blanc RAL 9003 ou d&rsquo;autres couleurs RAL pour les panneaux avant et lat\u00e9raux. Options de temp\u00e9rature : +4\/+8 \u00b0C ; +14\/+16 \u00b0C; +65 \u00b0C. R\u00e9frig\u00e9rant : R290. Syst\u00e8me&hellip;","og_url":"https:\/\/italiamachines.com\/en\/boutique\/boulangerie-et-patisserie\/patisserie\/vitrines\/vitrine-refrigeree-horizontale\/vitrine-a-chocolats-et-patisserie-kelly-par-isa-italie\/","og_site_name":"Italia Machines","article_publisher":"https:\/\/web.facebook.com\/italiamachines\/","article_modified_time":"2025-05-02T23:15:08+00:00","og_image":[{"width":1438,"height":1170,"url":"https:\/\/italiamachines.com\/wp-content\/uploads\/2023\/07\/DLT125TB-1.png","type":"image\/png"}],"twitter_card":"summary_large_image","twitter_misc":{"Est. reading time":"1 minute"},"schema":{"@context":"https:\/\/schema.org","@graph":[{"@type":"WebPage","@id":"https:\/\/italiamachines.com\/boutique\/boulangerie-et-patisserie\/patisserie\/vitrines\/vitrine-refrigeree-horizontale\/vitrine-a-chocolats-et-patisserie-kelly-par-isa-italie\/","url":"https:\/\/italiamachines.com\/boutique\/boulangerie-et-patisserie\/patisserie\/vitrines\/vitrine-refrigeree-horizontale\/vitrine-a-chocolats-et-patisserie-kelly-par-isa-italie\/","name":"Vitrine \u00e0 chocolats et p\u00e2tisserie Kelly - par ISA Italie | Italia Machines","isPartOf":{"@id":"https:\/\/italiamachines.com\/#website"},"primaryImageOfPage":{"@id":"https:\/\/italiamachines.com\/boutique\/boulangerie-et-patisserie\/patisserie\/vitrines\/vitrine-refrigeree-horizontale\/vitrine-a-chocolats-et-patisserie-kelly-par-isa-italie\/#primaryimage"},"image":{"@id":"https:\/\/italiamachines.com\/boutique\/boulangerie-et-patisserie\/patisserie\/vitrines\/vitrine-refrigeree-horizontale\/vitrine-a-chocolats-et-patisserie-kelly-par-isa-italie\/#primaryimage"},"thumbnailUrl":"https:\/\/italiamachines.com\/wp-content\/uploads\/2023\/07\/DLT125TB-1.png","datePublished":"2025-05-02T23:07:42+00:00","dateModified":"2025-05-02T23:15:08+00:00","breadcrumb":{"@id":"https:\/\/italiamachines.com\/boutique\/boulangerie-et-patisserie\/patisserie\/vitrines\/vitrine-refrigeree-horizontale\/vitrine-a-chocolats-et-patisserie-kelly-par-isa-italie\/#breadcrumb"},"inLanguage":"en-US","potentialAction":[{"@type":"ReadAction","target":["https:\/\/italiamachines.com\/boutique\/boulangerie-et-patisserie\/patisserie\/vitrines\/vitrine-refrigeree-horizontale\/vitrine-a-chocolats-et-patisserie-kelly-par-isa-italie\/"]}]},{"@type":"ImageObject","inLanguage":"en-US","@id":"https:\/\/italiamachines.com\/boutique\/boulangerie-et-patisserie\/patisserie\/vitrines\/vitrine-refrigeree-horizontale\/vitrine-a-chocolats-et-patisserie-kelly-par-isa-italie\/#primaryimage","url":"https:\/\/italiamachines.com\/wp-content\/uploads\/2023\/07\/DLT125TB-1.png","contentUrl":"https:\/\/italiamachines.com\/wp-content\/uploads\/2023\/07\/DLT125TB-1.png","width":1438,"height":1170},{"@type":"BreadcrumbList","@id":"https:\/\/italiamachines.com\/boutique\/boulangerie-et-patisserie\/patisserie\/vitrines\/vitrine-refrigeree-horizontale\/vitrine-a-chocolats-et-patisserie-kelly-par-isa-italie\/#breadcrumb","itemListElement":[{"@type":"ListItem","position":1,"name":"Accueil","item":"https:\/\/italiamachines.com\/fr_fr\/"},{"@type":"ListItem","position":2,"name":"Boutique","item":"https:\/\/italiamachines.com\/boutique\/"},{"@type":"ListItem","position":3,"name":"Vitrine \u00e0 chocolats et p\u00e2tisserie Kelly &#8211; par ISA Italie"}]},{"@type":"WebSite","@id":"https:\/\/italiamachines.com\/#website","url":"https:\/\/italiamachines.com\/","name":"Italia Machines","description":"L&#039;art de l&#039;\u00e9quipement HORECA","publisher":{"@id":"https:\/\/italiamachines.com\/#organization"},"potentialAction":[{"@type":"SearchAction","target":{"@type":"EntryPoint","urlTemplate":"https:\/\/italiamachines.com\/?s={search_term_string}"},"query-input":{"@type":"PropertyValueSpecification","valueRequired":true,"valueName":"search_term_string"}}],"inLanguage":"en-US"},{"@type":"Organization","@id":"https:\/\/italiamachines.com\/#organization","name":"italiamachines","url":"https:\/\/italiamachines.com\/","logo":{"@type":"ImageObject","inLanguage":"en-US","@id":"https:\/\/italiamachines.com\/#\/schema\/logo\/image\/","url":"https:\/\/italiamachines.com\/wp-content\/uploads\/2023\/08\/logo-web-1.png","contentUrl":"https:\/\/italiamachines.com\/wp-content\/uploads\/2023\/08\/logo-web-1.png","width":977,"height":254,"caption":"italiamachines"},"image":{"@id":"https:\/\/italiamachines.com\/#\/schema\/logo\/image\/"},"sameAs":["https:\/\/web.facebook.com\/italiamachines\/","https:\/\/www.instagram.com\/italia.machines\/"]}]}},"_links":{"self":[{"href":"https:\/\/italiamachines.com\/en\/wp-json\/wp\/v2\/product\/11060","targetHints":{"allow":["GET"]}}],"collection":[{"href":"https:\/\/italiamachines.com\/en\/wp-json\/wp\/v2\/product"}],"about":[{"href":"https:\/\/italiamachines.com\/en\/wp-json\/wp\/v2\/types\/product"}],"replies":[{"embeddable":true,"href":"https:\/\/italiamachines.com\/en\/wp-json\/wp\/v2\/comments?post=11060"}],"wp:featuredmedia":[{"embeddable":true,"href":"https:\/\/italiamachines.com\/en\/wp-json\/wp\/v2\/media\/4474"}],"wp:attachment":[{"href":"https:\/\/italiamachines.com\/en\/wp-json\/wp\/v2\/media?parent=11060"}],"wp:term":[{"taxonomy":"product_cat","embeddable":true,"href":"https:\/\/italiamachines.com\/en\/wp-json\/wp\/v2\/product_cat?post=11060"},{"taxonomy":"product_tag","embeddable":true,"href":"https:\/\/italiamachines.com\/en\/wp-json\/wp\/v2\/product_tag?post=11060"}],"curies":[{"name":"wp","href":"https:\/\/api.w.org\/{rel}","templated":true}]}}