{"id":11070,"date":"2025-05-04T23:20:14","date_gmt":"2025-05-04T21:20:14","guid":{"rendered":"https:\/\/italiamachines.com\/?post_type=product&#038;p=11070"},"modified":"2025-05-04T23:20:14","modified_gmt":"2025-05-04T21:20:14","slug":"lave-vaisselle-a-traction-avec-systeme-de-rincage-a-bras-par-lamber","status":"publish","type":"product","link":"https:\/\/italiamachines.com\/en\/boutique\/hygiene\/laverie\/lave-vaiselle-a-capot\/lave-vaisselle-a-traction-avec-systeme-de-rincage-a-bras-par-lamber\/","title":{"rendered":"lave-vaisselle \u00e0 traction avec syst\u00e8me de rin\u00e7age \u00e0 bras &#8211; par Lamber"},"content":{"rendered":"<p>Structure et conception :<br \/>\nCarrosserie et structure enti\u00e8rement en acier inoxydable 18\/10 AISI 304<br \/>\nDouble paroi isol\u00e9e avec isolation acoustique et thermique<br \/>\nCuves embouties avec bords arrondis pour un nettoyage facile et une meilleure hygi\u00e8ne<br \/>\nPompe de lavage autovidangeable en inox<br \/>\nPorte contrebalanc\u00e9e<br \/>\nBras de lavage et de rin\u00e7age d\u00e9montables, interchangeables, en acier inox<\/p>\n<p>Fonctionnement thermique :<br \/>\nPr\u00e9-lavage : garanti \u00e0 40 \u00b0C<br \/>\nLavage fixe (sup\u00e9rieur et inf\u00e9rieur) : \u00e0 60 \u00b0C<br \/>\nRin\u00e7age fixe (sup\u00e9rieur et inf\u00e9rieur) : entre 85 \u00b0C et 90 \u00b0C<\/p>\n<p>Fonctionnalit\u00e9s m\u00e9caniques et \u00e9lectroniques :<br \/>\nAvancement automatique des casiers avec syst\u00e8me de s\u00e9curit\u00e9 \u00e0 friction sur l\u2019arbre de traction<br \/>\nChargement automatique de la cuve<br \/>\n\u00c9conomiseur d\u2019\u00e9nergie pour r\u00e9duire les consommations<br \/>\nEntretien frontal pour une maintenance simplifi\u00e9e<br \/>\nFiltres \u00e0 tiroir sur la cuve et la pompe<br \/>\nSurchauffeur isol\u00e9<\/p>\n<p>Commande \u00e9lectronique (nouveau panneau) :<br \/>\nDouble \u00e9cran de commande s\u00e9par\u00e9 :<br \/>\n\u00c9cran tactile pour la gestion des temp\u00e9ratures<br \/>\n\u00c9cran digital pour les informations de cycle et d\u2019alarme<br \/>\nTrois niveaux de gestion : op\u00e9rateur \/ technicien \/ usine<br \/>\nVisualisation des temp\u00e9ratures des diff\u00e9rentes cuves et de l&rsquo;eau d\u2019alimentation<br \/>\nProgrammation personnalis\u00e9e<br \/>\nAffichage d\u2019alarmes (porte ouverte, manque d\u2019eau, fin de course, etc.)<br \/>\nBoutons d\u00e9di\u00e9s : vitesse, s\u00e9chage, pr\u00e9-rin\u00e7age, mise en veille, niveau d\u2019eau, etc.<\/p>","protected":false},"excerpt":{"rendered":"<p>Structure et conception : Carrosserie et structure enti\u00e8rement en acier inoxydable 18\/10 AISI 304 Double paroi isol\u00e9e avec isolation acoustique et thermique Cuves embouties avec bords arrondis pour un nettoyage facile et une meilleure hygi\u00e8ne Pompe de lavage autovidangeable en inox Porte contrebalanc\u00e9e Bras de lavage et de rin\u00e7age d\u00e9montables, interchangeables, en acier inox Fonctionnement&hellip;<\/p>","protected":false},"featured_media":11072,"comment_status":"open","ping_status":"closed","template":"","meta":[],"product_cat":[83,207,208,87],"product_tag":[],"class_list":{"0":"post-11070","1":"product","2":"type-product","3":"status-publish","4":"has-post-thumbnail","6":"product_cat-hygiene","7":"product_cat-lave-vaiselle-a-capot","8":"product_cat-lave-vaiselle-frontale","9":"product_cat-laverie","11":"first","12":"instock","13":"shipping-taxable","14":"purchasable","15":"product-type-variable","16":"col-xs-6 col-sm-4","17":"col-md-3 col-lg-3","18":"un-4-cols"},"yoast_head":"<!-- This site is optimized with the Yoast SEO plugin v26.6 - https:\/\/yoast.com\/wordpress\/plugins\/seo\/ -->\n<title>lave-vaisselle \u00e0 traction avec syst\u00e8me de rin\u00e7age \u00e0 bras - par Lamber | Italia Machines<\/title>\n<meta name=\"robots\" content=\"index, follow, max-snippet:-1, max-image-preview:large, max-video-preview:-1\" \/>\n<link rel=\"canonical\" href=\"https:\/\/italiamachines.com\/en\/boutique\/hygiene\/laverie\/lave-vaiselle-a-capot\/lave-vaisselle-a-traction-avec-systeme-de-rincage-a-bras-par-lamber\/\" \/>\n<meta property=\"og:locale\" content=\"en_US\" \/>\n<meta property=\"og:type\" content=\"article\" \/>\n<meta property=\"og:title\" content=\"lave-vaisselle \u00e0 traction avec syst\u00e8me de rin\u00e7age \u00e0 bras - par Lamber | Italia Machines\" \/>\n<meta property=\"og:description\" content=\"Structure et conception : Carrosserie et structure enti\u00e8rement en acier inoxydable 18\/10 AISI 304 Double paroi isol\u00e9e avec isolation acoustique et thermique Cuves embouties avec bords arrondis pour un nettoyage facile et une meilleure hygi\u00e8ne Pompe de lavage autovidangeable en inox Porte contrebalanc\u00e9e Bras de lavage et de rin\u00e7age d\u00e9montables, interchangeables, en acier inox Fonctionnement&hellip;\" \/>\n<meta property=\"og:url\" content=\"https:\/\/italiamachines.com\/en\/boutique\/hygiene\/laverie\/lave-vaiselle-a-capot\/lave-vaisselle-a-traction-avec-systeme-de-rincage-a-bras-par-lamber\/\" \/>\n<meta property=\"og:site_name\" content=\"Italia Machines\" \/>\n<meta property=\"article:publisher\" content=\"https:\/\/web.facebook.com\/italiamachines\/\" \/>\n<meta property=\"og:image\" content=\"https:\/\/italiamachines.com\/wp-content\/uploads\/2025\/05\/M180-dy_CH.jpeg\" \/>\n\t<meta property=\"og:image:width\" content=\"1280\" \/>\n\t<meta property=\"og:image:height\" content=\"960\" \/>\n\t<meta property=\"og:image:type\" content=\"image\/jpeg\" \/>\n<meta name=\"twitter:card\" content=\"summary_large_image\" \/>\n<meta name=\"twitter:label1\" content=\"Est. reading time\" \/>\n\t<meta name=\"twitter:data1\" content=\"1 minute\" \/>\n<script type=\"application\/ld+json\" class=\"yoast-schema-graph\">{\"@context\":\"https:\/\/schema.org\",\"@graph\":[{\"@type\":\"WebPage\",\"@id\":\"https:\/\/italiamachines.com\/boutique\/hygiene\/laverie\/lave-vaiselle-a-capot\/lave-vaisselle-a-traction-avec-systeme-de-rincage-a-bras-par-lamber\/\",\"url\":\"https:\/\/italiamachines.com\/boutique\/hygiene\/laverie\/lave-vaiselle-a-capot\/lave-vaisselle-a-traction-avec-systeme-de-rincage-a-bras-par-lamber\/\",\"name\":\"lave-vaisselle \u00e0 traction avec syst\u00e8me de rin\u00e7age \u00e0 bras - par Lamber | Italia Machines\",\"isPartOf\":{\"@id\":\"https:\/\/italiamachines.com\/#website\"},\"primaryImageOfPage\":{\"@id\":\"https:\/\/italiamachines.com\/boutique\/hygiene\/laverie\/lave-vaiselle-a-capot\/lave-vaisselle-a-traction-avec-systeme-de-rincage-a-bras-par-lamber\/#primaryimage\"},\"image\":{\"@id\":\"https:\/\/italiamachines.com\/boutique\/hygiene\/laverie\/lave-vaiselle-a-capot\/lave-vaisselle-a-traction-avec-systeme-de-rincage-a-bras-par-lamber\/#primaryimage\"},\"thumbnailUrl\":\"https:\/\/italiamachines.com\/wp-content\/uploads\/2025\/05\/M180-dy_CH.jpeg\",\"datePublished\":\"2025-05-04T21:20:14+00:00\",\"breadcrumb\":{\"@id\":\"https:\/\/italiamachines.com\/boutique\/hygiene\/laverie\/lave-vaiselle-a-capot\/lave-vaisselle-a-traction-avec-systeme-de-rincage-a-bras-par-lamber\/#breadcrumb\"},\"inLanguage\":\"en-US\",\"potentialAction\":[{\"@type\":\"ReadAction\",\"target\":[\"https:\/\/italiamachines.com\/boutique\/hygiene\/laverie\/lave-vaiselle-a-capot\/lave-vaisselle-a-traction-avec-systeme-de-rincage-a-bras-par-lamber\/\"]}]},{\"@type\":\"ImageObject\",\"inLanguage\":\"en-US\",\"@id\":\"https:\/\/italiamachines.com\/boutique\/hygiene\/laverie\/lave-vaiselle-a-capot\/lave-vaisselle-a-traction-avec-systeme-de-rincage-a-bras-par-lamber\/#primaryimage\",\"url\":\"https:\/\/italiamachines.com\/wp-content\/uploads\/2025\/05\/M180-dy_CH.jpeg\",\"contentUrl\":\"https:\/\/italiamachines.com\/wp-content\/uploads\/2025\/05\/M180-dy_CH.jpeg\",\"width\":1280,\"height\":960},{\"@type\":\"BreadcrumbList\",\"@id\":\"https:\/\/italiamachines.com\/boutique\/hygiene\/laverie\/lave-vaiselle-a-capot\/lave-vaisselle-a-traction-avec-systeme-de-rincage-a-bras-par-lamber\/#breadcrumb\",\"itemListElement\":[{\"@type\":\"ListItem\",\"position\":1,\"name\":\"Accueil\",\"item\":\"https:\/\/italiamachines.com\/fr_fr\/\"},{\"@type\":\"ListItem\",\"position\":2,\"name\":\"Boutique\",\"item\":\"https:\/\/italiamachines.com\/boutique\/\"},{\"@type\":\"ListItem\",\"position\":3,\"name\":\"lave-vaisselle \u00e0 traction avec syst\u00e8me de rin\u00e7age \u00e0 bras &#8211; par Lamber\"}]},{\"@type\":\"WebSite\",\"@id\":\"https:\/\/italiamachines.com\/#website\",\"url\":\"https:\/\/italiamachines.com\/\",\"name\":\"Italia Machines\",\"description\":\"L&#039;art de l&#039;\u00e9quipement HORECA\",\"publisher\":{\"@id\":\"https:\/\/italiamachines.com\/#organization\"},\"potentialAction\":[{\"@type\":\"SearchAction\",\"target\":{\"@type\":\"EntryPoint\",\"urlTemplate\":\"https:\/\/italiamachines.com\/?s={search_term_string}\"},\"query-input\":{\"@type\":\"PropertyValueSpecification\",\"valueRequired\":true,\"valueName\":\"search_term_string\"}}],\"inLanguage\":\"en-US\"},{\"@type\":\"Organization\",\"@id\":\"https:\/\/italiamachines.com\/#organization\",\"name\":\"italiamachines\",\"url\":\"https:\/\/italiamachines.com\/\",\"logo\":{\"@type\":\"ImageObject\",\"inLanguage\":\"en-US\",\"@id\":\"https:\/\/italiamachines.com\/#\/schema\/logo\/image\/\",\"url\":\"https:\/\/italiamachines.com\/wp-content\/uploads\/2023\/08\/logo-web-1.png\",\"contentUrl\":\"https:\/\/italiamachines.com\/wp-content\/uploads\/2023\/08\/logo-web-1.png\",\"width\":977,\"height\":254,\"caption\":\"italiamachines\"},\"image\":{\"@id\":\"https:\/\/italiamachines.com\/#\/schema\/logo\/image\/\"},\"sameAs\":[\"https:\/\/web.facebook.com\/italiamachines\/\",\"https:\/\/www.instagram.com\/italia.machines\/\"]}]}<\/script>\n<!-- \/ Yoast SEO plugin. -->","yoast_head_json":{"title":"lave-vaisselle \u00e0 traction avec syst\u00e8me de rin\u00e7age \u00e0 bras - par Lamber | Italia Machines","robots":{"index":"index","follow":"follow","max-snippet":"max-snippet:-1","max-image-preview":"max-image-preview:large","max-video-preview":"max-video-preview:-1"},"canonical":"https:\/\/italiamachines.com\/en\/boutique\/hygiene\/laverie\/lave-vaiselle-a-capot\/lave-vaisselle-a-traction-avec-systeme-de-rincage-a-bras-par-lamber\/","og_locale":"en_US","og_type":"article","og_title":"lave-vaisselle \u00e0 traction avec syst\u00e8me de rin\u00e7age \u00e0 bras - par Lamber | Italia Machines","og_description":"Structure et conception : Carrosserie et structure enti\u00e8rement en acier inoxydable 18\/10 AISI 304 Double paroi isol\u00e9e avec isolation acoustique et thermique Cuves embouties avec bords arrondis pour un nettoyage facile et une meilleure hygi\u00e8ne Pompe de lavage autovidangeable en inox Porte contrebalanc\u00e9e Bras de lavage et de rin\u00e7age d\u00e9montables, interchangeables, en acier inox Fonctionnement&hellip;","og_url":"https:\/\/italiamachines.com\/en\/boutique\/hygiene\/laverie\/lave-vaiselle-a-capot\/lave-vaisselle-a-traction-avec-systeme-de-rincage-a-bras-par-lamber\/","og_site_name":"Italia Machines","article_publisher":"https:\/\/web.facebook.com\/italiamachines\/","og_image":[{"width":1280,"height":960,"url":"https:\/\/italiamachines.com\/wp-content\/uploads\/2025\/05\/M180-dy_CH.jpeg","type":"image\/jpeg"}],"twitter_card":"summary_large_image","twitter_misc":{"Est. reading time":"1 minute"},"schema":{"@context":"https:\/\/schema.org","@graph":[{"@type":"WebPage","@id":"https:\/\/italiamachines.com\/boutique\/hygiene\/laverie\/lave-vaiselle-a-capot\/lave-vaisselle-a-traction-avec-systeme-de-rincage-a-bras-par-lamber\/","url":"https:\/\/italiamachines.com\/boutique\/hygiene\/laverie\/lave-vaiselle-a-capot\/lave-vaisselle-a-traction-avec-systeme-de-rincage-a-bras-par-lamber\/","name":"lave-vaisselle \u00e0 traction avec syst\u00e8me de rin\u00e7age \u00e0 bras - par Lamber | Italia Machines","isPartOf":{"@id":"https:\/\/italiamachines.com\/#website"},"primaryImageOfPage":{"@id":"https:\/\/italiamachines.com\/boutique\/hygiene\/laverie\/lave-vaiselle-a-capot\/lave-vaisselle-a-traction-avec-systeme-de-rincage-a-bras-par-lamber\/#primaryimage"},"image":{"@id":"https:\/\/italiamachines.com\/boutique\/hygiene\/laverie\/lave-vaiselle-a-capot\/lave-vaisselle-a-traction-avec-systeme-de-rincage-a-bras-par-lamber\/#primaryimage"},"thumbnailUrl":"https:\/\/italiamachines.com\/wp-content\/uploads\/2025\/05\/M180-dy_CH.jpeg","datePublished":"2025-05-04T21:20:14+00:00","breadcrumb":{"@id":"https:\/\/italiamachines.com\/boutique\/hygiene\/laverie\/lave-vaiselle-a-capot\/lave-vaisselle-a-traction-avec-systeme-de-rincage-a-bras-par-lamber\/#breadcrumb"},"inLanguage":"en-US","potentialAction":[{"@type":"ReadAction","target":["https:\/\/italiamachines.com\/boutique\/hygiene\/laverie\/lave-vaiselle-a-capot\/lave-vaisselle-a-traction-avec-systeme-de-rincage-a-bras-par-lamber\/"]}]},{"@type":"ImageObject","inLanguage":"en-US","@id":"https:\/\/italiamachines.com\/boutique\/hygiene\/laverie\/lave-vaiselle-a-capot\/lave-vaisselle-a-traction-avec-systeme-de-rincage-a-bras-par-lamber\/#primaryimage","url":"https:\/\/italiamachines.com\/wp-content\/uploads\/2025\/05\/M180-dy_CH.jpeg","contentUrl":"https:\/\/italiamachines.com\/wp-content\/uploads\/2025\/05\/M180-dy_CH.jpeg","width":1280,"height":960},{"@type":"BreadcrumbList","@id":"https:\/\/italiamachines.com\/boutique\/hygiene\/laverie\/lave-vaiselle-a-capot\/lave-vaisselle-a-traction-avec-systeme-de-rincage-a-bras-par-lamber\/#breadcrumb","itemListElement":[{"@type":"ListItem","position":1,"name":"Accueil","item":"https:\/\/italiamachines.com\/fr_fr\/"},{"@type":"ListItem","position":2,"name":"Boutique","item":"https:\/\/italiamachines.com\/boutique\/"},{"@type":"ListItem","position":3,"name":"lave-vaisselle \u00e0 traction avec syst\u00e8me de rin\u00e7age \u00e0 bras &#8211; par Lamber"}]},{"@type":"WebSite","@id":"https:\/\/italiamachines.com\/#website","url":"https:\/\/italiamachines.com\/","name":"Italia Machines","description":"L&#039;art de l&#039;\u00e9quipement HORECA","publisher":{"@id":"https:\/\/italiamachines.com\/#organization"},"potentialAction":[{"@type":"SearchAction","target":{"@type":"EntryPoint","urlTemplate":"https:\/\/italiamachines.com\/?s={search_term_string}"},"query-input":{"@type":"PropertyValueSpecification","valueRequired":true,"valueName":"search_term_string"}}],"inLanguage":"en-US"},{"@type":"Organization","@id":"https:\/\/italiamachines.com\/#organization","name":"italiamachines","url":"https:\/\/italiamachines.com\/","logo":{"@type":"ImageObject","inLanguage":"en-US","@id":"https:\/\/italiamachines.com\/#\/schema\/logo\/image\/","url":"https:\/\/italiamachines.com\/wp-content\/uploads\/2023\/08\/logo-web-1.png","contentUrl":"https:\/\/italiamachines.com\/wp-content\/uploads\/2023\/08\/logo-web-1.png","width":977,"height":254,"caption":"italiamachines"},"image":{"@id":"https:\/\/italiamachines.com\/#\/schema\/logo\/image\/"},"sameAs":["https:\/\/web.facebook.com\/italiamachines\/","https:\/\/www.instagram.com\/italia.machines\/"]}]}},"_links":{"self":[{"href":"https:\/\/italiamachines.com\/en\/wp-json\/wp\/v2\/product\/11070","targetHints":{"allow":["GET"]}}],"collection":[{"href":"https:\/\/italiamachines.com\/en\/wp-json\/wp\/v2\/product"}],"about":[{"href":"https:\/\/italiamachines.com\/en\/wp-json\/wp\/v2\/types\/product"}],"replies":[{"embeddable":true,"href":"https:\/\/italiamachines.com\/en\/wp-json\/wp\/v2\/comments?post=11070"}],"wp:featuredmedia":[{"embeddable":true,"href":"https:\/\/italiamachines.com\/en\/wp-json\/wp\/v2\/media\/11072"}],"wp:attachment":[{"href":"https:\/\/italiamachines.com\/en\/wp-json\/wp\/v2\/media?parent=11070"}],"wp:term":[{"taxonomy":"product_cat","embeddable":true,"href":"https:\/\/italiamachines.com\/en\/wp-json\/wp\/v2\/product_cat?post=11070"},{"taxonomy":"product_tag","embeddable":true,"href":"https:\/\/italiamachines.com\/en\/wp-json\/wp\/v2\/product_tag?post=11070"}],"curies":[{"name":"wp","href":"https:\/\/api.w.org\/{rel}","templated":true}]}}