{"id":11080,"date":"2025-05-05T00:07:18","date_gmt":"2025-05-04T22:07:18","guid":{"rendered":"https:\/\/italiamachines.com\/?post_type=product&#038;p=11080"},"modified":"2025-05-05T00:07:18","modified_gmt":"2025-05-04T22:07:18","slug":"conteneur-a-glace-capacite-243-kg-par-icematic","status":"publish","type":"product","link":"https:\/\/italiamachines.com\/en\/boutique\/non-classe\/conteneur-a-glace-capacite-243-kg-par-icematic\/","title":{"rendered":"Conteneur \u00e0 Glace , Capacit\u00e9 243 kg &#8211; par IceMatic"},"content":{"rendered":"<p>Design moderne et \u00e9pur\u00e9, parfaitement assorti aux machines \u00e0 glace modulaires Icematic.<br \/>\nRev\u00eatement ext\u00e9rieur en acier inoxydable avec cadre de porte renforc\u00e9, con\u00e7u pour r\u00e9sister aux chocs et \u00e0 une utilisation intensive (technologie rotocast).<br \/>\nInt\u00e9rieur en poly\u00e9thyl\u00e8ne alimentaire, facile \u00e0 nettoyer et r\u00e9sistant aux rayures et aux chocs.<br \/>\nIsolation en polyur\u00e9thane \u00e0 haute densit\u00e9, pour une meilleure conservation de la glace.<br \/>\nJoint de porte amovible enti\u00e8rement, permettant un nettoyage manuel facile tout en assurant une \u00e9tanch\u00e9it\u00e9 optimale pour limiter la fonte de glace.<br \/>\nPelle \u00e0 glace fournie avec traitement antimicrobien Microban pour une hygi\u00e8ne renforc\u00e9e.<br \/>\nPieds r\u00e9glables de 135 mm \u00e0 185 mm.<br \/>\nRaccordement facile au syst\u00e8me d\u2019\u00e9vacuation d\u2019eau : le tuyau de vidange rotatif \u00e0 360\u00b0 permet une connexion ais\u00e9e, quelle que soit la position du drain au sol.<br \/>\nRoulettes disponibles sur demande pour une mobilit\u00e9 accrue.<\/p>\n<p>Donn\u00e9es Techniques:<br \/>\nVolume interne : 0,496 m\u00b3<br \/>\nCapacit\u00e9 maximale de stockage de glace : 243 kg<br \/>\nCapacit\u00e9 d\u2019exploitation recommand\u00e9e : 191 kg<br \/>\nDimensions (L x P x H) : 770 x 880 x 1270 mm<br \/>\nPoids net : 55 kg<br \/>\nPoids brut : 70 kg<\/p>","protected":false},"excerpt":{"rendered":"<p>Design moderne et \u00e9pur\u00e9, parfaitement assorti aux machines \u00e0 glace modulaires Icematic. Rev\u00eatement ext\u00e9rieur en acier inoxydable avec cadre de porte renforc\u00e9, con\u00e7u pour r\u00e9sister aux chocs et \u00e0 une utilisation intensive (technologie rotocast). Int\u00e9rieur en poly\u00e9thyl\u00e8ne alimentaire, facile \u00e0 nettoyer et r\u00e9sistant aux rayures et aux chocs. Isolation en polyur\u00e9thane \u00e0 haute densit\u00e9, pour&hellip;<\/p>","protected":false},"featured_media":11081,"comment_status":"open","ping_status":"closed","template":"","meta":[],"product_cat":[15],"product_tag":[],"class_list":{"0":"post-11080","1":"product","2":"type-product","3":"status-publish","4":"has-post-thumbnail","6":"product_cat-non-classe","8":"first","9":"instock","10":"shipping-taxable","11":"purchasable","12":"product-type-simple","13":"col-xs-6 col-sm-4","14":"col-md-3 col-lg-3","15":"un-4-cols"},"yoast_head":"<!-- This site is optimized with the Yoast SEO plugin v26.6 - https:\/\/yoast.com\/wordpress\/plugins\/seo\/ -->\n<title>Conteneur \u00e0 Glace , Capacit\u00e9 243 kg - par IceMatic | Italia Machines<\/title>\n<meta name=\"robots\" content=\"index, follow, max-snippet:-1, max-image-preview:large, max-video-preview:-1\" \/>\n<link rel=\"canonical\" href=\"https:\/\/italiamachines.com\/en\/boutique\/non-classe\/conteneur-a-glace-capacite-243-kg-par-icematic\/\" \/>\n<meta property=\"og:locale\" content=\"en_US\" \/>\n<meta property=\"og:type\" content=\"article\" \/>\n<meta property=\"og:title\" content=\"Conteneur \u00e0 Glace , Capacit\u00e9 243 kg - par IceMatic | Italia Machines\" \/>\n<meta property=\"og:description\" content=\"Design moderne et \u00e9pur\u00e9, parfaitement assorti aux machines \u00e0 glace modulaires Icematic. Rev\u00eatement ext\u00e9rieur en acier inoxydable avec cadre de porte renforc\u00e9, con\u00e7u pour r\u00e9sister aux chocs et \u00e0 une utilisation intensive (technologie rotocast). Int\u00e9rieur en poly\u00e9thyl\u00e8ne alimentaire, facile \u00e0 nettoyer et r\u00e9sistant aux rayures et aux chocs. Isolation en polyur\u00e9thane \u00e0 haute densit\u00e9, pour&hellip;\" \/>\n<meta property=\"og:url\" content=\"https:\/\/italiamachines.com\/en\/boutique\/non-classe\/conteneur-a-glace-capacite-243-kg-par-icematic\/\" \/>\n<meta property=\"og:site_name\" content=\"Italia Machines\" \/>\n<meta property=\"article:publisher\" content=\"https:\/\/web.facebook.com\/italiamachines\/\" \/>\n<meta property=\"og:image\" content=\"https:\/\/italiamachines.com\/wp-content\/uploads\/2025\/05\/MG255.jpg\" \/>\n\t<meta property=\"og:image:width\" content=\"800\" \/>\n\t<meta property=\"og:image:height\" content=\"1000\" \/>\n\t<meta property=\"og:image:type\" content=\"image\/jpeg\" \/>\n<meta name=\"twitter:card\" content=\"summary_large_image\" \/>\n<meta name=\"twitter:label1\" content=\"Est. reading time\" \/>\n\t<meta name=\"twitter:data1\" content=\"1 minute\" \/>\n<script type=\"application\/ld+json\" class=\"yoast-schema-graph\">{\"@context\":\"https:\/\/schema.org\",\"@graph\":[{\"@type\":\"WebPage\",\"@id\":\"https:\/\/italiamachines.com\/boutique\/non-classe\/conteneur-a-glace-capacite-243-kg-par-icematic\/\",\"url\":\"https:\/\/italiamachines.com\/boutique\/non-classe\/conteneur-a-glace-capacite-243-kg-par-icematic\/\",\"name\":\"Conteneur \u00e0 Glace , Capacit\u00e9 243 kg - par IceMatic | Italia Machines\",\"isPartOf\":{\"@id\":\"https:\/\/italiamachines.com\/#website\"},\"primaryImageOfPage\":{\"@id\":\"https:\/\/italiamachines.com\/boutique\/non-classe\/conteneur-a-glace-capacite-243-kg-par-icematic\/#primaryimage\"},\"image\":{\"@id\":\"https:\/\/italiamachines.com\/boutique\/non-classe\/conteneur-a-glace-capacite-243-kg-par-icematic\/#primaryimage\"},\"thumbnailUrl\":\"https:\/\/italiamachines.com\/wp-content\/uploads\/2025\/05\/MG255.jpg\",\"datePublished\":\"2025-05-04T22:07:18+00:00\",\"breadcrumb\":{\"@id\":\"https:\/\/italiamachines.com\/boutique\/non-classe\/conteneur-a-glace-capacite-243-kg-par-icematic\/#breadcrumb\"},\"inLanguage\":\"en-US\",\"potentialAction\":[{\"@type\":\"ReadAction\",\"target\":[\"https:\/\/italiamachines.com\/boutique\/non-classe\/conteneur-a-glace-capacite-243-kg-par-icematic\/\"]}]},{\"@type\":\"ImageObject\",\"inLanguage\":\"en-US\",\"@id\":\"https:\/\/italiamachines.com\/boutique\/non-classe\/conteneur-a-glace-capacite-243-kg-par-icematic\/#primaryimage\",\"url\":\"https:\/\/italiamachines.com\/wp-content\/uploads\/2025\/05\/MG255.jpg\",\"contentUrl\":\"https:\/\/italiamachines.com\/wp-content\/uploads\/2025\/05\/MG255.jpg\",\"width\":800,\"height\":1000},{\"@type\":\"BreadcrumbList\",\"@id\":\"https:\/\/italiamachines.com\/boutique\/non-classe\/conteneur-a-glace-capacite-243-kg-par-icematic\/#breadcrumb\",\"itemListElement\":[{\"@type\":\"ListItem\",\"position\":1,\"name\":\"Accueil\",\"item\":\"https:\/\/italiamachines.com\/fr_fr\/\"},{\"@type\":\"ListItem\",\"position\":2,\"name\":\"Boutique\",\"item\":\"https:\/\/italiamachines.com\/boutique\/\"},{\"@type\":\"ListItem\",\"position\":3,\"name\":\"Conteneur \u00e0 Glace , Capacit\u00e9 243 kg &#8211; par IceMatic\"}]},{\"@type\":\"WebSite\",\"@id\":\"https:\/\/italiamachines.com\/#website\",\"url\":\"https:\/\/italiamachines.com\/\",\"name\":\"Italia Machines\",\"description\":\"L&#039;art de l&#039;\u00e9quipement HORECA\",\"publisher\":{\"@id\":\"https:\/\/italiamachines.com\/#organization\"},\"potentialAction\":[{\"@type\":\"SearchAction\",\"target\":{\"@type\":\"EntryPoint\",\"urlTemplate\":\"https:\/\/italiamachines.com\/?s={search_term_string}\"},\"query-input\":{\"@type\":\"PropertyValueSpecification\",\"valueRequired\":true,\"valueName\":\"search_term_string\"}}],\"inLanguage\":\"en-US\"},{\"@type\":\"Organization\",\"@id\":\"https:\/\/italiamachines.com\/#organization\",\"name\":\"italiamachines\",\"url\":\"https:\/\/italiamachines.com\/\",\"logo\":{\"@type\":\"ImageObject\",\"inLanguage\":\"en-US\",\"@id\":\"https:\/\/italiamachines.com\/#\/schema\/logo\/image\/\",\"url\":\"https:\/\/italiamachines.com\/wp-content\/uploads\/2023\/08\/logo-web-1.png\",\"contentUrl\":\"https:\/\/italiamachines.com\/wp-content\/uploads\/2023\/08\/logo-web-1.png\",\"width\":977,\"height\":254,\"caption\":\"italiamachines\"},\"image\":{\"@id\":\"https:\/\/italiamachines.com\/#\/schema\/logo\/image\/\"},\"sameAs\":[\"https:\/\/web.facebook.com\/italiamachines\/\",\"https:\/\/www.instagram.com\/italia.machines\/\"]}]}<\/script>\n<!-- \/ Yoast SEO plugin. -->","yoast_head_json":{"title":"Conteneur \u00e0 Glace , Capacit\u00e9 243 kg - par IceMatic | Italia Machines","robots":{"index":"index","follow":"follow","max-snippet":"max-snippet:-1","max-image-preview":"max-image-preview:large","max-video-preview":"max-video-preview:-1"},"canonical":"https:\/\/italiamachines.com\/en\/boutique\/non-classe\/conteneur-a-glace-capacite-243-kg-par-icematic\/","og_locale":"en_US","og_type":"article","og_title":"Conteneur \u00e0 Glace , Capacit\u00e9 243 kg - par IceMatic | Italia Machines","og_description":"Design moderne et \u00e9pur\u00e9, parfaitement assorti aux machines \u00e0 glace modulaires Icematic. Rev\u00eatement ext\u00e9rieur en acier inoxydable avec cadre de porte renforc\u00e9, con\u00e7u pour r\u00e9sister aux chocs et \u00e0 une utilisation intensive (technologie rotocast). Int\u00e9rieur en poly\u00e9thyl\u00e8ne alimentaire, facile \u00e0 nettoyer et r\u00e9sistant aux rayures et aux chocs. Isolation en polyur\u00e9thane \u00e0 haute densit\u00e9, pour&hellip;","og_url":"https:\/\/italiamachines.com\/en\/boutique\/non-classe\/conteneur-a-glace-capacite-243-kg-par-icematic\/","og_site_name":"Italia Machines","article_publisher":"https:\/\/web.facebook.com\/italiamachines\/","og_image":[{"width":800,"height":1000,"url":"https:\/\/italiamachines.com\/wp-content\/uploads\/2025\/05\/MG255.jpg","type":"image\/jpeg"}],"twitter_card":"summary_large_image","twitter_misc":{"Est. reading time":"1 minute"},"schema":{"@context":"https:\/\/schema.org","@graph":[{"@type":"WebPage","@id":"https:\/\/italiamachines.com\/boutique\/non-classe\/conteneur-a-glace-capacite-243-kg-par-icematic\/","url":"https:\/\/italiamachines.com\/boutique\/non-classe\/conteneur-a-glace-capacite-243-kg-par-icematic\/","name":"Conteneur \u00e0 Glace , Capacit\u00e9 243 kg - par IceMatic | Italia Machines","isPartOf":{"@id":"https:\/\/italiamachines.com\/#website"},"primaryImageOfPage":{"@id":"https:\/\/italiamachines.com\/boutique\/non-classe\/conteneur-a-glace-capacite-243-kg-par-icematic\/#primaryimage"},"image":{"@id":"https:\/\/italiamachines.com\/boutique\/non-classe\/conteneur-a-glace-capacite-243-kg-par-icematic\/#primaryimage"},"thumbnailUrl":"https:\/\/italiamachines.com\/wp-content\/uploads\/2025\/05\/MG255.jpg","datePublished":"2025-05-04T22:07:18+00:00","breadcrumb":{"@id":"https:\/\/italiamachines.com\/boutique\/non-classe\/conteneur-a-glace-capacite-243-kg-par-icematic\/#breadcrumb"},"inLanguage":"en-US","potentialAction":[{"@type":"ReadAction","target":["https:\/\/italiamachines.com\/boutique\/non-classe\/conteneur-a-glace-capacite-243-kg-par-icematic\/"]}]},{"@type":"ImageObject","inLanguage":"en-US","@id":"https:\/\/italiamachines.com\/boutique\/non-classe\/conteneur-a-glace-capacite-243-kg-par-icematic\/#primaryimage","url":"https:\/\/italiamachines.com\/wp-content\/uploads\/2025\/05\/MG255.jpg","contentUrl":"https:\/\/italiamachines.com\/wp-content\/uploads\/2025\/05\/MG255.jpg","width":800,"height":1000},{"@type":"BreadcrumbList","@id":"https:\/\/italiamachines.com\/boutique\/non-classe\/conteneur-a-glace-capacite-243-kg-par-icematic\/#breadcrumb","itemListElement":[{"@type":"ListItem","position":1,"name":"Accueil","item":"https:\/\/italiamachines.com\/fr_fr\/"},{"@type":"ListItem","position":2,"name":"Boutique","item":"https:\/\/italiamachines.com\/boutique\/"},{"@type":"ListItem","position":3,"name":"Conteneur \u00e0 Glace , Capacit\u00e9 243 kg &#8211; par IceMatic"}]},{"@type":"WebSite","@id":"https:\/\/italiamachines.com\/#website","url":"https:\/\/italiamachines.com\/","name":"Italia Machines","description":"L&#039;art de l&#039;\u00e9quipement HORECA","publisher":{"@id":"https:\/\/italiamachines.com\/#organization"},"potentialAction":[{"@type":"SearchAction","target":{"@type":"EntryPoint","urlTemplate":"https:\/\/italiamachines.com\/?s={search_term_string}"},"query-input":{"@type":"PropertyValueSpecification","valueRequired":true,"valueName":"search_term_string"}}],"inLanguage":"en-US"},{"@type":"Organization","@id":"https:\/\/italiamachines.com\/#organization","name":"italiamachines","url":"https:\/\/italiamachines.com\/","logo":{"@type":"ImageObject","inLanguage":"en-US","@id":"https:\/\/italiamachines.com\/#\/schema\/logo\/image\/","url":"https:\/\/italiamachines.com\/wp-content\/uploads\/2023\/08\/logo-web-1.png","contentUrl":"https:\/\/italiamachines.com\/wp-content\/uploads\/2023\/08\/logo-web-1.png","width":977,"height":254,"caption":"italiamachines"},"image":{"@id":"https:\/\/italiamachines.com\/#\/schema\/logo\/image\/"},"sameAs":["https:\/\/web.facebook.com\/italiamachines\/","https:\/\/www.instagram.com\/italia.machines\/"]}]}},"_links":{"self":[{"href":"https:\/\/italiamachines.com\/en\/wp-json\/wp\/v2\/product\/11080","targetHints":{"allow":["GET"]}}],"collection":[{"href":"https:\/\/italiamachines.com\/en\/wp-json\/wp\/v2\/product"}],"about":[{"href":"https:\/\/italiamachines.com\/en\/wp-json\/wp\/v2\/types\/product"}],"replies":[{"embeddable":true,"href":"https:\/\/italiamachines.com\/en\/wp-json\/wp\/v2\/comments?post=11080"}],"wp:featuredmedia":[{"embeddable":true,"href":"https:\/\/italiamachines.com\/en\/wp-json\/wp\/v2\/media\/11081"}],"wp:attachment":[{"href":"https:\/\/italiamachines.com\/en\/wp-json\/wp\/v2\/media?parent=11080"}],"wp:term":[{"taxonomy":"product_cat","embeddable":true,"href":"https:\/\/italiamachines.com\/en\/wp-json\/wp\/v2\/product_cat?post=11080"},{"taxonomy":"product_tag","embeddable":true,"href":"https:\/\/italiamachines.com\/en\/wp-json\/wp\/v2\/product_tag?post=11080"}],"curies":[{"name":"wp","href":"https:\/\/api.w.org\/{rel}","templated":true}]}}