{"id":11100,"date":"2025-05-08T23:37:43","date_gmt":"2025-05-08T21:37:43","guid":{"rendered":"https:\/\/italiamachines.com\/?post_type=product&#038;p=11100"},"modified":"2025-05-08T23:42:04","modified_gmt":"2025-05-08T21:42:04","slug":"vitrine-presentoir-double-temperature-modele-oneshow-par-isa-italie","status":"publish","type":"product","link":"https:\/\/italiamachines.com\/en\/boutique\/boulangerie-et-patisserie\/patisserie\/vitrines\/vitrine-refrigeree-horizontale\/vitrine-presentoir-double-temperature-modele-oneshow-par-isa-italie\/","title":{"rendered":"Vitrine pr\u00e9sentoir double temp\u00e9rature mod\u00e8le oneshow &#8211; par Isa Italie"},"content":{"rendered":"<p>Installation possible avec groupe log\u00e9 ou groupe ext\u00e9rieur (en option)<br \/>\nConfiguration double temp\u00e9rature : pour produits surgel\u00e9s (glace) et frais (p\u00e2tisserie)<\/p>\n<p>Temp\u00e9rature de fonctionnement :<br \/>\n-20 \u00b0c \u00e0 +2 \u00b0c (mode glace)<br \/>\n+1 \u00b0c \u00e0 +10 \u00b0c (mode p\u00e2tisserie)<br \/>\n+14 \u00b0c \u00e0 +16 \u00b0c (pr\u00e9sentation\/temp\u00e9rature ambiante)<br \/>\nFluide r\u00e9frig\u00e9rant : r290 \u00e9cologique<br \/>\nR\u00e9frig\u00e9ration : froid ventil\u00e9<br \/>\nCompresseur : herm\u00e9tique<\/p>\n<p>D\u00e9givrage :<br \/>\npar inversion du cycle<br \/>\nou arr\u00eat du compresseur<\/p>\n<p>Vitrages et ouverture :<br \/>\nvitre sup\u00e9rieure : stratifi\u00e9e chauffante<br \/>\nvitre frontale : stratifi\u00e9e chauffante, ouvrante vers le haut<\/p>\n<p>Sp\u00e9cifications techniques :<br \/>\nclasse climatique :<br \/>\n3 (25 \u00b0c \/ 60 % rh)<br \/>\n4 (30 \u00b0c \/ 55 % rh)<br \/>\nplan de travail : surface blanche pleine<br \/>\n\u00e9clairage : led 5700 k<\/p>\n<p>Manipulation facilit\u00e9e :<br \/>\npieds r\u00e9glables en hauteur<br \/>\nroues pivotantes avec frein de blocage<\/p>\n<p>Design &#038; finitions :<br \/>\nencombrement r\u00e9duit : 740 mm de profondeur<br \/>\nfinitions et mat\u00e9riaux personnalisables<br \/>\nmod\u00e8le disponible en version plug-in ou built-in<\/p>","protected":false},"excerpt":{"rendered":"<p>Installation possible avec groupe log\u00e9 ou groupe ext\u00e9rieur (en option) Configuration double temp\u00e9rature : pour produits surgel\u00e9s (glace) et frais (p\u00e2tisserie) Temp\u00e9rature de fonctionnement : -20 \u00b0c \u00e0 +2 \u00b0c (mode glace) +1 \u00b0c \u00e0 +10 \u00b0c (mode p\u00e2tisserie) +14 \u00b0c \u00e0 +16 \u00b0c (pr\u00e9sentation\/temp\u00e9rature ambiante) Fluide r\u00e9frig\u00e9rant : r290 \u00e9cologique R\u00e9frig\u00e9ration : froid ventil\u00e9&hellip;<\/p>","protected":false},"featured_media":11102,"comment_status":"open","ping_status":"closed","template":"","meta":[],"product_cat":[64,65,73,97,141,245,144],"product_tag":[],"class_list":{"0":"post-11100","1":"product","2":"type-product","3":"status-publish","4":"has-post-thumbnail","6":"product_cat-boulangerie-et-patisserie","7":"product_cat-cafe-glacier-lecheria","8":"product_cat-froid-conservation-pour-glace","9":"product_cat-patisserie","10":"product_cat-vitrine-2","11":"product_cat-vitrine-refrigeree-horizontale","12":"product_cat-vitrines","13":"product-has-variation-images","15":"first","16":"instock","17":"shipping-taxable","18":"purchasable","19":"product-type-variable","20":"col-xs-6 col-sm-4","21":"col-md-3 col-lg-3","22":"un-4-cols"},"yoast_head":"<!-- This site is optimized with the Yoast SEO plugin v26.6 - https:\/\/yoast.com\/wordpress\/plugins\/seo\/ -->\n<title>Vitrine pr\u00e9sentoir double temp\u00e9rature mod\u00e8le oneshow - par Isa Italie | Italia Machines<\/title>\n<meta name=\"robots\" content=\"index, follow, max-snippet:-1, max-image-preview:large, max-video-preview:-1\" \/>\n<link rel=\"canonical\" href=\"https:\/\/italiamachines.com\/en\/boutique\/boulangerie-et-patisserie\/patisserie\/vitrines\/vitrine-refrigeree-horizontale\/vitrine-presentoir-double-temperature-modele-oneshow-par-isa-italie\/\" \/>\n<meta property=\"og:locale\" content=\"en_US\" \/>\n<meta property=\"og:type\" content=\"article\" \/>\n<meta property=\"og:title\" content=\"Vitrine pr\u00e9sentoir double temp\u00e9rature mod\u00e8le oneshow - par Isa Italie | Italia Machines\" \/>\n<meta property=\"og:description\" content=\"Installation possible avec groupe log\u00e9 ou groupe ext\u00e9rieur (en option) Configuration double temp\u00e9rature : pour produits surgel\u00e9s (glace) et frais (p\u00e2tisserie) Temp\u00e9rature de fonctionnement : -20 \u00b0c \u00e0 +2 \u00b0c (mode glace) +1 \u00b0c \u00e0 +10 \u00b0c (mode p\u00e2tisserie) +14 \u00b0c \u00e0 +16 \u00b0c (pr\u00e9sentation\/temp\u00e9rature ambiante) Fluide r\u00e9frig\u00e9rant : r290 \u00e9cologique R\u00e9frig\u00e9ration : froid ventil\u00e9&hellip;\" \/>\n<meta property=\"og:url\" content=\"https:\/\/italiamachines.com\/en\/boutique\/boulangerie-et-patisserie\/patisserie\/vitrines\/vitrine-refrigeree-horizontale\/vitrine-presentoir-double-temperature-modele-oneshow-par-isa-italie\/\" \/>\n<meta property=\"og:site_name\" content=\"Italia Machines\" \/>\n<meta property=\"article:publisher\" content=\"https:\/\/web.facebook.com\/italiamachines\/\" \/>\n<meta property=\"article:modified_time\" content=\"2025-05-08T21:42:04+00:00\" \/>\n<meta property=\"og:image\" content=\"https:\/\/italiamachines.com\/wp-content\/uploads\/2025\/05\/oneshow170.webp\" \/>\n\t<meta property=\"og:image:width\" content=\"574\" \/>\n\t<meta property=\"og:image:height\" content=\"384\" \/>\n\t<meta property=\"og:image:type\" content=\"image\/webp\" \/>\n<meta name=\"twitter:card\" content=\"summary_large_image\" \/>\n<meta name=\"twitter:label1\" content=\"Est. reading time\" \/>\n\t<meta name=\"twitter:data1\" content=\"1 minute\" \/>\n<script type=\"application\/ld+json\" class=\"yoast-schema-graph\">{\"@context\":\"https:\/\/schema.org\",\"@graph\":[{\"@type\":\"WebPage\",\"@id\":\"https:\/\/italiamachines.com\/boutique\/boulangerie-et-patisserie\/patisserie\/vitrines\/vitrine-refrigeree-horizontale\/vitrine-presentoir-double-temperature-modele-oneshow-par-isa-italie\/\",\"url\":\"https:\/\/italiamachines.com\/boutique\/boulangerie-et-patisserie\/patisserie\/vitrines\/vitrine-refrigeree-horizontale\/vitrine-presentoir-double-temperature-modele-oneshow-par-isa-italie\/\",\"name\":\"Vitrine pr\u00e9sentoir double temp\u00e9rature mod\u00e8le oneshow - par Isa Italie | Italia Machines\",\"isPartOf\":{\"@id\":\"https:\/\/italiamachines.com\/#website\"},\"primaryImageOfPage\":{\"@id\":\"https:\/\/italiamachines.com\/boutique\/boulangerie-et-patisserie\/patisserie\/vitrines\/vitrine-refrigeree-horizontale\/vitrine-presentoir-double-temperature-modele-oneshow-par-isa-italie\/#primaryimage\"},\"image\":{\"@id\":\"https:\/\/italiamachines.com\/boutique\/boulangerie-et-patisserie\/patisserie\/vitrines\/vitrine-refrigeree-horizontale\/vitrine-presentoir-double-temperature-modele-oneshow-par-isa-italie\/#primaryimage\"},\"thumbnailUrl\":\"https:\/\/italiamachines.com\/wp-content\/uploads\/2025\/05\/oneshow170.webp\",\"datePublished\":\"2025-05-08T21:37:43+00:00\",\"dateModified\":\"2025-05-08T21:42:04+00:00\",\"breadcrumb\":{\"@id\":\"https:\/\/italiamachines.com\/boutique\/boulangerie-et-patisserie\/patisserie\/vitrines\/vitrine-refrigeree-horizontale\/vitrine-presentoir-double-temperature-modele-oneshow-par-isa-italie\/#breadcrumb\"},\"inLanguage\":\"en-US\",\"potentialAction\":[{\"@type\":\"ReadAction\",\"target\":[\"https:\/\/italiamachines.com\/boutique\/boulangerie-et-patisserie\/patisserie\/vitrines\/vitrine-refrigeree-horizontale\/vitrine-presentoir-double-temperature-modele-oneshow-par-isa-italie\/\"]}]},{\"@type\":\"ImageObject\",\"inLanguage\":\"en-US\",\"@id\":\"https:\/\/italiamachines.com\/boutique\/boulangerie-et-patisserie\/patisserie\/vitrines\/vitrine-refrigeree-horizontale\/vitrine-presentoir-double-temperature-modele-oneshow-par-isa-italie\/#primaryimage\",\"url\":\"https:\/\/italiamachines.com\/wp-content\/uploads\/2025\/05\/oneshow170.webp\",\"contentUrl\":\"https:\/\/italiamachines.com\/wp-content\/uploads\/2025\/05\/oneshow170.webp\",\"width\":574,\"height\":384},{\"@type\":\"BreadcrumbList\",\"@id\":\"https:\/\/italiamachines.com\/boutique\/boulangerie-et-patisserie\/patisserie\/vitrines\/vitrine-refrigeree-horizontale\/vitrine-presentoir-double-temperature-modele-oneshow-par-isa-italie\/#breadcrumb\",\"itemListElement\":[{\"@type\":\"ListItem\",\"position\":1,\"name\":\"Accueil\",\"item\":\"https:\/\/italiamachines.com\/fr_fr\/\"},{\"@type\":\"ListItem\",\"position\":2,\"name\":\"Boutique\",\"item\":\"https:\/\/italiamachines.com\/boutique\/\"},{\"@type\":\"ListItem\",\"position\":3,\"name\":\"Vitrine pr\u00e9sentoir double temp\u00e9rature mod\u00e8le oneshow &#8211; par Isa Italie\"}]},{\"@type\":\"WebSite\",\"@id\":\"https:\/\/italiamachines.com\/#website\",\"url\":\"https:\/\/italiamachines.com\/\",\"name\":\"Italia Machines\",\"description\":\"L&#039;art de l&#039;\u00e9quipement HORECA\",\"publisher\":{\"@id\":\"https:\/\/italiamachines.com\/#organization\"},\"potentialAction\":[{\"@type\":\"SearchAction\",\"target\":{\"@type\":\"EntryPoint\",\"urlTemplate\":\"https:\/\/italiamachines.com\/?s={search_term_string}\"},\"query-input\":{\"@type\":\"PropertyValueSpecification\",\"valueRequired\":true,\"valueName\":\"search_term_string\"}}],\"inLanguage\":\"en-US\"},{\"@type\":\"Organization\",\"@id\":\"https:\/\/italiamachines.com\/#organization\",\"name\":\"italiamachines\",\"url\":\"https:\/\/italiamachines.com\/\",\"logo\":{\"@type\":\"ImageObject\",\"inLanguage\":\"en-US\",\"@id\":\"https:\/\/italiamachines.com\/#\/schema\/logo\/image\/\",\"url\":\"https:\/\/italiamachines.com\/wp-content\/uploads\/2023\/08\/logo-web-1.png\",\"contentUrl\":\"https:\/\/italiamachines.com\/wp-content\/uploads\/2023\/08\/logo-web-1.png\",\"width\":977,\"height\":254,\"caption\":\"italiamachines\"},\"image\":{\"@id\":\"https:\/\/italiamachines.com\/#\/schema\/logo\/image\/\"},\"sameAs\":[\"https:\/\/web.facebook.com\/italiamachines\/\",\"https:\/\/www.instagram.com\/italia.machines\/\"]}]}<\/script>\n<!-- \/ Yoast SEO plugin. -->","yoast_head_json":{"title":"Vitrine pr\u00e9sentoir double temp\u00e9rature mod\u00e8le oneshow - par Isa Italie | Italia Machines","robots":{"index":"index","follow":"follow","max-snippet":"max-snippet:-1","max-image-preview":"max-image-preview:large","max-video-preview":"max-video-preview:-1"},"canonical":"https:\/\/italiamachines.com\/en\/boutique\/boulangerie-et-patisserie\/patisserie\/vitrines\/vitrine-refrigeree-horizontale\/vitrine-presentoir-double-temperature-modele-oneshow-par-isa-italie\/","og_locale":"en_US","og_type":"article","og_title":"Vitrine pr\u00e9sentoir double temp\u00e9rature mod\u00e8le oneshow - par Isa Italie | Italia Machines","og_description":"Installation possible avec groupe log\u00e9 ou groupe ext\u00e9rieur (en option) Configuration double temp\u00e9rature : pour produits surgel\u00e9s (glace) et frais (p\u00e2tisserie) Temp\u00e9rature de fonctionnement : -20 \u00b0c \u00e0 +2 \u00b0c (mode glace) +1 \u00b0c \u00e0 +10 \u00b0c (mode p\u00e2tisserie) +14 \u00b0c \u00e0 +16 \u00b0c (pr\u00e9sentation\/temp\u00e9rature ambiante) Fluide r\u00e9frig\u00e9rant : r290 \u00e9cologique R\u00e9frig\u00e9ration : froid ventil\u00e9&hellip;","og_url":"https:\/\/italiamachines.com\/en\/boutique\/boulangerie-et-patisserie\/patisserie\/vitrines\/vitrine-refrigeree-horizontale\/vitrine-presentoir-double-temperature-modele-oneshow-par-isa-italie\/","og_site_name":"Italia Machines","article_publisher":"https:\/\/web.facebook.com\/italiamachines\/","article_modified_time":"2025-05-08T21:42:04+00:00","og_image":[{"width":574,"height":384,"url":"https:\/\/italiamachines.com\/wp-content\/uploads\/2025\/05\/oneshow170.webp","type":"image\/webp"}],"twitter_card":"summary_large_image","twitter_misc":{"Est. reading time":"1 minute"},"schema":{"@context":"https:\/\/schema.org","@graph":[{"@type":"WebPage","@id":"https:\/\/italiamachines.com\/boutique\/boulangerie-et-patisserie\/patisserie\/vitrines\/vitrine-refrigeree-horizontale\/vitrine-presentoir-double-temperature-modele-oneshow-par-isa-italie\/","url":"https:\/\/italiamachines.com\/boutique\/boulangerie-et-patisserie\/patisserie\/vitrines\/vitrine-refrigeree-horizontale\/vitrine-presentoir-double-temperature-modele-oneshow-par-isa-italie\/","name":"Vitrine pr\u00e9sentoir double temp\u00e9rature mod\u00e8le oneshow - par Isa Italie | Italia Machines","isPartOf":{"@id":"https:\/\/italiamachines.com\/#website"},"primaryImageOfPage":{"@id":"https:\/\/italiamachines.com\/boutique\/boulangerie-et-patisserie\/patisserie\/vitrines\/vitrine-refrigeree-horizontale\/vitrine-presentoir-double-temperature-modele-oneshow-par-isa-italie\/#primaryimage"},"image":{"@id":"https:\/\/italiamachines.com\/boutique\/boulangerie-et-patisserie\/patisserie\/vitrines\/vitrine-refrigeree-horizontale\/vitrine-presentoir-double-temperature-modele-oneshow-par-isa-italie\/#primaryimage"},"thumbnailUrl":"https:\/\/italiamachines.com\/wp-content\/uploads\/2025\/05\/oneshow170.webp","datePublished":"2025-05-08T21:37:43+00:00","dateModified":"2025-05-08T21:42:04+00:00","breadcrumb":{"@id":"https:\/\/italiamachines.com\/boutique\/boulangerie-et-patisserie\/patisserie\/vitrines\/vitrine-refrigeree-horizontale\/vitrine-presentoir-double-temperature-modele-oneshow-par-isa-italie\/#breadcrumb"},"inLanguage":"en-US","potentialAction":[{"@type":"ReadAction","target":["https:\/\/italiamachines.com\/boutique\/boulangerie-et-patisserie\/patisserie\/vitrines\/vitrine-refrigeree-horizontale\/vitrine-presentoir-double-temperature-modele-oneshow-par-isa-italie\/"]}]},{"@type":"ImageObject","inLanguage":"en-US","@id":"https:\/\/italiamachines.com\/boutique\/boulangerie-et-patisserie\/patisserie\/vitrines\/vitrine-refrigeree-horizontale\/vitrine-presentoir-double-temperature-modele-oneshow-par-isa-italie\/#primaryimage","url":"https:\/\/italiamachines.com\/wp-content\/uploads\/2025\/05\/oneshow170.webp","contentUrl":"https:\/\/italiamachines.com\/wp-content\/uploads\/2025\/05\/oneshow170.webp","width":574,"height":384},{"@type":"BreadcrumbList","@id":"https:\/\/italiamachines.com\/boutique\/boulangerie-et-patisserie\/patisserie\/vitrines\/vitrine-refrigeree-horizontale\/vitrine-presentoir-double-temperature-modele-oneshow-par-isa-italie\/#breadcrumb","itemListElement":[{"@type":"ListItem","position":1,"name":"Accueil","item":"https:\/\/italiamachines.com\/fr_fr\/"},{"@type":"ListItem","position":2,"name":"Boutique","item":"https:\/\/italiamachines.com\/boutique\/"},{"@type":"ListItem","position":3,"name":"Vitrine pr\u00e9sentoir double temp\u00e9rature mod\u00e8le oneshow &#8211; par Isa Italie"}]},{"@type":"WebSite","@id":"https:\/\/italiamachines.com\/#website","url":"https:\/\/italiamachines.com\/","name":"Italia Machines","description":"L&#039;art de l&#039;\u00e9quipement HORECA","publisher":{"@id":"https:\/\/italiamachines.com\/#organization"},"potentialAction":[{"@type":"SearchAction","target":{"@type":"EntryPoint","urlTemplate":"https:\/\/italiamachines.com\/?s={search_term_string}"},"query-input":{"@type":"PropertyValueSpecification","valueRequired":true,"valueName":"search_term_string"}}],"inLanguage":"en-US"},{"@type":"Organization","@id":"https:\/\/italiamachines.com\/#organization","name":"italiamachines","url":"https:\/\/italiamachines.com\/","logo":{"@type":"ImageObject","inLanguage":"en-US","@id":"https:\/\/italiamachines.com\/#\/schema\/logo\/image\/","url":"https:\/\/italiamachines.com\/wp-content\/uploads\/2023\/08\/logo-web-1.png","contentUrl":"https:\/\/italiamachines.com\/wp-content\/uploads\/2023\/08\/logo-web-1.png","width":977,"height":254,"caption":"italiamachines"},"image":{"@id":"https:\/\/italiamachines.com\/#\/schema\/logo\/image\/"},"sameAs":["https:\/\/web.facebook.com\/italiamachines\/","https:\/\/www.instagram.com\/italia.machines\/"]}]}},"_links":{"self":[{"href":"https:\/\/italiamachines.com\/en\/wp-json\/wp\/v2\/product\/11100","targetHints":{"allow":["GET"]}}],"collection":[{"href":"https:\/\/italiamachines.com\/en\/wp-json\/wp\/v2\/product"}],"about":[{"href":"https:\/\/italiamachines.com\/en\/wp-json\/wp\/v2\/types\/product"}],"replies":[{"embeddable":true,"href":"https:\/\/italiamachines.com\/en\/wp-json\/wp\/v2\/comments?post=11100"}],"wp:featuredmedia":[{"embeddable":true,"href":"https:\/\/italiamachines.com\/en\/wp-json\/wp\/v2\/media\/11102"}],"wp:attachment":[{"href":"https:\/\/italiamachines.com\/en\/wp-json\/wp\/v2\/media?parent=11100"}],"wp:term":[{"taxonomy":"product_cat","embeddable":true,"href":"https:\/\/italiamachines.com\/en\/wp-json\/wp\/v2\/product_cat?post=11100"},{"taxonomy":"product_tag","embeddable":true,"href":"https:\/\/italiamachines.com\/en\/wp-json\/wp\/v2\/product_tag?post=11100"}],"curies":[{"name":"wp","href":"https:\/\/api.w.org\/{rel}","templated":true}]}}