{"id":11156,"date":"2025-05-10T19:39:07","date_gmt":"2025-05-10T17:39:07","guid":{"rendered":"https:\/\/italiamachines.com\/?post_type=product&#038;p=11156"},"modified":"2025-05-10T19:44:02","modified_gmt":"2025-05-10T17:44:02","slug":"robocoupe-20l-cutter-vertical","status":"publish","type":"product","link":"https:\/\/italiamachines.com\/en\/boutique\/restaurant-snack-et-pizzeria\/robocoupe\/robocoupe-20l-cutter-vertical\/","title":{"rendered":"Robocoupe 20L &#8211; cutter vertical"},"content":{"rendered":"<p>Cutter professionnel grande capacit\u00e9 pour une homog\u00e9n\u00e9it\u00e9 parfaite des pr\u00e9parations, id\u00e9al pour un usage intensif.<br \/>\nCapacit\u00e9 : Cuve inox 20 L avec poign\u00e9es ergonomiques<br \/>\nCouteau fond de cuve inox : Nouveau profil 3 lames lisses, d\u00e9montables et ajustables<br \/>\nCouvercle transparent Grande Vision :<br \/>\nContr\u00f4le visuel permanent<br \/>\nAjout d\u2019ingr\u00e9dients possible en cours de pr\u00e9paration<br \/>\nJoint d\u2019\u00e9tanch\u00e9it\u00e9, lavable au lave-vaisselle<br \/>\nMontage facilit\u00e9 : Syst\u00e8me d\u2019accrochage central<br \/>\nMoteur : Asynchrone, tr\u00e8s puissant \u2013 4 400 W, pour usage intensif<br \/>\nVitesse : 1 500 \u00e0 3 000 tr\/min + fonction Pulse<br \/>\nCommande IP65 : Avec minuterie digitale<\/p>\n<p>Fonctions int\u00e9gr\u00e9es :<br \/>\nR-MIX (m\u00e9lange \u00e0 vitesse r\u00e9duite)<br \/>\nR-VAC (option dispositif sous-vide)<br \/>\nMobilit\u00e9 : 3 roulettes escamotables<br \/>\nDimensions (L x P x H) : 380 x 630 x 760 mm<br \/>\nPoids : 77 kg net \/ 86 kg brut<\/p>","protected":false},"excerpt":{"rendered":"<p>Cutter professionnel grande capacit\u00e9 pour une homog\u00e9n\u00e9it\u00e9 parfaite des pr\u00e9parations, id\u00e9al pour un usage intensif. Capacit\u00e9 : Cuve inox 20 L avec poign\u00e9es ergonomiques Couteau fond de cuve inox : Nouveau profil 3 lames lisses, d\u00e9montables et ajustables Couvercle transparent Grande Vision : Contr\u00f4le visuel permanent Ajout d\u2019ingr\u00e9dients possible en cours de pr\u00e9paration Joint d\u2019\u00e9tanch\u00e9it\u00e9,&hellip;<\/p>","protected":false},"featured_media":11157,"comment_status":"closed","ping_status":"closed","template":"","meta":[],"product_cat":[112,114],"product_tag":[],"class_list":{"0":"post-11156","1":"product","2":"type-product","3":"status-publish","4":"has-post-thumbnail","6":"product_cat-restaurant-snack-et-pizzeria","7":"product_cat-robocoupe","9":"first","10":"instock","11":"shipping-taxable","12":"purchasable","13":"product-type-simple","14":"col-xs-6 col-sm-4","15":"col-md-3 col-lg-3","16":"un-4-cols"},"yoast_head":"<!-- This site is optimized with the Yoast SEO plugin v26.6 - https:\/\/yoast.com\/wordpress\/plugins\/seo\/ -->\n<title>Robocoupe 20L - cutter vertical | Italia Machines<\/title>\n<meta name=\"description\" content=\"Robot Coupe professionnel \u00e0 ouverture centrale. Avec deux vitesses r\u00e9glables (1500 tr\/min - 3000 tr\/min) . robot coupe professionnel maroc\" \/>\n<meta name=\"robots\" content=\"index, follow, max-snippet:-1, max-image-preview:large, max-video-preview:-1\" \/>\n<link rel=\"canonical\" href=\"https:\/\/italiamachines.com\/en\/boutique\/restaurant-snack-et-pizzeria\/robocoupe\/robocoupe-20l-cutter-vertical\/\" \/>\n<meta property=\"og:locale\" content=\"en_US\" \/>\n<meta property=\"og:type\" content=\"article\" \/>\n<meta property=\"og:title\" content=\"Robocoupe 20L - cutter vertical | Italia Machines\" \/>\n<meta property=\"og:description\" content=\"Robot Coupe professionnel \u00e0 ouverture centrale. Avec deux vitesses r\u00e9glables (1500 tr\/min - 3000 tr\/min) . robot coupe professionnel maroc\" \/>\n<meta property=\"og:url\" content=\"https:\/\/italiamachines.com\/en\/boutique\/restaurant-snack-et-pizzeria\/robocoupe\/robocoupe-20l-cutter-vertical\/\" \/>\n<meta property=\"og:site_name\" content=\"Italia Machines\" \/>\n<meta property=\"article:publisher\" content=\"https:\/\/web.facebook.com\/italiamachines\/\" \/>\n<meta property=\"article:modified_time\" content=\"2025-05-10T17:44:02+00:00\" \/>\n<meta property=\"og:image\" content=\"https:\/\/italiamachines.com\/wp-content\/uploads\/2025\/05\/R20.webp\" \/>\n\t<meta property=\"og:image:width\" content=\"322\" \/>\n\t<meta property=\"og:image:height\" content=\"580\" \/>\n\t<meta property=\"og:image:type\" content=\"image\/webp\" \/>\n<meta name=\"twitter:card\" content=\"summary_large_image\" \/>\n<meta name=\"twitter:label1\" content=\"Est. reading time\" \/>\n\t<meta name=\"twitter:data1\" content=\"1 minute\" \/>\n<script type=\"application\/ld+json\" class=\"yoast-schema-graph\">{\"@context\":\"https:\/\/schema.org\",\"@graph\":[{\"@type\":\"WebPage\",\"@id\":\"https:\/\/italiamachines.com\/boutique\/restaurant-snack-et-pizzeria\/robocoupe\/robocoupe-20l-cutter-vertical\/\",\"url\":\"https:\/\/italiamachines.com\/boutique\/restaurant-snack-et-pizzeria\/robocoupe\/robocoupe-20l-cutter-vertical\/\",\"name\":\"Robocoupe 20L - cutter vertical | Italia Machines\",\"isPartOf\":{\"@id\":\"https:\/\/italiamachines.com\/#website\"},\"primaryImageOfPage\":{\"@id\":\"https:\/\/italiamachines.com\/boutique\/restaurant-snack-et-pizzeria\/robocoupe\/robocoupe-20l-cutter-vertical\/#primaryimage\"},\"image\":{\"@id\":\"https:\/\/italiamachines.com\/boutique\/restaurant-snack-et-pizzeria\/robocoupe\/robocoupe-20l-cutter-vertical\/#primaryimage\"},\"thumbnailUrl\":\"https:\/\/italiamachines.com\/wp-content\/uploads\/2025\/05\/R20.webp\",\"datePublished\":\"2025-05-10T17:39:07+00:00\",\"dateModified\":\"2025-05-10T17:44:02+00:00\",\"description\":\"Robot Coupe professionnel \u00e0 ouverture centrale. Avec deux vitesses r\u00e9glables (1500 tr\/min - 3000 tr\/min) . robot coupe professionnel maroc\",\"breadcrumb\":{\"@id\":\"https:\/\/italiamachines.com\/boutique\/restaurant-snack-et-pizzeria\/robocoupe\/robocoupe-20l-cutter-vertical\/#breadcrumb\"},\"inLanguage\":\"en-US\",\"potentialAction\":[{\"@type\":\"ReadAction\",\"target\":[\"https:\/\/italiamachines.com\/boutique\/restaurant-snack-et-pizzeria\/robocoupe\/robocoupe-20l-cutter-vertical\/\"]}]},{\"@type\":\"ImageObject\",\"inLanguage\":\"en-US\",\"@id\":\"https:\/\/italiamachines.com\/boutique\/restaurant-snack-et-pizzeria\/robocoupe\/robocoupe-20l-cutter-vertical\/#primaryimage\",\"url\":\"https:\/\/italiamachines.com\/wp-content\/uploads\/2025\/05\/R20.webp\",\"contentUrl\":\"https:\/\/italiamachines.com\/wp-content\/uploads\/2025\/05\/R20.webp\",\"width\":322,\"height\":580},{\"@type\":\"BreadcrumbList\",\"@id\":\"https:\/\/italiamachines.com\/boutique\/restaurant-snack-et-pizzeria\/robocoupe\/robocoupe-20l-cutter-vertical\/#breadcrumb\",\"itemListElement\":[{\"@type\":\"ListItem\",\"position\":1,\"name\":\"Accueil\",\"item\":\"https:\/\/italiamachines.com\/fr_fr\/\"},{\"@type\":\"ListItem\",\"position\":2,\"name\":\"Boutique\",\"item\":\"https:\/\/italiamachines.com\/boutique\/\"},{\"@type\":\"ListItem\",\"position\":3,\"name\":\"Robocoupe 20L &#8211; cutter vertical\"}]},{\"@type\":\"WebSite\",\"@id\":\"https:\/\/italiamachines.com\/#website\",\"url\":\"https:\/\/italiamachines.com\/\",\"name\":\"Italia Machines\",\"description\":\"L&#039;art de l&#039;\u00e9quipement HORECA\",\"publisher\":{\"@id\":\"https:\/\/italiamachines.com\/#organization\"},\"potentialAction\":[{\"@type\":\"SearchAction\",\"target\":{\"@type\":\"EntryPoint\",\"urlTemplate\":\"https:\/\/italiamachines.com\/?s={search_term_string}\"},\"query-input\":{\"@type\":\"PropertyValueSpecification\",\"valueRequired\":true,\"valueName\":\"search_term_string\"}}],\"inLanguage\":\"en-US\"},{\"@type\":\"Organization\",\"@id\":\"https:\/\/italiamachines.com\/#organization\",\"name\":\"italiamachines\",\"url\":\"https:\/\/italiamachines.com\/\",\"logo\":{\"@type\":\"ImageObject\",\"inLanguage\":\"en-US\",\"@id\":\"https:\/\/italiamachines.com\/#\/schema\/logo\/image\/\",\"url\":\"https:\/\/italiamachines.com\/wp-content\/uploads\/2023\/08\/logo-web-1.png\",\"contentUrl\":\"https:\/\/italiamachines.com\/wp-content\/uploads\/2023\/08\/logo-web-1.png\",\"width\":977,\"height\":254,\"caption\":\"italiamachines\"},\"image\":{\"@id\":\"https:\/\/italiamachines.com\/#\/schema\/logo\/image\/\"},\"sameAs\":[\"https:\/\/web.facebook.com\/italiamachines\/\",\"https:\/\/www.instagram.com\/italia.machines\/\"]}]}<\/script>\n<!-- \/ Yoast SEO plugin. -->","yoast_head_json":{"title":"Robocoupe 20L - cutter vertical | Italia Machines","description":"Robot Coupe professionnel \u00e0 ouverture centrale. Avec deux vitesses r\u00e9glables (1500 tr\/min - 3000 tr\/min) . robot coupe professionnel maroc","robots":{"index":"index","follow":"follow","max-snippet":"max-snippet:-1","max-image-preview":"max-image-preview:large","max-video-preview":"max-video-preview:-1"},"canonical":"https:\/\/italiamachines.com\/en\/boutique\/restaurant-snack-et-pizzeria\/robocoupe\/robocoupe-20l-cutter-vertical\/","og_locale":"en_US","og_type":"article","og_title":"Robocoupe 20L - cutter vertical | Italia Machines","og_description":"Robot Coupe professionnel \u00e0 ouverture centrale. Avec deux vitesses r\u00e9glables (1500 tr\/min - 3000 tr\/min) . robot coupe professionnel maroc","og_url":"https:\/\/italiamachines.com\/en\/boutique\/restaurant-snack-et-pizzeria\/robocoupe\/robocoupe-20l-cutter-vertical\/","og_site_name":"Italia Machines","article_publisher":"https:\/\/web.facebook.com\/italiamachines\/","article_modified_time":"2025-05-10T17:44:02+00:00","og_image":[{"width":322,"height":580,"url":"https:\/\/italiamachines.com\/wp-content\/uploads\/2025\/05\/R20.webp","type":"image\/webp"}],"twitter_card":"summary_large_image","twitter_misc":{"Est. reading time":"1 minute"},"schema":{"@context":"https:\/\/schema.org","@graph":[{"@type":"WebPage","@id":"https:\/\/italiamachines.com\/boutique\/restaurant-snack-et-pizzeria\/robocoupe\/robocoupe-20l-cutter-vertical\/","url":"https:\/\/italiamachines.com\/boutique\/restaurant-snack-et-pizzeria\/robocoupe\/robocoupe-20l-cutter-vertical\/","name":"Robocoupe 20L - cutter vertical | Italia Machines","isPartOf":{"@id":"https:\/\/italiamachines.com\/#website"},"primaryImageOfPage":{"@id":"https:\/\/italiamachines.com\/boutique\/restaurant-snack-et-pizzeria\/robocoupe\/robocoupe-20l-cutter-vertical\/#primaryimage"},"image":{"@id":"https:\/\/italiamachines.com\/boutique\/restaurant-snack-et-pizzeria\/robocoupe\/robocoupe-20l-cutter-vertical\/#primaryimage"},"thumbnailUrl":"https:\/\/italiamachines.com\/wp-content\/uploads\/2025\/05\/R20.webp","datePublished":"2025-05-10T17:39:07+00:00","dateModified":"2025-05-10T17:44:02+00:00","description":"Robot Coupe professionnel \u00e0 ouverture centrale. Avec deux vitesses r\u00e9glables (1500 tr\/min - 3000 tr\/min) . robot coupe professionnel maroc","breadcrumb":{"@id":"https:\/\/italiamachines.com\/boutique\/restaurant-snack-et-pizzeria\/robocoupe\/robocoupe-20l-cutter-vertical\/#breadcrumb"},"inLanguage":"en-US","potentialAction":[{"@type":"ReadAction","target":["https:\/\/italiamachines.com\/boutique\/restaurant-snack-et-pizzeria\/robocoupe\/robocoupe-20l-cutter-vertical\/"]}]},{"@type":"ImageObject","inLanguage":"en-US","@id":"https:\/\/italiamachines.com\/boutique\/restaurant-snack-et-pizzeria\/robocoupe\/robocoupe-20l-cutter-vertical\/#primaryimage","url":"https:\/\/italiamachines.com\/wp-content\/uploads\/2025\/05\/R20.webp","contentUrl":"https:\/\/italiamachines.com\/wp-content\/uploads\/2025\/05\/R20.webp","width":322,"height":580},{"@type":"BreadcrumbList","@id":"https:\/\/italiamachines.com\/boutique\/restaurant-snack-et-pizzeria\/robocoupe\/robocoupe-20l-cutter-vertical\/#breadcrumb","itemListElement":[{"@type":"ListItem","position":1,"name":"Accueil","item":"https:\/\/italiamachines.com\/fr_fr\/"},{"@type":"ListItem","position":2,"name":"Boutique","item":"https:\/\/italiamachines.com\/boutique\/"},{"@type":"ListItem","position":3,"name":"Robocoupe 20L &#8211; cutter vertical"}]},{"@type":"WebSite","@id":"https:\/\/italiamachines.com\/#website","url":"https:\/\/italiamachines.com\/","name":"Italia Machines","description":"L&#039;art de l&#039;\u00e9quipement HORECA","publisher":{"@id":"https:\/\/italiamachines.com\/#organization"},"potentialAction":[{"@type":"SearchAction","target":{"@type":"EntryPoint","urlTemplate":"https:\/\/italiamachines.com\/?s={search_term_string}"},"query-input":{"@type":"PropertyValueSpecification","valueRequired":true,"valueName":"search_term_string"}}],"inLanguage":"en-US"},{"@type":"Organization","@id":"https:\/\/italiamachines.com\/#organization","name":"italiamachines","url":"https:\/\/italiamachines.com\/","logo":{"@type":"ImageObject","inLanguage":"en-US","@id":"https:\/\/italiamachines.com\/#\/schema\/logo\/image\/","url":"https:\/\/italiamachines.com\/wp-content\/uploads\/2023\/08\/logo-web-1.png","contentUrl":"https:\/\/italiamachines.com\/wp-content\/uploads\/2023\/08\/logo-web-1.png","width":977,"height":254,"caption":"italiamachines"},"image":{"@id":"https:\/\/italiamachines.com\/#\/schema\/logo\/image\/"},"sameAs":["https:\/\/web.facebook.com\/italiamachines\/","https:\/\/www.instagram.com\/italia.machines\/"]}]}},"_links":{"self":[{"href":"https:\/\/italiamachines.com\/en\/wp-json\/wp\/v2\/product\/11156","targetHints":{"allow":["GET"]}}],"collection":[{"href":"https:\/\/italiamachines.com\/en\/wp-json\/wp\/v2\/product"}],"about":[{"href":"https:\/\/italiamachines.com\/en\/wp-json\/wp\/v2\/types\/product"}],"replies":[{"embeddable":true,"href":"https:\/\/italiamachines.com\/en\/wp-json\/wp\/v2\/comments?post=11156"}],"wp:featuredmedia":[{"embeddable":true,"href":"https:\/\/italiamachines.com\/en\/wp-json\/wp\/v2\/media\/11157"}],"wp:attachment":[{"href":"https:\/\/italiamachines.com\/en\/wp-json\/wp\/v2\/media?parent=11156"}],"wp:term":[{"taxonomy":"product_cat","embeddable":true,"href":"https:\/\/italiamachines.com\/en\/wp-json\/wp\/v2\/product_cat?post=11156"},{"taxonomy":"product_tag","embeddable":true,"href":"https:\/\/italiamachines.com\/en\/wp-json\/wp\/v2\/product_tag?post=11156"}],"curies":[{"name":"wp","href":"https:\/\/api.w.org\/{rel}","templated":true}]}}