{"id":11172,"date":"2025-05-15T17:08:13","date_gmt":"2025-05-15T15:08:13","guid":{"rendered":"https:\/\/italiamachines.com\/?post_type=product&#038;p=11172"},"modified":"2025-05-15T17:12:58","modified_gmt":"2025-05-15T15:12:58","slug":"vitrine-bar-compacte-a-3-portes-par-klimasan","status":"publish","type":"product","link":"https:\/\/italiamachines.com\/en\/boutique\/cafe-glacier-lecheria\/cafe-lecheria\/vitrine-posable\/vitrine-bar-compacte-a-3-portes-par-klimasan\/","title":{"rendered":"Vitrine bar compacte \u00e0 3 portes \u2013 par Klimasan"},"content":{"rendered":"<p>Corps : Acier durable<br \/>\nConception : Compacte<br \/>\nRefroidissement : Dynamique<br \/>\nThermom\u00e8tre : Num\u00e9rique<br \/>\nTemp\u00e9rature de fonctionnement : 0 \/ +10\u202f\u00b0C (plage pr\u00e9cis\u00e9e aussi +1 \/ +9\u202f\u00b0C dans la fiche technique)<\/p>\n<p>Volume brut \/ net : 342 L \/ 284 L<br \/>\nDimensions ext\u00e9rieures (LxPxH) : 1350 x 509 x 890 mm<br \/>\nDimensions int\u00e9rieures (LxPxH) : 1267 x 338 x 751 mm<br \/>\nFacing : 19 bouteilles ou canettes (330 ml \/ 500 ml en frontal)<br \/>\nCapacit\u00e9 de chargement totale : 370 \/ 200 canettes (330 ml \/ 500 ml)<br \/>\nNombre d&rsquo;\u00e9tag\u00e8res : 2<br \/>\nConditions ambiantes id\u00e9ales : CC2<br \/>\nR\u00e9frig\u00e9rant : R600a<br \/>\nClasse \u00e9nerg\u00e9tique \/ consommation : C \/ 1,356 kWh par jour<\/p>","protected":false},"excerpt":{"rendered":"<p>Corps : Acier durable Conception : Compacte Refroidissement : Dynamique Thermom\u00e8tre : Num\u00e9rique Temp\u00e9rature de fonctionnement : 0 \/ +10\u202f\u00b0C (plage pr\u00e9cis\u00e9e aussi +1 \/ +9\u202f\u00b0C dans la fiche technique) Volume brut \/ net : 342 L \/ 284 L Dimensions ext\u00e9rieures (LxPxH) : 1350 x 509 x 890 mm Dimensions int\u00e9rieures (LxPxH) : 1267&hellip;<\/p>","protected":false},"featured_media":11173,"comment_status":"open","ping_status":"closed","template":"","meta":[],"product_cat":[160,65,244],"product_tag":[],"class_list":{"0":"post-11172","1":"product","2":"type-product","3":"status-publish","4":"has-post-thumbnail","6":"product_cat-cafe-lecheria","7":"product_cat-cafe-glacier-lecheria","8":"product_cat-vitrine-posable","10":"first","11":"instock","12":"shipping-taxable","13":"purchasable","14":"product-type-simple","15":"col-xs-6 col-sm-4","16":"col-md-3 col-lg-3","17":"un-4-cols"},"yoast_head":"<!-- This site is optimized with the Yoast SEO plugin v26.6 - https:\/\/yoast.com\/wordpress\/plugins\/seo\/ -->\n<title>Vitrine bar compacte \u00e0 3 portes \u2013 par Klimasan | Italia Machines<\/title>\n<meta name=\"robots\" content=\"index, follow, max-snippet:-1, max-image-preview:large, max-video-preview:-1\" \/>\n<link rel=\"canonical\" href=\"https:\/\/italiamachines.com\/en\/boutique\/cafe-glacier-lecheria\/cafe-lecheria\/vitrine-posable\/vitrine-bar-compacte-a-3-portes-par-klimasan\/\" \/>\n<meta property=\"og:locale\" content=\"en_US\" \/>\n<meta property=\"og:type\" content=\"article\" \/>\n<meta property=\"og:title\" content=\"Vitrine bar compacte \u00e0 3 portes \u2013 par Klimasan | Italia Machines\" \/>\n<meta property=\"og:description\" content=\"Corps : Acier durable Conception : Compacte Refroidissement : Dynamique Thermom\u00e8tre : Num\u00e9rique Temp\u00e9rature de fonctionnement : 0 \/ +10\u202f\u00b0C (plage pr\u00e9cis\u00e9e aussi +1 \/ +9\u202f\u00b0C dans la fiche technique) Volume brut \/ net : 342 L \/ 284 L Dimensions ext\u00e9rieures (LxPxH) : 1350 x 509 x 890 mm Dimensions int\u00e9rieures (LxPxH) : 1267&hellip;\" \/>\n<meta property=\"og:url\" content=\"https:\/\/italiamachines.com\/en\/boutique\/cafe-glacier-lecheria\/cafe-lecheria\/vitrine-posable\/vitrine-bar-compacte-a-3-portes-par-klimasan\/\" \/>\n<meta property=\"og:site_name\" content=\"Italia Machines\" \/>\n<meta property=\"article:publisher\" content=\"https:\/\/web.facebook.com\/italiamachines\/\" \/>\n<meta property=\"article:modified_time\" content=\"2025-05-15T15:12:58+00:00\" \/>\n<meta property=\"og:image\" content=\"https:\/\/italiamachines.com\/wp-content\/uploads\/2025\/05\/S340-BB.jpg\" \/>\n\t<meta property=\"og:image:width\" content=\"800\" \/>\n\t<meta property=\"og:image:height\" content=\"800\" \/>\n\t<meta property=\"og:image:type\" content=\"image\/jpeg\" \/>\n<meta name=\"twitter:card\" content=\"summary_large_image\" \/>\n<meta name=\"twitter:label1\" content=\"Est. reading time\" \/>\n\t<meta name=\"twitter:data1\" content=\"1 minute\" \/>\n<script type=\"application\/ld+json\" class=\"yoast-schema-graph\">{\"@context\":\"https:\/\/schema.org\",\"@graph\":[{\"@type\":\"WebPage\",\"@id\":\"https:\/\/italiamachines.com\/boutique\/cafe-glacier-lecheria\/cafe-lecheria\/vitrine-posable\/vitrine-bar-compacte-a-3-portes-par-klimasan\/\",\"url\":\"https:\/\/italiamachines.com\/boutique\/cafe-glacier-lecheria\/cafe-lecheria\/vitrine-posable\/vitrine-bar-compacte-a-3-portes-par-klimasan\/\",\"name\":\"Vitrine bar compacte \u00e0 3 portes \u2013 par Klimasan | Italia Machines\",\"isPartOf\":{\"@id\":\"https:\/\/italiamachines.com\/#website\"},\"primaryImageOfPage\":{\"@id\":\"https:\/\/italiamachines.com\/boutique\/cafe-glacier-lecheria\/cafe-lecheria\/vitrine-posable\/vitrine-bar-compacte-a-3-portes-par-klimasan\/#primaryimage\"},\"image\":{\"@id\":\"https:\/\/italiamachines.com\/boutique\/cafe-glacier-lecheria\/cafe-lecheria\/vitrine-posable\/vitrine-bar-compacte-a-3-portes-par-klimasan\/#primaryimage\"},\"thumbnailUrl\":\"https:\/\/italiamachines.com\/wp-content\/uploads\/2025\/05\/S340-BB.jpg\",\"datePublished\":\"2025-05-15T15:08:13+00:00\",\"dateModified\":\"2025-05-15T15:12:58+00:00\",\"breadcrumb\":{\"@id\":\"https:\/\/italiamachines.com\/boutique\/cafe-glacier-lecheria\/cafe-lecheria\/vitrine-posable\/vitrine-bar-compacte-a-3-portes-par-klimasan\/#breadcrumb\"},\"inLanguage\":\"en-US\",\"potentialAction\":[{\"@type\":\"ReadAction\",\"target\":[\"https:\/\/italiamachines.com\/boutique\/cafe-glacier-lecheria\/cafe-lecheria\/vitrine-posable\/vitrine-bar-compacte-a-3-portes-par-klimasan\/\"]}]},{\"@type\":\"ImageObject\",\"inLanguage\":\"en-US\",\"@id\":\"https:\/\/italiamachines.com\/boutique\/cafe-glacier-lecheria\/cafe-lecheria\/vitrine-posable\/vitrine-bar-compacte-a-3-portes-par-klimasan\/#primaryimage\",\"url\":\"https:\/\/italiamachines.com\/wp-content\/uploads\/2025\/05\/S340-BB.jpg\",\"contentUrl\":\"https:\/\/italiamachines.com\/wp-content\/uploads\/2025\/05\/S340-BB.jpg\",\"width\":800,\"height\":800},{\"@type\":\"BreadcrumbList\",\"@id\":\"https:\/\/italiamachines.com\/boutique\/cafe-glacier-lecheria\/cafe-lecheria\/vitrine-posable\/vitrine-bar-compacte-a-3-portes-par-klimasan\/#breadcrumb\",\"itemListElement\":[{\"@type\":\"ListItem\",\"position\":1,\"name\":\"Accueil\",\"item\":\"https:\/\/italiamachines.com\/fr_fr\/\"},{\"@type\":\"ListItem\",\"position\":2,\"name\":\"Boutique\",\"item\":\"https:\/\/italiamachines.com\/boutique\/\"},{\"@type\":\"ListItem\",\"position\":3,\"name\":\"Vitrine bar compacte \u00e0 3 portes \u2013 par Klimasan\"}]},{\"@type\":\"WebSite\",\"@id\":\"https:\/\/italiamachines.com\/#website\",\"url\":\"https:\/\/italiamachines.com\/\",\"name\":\"Italia Machines\",\"description\":\"L&#039;art de l&#039;\u00e9quipement HORECA\",\"publisher\":{\"@id\":\"https:\/\/italiamachines.com\/#organization\"},\"potentialAction\":[{\"@type\":\"SearchAction\",\"target\":{\"@type\":\"EntryPoint\",\"urlTemplate\":\"https:\/\/italiamachines.com\/?s={search_term_string}\"},\"query-input\":{\"@type\":\"PropertyValueSpecification\",\"valueRequired\":true,\"valueName\":\"search_term_string\"}}],\"inLanguage\":\"en-US\"},{\"@type\":\"Organization\",\"@id\":\"https:\/\/italiamachines.com\/#organization\",\"name\":\"italiamachines\",\"url\":\"https:\/\/italiamachines.com\/\",\"logo\":{\"@type\":\"ImageObject\",\"inLanguage\":\"en-US\",\"@id\":\"https:\/\/italiamachines.com\/#\/schema\/logo\/image\/\",\"url\":\"https:\/\/italiamachines.com\/wp-content\/uploads\/2023\/08\/logo-web-1.png\",\"contentUrl\":\"https:\/\/italiamachines.com\/wp-content\/uploads\/2023\/08\/logo-web-1.png\",\"width\":977,\"height\":254,\"caption\":\"italiamachines\"},\"image\":{\"@id\":\"https:\/\/italiamachines.com\/#\/schema\/logo\/image\/\"},\"sameAs\":[\"https:\/\/web.facebook.com\/italiamachines\/\",\"https:\/\/www.instagram.com\/italia.machines\/\"]}]}<\/script>\n<!-- \/ Yoast SEO plugin. -->","yoast_head_json":{"title":"Vitrine bar compacte \u00e0 3 portes \u2013 par Klimasan | Italia Machines","robots":{"index":"index","follow":"follow","max-snippet":"max-snippet:-1","max-image-preview":"max-image-preview:large","max-video-preview":"max-video-preview:-1"},"canonical":"https:\/\/italiamachines.com\/en\/boutique\/cafe-glacier-lecheria\/cafe-lecheria\/vitrine-posable\/vitrine-bar-compacte-a-3-portes-par-klimasan\/","og_locale":"en_US","og_type":"article","og_title":"Vitrine bar compacte \u00e0 3 portes \u2013 par Klimasan | Italia Machines","og_description":"Corps : Acier durable Conception : Compacte Refroidissement : Dynamique Thermom\u00e8tre : Num\u00e9rique Temp\u00e9rature de fonctionnement : 0 \/ +10\u202f\u00b0C (plage pr\u00e9cis\u00e9e aussi +1 \/ +9\u202f\u00b0C dans la fiche technique) Volume brut \/ net : 342 L \/ 284 L Dimensions ext\u00e9rieures (LxPxH) : 1350 x 509 x 890 mm Dimensions int\u00e9rieures (LxPxH) : 1267&hellip;","og_url":"https:\/\/italiamachines.com\/en\/boutique\/cafe-glacier-lecheria\/cafe-lecheria\/vitrine-posable\/vitrine-bar-compacte-a-3-portes-par-klimasan\/","og_site_name":"Italia Machines","article_publisher":"https:\/\/web.facebook.com\/italiamachines\/","article_modified_time":"2025-05-15T15:12:58+00:00","og_image":[{"width":800,"height":800,"url":"https:\/\/italiamachines.com\/wp-content\/uploads\/2025\/05\/S340-BB.jpg","type":"image\/jpeg"}],"twitter_card":"summary_large_image","twitter_misc":{"Est. reading time":"1 minute"},"schema":{"@context":"https:\/\/schema.org","@graph":[{"@type":"WebPage","@id":"https:\/\/italiamachines.com\/boutique\/cafe-glacier-lecheria\/cafe-lecheria\/vitrine-posable\/vitrine-bar-compacte-a-3-portes-par-klimasan\/","url":"https:\/\/italiamachines.com\/boutique\/cafe-glacier-lecheria\/cafe-lecheria\/vitrine-posable\/vitrine-bar-compacte-a-3-portes-par-klimasan\/","name":"Vitrine bar compacte \u00e0 3 portes \u2013 par Klimasan | Italia Machines","isPartOf":{"@id":"https:\/\/italiamachines.com\/#website"},"primaryImageOfPage":{"@id":"https:\/\/italiamachines.com\/boutique\/cafe-glacier-lecheria\/cafe-lecheria\/vitrine-posable\/vitrine-bar-compacte-a-3-portes-par-klimasan\/#primaryimage"},"image":{"@id":"https:\/\/italiamachines.com\/boutique\/cafe-glacier-lecheria\/cafe-lecheria\/vitrine-posable\/vitrine-bar-compacte-a-3-portes-par-klimasan\/#primaryimage"},"thumbnailUrl":"https:\/\/italiamachines.com\/wp-content\/uploads\/2025\/05\/S340-BB.jpg","datePublished":"2025-05-15T15:08:13+00:00","dateModified":"2025-05-15T15:12:58+00:00","breadcrumb":{"@id":"https:\/\/italiamachines.com\/boutique\/cafe-glacier-lecheria\/cafe-lecheria\/vitrine-posable\/vitrine-bar-compacte-a-3-portes-par-klimasan\/#breadcrumb"},"inLanguage":"en-US","potentialAction":[{"@type":"ReadAction","target":["https:\/\/italiamachines.com\/boutique\/cafe-glacier-lecheria\/cafe-lecheria\/vitrine-posable\/vitrine-bar-compacte-a-3-portes-par-klimasan\/"]}]},{"@type":"ImageObject","inLanguage":"en-US","@id":"https:\/\/italiamachines.com\/boutique\/cafe-glacier-lecheria\/cafe-lecheria\/vitrine-posable\/vitrine-bar-compacte-a-3-portes-par-klimasan\/#primaryimage","url":"https:\/\/italiamachines.com\/wp-content\/uploads\/2025\/05\/S340-BB.jpg","contentUrl":"https:\/\/italiamachines.com\/wp-content\/uploads\/2025\/05\/S340-BB.jpg","width":800,"height":800},{"@type":"BreadcrumbList","@id":"https:\/\/italiamachines.com\/boutique\/cafe-glacier-lecheria\/cafe-lecheria\/vitrine-posable\/vitrine-bar-compacte-a-3-portes-par-klimasan\/#breadcrumb","itemListElement":[{"@type":"ListItem","position":1,"name":"Accueil","item":"https:\/\/italiamachines.com\/fr_fr\/"},{"@type":"ListItem","position":2,"name":"Boutique","item":"https:\/\/italiamachines.com\/boutique\/"},{"@type":"ListItem","position":3,"name":"Vitrine bar compacte \u00e0 3 portes \u2013 par Klimasan"}]},{"@type":"WebSite","@id":"https:\/\/italiamachines.com\/#website","url":"https:\/\/italiamachines.com\/","name":"Italia Machines","description":"L&#039;art de l&#039;\u00e9quipement HORECA","publisher":{"@id":"https:\/\/italiamachines.com\/#organization"},"potentialAction":[{"@type":"SearchAction","target":{"@type":"EntryPoint","urlTemplate":"https:\/\/italiamachines.com\/?s={search_term_string}"},"query-input":{"@type":"PropertyValueSpecification","valueRequired":true,"valueName":"search_term_string"}}],"inLanguage":"en-US"},{"@type":"Organization","@id":"https:\/\/italiamachines.com\/#organization","name":"italiamachines","url":"https:\/\/italiamachines.com\/","logo":{"@type":"ImageObject","inLanguage":"en-US","@id":"https:\/\/italiamachines.com\/#\/schema\/logo\/image\/","url":"https:\/\/italiamachines.com\/wp-content\/uploads\/2023\/08\/logo-web-1.png","contentUrl":"https:\/\/italiamachines.com\/wp-content\/uploads\/2023\/08\/logo-web-1.png","width":977,"height":254,"caption":"italiamachines"},"image":{"@id":"https:\/\/italiamachines.com\/#\/schema\/logo\/image\/"},"sameAs":["https:\/\/web.facebook.com\/italiamachines\/","https:\/\/www.instagram.com\/italia.machines\/"]}]}},"_links":{"self":[{"href":"https:\/\/italiamachines.com\/en\/wp-json\/wp\/v2\/product\/11172","targetHints":{"allow":["GET"]}}],"collection":[{"href":"https:\/\/italiamachines.com\/en\/wp-json\/wp\/v2\/product"}],"about":[{"href":"https:\/\/italiamachines.com\/en\/wp-json\/wp\/v2\/types\/product"}],"replies":[{"embeddable":true,"href":"https:\/\/italiamachines.com\/en\/wp-json\/wp\/v2\/comments?post=11172"}],"wp:featuredmedia":[{"embeddable":true,"href":"https:\/\/italiamachines.com\/en\/wp-json\/wp\/v2\/media\/11173"}],"wp:attachment":[{"href":"https:\/\/italiamachines.com\/en\/wp-json\/wp\/v2\/media?parent=11172"}],"wp:term":[{"taxonomy":"product_cat","embeddable":true,"href":"https:\/\/italiamachines.com\/en\/wp-json\/wp\/v2\/product_cat?post=11172"},{"taxonomy":"product_tag","embeddable":true,"href":"https:\/\/italiamachines.com\/en\/wp-json\/wp\/v2\/product_tag?post=11172"}],"curies":[{"name":"wp","href":"https:\/\/api.w.org\/{rel}","templated":true}]}}