{"id":11176,"date":"2025-05-15T17:31:31","date_gmt":"2025-05-15T15:31:31","guid":{"rendered":"https:\/\/italiamachines.com\/?post_type=product&#038;p=11176"},"modified":"2025-05-15T17:36:26","modified_gmt":"2025-05-15T15:36:26","slug":"mini-bar-refrigere-par-klimasan","status":"publish","type":"product","link":"https:\/\/italiamachines.com\/en\/boutique\/cafe-glacier-lecheria\/cafe-lecheria\/vitrine-posable\/mini-bar-refrigere-par-klimasan\/","title":{"rendered":"Mini Bar R\u00e9frig\u00e9r\u00e9 \u2013 par Klimasan"},"content":{"rendered":"<p>Temp\u00e9rature de fonctionnement : 0\/+10\u202f\u00b0C<br \/>\nPoids net : 26 kg<br \/>\nDimensions ext\u00e9rieures (LxPxH) : 410 x 390 x 620 mm<br \/>\nDimensions int\u00e9rieures (LxPxH) : 350 x 285 x 520 mm<br \/>\nVolume brut \/ net : 46 \/ 41 litres<br \/>\nCapacit\u00e9 de chargement : Facing (330 ml \/ 500 ml) : 5<br \/>\nCapacit\u00e9 de chargement (330 ml \/ 500 ml) : 46 \/ 23 bouteilles<br \/>\nNombre d\u2019\u00e9tag\u00e8res : 1<br \/>\nPlage de temp\u00e9rature : +1 \/ +9 \u00b0C<br \/>\nCondition ambiante : CC2<br \/>\nR\u00e9frig\u00e9rant : R600a<br \/>\nClasse \u00e9nerg\u00e9tique \/ Consommation : C \/ 0,822 kWh\/jour<\/p>","protected":false},"excerpt":{"rendered":"<p>Temp\u00e9rature de fonctionnement : 0\/+10\u202f\u00b0C Poids net : 26 kg Dimensions ext\u00e9rieures (LxPxH) : 410 x 390 x 620 mm Dimensions int\u00e9rieures (LxPxH) : 350 x 285 x 520 mm Volume brut \/ net : 46 \/ 41 litres Capacit\u00e9 de chargement : Facing (330 ml \/ 500 ml) : 5 Capacit\u00e9 de chargement (330&hellip;<\/p>","protected":false},"featured_media":11177,"comment_status":"open","ping_status":"closed","template":"","meta":[],"product_cat":[160,65,244],"product_tag":[],"class_list":{"0":"post-11176","1":"product","2":"type-product","3":"status-publish","4":"has-post-thumbnail","6":"product_cat-cafe-lecheria","7":"product_cat-cafe-glacier-lecheria","8":"product_cat-vitrine-posable","10":"first","11":"instock","12":"shipping-taxable","13":"purchasable","14":"product-type-simple","15":"col-xs-6 col-sm-4","16":"col-md-3 col-lg-3","17":"un-4-cols"},"yoast_head":"<!-- This site is optimized with the Yoast SEO plugin v26.6 - https:\/\/yoast.com\/wordpress\/plugins\/seo\/ -->\n<title>Mini Bar R\u00e9frig\u00e9r\u00e9 \u2013 par Klimasan | Italia Machines<\/title>\n<meta name=\"robots\" content=\"index, follow, max-snippet:-1, max-image-preview:large, max-video-preview:-1\" \/>\n<link rel=\"canonical\" href=\"https:\/\/italiamachines.com\/en\/boutique\/cafe-glacier-lecheria\/cafe-lecheria\/vitrine-posable\/mini-bar-refrigere-par-klimasan\/\" \/>\n<meta property=\"og:locale\" content=\"en_US\" \/>\n<meta property=\"og:type\" content=\"article\" \/>\n<meta property=\"og:title\" content=\"Mini Bar R\u00e9frig\u00e9r\u00e9 \u2013 par Klimasan | Italia Machines\" \/>\n<meta property=\"og:description\" content=\"Temp\u00e9rature de fonctionnement : 0\/+10\u202f\u00b0C Poids net : 26 kg Dimensions ext\u00e9rieures (LxPxH) : 410 x 390 x 620 mm Dimensions int\u00e9rieures (LxPxH) : 350 x 285 x 520 mm Volume brut \/ net : 46 \/ 41 litres Capacit\u00e9 de chargement : Facing (330 ml \/ 500 ml) : 5 Capacit\u00e9 de chargement (330&hellip;\" \/>\n<meta property=\"og:url\" content=\"https:\/\/italiamachines.com\/en\/boutique\/cafe-glacier-lecheria\/cafe-lecheria\/vitrine-posable\/mini-bar-refrigere-par-klimasan\/\" \/>\n<meta property=\"og:site_name\" content=\"Italia Machines\" \/>\n<meta property=\"article:publisher\" content=\"https:\/\/web.facebook.com\/italiamachines\/\" \/>\n<meta property=\"article:modified_time\" content=\"2025-05-15T15:36:26+00:00\" \/>\n<meta property=\"og:image\" content=\"https:\/\/italiamachines.com\/wp-content\/uploads\/2025\/05\/S45.jpg\" \/>\n\t<meta property=\"og:image:width\" content=\"800\" \/>\n\t<meta property=\"og:image:height\" content=\"800\" \/>\n\t<meta property=\"og:image:type\" content=\"image\/jpeg\" \/>\n<meta name=\"twitter:card\" content=\"summary_large_image\" \/>\n<meta name=\"twitter:label1\" content=\"Est. reading time\" \/>\n\t<meta name=\"twitter:data1\" content=\"1 minute\" \/>\n<script type=\"application\/ld+json\" class=\"yoast-schema-graph\">{\"@context\":\"https:\/\/schema.org\",\"@graph\":[{\"@type\":\"WebPage\",\"@id\":\"https:\/\/italiamachines.com\/boutique\/cafe-glacier-lecheria\/cafe-lecheria\/vitrine-posable\/mini-bar-refrigere-par-klimasan\/\",\"url\":\"https:\/\/italiamachines.com\/boutique\/cafe-glacier-lecheria\/cafe-lecheria\/vitrine-posable\/mini-bar-refrigere-par-klimasan\/\",\"name\":\"Mini Bar R\u00e9frig\u00e9r\u00e9 \u2013 par Klimasan | Italia Machines\",\"isPartOf\":{\"@id\":\"https:\/\/italiamachines.com\/#website\"},\"primaryImageOfPage\":{\"@id\":\"https:\/\/italiamachines.com\/boutique\/cafe-glacier-lecheria\/cafe-lecheria\/vitrine-posable\/mini-bar-refrigere-par-klimasan\/#primaryimage\"},\"image\":{\"@id\":\"https:\/\/italiamachines.com\/boutique\/cafe-glacier-lecheria\/cafe-lecheria\/vitrine-posable\/mini-bar-refrigere-par-klimasan\/#primaryimage\"},\"thumbnailUrl\":\"https:\/\/italiamachines.com\/wp-content\/uploads\/2025\/05\/S45.jpg\",\"datePublished\":\"2025-05-15T15:31:31+00:00\",\"dateModified\":\"2025-05-15T15:36:26+00:00\",\"breadcrumb\":{\"@id\":\"https:\/\/italiamachines.com\/boutique\/cafe-glacier-lecheria\/cafe-lecheria\/vitrine-posable\/mini-bar-refrigere-par-klimasan\/#breadcrumb\"},\"inLanguage\":\"en-US\",\"potentialAction\":[{\"@type\":\"ReadAction\",\"target\":[\"https:\/\/italiamachines.com\/boutique\/cafe-glacier-lecheria\/cafe-lecheria\/vitrine-posable\/mini-bar-refrigere-par-klimasan\/\"]}]},{\"@type\":\"ImageObject\",\"inLanguage\":\"en-US\",\"@id\":\"https:\/\/italiamachines.com\/boutique\/cafe-glacier-lecheria\/cafe-lecheria\/vitrine-posable\/mini-bar-refrigere-par-klimasan\/#primaryimage\",\"url\":\"https:\/\/italiamachines.com\/wp-content\/uploads\/2025\/05\/S45.jpg\",\"contentUrl\":\"https:\/\/italiamachines.com\/wp-content\/uploads\/2025\/05\/S45.jpg\",\"width\":800,\"height\":800},{\"@type\":\"BreadcrumbList\",\"@id\":\"https:\/\/italiamachines.com\/boutique\/cafe-glacier-lecheria\/cafe-lecheria\/vitrine-posable\/mini-bar-refrigere-par-klimasan\/#breadcrumb\",\"itemListElement\":[{\"@type\":\"ListItem\",\"position\":1,\"name\":\"Accueil\",\"item\":\"https:\/\/italiamachines.com\/fr_fr\/\"},{\"@type\":\"ListItem\",\"position\":2,\"name\":\"Boutique\",\"item\":\"https:\/\/italiamachines.com\/boutique\/\"},{\"@type\":\"ListItem\",\"position\":3,\"name\":\"Mini Bar R\u00e9frig\u00e9r\u00e9 \u2013 par Klimasan\"}]},{\"@type\":\"WebSite\",\"@id\":\"https:\/\/italiamachines.com\/#website\",\"url\":\"https:\/\/italiamachines.com\/\",\"name\":\"Italia Machines\",\"description\":\"L&#039;art de l&#039;\u00e9quipement HORECA\",\"publisher\":{\"@id\":\"https:\/\/italiamachines.com\/#organization\"},\"potentialAction\":[{\"@type\":\"SearchAction\",\"target\":{\"@type\":\"EntryPoint\",\"urlTemplate\":\"https:\/\/italiamachines.com\/?s={search_term_string}\"},\"query-input\":{\"@type\":\"PropertyValueSpecification\",\"valueRequired\":true,\"valueName\":\"search_term_string\"}}],\"inLanguage\":\"en-US\"},{\"@type\":\"Organization\",\"@id\":\"https:\/\/italiamachines.com\/#organization\",\"name\":\"italiamachines\",\"url\":\"https:\/\/italiamachines.com\/\",\"logo\":{\"@type\":\"ImageObject\",\"inLanguage\":\"en-US\",\"@id\":\"https:\/\/italiamachines.com\/#\/schema\/logo\/image\/\",\"url\":\"https:\/\/italiamachines.com\/wp-content\/uploads\/2023\/08\/logo-web-1.png\",\"contentUrl\":\"https:\/\/italiamachines.com\/wp-content\/uploads\/2023\/08\/logo-web-1.png\",\"width\":977,\"height\":254,\"caption\":\"italiamachines\"},\"image\":{\"@id\":\"https:\/\/italiamachines.com\/#\/schema\/logo\/image\/\"},\"sameAs\":[\"https:\/\/web.facebook.com\/italiamachines\/\",\"https:\/\/www.instagram.com\/italia.machines\/\"]}]}<\/script>\n<!-- \/ Yoast SEO plugin. -->","yoast_head_json":{"title":"Mini Bar R\u00e9frig\u00e9r\u00e9 \u2013 par Klimasan | Italia Machines","robots":{"index":"index","follow":"follow","max-snippet":"max-snippet:-1","max-image-preview":"max-image-preview:large","max-video-preview":"max-video-preview:-1"},"canonical":"https:\/\/italiamachines.com\/en\/boutique\/cafe-glacier-lecheria\/cafe-lecheria\/vitrine-posable\/mini-bar-refrigere-par-klimasan\/","og_locale":"en_US","og_type":"article","og_title":"Mini Bar R\u00e9frig\u00e9r\u00e9 \u2013 par Klimasan | Italia Machines","og_description":"Temp\u00e9rature de fonctionnement : 0\/+10\u202f\u00b0C Poids net : 26 kg Dimensions ext\u00e9rieures (LxPxH) : 410 x 390 x 620 mm Dimensions int\u00e9rieures (LxPxH) : 350 x 285 x 520 mm Volume brut \/ net : 46 \/ 41 litres Capacit\u00e9 de chargement : Facing (330 ml \/ 500 ml) : 5 Capacit\u00e9 de chargement (330&hellip;","og_url":"https:\/\/italiamachines.com\/en\/boutique\/cafe-glacier-lecheria\/cafe-lecheria\/vitrine-posable\/mini-bar-refrigere-par-klimasan\/","og_site_name":"Italia Machines","article_publisher":"https:\/\/web.facebook.com\/italiamachines\/","article_modified_time":"2025-05-15T15:36:26+00:00","og_image":[{"width":800,"height":800,"url":"https:\/\/italiamachines.com\/wp-content\/uploads\/2025\/05\/S45.jpg","type":"image\/jpeg"}],"twitter_card":"summary_large_image","twitter_misc":{"Est. reading time":"1 minute"},"schema":{"@context":"https:\/\/schema.org","@graph":[{"@type":"WebPage","@id":"https:\/\/italiamachines.com\/boutique\/cafe-glacier-lecheria\/cafe-lecheria\/vitrine-posable\/mini-bar-refrigere-par-klimasan\/","url":"https:\/\/italiamachines.com\/boutique\/cafe-glacier-lecheria\/cafe-lecheria\/vitrine-posable\/mini-bar-refrigere-par-klimasan\/","name":"Mini Bar R\u00e9frig\u00e9r\u00e9 \u2013 par Klimasan | Italia Machines","isPartOf":{"@id":"https:\/\/italiamachines.com\/#website"},"primaryImageOfPage":{"@id":"https:\/\/italiamachines.com\/boutique\/cafe-glacier-lecheria\/cafe-lecheria\/vitrine-posable\/mini-bar-refrigere-par-klimasan\/#primaryimage"},"image":{"@id":"https:\/\/italiamachines.com\/boutique\/cafe-glacier-lecheria\/cafe-lecheria\/vitrine-posable\/mini-bar-refrigere-par-klimasan\/#primaryimage"},"thumbnailUrl":"https:\/\/italiamachines.com\/wp-content\/uploads\/2025\/05\/S45.jpg","datePublished":"2025-05-15T15:31:31+00:00","dateModified":"2025-05-15T15:36:26+00:00","breadcrumb":{"@id":"https:\/\/italiamachines.com\/boutique\/cafe-glacier-lecheria\/cafe-lecheria\/vitrine-posable\/mini-bar-refrigere-par-klimasan\/#breadcrumb"},"inLanguage":"en-US","potentialAction":[{"@type":"ReadAction","target":["https:\/\/italiamachines.com\/boutique\/cafe-glacier-lecheria\/cafe-lecheria\/vitrine-posable\/mini-bar-refrigere-par-klimasan\/"]}]},{"@type":"ImageObject","inLanguage":"en-US","@id":"https:\/\/italiamachines.com\/boutique\/cafe-glacier-lecheria\/cafe-lecheria\/vitrine-posable\/mini-bar-refrigere-par-klimasan\/#primaryimage","url":"https:\/\/italiamachines.com\/wp-content\/uploads\/2025\/05\/S45.jpg","contentUrl":"https:\/\/italiamachines.com\/wp-content\/uploads\/2025\/05\/S45.jpg","width":800,"height":800},{"@type":"BreadcrumbList","@id":"https:\/\/italiamachines.com\/boutique\/cafe-glacier-lecheria\/cafe-lecheria\/vitrine-posable\/mini-bar-refrigere-par-klimasan\/#breadcrumb","itemListElement":[{"@type":"ListItem","position":1,"name":"Accueil","item":"https:\/\/italiamachines.com\/fr_fr\/"},{"@type":"ListItem","position":2,"name":"Boutique","item":"https:\/\/italiamachines.com\/boutique\/"},{"@type":"ListItem","position":3,"name":"Mini Bar R\u00e9frig\u00e9r\u00e9 \u2013 par Klimasan"}]},{"@type":"WebSite","@id":"https:\/\/italiamachines.com\/#website","url":"https:\/\/italiamachines.com\/","name":"Italia Machines","description":"L&#039;art de l&#039;\u00e9quipement HORECA","publisher":{"@id":"https:\/\/italiamachines.com\/#organization"},"potentialAction":[{"@type":"SearchAction","target":{"@type":"EntryPoint","urlTemplate":"https:\/\/italiamachines.com\/?s={search_term_string}"},"query-input":{"@type":"PropertyValueSpecification","valueRequired":true,"valueName":"search_term_string"}}],"inLanguage":"en-US"},{"@type":"Organization","@id":"https:\/\/italiamachines.com\/#organization","name":"italiamachines","url":"https:\/\/italiamachines.com\/","logo":{"@type":"ImageObject","inLanguage":"en-US","@id":"https:\/\/italiamachines.com\/#\/schema\/logo\/image\/","url":"https:\/\/italiamachines.com\/wp-content\/uploads\/2023\/08\/logo-web-1.png","contentUrl":"https:\/\/italiamachines.com\/wp-content\/uploads\/2023\/08\/logo-web-1.png","width":977,"height":254,"caption":"italiamachines"},"image":{"@id":"https:\/\/italiamachines.com\/#\/schema\/logo\/image\/"},"sameAs":["https:\/\/web.facebook.com\/italiamachines\/","https:\/\/www.instagram.com\/italia.machines\/"]}]}},"_links":{"self":[{"href":"https:\/\/italiamachines.com\/en\/wp-json\/wp\/v2\/product\/11176","targetHints":{"allow":["GET"]}}],"collection":[{"href":"https:\/\/italiamachines.com\/en\/wp-json\/wp\/v2\/product"}],"about":[{"href":"https:\/\/italiamachines.com\/en\/wp-json\/wp\/v2\/types\/product"}],"replies":[{"embeddable":true,"href":"https:\/\/italiamachines.com\/en\/wp-json\/wp\/v2\/comments?post=11176"}],"wp:featuredmedia":[{"embeddable":true,"href":"https:\/\/italiamachines.com\/en\/wp-json\/wp\/v2\/media\/11177"}],"wp:attachment":[{"href":"https:\/\/italiamachines.com\/en\/wp-json\/wp\/v2\/media?parent=11176"}],"wp:term":[{"taxonomy":"product_cat","embeddable":true,"href":"https:\/\/italiamachines.com\/en\/wp-json\/wp\/v2\/product_cat?post=11176"},{"taxonomy":"product_tag","embeddable":true,"href":"https:\/\/italiamachines.com\/en\/wp-json\/wp\/v2\/product_tag?post=11176"}],"curies":[{"name":"wp","href":"https:\/\/api.w.org\/{rel}","templated":true}]}}