{"id":11207,"date":"2025-06-10T01:43:14","date_gmt":"2025-06-09T23:43:14","guid":{"rendered":"https:\/\/italiamachines.com\/?post_type=product&#038;p=11207"},"modified":"2025-06-10T01:43:14","modified_gmt":"2025-06-09T23:43:14","slug":"trancheuse-alimentaire-semi-automatique-economique-par-vigevr","status":"publish","type":"product","link":"https:\/\/italiamachines.com\/en\/boutique\/boucherie\/trancheur-pour-boucherie\/trancheuse-alimentaire-semi-automatique-economique-par-vigevr\/","title":{"rendered":"Trancheuse alimentaire semi-automatique \u00e9conomique &#8211; par VIGEVR"},"content":{"rendered":"<p>Structure robuste et \u00e9conomique id\u00e9ale pour boucheries, charcuteries, restaurants et supermarch\u00e9s<br \/>\nCorps en alliage pour une meilleure durabilit\u00e9<br \/>\nLame en acier inoxydable de haute qualit\u00e9<br \/>\nSyst\u00e8me de r\u00e9glage pr\u00e9cis de l\u2019\u00e9paisseur de coupe<br \/>\nFacile \u00e0 d\u00e9monter et \u00e0 nettoyer<br \/>\nEntretien simple pour un usage quotidien<\/p>","protected":false},"excerpt":{"rendered":"<p>Structure robuste et \u00e9conomique id\u00e9ale pour boucheries, charcuteries, restaurants et supermarch\u00e9s Corps en alliage pour une meilleure durabilit\u00e9 Lame en acier inoxydable de haute qualit\u00e9 Syst\u00e8me de r\u00e9glage pr\u00e9cis de l\u2019\u00e9paisseur de coupe Facile \u00e0 d\u00e9monter et \u00e0 nettoyer Entretien simple pour un usage quotidien<\/p>","protected":false},"featured_media":11208,"comment_status":"open","ping_status":"closed","template":"","meta":[],"product_cat":[63,138],"product_tag":[],"class_list":{"0":"post-11207","1":"product","2":"type-product","3":"status-publish","4":"has-post-thumbnail","6":"product_cat-boucherie","7":"product_cat-trancheur-pour-boucherie","9":"first","10":"instock","11":"shipping-taxable","12":"purchasable","13":"product-type-variable","14":"col-xs-6 col-sm-4","15":"col-md-3 col-lg-3","16":"un-4-cols"},"yoast_head":"<!-- This site is optimized with the Yoast SEO plugin v26.6 - https:\/\/yoast.com\/wordpress\/plugins\/seo\/ -->\n<title>Trancheuse alimentaire semi-automatique \u00e9conomique - par VIGEVR | Italia Machines<\/title>\n<meta name=\"robots\" content=\"index, follow, max-snippet:-1, max-image-preview:large, max-video-preview:-1\" \/>\n<link rel=\"canonical\" href=\"https:\/\/italiamachines.com\/en\/boutique\/boucherie\/trancheur-pour-boucherie\/trancheuse-alimentaire-semi-automatique-economique-par-vigevr\/\" \/>\n<meta property=\"og:locale\" content=\"en_US\" \/>\n<meta property=\"og:type\" content=\"article\" \/>\n<meta property=\"og:title\" content=\"Trancheuse alimentaire semi-automatique \u00e9conomique - par VIGEVR | Italia Machines\" \/>\n<meta property=\"og:description\" content=\"Structure robuste et \u00e9conomique id\u00e9ale pour boucheries, charcuteries, restaurants et supermarch\u00e9s Corps en alliage pour une meilleure durabilit\u00e9 Lame en acier inoxydable de haute qualit\u00e9 Syst\u00e8me de r\u00e9glage pr\u00e9cis de l\u2019\u00e9paisseur de coupe Facile \u00e0 d\u00e9monter et \u00e0 nettoyer Entretien simple pour un usage quotidien\" \/>\n<meta property=\"og:url\" content=\"https:\/\/italiamachines.com\/en\/boutique\/boucherie\/trancheur-pour-boucherie\/trancheuse-alimentaire-semi-automatique-economique-par-vigevr\/\" \/>\n<meta property=\"og:site_name\" content=\"Italia Machines\" \/>\n<meta property=\"article:publisher\" content=\"https:\/\/web.facebook.com\/italiamachines\/\" \/>\n<meta property=\"og:image\" content=\"https:\/\/italiamachines.com\/wp-content\/uploads\/2025\/06\/B220A.png\" \/>\n\t<meta property=\"og:image:width\" content=\"597\" \/>\n\t<meta property=\"og:image:height\" content=\"597\" \/>\n\t<meta property=\"og:image:type\" content=\"image\/png\" \/>\n<meta name=\"twitter:card\" content=\"summary_large_image\" \/>\n<meta name=\"twitter:label1\" content=\"Est. reading time\" \/>\n\t<meta name=\"twitter:data1\" content=\"1 minute\" \/>\n<script type=\"application\/ld+json\" class=\"yoast-schema-graph\">{\"@context\":\"https:\/\/schema.org\",\"@graph\":[{\"@type\":\"WebPage\",\"@id\":\"https:\/\/italiamachines.com\/boutique\/boucherie\/trancheur-pour-boucherie\/trancheuse-alimentaire-semi-automatique-economique-par-vigevr\/\",\"url\":\"https:\/\/italiamachines.com\/boutique\/boucherie\/trancheur-pour-boucherie\/trancheuse-alimentaire-semi-automatique-economique-par-vigevr\/\",\"name\":\"Trancheuse alimentaire semi-automatique \u00e9conomique - par VIGEVR | Italia Machines\",\"isPartOf\":{\"@id\":\"https:\/\/italiamachines.com\/#website\"},\"primaryImageOfPage\":{\"@id\":\"https:\/\/italiamachines.com\/boutique\/boucherie\/trancheur-pour-boucherie\/trancheuse-alimentaire-semi-automatique-economique-par-vigevr\/#primaryimage\"},\"image\":{\"@id\":\"https:\/\/italiamachines.com\/boutique\/boucherie\/trancheur-pour-boucherie\/trancheuse-alimentaire-semi-automatique-economique-par-vigevr\/#primaryimage\"},\"thumbnailUrl\":\"https:\/\/italiamachines.com\/wp-content\/uploads\/2025\/06\/B220A.png\",\"datePublished\":\"2025-06-09T23:43:14+00:00\",\"breadcrumb\":{\"@id\":\"https:\/\/italiamachines.com\/boutique\/boucherie\/trancheur-pour-boucherie\/trancheuse-alimentaire-semi-automatique-economique-par-vigevr\/#breadcrumb\"},\"inLanguage\":\"en-US\",\"potentialAction\":[{\"@type\":\"ReadAction\",\"target\":[\"https:\/\/italiamachines.com\/boutique\/boucherie\/trancheur-pour-boucherie\/trancheuse-alimentaire-semi-automatique-economique-par-vigevr\/\"]}]},{\"@type\":\"ImageObject\",\"inLanguage\":\"en-US\",\"@id\":\"https:\/\/italiamachines.com\/boutique\/boucherie\/trancheur-pour-boucherie\/trancheuse-alimentaire-semi-automatique-economique-par-vigevr\/#primaryimage\",\"url\":\"https:\/\/italiamachines.com\/wp-content\/uploads\/2025\/06\/B220A.png\",\"contentUrl\":\"https:\/\/italiamachines.com\/wp-content\/uploads\/2025\/06\/B220A.png\",\"width\":597,\"height\":597},{\"@type\":\"BreadcrumbList\",\"@id\":\"https:\/\/italiamachines.com\/boutique\/boucherie\/trancheur-pour-boucherie\/trancheuse-alimentaire-semi-automatique-economique-par-vigevr\/#breadcrumb\",\"itemListElement\":[{\"@type\":\"ListItem\",\"position\":1,\"name\":\"Accueil\",\"item\":\"https:\/\/italiamachines.com\/fr_fr\/\"},{\"@type\":\"ListItem\",\"position\":2,\"name\":\"Boutique\",\"item\":\"https:\/\/italiamachines.com\/boutique\/\"},{\"@type\":\"ListItem\",\"position\":3,\"name\":\"Trancheuse alimentaire semi-automatique \u00e9conomique &#8211; par VIGEVR\"}]},{\"@type\":\"WebSite\",\"@id\":\"https:\/\/italiamachines.com\/#website\",\"url\":\"https:\/\/italiamachines.com\/\",\"name\":\"Italia Machines\",\"description\":\"L&#039;art de l&#039;\u00e9quipement HORECA\",\"publisher\":{\"@id\":\"https:\/\/italiamachines.com\/#organization\"},\"potentialAction\":[{\"@type\":\"SearchAction\",\"target\":{\"@type\":\"EntryPoint\",\"urlTemplate\":\"https:\/\/italiamachines.com\/?s={search_term_string}\"},\"query-input\":{\"@type\":\"PropertyValueSpecification\",\"valueRequired\":true,\"valueName\":\"search_term_string\"}}],\"inLanguage\":\"en-US\"},{\"@type\":\"Organization\",\"@id\":\"https:\/\/italiamachines.com\/#organization\",\"name\":\"italiamachines\",\"url\":\"https:\/\/italiamachines.com\/\",\"logo\":{\"@type\":\"ImageObject\",\"inLanguage\":\"en-US\",\"@id\":\"https:\/\/italiamachines.com\/#\/schema\/logo\/image\/\",\"url\":\"https:\/\/italiamachines.com\/wp-content\/uploads\/2023\/08\/logo-web-1.png\",\"contentUrl\":\"https:\/\/italiamachines.com\/wp-content\/uploads\/2023\/08\/logo-web-1.png\",\"width\":977,\"height\":254,\"caption\":\"italiamachines\"},\"image\":{\"@id\":\"https:\/\/italiamachines.com\/#\/schema\/logo\/image\/\"},\"sameAs\":[\"https:\/\/web.facebook.com\/italiamachines\/\",\"https:\/\/www.instagram.com\/italia.machines\/\"]}]}<\/script>\n<!-- \/ Yoast SEO plugin. -->","yoast_head_json":{"title":"Trancheuse alimentaire semi-automatique \u00e9conomique - par VIGEVR | Italia Machines","robots":{"index":"index","follow":"follow","max-snippet":"max-snippet:-1","max-image-preview":"max-image-preview:large","max-video-preview":"max-video-preview:-1"},"canonical":"https:\/\/italiamachines.com\/en\/boutique\/boucherie\/trancheur-pour-boucherie\/trancheuse-alimentaire-semi-automatique-economique-par-vigevr\/","og_locale":"en_US","og_type":"article","og_title":"Trancheuse alimentaire semi-automatique \u00e9conomique - par VIGEVR | Italia Machines","og_description":"Structure robuste et \u00e9conomique id\u00e9ale pour boucheries, charcuteries, restaurants et supermarch\u00e9s Corps en alliage pour une meilleure durabilit\u00e9 Lame en acier inoxydable de haute qualit\u00e9 Syst\u00e8me de r\u00e9glage pr\u00e9cis de l\u2019\u00e9paisseur de coupe Facile \u00e0 d\u00e9monter et \u00e0 nettoyer Entretien simple pour un usage quotidien","og_url":"https:\/\/italiamachines.com\/en\/boutique\/boucherie\/trancheur-pour-boucherie\/trancheuse-alimentaire-semi-automatique-economique-par-vigevr\/","og_site_name":"Italia Machines","article_publisher":"https:\/\/web.facebook.com\/italiamachines\/","og_image":[{"width":597,"height":597,"url":"https:\/\/italiamachines.com\/wp-content\/uploads\/2025\/06\/B220A.png","type":"image\/png"}],"twitter_card":"summary_large_image","twitter_misc":{"Est. reading time":"1 minute"},"schema":{"@context":"https:\/\/schema.org","@graph":[{"@type":"WebPage","@id":"https:\/\/italiamachines.com\/boutique\/boucherie\/trancheur-pour-boucherie\/trancheuse-alimentaire-semi-automatique-economique-par-vigevr\/","url":"https:\/\/italiamachines.com\/boutique\/boucherie\/trancheur-pour-boucherie\/trancheuse-alimentaire-semi-automatique-economique-par-vigevr\/","name":"Trancheuse alimentaire semi-automatique \u00e9conomique - par VIGEVR | Italia Machines","isPartOf":{"@id":"https:\/\/italiamachines.com\/#website"},"primaryImageOfPage":{"@id":"https:\/\/italiamachines.com\/boutique\/boucherie\/trancheur-pour-boucherie\/trancheuse-alimentaire-semi-automatique-economique-par-vigevr\/#primaryimage"},"image":{"@id":"https:\/\/italiamachines.com\/boutique\/boucherie\/trancheur-pour-boucherie\/trancheuse-alimentaire-semi-automatique-economique-par-vigevr\/#primaryimage"},"thumbnailUrl":"https:\/\/italiamachines.com\/wp-content\/uploads\/2025\/06\/B220A.png","datePublished":"2025-06-09T23:43:14+00:00","breadcrumb":{"@id":"https:\/\/italiamachines.com\/boutique\/boucherie\/trancheur-pour-boucherie\/trancheuse-alimentaire-semi-automatique-economique-par-vigevr\/#breadcrumb"},"inLanguage":"en-US","potentialAction":[{"@type":"ReadAction","target":["https:\/\/italiamachines.com\/boutique\/boucherie\/trancheur-pour-boucherie\/trancheuse-alimentaire-semi-automatique-economique-par-vigevr\/"]}]},{"@type":"ImageObject","inLanguage":"en-US","@id":"https:\/\/italiamachines.com\/boutique\/boucherie\/trancheur-pour-boucherie\/trancheuse-alimentaire-semi-automatique-economique-par-vigevr\/#primaryimage","url":"https:\/\/italiamachines.com\/wp-content\/uploads\/2025\/06\/B220A.png","contentUrl":"https:\/\/italiamachines.com\/wp-content\/uploads\/2025\/06\/B220A.png","width":597,"height":597},{"@type":"BreadcrumbList","@id":"https:\/\/italiamachines.com\/boutique\/boucherie\/trancheur-pour-boucherie\/trancheuse-alimentaire-semi-automatique-economique-par-vigevr\/#breadcrumb","itemListElement":[{"@type":"ListItem","position":1,"name":"Accueil","item":"https:\/\/italiamachines.com\/fr_fr\/"},{"@type":"ListItem","position":2,"name":"Boutique","item":"https:\/\/italiamachines.com\/boutique\/"},{"@type":"ListItem","position":3,"name":"Trancheuse alimentaire semi-automatique \u00e9conomique &#8211; par VIGEVR"}]},{"@type":"WebSite","@id":"https:\/\/italiamachines.com\/#website","url":"https:\/\/italiamachines.com\/","name":"Italia Machines","description":"L&#039;art de l&#039;\u00e9quipement HORECA","publisher":{"@id":"https:\/\/italiamachines.com\/#organization"},"potentialAction":[{"@type":"SearchAction","target":{"@type":"EntryPoint","urlTemplate":"https:\/\/italiamachines.com\/?s={search_term_string}"},"query-input":{"@type":"PropertyValueSpecification","valueRequired":true,"valueName":"search_term_string"}}],"inLanguage":"en-US"},{"@type":"Organization","@id":"https:\/\/italiamachines.com\/#organization","name":"italiamachines","url":"https:\/\/italiamachines.com\/","logo":{"@type":"ImageObject","inLanguage":"en-US","@id":"https:\/\/italiamachines.com\/#\/schema\/logo\/image\/","url":"https:\/\/italiamachines.com\/wp-content\/uploads\/2023\/08\/logo-web-1.png","contentUrl":"https:\/\/italiamachines.com\/wp-content\/uploads\/2023\/08\/logo-web-1.png","width":977,"height":254,"caption":"italiamachines"},"image":{"@id":"https:\/\/italiamachines.com\/#\/schema\/logo\/image\/"},"sameAs":["https:\/\/web.facebook.com\/italiamachines\/","https:\/\/www.instagram.com\/italia.machines\/"]}]}},"_links":{"self":[{"href":"https:\/\/italiamachines.com\/en\/wp-json\/wp\/v2\/product\/11207","targetHints":{"allow":["GET"]}}],"collection":[{"href":"https:\/\/italiamachines.com\/en\/wp-json\/wp\/v2\/product"}],"about":[{"href":"https:\/\/italiamachines.com\/en\/wp-json\/wp\/v2\/types\/product"}],"replies":[{"embeddable":true,"href":"https:\/\/italiamachines.com\/en\/wp-json\/wp\/v2\/comments?post=11207"}],"wp:featuredmedia":[{"embeddable":true,"href":"https:\/\/italiamachines.com\/en\/wp-json\/wp\/v2\/media\/11208"}],"wp:attachment":[{"href":"https:\/\/italiamachines.com\/en\/wp-json\/wp\/v2\/media?parent=11207"}],"wp:term":[{"taxonomy":"product_cat","embeddable":true,"href":"https:\/\/italiamachines.com\/en\/wp-json\/wp\/v2\/product_cat?post=11207"},{"taxonomy":"product_tag","embeddable":true,"href":"https:\/\/italiamachines.com\/en\/wp-json\/wp\/v2\/product_tag?post=11207"}],"curies":[{"name":"wp","href":"https:\/\/api.w.org\/{rel}","templated":true}]}}