{"id":11245,"date":"2025-07-19T23:43:52","date_gmt":"2025-07-19T21:43:52","guid":{"rendered":"https:\/\/italiamachines.com\/?post_type=product&#038;p=11245"},"modified":"2025-07-19T23:43:52","modified_gmt":"2025-07-19T21:43:52","slug":"milk-shaker-simple-et-double-par-vigevr","status":"publish","type":"product","link":"https:\/\/italiamachines.com\/en\/boutique\/cafe-glacier-lecheria\/cafe\/milk-shaker-simple-et-double-par-vigevr\/","title":{"rendered":"Milk shaker simple et double &#8211; Par VIGEVR"},"content":{"rendered":"<p>Les milk shakers VIGEVR sont con\u00e7us pour les professionnels souhaitant r\u00e9aliser facilement des milkshakes, smoothies et boissons lact\u00e9es. Robustes et faciles \u00e0 nettoyer, ils offrent un fonctionnement mains libres et une grande facilit\u00e9 d\u2019utilisation gr\u00e2ce \u00e0 leur syst\u00e8me d\u2019activation par tasse ou bouton pulse. Le mod\u00e8le simple est id\u00e9al pour les petits besoins, tandis que le mod\u00e8le double permet de pr\u00e9parer deux boissons simultan\u00e9ment. Leur corps en m\u00e9tal garantit une grande long\u00e9vit\u00e9 et une esth\u00e9tique professionnelle.<\/p>","protected":false},"excerpt":{"rendered":"<p>Les milk shakers VIGEVR sont con\u00e7us pour les professionnels souhaitant r\u00e9aliser facilement des milkshakes, smoothies et boissons lact\u00e9es. Robustes et faciles \u00e0 nettoyer, ils offrent un fonctionnement mains libres et une grande facilit\u00e9 d\u2019utilisation gr\u00e2ce \u00e0 leur syst\u00e8me d\u2019activation par tasse ou bouton pulse. Le mod\u00e8le simple est id\u00e9al pour les petits besoins, tandis que&hellip;<\/p>","protected":false},"featured_media":11247,"comment_status":"open","ping_status":"closed","template":"","meta":[],"product_cat":[57,159,65],"product_tag":[],"class_list":{"0":"post-11245","1":"product","2":"type-product","3":"status-publish","4":"has-post-thumbnail","6":"product_cat-accessoires","7":"product_cat-cafe","8":"product_cat-cafe-glacier-lecheria","10":"first","11":"instock","12":"shipping-taxable","13":"purchasable","14":"product-type-variable","15":"col-xs-6 col-sm-4","16":"col-md-3 col-lg-3","17":"un-4-cols"},"yoast_head":"<!-- This site is optimized with the Yoast SEO plugin v26.6 - https:\/\/yoast.com\/wordpress\/plugins\/seo\/ -->\n<title>Milk shaker simple et double - Par VIGEVR | Italia Machines<\/title>\n<meta name=\"robots\" content=\"index, follow, max-snippet:-1, max-image-preview:large, max-video-preview:-1\" \/>\n<link rel=\"canonical\" href=\"https:\/\/italiamachines.com\/en\/boutique\/cafe-glacier-lecheria\/cafe\/milk-shaker-simple-et-double-par-vigevr\/\" \/>\n<meta property=\"og:locale\" content=\"en_US\" \/>\n<meta property=\"og:type\" content=\"article\" \/>\n<meta property=\"og:title\" content=\"Milk shaker simple et double - Par VIGEVR | Italia Machines\" \/>\n<meta property=\"og:description\" content=\"Les milk shakers VIGEVR sont con\u00e7us pour les professionnels souhaitant r\u00e9aliser facilement des milkshakes, smoothies et boissons lact\u00e9es. Robustes et faciles \u00e0 nettoyer, ils offrent un fonctionnement mains libres et une grande facilit\u00e9 d\u2019utilisation gr\u00e2ce \u00e0 leur syst\u00e8me d\u2019activation par tasse ou bouton pulse. Le mod\u00e8le simple est id\u00e9al pour les petits besoins, tandis que&hellip;\" \/>\n<meta property=\"og:url\" content=\"https:\/\/italiamachines.com\/en\/boutique\/cafe-glacier-lecheria\/cafe\/milk-shaker-simple-et-double-par-vigevr\/\" \/>\n<meta property=\"og:site_name\" content=\"Italia Machines\" \/>\n<meta property=\"article:publisher\" content=\"https:\/\/web.facebook.com\/italiamachines\/\" \/>\n<meta property=\"og:image\" content=\"https:\/\/italiamachines.com\/wp-content\/uploads\/2025\/07\/DM-2.jpg\" \/>\n\t<meta property=\"og:image:width\" content=\"600\" \/>\n\t<meta property=\"og:image:height\" content=\"800\" \/>\n\t<meta property=\"og:image:type\" content=\"image\/jpeg\" \/>\n<meta name=\"twitter:card\" content=\"summary_large_image\" \/>\n<meta name=\"twitter:label1\" content=\"Est. reading time\" \/>\n\t<meta name=\"twitter:data1\" content=\"1 minute\" \/>\n<script type=\"application\/ld+json\" class=\"yoast-schema-graph\">{\"@context\":\"https:\/\/schema.org\",\"@graph\":[{\"@type\":\"WebPage\",\"@id\":\"https:\/\/italiamachines.com\/boutique\/cafe-glacier-lecheria\/cafe\/milk-shaker-simple-et-double-par-vigevr\/\",\"url\":\"https:\/\/italiamachines.com\/boutique\/cafe-glacier-lecheria\/cafe\/milk-shaker-simple-et-double-par-vigevr\/\",\"name\":\"Milk shaker simple et double - Par VIGEVR | Italia Machines\",\"isPartOf\":{\"@id\":\"https:\/\/italiamachines.com\/#website\"},\"primaryImageOfPage\":{\"@id\":\"https:\/\/italiamachines.com\/boutique\/cafe-glacier-lecheria\/cafe\/milk-shaker-simple-et-double-par-vigevr\/#primaryimage\"},\"image\":{\"@id\":\"https:\/\/italiamachines.com\/boutique\/cafe-glacier-lecheria\/cafe\/milk-shaker-simple-et-double-par-vigevr\/#primaryimage\"},\"thumbnailUrl\":\"https:\/\/italiamachines.com\/wp-content\/uploads\/2025\/07\/DM-2.jpg\",\"datePublished\":\"2025-07-19T21:43:52+00:00\",\"breadcrumb\":{\"@id\":\"https:\/\/italiamachines.com\/boutique\/cafe-glacier-lecheria\/cafe\/milk-shaker-simple-et-double-par-vigevr\/#breadcrumb\"},\"inLanguage\":\"en-US\",\"potentialAction\":[{\"@type\":\"ReadAction\",\"target\":[\"https:\/\/italiamachines.com\/boutique\/cafe-glacier-lecheria\/cafe\/milk-shaker-simple-et-double-par-vigevr\/\"]}]},{\"@type\":\"ImageObject\",\"inLanguage\":\"en-US\",\"@id\":\"https:\/\/italiamachines.com\/boutique\/cafe-glacier-lecheria\/cafe\/milk-shaker-simple-et-double-par-vigevr\/#primaryimage\",\"url\":\"https:\/\/italiamachines.com\/wp-content\/uploads\/2025\/07\/DM-2.jpg\",\"contentUrl\":\"https:\/\/italiamachines.com\/wp-content\/uploads\/2025\/07\/DM-2.jpg\",\"width\":600,\"height\":800},{\"@type\":\"BreadcrumbList\",\"@id\":\"https:\/\/italiamachines.com\/boutique\/cafe-glacier-lecheria\/cafe\/milk-shaker-simple-et-double-par-vigevr\/#breadcrumb\",\"itemListElement\":[{\"@type\":\"ListItem\",\"position\":1,\"name\":\"Accueil\",\"item\":\"https:\/\/italiamachines.com\/fr_fr\/\"},{\"@type\":\"ListItem\",\"position\":2,\"name\":\"Boutique\",\"item\":\"https:\/\/italiamachines.com\/boutique\/\"},{\"@type\":\"ListItem\",\"position\":3,\"name\":\"Milk shaker simple et double &#8211; Par VIGEVR\"}]},{\"@type\":\"WebSite\",\"@id\":\"https:\/\/italiamachines.com\/#website\",\"url\":\"https:\/\/italiamachines.com\/\",\"name\":\"Italia Machines\",\"description\":\"L&#039;art de l&#039;\u00e9quipement HORECA\",\"publisher\":{\"@id\":\"https:\/\/italiamachines.com\/#organization\"},\"potentialAction\":[{\"@type\":\"SearchAction\",\"target\":{\"@type\":\"EntryPoint\",\"urlTemplate\":\"https:\/\/italiamachines.com\/?s={search_term_string}\"},\"query-input\":{\"@type\":\"PropertyValueSpecification\",\"valueRequired\":true,\"valueName\":\"search_term_string\"}}],\"inLanguage\":\"en-US\"},{\"@type\":\"Organization\",\"@id\":\"https:\/\/italiamachines.com\/#organization\",\"name\":\"italiamachines\",\"url\":\"https:\/\/italiamachines.com\/\",\"logo\":{\"@type\":\"ImageObject\",\"inLanguage\":\"en-US\",\"@id\":\"https:\/\/italiamachines.com\/#\/schema\/logo\/image\/\",\"url\":\"https:\/\/italiamachines.com\/wp-content\/uploads\/2023\/08\/logo-web-1.png\",\"contentUrl\":\"https:\/\/italiamachines.com\/wp-content\/uploads\/2023\/08\/logo-web-1.png\",\"width\":977,\"height\":254,\"caption\":\"italiamachines\"},\"image\":{\"@id\":\"https:\/\/italiamachines.com\/#\/schema\/logo\/image\/\"},\"sameAs\":[\"https:\/\/web.facebook.com\/italiamachines\/\",\"https:\/\/www.instagram.com\/italia.machines\/\"]}]}<\/script>\n<!-- \/ Yoast SEO plugin. -->","yoast_head_json":{"title":"Milk shaker simple et double - Par VIGEVR | Italia Machines","robots":{"index":"index","follow":"follow","max-snippet":"max-snippet:-1","max-image-preview":"max-image-preview:large","max-video-preview":"max-video-preview:-1"},"canonical":"https:\/\/italiamachines.com\/en\/boutique\/cafe-glacier-lecheria\/cafe\/milk-shaker-simple-et-double-par-vigevr\/","og_locale":"en_US","og_type":"article","og_title":"Milk shaker simple et double - Par VIGEVR | Italia Machines","og_description":"Les milk shakers VIGEVR sont con\u00e7us pour les professionnels souhaitant r\u00e9aliser facilement des milkshakes, smoothies et boissons lact\u00e9es. Robustes et faciles \u00e0 nettoyer, ils offrent un fonctionnement mains libres et une grande facilit\u00e9 d\u2019utilisation gr\u00e2ce \u00e0 leur syst\u00e8me d\u2019activation par tasse ou bouton pulse. Le mod\u00e8le simple est id\u00e9al pour les petits besoins, tandis que&hellip;","og_url":"https:\/\/italiamachines.com\/en\/boutique\/cafe-glacier-lecheria\/cafe\/milk-shaker-simple-et-double-par-vigevr\/","og_site_name":"Italia Machines","article_publisher":"https:\/\/web.facebook.com\/italiamachines\/","og_image":[{"width":600,"height":800,"url":"https:\/\/italiamachines.com\/wp-content\/uploads\/2025\/07\/DM-2.jpg","type":"image\/jpeg"}],"twitter_card":"summary_large_image","twitter_misc":{"Est. reading time":"1 minute"},"schema":{"@context":"https:\/\/schema.org","@graph":[{"@type":"WebPage","@id":"https:\/\/italiamachines.com\/boutique\/cafe-glacier-lecheria\/cafe\/milk-shaker-simple-et-double-par-vigevr\/","url":"https:\/\/italiamachines.com\/boutique\/cafe-glacier-lecheria\/cafe\/milk-shaker-simple-et-double-par-vigevr\/","name":"Milk shaker simple et double - Par VIGEVR | Italia Machines","isPartOf":{"@id":"https:\/\/italiamachines.com\/#website"},"primaryImageOfPage":{"@id":"https:\/\/italiamachines.com\/boutique\/cafe-glacier-lecheria\/cafe\/milk-shaker-simple-et-double-par-vigevr\/#primaryimage"},"image":{"@id":"https:\/\/italiamachines.com\/boutique\/cafe-glacier-lecheria\/cafe\/milk-shaker-simple-et-double-par-vigevr\/#primaryimage"},"thumbnailUrl":"https:\/\/italiamachines.com\/wp-content\/uploads\/2025\/07\/DM-2.jpg","datePublished":"2025-07-19T21:43:52+00:00","breadcrumb":{"@id":"https:\/\/italiamachines.com\/boutique\/cafe-glacier-lecheria\/cafe\/milk-shaker-simple-et-double-par-vigevr\/#breadcrumb"},"inLanguage":"en-US","potentialAction":[{"@type":"ReadAction","target":["https:\/\/italiamachines.com\/boutique\/cafe-glacier-lecheria\/cafe\/milk-shaker-simple-et-double-par-vigevr\/"]}]},{"@type":"ImageObject","inLanguage":"en-US","@id":"https:\/\/italiamachines.com\/boutique\/cafe-glacier-lecheria\/cafe\/milk-shaker-simple-et-double-par-vigevr\/#primaryimage","url":"https:\/\/italiamachines.com\/wp-content\/uploads\/2025\/07\/DM-2.jpg","contentUrl":"https:\/\/italiamachines.com\/wp-content\/uploads\/2025\/07\/DM-2.jpg","width":600,"height":800},{"@type":"BreadcrumbList","@id":"https:\/\/italiamachines.com\/boutique\/cafe-glacier-lecheria\/cafe\/milk-shaker-simple-et-double-par-vigevr\/#breadcrumb","itemListElement":[{"@type":"ListItem","position":1,"name":"Accueil","item":"https:\/\/italiamachines.com\/fr_fr\/"},{"@type":"ListItem","position":2,"name":"Boutique","item":"https:\/\/italiamachines.com\/boutique\/"},{"@type":"ListItem","position":3,"name":"Milk shaker simple et double &#8211; Par VIGEVR"}]},{"@type":"WebSite","@id":"https:\/\/italiamachines.com\/#website","url":"https:\/\/italiamachines.com\/","name":"Italia Machines","description":"L&#039;art de l&#039;\u00e9quipement HORECA","publisher":{"@id":"https:\/\/italiamachines.com\/#organization"},"potentialAction":[{"@type":"SearchAction","target":{"@type":"EntryPoint","urlTemplate":"https:\/\/italiamachines.com\/?s={search_term_string}"},"query-input":{"@type":"PropertyValueSpecification","valueRequired":true,"valueName":"search_term_string"}}],"inLanguage":"en-US"},{"@type":"Organization","@id":"https:\/\/italiamachines.com\/#organization","name":"italiamachines","url":"https:\/\/italiamachines.com\/","logo":{"@type":"ImageObject","inLanguage":"en-US","@id":"https:\/\/italiamachines.com\/#\/schema\/logo\/image\/","url":"https:\/\/italiamachines.com\/wp-content\/uploads\/2023\/08\/logo-web-1.png","contentUrl":"https:\/\/italiamachines.com\/wp-content\/uploads\/2023\/08\/logo-web-1.png","width":977,"height":254,"caption":"italiamachines"},"image":{"@id":"https:\/\/italiamachines.com\/#\/schema\/logo\/image\/"},"sameAs":["https:\/\/web.facebook.com\/italiamachines\/","https:\/\/www.instagram.com\/italia.machines\/"]}]}},"_links":{"self":[{"href":"https:\/\/italiamachines.com\/en\/wp-json\/wp\/v2\/product\/11245","targetHints":{"allow":["GET"]}}],"collection":[{"href":"https:\/\/italiamachines.com\/en\/wp-json\/wp\/v2\/product"}],"about":[{"href":"https:\/\/italiamachines.com\/en\/wp-json\/wp\/v2\/types\/product"}],"replies":[{"embeddable":true,"href":"https:\/\/italiamachines.com\/en\/wp-json\/wp\/v2\/comments?post=11245"}],"wp:featuredmedia":[{"embeddable":true,"href":"https:\/\/italiamachines.com\/en\/wp-json\/wp\/v2\/media\/11247"}],"wp:attachment":[{"href":"https:\/\/italiamachines.com\/en\/wp-json\/wp\/v2\/media?parent=11245"}],"wp:term":[{"taxonomy":"product_cat","embeddable":true,"href":"https:\/\/italiamachines.com\/en\/wp-json\/wp\/v2\/product_cat?post=11245"},{"taxonomy":"product_tag","embeddable":true,"href":"https:\/\/italiamachines.com\/en\/wp-json\/wp\/v2\/product_tag?post=11245"}],"curies":[{"name":"wp","href":"https:\/\/api.w.org\/{rel}","templated":true}]}}