{"id":11251,"date":"2025-07-24T00:20:02","date_gmt":"2025-07-23T22:20:02","guid":{"rendered":"https:\/\/italiamachines.com\/?post_type=product&#038;p=11251"},"modified":"2025-07-24T00:20:02","modified_gmt":"2025-07-23T22:20:02","slug":"machine-a-glace-en-flocons-professionnelle-par-vigevr","status":"publish","type":"product","link":"https:\/\/italiamachines.com\/en\/boutique\/cafe-glacier-lecheria\/glacier\/robo-cream\/machine-a-glace-en-flocons-professionnelle-par-vigevr\/","title":{"rendered":"Machine \u00e0 glace en flocons professionnelle &#8211; par VIGEVR"},"content":{"rendered":"<p>La machine \u00e0 glace en flocons VIGEVR est con\u00e7ue pour une production intensive et continue de glace de type neige, parfaite pour les commerces de boissons, les p\u00e2tisseries ou les glaciers. Gr\u00e2ce \u00e0 son compresseur haute performance et son syst\u00e8me de refroidissement par air, elle offre un refroidissement rapide (en 40 secondes) et une production de glace en seulement 3 secondes apr\u00e8s pr\u00e9-refroidissement. Son panneau de contr\u00f4le tactile intelligent facilite son utilisation, avec des r\u00e9glages simples comme le contr\u00f4le de la vitesse ou le nettoyage automatique. Robuste et hygi\u00e9nique, elle est fabriqu\u00e9e en acier inoxydable de qualit\u00e9 alimentaire pour garantir une longue dur\u00e9e de vie et une utilisation s\u00e9curis\u00e9e. Elle permet \u00e9galement de varier les textures (neige, spaghetti, cascade) pour des pr\u00e9parations originales et personnalis\u00e9es.<\/p>\n<p>Sp\u00e9cifications techniques :<br \/>\nProduction de glace : jusqu\u2019\u00e0 170 kg \/ 24 h<br \/>\nCapacit\u00e9 du r\u00e9servoir : 3 litres<br \/>\nPuissance : 700 W<br \/>\nTension : 36V (AC)<br \/>\nSyst\u00e8me de refroidissement : Air (refroidissement rapide en 40 secondes)<br \/>\nD\u00e9bit de glace : 1 portion toutes les 3 secondes apr\u00e8s pr\u00e9-refroidissement<br \/>\nPanneau de commande : Tactile avec r\u00e9glage de la vitesse et nettoyage automatique<br \/>\nTypes de glace : neige, spaghetti, cascade<\/p>\n<p>Mat\u00e9riaux :<br \/>\nCorps : Acier inoxydable SUS201<br \/>\nRouleau : Acier inoxydable alimentaire SUS304<br \/>\nLames : Acier inoxydable 5CR15<br \/>\nDimensions : 460 x 320 x 400 mm<br \/>\nUtilisation recommand\u00e9e : salons de th\u00e9, p\u00e2tisseries, caf\u00e9s, glaciers<\/p>","protected":false},"excerpt":{"rendered":"<p>La machine \u00e0 glace en flocons VIGEVR est con\u00e7ue pour une production intensive et continue de glace de type neige, parfaite pour les commerces de boissons, les p\u00e2tisseries ou les glaciers. Gr\u00e2ce \u00e0 son compresseur haute performance et son syst\u00e8me de refroidissement par air, elle offre un refroidissement rapide (en 40 secondes) et une production&hellip;<\/p>","protected":false},"featured_media":11252,"comment_status":"open","ping_status":"closed","template":"","meta":[],"product_cat":[65,79,113],"product_tag":[],"class_list":{"0":"post-11251","1":"product","2":"type-product","3":"status-publish","4":"has-post-thumbnail","6":"product_cat-cafe-glacier-lecheria","7":"product_cat-glacier","8":"product_cat-robo-cream","10":"first","11":"instock","12":"shipping-taxable","13":"purchasable","14":"product-type-simple","15":"col-xs-6 col-sm-4","16":"col-md-3 col-lg-3","17":"un-4-cols"},"yoast_head":"<!-- This site is optimized with the Yoast SEO plugin v26.6 - https:\/\/yoast.com\/wordpress\/plugins\/seo\/ -->\n<title>Machine \u00e0 glace en flocons professionnelle - par VIGEVR | Italia Machines<\/title>\n<meta name=\"robots\" content=\"index, follow, max-snippet:-1, max-image-preview:large, max-video-preview:-1\" \/>\n<link rel=\"canonical\" href=\"https:\/\/italiamachines.com\/en\/boutique\/cafe-glacier-lecheria\/glacier\/robo-cream\/machine-a-glace-en-flocons-professionnelle-par-vigevr\/\" \/>\n<meta property=\"og:locale\" content=\"en_US\" \/>\n<meta property=\"og:type\" content=\"article\" \/>\n<meta property=\"og:title\" content=\"Machine \u00e0 glace en flocons professionnelle - par VIGEVR | Italia Machines\" \/>\n<meta property=\"og:description\" content=\"La machine \u00e0 glace en flocons VIGEVR est con\u00e7ue pour une production intensive et continue de glace de type neige, parfaite pour les commerces de boissons, les p\u00e2tisseries ou les glaciers. Gr\u00e2ce \u00e0 son compresseur haute performance et son syst\u00e8me de refroidissement par air, elle offre un refroidissement rapide (en 40 secondes) et une production&hellip;\" \/>\n<meta property=\"og:url\" content=\"https:\/\/italiamachines.com\/en\/boutique\/cafe-glacier-lecheria\/glacier\/robo-cream\/machine-a-glace-en-flocons-professionnelle-par-vigevr\/\" \/>\n<meta property=\"og:site_name\" content=\"Italia Machines\" \/>\n<meta property=\"article:publisher\" content=\"https:\/\/web.facebook.com\/italiamachines\/\" \/>\n<meta name=\"twitter:card\" content=\"summary_large_image\" \/>\n<meta name=\"twitter:label1\" content=\"Est. reading time\" \/>\n\t<meta name=\"twitter:data1\" content=\"1 minute\" \/>\n<script type=\"application\/ld+json\" class=\"yoast-schema-graph\">{\"@context\":\"https:\/\/schema.org\",\"@graph\":[{\"@type\":\"WebPage\",\"@id\":\"https:\/\/italiamachines.com\/boutique\/cafe-glacier-lecheria\/glacier\/robo-cream\/machine-a-glace-en-flocons-professionnelle-par-vigevr\/\",\"url\":\"https:\/\/italiamachines.com\/boutique\/cafe-glacier-lecheria\/glacier\/robo-cream\/machine-a-glace-en-flocons-professionnelle-par-vigevr\/\",\"name\":\"Machine \u00e0 glace en flocons professionnelle - par VIGEVR | Italia Machines\",\"isPartOf\":{\"@id\":\"https:\/\/italiamachines.com\/#website\"},\"primaryImageOfPage\":{\"@id\":\"https:\/\/italiamachines.com\/boutique\/cafe-glacier-lecheria\/glacier\/robo-cream\/machine-a-glace-en-flocons-professionnelle-par-vigevr\/#primaryimage\"},\"image\":{\"@id\":\"https:\/\/italiamachines.com\/boutique\/cafe-glacier-lecheria\/glacier\/robo-cream\/machine-a-glace-en-flocons-professionnelle-par-vigevr\/#primaryimage\"},\"thumbnailUrl\":\"https:\/\/italiamachines.com\/wp-content\/uploads\/2025\/07\/FC170F.avif\",\"datePublished\":\"2025-07-23T22:20:02+00:00\",\"breadcrumb\":{\"@id\":\"https:\/\/italiamachines.com\/boutique\/cafe-glacier-lecheria\/glacier\/robo-cream\/machine-a-glace-en-flocons-professionnelle-par-vigevr\/#breadcrumb\"},\"inLanguage\":\"en-US\",\"potentialAction\":[{\"@type\":\"ReadAction\",\"target\":[\"https:\/\/italiamachines.com\/boutique\/cafe-glacier-lecheria\/glacier\/robo-cream\/machine-a-glace-en-flocons-professionnelle-par-vigevr\/\"]}]},{\"@type\":\"ImageObject\",\"inLanguage\":\"en-US\",\"@id\":\"https:\/\/italiamachines.com\/boutique\/cafe-glacier-lecheria\/glacier\/robo-cream\/machine-a-glace-en-flocons-professionnelle-par-vigevr\/#primaryimage\",\"url\":\"https:\/\/italiamachines.com\/wp-content\/uploads\/2025\/07\/FC170F.avif\",\"contentUrl\":\"https:\/\/italiamachines.com\/wp-content\/uploads\/2025\/07\/FC170F.avif\",\"width\":550,\"height\":550},{\"@type\":\"BreadcrumbList\",\"@id\":\"https:\/\/italiamachines.com\/boutique\/cafe-glacier-lecheria\/glacier\/robo-cream\/machine-a-glace-en-flocons-professionnelle-par-vigevr\/#breadcrumb\",\"itemListElement\":[{\"@type\":\"ListItem\",\"position\":1,\"name\":\"Accueil\",\"item\":\"https:\/\/italiamachines.com\/fr_fr\/\"},{\"@type\":\"ListItem\",\"position\":2,\"name\":\"Boutique\",\"item\":\"https:\/\/italiamachines.com\/boutique\/\"},{\"@type\":\"ListItem\",\"position\":3,\"name\":\"Machine \u00e0 glace en flocons professionnelle &#8211; par VIGEVR\"}]},{\"@type\":\"WebSite\",\"@id\":\"https:\/\/italiamachines.com\/#website\",\"url\":\"https:\/\/italiamachines.com\/\",\"name\":\"Italia Machines\",\"description\":\"L&#039;art de l&#039;\u00e9quipement HORECA\",\"publisher\":{\"@id\":\"https:\/\/italiamachines.com\/#organization\"},\"potentialAction\":[{\"@type\":\"SearchAction\",\"target\":{\"@type\":\"EntryPoint\",\"urlTemplate\":\"https:\/\/italiamachines.com\/?s={search_term_string}\"},\"query-input\":{\"@type\":\"PropertyValueSpecification\",\"valueRequired\":true,\"valueName\":\"search_term_string\"}}],\"inLanguage\":\"en-US\"},{\"@type\":\"Organization\",\"@id\":\"https:\/\/italiamachines.com\/#organization\",\"name\":\"italiamachines\",\"url\":\"https:\/\/italiamachines.com\/\",\"logo\":{\"@type\":\"ImageObject\",\"inLanguage\":\"en-US\",\"@id\":\"https:\/\/italiamachines.com\/#\/schema\/logo\/image\/\",\"url\":\"https:\/\/italiamachines.com\/wp-content\/uploads\/2023\/08\/logo-web-1.png\",\"contentUrl\":\"https:\/\/italiamachines.com\/wp-content\/uploads\/2023\/08\/logo-web-1.png\",\"width\":977,\"height\":254,\"caption\":\"italiamachines\"},\"image\":{\"@id\":\"https:\/\/italiamachines.com\/#\/schema\/logo\/image\/\"},\"sameAs\":[\"https:\/\/web.facebook.com\/italiamachines\/\",\"https:\/\/www.instagram.com\/italia.machines\/\"]}]}<\/script>\n<!-- \/ Yoast SEO plugin. -->","yoast_head_json":{"title":"Machine \u00e0 glace en flocons professionnelle - par VIGEVR | Italia Machines","robots":{"index":"index","follow":"follow","max-snippet":"max-snippet:-1","max-image-preview":"max-image-preview:large","max-video-preview":"max-video-preview:-1"},"canonical":"https:\/\/italiamachines.com\/en\/boutique\/cafe-glacier-lecheria\/glacier\/robo-cream\/machine-a-glace-en-flocons-professionnelle-par-vigevr\/","og_locale":"en_US","og_type":"article","og_title":"Machine \u00e0 glace en flocons professionnelle - par VIGEVR | Italia Machines","og_description":"La machine \u00e0 glace en flocons VIGEVR est con\u00e7ue pour une production intensive et continue de glace de type neige, parfaite pour les commerces de boissons, les p\u00e2tisseries ou les glaciers. Gr\u00e2ce \u00e0 son compresseur haute performance et son syst\u00e8me de refroidissement par air, elle offre un refroidissement rapide (en 40 secondes) et une production&hellip;","og_url":"https:\/\/italiamachines.com\/en\/boutique\/cafe-glacier-lecheria\/glacier\/robo-cream\/machine-a-glace-en-flocons-professionnelle-par-vigevr\/","og_site_name":"Italia Machines","article_publisher":"https:\/\/web.facebook.com\/italiamachines\/","twitter_card":"summary_large_image","twitter_misc":{"Est. reading time":"1 minute"},"schema":{"@context":"https:\/\/schema.org","@graph":[{"@type":"WebPage","@id":"https:\/\/italiamachines.com\/boutique\/cafe-glacier-lecheria\/glacier\/robo-cream\/machine-a-glace-en-flocons-professionnelle-par-vigevr\/","url":"https:\/\/italiamachines.com\/boutique\/cafe-glacier-lecheria\/glacier\/robo-cream\/machine-a-glace-en-flocons-professionnelle-par-vigevr\/","name":"Machine \u00e0 glace en flocons professionnelle - par VIGEVR | Italia Machines","isPartOf":{"@id":"https:\/\/italiamachines.com\/#website"},"primaryImageOfPage":{"@id":"https:\/\/italiamachines.com\/boutique\/cafe-glacier-lecheria\/glacier\/robo-cream\/machine-a-glace-en-flocons-professionnelle-par-vigevr\/#primaryimage"},"image":{"@id":"https:\/\/italiamachines.com\/boutique\/cafe-glacier-lecheria\/glacier\/robo-cream\/machine-a-glace-en-flocons-professionnelle-par-vigevr\/#primaryimage"},"thumbnailUrl":"https:\/\/italiamachines.com\/wp-content\/uploads\/2025\/07\/FC170F.avif","datePublished":"2025-07-23T22:20:02+00:00","breadcrumb":{"@id":"https:\/\/italiamachines.com\/boutique\/cafe-glacier-lecheria\/glacier\/robo-cream\/machine-a-glace-en-flocons-professionnelle-par-vigevr\/#breadcrumb"},"inLanguage":"en-US","potentialAction":[{"@type":"ReadAction","target":["https:\/\/italiamachines.com\/boutique\/cafe-glacier-lecheria\/glacier\/robo-cream\/machine-a-glace-en-flocons-professionnelle-par-vigevr\/"]}]},{"@type":"ImageObject","inLanguage":"en-US","@id":"https:\/\/italiamachines.com\/boutique\/cafe-glacier-lecheria\/glacier\/robo-cream\/machine-a-glace-en-flocons-professionnelle-par-vigevr\/#primaryimage","url":"https:\/\/italiamachines.com\/wp-content\/uploads\/2025\/07\/FC170F.avif","contentUrl":"https:\/\/italiamachines.com\/wp-content\/uploads\/2025\/07\/FC170F.avif","width":550,"height":550},{"@type":"BreadcrumbList","@id":"https:\/\/italiamachines.com\/boutique\/cafe-glacier-lecheria\/glacier\/robo-cream\/machine-a-glace-en-flocons-professionnelle-par-vigevr\/#breadcrumb","itemListElement":[{"@type":"ListItem","position":1,"name":"Accueil","item":"https:\/\/italiamachines.com\/fr_fr\/"},{"@type":"ListItem","position":2,"name":"Boutique","item":"https:\/\/italiamachines.com\/boutique\/"},{"@type":"ListItem","position":3,"name":"Machine \u00e0 glace en flocons professionnelle &#8211; par VIGEVR"}]},{"@type":"WebSite","@id":"https:\/\/italiamachines.com\/#website","url":"https:\/\/italiamachines.com\/","name":"Italia Machines","description":"L&#039;art de l&#039;\u00e9quipement HORECA","publisher":{"@id":"https:\/\/italiamachines.com\/#organization"},"potentialAction":[{"@type":"SearchAction","target":{"@type":"EntryPoint","urlTemplate":"https:\/\/italiamachines.com\/?s={search_term_string}"},"query-input":{"@type":"PropertyValueSpecification","valueRequired":true,"valueName":"search_term_string"}}],"inLanguage":"en-US"},{"@type":"Organization","@id":"https:\/\/italiamachines.com\/#organization","name":"italiamachines","url":"https:\/\/italiamachines.com\/","logo":{"@type":"ImageObject","inLanguage":"en-US","@id":"https:\/\/italiamachines.com\/#\/schema\/logo\/image\/","url":"https:\/\/italiamachines.com\/wp-content\/uploads\/2023\/08\/logo-web-1.png","contentUrl":"https:\/\/italiamachines.com\/wp-content\/uploads\/2023\/08\/logo-web-1.png","width":977,"height":254,"caption":"italiamachines"},"image":{"@id":"https:\/\/italiamachines.com\/#\/schema\/logo\/image\/"},"sameAs":["https:\/\/web.facebook.com\/italiamachines\/","https:\/\/www.instagram.com\/italia.machines\/"]}]}},"_links":{"self":[{"href":"https:\/\/italiamachines.com\/en\/wp-json\/wp\/v2\/product\/11251","targetHints":{"allow":["GET"]}}],"collection":[{"href":"https:\/\/italiamachines.com\/en\/wp-json\/wp\/v2\/product"}],"about":[{"href":"https:\/\/italiamachines.com\/en\/wp-json\/wp\/v2\/types\/product"}],"replies":[{"embeddable":true,"href":"https:\/\/italiamachines.com\/en\/wp-json\/wp\/v2\/comments?post=11251"}],"wp:featuredmedia":[{"embeddable":true,"href":"https:\/\/italiamachines.com\/en\/wp-json\/wp\/v2\/media\/11252"}],"wp:attachment":[{"href":"https:\/\/italiamachines.com\/en\/wp-json\/wp\/v2\/media?parent=11251"}],"wp:term":[{"taxonomy":"product_cat","embeddable":true,"href":"https:\/\/italiamachines.com\/en\/wp-json\/wp\/v2\/product_cat?post=11251"},{"taxonomy":"product_tag","embeddable":true,"href":"https:\/\/italiamachines.com\/en\/wp-json\/wp\/v2\/product_tag?post=11251"}],"curies":[{"name":"wp","href":"https:\/\/api.w.org\/{rel}","templated":true}]}}