{"id":11253,"date":"2025-07-24T01:09:31","date_gmt":"2025-07-23T23:09:31","guid":{"rendered":"https:\/\/italiamachines.com\/?post_type=product&#038;p=11253"},"modified":"2025-07-24T01:09:31","modified_gmt":"2025-07-23T23:09:31","slug":"four-ventile-professionnel-pour-patisserie-fxda-par-inoxtrend","status":"publish","type":"product","link":"https:\/\/italiamachines.com\/en\/boutique\/boulangerie-et-patisserie\/patisserie\/four-pour-patisserie\/fours-ventiles-pour-patisserie\/four-ventile-professionnel-pour-patisserie-fxda-par-inoxtrend\/","title":{"rendered":"Four ventil\u00e9 professionnel pour p\u00e2tisserie FXDA &#8211; par INOXTREND"},"content":{"rendered":"<p>Les fours ventil\u00e9s professionnels FXDA par INOXTREND sont sp\u00e9cialement con\u00e7us pour les p\u00e2tisseries gastronomiques exigeant performance, fiabilit\u00e9 et flexibilit\u00e9. Disponibles en version \u00e9lectrique ou gaz avec diff\u00e9rentes capacit\u00e9s (6 ou 10 plaques 60&#215;40 cm), ces fours associent une construction en acier inoxydable, un design ergonomique et des fonctionnalit\u00e9s modernes pour garantir une cuisson uniforme, rapide et facile \u00e0 ma\u00eetriser. Adapt\u00e9s aux environnements professionnels intensifs, ils r\u00e9pondent aux normes d\u2019hygi\u00e8ne les plus strictes tout en assurant une utilisation intuitive gr\u00e2ce \u00e0 leur panneau de commande analogique.<\/p>\n<p>Fonctionnalit\u00e9s :<br \/>\n\u00c9clairage LED<br \/>\nSoupape d\u2019\u00e9chappement m\u00e9canique<br \/>\nConnexion USB<br \/>\nFonction maintien au chaud<br \/>\nPoign\u00e9e ergonomique<br \/>\nPanneau de commande analogique<\/p>","protected":false},"excerpt":{"rendered":"<p>Les fours ventil\u00e9s professionnels FXDA par INOXTREND sont sp\u00e9cialement con\u00e7us pour les p\u00e2tisseries gastronomiques exigeant performance, fiabilit\u00e9 et flexibilit\u00e9. Disponibles en version \u00e9lectrique ou gaz avec diff\u00e9rentes capacit\u00e9s (6 ou 10 plaques 60&#215;40 cm), ces fours associent une construction en acier inoxydable, un design ergonomique et des fonctionnalit\u00e9s modernes pour garantir une cuisson uniforme, rapide&hellip;<\/p>","protected":false},"featured_media":11254,"comment_status":"open","ping_status":"closed","template":"","meta":[],"product_cat":[64,188,189,191,196,97,112],"product_tag":[],"class_list":{"0":"post-11253","1":"product","2":"type-product","3":"status-publish","4":"has-post-thumbnail","6":"product_cat-boulangerie-et-patisserie","7":"product_cat-four","8":"product_cat-four-gastronomique","9":"product_cat-four-pour-patisserie","10":"product_cat-fours-ventiles-pour-patisserie","11":"product_cat-patisserie","12":"product_cat-restaurant-snack-et-pizzeria","13":"pa_typologie-electrique","14":"pa_typologie-gaz","16":"first","17":"instock","18":"shipping-taxable","19":"purchasable","20":"product-type-variable","21":"col-xs-6 col-sm-4","22":"col-md-3 col-lg-3","23":"un-4-cols"},"yoast_head":"<!-- This site is optimized with the Yoast SEO plugin v26.6 - https:\/\/yoast.com\/wordpress\/plugins\/seo\/ -->\n<title>Four ventil\u00e9 professionnel pour p\u00e2tisserie FXDA - par INOXTREND | Italia Machines<\/title>\n<meta name=\"robots\" content=\"index, follow, max-snippet:-1, max-image-preview:large, max-video-preview:-1\" \/>\n<link rel=\"canonical\" href=\"https:\/\/italiamachines.com\/en\/boutique\/boulangerie-et-patisserie\/patisserie\/four-pour-patisserie\/fours-ventiles-pour-patisserie\/four-ventile-professionnel-pour-patisserie-fxda-par-inoxtrend\/\" \/>\n<meta property=\"og:locale\" content=\"en_US\" \/>\n<meta property=\"og:type\" content=\"article\" \/>\n<meta property=\"og:title\" content=\"Four ventil\u00e9 professionnel pour p\u00e2tisserie FXDA - par INOXTREND | Italia Machines\" \/>\n<meta property=\"og:description\" content=\"Les fours ventil\u00e9s professionnels FXDA par INOXTREND sont sp\u00e9cialement con\u00e7us pour les p\u00e2tisseries gastronomiques exigeant performance, fiabilit\u00e9 et flexibilit\u00e9. Disponibles en version \u00e9lectrique ou gaz avec diff\u00e9rentes capacit\u00e9s (6 ou 10 plaques 60&#215;40 cm), ces fours associent une construction en acier inoxydable, un design ergonomique et des fonctionnalit\u00e9s modernes pour garantir une cuisson uniforme, rapide&hellip;\" \/>\n<meta property=\"og:url\" content=\"https:\/\/italiamachines.com\/en\/boutique\/boulangerie-et-patisserie\/patisserie\/four-pour-patisserie\/fours-ventiles-pour-patisserie\/four-ventile-professionnel-pour-patisserie-fxda-par-inoxtrend\/\" \/>\n<meta property=\"og:site_name\" content=\"Italia Machines\" \/>\n<meta property=\"article:publisher\" content=\"https:\/\/web.facebook.com\/italiamachines\/\" \/>\n<meta property=\"og:image\" content=\"https:\/\/italiamachines.com\/wp-content\/uploads\/2025\/07\/FX-DA-610-min.jpg\" \/>\n\t<meta property=\"og:image:width\" content=\"1460\" \/>\n\t<meta property=\"og:image:height\" content=\"1320\" \/>\n\t<meta property=\"og:image:type\" content=\"image\/jpeg\" \/>\n<meta name=\"twitter:card\" content=\"summary_large_image\" \/>\n<meta name=\"twitter:label1\" content=\"Est. reading time\" \/>\n\t<meta name=\"twitter:data1\" content=\"1 minute\" \/>\n<script type=\"application\/ld+json\" class=\"yoast-schema-graph\">{\"@context\":\"https:\/\/schema.org\",\"@graph\":[{\"@type\":\"WebPage\",\"@id\":\"https:\/\/italiamachines.com\/boutique\/boulangerie-et-patisserie\/patisserie\/four-pour-patisserie\/fours-ventiles-pour-patisserie\/four-ventile-professionnel-pour-patisserie-fxda-par-inoxtrend\/\",\"url\":\"https:\/\/italiamachines.com\/boutique\/boulangerie-et-patisserie\/patisserie\/four-pour-patisserie\/fours-ventiles-pour-patisserie\/four-ventile-professionnel-pour-patisserie-fxda-par-inoxtrend\/\",\"name\":\"Four ventil\u00e9 professionnel pour p\u00e2tisserie FXDA - par INOXTREND | Italia Machines\",\"isPartOf\":{\"@id\":\"https:\/\/italiamachines.com\/#website\"},\"primaryImageOfPage\":{\"@id\":\"https:\/\/italiamachines.com\/boutique\/boulangerie-et-patisserie\/patisserie\/four-pour-patisserie\/fours-ventiles-pour-patisserie\/four-ventile-professionnel-pour-patisserie-fxda-par-inoxtrend\/#primaryimage\"},\"image\":{\"@id\":\"https:\/\/italiamachines.com\/boutique\/boulangerie-et-patisserie\/patisserie\/four-pour-patisserie\/fours-ventiles-pour-patisserie\/four-ventile-professionnel-pour-patisserie-fxda-par-inoxtrend\/#primaryimage\"},\"thumbnailUrl\":\"https:\/\/italiamachines.com\/wp-content\/uploads\/2025\/07\/FX-DA-610-min.jpg\",\"datePublished\":\"2025-07-23T23:09:31+00:00\",\"breadcrumb\":{\"@id\":\"https:\/\/italiamachines.com\/boutique\/boulangerie-et-patisserie\/patisserie\/four-pour-patisserie\/fours-ventiles-pour-patisserie\/four-ventile-professionnel-pour-patisserie-fxda-par-inoxtrend\/#breadcrumb\"},\"inLanguage\":\"en-US\",\"potentialAction\":[{\"@type\":\"ReadAction\",\"target\":[\"https:\/\/italiamachines.com\/boutique\/boulangerie-et-patisserie\/patisserie\/four-pour-patisserie\/fours-ventiles-pour-patisserie\/four-ventile-professionnel-pour-patisserie-fxda-par-inoxtrend\/\"]}]},{\"@type\":\"ImageObject\",\"inLanguage\":\"en-US\",\"@id\":\"https:\/\/italiamachines.com\/boutique\/boulangerie-et-patisserie\/patisserie\/four-pour-patisserie\/fours-ventiles-pour-patisserie\/four-ventile-professionnel-pour-patisserie-fxda-par-inoxtrend\/#primaryimage\",\"url\":\"https:\/\/italiamachines.com\/wp-content\/uploads\/2025\/07\/FX-DA-610-min.jpg\",\"contentUrl\":\"https:\/\/italiamachines.com\/wp-content\/uploads\/2025\/07\/FX-DA-610-min.jpg\",\"width\":1460,\"height\":1320},{\"@type\":\"BreadcrumbList\",\"@id\":\"https:\/\/italiamachines.com\/boutique\/boulangerie-et-patisserie\/patisserie\/four-pour-patisserie\/fours-ventiles-pour-patisserie\/four-ventile-professionnel-pour-patisserie-fxda-par-inoxtrend\/#breadcrumb\",\"itemListElement\":[{\"@type\":\"ListItem\",\"position\":1,\"name\":\"Accueil\",\"item\":\"https:\/\/italiamachines.com\/fr_fr\/\"},{\"@type\":\"ListItem\",\"position\":2,\"name\":\"Boutique\",\"item\":\"https:\/\/italiamachines.com\/boutique\/\"},{\"@type\":\"ListItem\",\"position\":3,\"name\":\"Four ventil\u00e9 professionnel pour p\u00e2tisserie FXDA &#8211; par INOXTREND\"}]},{\"@type\":\"WebSite\",\"@id\":\"https:\/\/italiamachines.com\/#website\",\"url\":\"https:\/\/italiamachines.com\/\",\"name\":\"Italia Machines\",\"description\":\"L&#039;art de l&#039;\u00e9quipement HORECA\",\"publisher\":{\"@id\":\"https:\/\/italiamachines.com\/#organization\"},\"potentialAction\":[{\"@type\":\"SearchAction\",\"target\":{\"@type\":\"EntryPoint\",\"urlTemplate\":\"https:\/\/italiamachines.com\/?s={search_term_string}\"},\"query-input\":{\"@type\":\"PropertyValueSpecification\",\"valueRequired\":true,\"valueName\":\"search_term_string\"}}],\"inLanguage\":\"en-US\"},{\"@type\":\"Organization\",\"@id\":\"https:\/\/italiamachines.com\/#organization\",\"name\":\"italiamachines\",\"url\":\"https:\/\/italiamachines.com\/\",\"logo\":{\"@type\":\"ImageObject\",\"inLanguage\":\"en-US\",\"@id\":\"https:\/\/italiamachines.com\/#\/schema\/logo\/image\/\",\"url\":\"https:\/\/italiamachines.com\/wp-content\/uploads\/2023\/08\/logo-web-1.png\",\"contentUrl\":\"https:\/\/italiamachines.com\/wp-content\/uploads\/2023\/08\/logo-web-1.png\",\"width\":977,\"height\":254,\"caption\":\"italiamachines\"},\"image\":{\"@id\":\"https:\/\/italiamachines.com\/#\/schema\/logo\/image\/\"},\"sameAs\":[\"https:\/\/web.facebook.com\/italiamachines\/\",\"https:\/\/www.instagram.com\/italia.machines\/\"]}]}<\/script>\n<!-- \/ Yoast SEO plugin. -->","yoast_head_json":{"title":"Four ventil\u00e9 professionnel pour p\u00e2tisserie FXDA - par INOXTREND | Italia Machines","robots":{"index":"index","follow":"follow","max-snippet":"max-snippet:-1","max-image-preview":"max-image-preview:large","max-video-preview":"max-video-preview:-1"},"canonical":"https:\/\/italiamachines.com\/en\/boutique\/boulangerie-et-patisserie\/patisserie\/four-pour-patisserie\/fours-ventiles-pour-patisserie\/four-ventile-professionnel-pour-patisserie-fxda-par-inoxtrend\/","og_locale":"en_US","og_type":"article","og_title":"Four ventil\u00e9 professionnel pour p\u00e2tisserie FXDA - par INOXTREND | Italia Machines","og_description":"Les fours ventil\u00e9s professionnels FXDA par INOXTREND sont sp\u00e9cialement con\u00e7us pour les p\u00e2tisseries gastronomiques exigeant performance, fiabilit\u00e9 et flexibilit\u00e9. Disponibles en version \u00e9lectrique ou gaz avec diff\u00e9rentes capacit\u00e9s (6 ou 10 plaques 60&#215;40 cm), ces fours associent une construction en acier inoxydable, un design ergonomique et des fonctionnalit\u00e9s modernes pour garantir une cuisson uniforme, rapide&hellip;","og_url":"https:\/\/italiamachines.com\/en\/boutique\/boulangerie-et-patisserie\/patisserie\/four-pour-patisserie\/fours-ventiles-pour-patisserie\/four-ventile-professionnel-pour-patisserie-fxda-par-inoxtrend\/","og_site_name":"Italia Machines","article_publisher":"https:\/\/web.facebook.com\/italiamachines\/","og_image":[{"width":1460,"height":1320,"url":"https:\/\/italiamachines.com\/wp-content\/uploads\/2025\/07\/FX-DA-610-min.jpg","type":"image\/jpeg"}],"twitter_card":"summary_large_image","twitter_misc":{"Est. reading time":"1 minute"},"schema":{"@context":"https:\/\/schema.org","@graph":[{"@type":"WebPage","@id":"https:\/\/italiamachines.com\/boutique\/boulangerie-et-patisserie\/patisserie\/four-pour-patisserie\/fours-ventiles-pour-patisserie\/four-ventile-professionnel-pour-patisserie-fxda-par-inoxtrend\/","url":"https:\/\/italiamachines.com\/boutique\/boulangerie-et-patisserie\/patisserie\/four-pour-patisserie\/fours-ventiles-pour-patisserie\/four-ventile-professionnel-pour-patisserie-fxda-par-inoxtrend\/","name":"Four ventil\u00e9 professionnel pour p\u00e2tisserie FXDA - par INOXTREND | Italia Machines","isPartOf":{"@id":"https:\/\/italiamachines.com\/#website"},"primaryImageOfPage":{"@id":"https:\/\/italiamachines.com\/boutique\/boulangerie-et-patisserie\/patisserie\/four-pour-patisserie\/fours-ventiles-pour-patisserie\/four-ventile-professionnel-pour-patisserie-fxda-par-inoxtrend\/#primaryimage"},"image":{"@id":"https:\/\/italiamachines.com\/boutique\/boulangerie-et-patisserie\/patisserie\/four-pour-patisserie\/fours-ventiles-pour-patisserie\/four-ventile-professionnel-pour-patisserie-fxda-par-inoxtrend\/#primaryimage"},"thumbnailUrl":"https:\/\/italiamachines.com\/wp-content\/uploads\/2025\/07\/FX-DA-610-min.jpg","datePublished":"2025-07-23T23:09:31+00:00","breadcrumb":{"@id":"https:\/\/italiamachines.com\/boutique\/boulangerie-et-patisserie\/patisserie\/four-pour-patisserie\/fours-ventiles-pour-patisserie\/four-ventile-professionnel-pour-patisserie-fxda-par-inoxtrend\/#breadcrumb"},"inLanguage":"en-US","potentialAction":[{"@type":"ReadAction","target":["https:\/\/italiamachines.com\/boutique\/boulangerie-et-patisserie\/patisserie\/four-pour-patisserie\/fours-ventiles-pour-patisserie\/four-ventile-professionnel-pour-patisserie-fxda-par-inoxtrend\/"]}]},{"@type":"ImageObject","inLanguage":"en-US","@id":"https:\/\/italiamachines.com\/boutique\/boulangerie-et-patisserie\/patisserie\/four-pour-patisserie\/fours-ventiles-pour-patisserie\/four-ventile-professionnel-pour-patisserie-fxda-par-inoxtrend\/#primaryimage","url":"https:\/\/italiamachines.com\/wp-content\/uploads\/2025\/07\/FX-DA-610-min.jpg","contentUrl":"https:\/\/italiamachines.com\/wp-content\/uploads\/2025\/07\/FX-DA-610-min.jpg","width":1460,"height":1320},{"@type":"BreadcrumbList","@id":"https:\/\/italiamachines.com\/boutique\/boulangerie-et-patisserie\/patisserie\/four-pour-patisserie\/fours-ventiles-pour-patisserie\/four-ventile-professionnel-pour-patisserie-fxda-par-inoxtrend\/#breadcrumb","itemListElement":[{"@type":"ListItem","position":1,"name":"Accueil","item":"https:\/\/italiamachines.com\/fr_fr\/"},{"@type":"ListItem","position":2,"name":"Boutique","item":"https:\/\/italiamachines.com\/boutique\/"},{"@type":"ListItem","position":3,"name":"Four ventil\u00e9 professionnel pour p\u00e2tisserie FXDA &#8211; par INOXTREND"}]},{"@type":"WebSite","@id":"https:\/\/italiamachines.com\/#website","url":"https:\/\/italiamachines.com\/","name":"Italia Machines","description":"L&#039;art de l&#039;\u00e9quipement HORECA","publisher":{"@id":"https:\/\/italiamachines.com\/#organization"},"potentialAction":[{"@type":"SearchAction","target":{"@type":"EntryPoint","urlTemplate":"https:\/\/italiamachines.com\/?s={search_term_string}"},"query-input":{"@type":"PropertyValueSpecification","valueRequired":true,"valueName":"search_term_string"}}],"inLanguage":"en-US"},{"@type":"Organization","@id":"https:\/\/italiamachines.com\/#organization","name":"italiamachines","url":"https:\/\/italiamachines.com\/","logo":{"@type":"ImageObject","inLanguage":"en-US","@id":"https:\/\/italiamachines.com\/#\/schema\/logo\/image\/","url":"https:\/\/italiamachines.com\/wp-content\/uploads\/2023\/08\/logo-web-1.png","contentUrl":"https:\/\/italiamachines.com\/wp-content\/uploads\/2023\/08\/logo-web-1.png","width":977,"height":254,"caption":"italiamachines"},"image":{"@id":"https:\/\/italiamachines.com\/#\/schema\/logo\/image\/"},"sameAs":["https:\/\/web.facebook.com\/italiamachines\/","https:\/\/www.instagram.com\/italia.machines\/"]}]}},"_links":{"self":[{"href":"https:\/\/italiamachines.com\/en\/wp-json\/wp\/v2\/product\/11253","targetHints":{"allow":["GET"]}}],"collection":[{"href":"https:\/\/italiamachines.com\/en\/wp-json\/wp\/v2\/product"}],"about":[{"href":"https:\/\/italiamachines.com\/en\/wp-json\/wp\/v2\/types\/product"}],"replies":[{"embeddable":true,"href":"https:\/\/italiamachines.com\/en\/wp-json\/wp\/v2\/comments?post=11253"}],"wp:featuredmedia":[{"embeddable":true,"href":"https:\/\/italiamachines.com\/en\/wp-json\/wp\/v2\/media\/11254"}],"wp:attachment":[{"href":"https:\/\/italiamachines.com\/en\/wp-json\/wp\/v2\/media?parent=11253"}],"wp:term":[{"taxonomy":"product_cat","embeddable":true,"href":"https:\/\/italiamachines.com\/en\/wp-json\/wp\/v2\/product_cat?post=11253"},{"taxonomy":"product_tag","embeddable":true,"href":"https:\/\/italiamachines.com\/en\/wp-json\/wp\/v2\/product_tag?post=11253"}],"curies":[{"name":"wp","href":"https:\/\/api.w.org\/{rel}","templated":true}]}}