{"id":11259,"date":"2025-07-24T01:25:11","date_gmt":"2025-07-23T23:25:11","guid":{"rendered":"https:\/\/italiamachines.com\/?post_type=product&#038;p=11259"},"modified":"2025-07-24T01:25:11","modified_gmt":"2025-07-23T23:25:11","slug":"cuiseur-a-riz-professionnel-a-gaz-15l-par-vigevr","status":"publish","type":"product","link":"https:\/\/italiamachines.com\/en\/boutique\/non-classe\/cuiseur-a-riz-professionnel-a-gaz-15l-par-vigevr\/","title":{"rendered":"Cuiseur \u00e0 Riz Professionnel \u00e0 Gaz 15L \u2013 Par Vigevr"},"content":{"rendered":"<p>Mod\u00e8le : Cuiseur \u00e0 riz \u00e0 gaz professionnel<br \/>\nCapacit\u00e9 totale : 33 litres<br \/>\nCapacit\u00e9 de cuisson de riz cru : 15 litres<br \/>\nDimensions : 525 \u00d7 520 \u00d7 430 mm<br \/>\nSource d\u2019\u00e9nergie : Gaz<br \/>\nMat\u00e9riau du couvercle : Acier inoxydable<br \/>\nCuve int\u00e9rieure : Aluminium \u00e9tir\u00e9 \u00e9pais<br \/>\nMat\u00e9riau du bo\u00eetier : M\u00e9tal \u00e9maill\u00e9<br \/>\nBr\u00fbleur : Fonte \u00e0 usage intensif<br \/>\nS\u00e9curit\u00e9 thermocouple : Optionnelle<br \/>\nUtilisation : Cuisine commerciale, h\u00f4tels, restauration collective<\/p>","protected":false},"excerpt":{"rendered":"<p>Mod\u00e8le : Cuiseur \u00e0 riz \u00e0 gaz professionnel Capacit\u00e9 totale : 33 litres Capacit\u00e9 de cuisson de riz cru : 15 litres Dimensions : 525 \u00d7 520 \u00d7 430 mm Source d\u2019\u00e9nergie : Gaz Mat\u00e9riau du couvercle : Acier inoxydable Cuve int\u00e9rieure : Aluminium \u00e9tir\u00e9 \u00e9pais Mat\u00e9riau du bo\u00eetier : M\u00e9tal \u00e9maill\u00e9 Br\u00fbleur : Fonte&hellip;<\/p>","protected":false},"featured_media":11260,"comment_status":"open","ping_status":"closed","template":"","meta":[],"product_cat":[15],"product_tag":[],"class_list":{"0":"post-11259","1":"product","2":"type-product","3":"status-publish","4":"has-post-thumbnail","6":"product_cat-non-classe","8":"first","9":"instock","10":"shipping-taxable","11":"purchasable","12":"product-type-simple","13":"col-xs-6 col-sm-4","14":"col-md-3 col-lg-3","15":"un-4-cols"},"yoast_head":"<!-- This site is optimized with the Yoast SEO plugin v26.6 - https:\/\/yoast.com\/wordpress\/plugins\/seo\/ -->\n<title>Cuiseur \u00e0 Riz Professionnel \u00e0 Gaz 15L \u2013 Par Vigevr | Italia Machines<\/title>\n<meta name=\"robots\" content=\"index, follow, max-snippet:-1, max-image-preview:large, max-video-preview:-1\" \/>\n<link rel=\"canonical\" href=\"https:\/\/italiamachines.com\/en\/boutique\/non-classe\/cuiseur-a-riz-professionnel-a-gaz-15l-par-vigevr\/\" \/>\n<meta property=\"og:locale\" content=\"en_US\" \/>\n<meta property=\"og:type\" content=\"article\" \/>\n<meta property=\"og:title\" content=\"Cuiseur \u00e0 Riz Professionnel \u00e0 Gaz 15L \u2013 Par Vigevr | Italia Machines\" \/>\n<meta property=\"og:description\" content=\"Mod\u00e8le : Cuiseur \u00e0 riz \u00e0 gaz professionnel Capacit\u00e9 totale : 33 litres Capacit\u00e9 de cuisson de riz cru : 15 litres Dimensions : 525 \u00d7 520 \u00d7 430 mm Source d\u2019\u00e9nergie : Gaz Mat\u00e9riau du couvercle : Acier inoxydable Cuve int\u00e9rieure : Aluminium \u00e9tir\u00e9 \u00e9pais Mat\u00e9riau du bo\u00eetier : M\u00e9tal \u00e9maill\u00e9 Br\u00fbleur : Fonte&hellip;\" \/>\n<meta property=\"og:url\" content=\"https:\/\/italiamachines.com\/en\/boutique\/non-classe\/cuiseur-a-riz-professionnel-a-gaz-15l-par-vigevr\/\" \/>\n<meta property=\"og:site_name\" content=\"Italia Machines\" \/>\n<meta property=\"article:publisher\" content=\"https:\/\/web.facebook.com\/italiamachines\/\" \/>\n<meta property=\"og:image\" content=\"https:\/\/italiamachines.com\/wp-content\/uploads\/2025\/07\/G15L.jpeg\" \/>\n\t<meta property=\"og:image:width\" content=\"225\" \/>\n\t<meta property=\"og:image:height\" content=\"225\" \/>\n\t<meta property=\"og:image:type\" content=\"image\/jpeg\" \/>\n<meta name=\"twitter:card\" content=\"summary_large_image\" \/>\n<meta name=\"twitter:label1\" content=\"Est. reading time\" \/>\n\t<meta name=\"twitter:data1\" content=\"1 minute\" \/>\n<script type=\"application\/ld+json\" class=\"yoast-schema-graph\">{\"@context\":\"https:\/\/schema.org\",\"@graph\":[{\"@type\":\"WebPage\",\"@id\":\"https:\/\/italiamachines.com\/boutique\/non-classe\/cuiseur-a-riz-professionnel-a-gaz-15l-par-vigevr\/\",\"url\":\"https:\/\/italiamachines.com\/boutique\/non-classe\/cuiseur-a-riz-professionnel-a-gaz-15l-par-vigevr\/\",\"name\":\"Cuiseur \u00e0 Riz Professionnel \u00e0 Gaz 15L \u2013 Par Vigevr | Italia Machines\",\"isPartOf\":{\"@id\":\"https:\/\/italiamachines.com\/#website\"},\"primaryImageOfPage\":{\"@id\":\"https:\/\/italiamachines.com\/boutique\/non-classe\/cuiseur-a-riz-professionnel-a-gaz-15l-par-vigevr\/#primaryimage\"},\"image\":{\"@id\":\"https:\/\/italiamachines.com\/boutique\/non-classe\/cuiseur-a-riz-professionnel-a-gaz-15l-par-vigevr\/#primaryimage\"},\"thumbnailUrl\":\"https:\/\/italiamachines.com\/wp-content\/uploads\/2025\/07\/G15L.jpeg\",\"datePublished\":\"2025-07-23T23:25:11+00:00\",\"breadcrumb\":{\"@id\":\"https:\/\/italiamachines.com\/boutique\/non-classe\/cuiseur-a-riz-professionnel-a-gaz-15l-par-vigevr\/#breadcrumb\"},\"inLanguage\":\"en-US\",\"potentialAction\":[{\"@type\":\"ReadAction\",\"target\":[\"https:\/\/italiamachines.com\/boutique\/non-classe\/cuiseur-a-riz-professionnel-a-gaz-15l-par-vigevr\/\"]}]},{\"@type\":\"ImageObject\",\"inLanguage\":\"en-US\",\"@id\":\"https:\/\/italiamachines.com\/boutique\/non-classe\/cuiseur-a-riz-professionnel-a-gaz-15l-par-vigevr\/#primaryimage\",\"url\":\"https:\/\/italiamachines.com\/wp-content\/uploads\/2025\/07\/G15L.jpeg\",\"contentUrl\":\"https:\/\/italiamachines.com\/wp-content\/uploads\/2025\/07\/G15L.jpeg\",\"width\":225,\"height\":225},{\"@type\":\"BreadcrumbList\",\"@id\":\"https:\/\/italiamachines.com\/boutique\/non-classe\/cuiseur-a-riz-professionnel-a-gaz-15l-par-vigevr\/#breadcrumb\",\"itemListElement\":[{\"@type\":\"ListItem\",\"position\":1,\"name\":\"Accueil\",\"item\":\"https:\/\/italiamachines.com\/fr_fr\/\"},{\"@type\":\"ListItem\",\"position\":2,\"name\":\"Boutique\",\"item\":\"https:\/\/italiamachines.com\/boutique\/\"},{\"@type\":\"ListItem\",\"position\":3,\"name\":\"Cuiseur \u00e0 Riz Professionnel \u00e0 Gaz 15L \u2013 Par Vigevr\"}]},{\"@type\":\"WebSite\",\"@id\":\"https:\/\/italiamachines.com\/#website\",\"url\":\"https:\/\/italiamachines.com\/\",\"name\":\"Italia Machines\",\"description\":\"L&#039;art de l&#039;\u00e9quipement HORECA\",\"publisher\":{\"@id\":\"https:\/\/italiamachines.com\/#organization\"},\"potentialAction\":[{\"@type\":\"SearchAction\",\"target\":{\"@type\":\"EntryPoint\",\"urlTemplate\":\"https:\/\/italiamachines.com\/?s={search_term_string}\"},\"query-input\":{\"@type\":\"PropertyValueSpecification\",\"valueRequired\":true,\"valueName\":\"search_term_string\"}}],\"inLanguage\":\"en-US\"},{\"@type\":\"Organization\",\"@id\":\"https:\/\/italiamachines.com\/#organization\",\"name\":\"italiamachines\",\"url\":\"https:\/\/italiamachines.com\/\",\"logo\":{\"@type\":\"ImageObject\",\"inLanguage\":\"en-US\",\"@id\":\"https:\/\/italiamachines.com\/#\/schema\/logo\/image\/\",\"url\":\"https:\/\/italiamachines.com\/wp-content\/uploads\/2023\/08\/logo-web-1.png\",\"contentUrl\":\"https:\/\/italiamachines.com\/wp-content\/uploads\/2023\/08\/logo-web-1.png\",\"width\":977,\"height\":254,\"caption\":\"italiamachines\"},\"image\":{\"@id\":\"https:\/\/italiamachines.com\/#\/schema\/logo\/image\/\"},\"sameAs\":[\"https:\/\/web.facebook.com\/italiamachines\/\",\"https:\/\/www.instagram.com\/italia.machines\/\"]}]}<\/script>\n<!-- \/ Yoast SEO plugin. -->","yoast_head_json":{"title":"Cuiseur \u00e0 Riz Professionnel \u00e0 Gaz 15L \u2013 Par Vigevr | Italia Machines","robots":{"index":"index","follow":"follow","max-snippet":"max-snippet:-1","max-image-preview":"max-image-preview:large","max-video-preview":"max-video-preview:-1"},"canonical":"https:\/\/italiamachines.com\/en\/boutique\/non-classe\/cuiseur-a-riz-professionnel-a-gaz-15l-par-vigevr\/","og_locale":"en_US","og_type":"article","og_title":"Cuiseur \u00e0 Riz Professionnel \u00e0 Gaz 15L \u2013 Par Vigevr | Italia Machines","og_description":"Mod\u00e8le : Cuiseur \u00e0 riz \u00e0 gaz professionnel Capacit\u00e9 totale : 33 litres Capacit\u00e9 de cuisson de riz cru : 15 litres Dimensions : 525 \u00d7 520 \u00d7 430 mm Source d\u2019\u00e9nergie : Gaz Mat\u00e9riau du couvercle : Acier inoxydable Cuve int\u00e9rieure : Aluminium \u00e9tir\u00e9 \u00e9pais Mat\u00e9riau du bo\u00eetier : M\u00e9tal \u00e9maill\u00e9 Br\u00fbleur : Fonte&hellip;","og_url":"https:\/\/italiamachines.com\/en\/boutique\/non-classe\/cuiseur-a-riz-professionnel-a-gaz-15l-par-vigevr\/","og_site_name":"Italia Machines","article_publisher":"https:\/\/web.facebook.com\/italiamachines\/","og_image":[{"width":225,"height":225,"url":"https:\/\/italiamachines.com\/wp-content\/uploads\/2025\/07\/G15L.jpeg","type":"image\/jpeg"}],"twitter_card":"summary_large_image","twitter_misc":{"Est. reading time":"1 minute"},"schema":{"@context":"https:\/\/schema.org","@graph":[{"@type":"WebPage","@id":"https:\/\/italiamachines.com\/boutique\/non-classe\/cuiseur-a-riz-professionnel-a-gaz-15l-par-vigevr\/","url":"https:\/\/italiamachines.com\/boutique\/non-classe\/cuiseur-a-riz-professionnel-a-gaz-15l-par-vigevr\/","name":"Cuiseur \u00e0 Riz Professionnel \u00e0 Gaz 15L \u2013 Par Vigevr | Italia Machines","isPartOf":{"@id":"https:\/\/italiamachines.com\/#website"},"primaryImageOfPage":{"@id":"https:\/\/italiamachines.com\/boutique\/non-classe\/cuiseur-a-riz-professionnel-a-gaz-15l-par-vigevr\/#primaryimage"},"image":{"@id":"https:\/\/italiamachines.com\/boutique\/non-classe\/cuiseur-a-riz-professionnel-a-gaz-15l-par-vigevr\/#primaryimage"},"thumbnailUrl":"https:\/\/italiamachines.com\/wp-content\/uploads\/2025\/07\/G15L.jpeg","datePublished":"2025-07-23T23:25:11+00:00","breadcrumb":{"@id":"https:\/\/italiamachines.com\/boutique\/non-classe\/cuiseur-a-riz-professionnel-a-gaz-15l-par-vigevr\/#breadcrumb"},"inLanguage":"en-US","potentialAction":[{"@type":"ReadAction","target":["https:\/\/italiamachines.com\/boutique\/non-classe\/cuiseur-a-riz-professionnel-a-gaz-15l-par-vigevr\/"]}]},{"@type":"ImageObject","inLanguage":"en-US","@id":"https:\/\/italiamachines.com\/boutique\/non-classe\/cuiseur-a-riz-professionnel-a-gaz-15l-par-vigevr\/#primaryimage","url":"https:\/\/italiamachines.com\/wp-content\/uploads\/2025\/07\/G15L.jpeg","contentUrl":"https:\/\/italiamachines.com\/wp-content\/uploads\/2025\/07\/G15L.jpeg","width":225,"height":225},{"@type":"BreadcrumbList","@id":"https:\/\/italiamachines.com\/boutique\/non-classe\/cuiseur-a-riz-professionnel-a-gaz-15l-par-vigevr\/#breadcrumb","itemListElement":[{"@type":"ListItem","position":1,"name":"Accueil","item":"https:\/\/italiamachines.com\/fr_fr\/"},{"@type":"ListItem","position":2,"name":"Boutique","item":"https:\/\/italiamachines.com\/boutique\/"},{"@type":"ListItem","position":3,"name":"Cuiseur \u00e0 Riz Professionnel \u00e0 Gaz 15L \u2013 Par Vigevr"}]},{"@type":"WebSite","@id":"https:\/\/italiamachines.com\/#website","url":"https:\/\/italiamachines.com\/","name":"Italia Machines","description":"L&#039;art de l&#039;\u00e9quipement HORECA","publisher":{"@id":"https:\/\/italiamachines.com\/#organization"},"potentialAction":[{"@type":"SearchAction","target":{"@type":"EntryPoint","urlTemplate":"https:\/\/italiamachines.com\/?s={search_term_string}"},"query-input":{"@type":"PropertyValueSpecification","valueRequired":true,"valueName":"search_term_string"}}],"inLanguage":"en-US"},{"@type":"Organization","@id":"https:\/\/italiamachines.com\/#organization","name":"italiamachines","url":"https:\/\/italiamachines.com\/","logo":{"@type":"ImageObject","inLanguage":"en-US","@id":"https:\/\/italiamachines.com\/#\/schema\/logo\/image\/","url":"https:\/\/italiamachines.com\/wp-content\/uploads\/2023\/08\/logo-web-1.png","contentUrl":"https:\/\/italiamachines.com\/wp-content\/uploads\/2023\/08\/logo-web-1.png","width":977,"height":254,"caption":"italiamachines"},"image":{"@id":"https:\/\/italiamachines.com\/#\/schema\/logo\/image\/"},"sameAs":["https:\/\/web.facebook.com\/italiamachines\/","https:\/\/www.instagram.com\/italia.machines\/"]}]}},"_links":{"self":[{"href":"https:\/\/italiamachines.com\/en\/wp-json\/wp\/v2\/product\/11259","targetHints":{"allow":["GET"]}}],"collection":[{"href":"https:\/\/italiamachines.com\/en\/wp-json\/wp\/v2\/product"}],"about":[{"href":"https:\/\/italiamachines.com\/en\/wp-json\/wp\/v2\/types\/product"}],"replies":[{"embeddable":true,"href":"https:\/\/italiamachines.com\/en\/wp-json\/wp\/v2\/comments?post=11259"}],"wp:featuredmedia":[{"embeddable":true,"href":"https:\/\/italiamachines.com\/en\/wp-json\/wp\/v2\/media\/11260"}],"wp:attachment":[{"href":"https:\/\/italiamachines.com\/en\/wp-json\/wp\/v2\/media?parent=11259"}],"wp:term":[{"taxonomy":"product_cat","embeddable":true,"href":"https:\/\/italiamachines.com\/en\/wp-json\/wp\/v2\/product_cat?post=11259"},{"taxonomy":"product_tag","embeddable":true,"href":"https:\/\/italiamachines.com\/en\/wp-json\/wp\/v2\/product_tag?post=11259"}],"curies":[{"name":"wp","href":"https:\/\/api.w.org\/{rel}","templated":true}]}}