{"id":4219,"date":"2023-07-30T02:40:00","date_gmt":"2023-07-30T02:40:00","guid":{"rendered":"https:\/\/prod.italiamachines.com\/product\/bain-marie-electrique-par-offcar-dimensions-350x630x285\/"},"modified":"2025-04-17T00:01:15","modified_gmt":"2025-04-16T22:01:15","slug":"bain-marie-electrique-par-offcar-dimensions-350x630x285","status":"publish","type":"product","link":"https:\/\/italiamachines.com\/en\/boutique\/restaurant-snack-et-pizzeria\/cuisson\/bain-marie\/bain-marie-electrique-par-offcar-dimensions-350x630x285\/","title":{"rendered":"Bain-Marie \u00e9lectrique par Offcar | Empero | Desco"},"content":{"rendered":"<p>Plan de travail et cuve en acier inoxydable AISI 304 avec coins enti\u00e8rement arrondis.<br \/>\nRobinet de vidange d&rsquo;eau \u00e0 l&rsquo;avant.<br \/>\n\u00c9l\u00e9ment chauffant plat isol\u00e9 en silicone fix\u00e9 directement au fond externe de la cuve.<br \/>\nR\u00e9gulation thermostatique de la temp\u00e9rature de 30\u00b0C \u00e0 90\u00b0C avec t\u00e9moin lumineux de fonctionnement.<br \/>\nPanneau de commande amovible pour un nettoyage et un entretien faciles.<\/p>","protected":false},"excerpt":{"rendered":"<p>Plan de travail et cuve en acier inoxydable AISI 304 avec coins enti\u00e8rement arrondis. Robinet de vidange d&rsquo;eau \u00e0 l&rsquo;avant. \u00c9l\u00e9ment chauffant plat isol\u00e9 en silicone fix\u00e9 directement au fond externe de la cuve. R\u00e9gulation thermostatique de la temp\u00e9rature de 30\u00b0C \u00e0 90\u00b0C avec t\u00e9moin lumineux de fonctionnement. Panneau de commande amovible pour un nettoyage&hellip;<\/p>","protected":false},"featured_media":4218,"comment_status":"open","ping_status":"closed","template":"","meta":[],"product_cat":[253,171,112],"product_tag":[],"class_list":{"0":"post-4219","1":"product","2":"type-product","3":"status-publish","4":"has-post-thumbnail","6":"product_cat-bain-marie","7":"product_cat-cuisson","8":"product_cat-restaurant-snack-et-pizzeria","9":"pa_emplacement-posable","10":"pa_emplacement-sur-meuble","11":"pa_serie-278","12":"pa_serie-354","13":"pa_serie-53","14":"pa_serie-54","15":"pa_serie-356","16":"pa_serie-355","17":"pa_serie-56","18":"pa_typologie-electrique","19":"pa_typologie-gaz","20":"product-has-variation-images","22":"first","23":"instock","24":"shipping-taxable","25":"purchasable","26":"product-type-variable","27":"col-xs-6 col-sm-4","28":"col-md-3 col-lg-3","29":"un-4-cols"},"yoast_head":"<!-- This site is optimized with the Yoast SEO plugin v26.6 - https:\/\/yoast.com\/wordpress\/plugins\/seo\/ -->\n<title>Bain-Marie \u00e9lectrique par Offcar | Empero | Desco | Italia Machines<\/title>\n<meta name=\"robots\" content=\"index, follow, max-snippet:-1, max-image-preview:large, max-video-preview:-1\" \/>\n<link rel=\"canonical\" href=\"https:\/\/italiamachines.com\/en\/boutique\/restaurant-snack-et-pizzeria\/cuisson\/bain-marie\/bain-marie-electrique-par-offcar-dimensions-350x630x285\/\" \/>\n<meta property=\"og:locale\" content=\"en_US\" \/>\n<meta property=\"og:type\" content=\"article\" \/>\n<meta property=\"og:title\" content=\"Bain-Marie \u00e9lectrique par Offcar | Empero | Desco | Italia Machines\" \/>\n<meta property=\"og:description\" content=\"Plan de travail et cuve en acier inoxydable AISI 304 avec coins enti\u00e8rement arrondis. Robinet de vidange d&rsquo;eau \u00e0 l&rsquo;avant. \u00c9l\u00e9ment chauffant plat isol\u00e9 en silicone fix\u00e9 directement au fond externe de la cuve. R\u00e9gulation thermostatique de la temp\u00e9rature de 30\u00b0C \u00e0 90\u00b0C avec t\u00e9moin lumineux de fonctionnement. Panneau de commande amovible pour un nettoyage&hellip;\" \/>\n<meta property=\"og:url\" content=\"https:\/\/italiamachines.com\/en\/boutique\/restaurant-snack-et-pizzeria\/cuisson\/bain-marie\/bain-marie-electrique-par-offcar-dimensions-350x630x285\/\" \/>\n<meta property=\"og:site_name\" content=\"Italia Machines\" \/>\n<meta property=\"article:publisher\" content=\"https:\/\/web.facebook.com\/italiamachines\/\" \/>\n<meta property=\"article:modified_time\" content=\"2025-04-16T22:01:15+00:00\" \/>\n<meta property=\"og:image\" content=\"https:\/\/italiamachines.com\/wp-content\/uploads\/2023\/07\/6UBME35-1.jpeg\" \/>\n\t<meta property=\"og:image:width\" content=\"400\" \/>\n\t<meta property=\"og:image:height\" content=\"400\" \/>\n\t<meta property=\"og:image:type\" content=\"image\/jpeg\" \/>\n<meta name=\"twitter:card\" content=\"summary_large_image\" \/>\n<meta name=\"twitter:label1\" content=\"Est. reading time\" \/>\n\t<meta name=\"twitter:data1\" content=\"1 minute\" \/>\n<script type=\"application\/ld+json\" class=\"yoast-schema-graph\">{\"@context\":\"https:\/\/schema.org\",\"@graph\":[{\"@type\":\"WebPage\",\"@id\":\"https:\/\/italiamachines.com\/boutique\/restaurant-snack-et-pizzeria\/cuisson\/bain-marie\/bain-marie-electrique-par-offcar-dimensions-350x630x285\/\",\"url\":\"https:\/\/italiamachines.com\/boutique\/restaurant-snack-et-pizzeria\/cuisson\/bain-marie\/bain-marie-electrique-par-offcar-dimensions-350x630x285\/\",\"name\":\"Bain-Marie \u00e9lectrique par Offcar | Empero | Desco | Italia Machines\",\"isPartOf\":{\"@id\":\"https:\/\/italiamachines.com\/#website\"},\"primaryImageOfPage\":{\"@id\":\"https:\/\/italiamachines.com\/boutique\/restaurant-snack-et-pizzeria\/cuisson\/bain-marie\/bain-marie-electrique-par-offcar-dimensions-350x630x285\/#primaryimage\"},\"image\":{\"@id\":\"https:\/\/italiamachines.com\/boutique\/restaurant-snack-et-pizzeria\/cuisson\/bain-marie\/bain-marie-electrique-par-offcar-dimensions-350x630x285\/#primaryimage\"},\"thumbnailUrl\":\"https:\/\/italiamachines.com\/wp-content\/uploads\/2023\/07\/6UBME35-1.jpeg\",\"datePublished\":\"2023-07-30T02:40:00+00:00\",\"dateModified\":\"2025-04-16T22:01:15+00:00\",\"breadcrumb\":{\"@id\":\"https:\/\/italiamachines.com\/boutique\/restaurant-snack-et-pizzeria\/cuisson\/bain-marie\/bain-marie-electrique-par-offcar-dimensions-350x630x285\/#breadcrumb\"},\"inLanguage\":\"en-US\",\"potentialAction\":[{\"@type\":\"ReadAction\",\"target\":[\"https:\/\/italiamachines.com\/boutique\/restaurant-snack-et-pizzeria\/cuisson\/bain-marie\/bain-marie-electrique-par-offcar-dimensions-350x630x285\/\"]}]},{\"@type\":\"ImageObject\",\"inLanguage\":\"en-US\",\"@id\":\"https:\/\/italiamachines.com\/boutique\/restaurant-snack-et-pizzeria\/cuisson\/bain-marie\/bain-marie-electrique-par-offcar-dimensions-350x630x285\/#primaryimage\",\"url\":\"https:\/\/italiamachines.com\/wp-content\/uploads\/2023\/07\/6UBME35-1.jpeg\",\"contentUrl\":\"https:\/\/italiamachines.com\/wp-content\/uploads\/2023\/07\/6UBME35-1.jpeg\",\"width\":400,\"height\":400},{\"@type\":\"BreadcrumbList\",\"@id\":\"https:\/\/italiamachines.com\/boutique\/restaurant-snack-et-pizzeria\/cuisson\/bain-marie\/bain-marie-electrique-par-offcar-dimensions-350x630x285\/#breadcrumb\",\"itemListElement\":[{\"@type\":\"ListItem\",\"position\":1,\"name\":\"Accueil\",\"item\":\"https:\/\/italiamachines.com\/fr_fr\/\"},{\"@type\":\"ListItem\",\"position\":2,\"name\":\"Boutique\",\"item\":\"https:\/\/italiamachines.com\/boutique\/\"},{\"@type\":\"ListItem\",\"position\":3,\"name\":\"Bain-Marie \u00e9lectrique par Offcar | Empero | Desco\"}]},{\"@type\":\"WebSite\",\"@id\":\"https:\/\/italiamachines.com\/#website\",\"url\":\"https:\/\/italiamachines.com\/\",\"name\":\"Italia Machines\",\"description\":\"L&#039;art de l&#039;\u00e9quipement HORECA\",\"publisher\":{\"@id\":\"https:\/\/italiamachines.com\/#organization\"},\"potentialAction\":[{\"@type\":\"SearchAction\",\"target\":{\"@type\":\"EntryPoint\",\"urlTemplate\":\"https:\/\/italiamachines.com\/?s={search_term_string}\"},\"query-input\":{\"@type\":\"PropertyValueSpecification\",\"valueRequired\":true,\"valueName\":\"search_term_string\"}}],\"inLanguage\":\"en-US\"},{\"@type\":\"Organization\",\"@id\":\"https:\/\/italiamachines.com\/#organization\",\"name\":\"italiamachines\",\"url\":\"https:\/\/italiamachines.com\/\",\"logo\":{\"@type\":\"ImageObject\",\"inLanguage\":\"en-US\",\"@id\":\"https:\/\/italiamachines.com\/#\/schema\/logo\/image\/\",\"url\":\"https:\/\/italiamachines.com\/wp-content\/uploads\/2023\/08\/logo-web-1.png\",\"contentUrl\":\"https:\/\/italiamachines.com\/wp-content\/uploads\/2023\/08\/logo-web-1.png\",\"width\":977,\"height\":254,\"caption\":\"italiamachines\"},\"image\":{\"@id\":\"https:\/\/italiamachines.com\/#\/schema\/logo\/image\/\"},\"sameAs\":[\"https:\/\/web.facebook.com\/italiamachines\/\",\"https:\/\/www.instagram.com\/italia.machines\/\"]}]}<\/script>\n<!-- \/ Yoast SEO plugin. -->","yoast_head_json":{"title":"Bain-Marie \u00e9lectrique par Offcar | Empero | Desco | Italia Machines","robots":{"index":"index","follow":"follow","max-snippet":"max-snippet:-1","max-image-preview":"max-image-preview:large","max-video-preview":"max-video-preview:-1"},"canonical":"https:\/\/italiamachines.com\/en\/boutique\/restaurant-snack-et-pizzeria\/cuisson\/bain-marie\/bain-marie-electrique-par-offcar-dimensions-350x630x285\/","og_locale":"en_US","og_type":"article","og_title":"Bain-Marie \u00e9lectrique par Offcar | Empero | Desco | Italia Machines","og_description":"Plan de travail et cuve en acier inoxydable AISI 304 avec coins enti\u00e8rement arrondis. Robinet de vidange d&rsquo;eau \u00e0 l&rsquo;avant. \u00c9l\u00e9ment chauffant plat isol\u00e9 en silicone fix\u00e9 directement au fond externe de la cuve. R\u00e9gulation thermostatique de la temp\u00e9rature de 30\u00b0C \u00e0 90\u00b0C avec t\u00e9moin lumineux de fonctionnement. Panneau de commande amovible pour un nettoyage&hellip;","og_url":"https:\/\/italiamachines.com\/en\/boutique\/restaurant-snack-et-pizzeria\/cuisson\/bain-marie\/bain-marie-electrique-par-offcar-dimensions-350x630x285\/","og_site_name":"Italia Machines","article_publisher":"https:\/\/web.facebook.com\/italiamachines\/","article_modified_time":"2025-04-16T22:01:15+00:00","og_image":[{"width":400,"height":400,"url":"https:\/\/italiamachines.com\/wp-content\/uploads\/2023\/07\/6UBME35-1.jpeg","type":"image\/jpeg"}],"twitter_card":"summary_large_image","twitter_misc":{"Est. reading time":"1 minute"},"schema":{"@context":"https:\/\/schema.org","@graph":[{"@type":"WebPage","@id":"https:\/\/italiamachines.com\/boutique\/restaurant-snack-et-pizzeria\/cuisson\/bain-marie\/bain-marie-electrique-par-offcar-dimensions-350x630x285\/","url":"https:\/\/italiamachines.com\/boutique\/restaurant-snack-et-pizzeria\/cuisson\/bain-marie\/bain-marie-electrique-par-offcar-dimensions-350x630x285\/","name":"Bain-Marie \u00e9lectrique par Offcar | Empero | Desco | Italia Machines","isPartOf":{"@id":"https:\/\/italiamachines.com\/#website"},"primaryImageOfPage":{"@id":"https:\/\/italiamachines.com\/boutique\/restaurant-snack-et-pizzeria\/cuisson\/bain-marie\/bain-marie-electrique-par-offcar-dimensions-350x630x285\/#primaryimage"},"image":{"@id":"https:\/\/italiamachines.com\/boutique\/restaurant-snack-et-pizzeria\/cuisson\/bain-marie\/bain-marie-electrique-par-offcar-dimensions-350x630x285\/#primaryimage"},"thumbnailUrl":"https:\/\/italiamachines.com\/wp-content\/uploads\/2023\/07\/6UBME35-1.jpeg","datePublished":"2023-07-30T02:40:00+00:00","dateModified":"2025-04-16T22:01:15+00:00","breadcrumb":{"@id":"https:\/\/italiamachines.com\/boutique\/restaurant-snack-et-pizzeria\/cuisson\/bain-marie\/bain-marie-electrique-par-offcar-dimensions-350x630x285\/#breadcrumb"},"inLanguage":"en-US","potentialAction":[{"@type":"ReadAction","target":["https:\/\/italiamachines.com\/boutique\/restaurant-snack-et-pizzeria\/cuisson\/bain-marie\/bain-marie-electrique-par-offcar-dimensions-350x630x285\/"]}]},{"@type":"ImageObject","inLanguage":"en-US","@id":"https:\/\/italiamachines.com\/boutique\/restaurant-snack-et-pizzeria\/cuisson\/bain-marie\/bain-marie-electrique-par-offcar-dimensions-350x630x285\/#primaryimage","url":"https:\/\/italiamachines.com\/wp-content\/uploads\/2023\/07\/6UBME35-1.jpeg","contentUrl":"https:\/\/italiamachines.com\/wp-content\/uploads\/2023\/07\/6UBME35-1.jpeg","width":400,"height":400},{"@type":"BreadcrumbList","@id":"https:\/\/italiamachines.com\/boutique\/restaurant-snack-et-pizzeria\/cuisson\/bain-marie\/bain-marie-electrique-par-offcar-dimensions-350x630x285\/#breadcrumb","itemListElement":[{"@type":"ListItem","position":1,"name":"Accueil","item":"https:\/\/italiamachines.com\/fr_fr\/"},{"@type":"ListItem","position":2,"name":"Boutique","item":"https:\/\/italiamachines.com\/boutique\/"},{"@type":"ListItem","position":3,"name":"Bain-Marie \u00e9lectrique par Offcar | Empero | Desco"}]},{"@type":"WebSite","@id":"https:\/\/italiamachines.com\/#website","url":"https:\/\/italiamachines.com\/","name":"Italia Machines","description":"L&#039;art de l&#039;\u00e9quipement HORECA","publisher":{"@id":"https:\/\/italiamachines.com\/#organization"},"potentialAction":[{"@type":"SearchAction","target":{"@type":"EntryPoint","urlTemplate":"https:\/\/italiamachines.com\/?s={search_term_string}"},"query-input":{"@type":"PropertyValueSpecification","valueRequired":true,"valueName":"search_term_string"}}],"inLanguage":"en-US"},{"@type":"Organization","@id":"https:\/\/italiamachines.com\/#organization","name":"italiamachines","url":"https:\/\/italiamachines.com\/","logo":{"@type":"ImageObject","inLanguage":"en-US","@id":"https:\/\/italiamachines.com\/#\/schema\/logo\/image\/","url":"https:\/\/italiamachines.com\/wp-content\/uploads\/2023\/08\/logo-web-1.png","contentUrl":"https:\/\/italiamachines.com\/wp-content\/uploads\/2023\/08\/logo-web-1.png","width":977,"height":254,"caption":"italiamachines"},"image":{"@id":"https:\/\/italiamachines.com\/#\/schema\/logo\/image\/"},"sameAs":["https:\/\/web.facebook.com\/italiamachines\/","https:\/\/www.instagram.com\/italia.machines\/"]}]}},"_links":{"self":[{"href":"https:\/\/italiamachines.com\/en\/wp-json\/wp\/v2\/product\/4219","targetHints":{"allow":["GET"]}}],"collection":[{"href":"https:\/\/italiamachines.com\/en\/wp-json\/wp\/v2\/product"}],"about":[{"href":"https:\/\/italiamachines.com\/en\/wp-json\/wp\/v2\/types\/product"}],"replies":[{"embeddable":true,"href":"https:\/\/italiamachines.com\/en\/wp-json\/wp\/v2\/comments?post=4219"}],"wp:featuredmedia":[{"embeddable":true,"href":"https:\/\/italiamachines.com\/en\/wp-json\/wp\/v2\/media\/4218"}],"wp:attachment":[{"href":"https:\/\/italiamachines.com\/en\/wp-json\/wp\/v2\/media?parent=4219"}],"wp:term":[{"taxonomy":"product_cat","embeddable":true,"href":"https:\/\/italiamachines.com\/en\/wp-json\/wp\/v2\/product_cat?post=4219"},{"taxonomy":"product_tag","embeddable":true,"href":"https:\/\/italiamachines.com\/en\/wp-json\/wp\/v2\/product_tag?post=4219"}],"curies":[{"name":"wp","href":"https:\/\/api.w.org\/{rel}","templated":true}]}}