{"id":4228,"date":"2023-07-30T02:41:59","date_gmt":"2023-07-30T02:41:59","guid":{"rendered":"https:\/\/prod.italiamachines.com\/product\/plaque-a-grillade-a-gaz-par-offcar-dimensions-700x630x285\/"},"modified":"2025-04-20T19:43:03","modified_gmt":"2025-04-20T17:43:03","slug":"plaque-a-grillade-a-gaz-par-offcar-dimensions-700x630x285","status":"publish","type":"product","link":"https:\/\/italiamachines.com\/en\/boutique\/restaurant-snack-et-pizzeria\/cuisson\/plaque-a-grillade-a-gaz-par-offcar-dimensions-700x630x285\/","title":{"rendered":"Plaque \u00e0 grillade \u00e0 gaz ou \u00e9lectrique &#8211; par Offcar |Empero |Bertos |Lors |Arilex | Desco"},"content":{"rendered":"<p>Plaque de cuisson en acier sp\u00e9cial \u00e9pais et poli<br \/>\nTiroir amovible pour collecter les graisses<br \/>\nBr\u00fbleurs en acier inoxydable avec une flamme stabilis\u00e9e<br \/>\nR\u00e9gulation de la temp\u00e9rature de 100\u00b0C \u00e0 300\u00b0C au moyen d&rsquo;un robinet thermostatique avec valve de s\u00e9curit\u00e9 et thermocouple<br \/>\nAllumage \u00e9lectronique \u00e0 batterie<br \/>\nPanneau de commande amovible pour un nettoyage et un entretien faciles.<\/p>","protected":false},"excerpt":{"rendered":"<p>Plaque de cuisson en acier sp\u00e9cial \u00e9pais et poli Tiroir amovible pour collecter les graisses Br\u00fbleurs en acier inoxydable avec une flamme stabilis\u00e9e R\u00e9gulation de la temp\u00e9rature de 100\u00b0C \u00e0 300\u00b0C au moyen d&rsquo;un robinet thermostatique avec valve de s\u00e9curit\u00e9 et thermocouple Allumage \u00e9lectronique \u00e0 batterie Panneau de commande amovible pour un nettoyage et un&hellip;<\/p>","protected":false},"featured_media":4227,"comment_status":"open","ping_status":"closed","template":"","meta":[],"product_cat":[171,112],"product_tag":[],"class_list":{"0":"post-4228","1":"product","2":"type-product","3":"status-publish","4":"has-post-thumbnail","6":"product_cat-cuisson","7":"product_cat-restaurant-snack-et-pizzeria","8":"pa_emplacement-posable","9":"pa_emplacement-sur-four","10":"pa_emplacement-sur-meuble","11":"pa_serie-278","12":"pa_serie-53","13":"pa_serie-54","14":"pa_serie-56","15":"pa_typologie-electrique","16":"pa_typologie-gaz","17":"product-has-variation-images","19":"first","20":"instock","21":"shipping-taxable","22":"purchasable","23":"product-type-variable","24":"col-xs-6 col-sm-4","25":"col-md-3 col-lg-3","26":"un-4-cols"},"yoast_head":"<!-- This site is optimized with the Yoast SEO plugin v26.6 - https:\/\/yoast.com\/wordpress\/plugins\/seo\/ -->\n<title>Plaque \u00e0 grillade \u00e0 gaz ou \u00e9lectrique - par Offcar |Empero |Bertos |Lors |Arilex | Desco | Italia Machines<\/title>\n<meta name=\"robots\" content=\"index, follow, max-snippet:-1, max-image-preview:large, max-video-preview:-1\" \/>\n<link rel=\"canonical\" href=\"https:\/\/italiamachines.com\/en\/boutique\/restaurant-snack-et-pizzeria\/cuisson\/plaque-a-grillade-a-gaz-par-offcar-dimensions-700x630x285\/\" \/>\n<meta property=\"og:locale\" content=\"en_US\" \/>\n<meta property=\"og:type\" content=\"article\" \/>\n<meta property=\"og:title\" content=\"Plaque \u00e0 grillade \u00e0 gaz ou \u00e9lectrique - par Offcar |Empero |Bertos |Lors |Arilex | Desco | Italia Machines\" \/>\n<meta property=\"og:description\" content=\"Plaque de cuisson en acier sp\u00e9cial \u00e9pais et poli Tiroir amovible pour collecter les graisses Br\u00fbleurs en acier inoxydable avec une flamme stabilis\u00e9e R\u00e9gulation de la temp\u00e9rature de 100\u00b0C \u00e0 300\u00b0C au moyen d&rsquo;un robinet thermostatique avec valve de s\u00e9curit\u00e9 et thermocouple Allumage \u00e9lectronique \u00e0 batterie Panneau de commande amovible pour un nettoyage et un&hellip;\" \/>\n<meta property=\"og:url\" content=\"https:\/\/italiamachines.com\/en\/boutique\/restaurant-snack-et-pizzeria\/cuisson\/plaque-a-grillade-a-gaz-par-offcar-dimensions-700x630x285\/\" \/>\n<meta property=\"og:site_name\" content=\"Italia Machines\" \/>\n<meta property=\"article:publisher\" content=\"https:\/\/web.facebook.com\/italiamachines\/\" \/>\n<meta property=\"article:modified_time\" content=\"2025-04-20T17:43:03+00:00\" \/>\n<meta property=\"og:image\" content=\"https:\/\/italiamachines.com\/wp-content\/uploads\/2023\/07\/6UFTG70L.jpeg\" \/>\n\t<meta property=\"og:image:width\" content=\"800\" \/>\n\t<meta property=\"og:image:height\" content=\"800\" \/>\n\t<meta property=\"og:image:type\" content=\"image\/jpeg\" \/>\n<meta name=\"twitter:card\" content=\"summary_large_image\" \/>\n<meta name=\"twitter:label1\" content=\"Est. reading time\" \/>\n\t<meta name=\"twitter:data1\" content=\"1 minute\" \/>\n<script type=\"application\/ld+json\" class=\"yoast-schema-graph\">{\"@context\":\"https:\/\/schema.org\",\"@graph\":[{\"@type\":\"WebPage\",\"@id\":\"https:\/\/italiamachines.com\/boutique\/restaurant-snack-et-pizzeria\/cuisson\/plaque-a-grillade-a-gaz-par-offcar-dimensions-700x630x285\/\",\"url\":\"https:\/\/italiamachines.com\/boutique\/restaurant-snack-et-pizzeria\/cuisson\/plaque-a-grillade-a-gaz-par-offcar-dimensions-700x630x285\/\",\"name\":\"Plaque \u00e0 grillade \u00e0 gaz ou \u00e9lectrique - par Offcar |Empero |Bertos |Lors |Arilex | Desco | Italia Machines\",\"isPartOf\":{\"@id\":\"https:\/\/italiamachines.com\/#website\"},\"primaryImageOfPage\":{\"@id\":\"https:\/\/italiamachines.com\/boutique\/restaurant-snack-et-pizzeria\/cuisson\/plaque-a-grillade-a-gaz-par-offcar-dimensions-700x630x285\/#primaryimage\"},\"image\":{\"@id\":\"https:\/\/italiamachines.com\/boutique\/restaurant-snack-et-pizzeria\/cuisson\/plaque-a-grillade-a-gaz-par-offcar-dimensions-700x630x285\/#primaryimage\"},\"thumbnailUrl\":\"https:\/\/italiamachines.com\/wp-content\/uploads\/2023\/07\/6UFTG70L.jpeg\",\"datePublished\":\"2023-07-30T02:41:59+00:00\",\"dateModified\":\"2025-04-20T17:43:03+00:00\",\"breadcrumb\":{\"@id\":\"https:\/\/italiamachines.com\/boutique\/restaurant-snack-et-pizzeria\/cuisson\/plaque-a-grillade-a-gaz-par-offcar-dimensions-700x630x285\/#breadcrumb\"},\"inLanguage\":\"en-US\",\"potentialAction\":[{\"@type\":\"ReadAction\",\"target\":[\"https:\/\/italiamachines.com\/boutique\/restaurant-snack-et-pizzeria\/cuisson\/plaque-a-grillade-a-gaz-par-offcar-dimensions-700x630x285\/\"]}]},{\"@type\":\"ImageObject\",\"inLanguage\":\"en-US\",\"@id\":\"https:\/\/italiamachines.com\/boutique\/restaurant-snack-et-pizzeria\/cuisson\/plaque-a-grillade-a-gaz-par-offcar-dimensions-700x630x285\/#primaryimage\",\"url\":\"https:\/\/italiamachines.com\/wp-content\/uploads\/2023\/07\/6UFTG70L.jpeg\",\"contentUrl\":\"https:\/\/italiamachines.com\/wp-content\/uploads\/2023\/07\/6UFTG70L.jpeg\",\"width\":800,\"height\":800},{\"@type\":\"BreadcrumbList\",\"@id\":\"https:\/\/italiamachines.com\/boutique\/restaurant-snack-et-pizzeria\/cuisson\/plaque-a-grillade-a-gaz-par-offcar-dimensions-700x630x285\/#breadcrumb\",\"itemListElement\":[{\"@type\":\"ListItem\",\"position\":1,\"name\":\"Accueil\",\"item\":\"https:\/\/italiamachines.com\/fr_fr\/\"},{\"@type\":\"ListItem\",\"position\":2,\"name\":\"Boutique\",\"item\":\"https:\/\/italiamachines.com\/boutique\/\"},{\"@type\":\"ListItem\",\"position\":3,\"name\":\"Plaque \u00e0 grillade \u00e0 gaz ou \u00e9lectrique &#8211; par Offcar |Empero |Bertos |Lors |Arilex | Desco\"}]},{\"@type\":\"WebSite\",\"@id\":\"https:\/\/italiamachines.com\/#website\",\"url\":\"https:\/\/italiamachines.com\/\",\"name\":\"Italia Machines\",\"description\":\"L&#039;art de l&#039;\u00e9quipement HORECA\",\"publisher\":{\"@id\":\"https:\/\/italiamachines.com\/#organization\"},\"potentialAction\":[{\"@type\":\"SearchAction\",\"target\":{\"@type\":\"EntryPoint\",\"urlTemplate\":\"https:\/\/italiamachines.com\/?s={search_term_string}\"},\"query-input\":{\"@type\":\"PropertyValueSpecification\",\"valueRequired\":true,\"valueName\":\"search_term_string\"}}],\"inLanguage\":\"en-US\"},{\"@type\":\"Organization\",\"@id\":\"https:\/\/italiamachines.com\/#organization\",\"name\":\"italiamachines\",\"url\":\"https:\/\/italiamachines.com\/\",\"logo\":{\"@type\":\"ImageObject\",\"inLanguage\":\"en-US\",\"@id\":\"https:\/\/italiamachines.com\/#\/schema\/logo\/image\/\",\"url\":\"https:\/\/italiamachines.com\/wp-content\/uploads\/2023\/08\/logo-web-1.png\",\"contentUrl\":\"https:\/\/italiamachines.com\/wp-content\/uploads\/2023\/08\/logo-web-1.png\",\"width\":977,\"height\":254,\"caption\":\"italiamachines\"},\"image\":{\"@id\":\"https:\/\/italiamachines.com\/#\/schema\/logo\/image\/\"},\"sameAs\":[\"https:\/\/web.facebook.com\/italiamachines\/\",\"https:\/\/www.instagram.com\/italia.machines\/\"]}]}<\/script>\n<!-- \/ Yoast SEO plugin. -->","yoast_head_json":{"title":"Plaque \u00e0 grillade \u00e0 gaz ou \u00e9lectrique - par Offcar |Empero |Bertos |Lors |Arilex | Desco | Italia Machines","robots":{"index":"index","follow":"follow","max-snippet":"max-snippet:-1","max-image-preview":"max-image-preview:large","max-video-preview":"max-video-preview:-1"},"canonical":"https:\/\/italiamachines.com\/en\/boutique\/restaurant-snack-et-pizzeria\/cuisson\/plaque-a-grillade-a-gaz-par-offcar-dimensions-700x630x285\/","og_locale":"en_US","og_type":"article","og_title":"Plaque \u00e0 grillade \u00e0 gaz ou \u00e9lectrique - par Offcar |Empero |Bertos |Lors |Arilex | Desco | Italia Machines","og_description":"Plaque de cuisson en acier sp\u00e9cial \u00e9pais et poli Tiroir amovible pour collecter les graisses Br\u00fbleurs en acier inoxydable avec une flamme stabilis\u00e9e R\u00e9gulation de la temp\u00e9rature de 100\u00b0C \u00e0 300\u00b0C au moyen d&rsquo;un robinet thermostatique avec valve de s\u00e9curit\u00e9 et thermocouple Allumage \u00e9lectronique \u00e0 batterie Panneau de commande amovible pour un nettoyage et un&hellip;","og_url":"https:\/\/italiamachines.com\/en\/boutique\/restaurant-snack-et-pizzeria\/cuisson\/plaque-a-grillade-a-gaz-par-offcar-dimensions-700x630x285\/","og_site_name":"Italia Machines","article_publisher":"https:\/\/web.facebook.com\/italiamachines\/","article_modified_time":"2025-04-20T17:43:03+00:00","og_image":[{"width":800,"height":800,"url":"https:\/\/italiamachines.com\/wp-content\/uploads\/2023\/07\/6UFTG70L.jpeg","type":"image\/jpeg"}],"twitter_card":"summary_large_image","twitter_misc":{"Est. reading time":"1 minute"},"schema":{"@context":"https:\/\/schema.org","@graph":[{"@type":"WebPage","@id":"https:\/\/italiamachines.com\/boutique\/restaurant-snack-et-pizzeria\/cuisson\/plaque-a-grillade-a-gaz-par-offcar-dimensions-700x630x285\/","url":"https:\/\/italiamachines.com\/boutique\/restaurant-snack-et-pizzeria\/cuisson\/plaque-a-grillade-a-gaz-par-offcar-dimensions-700x630x285\/","name":"Plaque \u00e0 grillade \u00e0 gaz ou \u00e9lectrique - par Offcar |Empero |Bertos |Lors |Arilex | Desco | Italia Machines","isPartOf":{"@id":"https:\/\/italiamachines.com\/#website"},"primaryImageOfPage":{"@id":"https:\/\/italiamachines.com\/boutique\/restaurant-snack-et-pizzeria\/cuisson\/plaque-a-grillade-a-gaz-par-offcar-dimensions-700x630x285\/#primaryimage"},"image":{"@id":"https:\/\/italiamachines.com\/boutique\/restaurant-snack-et-pizzeria\/cuisson\/plaque-a-grillade-a-gaz-par-offcar-dimensions-700x630x285\/#primaryimage"},"thumbnailUrl":"https:\/\/italiamachines.com\/wp-content\/uploads\/2023\/07\/6UFTG70L.jpeg","datePublished":"2023-07-30T02:41:59+00:00","dateModified":"2025-04-20T17:43:03+00:00","breadcrumb":{"@id":"https:\/\/italiamachines.com\/boutique\/restaurant-snack-et-pizzeria\/cuisson\/plaque-a-grillade-a-gaz-par-offcar-dimensions-700x630x285\/#breadcrumb"},"inLanguage":"en-US","potentialAction":[{"@type":"ReadAction","target":["https:\/\/italiamachines.com\/boutique\/restaurant-snack-et-pizzeria\/cuisson\/plaque-a-grillade-a-gaz-par-offcar-dimensions-700x630x285\/"]}]},{"@type":"ImageObject","inLanguage":"en-US","@id":"https:\/\/italiamachines.com\/boutique\/restaurant-snack-et-pizzeria\/cuisson\/plaque-a-grillade-a-gaz-par-offcar-dimensions-700x630x285\/#primaryimage","url":"https:\/\/italiamachines.com\/wp-content\/uploads\/2023\/07\/6UFTG70L.jpeg","contentUrl":"https:\/\/italiamachines.com\/wp-content\/uploads\/2023\/07\/6UFTG70L.jpeg","width":800,"height":800},{"@type":"BreadcrumbList","@id":"https:\/\/italiamachines.com\/boutique\/restaurant-snack-et-pizzeria\/cuisson\/plaque-a-grillade-a-gaz-par-offcar-dimensions-700x630x285\/#breadcrumb","itemListElement":[{"@type":"ListItem","position":1,"name":"Accueil","item":"https:\/\/italiamachines.com\/fr_fr\/"},{"@type":"ListItem","position":2,"name":"Boutique","item":"https:\/\/italiamachines.com\/boutique\/"},{"@type":"ListItem","position":3,"name":"Plaque \u00e0 grillade \u00e0 gaz ou \u00e9lectrique &#8211; par Offcar |Empero |Bertos |Lors |Arilex | Desco"}]},{"@type":"WebSite","@id":"https:\/\/italiamachines.com\/#website","url":"https:\/\/italiamachines.com\/","name":"Italia Machines","description":"L&#039;art de l&#039;\u00e9quipement HORECA","publisher":{"@id":"https:\/\/italiamachines.com\/#organization"},"potentialAction":[{"@type":"SearchAction","target":{"@type":"EntryPoint","urlTemplate":"https:\/\/italiamachines.com\/?s={search_term_string}"},"query-input":{"@type":"PropertyValueSpecification","valueRequired":true,"valueName":"search_term_string"}}],"inLanguage":"en-US"},{"@type":"Organization","@id":"https:\/\/italiamachines.com\/#organization","name":"italiamachines","url":"https:\/\/italiamachines.com\/","logo":{"@type":"ImageObject","inLanguage":"en-US","@id":"https:\/\/italiamachines.com\/#\/schema\/logo\/image\/","url":"https:\/\/italiamachines.com\/wp-content\/uploads\/2023\/08\/logo-web-1.png","contentUrl":"https:\/\/italiamachines.com\/wp-content\/uploads\/2023\/08\/logo-web-1.png","width":977,"height":254,"caption":"italiamachines"},"image":{"@id":"https:\/\/italiamachines.com\/#\/schema\/logo\/image\/"},"sameAs":["https:\/\/web.facebook.com\/italiamachines\/","https:\/\/www.instagram.com\/italia.machines\/"]}]}},"_links":{"self":[{"href":"https:\/\/italiamachines.com\/en\/wp-json\/wp\/v2\/product\/4228","targetHints":{"allow":["GET"]}}],"collection":[{"href":"https:\/\/italiamachines.com\/en\/wp-json\/wp\/v2\/product"}],"about":[{"href":"https:\/\/italiamachines.com\/en\/wp-json\/wp\/v2\/types\/product"}],"replies":[{"embeddable":true,"href":"https:\/\/italiamachines.com\/en\/wp-json\/wp\/v2\/comments?post=4228"}],"wp:featuredmedia":[{"embeddable":true,"href":"https:\/\/italiamachines.com\/en\/wp-json\/wp\/v2\/media\/4227"}],"wp:attachment":[{"href":"https:\/\/italiamachines.com\/en\/wp-json\/wp\/v2\/media?parent=4228"}],"wp:term":[{"taxonomy":"product_cat","embeddable":true,"href":"https:\/\/italiamachines.com\/en\/wp-json\/wp\/v2\/product_cat?post=4228"},{"taxonomy":"product_tag","embeddable":true,"href":"https:\/\/italiamachines.com\/en\/wp-json\/wp\/v2\/product_tag?post=4228"}],"curies":[{"name":"wp","href":"https:\/\/api.w.org\/{rel}","templated":true}]}}