{"id":4351,"date":"2023-07-30T02:54:41","date_gmt":"2023-07-30T02:54:41","guid":{"rendered":"https:\/\/prod.italiamachines.com\/product\/armoire-refrigeree-700l-statique-acier-inox\/"},"modified":"2024-09-19T00:25:09","modified_gmt":"2024-09-18T22:25:09","slug":"armoire-refrigeree-700l-statique-acier-inox","status":"publish","type":"product","link":"https:\/\/italiamachines.com\/en\/boutique\/boulangerie-et-patisserie\/patisserie\/froid-et-conservation-pour-patisserie\/armoire-pour-conservation\/armoire-refrigeree-700l-statique-acier-inox\/","title":{"rendered":"Armoire R\u00e9frig\u00e9r\u00e9e 700L &#8211; Statique &#8211; Acier Inoxydable"},"content":{"rendered":"<p>&#8211; R\u00e9frig\u00e9rateur \u00e0 1 porte, capacit\u00e9 de 700 litres, temp\u00e9rature de fonctionnement de 0 \u00b0 \/ + 10 \u00b0 C, Classe D<br \/>\n&#8211; Structure interne et externe en acier inoxydable \u00e0 l\u2019exception du fond, du plafond et du dos externe en acier galvanis\u00e9<br \/>\n&#8211; Coins internes arrondis<br \/>\n&#8211; Isolation en polyur\u00e9thane sans CFC, inject\u00e9e sous haute pression<br \/>\n&#8211; \u00c9paisseur de l\u2019isolation : 60 mm<br \/>\n&#8211; Adapt\u00e9 pour contenir des grilles ou des plateaux Gastro-Norm 2\/1 (650\u00d7530 mm)<br \/>\n&#8211; Temp\u00e9rature de fonctionnement de 0 \/ \u00b0 + 10 \u00b0 C<br \/>\n&#8211; Capacit\u00e9 de 700 litres<br \/>\n&#8211; Porte \u00e0 fermeture automatique avec joint magn\u00e9tique<br \/>\n&#8211; Panneau de contr\u00f4le \u00e9lectronique frontal avec sonde NTC<br \/>\n&#8211; Refroidissement ventil\u00e9<br \/>\n&#8211; Groupe frigorifique monobloc extractible et tropicalis\u00e9 de s\u00e9rie (temp\u00e9rature ambiante + 43 \u00b0 C et humidit\u00e9 relative de 65 %)<br \/>\n&#8211; Gaz r\u00e9frig\u00e9rant : R404A \/ R507<br \/>\n&#8211; D\u00e9givrage enti\u00e8rement automatique et \u00e9vaporation de l\u2019eau de condensation<br \/>\n&#8211; Porte r\u00e9versible<br \/>\n&#8211; Pieds en acier inoxydable r\u00e9glables en hauteur (110\/190 H mm)<br \/>\n&#8211; Dimensions : 710x800x2030 \/ 2100 mm<\/p>\n<p>Inclus :<br \/>\n&#8211; 3 grilles Rilsan GN 2\/1 rev\u00eatues de plastique<br \/>\n&#8211; 6 guides en acier inoxydable<\/p>","protected":false},"excerpt":{"rendered":"<p>&#8211; R\u00e9frig\u00e9rateur \u00e0 1 porte, capacit\u00e9 de 700 litres, temp\u00e9rature de fonctionnement de 0 \u00b0 \/ + 10 \u00b0 C, Classe D &#8211; Structure interne et externe en acier inoxydable \u00e0 l\u2019exception du fond, du plafond et du dos externe en acier galvanis\u00e9 &#8211; Coins internes arrondis &#8211; Isolation en polyur\u00e9thane sans CFC, inject\u00e9e sous&hellip;<\/p>","protected":false},"featured_media":6562,"comment_status":"closed","ping_status":"closed","template":"","meta":[],"product_cat":[147,148,249,149,150,251,63,65,71,72,73,200,201,74,79,80,97,112],"product_tag":[],"class_list":{"0":"post-4351","1":"product","2":"type-product","3":"status-publish","4":"has-post-thumbnail","6":"product_cat-armoire","7":"product_cat-armoire-pour-boucherie","8":"product_cat-armoire-pour-conservation","9":"product_cat-armoire-pour-glace","10":"product_cat-armoires-pour-fromagerie","11":"product_cat-armoires-pour-restauration","12":"product_cat-boucherie","13":"product_cat-cafe-glacier-lecheria","14":"product_cat-froid-conservation","15":"product_cat-froid-conservation-pour-boucherie","16":"product_cat-froid-conservation-pour-glace","17":"product_cat-froid-conservation-pour-restauration","18":"product_cat-froid-et-conservation-pour-patisserie","19":"product_cat-fromagerie-et-epicerie-fine","20":"product_cat-glacier","21":"product_cat-glacier-lecheria","22":"product_cat-patisserie","23":"product_cat-restaurant-snack-et-pizzeria","25":"first","26":"instock","27":"shipping-taxable","28":"purchasable","29":"product-type-simple","30":"col-xs-6 col-sm-4","31":"col-md-3 col-lg-3","32":"un-4-cols"},"yoast_head":"<!-- This site is optimized with the Yoast SEO plugin v26.6 - https:\/\/yoast.com\/wordpress\/plugins\/seo\/ -->\n<title>Armoire R\u00e9frig\u00e9r\u00e9e 700L - Statique - Acier Inoxydable | Italia Machines<\/title>\n<meta name=\"robots\" content=\"index, follow, max-snippet:-1, max-image-preview:large, max-video-preview:-1\" \/>\n<link rel=\"canonical\" href=\"https:\/\/italiamachines.com\/en\/boutique\/boulangerie-et-patisserie\/patisserie\/froid-et-conservation-pour-patisserie\/armoire-pour-conservation\/armoire-refrigeree-700l-statique-acier-inox\/\" \/>\n<meta property=\"og:locale\" content=\"en_US\" \/>\n<meta property=\"og:type\" content=\"article\" \/>\n<meta property=\"og:title\" content=\"Armoire R\u00e9frig\u00e9r\u00e9e 700L - Statique - Acier Inoxydable | Italia Machines\" \/>\n<meta property=\"og:description\" content=\"&#8211; R\u00e9frig\u00e9rateur \u00e0 1 porte, capacit\u00e9 de 700 litres, temp\u00e9rature de fonctionnement de 0 \u00b0 \/ + 10 \u00b0 C, Classe D &#8211; Structure interne et externe en acier inoxydable \u00e0 l\u2019exception du fond, du plafond et du dos externe en acier galvanis\u00e9 &#8211; Coins internes arrondis &#8211; Isolation en polyur\u00e9thane sans CFC, inject\u00e9e sous&hellip;\" \/>\n<meta property=\"og:url\" content=\"https:\/\/italiamachines.com\/en\/boutique\/boulangerie-et-patisserie\/patisserie\/froid-et-conservation-pour-patisserie\/armoire-pour-conservation\/armoire-refrigeree-700l-statique-acier-inox\/\" \/>\n<meta property=\"og:site_name\" content=\"Italia Machines\" \/>\n<meta property=\"article:publisher\" content=\"https:\/\/web.facebook.com\/italiamachines\/\" \/>\n<meta property=\"article:modified_time\" content=\"2024-09-18T22:25:09+00:00\" \/>\n<meta property=\"og:image\" content=\"https:\/\/italiamachines.com\/wp-content\/uploads\/2023\/07\/7DD38D73-90A3-461C-8344-3F26824D6D61_4_5005_c-PhotoRoom.png-PhotoRoom.png\" \/>\n\t<meta property=\"og:image:width\" content=\"300\" \/>\n\t<meta property=\"og:image:height\" content=\"300\" \/>\n\t<meta property=\"og:image:type\" content=\"image\/png\" \/>\n<meta name=\"twitter:card\" content=\"summary_large_image\" \/>\n<meta name=\"twitter:label1\" content=\"Est. reading time\" \/>\n\t<meta name=\"twitter:data1\" content=\"2 minutes\" \/>\n<script type=\"application\/ld+json\" class=\"yoast-schema-graph\">{\"@context\":\"https:\/\/schema.org\",\"@graph\":[{\"@type\":\"WebPage\",\"@id\":\"https:\/\/italiamachines.com\/boutique\/boulangerie-et-patisserie\/patisserie\/froid-et-conservation-pour-patisserie\/armoire-pour-conservation\/armoire-refrigeree-700l-statique-acier-inox\/\",\"url\":\"https:\/\/italiamachines.com\/boutique\/boulangerie-et-patisserie\/patisserie\/froid-et-conservation-pour-patisserie\/armoire-pour-conservation\/armoire-refrigeree-700l-statique-acier-inox\/\",\"name\":\"Armoire R\u00e9frig\u00e9r\u00e9e 700L - Statique - Acier Inoxydable | Italia Machines\",\"isPartOf\":{\"@id\":\"https:\/\/italiamachines.com\/#website\"},\"primaryImageOfPage\":{\"@id\":\"https:\/\/italiamachines.com\/boutique\/boulangerie-et-patisserie\/patisserie\/froid-et-conservation-pour-patisserie\/armoire-pour-conservation\/armoire-refrigeree-700l-statique-acier-inox\/#primaryimage\"},\"image\":{\"@id\":\"https:\/\/italiamachines.com\/boutique\/boulangerie-et-patisserie\/patisserie\/froid-et-conservation-pour-patisserie\/armoire-pour-conservation\/armoire-refrigeree-700l-statique-acier-inox\/#primaryimage\"},\"thumbnailUrl\":\"https:\/\/italiamachines.com\/wp-content\/uploads\/2023\/07\/7DD38D73-90A3-461C-8344-3F26824D6D61_4_5005_c-PhotoRoom.png-PhotoRoom.png\",\"datePublished\":\"2023-07-30T02:54:41+00:00\",\"dateModified\":\"2024-09-18T22:25:09+00:00\",\"breadcrumb\":{\"@id\":\"https:\/\/italiamachines.com\/boutique\/boulangerie-et-patisserie\/patisserie\/froid-et-conservation-pour-patisserie\/armoire-pour-conservation\/armoire-refrigeree-700l-statique-acier-inox\/#breadcrumb\"},\"inLanguage\":\"en-US\",\"potentialAction\":[{\"@type\":\"ReadAction\",\"target\":[\"https:\/\/italiamachines.com\/boutique\/boulangerie-et-patisserie\/patisserie\/froid-et-conservation-pour-patisserie\/armoire-pour-conservation\/armoire-refrigeree-700l-statique-acier-inox\/\"]}]},{\"@type\":\"ImageObject\",\"inLanguage\":\"en-US\",\"@id\":\"https:\/\/italiamachines.com\/boutique\/boulangerie-et-patisserie\/patisserie\/froid-et-conservation-pour-patisserie\/armoire-pour-conservation\/armoire-refrigeree-700l-statique-acier-inox\/#primaryimage\",\"url\":\"https:\/\/italiamachines.com\/wp-content\/uploads\/2023\/07\/7DD38D73-90A3-461C-8344-3F26824D6D61_4_5005_c-PhotoRoom.png-PhotoRoom.png\",\"contentUrl\":\"https:\/\/italiamachines.com\/wp-content\/uploads\/2023\/07\/7DD38D73-90A3-461C-8344-3F26824D6D61_4_5005_c-PhotoRoom.png-PhotoRoom.png\",\"width\":300,\"height\":300},{\"@type\":\"BreadcrumbList\",\"@id\":\"https:\/\/italiamachines.com\/boutique\/boulangerie-et-patisserie\/patisserie\/froid-et-conservation-pour-patisserie\/armoire-pour-conservation\/armoire-refrigeree-700l-statique-acier-inox\/#breadcrumb\",\"itemListElement\":[{\"@type\":\"ListItem\",\"position\":1,\"name\":\"Accueil\",\"item\":\"https:\/\/italiamachines.com\/fr_fr\/\"},{\"@type\":\"ListItem\",\"position\":2,\"name\":\"Boutique\",\"item\":\"https:\/\/italiamachines.com\/boutique\/\"},{\"@type\":\"ListItem\",\"position\":3,\"name\":\"Armoire R\u00e9frig\u00e9r\u00e9e 700L &#8211; Statique &#8211; Acier Inoxydable\"}]},{\"@type\":\"WebSite\",\"@id\":\"https:\/\/italiamachines.com\/#website\",\"url\":\"https:\/\/italiamachines.com\/\",\"name\":\"Italia Machines\",\"description\":\"L&#039;art de l&#039;\u00e9quipement HORECA\",\"publisher\":{\"@id\":\"https:\/\/italiamachines.com\/#organization\"},\"potentialAction\":[{\"@type\":\"SearchAction\",\"target\":{\"@type\":\"EntryPoint\",\"urlTemplate\":\"https:\/\/italiamachines.com\/?s={search_term_string}\"},\"query-input\":{\"@type\":\"PropertyValueSpecification\",\"valueRequired\":true,\"valueName\":\"search_term_string\"}}],\"inLanguage\":\"en-US\"},{\"@type\":\"Organization\",\"@id\":\"https:\/\/italiamachines.com\/#organization\",\"name\":\"italiamachines\",\"url\":\"https:\/\/italiamachines.com\/\",\"logo\":{\"@type\":\"ImageObject\",\"inLanguage\":\"en-US\",\"@id\":\"https:\/\/italiamachines.com\/#\/schema\/logo\/image\/\",\"url\":\"https:\/\/italiamachines.com\/wp-content\/uploads\/2023\/08\/logo-web-1.png\",\"contentUrl\":\"https:\/\/italiamachines.com\/wp-content\/uploads\/2023\/08\/logo-web-1.png\",\"width\":977,\"height\":254,\"caption\":\"italiamachines\"},\"image\":{\"@id\":\"https:\/\/italiamachines.com\/#\/schema\/logo\/image\/\"},\"sameAs\":[\"https:\/\/web.facebook.com\/italiamachines\/\",\"https:\/\/www.instagram.com\/italia.machines\/\"]}]}<\/script>\n<!-- \/ Yoast SEO plugin. -->","yoast_head_json":{"title":"Armoire R\u00e9frig\u00e9r\u00e9e 700L - Statique - Acier Inoxydable | Italia Machines","robots":{"index":"index","follow":"follow","max-snippet":"max-snippet:-1","max-image-preview":"max-image-preview:large","max-video-preview":"max-video-preview:-1"},"canonical":"https:\/\/italiamachines.com\/en\/boutique\/boulangerie-et-patisserie\/patisserie\/froid-et-conservation-pour-patisserie\/armoire-pour-conservation\/armoire-refrigeree-700l-statique-acier-inox\/","og_locale":"en_US","og_type":"article","og_title":"Armoire R\u00e9frig\u00e9r\u00e9e 700L - Statique - Acier Inoxydable | Italia Machines","og_description":"&#8211; R\u00e9frig\u00e9rateur \u00e0 1 porte, capacit\u00e9 de 700 litres, temp\u00e9rature de fonctionnement de 0 \u00b0 \/ + 10 \u00b0 C, Classe D &#8211; Structure interne et externe en acier inoxydable \u00e0 l\u2019exception du fond, du plafond et du dos externe en acier galvanis\u00e9 &#8211; Coins internes arrondis &#8211; Isolation en polyur\u00e9thane sans CFC, inject\u00e9e sous&hellip;","og_url":"https:\/\/italiamachines.com\/en\/boutique\/boulangerie-et-patisserie\/patisserie\/froid-et-conservation-pour-patisserie\/armoire-pour-conservation\/armoire-refrigeree-700l-statique-acier-inox\/","og_site_name":"Italia Machines","article_publisher":"https:\/\/web.facebook.com\/italiamachines\/","article_modified_time":"2024-09-18T22:25:09+00:00","og_image":[{"width":300,"height":300,"url":"https:\/\/italiamachines.com\/wp-content\/uploads\/2023\/07\/7DD38D73-90A3-461C-8344-3F26824D6D61_4_5005_c-PhotoRoom.png-PhotoRoom.png","type":"image\/png"}],"twitter_card":"summary_large_image","twitter_misc":{"Est. reading time":"2 minutes"},"schema":{"@context":"https:\/\/schema.org","@graph":[{"@type":"WebPage","@id":"https:\/\/italiamachines.com\/boutique\/boulangerie-et-patisserie\/patisserie\/froid-et-conservation-pour-patisserie\/armoire-pour-conservation\/armoire-refrigeree-700l-statique-acier-inox\/","url":"https:\/\/italiamachines.com\/boutique\/boulangerie-et-patisserie\/patisserie\/froid-et-conservation-pour-patisserie\/armoire-pour-conservation\/armoire-refrigeree-700l-statique-acier-inox\/","name":"Armoire R\u00e9frig\u00e9r\u00e9e 700L - Statique - Acier Inoxydable | Italia Machines","isPartOf":{"@id":"https:\/\/italiamachines.com\/#website"},"primaryImageOfPage":{"@id":"https:\/\/italiamachines.com\/boutique\/boulangerie-et-patisserie\/patisserie\/froid-et-conservation-pour-patisserie\/armoire-pour-conservation\/armoire-refrigeree-700l-statique-acier-inox\/#primaryimage"},"image":{"@id":"https:\/\/italiamachines.com\/boutique\/boulangerie-et-patisserie\/patisserie\/froid-et-conservation-pour-patisserie\/armoire-pour-conservation\/armoire-refrigeree-700l-statique-acier-inox\/#primaryimage"},"thumbnailUrl":"https:\/\/italiamachines.com\/wp-content\/uploads\/2023\/07\/7DD38D73-90A3-461C-8344-3F26824D6D61_4_5005_c-PhotoRoom.png-PhotoRoom.png","datePublished":"2023-07-30T02:54:41+00:00","dateModified":"2024-09-18T22:25:09+00:00","breadcrumb":{"@id":"https:\/\/italiamachines.com\/boutique\/boulangerie-et-patisserie\/patisserie\/froid-et-conservation-pour-patisserie\/armoire-pour-conservation\/armoire-refrigeree-700l-statique-acier-inox\/#breadcrumb"},"inLanguage":"en-US","potentialAction":[{"@type":"ReadAction","target":["https:\/\/italiamachines.com\/boutique\/boulangerie-et-patisserie\/patisserie\/froid-et-conservation-pour-patisserie\/armoire-pour-conservation\/armoire-refrigeree-700l-statique-acier-inox\/"]}]},{"@type":"ImageObject","inLanguage":"en-US","@id":"https:\/\/italiamachines.com\/boutique\/boulangerie-et-patisserie\/patisserie\/froid-et-conservation-pour-patisserie\/armoire-pour-conservation\/armoire-refrigeree-700l-statique-acier-inox\/#primaryimage","url":"https:\/\/italiamachines.com\/wp-content\/uploads\/2023\/07\/7DD38D73-90A3-461C-8344-3F26824D6D61_4_5005_c-PhotoRoom.png-PhotoRoom.png","contentUrl":"https:\/\/italiamachines.com\/wp-content\/uploads\/2023\/07\/7DD38D73-90A3-461C-8344-3F26824D6D61_4_5005_c-PhotoRoom.png-PhotoRoom.png","width":300,"height":300},{"@type":"BreadcrumbList","@id":"https:\/\/italiamachines.com\/boutique\/boulangerie-et-patisserie\/patisserie\/froid-et-conservation-pour-patisserie\/armoire-pour-conservation\/armoire-refrigeree-700l-statique-acier-inox\/#breadcrumb","itemListElement":[{"@type":"ListItem","position":1,"name":"Accueil","item":"https:\/\/italiamachines.com\/fr_fr\/"},{"@type":"ListItem","position":2,"name":"Boutique","item":"https:\/\/italiamachines.com\/boutique\/"},{"@type":"ListItem","position":3,"name":"Armoire R\u00e9frig\u00e9r\u00e9e 700L &#8211; Statique &#8211; Acier Inoxydable"}]},{"@type":"WebSite","@id":"https:\/\/italiamachines.com\/#website","url":"https:\/\/italiamachines.com\/","name":"Italia Machines","description":"L&#039;art de l&#039;\u00e9quipement HORECA","publisher":{"@id":"https:\/\/italiamachines.com\/#organization"},"potentialAction":[{"@type":"SearchAction","target":{"@type":"EntryPoint","urlTemplate":"https:\/\/italiamachines.com\/?s={search_term_string}"},"query-input":{"@type":"PropertyValueSpecification","valueRequired":true,"valueName":"search_term_string"}}],"inLanguage":"en-US"},{"@type":"Organization","@id":"https:\/\/italiamachines.com\/#organization","name":"italiamachines","url":"https:\/\/italiamachines.com\/","logo":{"@type":"ImageObject","inLanguage":"en-US","@id":"https:\/\/italiamachines.com\/#\/schema\/logo\/image\/","url":"https:\/\/italiamachines.com\/wp-content\/uploads\/2023\/08\/logo-web-1.png","contentUrl":"https:\/\/italiamachines.com\/wp-content\/uploads\/2023\/08\/logo-web-1.png","width":977,"height":254,"caption":"italiamachines"},"image":{"@id":"https:\/\/italiamachines.com\/#\/schema\/logo\/image\/"},"sameAs":["https:\/\/web.facebook.com\/italiamachines\/","https:\/\/www.instagram.com\/italia.machines\/"]}]}},"_links":{"self":[{"href":"https:\/\/italiamachines.com\/en\/wp-json\/wp\/v2\/product\/4351","targetHints":{"allow":["GET"]}}],"collection":[{"href":"https:\/\/italiamachines.com\/en\/wp-json\/wp\/v2\/product"}],"about":[{"href":"https:\/\/italiamachines.com\/en\/wp-json\/wp\/v2\/types\/product"}],"replies":[{"embeddable":true,"href":"https:\/\/italiamachines.com\/en\/wp-json\/wp\/v2\/comments?post=4351"}],"wp:featuredmedia":[{"embeddable":true,"href":"https:\/\/italiamachines.com\/en\/wp-json\/wp\/v2\/media\/6562"}],"wp:attachment":[{"href":"https:\/\/italiamachines.com\/en\/wp-json\/wp\/v2\/media?parent=4351"}],"wp:term":[{"taxonomy":"product_cat","embeddable":true,"href":"https:\/\/italiamachines.com\/en\/wp-json\/wp\/v2\/product_cat?post=4351"},{"taxonomy":"product_tag","embeddable":true,"href":"https:\/\/italiamachines.com\/en\/wp-json\/wp\/v2\/product_tag?post=4351"}],"curies":[{"name":"wp","href":"https:\/\/api.w.org\/{rel}","templated":true}]}}