{"id":4355,"date":"2023-07-30T02:55:00","date_gmt":"2023-07-30T02:55:00","guid":{"rendered":"https:\/\/prod.italiamachines.com\/product\/armoire-refrigeree-700l-pour-poissons-acier-inox-dimensions-710x800x2030-2100\/"},"modified":"2024-09-19T00:23:01","modified_gmt":"2024-09-18T22:23:01","slug":"armoire-refrigeree-700l-pour-poissons-acier-inox-dimensions-710x800x2030-2100","status":"publish","type":"product","link":"https:\/\/italiamachines.com\/en\/boutique\/boulangerie-et-patisserie\/patisserie\/froid-et-conservation-pour-patisserie\/armoire-pour-conservation\/armoire-refrigeree-700l-pour-poissons-acier-inox-dimensions-710x800x2030-2100\/","title":{"rendered":"Armoire R\u00e9frig\u00e9r\u00e9e 700L pour poissons &#8211; Acier Inoxydable &#8211; 71x80x203\/210"},"content":{"rendered":"<p>Fabricant : Tecnodom<br \/>\nConnexion \u00e9lectrique : 220V<br \/>\nPuissance \u00e9lectrique, kW : 0,55<br \/>\nType de porte : pleine<br \/>\nCapacit\u00e9 : 700<br \/>\nPlage de temp\u00e9rature: -2\/+8<br \/>\nMat\u00e9riau du corps : tout en acier inoxydable<br \/>\nNombre de portes : 1<br \/>\nLongueur (net), mm : 710<br \/>\nLargeur (net), mm : 800<br \/>\nHauteur (net), mm : 2300\/2100<br \/>\nPoids : 123 Kg<br \/>\nPays de fabrication : Italie<\/p>","protected":false},"excerpt":{"rendered":"<p>Fabricant : Tecnodom Connexion \u00e9lectrique : 220V Puissance \u00e9lectrique, kW : 0,55 Type de porte : pleine Capacit\u00e9 : 700 Plage de temp\u00e9rature: -2\/+8 Mat\u00e9riau du corps : tout en acier inoxydable Nombre de portes : 1 Longueur (net), mm : 710 Largeur (net), mm : 800 Hauteur (net), mm : 2300\/2100 Poids : 123&hellip;<\/p>","protected":false},"featured_media":0,"comment_status":"closed","ping_status":"closed","template":"","meta":[],"product_cat":[147,148,249,149,150,251,63,65,71,72,73,200,201,74,79,80,97,112],"product_tag":[],"class_list":{"0":"post-4355","1":"product","2":"type-product","3":"status-publish","5":"product_cat-armoire","6":"product_cat-armoire-pour-boucherie","7":"product_cat-armoire-pour-conservation","8":"product_cat-armoire-pour-glace","9":"product_cat-armoires-pour-fromagerie","10":"product_cat-armoires-pour-restauration","11":"product_cat-boucherie","12":"product_cat-cafe-glacier-lecheria","13":"product_cat-froid-conservation","14":"product_cat-froid-conservation-pour-boucherie","15":"product_cat-froid-conservation-pour-glace","16":"product_cat-froid-conservation-pour-restauration","17":"product_cat-froid-et-conservation-pour-patisserie","18":"product_cat-fromagerie-et-epicerie-fine","19":"product_cat-glacier","20":"product_cat-glacier-lecheria","21":"product_cat-patisserie","22":"product_cat-restaurant-snack-et-pizzeria","24":"first","25":"instock","26":"shipping-taxable","27":"purchasable","28":"product-type-simple","29":"col-xs-6 col-sm-4","30":"col-md-3 col-lg-3","31":"un-4-cols"},"yoast_head":"<!-- This site is optimized with the Yoast SEO plugin v26.6 - https:\/\/yoast.com\/wordpress\/plugins\/seo\/ -->\n<title>Armoire R\u00e9frig\u00e9r\u00e9e 700L pour poissons - Acier Inoxydable - 71x80x203\/210 | Italia Machines<\/title>\n<meta name=\"robots\" content=\"index, follow, max-snippet:-1, max-image-preview:large, max-video-preview:-1\" \/>\n<link rel=\"canonical\" href=\"https:\/\/italiamachines.com\/en\/boutique\/boulangerie-et-patisserie\/patisserie\/froid-et-conservation-pour-patisserie\/armoire-pour-conservation\/armoire-refrigeree-700l-pour-poissons-acier-inox-dimensions-710x800x2030-2100\/\" \/>\n<meta property=\"og:locale\" content=\"en_US\" \/>\n<meta property=\"og:type\" content=\"article\" \/>\n<meta property=\"og:title\" content=\"Armoire R\u00e9frig\u00e9r\u00e9e 700L pour poissons - Acier Inoxydable - 71x80x203\/210 | Italia Machines\" \/>\n<meta property=\"og:description\" content=\"Fabricant : Tecnodom Connexion \u00e9lectrique : 220V Puissance \u00e9lectrique, kW : 0,55 Type de porte : pleine Capacit\u00e9 : 700 Plage de temp\u00e9rature: -2\/+8 Mat\u00e9riau du corps : tout en acier inoxydable Nombre de portes : 1 Longueur (net), mm : 710 Largeur (net), mm : 800 Hauteur (net), mm : 2300\/2100 Poids : 123&hellip;\" \/>\n<meta property=\"og:url\" content=\"https:\/\/italiamachines.com\/en\/boutique\/boulangerie-et-patisserie\/patisserie\/froid-et-conservation-pour-patisserie\/armoire-pour-conservation\/armoire-refrigeree-700l-pour-poissons-acier-inox-dimensions-710x800x2030-2100\/\" \/>\n<meta property=\"og:site_name\" content=\"Italia Machines\" \/>\n<meta property=\"article:publisher\" content=\"https:\/\/web.facebook.com\/italiamachines\/\" \/>\n<meta property=\"article:modified_time\" content=\"2024-09-18T22:23:01+00:00\" \/>\n<meta name=\"twitter:card\" content=\"summary_large_image\" \/>\n<meta name=\"twitter:label1\" content=\"Est. reading time\" \/>\n\t<meta name=\"twitter:data1\" content=\"1 minute\" \/>\n<script type=\"application\/ld+json\" class=\"yoast-schema-graph\">{\"@context\":\"https:\/\/schema.org\",\"@graph\":[{\"@type\":\"WebPage\",\"@id\":\"https:\/\/italiamachines.com\/boutique\/boulangerie-et-patisserie\/patisserie\/froid-et-conservation-pour-patisserie\/armoire-pour-conservation\/armoire-refrigeree-700l-pour-poissons-acier-inox-dimensions-710x800x2030-2100\/\",\"url\":\"https:\/\/italiamachines.com\/boutique\/boulangerie-et-patisserie\/patisserie\/froid-et-conservation-pour-patisserie\/armoire-pour-conservation\/armoire-refrigeree-700l-pour-poissons-acier-inox-dimensions-710x800x2030-2100\/\",\"name\":\"Armoire R\u00e9frig\u00e9r\u00e9e 700L pour poissons - Acier Inoxydable - 71x80x203\/210 | Italia Machines\",\"isPartOf\":{\"@id\":\"https:\/\/italiamachines.com\/#website\"},\"datePublished\":\"2023-07-30T02:55:00+00:00\",\"dateModified\":\"2024-09-18T22:23:01+00:00\",\"breadcrumb\":{\"@id\":\"https:\/\/italiamachines.com\/boutique\/boulangerie-et-patisserie\/patisserie\/froid-et-conservation-pour-patisserie\/armoire-pour-conservation\/armoire-refrigeree-700l-pour-poissons-acier-inox-dimensions-710x800x2030-2100\/#breadcrumb\"},\"inLanguage\":\"en-US\",\"potentialAction\":[{\"@type\":\"ReadAction\",\"target\":[\"https:\/\/italiamachines.com\/boutique\/boulangerie-et-patisserie\/patisserie\/froid-et-conservation-pour-patisserie\/armoire-pour-conservation\/armoire-refrigeree-700l-pour-poissons-acier-inox-dimensions-710x800x2030-2100\/\"]}]},{\"@type\":\"BreadcrumbList\",\"@id\":\"https:\/\/italiamachines.com\/boutique\/boulangerie-et-patisserie\/patisserie\/froid-et-conservation-pour-patisserie\/armoire-pour-conservation\/armoire-refrigeree-700l-pour-poissons-acier-inox-dimensions-710x800x2030-2100\/#breadcrumb\",\"itemListElement\":[{\"@type\":\"ListItem\",\"position\":1,\"name\":\"Accueil\",\"item\":\"https:\/\/italiamachines.com\/fr_fr\/\"},{\"@type\":\"ListItem\",\"position\":2,\"name\":\"Boutique\",\"item\":\"https:\/\/italiamachines.com\/boutique\/\"},{\"@type\":\"ListItem\",\"position\":3,\"name\":\"Armoire R\u00e9frig\u00e9r\u00e9e 700L pour poissons &#8211; Acier Inoxydable &#8211; 71x80x203\/210\"}]},{\"@type\":\"WebSite\",\"@id\":\"https:\/\/italiamachines.com\/#website\",\"url\":\"https:\/\/italiamachines.com\/\",\"name\":\"Italia Machines\",\"description\":\"L&#039;art de l&#039;\u00e9quipement HORECA\",\"publisher\":{\"@id\":\"https:\/\/italiamachines.com\/#organization\"},\"potentialAction\":[{\"@type\":\"SearchAction\",\"target\":{\"@type\":\"EntryPoint\",\"urlTemplate\":\"https:\/\/italiamachines.com\/?s={search_term_string}\"},\"query-input\":{\"@type\":\"PropertyValueSpecification\",\"valueRequired\":true,\"valueName\":\"search_term_string\"}}],\"inLanguage\":\"en-US\"},{\"@type\":\"Organization\",\"@id\":\"https:\/\/italiamachines.com\/#organization\",\"name\":\"italiamachines\",\"url\":\"https:\/\/italiamachines.com\/\",\"logo\":{\"@type\":\"ImageObject\",\"inLanguage\":\"en-US\",\"@id\":\"https:\/\/italiamachines.com\/#\/schema\/logo\/image\/\",\"url\":\"https:\/\/italiamachines.com\/wp-content\/uploads\/2023\/08\/logo-web-1.png\",\"contentUrl\":\"https:\/\/italiamachines.com\/wp-content\/uploads\/2023\/08\/logo-web-1.png\",\"width\":977,\"height\":254,\"caption\":\"italiamachines\"},\"image\":{\"@id\":\"https:\/\/italiamachines.com\/#\/schema\/logo\/image\/\"},\"sameAs\":[\"https:\/\/web.facebook.com\/italiamachines\/\",\"https:\/\/www.instagram.com\/italia.machines\/\"]}]}<\/script>\n<!-- \/ Yoast SEO plugin. -->","yoast_head_json":{"title":"Armoire R\u00e9frig\u00e9r\u00e9e 700L pour poissons - Acier Inoxydable - 71x80x203\/210 | Italia Machines","robots":{"index":"index","follow":"follow","max-snippet":"max-snippet:-1","max-image-preview":"max-image-preview:large","max-video-preview":"max-video-preview:-1"},"canonical":"https:\/\/italiamachines.com\/en\/boutique\/boulangerie-et-patisserie\/patisserie\/froid-et-conservation-pour-patisserie\/armoire-pour-conservation\/armoire-refrigeree-700l-pour-poissons-acier-inox-dimensions-710x800x2030-2100\/","og_locale":"en_US","og_type":"article","og_title":"Armoire R\u00e9frig\u00e9r\u00e9e 700L pour poissons - Acier Inoxydable - 71x80x203\/210 | Italia Machines","og_description":"Fabricant : Tecnodom Connexion \u00e9lectrique : 220V Puissance \u00e9lectrique, kW : 0,55 Type de porte : pleine Capacit\u00e9 : 700 Plage de temp\u00e9rature: -2\/+8 Mat\u00e9riau du corps : tout en acier inoxydable Nombre de portes : 1 Longueur (net), mm : 710 Largeur (net), mm : 800 Hauteur (net), mm : 2300\/2100 Poids : 123&hellip;","og_url":"https:\/\/italiamachines.com\/en\/boutique\/boulangerie-et-patisserie\/patisserie\/froid-et-conservation-pour-patisserie\/armoire-pour-conservation\/armoire-refrigeree-700l-pour-poissons-acier-inox-dimensions-710x800x2030-2100\/","og_site_name":"Italia Machines","article_publisher":"https:\/\/web.facebook.com\/italiamachines\/","article_modified_time":"2024-09-18T22:23:01+00:00","twitter_card":"summary_large_image","twitter_misc":{"Est. reading time":"1 minute"},"schema":{"@context":"https:\/\/schema.org","@graph":[{"@type":"WebPage","@id":"https:\/\/italiamachines.com\/boutique\/boulangerie-et-patisserie\/patisserie\/froid-et-conservation-pour-patisserie\/armoire-pour-conservation\/armoire-refrigeree-700l-pour-poissons-acier-inox-dimensions-710x800x2030-2100\/","url":"https:\/\/italiamachines.com\/boutique\/boulangerie-et-patisserie\/patisserie\/froid-et-conservation-pour-patisserie\/armoire-pour-conservation\/armoire-refrigeree-700l-pour-poissons-acier-inox-dimensions-710x800x2030-2100\/","name":"Armoire R\u00e9frig\u00e9r\u00e9e 700L pour poissons - Acier Inoxydable - 71x80x203\/210 | Italia Machines","isPartOf":{"@id":"https:\/\/italiamachines.com\/#website"},"datePublished":"2023-07-30T02:55:00+00:00","dateModified":"2024-09-18T22:23:01+00:00","breadcrumb":{"@id":"https:\/\/italiamachines.com\/boutique\/boulangerie-et-patisserie\/patisserie\/froid-et-conservation-pour-patisserie\/armoire-pour-conservation\/armoire-refrigeree-700l-pour-poissons-acier-inox-dimensions-710x800x2030-2100\/#breadcrumb"},"inLanguage":"en-US","potentialAction":[{"@type":"ReadAction","target":["https:\/\/italiamachines.com\/boutique\/boulangerie-et-patisserie\/patisserie\/froid-et-conservation-pour-patisserie\/armoire-pour-conservation\/armoire-refrigeree-700l-pour-poissons-acier-inox-dimensions-710x800x2030-2100\/"]}]},{"@type":"BreadcrumbList","@id":"https:\/\/italiamachines.com\/boutique\/boulangerie-et-patisserie\/patisserie\/froid-et-conservation-pour-patisserie\/armoire-pour-conservation\/armoire-refrigeree-700l-pour-poissons-acier-inox-dimensions-710x800x2030-2100\/#breadcrumb","itemListElement":[{"@type":"ListItem","position":1,"name":"Accueil","item":"https:\/\/italiamachines.com\/fr_fr\/"},{"@type":"ListItem","position":2,"name":"Boutique","item":"https:\/\/italiamachines.com\/boutique\/"},{"@type":"ListItem","position":3,"name":"Armoire R\u00e9frig\u00e9r\u00e9e 700L pour poissons &#8211; Acier Inoxydable &#8211; 71x80x203\/210"}]},{"@type":"WebSite","@id":"https:\/\/italiamachines.com\/#website","url":"https:\/\/italiamachines.com\/","name":"Italia Machines","description":"L&#039;art de l&#039;\u00e9quipement HORECA","publisher":{"@id":"https:\/\/italiamachines.com\/#organization"},"potentialAction":[{"@type":"SearchAction","target":{"@type":"EntryPoint","urlTemplate":"https:\/\/italiamachines.com\/?s={search_term_string}"},"query-input":{"@type":"PropertyValueSpecification","valueRequired":true,"valueName":"search_term_string"}}],"inLanguage":"en-US"},{"@type":"Organization","@id":"https:\/\/italiamachines.com\/#organization","name":"italiamachines","url":"https:\/\/italiamachines.com\/","logo":{"@type":"ImageObject","inLanguage":"en-US","@id":"https:\/\/italiamachines.com\/#\/schema\/logo\/image\/","url":"https:\/\/italiamachines.com\/wp-content\/uploads\/2023\/08\/logo-web-1.png","contentUrl":"https:\/\/italiamachines.com\/wp-content\/uploads\/2023\/08\/logo-web-1.png","width":977,"height":254,"caption":"italiamachines"},"image":{"@id":"https:\/\/italiamachines.com\/#\/schema\/logo\/image\/"},"sameAs":["https:\/\/web.facebook.com\/italiamachines\/","https:\/\/www.instagram.com\/italia.machines\/"]}]}},"_links":{"self":[{"href":"https:\/\/italiamachines.com\/en\/wp-json\/wp\/v2\/product\/4355","targetHints":{"allow":["GET"]}}],"collection":[{"href":"https:\/\/italiamachines.com\/en\/wp-json\/wp\/v2\/product"}],"about":[{"href":"https:\/\/italiamachines.com\/en\/wp-json\/wp\/v2\/types\/product"}],"replies":[{"embeddable":true,"href":"https:\/\/italiamachines.com\/en\/wp-json\/wp\/v2\/comments?post=4355"}],"wp:attachment":[{"href":"https:\/\/italiamachines.com\/en\/wp-json\/wp\/v2\/media?parent=4355"}],"wp:term":[{"taxonomy":"product_cat","embeddable":true,"href":"https:\/\/italiamachines.com\/en\/wp-json\/wp\/v2\/product_cat?post=4355"},{"taxonomy":"product_tag","embeddable":true,"href":"https:\/\/italiamachines.com\/en\/wp-json\/wp\/v2\/product_tag?post=4355"}],"curies":[{"name":"wp","href":"https:\/\/api.w.org\/{rel}","templated":true}]}}