{"id":4359,"date":"2023-07-30T02:55:43","date_gmt":"2023-07-30T02:55:43","guid":{"rendered":"https:\/\/prod.italiamachines.com\/product\/armoire-refrigerateur-700l-acier-inox-par-mastercool-dimensions-710x800x2030-2100\/"},"modified":"2024-09-19T00:26:05","modified_gmt":"2024-09-18T22:26:05","slug":"armoire-refrigerateur-700l-acier-inox-par-mastercool-dimensions-710x800x2030-2100","status":"publish","type":"product","link":"https:\/\/italiamachines.com\/en\/boutique\/boulangerie-et-patisserie\/patisserie\/froid-et-conservation-pour-patisserie\/armoire-pour-conservation\/armoire-refrigerateur-700l-acier-inox-par-mastercool-dimensions-710x800x2030-2100\/","title":{"rendered":"Armoire R\u00e9frig\u00e9rateur 700L acier inoxydable &#8211; par Mastercool &#8211; 71x80x203\/210"},"content":{"rendered":"<p>r\u00e9frig\u00e9rateur de 700 litres.<br \/>\nEn acier inoxydable durables<br \/>\n\u00c9QUIPEMENT STANDARD<br \/>\n3 \u00e9tag\u00e8res plastifi\u00e9es GN 2\/1 ;<br \/>\nArr\u00eat du ventilateur ;<\/p>\n<p>D\u00c9TAILS DU PRODUIT :<\/p>\n<p>Dimensions externes : 710 x 800 x 2030-2100 mm<br \/>\nConsommation d&rsquo;\u00e9nergie : 7,41 kWh\/24h<br \/>\nConsommation de courant : 2,7 A<br \/>\nNiveau sonore : 52 dB<br \/>\nTension : 230 V, 50 Hz<br \/>\nPuissance : 0,570 kW<br \/>\nPoids : 104 kg<br \/>\nNombre d&rsquo;\u00e9tag\u00e8res : 3 pcs<br \/>\nVolume net : 590 litres<br \/>\nPoids net : 96 kg<br \/>\nPerformance de refroidissement : 385 W<br \/>\nR\u00e9frig\u00e9rant : R452a<br \/>\nPlage de r\u00e9frig\u00e9ration : (+43\u00b0C, 65% HR) 0&#8230;+10 \u00b0C<br \/>\nType de refroidissement : dynamique<br \/>\nDimensions d&#8217;emballage : 760 x 855 x 2200 mm<br \/>\nVolume brut : 700 litres<br \/>\nPoids brut : 104 kg<br \/>\nTaille interne : 590 x 660 x 1500 mm<\/p>","protected":false},"excerpt":{"rendered":"<p>r\u00e9frig\u00e9rateur de 700 litres. En acier inoxydable durables \u00c9QUIPEMENT STANDARD 3 \u00e9tag\u00e8res plastifi\u00e9es GN 2\/1 ; Arr\u00eat du ventilateur ; D\u00c9TAILS DU PRODUIT : Dimensions externes : 710 x 800 x 2030-2100 mm Consommation d&rsquo;\u00e9nergie : 7,41 kWh\/24h Consommation de courant : 2,7 A Niveau sonore : 52 dB Tension : 230 V, 50 Hz&hellip;<\/p>","protected":false},"featured_media":6557,"comment_status":"closed","ping_status":"closed","template":"","meta":[],"product_cat":[147,148,249,149,150,251,63,65,71,72,73,200,201,74,79,80,97,112],"product_tag":[],"class_list":{"0":"post-4359","1":"product","2":"type-product","3":"status-publish","4":"has-post-thumbnail","6":"product_cat-armoire","7":"product_cat-armoire-pour-boucherie","8":"product_cat-armoire-pour-conservation","9":"product_cat-armoire-pour-glace","10":"product_cat-armoires-pour-fromagerie","11":"product_cat-armoires-pour-restauration","12":"product_cat-boucherie","13":"product_cat-cafe-glacier-lecheria","14":"product_cat-froid-conservation","15":"product_cat-froid-conservation-pour-boucherie","16":"product_cat-froid-conservation-pour-glace","17":"product_cat-froid-conservation-pour-restauration","18":"product_cat-froid-et-conservation-pour-patisserie","19":"product_cat-fromagerie-et-epicerie-fine","20":"product_cat-glacier","21":"product_cat-glacier-lecheria","22":"product_cat-patisserie","23":"product_cat-restaurant-snack-et-pizzeria","25":"first","26":"instock","27":"shipping-taxable","28":"purchasable","29":"product-type-simple","30":"col-xs-6 col-sm-4","31":"col-md-3 col-lg-3","32":"un-4-cols"},"yoast_head":"<!-- This site is optimized with the Yoast SEO plugin v26.6 - https:\/\/yoast.com\/wordpress\/plugins\/seo\/ -->\n<title>Armoire R\u00e9frig\u00e9rateur 700L acier inoxydable - par Mastercool - 71x80x203\/210 | Italia Machines<\/title>\n<meta name=\"robots\" content=\"index, follow, max-snippet:-1, max-image-preview:large, max-video-preview:-1\" \/>\n<link rel=\"canonical\" href=\"https:\/\/italiamachines.com\/en\/boutique\/boulangerie-et-patisserie\/patisserie\/froid-et-conservation-pour-patisserie\/armoire-pour-conservation\/armoire-refrigerateur-700l-acier-inox-par-mastercool-dimensions-710x800x2030-2100\/\" \/>\n<meta property=\"og:locale\" content=\"en_US\" \/>\n<meta property=\"og:type\" content=\"article\" \/>\n<meta property=\"og:title\" content=\"Armoire R\u00e9frig\u00e9rateur 700L acier inoxydable - par Mastercool - 71x80x203\/210 | Italia Machines\" \/>\n<meta property=\"og:description\" content=\"r\u00e9frig\u00e9rateur de 700 litres. En acier inoxydable durables \u00c9QUIPEMENT STANDARD 3 \u00e9tag\u00e8res plastifi\u00e9es GN 2\/1 ; Arr\u00eat du ventilateur ; D\u00c9TAILS DU PRODUIT : Dimensions externes : 710 x 800 x 2030-2100 mm Consommation d&rsquo;\u00e9nergie : 7,41 kWh\/24h Consommation de courant : 2,7 A Niveau sonore : 52 dB Tension : 230 V, 50 Hz&hellip;\" \/>\n<meta property=\"og:url\" content=\"https:\/\/italiamachines.com\/en\/boutique\/boulangerie-et-patisserie\/patisserie\/froid-et-conservation-pour-patisserie\/armoire-pour-conservation\/armoire-refrigerateur-700l-acier-inox-par-mastercool-dimensions-710x800x2030-2100\/\" \/>\n<meta property=\"og:site_name\" content=\"Italia Machines\" \/>\n<meta property=\"article:publisher\" content=\"https:\/\/web.facebook.com\/italiamachines\/\" \/>\n<meta property=\"article:modified_time\" content=\"2024-09-18T22:26:05+00:00\" \/>\n<meta property=\"og:image\" content=\"https:\/\/italiamachines.com\/wp-content\/uploads\/2023\/07\/0E7F1F59-B348-435A-BCA8-1DFFD0402239-PhotoRoom.png-PhotoRoom.png\" \/>\n\t<meta property=\"og:image:width\" content=\"600\" \/>\n\t<meta property=\"og:image:height\" content=\"600\" \/>\n\t<meta property=\"og:image:type\" content=\"image\/png\" \/>\n<meta name=\"twitter:card\" content=\"summary_large_image\" \/>\n<meta name=\"twitter:label1\" content=\"Est. reading time\" \/>\n\t<meta name=\"twitter:data1\" content=\"1 minute\" \/>\n<script type=\"application\/ld+json\" class=\"yoast-schema-graph\">{\"@context\":\"https:\/\/schema.org\",\"@graph\":[{\"@type\":\"WebPage\",\"@id\":\"https:\/\/italiamachines.com\/boutique\/boulangerie-et-patisserie\/patisserie\/froid-et-conservation-pour-patisserie\/armoire-pour-conservation\/armoire-refrigerateur-700l-acier-inox-par-mastercool-dimensions-710x800x2030-2100\/\",\"url\":\"https:\/\/italiamachines.com\/boutique\/boulangerie-et-patisserie\/patisserie\/froid-et-conservation-pour-patisserie\/armoire-pour-conservation\/armoire-refrigerateur-700l-acier-inox-par-mastercool-dimensions-710x800x2030-2100\/\",\"name\":\"Armoire R\u00e9frig\u00e9rateur 700L acier inoxydable - par Mastercool - 71x80x203\/210 | Italia Machines\",\"isPartOf\":{\"@id\":\"https:\/\/italiamachines.com\/#website\"},\"primaryImageOfPage\":{\"@id\":\"https:\/\/italiamachines.com\/boutique\/boulangerie-et-patisserie\/patisserie\/froid-et-conservation-pour-patisserie\/armoire-pour-conservation\/armoire-refrigerateur-700l-acier-inox-par-mastercool-dimensions-710x800x2030-2100\/#primaryimage\"},\"image\":{\"@id\":\"https:\/\/italiamachines.com\/boutique\/boulangerie-et-patisserie\/patisserie\/froid-et-conservation-pour-patisserie\/armoire-pour-conservation\/armoire-refrigerateur-700l-acier-inox-par-mastercool-dimensions-710x800x2030-2100\/#primaryimage\"},\"thumbnailUrl\":\"https:\/\/italiamachines.com\/wp-content\/uploads\/2023\/07\/0E7F1F59-B348-435A-BCA8-1DFFD0402239-PhotoRoom.png-PhotoRoom.png\",\"datePublished\":\"2023-07-30T02:55:43+00:00\",\"dateModified\":\"2024-09-18T22:26:05+00:00\",\"breadcrumb\":{\"@id\":\"https:\/\/italiamachines.com\/boutique\/boulangerie-et-patisserie\/patisserie\/froid-et-conservation-pour-patisserie\/armoire-pour-conservation\/armoire-refrigerateur-700l-acier-inox-par-mastercool-dimensions-710x800x2030-2100\/#breadcrumb\"},\"inLanguage\":\"en-US\",\"potentialAction\":[{\"@type\":\"ReadAction\",\"target\":[\"https:\/\/italiamachines.com\/boutique\/boulangerie-et-patisserie\/patisserie\/froid-et-conservation-pour-patisserie\/armoire-pour-conservation\/armoire-refrigerateur-700l-acier-inox-par-mastercool-dimensions-710x800x2030-2100\/\"]}]},{\"@type\":\"ImageObject\",\"inLanguage\":\"en-US\",\"@id\":\"https:\/\/italiamachines.com\/boutique\/boulangerie-et-patisserie\/patisserie\/froid-et-conservation-pour-patisserie\/armoire-pour-conservation\/armoire-refrigerateur-700l-acier-inox-par-mastercool-dimensions-710x800x2030-2100\/#primaryimage\",\"url\":\"https:\/\/italiamachines.com\/wp-content\/uploads\/2023\/07\/0E7F1F59-B348-435A-BCA8-1DFFD0402239-PhotoRoom.png-PhotoRoom.png\",\"contentUrl\":\"https:\/\/italiamachines.com\/wp-content\/uploads\/2023\/07\/0E7F1F59-B348-435A-BCA8-1DFFD0402239-PhotoRoom.png-PhotoRoom.png\",\"width\":600,\"height\":600},{\"@type\":\"BreadcrumbList\",\"@id\":\"https:\/\/italiamachines.com\/boutique\/boulangerie-et-patisserie\/patisserie\/froid-et-conservation-pour-patisserie\/armoire-pour-conservation\/armoire-refrigerateur-700l-acier-inox-par-mastercool-dimensions-710x800x2030-2100\/#breadcrumb\",\"itemListElement\":[{\"@type\":\"ListItem\",\"position\":1,\"name\":\"Accueil\",\"item\":\"https:\/\/italiamachines.com\/fr_fr\/\"},{\"@type\":\"ListItem\",\"position\":2,\"name\":\"Boutique\",\"item\":\"https:\/\/italiamachines.com\/boutique\/\"},{\"@type\":\"ListItem\",\"position\":3,\"name\":\"Armoire R\u00e9frig\u00e9rateur 700L acier inoxydable &#8211; par Mastercool &#8211; 71x80x203\/210\"}]},{\"@type\":\"WebSite\",\"@id\":\"https:\/\/italiamachines.com\/#website\",\"url\":\"https:\/\/italiamachines.com\/\",\"name\":\"Italia Machines\",\"description\":\"L&#039;art de l&#039;\u00e9quipement HORECA\",\"publisher\":{\"@id\":\"https:\/\/italiamachines.com\/#organization\"},\"potentialAction\":[{\"@type\":\"SearchAction\",\"target\":{\"@type\":\"EntryPoint\",\"urlTemplate\":\"https:\/\/italiamachines.com\/?s={search_term_string}\"},\"query-input\":{\"@type\":\"PropertyValueSpecification\",\"valueRequired\":true,\"valueName\":\"search_term_string\"}}],\"inLanguage\":\"en-US\"},{\"@type\":\"Organization\",\"@id\":\"https:\/\/italiamachines.com\/#organization\",\"name\":\"italiamachines\",\"url\":\"https:\/\/italiamachines.com\/\",\"logo\":{\"@type\":\"ImageObject\",\"inLanguage\":\"en-US\",\"@id\":\"https:\/\/italiamachines.com\/#\/schema\/logo\/image\/\",\"url\":\"https:\/\/italiamachines.com\/wp-content\/uploads\/2023\/08\/logo-web-1.png\",\"contentUrl\":\"https:\/\/italiamachines.com\/wp-content\/uploads\/2023\/08\/logo-web-1.png\",\"width\":977,\"height\":254,\"caption\":\"italiamachines\"},\"image\":{\"@id\":\"https:\/\/italiamachines.com\/#\/schema\/logo\/image\/\"},\"sameAs\":[\"https:\/\/web.facebook.com\/italiamachines\/\",\"https:\/\/www.instagram.com\/italia.machines\/\"]}]}<\/script>\n<!-- \/ Yoast SEO plugin. -->","yoast_head_json":{"title":"Armoire R\u00e9frig\u00e9rateur 700L acier inoxydable - par Mastercool - 71x80x203\/210 | Italia Machines","robots":{"index":"index","follow":"follow","max-snippet":"max-snippet:-1","max-image-preview":"max-image-preview:large","max-video-preview":"max-video-preview:-1"},"canonical":"https:\/\/italiamachines.com\/en\/boutique\/boulangerie-et-patisserie\/patisserie\/froid-et-conservation-pour-patisserie\/armoire-pour-conservation\/armoire-refrigerateur-700l-acier-inox-par-mastercool-dimensions-710x800x2030-2100\/","og_locale":"en_US","og_type":"article","og_title":"Armoire R\u00e9frig\u00e9rateur 700L acier inoxydable - par Mastercool - 71x80x203\/210 | Italia Machines","og_description":"r\u00e9frig\u00e9rateur de 700 litres. En acier inoxydable durables \u00c9QUIPEMENT STANDARD 3 \u00e9tag\u00e8res plastifi\u00e9es GN 2\/1 ; Arr\u00eat du ventilateur ; D\u00c9TAILS DU PRODUIT : Dimensions externes : 710 x 800 x 2030-2100 mm Consommation d&rsquo;\u00e9nergie : 7,41 kWh\/24h Consommation de courant : 2,7 A Niveau sonore : 52 dB Tension : 230 V, 50 Hz&hellip;","og_url":"https:\/\/italiamachines.com\/en\/boutique\/boulangerie-et-patisserie\/patisserie\/froid-et-conservation-pour-patisserie\/armoire-pour-conservation\/armoire-refrigerateur-700l-acier-inox-par-mastercool-dimensions-710x800x2030-2100\/","og_site_name":"Italia Machines","article_publisher":"https:\/\/web.facebook.com\/italiamachines\/","article_modified_time":"2024-09-18T22:26:05+00:00","og_image":[{"width":600,"height":600,"url":"https:\/\/italiamachines.com\/wp-content\/uploads\/2023\/07\/0E7F1F59-B348-435A-BCA8-1DFFD0402239-PhotoRoom.png-PhotoRoom.png","type":"image\/png"}],"twitter_card":"summary_large_image","twitter_misc":{"Est. reading time":"1 minute"},"schema":{"@context":"https:\/\/schema.org","@graph":[{"@type":"WebPage","@id":"https:\/\/italiamachines.com\/boutique\/boulangerie-et-patisserie\/patisserie\/froid-et-conservation-pour-patisserie\/armoire-pour-conservation\/armoire-refrigerateur-700l-acier-inox-par-mastercool-dimensions-710x800x2030-2100\/","url":"https:\/\/italiamachines.com\/boutique\/boulangerie-et-patisserie\/patisserie\/froid-et-conservation-pour-patisserie\/armoire-pour-conservation\/armoire-refrigerateur-700l-acier-inox-par-mastercool-dimensions-710x800x2030-2100\/","name":"Armoire R\u00e9frig\u00e9rateur 700L acier inoxydable - par Mastercool - 71x80x203\/210 | Italia Machines","isPartOf":{"@id":"https:\/\/italiamachines.com\/#website"},"primaryImageOfPage":{"@id":"https:\/\/italiamachines.com\/boutique\/boulangerie-et-patisserie\/patisserie\/froid-et-conservation-pour-patisserie\/armoire-pour-conservation\/armoire-refrigerateur-700l-acier-inox-par-mastercool-dimensions-710x800x2030-2100\/#primaryimage"},"image":{"@id":"https:\/\/italiamachines.com\/boutique\/boulangerie-et-patisserie\/patisserie\/froid-et-conservation-pour-patisserie\/armoire-pour-conservation\/armoire-refrigerateur-700l-acier-inox-par-mastercool-dimensions-710x800x2030-2100\/#primaryimage"},"thumbnailUrl":"https:\/\/italiamachines.com\/wp-content\/uploads\/2023\/07\/0E7F1F59-B348-435A-BCA8-1DFFD0402239-PhotoRoom.png-PhotoRoom.png","datePublished":"2023-07-30T02:55:43+00:00","dateModified":"2024-09-18T22:26:05+00:00","breadcrumb":{"@id":"https:\/\/italiamachines.com\/boutique\/boulangerie-et-patisserie\/patisserie\/froid-et-conservation-pour-patisserie\/armoire-pour-conservation\/armoire-refrigerateur-700l-acier-inox-par-mastercool-dimensions-710x800x2030-2100\/#breadcrumb"},"inLanguage":"en-US","potentialAction":[{"@type":"ReadAction","target":["https:\/\/italiamachines.com\/boutique\/boulangerie-et-patisserie\/patisserie\/froid-et-conservation-pour-patisserie\/armoire-pour-conservation\/armoire-refrigerateur-700l-acier-inox-par-mastercool-dimensions-710x800x2030-2100\/"]}]},{"@type":"ImageObject","inLanguage":"en-US","@id":"https:\/\/italiamachines.com\/boutique\/boulangerie-et-patisserie\/patisserie\/froid-et-conservation-pour-patisserie\/armoire-pour-conservation\/armoire-refrigerateur-700l-acier-inox-par-mastercool-dimensions-710x800x2030-2100\/#primaryimage","url":"https:\/\/italiamachines.com\/wp-content\/uploads\/2023\/07\/0E7F1F59-B348-435A-BCA8-1DFFD0402239-PhotoRoom.png-PhotoRoom.png","contentUrl":"https:\/\/italiamachines.com\/wp-content\/uploads\/2023\/07\/0E7F1F59-B348-435A-BCA8-1DFFD0402239-PhotoRoom.png-PhotoRoom.png","width":600,"height":600},{"@type":"BreadcrumbList","@id":"https:\/\/italiamachines.com\/boutique\/boulangerie-et-patisserie\/patisserie\/froid-et-conservation-pour-patisserie\/armoire-pour-conservation\/armoire-refrigerateur-700l-acier-inox-par-mastercool-dimensions-710x800x2030-2100\/#breadcrumb","itemListElement":[{"@type":"ListItem","position":1,"name":"Accueil","item":"https:\/\/italiamachines.com\/fr_fr\/"},{"@type":"ListItem","position":2,"name":"Boutique","item":"https:\/\/italiamachines.com\/boutique\/"},{"@type":"ListItem","position":3,"name":"Armoire R\u00e9frig\u00e9rateur 700L acier inoxydable &#8211; par Mastercool &#8211; 71x80x203\/210"}]},{"@type":"WebSite","@id":"https:\/\/italiamachines.com\/#website","url":"https:\/\/italiamachines.com\/","name":"Italia Machines","description":"L&#039;art de l&#039;\u00e9quipement HORECA","publisher":{"@id":"https:\/\/italiamachines.com\/#organization"},"potentialAction":[{"@type":"SearchAction","target":{"@type":"EntryPoint","urlTemplate":"https:\/\/italiamachines.com\/?s={search_term_string}"},"query-input":{"@type":"PropertyValueSpecification","valueRequired":true,"valueName":"search_term_string"}}],"inLanguage":"en-US"},{"@type":"Organization","@id":"https:\/\/italiamachines.com\/#organization","name":"italiamachines","url":"https:\/\/italiamachines.com\/","logo":{"@type":"ImageObject","inLanguage":"en-US","@id":"https:\/\/italiamachines.com\/#\/schema\/logo\/image\/","url":"https:\/\/italiamachines.com\/wp-content\/uploads\/2023\/08\/logo-web-1.png","contentUrl":"https:\/\/italiamachines.com\/wp-content\/uploads\/2023\/08\/logo-web-1.png","width":977,"height":254,"caption":"italiamachines"},"image":{"@id":"https:\/\/italiamachines.com\/#\/schema\/logo\/image\/"},"sameAs":["https:\/\/web.facebook.com\/italiamachines\/","https:\/\/www.instagram.com\/italia.machines\/"]}]}},"_links":{"self":[{"href":"https:\/\/italiamachines.com\/en\/wp-json\/wp\/v2\/product\/4359","targetHints":{"allow":["GET"]}}],"collection":[{"href":"https:\/\/italiamachines.com\/en\/wp-json\/wp\/v2\/product"}],"about":[{"href":"https:\/\/italiamachines.com\/en\/wp-json\/wp\/v2\/types\/product"}],"replies":[{"embeddable":true,"href":"https:\/\/italiamachines.com\/en\/wp-json\/wp\/v2\/comments?post=4359"}],"wp:featuredmedia":[{"embeddable":true,"href":"https:\/\/italiamachines.com\/en\/wp-json\/wp\/v2\/media\/6557"}],"wp:attachment":[{"href":"https:\/\/italiamachines.com\/en\/wp-json\/wp\/v2\/media?parent=4359"}],"wp:term":[{"taxonomy":"product_cat","embeddable":true,"href":"https:\/\/italiamachines.com\/en\/wp-json\/wp\/v2\/product_cat?post=4359"},{"taxonomy":"product_tag","embeddable":true,"href":"https:\/\/italiamachines.com\/en\/wp-json\/wp\/v2\/product_tag?post=4359"}],"curies":[{"name":"wp","href":"https:\/\/api.w.org\/{rel}","templated":true}]}}