{"id":4361,"date":"2023-07-30T02:55:57","date_gmt":"2023-07-30T02:55:57","guid":{"rendered":"https:\/\/prod.italiamachines.com\/product\/armoire-congelateur-600-800-acier-inox-basse-temperature-pour-glace-et-patisserie-par-mastercool-dimensions-800x1020x2030\/"},"modified":"2024-09-18T23:37:12","modified_gmt":"2024-09-18T21:37:12","slug":"armoire-congelateur-600-800-acier-inox-basse-temperature-pour-glace-et-patisserie-par-mastercool-dimensions-800x1020x2030","status":"publish","type":"product","link":"https:\/\/italiamachines.com\/en\/boutique\/boulangerie-et-patisserie\/patisserie\/froid-et-conservation-pour-patisserie\/armoire-pour-conservation\/armoire-congelateur-600-800-acier-inox-basse-temperature-pour-glace-et-patisserie-par-mastercool-dimensions-800x1020x2030\/","title":{"rendered":"Armoire Cong\u00e9lateur 60&#215;80 &#8211; Basse Temp\u00e9rature pour glace et p\u00e2tisserie par Mastercool"},"content":{"rendered":"<p>Int\u00e9rieur et ext\u00e9rieur en acier inoxydable, \u00e0 l&rsquo;exception du fond, du plafond et du dos externe en acier galvanis\u00e9.<br \/>\nCoins internes arrondis.<br \/>\nPolyur\u00e9thane \u00e0 haute pression inject\u00e9 sans gaz CFC nuisibles pour l&rsquo;environnement (densit\u00e9 de 40 kg\/m3).<br \/>\n\u00c9paisseur d&rsquo;isolation : 70 mm.<br \/>\nPorte \u00e0 fermeture automatique avec joint magn\u00e9tique. R\u00e9versible avec un kit sp\u00e9cifique (sur demande).<br \/>\nPanneau de contr\u00f4le \u00e9lectronique frontal avec 2 sondes NTC pour le mod\u00e8le TN (Temp\u00e9rature Normale), avec 3 sondes NTC pour le mod\u00e8le BT (Basse Temp\u00e9rature).<br \/>\nUnit\u00e9 de r\u00e9frig\u00e9ration amovible facilement accessible pour le nettoyage et l&rsquo;entretien standard.<br \/>\nArmoire r\u00e9frig\u00e9r\u00e9e BT con\u00e7ue et pr\u00e9par\u00e9e pour une unit\u00e9 de r\u00e9frig\u00e9ration \u00e0 distance (SG).<br \/>\nArr\u00eat du ventilateur en standard.<br \/>\nD\u00e9cong\u00e9lation et \u00e9vaporation de l&rsquo;eau de condensation enti\u00e8rement automatiques.<br \/>\nD\u00e9cong\u00e9lation \u00e0 inversion de cycle (uniquement pour la version R290).<br \/>\nEnsemble de 4 pieds r\u00e9glables en acier inoxydable (110\/180 H mm).<br \/>\nInstallation facile et imm\u00e9diate.<\/p>","protected":false},"excerpt":{"rendered":"<p>Int\u00e9rieur et ext\u00e9rieur en acier inoxydable, \u00e0 l&rsquo;exception du fond, du plafond et du dos externe en acier galvanis\u00e9. Coins internes arrondis. Polyur\u00e9thane \u00e0 haute pression inject\u00e9 sans gaz CFC nuisibles pour l&rsquo;environnement (densit\u00e9 de 40 kg\/m3). \u00c9paisseur d&rsquo;isolation : 70 mm. Porte \u00e0 fermeture automatique avec joint magn\u00e9tique. R\u00e9versible avec un kit sp\u00e9cifique (sur&hellip;<\/p>","protected":false},"featured_media":6559,"comment_status":"open","ping_status":"closed","template":"","meta":[],"product_cat":[147,249,149,150,251,65,71,73,200,201,74,79,80,97,112],"product_tag":[],"class_list":{"0":"post-4361","1":"product","2":"type-product","3":"status-publish","4":"has-post-thumbnail","6":"product_cat-armoire","7":"product_cat-armoire-pour-conservation","8":"product_cat-armoire-pour-glace","9":"product_cat-armoires-pour-fromagerie","10":"product_cat-armoires-pour-restauration","11":"product_cat-cafe-glacier-lecheria","12":"product_cat-froid-conservation","13":"product_cat-froid-conservation-pour-glace","14":"product_cat-froid-conservation-pour-restauration","15":"product_cat-froid-et-conservation-pour-patisserie","16":"product_cat-fromagerie-et-epicerie-fine","17":"product_cat-glacier","18":"product_cat-glacier-lecheria","19":"product_cat-patisserie","20":"product_cat-restaurant-snack-et-pizzeria","22":"first","23":"instock","24":"shipping-taxable","25":"purchasable","26":"product-type-variable","27":"col-xs-6 col-sm-4","28":"col-md-3 col-lg-3","29":"un-4-cols"},"yoast_head":"<!-- This site is optimized with the Yoast SEO plugin v26.6 - https:\/\/yoast.com\/wordpress\/plugins\/seo\/ -->\n<title>Armoire Cong\u00e9lateur 60x80 - Basse Temp\u00e9rature pour glace et p\u00e2tisserie par Mastercool | Italia Machines<\/title>\n<meta name=\"robots\" content=\"index, follow, max-snippet:-1, max-image-preview:large, max-video-preview:-1\" \/>\n<link rel=\"canonical\" href=\"https:\/\/italiamachines.com\/en\/boutique\/boulangerie-et-patisserie\/patisserie\/froid-et-conservation-pour-patisserie\/armoire-pour-conservation\/armoire-congelateur-600-800-acier-inox-basse-temperature-pour-glace-et-patisserie-par-mastercool-dimensions-800x1020x2030\/\" \/>\n<meta property=\"og:locale\" content=\"en_US\" \/>\n<meta property=\"og:type\" content=\"article\" \/>\n<meta property=\"og:title\" content=\"Armoire Cong\u00e9lateur 60x80 - Basse Temp\u00e9rature pour glace et p\u00e2tisserie par Mastercool | Italia Machines\" \/>\n<meta property=\"og:description\" content=\"Int\u00e9rieur et ext\u00e9rieur en acier inoxydable, \u00e0 l&rsquo;exception du fond, du plafond et du dos externe en acier galvanis\u00e9. Coins internes arrondis. Polyur\u00e9thane \u00e0 haute pression inject\u00e9 sans gaz CFC nuisibles pour l&rsquo;environnement (densit\u00e9 de 40 kg\/m3). \u00c9paisseur d&rsquo;isolation : 70 mm. Porte \u00e0 fermeture automatique avec joint magn\u00e9tique. R\u00e9versible avec un kit sp\u00e9cifique (sur&hellip;\" \/>\n<meta property=\"og:url\" content=\"https:\/\/italiamachines.com\/en\/boutique\/boulangerie-et-patisserie\/patisserie\/froid-et-conservation-pour-patisserie\/armoire-pour-conservation\/armoire-congelateur-600-800-acier-inox-basse-temperature-pour-glace-et-patisserie-par-mastercool-dimensions-800x1020x2030\/\" \/>\n<meta property=\"og:site_name\" content=\"Italia Machines\" \/>\n<meta property=\"article:publisher\" content=\"https:\/\/web.facebook.com\/italiamachines\/\" \/>\n<meta property=\"article:modified_time\" content=\"2024-09-18T21:37:12+00:00\" \/>\n<meta property=\"og:image\" content=\"https:\/\/italiamachines.com\/wp-content\/uploads\/2023\/07\/7F3B0EC2-9B82-405F-A557-4B044F4784B0_4_5005_c-PhotoRoom.png-PhotoRoom.png\" \/>\n\t<meta property=\"og:image:width\" content=\"300\" \/>\n\t<meta property=\"og:image:height\" content=\"300\" \/>\n\t<meta property=\"og:image:type\" content=\"image\/png\" \/>\n<meta name=\"twitter:card\" content=\"summary_large_image\" \/>\n<meta name=\"twitter:label1\" content=\"Est. reading time\" \/>\n\t<meta name=\"twitter:data1\" content=\"1 minute\" \/>\n<script type=\"application\/ld+json\" class=\"yoast-schema-graph\">{\"@context\":\"https:\/\/schema.org\",\"@graph\":[{\"@type\":\"WebPage\",\"@id\":\"https:\/\/italiamachines.com\/boutique\/boulangerie-et-patisserie\/patisserie\/froid-et-conservation-pour-patisserie\/armoire-pour-conservation\/armoire-congelateur-600-800-acier-inox-basse-temperature-pour-glace-et-patisserie-par-mastercool-dimensions-800x1020x2030\/\",\"url\":\"https:\/\/italiamachines.com\/boutique\/boulangerie-et-patisserie\/patisserie\/froid-et-conservation-pour-patisserie\/armoire-pour-conservation\/armoire-congelateur-600-800-acier-inox-basse-temperature-pour-glace-et-patisserie-par-mastercool-dimensions-800x1020x2030\/\",\"name\":\"Armoire Cong\u00e9lateur 60x80 - Basse Temp\u00e9rature pour glace et p\u00e2tisserie par Mastercool | Italia Machines\",\"isPartOf\":{\"@id\":\"https:\/\/italiamachines.com\/#website\"},\"primaryImageOfPage\":{\"@id\":\"https:\/\/italiamachines.com\/boutique\/boulangerie-et-patisserie\/patisserie\/froid-et-conservation-pour-patisserie\/armoire-pour-conservation\/armoire-congelateur-600-800-acier-inox-basse-temperature-pour-glace-et-patisserie-par-mastercool-dimensions-800x1020x2030\/#primaryimage\"},\"image\":{\"@id\":\"https:\/\/italiamachines.com\/boutique\/boulangerie-et-patisserie\/patisserie\/froid-et-conservation-pour-patisserie\/armoire-pour-conservation\/armoire-congelateur-600-800-acier-inox-basse-temperature-pour-glace-et-patisserie-par-mastercool-dimensions-800x1020x2030\/#primaryimage\"},\"thumbnailUrl\":\"https:\/\/italiamachines.com\/wp-content\/uploads\/2023\/07\/7F3B0EC2-9B82-405F-A557-4B044F4784B0_4_5005_c-PhotoRoom.png-PhotoRoom.png\",\"datePublished\":\"2023-07-30T02:55:57+00:00\",\"dateModified\":\"2024-09-18T21:37:12+00:00\",\"breadcrumb\":{\"@id\":\"https:\/\/italiamachines.com\/boutique\/boulangerie-et-patisserie\/patisserie\/froid-et-conservation-pour-patisserie\/armoire-pour-conservation\/armoire-congelateur-600-800-acier-inox-basse-temperature-pour-glace-et-patisserie-par-mastercool-dimensions-800x1020x2030\/#breadcrumb\"},\"inLanguage\":\"en-US\",\"potentialAction\":[{\"@type\":\"ReadAction\",\"target\":[\"https:\/\/italiamachines.com\/boutique\/boulangerie-et-patisserie\/patisserie\/froid-et-conservation-pour-patisserie\/armoire-pour-conservation\/armoire-congelateur-600-800-acier-inox-basse-temperature-pour-glace-et-patisserie-par-mastercool-dimensions-800x1020x2030\/\"]}]},{\"@type\":\"ImageObject\",\"inLanguage\":\"en-US\",\"@id\":\"https:\/\/italiamachines.com\/boutique\/boulangerie-et-patisserie\/patisserie\/froid-et-conservation-pour-patisserie\/armoire-pour-conservation\/armoire-congelateur-600-800-acier-inox-basse-temperature-pour-glace-et-patisserie-par-mastercool-dimensions-800x1020x2030\/#primaryimage\",\"url\":\"https:\/\/italiamachines.com\/wp-content\/uploads\/2023\/07\/7F3B0EC2-9B82-405F-A557-4B044F4784B0_4_5005_c-PhotoRoom.png-PhotoRoom.png\",\"contentUrl\":\"https:\/\/italiamachines.com\/wp-content\/uploads\/2023\/07\/7F3B0EC2-9B82-405F-A557-4B044F4784B0_4_5005_c-PhotoRoom.png-PhotoRoom.png\",\"width\":300,\"height\":300},{\"@type\":\"BreadcrumbList\",\"@id\":\"https:\/\/italiamachines.com\/boutique\/boulangerie-et-patisserie\/patisserie\/froid-et-conservation-pour-patisserie\/armoire-pour-conservation\/armoire-congelateur-600-800-acier-inox-basse-temperature-pour-glace-et-patisserie-par-mastercool-dimensions-800x1020x2030\/#breadcrumb\",\"itemListElement\":[{\"@type\":\"ListItem\",\"position\":1,\"name\":\"Accueil\",\"item\":\"https:\/\/italiamachines.com\/fr_fr\/\"},{\"@type\":\"ListItem\",\"position\":2,\"name\":\"Boutique\",\"item\":\"https:\/\/italiamachines.com\/boutique\/\"},{\"@type\":\"ListItem\",\"position\":3,\"name\":\"Armoire Cong\u00e9lateur 60&#215;80 &#8211; Basse Temp\u00e9rature pour glace et p\u00e2tisserie par Mastercool\"}]},{\"@type\":\"WebSite\",\"@id\":\"https:\/\/italiamachines.com\/#website\",\"url\":\"https:\/\/italiamachines.com\/\",\"name\":\"Italia Machines\",\"description\":\"L&#039;art de l&#039;\u00e9quipement HORECA\",\"publisher\":{\"@id\":\"https:\/\/italiamachines.com\/#organization\"},\"potentialAction\":[{\"@type\":\"SearchAction\",\"target\":{\"@type\":\"EntryPoint\",\"urlTemplate\":\"https:\/\/italiamachines.com\/?s={search_term_string}\"},\"query-input\":{\"@type\":\"PropertyValueSpecification\",\"valueRequired\":true,\"valueName\":\"search_term_string\"}}],\"inLanguage\":\"en-US\"},{\"@type\":\"Organization\",\"@id\":\"https:\/\/italiamachines.com\/#organization\",\"name\":\"italiamachines\",\"url\":\"https:\/\/italiamachines.com\/\",\"logo\":{\"@type\":\"ImageObject\",\"inLanguage\":\"en-US\",\"@id\":\"https:\/\/italiamachines.com\/#\/schema\/logo\/image\/\",\"url\":\"https:\/\/italiamachines.com\/wp-content\/uploads\/2023\/08\/logo-web-1.png\",\"contentUrl\":\"https:\/\/italiamachines.com\/wp-content\/uploads\/2023\/08\/logo-web-1.png\",\"width\":977,\"height\":254,\"caption\":\"italiamachines\"},\"image\":{\"@id\":\"https:\/\/italiamachines.com\/#\/schema\/logo\/image\/\"},\"sameAs\":[\"https:\/\/web.facebook.com\/italiamachines\/\",\"https:\/\/www.instagram.com\/italia.machines\/\"]}]}<\/script>\n<!-- \/ Yoast SEO plugin. -->","yoast_head_json":{"title":"Armoire Cong\u00e9lateur 60x80 - Basse Temp\u00e9rature pour glace et p\u00e2tisserie par Mastercool | Italia Machines","robots":{"index":"index","follow":"follow","max-snippet":"max-snippet:-1","max-image-preview":"max-image-preview:large","max-video-preview":"max-video-preview:-1"},"canonical":"https:\/\/italiamachines.com\/en\/boutique\/boulangerie-et-patisserie\/patisserie\/froid-et-conservation-pour-patisserie\/armoire-pour-conservation\/armoire-congelateur-600-800-acier-inox-basse-temperature-pour-glace-et-patisserie-par-mastercool-dimensions-800x1020x2030\/","og_locale":"en_US","og_type":"article","og_title":"Armoire Cong\u00e9lateur 60x80 - Basse Temp\u00e9rature pour glace et p\u00e2tisserie par Mastercool | Italia Machines","og_description":"Int\u00e9rieur et ext\u00e9rieur en acier inoxydable, \u00e0 l&rsquo;exception du fond, du plafond et du dos externe en acier galvanis\u00e9. Coins internes arrondis. Polyur\u00e9thane \u00e0 haute pression inject\u00e9 sans gaz CFC nuisibles pour l&rsquo;environnement (densit\u00e9 de 40 kg\/m3). \u00c9paisseur d&rsquo;isolation : 70 mm. Porte \u00e0 fermeture automatique avec joint magn\u00e9tique. R\u00e9versible avec un kit sp\u00e9cifique (sur&hellip;","og_url":"https:\/\/italiamachines.com\/en\/boutique\/boulangerie-et-patisserie\/patisserie\/froid-et-conservation-pour-patisserie\/armoire-pour-conservation\/armoire-congelateur-600-800-acier-inox-basse-temperature-pour-glace-et-patisserie-par-mastercool-dimensions-800x1020x2030\/","og_site_name":"Italia Machines","article_publisher":"https:\/\/web.facebook.com\/italiamachines\/","article_modified_time":"2024-09-18T21:37:12+00:00","og_image":[{"width":300,"height":300,"url":"https:\/\/italiamachines.com\/wp-content\/uploads\/2023\/07\/7F3B0EC2-9B82-405F-A557-4B044F4784B0_4_5005_c-PhotoRoom.png-PhotoRoom.png","type":"image\/png"}],"twitter_card":"summary_large_image","twitter_misc":{"Est. reading time":"1 minute"},"schema":{"@context":"https:\/\/schema.org","@graph":[{"@type":"WebPage","@id":"https:\/\/italiamachines.com\/boutique\/boulangerie-et-patisserie\/patisserie\/froid-et-conservation-pour-patisserie\/armoire-pour-conservation\/armoire-congelateur-600-800-acier-inox-basse-temperature-pour-glace-et-patisserie-par-mastercool-dimensions-800x1020x2030\/","url":"https:\/\/italiamachines.com\/boutique\/boulangerie-et-patisserie\/patisserie\/froid-et-conservation-pour-patisserie\/armoire-pour-conservation\/armoire-congelateur-600-800-acier-inox-basse-temperature-pour-glace-et-patisserie-par-mastercool-dimensions-800x1020x2030\/","name":"Armoire Cong\u00e9lateur 60x80 - Basse Temp\u00e9rature pour glace et p\u00e2tisserie par Mastercool | Italia Machines","isPartOf":{"@id":"https:\/\/italiamachines.com\/#website"},"primaryImageOfPage":{"@id":"https:\/\/italiamachines.com\/boutique\/boulangerie-et-patisserie\/patisserie\/froid-et-conservation-pour-patisserie\/armoire-pour-conservation\/armoire-congelateur-600-800-acier-inox-basse-temperature-pour-glace-et-patisserie-par-mastercool-dimensions-800x1020x2030\/#primaryimage"},"image":{"@id":"https:\/\/italiamachines.com\/boutique\/boulangerie-et-patisserie\/patisserie\/froid-et-conservation-pour-patisserie\/armoire-pour-conservation\/armoire-congelateur-600-800-acier-inox-basse-temperature-pour-glace-et-patisserie-par-mastercool-dimensions-800x1020x2030\/#primaryimage"},"thumbnailUrl":"https:\/\/italiamachines.com\/wp-content\/uploads\/2023\/07\/7F3B0EC2-9B82-405F-A557-4B044F4784B0_4_5005_c-PhotoRoom.png-PhotoRoom.png","datePublished":"2023-07-30T02:55:57+00:00","dateModified":"2024-09-18T21:37:12+00:00","breadcrumb":{"@id":"https:\/\/italiamachines.com\/boutique\/boulangerie-et-patisserie\/patisserie\/froid-et-conservation-pour-patisserie\/armoire-pour-conservation\/armoire-congelateur-600-800-acier-inox-basse-temperature-pour-glace-et-patisserie-par-mastercool-dimensions-800x1020x2030\/#breadcrumb"},"inLanguage":"en-US","potentialAction":[{"@type":"ReadAction","target":["https:\/\/italiamachines.com\/boutique\/boulangerie-et-patisserie\/patisserie\/froid-et-conservation-pour-patisserie\/armoire-pour-conservation\/armoire-congelateur-600-800-acier-inox-basse-temperature-pour-glace-et-patisserie-par-mastercool-dimensions-800x1020x2030\/"]}]},{"@type":"ImageObject","inLanguage":"en-US","@id":"https:\/\/italiamachines.com\/boutique\/boulangerie-et-patisserie\/patisserie\/froid-et-conservation-pour-patisserie\/armoire-pour-conservation\/armoire-congelateur-600-800-acier-inox-basse-temperature-pour-glace-et-patisserie-par-mastercool-dimensions-800x1020x2030\/#primaryimage","url":"https:\/\/italiamachines.com\/wp-content\/uploads\/2023\/07\/7F3B0EC2-9B82-405F-A557-4B044F4784B0_4_5005_c-PhotoRoom.png-PhotoRoom.png","contentUrl":"https:\/\/italiamachines.com\/wp-content\/uploads\/2023\/07\/7F3B0EC2-9B82-405F-A557-4B044F4784B0_4_5005_c-PhotoRoom.png-PhotoRoom.png","width":300,"height":300},{"@type":"BreadcrumbList","@id":"https:\/\/italiamachines.com\/boutique\/boulangerie-et-patisserie\/patisserie\/froid-et-conservation-pour-patisserie\/armoire-pour-conservation\/armoire-congelateur-600-800-acier-inox-basse-temperature-pour-glace-et-patisserie-par-mastercool-dimensions-800x1020x2030\/#breadcrumb","itemListElement":[{"@type":"ListItem","position":1,"name":"Accueil","item":"https:\/\/italiamachines.com\/fr_fr\/"},{"@type":"ListItem","position":2,"name":"Boutique","item":"https:\/\/italiamachines.com\/boutique\/"},{"@type":"ListItem","position":3,"name":"Armoire Cong\u00e9lateur 60&#215;80 &#8211; Basse Temp\u00e9rature pour glace et p\u00e2tisserie par Mastercool"}]},{"@type":"WebSite","@id":"https:\/\/italiamachines.com\/#website","url":"https:\/\/italiamachines.com\/","name":"Italia Machines","description":"L&#039;art de l&#039;\u00e9quipement HORECA","publisher":{"@id":"https:\/\/italiamachines.com\/#organization"},"potentialAction":[{"@type":"SearchAction","target":{"@type":"EntryPoint","urlTemplate":"https:\/\/italiamachines.com\/?s={search_term_string}"},"query-input":{"@type":"PropertyValueSpecification","valueRequired":true,"valueName":"search_term_string"}}],"inLanguage":"en-US"},{"@type":"Organization","@id":"https:\/\/italiamachines.com\/#organization","name":"italiamachines","url":"https:\/\/italiamachines.com\/","logo":{"@type":"ImageObject","inLanguage":"en-US","@id":"https:\/\/italiamachines.com\/#\/schema\/logo\/image\/","url":"https:\/\/italiamachines.com\/wp-content\/uploads\/2023\/08\/logo-web-1.png","contentUrl":"https:\/\/italiamachines.com\/wp-content\/uploads\/2023\/08\/logo-web-1.png","width":977,"height":254,"caption":"italiamachines"},"image":{"@id":"https:\/\/italiamachines.com\/#\/schema\/logo\/image\/"},"sameAs":["https:\/\/web.facebook.com\/italiamachines\/","https:\/\/www.instagram.com\/italia.machines\/"]}]}},"_links":{"self":[{"href":"https:\/\/italiamachines.com\/en\/wp-json\/wp\/v2\/product\/4361","targetHints":{"allow":["GET"]}}],"collection":[{"href":"https:\/\/italiamachines.com\/en\/wp-json\/wp\/v2\/product"}],"about":[{"href":"https:\/\/italiamachines.com\/en\/wp-json\/wp\/v2\/types\/product"}],"replies":[{"embeddable":true,"href":"https:\/\/italiamachines.com\/en\/wp-json\/wp\/v2\/comments?post=4361"}],"wp:featuredmedia":[{"embeddable":true,"href":"https:\/\/italiamachines.com\/en\/wp-json\/wp\/v2\/media\/6559"}],"wp:attachment":[{"href":"https:\/\/italiamachines.com\/en\/wp-json\/wp\/v2\/media?parent=4361"}],"wp:term":[{"taxonomy":"product_cat","embeddable":true,"href":"https:\/\/italiamachines.com\/en\/wp-json\/wp\/v2\/product_cat?post=4361"},{"taxonomy":"product_tag","embeddable":true,"href":"https:\/\/italiamachines.com\/en\/wp-json\/wp\/v2\/product_tag?post=4361"}],"curies":[{"name":"wp","href":"https:\/\/api.w.org\/{rel}","templated":true}]}}