{"id":4380,"date":"2023-07-30T02:58:26","date_gmt":"2023-07-30T02:58:26","guid":{"rendered":"https:\/\/prod.italiamachines.com\/product\/armoire-refrigeree-en-inox-2-portes-vitrees-par-mastercool\/"},"modified":"2023-12-16T23:18:57","modified_gmt":"2023-12-16T22:18:57","slug":"armoire-refrigeree-en-inox-2-portes-vitrees-par-mastercool","status":"publish","type":"product","link":"https:\/\/italiamachines.com\/en\/boutique\/boulangerie-et-patisserie\/patisserie\/froid-et-conservation-pour-patisserie\/armoire-pour-conservation\/armoire-refrigeree-en-inox-2-portes-vitrees-par-mastercool\/","title":{"rendered":"Armoire R\u00e9frig\u00e9r\u00e9e en Inox &#8211; 2 Portes Vitr\u00e9es &#8211; par Mastercool"},"content":{"rendered":"<p>Ce r\u00e9frig\u00e9rateur de laboratoire se pr\u00e9sente sous la forme d&rsquo;une armoire \u00e0 deux portes, \u00e9quip\u00e9es de portes en verre. Avec une capacit\u00e9 de 1 400 litres (369,8 gallons), il offre amplement d&rsquo;espace de stockage pour les besoins de laboratoire.<\/p>\n<p>La plage de temp\u00e9rature de ce r\u00e9frig\u00e9rateur varie de 0 \u00b0C (32 \u00b0F) \u00e0 15 \u00b0C (59 \u00b0F), offrant ainsi une gamme appropri\u00e9e pour la conservation des \u00e9chantillons et des produits sensibles.<\/p>\n<p>Les dimensions de cet appareil sont les suivantes : une hauteur de 2 010 mm (79,1 pouces), une largeur de 1 440 mm (56,7 pouces) et une profondeur de 850 mm (33 pouces). Sa configuration en forme d&rsquo;armoire facilite l&rsquo;organisation et l&rsquo;acc\u00e8s aux contenus.<\/p>\n<p>Ce r\u00e9frig\u00e9rateur r\u00e9pond aux exigences des laboratoires en offrant une capacit\u00e9 de stockage importante, une plage de temp\u00e9rature adapt\u00e9e et une configuration pratique avec des portes en verre pour une visibilit\u00e9 facile des contenus.<\/p>","protected":false},"excerpt":{"rendered":"<p>Ce r\u00e9frig\u00e9rateur de laboratoire se pr\u00e9sente sous la forme d&rsquo;une armoire \u00e0 deux portes, \u00e9quip\u00e9es de portes en verre. Avec une capacit\u00e9 de 1 400 litres (369,8 gallons), il offre amplement d&rsquo;espace de stockage pour les besoins de laboratoire. La plage de temp\u00e9rature de ce r\u00e9frig\u00e9rateur varie de 0 \u00b0C (32 \u00b0F) \u00e0 15 \u00b0C&hellip;<\/p>","protected":false},"featured_media":6560,"comment_status":"open","ping_status":"closed","template":"","meta":[],"product_cat":[147,148,249,149,150,251,63,65,71,72,73,200,201,74,79,80,97,112],"product_tag":[],"class_list":{"0":"post-4380","1":"product","2":"type-product","3":"status-publish","4":"has-post-thumbnail","6":"product_cat-armoire","7":"product_cat-armoire-pour-boucherie","8":"product_cat-armoire-pour-conservation","9":"product_cat-armoire-pour-glace","10":"product_cat-armoires-pour-fromagerie","11":"product_cat-armoires-pour-restauration","12":"product_cat-boucherie","13":"product_cat-cafe-glacier-lecheria","14":"product_cat-froid-conservation","15":"product_cat-froid-conservation-pour-boucherie","16":"product_cat-froid-conservation-pour-glace","17":"product_cat-froid-conservation-pour-restauration","18":"product_cat-froid-et-conservation-pour-patisserie","19":"product_cat-fromagerie-et-epicerie-fine","20":"product_cat-glacier","21":"product_cat-glacier-lecheria","22":"product_cat-patisserie","23":"product_cat-restaurant-snack-et-pizzeria","24":"pa_temparmoire-bassebt","25":"pa_temparmoire-normaletn","26":"pa_volumearmoire-12002-portes","27":"pa_volumearmoire-14002-portes","28":"pa_volumearmoire-4001-porte","29":"pa_volumearmoire-55","30":"pa_volumearmoire-7002-portes","32":"first","33":"instock","34":"shipping-taxable","35":"purchasable","36":"product-type-variable","37":"col-xs-6 col-sm-4","38":"col-md-3 col-lg-3","39":"un-4-cols"},"yoast_head":"<!-- This site is optimized with the Yoast SEO plugin v26.6 - https:\/\/yoast.com\/wordpress\/plugins\/seo\/ -->\n<title>Armoire R\u00e9frig\u00e9r\u00e9e en Inox - 2 Portes Vitr\u00e9es - par Mastercool | Italia Machines<\/title>\n<meta name=\"robots\" content=\"index, follow, max-snippet:-1, max-image-preview:large, max-video-preview:-1\" \/>\n<link rel=\"canonical\" href=\"https:\/\/italiamachines.com\/en\/boutique\/boulangerie-et-patisserie\/patisserie\/froid-et-conservation-pour-patisserie\/armoire-pour-conservation\/armoire-refrigeree-en-inox-2-portes-vitrees-par-mastercool\/\" \/>\n<meta property=\"og:locale\" content=\"en_US\" \/>\n<meta property=\"og:type\" content=\"article\" \/>\n<meta property=\"og:title\" content=\"Armoire R\u00e9frig\u00e9r\u00e9e en Inox - 2 Portes Vitr\u00e9es - par Mastercool | Italia Machines\" \/>\n<meta property=\"og:description\" content=\"Ce r\u00e9frig\u00e9rateur de laboratoire se pr\u00e9sente sous la forme d&rsquo;une armoire \u00e0 deux portes, \u00e9quip\u00e9es de portes en verre. Avec une capacit\u00e9 de 1 400 litres (369,8 gallons), il offre amplement d&rsquo;espace de stockage pour les besoins de laboratoire. La plage de temp\u00e9rature de ce r\u00e9frig\u00e9rateur varie de 0 \u00b0C (32 \u00b0F) \u00e0 15 \u00b0C&hellip;\" \/>\n<meta property=\"og:url\" content=\"https:\/\/italiamachines.com\/en\/boutique\/boulangerie-et-patisserie\/patisserie\/froid-et-conservation-pour-patisserie\/armoire-pour-conservation\/armoire-refrigeree-en-inox-2-portes-vitrees-par-mastercool\/\" \/>\n<meta property=\"og:site_name\" content=\"Italia Machines\" \/>\n<meta property=\"article:publisher\" content=\"https:\/\/web.facebook.com\/italiamachines\/\" \/>\n<meta property=\"article:modified_time\" content=\"2023-12-16T22:18:57+00:00\" \/>\n<meta property=\"og:image\" content=\"https:\/\/italiamachines.com\/wp-content\/uploads\/2023\/07\/287762C5-C324-4A28-A3E4-4EB36547A943_1_201_a.jpeg\" \/>\n\t<meta property=\"og:image:width\" content=\"600\" \/>\n\t<meta property=\"og:image:height\" content=\"588\" \/>\n\t<meta property=\"og:image:type\" content=\"image\/jpeg\" \/>\n<meta name=\"twitter:card\" content=\"summary_large_image\" \/>\n<meta name=\"twitter:label1\" content=\"Est. reading time\" \/>\n\t<meta name=\"twitter:data1\" content=\"1 minute\" \/>\n<script type=\"application\/ld+json\" class=\"yoast-schema-graph\">{\"@context\":\"https:\/\/schema.org\",\"@graph\":[{\"@type\":\"WebPage\",\"@id\":\"https:\/\/italiamachines.com\/boutique\/boulangerie-et-patisserie\/patisserie\/froid-et-conservation-pour-patisserie\/armoire-pour-conservation\/armoire-refrigeree-en-inox-2-portes-vitrees-par-mastercool\/\",\"url\":\"https:\/\/italiamachines.com\/boutique\/boulangerie-et-patisserie\/patisserie\/froid-et-conservation-pour-patisserie\/armoire-pour-conservation\/armoire-refrigeree-en-inox-2-portes-vitrees-par-mastercool\/\",\"name\":\"Armoire R\u00e9frig\u00e9r\u00e9e en Inox - 2 Portes Vitr\u00e9es - par Mastercool | Italia Machines\",\"isPartOf\":{\"@id\":\"https:\/\/italiamachines.com\/#website\"},\"primaryImageOfPage\":{\"@id\":\"https:\/\/italiamachines.com\/boutique\/boulangerie-et-patisserie\/patisserie\/froid-et-conservation-pour-patisserie\/armoire-pour-conservation\/armoire-refrigeree-en-inox-2-portes-vitrees-par-mastercool\/#primaryimage\"},\"image\":{\"@id\":\"https:\/\/italiamachines.com\/boutique\/boulangerie-et-patisserie\/patisserie\/froid-et-conservation-pour-patisserie\/armoire-pour-conservation\/armoire-refrigeree-en-inox-2-portes-vitrees-par-mastercool\/#primaryimage\"},\"thumbnailUrl\":\"https:\/\/italiamachines.com\/wp-content\/uploads\/2023\/07\/287762C5-C324-4A28-A3E4-4EB36547A943_1_201_a.jpeg\",\"datePublished\":\"2023-07-30T02:58:26+00:00\",\"dateModified\":\"2023-12-16T22:18:57+00:00\",\"breadcrumb\":{\"@id\":\"https:\/\/italiamachines.com\/boutique\/boulangerie-et-patisserie\/patisserie\/froid-et-conservation-pour-patisserie\/armoire-pour-conservation\/armoire-refrigeree-en-inox-2-portes-vitrees-par-mastercool\/#breadcrumb\"},\"inLanguage\":\"en-US\",\"potentialAction\":[{\"@type\":\"ReadAction\",\"target\":[\"https:\/\/italiamachines.com\/boutique\/boulangerie-et-patisserie\/patisserie\/froid-et-conservation-pour-patisserie\/armoire-pour-conservation\/armoire-refrigeree-en-inox-2-portes-vitrees-par-mastercool\/\"]}]},{\"@type\":\"ImageObject\",\"inLanguage\":\"en-US\",\"@id\":\"https:\/\/italiamachines.com\/boutique\/boulangerie-et-patisserie\/patisserie\/froid-et-conservation-pour-patisserie\/armoire-pour-conservation\/armoire-refrigeree-en-inox-2-portes-vitrees-par-mastercool\/#primaryimage\",\"url\":\"https:\/\/italiamachines.com\/wp-content\/uploads\/2023\/07\/287762C5-C324-4A28-A3E4-4EB36547A943_1_201_a.jpeg\",\"contentUrl\":\"https:\/\/italiamachines.com\/wp-content\/uploads\/2023\/07\/287762C5-C324-4A28-A3E4-4EB36547A943_1_201_a.jpeg\",\"width\":600,\"height\":588},{\"@type\":\"BreadcrumbList\",\"@id\":\"https:\/\/italiamachines.com\/boutique\/boulangerie-et-patisserie\/patisserie\/froid-et-conservation-pour-patisserie\/armoire-pour-conservation\/armoire-refrigeree-en-inox-2-portes-vitrees-par-mastercool\/#breadcrumb\",\"itemListElement\":[{\"@type\":\"ListItem\",\"position\":1,\"name\":\"Accueil\",\"item\":\"https:\/\/italiamachines.com\/fr_fr\/\"},{\"@type\":\"ListItem\",\"position\":2,\"name\":\"Boutique\",\"item\":\"https:\/\/italiamachines.com\/boutique\/\"},{\"@type\":\"ListItem\",\"position\":3,\"name\":\"Armoire R\u00e9frig\u00e9r\u00e9e en Inox &#8211; 2 Portes Vitr\u00e9es &#8211; par Mastercool\"}]},{\"@type\":\"WebSite\",\"@id\":\"https:\/\/italiamachines.com\/#website\",\"url\":\"https:\/\/italiamachines.com\/\",\"name\":\"Italia Machines\",\"description\":\"L&#039;art de l&#039;\u00e9quipement HORECA\",\"publisher\":{\"@id\":\"https:\/\/italiamachines.com\/#organization\"},\"potentialAction\":[{\"@type\":\"SearchAction\",\"target\":{\"@type\":\"EntryPoint\",\"urlTemplate\":\"https:\/\/italiamachines.com\/?s={search_term_string}\"},\"query-input\":{\"@type\":\"PropertyValueSpecification\",\"valueRequired\":true,\"valueName\":\"search_term_string\"}}],\"inLanguage\":\"en-US\"},{\"@type\":\"Organization\",\"@id\":\"https:\/\/italiamachines.com\/#organization\",\"name\":\"italiamachines\",\"url\":\"https:\/\/italiamachines.com\/\",\"logo\":{\"@type\":\"ImageObject\",\"inLanguage\":\"en-US\",\"@id\":\"https:\/\/italiamachines.com\/#\/schema\/logo\/image\/\",\"url\":\"https:\/\/italiamachines.com\/wp-content\/uploads\/2023\/08\/logo-web-1.png\",\"contentUrl\":\"https:\/\/italiamachines.com\/wp-content\/uploads\/2023\/08\/logo-web-1.png\",\"width\":977,\"height\":254,\"caption\":\"italiamachines\"},\"image\":{\"@id\":\"https:\/\/italiamachines.com\/#\/schema\/logo\/image\/\"},\"sameAs\":[\"https:\/\/web.facebook.com\/italiamachines\/\",\"https:\/\/www.instagram.com\/italia.machines\/\"]}]}<\/script>\n<!-- \/ Yoast SEO plugin. -->","yoast_head_json":{"title":"Armoire R\u00e9frig\u00e9r\u00e9e en Inox - 2 Portes Vitr\u00e9es - par Mastercool | Italia Machines","robots":{"index":"index","follow":"follow","max-snippet":"max-snippet:-1","max-image-preview":"max-image-preview:large","max-video-preview":"max-video-preview:-1"},"canonical":"https:\/\/italiamachines.com\/en\/boutique\/boulangerie-et-patisserie\/patisserie\/froid-et-conservation-pour-patisserie\/armoire-pour-conservation\/armoire-refrigeree-en-inox-2-portes-vitrees-par-mastercool\/","og_locale":"en_US","og_type":"article","og_title":"Armoire R\u00e9frig\u00e9r\u00e9e en Inox - 2 Portes Vitr\u00e9es - par Mastercool | Italia Machines","og_description":"Ce r\u00e9frig\u00e9rateur de laboratoire se pr\u00e9sente sous la forme d&rsquo;une armoire \u00e0 deux portes, \u00e9quip\u00e9es de portes en verre. Avec une capacit\u00e9 de 1 400 litres (369,8 gallons), il offre amplement d&rsquo;espace de stockage pour les besoins de laboratoire. La plage de temp\u00e9rature de ce r\u00e9frig\u00e9rateur varie de 0 \u00b0C (32 \u00b0F) \u00e0 15 \u00b0C&hellip;","og_url":"https:\/\/italiamachines.com\/en\/boutique\/boulangerie-et-patisserie\/patisserie\/froid-et-conservation-pour-patisserie\/armoire-pour-conservation\/armoire-refrigeree-en-inox-2-portes-vitrees-par-mastercool\/","og_site_name":"Italia Machines","article_publisher":"https:\/\/web.facebook.com\/italiamachines\/","article_modified_time":"2023-12-16T22:18:57+00:00","og_image":[{"width":600,"height":588,"url":"https:\/\/italiamachines.com\/wp-content\/uploads\/2023\/07\/287762C5-C324-4A28-A3E4-4EB36547A943_1_201_a.jpeg","type":"image\/jpeg"}],"twitter_card":"summary_large_image","twitter_misc":{"Est. reading time":"1 minute"},"schema":{"@context":"https:\/\/schema.org","@graph":[{"@type":"WebPage","@id":"https:\/\/italiamachines.com\/boutique\/boulangerie-et-patisserie\/patisserie\/froid-et-conservation-pour-patisserie\/armoire-pour-conservation\/armoire-refrigeree-en-inox-2-portes-vitrees-par-mastercool\/","url":"https:\/\/italiamachines.com\/boutique\/boulangerie-et-patisserie\/patisserie\/froid-et-conservation-pour-patisserie\/armoire-pour-conservation\/armoire-refrigeree-en-inox-2-portes-vitrees-par-mastercool\/","name":"Armoire R\u00e9frig\u00e9r\u00e9e en Inox - 2 Portes Vitr\u00e9es - par Mastercool | Italia Machines","isPartOf":{"@id":"https:\/\/italiamachines.com\/#website"},"primaryImageOfPage":{"@id":"https:\/\/italiamachines.com\/boutique\/boulangerie-et-patisserie\/patisserie\/froid-et-conservation-pour-patisserie\/armoire-pour-conservation\/armoire-refrigeree-en-inox-2-portes-vitrees-par-mastercool\/#primaryimage"},"image":{"@id":"https:\/\/italiamachines.com\/boutique\/boulangerie-et-patisserie\/patisserie\/froid-et-conservation-pour-patisserie\/armoire-pour-conservation\/armoire-refrigeree-en-inox-2-portes-vitrees-par-mastercool\/#primaryimage"},"thumbnailUrl":"https:\/\/italiamachines.com\/wp-content\/uploads\/2023\/07\/287762C5-C324-4A28-A3E4-4EB36547A943_1_201_a.jpeg","datePublished":"2023-07-30T02:58:26+00:00","dateModified":"2023-12-16T22:18:57+00:00","breadcrumb":{"@id":"https:\/\/italiamachines.com\/boutique\/boulangerie-et-patisserie\/patisserie\/froid-et-conservation-pour-patisserie\/armoire-pour-conservation\/armoire-refrigeree-en-inox-2-portes-vitrees-par-mastercool\/#breadcrumb"},"inLanguage":"en-US","potentialAction":[{"@type":"ReadAction","target":["https:\/\/italiamachines.com\/boutique\/boulangerie-et-patisserie\/patisserie\/froid-et-conservation-pour-patisserie\/armoire-pour-conservation\/armoire-refrigeree-en-inox-2-portes-vitrees-par-mastercool\/"]}]},{"@type":"ImageObject","inLanguage":"en-US","@id":"https:\/\/italiamachines.com\/boutique\/boulangerie-et-patisserie\/patisserie\/froid-et-conservation-pour-patisserie\/armoire-pour-conservation\/armoire-refrigeree-en-inox-2-portes-vitrees-par-mastercool\/#primaryimage","url":"https:\/\/italiamachines.com\/wp-content\/uploads\/2023\/07\/287762C5-C324-4A28-A3E4-4EB36547A943_1_201_a.jpeg","contentUrl":"https:\/\/italiamachines.com\/wp-content\/uploads\/2023\/07\/287762C5-C324-4A28-A3E4-4EB36547A943_1_201_a.jpeg","width":600,"height":588},{"@type":"BreadcrumbList","@id":"https:\/\/italiamachines.com\/boutique\/boulangerie-et-patisserie\/patisserie\/froid-et-conservation-pour-patisserie\/armoire-pour-conservation\/armoire-refrigeree-en-inox-2-portes-vitrees-par-mastercool\/#breadcrumb","itemListElement":[{"@type":"ListItem","position":1,"name":"Accueil","item":"https:\/\/italiamachines.com\/fr_fr\/"},{"@type":"ListItem","position":2,"name":"Boutique","item":"https:\/\/italiamachines.com\/boutique\/"},{"@type":"ListItem","position":3,"name":"Armoire R\u00e9frig\u00e9r\u00e9e en Inox &#8211; 2 Portes Vitr\u00e9es &#8211; par Mastercool"}]},{"@type":"WebSite","@id":"https:\/\/italiamachines.com\/#website","url":"https:\/\/italiamachines.com\/","name":"Italia Machines","description":"L&#039;art de l&#039;\u00e9quipement HORECA","publisher":{"@id":"https:\/\/italiamachines.com\/#organization"},"potentialAction":[{"@type":"SearchAction","target":{"@type":"EntryPoint","urlTemplate":"https:\/\/italiamachines.com\/?s={search_term_string}"},"query-input":{"@type":"PropertyValueSpecification","valueRequired":true,"valueName":"search_term_string"}}],"inLanguage":"en-US"},{"@type":"Organization","@id":"https:\/\/italiamachines.com\/#organization","name":"italiamachines","url":"https:\/\/italiamachines.com\/","logo":{"@type":"ImageObject","inLanguage":"en-US","@id":"https:\/\/italiamachines.com\/#\/schema\/logo\/image\/","url":"https:\/\/italiamachines.com\/wp-content\/uploads\/2023\/08\/logo-web-1.png","contentUrl":"https:\/\/italiamachines.com\/wp-content\/uploads\/2023\/08\/logo-web-1.png","width":977,"height":254,"caption":"italiamachines"},"image":{"@id":"https:\/\/italiamachines.com\/#\/schema\/logo\/image\/"},"sameAs":["https:\/\/web.facebook.com\/italiamachines\/","https:\/\/www.instagram.com\/italia.machines\/"]}]}},"_links":{"self":[{"href":"https:\/\/italiamachines.com\/en\/wp-json\/wp\/v2\/product\/4380","targetHints":{"allow":["GET"]}}],"collection":[{"href":"https:\/\/italiamachines.com\/en\/wp-json\/wp\/v2\/product"}],"about":[{"href":"https:\/\/italiamachines.com\/en\/wp-json\/wp\/v2\/types\/product"}],"replies":[{"embeddable":true,"href":"https:\/\/italiamachines.com\/en\/wp-json\/wp\/v2\/comments?post=4380"}],"wp:featuredmedia":[{"embeddable":true,"href":"https:\/\/italiamachines.com\/en\/wp-json\/wp\/v2\/media\/6560"}],"wp:attachment":[{"href":"https:\/\/italiamachines.com\/en\/wp-json\/wp\/v2\/media?parent=4380"}],"wp:term":[{"taxonomy":"product_cat","embeddable":true,"href":"https:\/\/italiamachines.com\/en\/wp-json\/wp\/v2\/product_cat?post=4380"},{"taxonomy":"product_tag","embeddable":true,"href":"https:\/\/italiamachines.com\/en\/wp-json\/wp\/v2\/product_tag?post=4380"}],"curies":[{"name":"wp","href":"https:\/\/api.w.org\/{rel}","templated":true}]}}