{"id":4400,"date":"2023-07-30T03:00:21","date_gmt":"2023-07-30T03:00:21","guid":{"rendered":"https:\/\/prod.italiamachines.com\/product\/surgelateur-en-acier-inox-avec-une-porte-pour-10-niveaux-gn1-1-par-mastercool-dimentions-600x400mm\/"},"modified":"2024-10-01T00:03:01","modified_gmt":"2024-09-30T22:03:01","slug":"surgelateur-en-acier-inox-avec-une-porte-pour-10-niveaux-gn1-1-par-mastercool-dimentions-600x400mm","status":"publish","type":"product","link":"https:\/\/italiamachines.com\/en\/boutique\/boulangerie-et-patisserie\/patisserie\/froid-et-conservation-pour-patisserie\/surgelateurs-pour-conservation-pour-patisserie\/surgelateur-en-acier-inox-avec-une-porte-pour-10-niveaux-gn1-1-par-mastercool-dimentions-600x400mm\/","title":{"rendered":"Surg\u00e9lateur en acier inoxydable \u00e0 5|7|10 plateaux GN1\/1 &#8211; par Mastercool"},"content":{"rendered":"<p>Refroidisseur rapide\/cong\u00e9lateur de choc avec structure en acier inoxydable (int\u00e9rieur et ext\u00e9rieur)<br \/>\nPorte \u00e0 fermeture automatique<br \/>\nCommande \u00e9lectronique en fa\u00e7ade<br \/>\nSyst\u00e8me de refroidissement dynamique \u00e9co\u00e9nerg\u00e9tique<br \/>\nAdapt\u00e9 pour poissons, viandes et p\u00e2tisseries<br \/>\nSonde de temp\u00e9rature centrale incluse<br \/>\nGlissi\u00e8res en acier inoxydable et pieds r\u00e9glables pour stabilit\u00e9<\/p>\n<p>Temps de refroidissement : de +90\u00b0C \u00e0 -18\u00b0C en 240 minutes<br \/>\nTemp\u00e9rature d&rsquo;op\u00e9ration : +43\u00b0C, 65% RH<br \/>\nTension : 220 V, 50 Hz<\/p>","protected":false},"excerpt":{"rendered":"<p>Refroidisseur rapide\/cong\u00e9lateur de choc avec structure en acier inoxydable (int\u00e9rieur et ext\u00e9rieur) Porte \u00e0 fermeture automatique Commande \u00e9lectronique en fa\u00e7ade Syst\u00e8me de refroidissement dynamique \u00e9co\u00e9nerg\u00e9tique Adapt\u00e9 pour poissons, viandes et p\u00e2tisseries Sonde de temp\u00e9rature centrale incluse Glissi\u00e8res en acier inoxydable et pieds r\u00e9glables pour stabilit\u00e9 Temps de refroidissement : de +90\u00b0C \u00e0 -18\u00b0C en 240&hellip;<\/p>","protected":false},"featured_media":4399,"comment_status":"open","ping_status":"closed","template":"","meta":[],"product_cat":[65,73,201,79,80,97,125,237],"product_tag":[],"class_list":{"0":"post-4400","1":"product","2":"type-product","3":"status-publish","4":"has-post-thumbnail","6":"product_cat-cafe-glacier-lecheria","7":"product_cat-froid-conservation-pour-glace","8":"product_cat-froid-et-conservation-pour-patisserie","9":"product_cat-glacier","10":"product_cat-glacier-lecheria","11":"product_cat-patisserie","12":"product_cat-surgelateur-pour-glace","13":"product_cat-surgelateurs-pour-conservation-pour-patisserie","15":"first","16":"instock","17":"shipping-taxable","18":"purchasable","19":"product-type-variable","20":"col-xs-6 col-sm-4","21":"col-md-3 col-lg-3","22":"un-4-cols"},"yoast_head":"<!-- This site is optimized with the Yoast SEO plugin v26.6 - https:\/\/yoast.com\/wordpress\/plugins\/seo\/ -->\n<title>Surg\u00e9lateur en acier inoxydable \u00e0 5|7|10 plateaux GN1\/1 - par Mastercool | Italia Machines<\/title>\n<meta name=\"robots\" content=\"index, follow, max-snippet:-1, max-image-preview:large, max-video-preview:-1\" \/>\n<link rel=\"canonical\" href=\"https:\/\/italiamachines.com\/en\/boutique\/boulangerie-et-patisserie\/patisserie\/froid-et-conservation-pour-patisserie\/surgelateurs-pour-conservation-pour-patisserie\/surgelateur-en-acier-inox-avec-une-porte-pour-10-niveaux-gn1-1-par-mastercool-dimentions-600x400mm\/\" \/>\n<meta property=\"og:locale\" content=\"en_US\" \/>\n<meta property=\"og:type\" content=\"article\" \/>\n<meta property=\"og:title\" content=\"Surg\u00e9lateur en acier inoxydable \u00e0 5|7|10 plateaux GN1\/1 - par Mastercool | Italia Machines\" \/>\n<meta property=\"og:description\" content=\"Refroidisseur rapide\/cong\u00e9lateur de choc avec structure en acier inoxydable (int\u00e9rieur et ext\u00e9rieur) Porte \u00e0 fermeture automatique Commande \u00e9lectronique en fa\u00e7ade Syst\u00e8me de refroidissement dynamique \u00e9co\u00e9nerg\u00e9tique Adapt\u00e9 pour poissons, viandes et p\u00e2tisseries Sonde de temp\u00e9rature centrale incluse Glissi\u00e8res en acier inoxydable et pieds r\u00e9glables pour stabilit\u00e9 Temps de refroidissement : de +90\u00b0C \u00e0 -18\u00b0C en 240&hellip;\" \/>\n<meta property=\"og:url\" content=\"https:\/\/italiamachines.com\/en\/boutique\/boulangerie-et-patisserie\/patisserie\/froid-et-conservation-pour-patisserie\/surgelateurs-pour-conservation-pour-patisserie\/surgelateur-en-acier-inox-avec-une-porte-pour-10-niveaux-gn1-1-par-mastercool-dimentions-600x400mm\/\" \/>\n<meta property=\"og:site_name\" content=\"Italia Machines\" \/>\n<meta property=\"article:publisher\" content=\"https:\/\/web.facebook.com\/italiamachines\/\" \/>\n<meta property=\"article:modified_time\" content=\"2024-09-30T22:03:01+00:00\" \/>\n<meta property=\"og:image\" content=\"https:\/\/italiamachines.com\/wp-content\/uploads\/2023\/07\/ATT10-1.jpg\" \/>\n\t<meta property=\"og:image:width\" content=\"750\" \/>\n\t<meta property=\"og:image:height\" content=\"750\" \/>\n\t<meta property=\"og:image:type\" content=\"image\/jpeg\" \/>\n<meta name=\"twitter:card\" content=\"summary_large_image\" \/>\n<meta name=\"twitter:label1\" content=\"Est. reading time\" \/>\n\t<meta name=\"twitter:data1\" content=\"1 minute\" \/>\n<script type=\"application\/ld+json\" class=\"yoast-schema-graph\">{\"@context\":\"https:\/\/schema.org\",\"@graph\":[{\"@type\":\"WebPage\",\"@id\":\"https:\/\/italiamachines.com\/boutique\/boulangerie-et-patisserie\/patisserie\/froid-et-conservation-pour-patisserie\/surgelateurs-pour-conservation-pour-patisserie\/surgelateur-en-acier-inox-avec-une-porte-pour-10-niveaux-gn1-1-par-mastercool-dimentions-600x400mm\/\",\"url\":\"https:\/\/italiamachines.com\/boutique\/boulangerie-et-patisserie\/patisserie\/froid-et-conservation-pour-patisserie\/surgelateurs-pour-conservation-pour-patisserie\/surgelateur-en-acier-inox-avec-une-porte-pour-10-niveaux-gn1-1-par-mastercool-dimentions-600x400mm\/\",\"name\":\"Surg\u00e9lateur en acier inoxydable \u00e0 5|7|10 plateaux GN1\/1 - par Mastercool | Italia Machines\",\"isPartOf\":{\"@id\":\"https:\/\/italiamachines.com\/#website\"},\"primaryImageOfPage\":{\"@id\":\"https:\/\/italiamachines.com\/boutique\/boulangerie-et-patisserie\/patisserie\/froid-et-conservation-pour-patisserie\/surgelateurs-pour-conservation-pour-patisserie\/surgelateur-en-acier-inox-avec-une-porte-pour-10-niveaux-gn1-1-par-mastercool-dimentions-600x400mm\/#primaryimage\"},\"image\":{\"@id\":\"https:\/\/italiamachines.com\/boutique\/boulangerie-et-patisserie\/patisserie\/froid-et-conservation-pour-patisserie\/surgelateurs-pour-conservation-pour-patisserie\/surgelateur-en-acier-inox-avec-une-porte-pour-10-niveaux-gn1-1-par-mastercool-dimentions-600x400mm\/#primaryimage\"},\"thumbnailUrl\":\"https:\/\/italiamachines.com\/wp-content\/uploads\/2023\/07\/ATT10-1.jpg\",\"datePublished\":\"2023-07-30T03:00:21+00:00\",\"dateModified\":\"2024-09-30T22:03:01+00:00\",\"breadcrumb\":{\"@id\":\"https:\/\/italiamachines.com\/boutique\/boulangerie-et-patisserie\/patisserie\/froid-et-conservation-pour-patisserie\/surgelateurs-pour-conservation-pour-patisserie\/surgelateur-en-acier-inox-avec-une-porte-pour-10-niveaux-gn1-1-par-mastercool-dimentions-600x400mm\/#breadcrumb\"},\"inLanguage\":\"en-US\",\"potentialAction\":[{\"@type\":\"ReadAction\",\"target\":[\"https:\/\/italiamachines.com\/boutique\/boulangerie-et-patisserie\/patisserie\/froid-et-conservation-pour-patisserie\/surgelateurs-pour-conservation-pour-patisserie\/surgelateur-en-acier-inox-avec-une-porte-pour-10-niveaux-gn1-1-par-mastercool-dimentions-600x400mm\/\"]}]},{\"@type\":\"ImageObject\",\"inLanguage\":\"en-US\",\"@id\":\"https:\/\/italiamachines.com\/boutique\/boulangerie-et-patisserie\/patisserie\/froid-et-conservation-pour-patisserie\/surgelateurs-pour-conservation-pour-patisserie\/surgelateur-en-acier-inox-avec-une-porte-pour-10-niveaux-gn1-1-par-mastercool-dimentions-600x400mm\/#primaryimage\",\"url\":\"https:\/\/italiamachines.com\/wp-content\/uploads\/2023\/07\/ATT10-1.jpg\",\"contentUrl\":\"https:\/\/italiamachines.com\/wp-content\/uploads\/2023\/07\/ATT10-1.jpg\",\"width\":750,\"height\":750},{\"@type\":\"BreadcrumbList\",\"@id\":\"https:\/\/italiamachines.com\/boutique\/boulangerie-et-patisserie\/patisserie\/froid-et-conservation-pour-patisserie\/surgelateurs-pour-conservation-pour-patisserie\/surgelateur-en-acier-inox-avec-une-porte-pour-10-niveaux-gn1-1-par-mastercool-dimentions-600x400mm\/#breadcrumb\",\"itemListElement\":[{\"@type\":\"ListItem\",\"position\":1,\"name\":\"Accueil\",\"item\":\"https:\/\/italiamachines.com\/fr_fr\/\"},{\"@type\":\"ListItem\",\"position\":2,\"name\":\"Boutique\",\"item\":\"https:\/\/italiamachines.com\/boutique\/\"},{\"@type\":\"ListItem\",\"position\":3,\"name\":\"Surg\u00e9lateur en acier inoxydable \u00e0 5|7|10 plateaux GN1\/1 &#8211; par Mastercool\"}]},{\"@type\":\"WebSite\",\"@id\":\"https:\/\/italiamachines.com\/#website\",\"url\":\"https:\/\/italiamachines.com\/\",\"name\":\"Italia Machines\",\"description\":\"L&#039;art de l&#039;\u00e9quipement HORECA\",\"publisher\":{\"@id\":\"https:\/\/italiamachines.com\/#organization\"},\"potentialAction\":[{\"@type\":\"SearchAction\",\"target\":{\"@type\":\"EntryPoint\",\"urlTemplate\":\"https:\/\/italiamachines.com\/?s={search_term_string}\"},\"query-input\":{\"@type\":\"PropertyValueSpecification\",\"valueRequired\":true,\"valueName\":\"search_term_string\"}}],\"inLanguage\":\"en-US\"},{\"@type\":\"Organization\",\"@id\":\"https:\/\/italiamachines.com\/#organization\",\"name\":\"italiamachines\",\"url\":\"https:\/\/italiamachines.com\/\",\"logo\":{\"@type\":\"ImageObject\",\"inLanguage\":\"en-US\",\"@id\":\"https:\/\/italiamachines.com\/#\/schema\/logo\/image\/\",\"url\":\"https:\/\/italiamachines.com\/wp-content\/uploads\/2023\/08\/logo-web-1.png\",\"contentUrl\":\"https:\/\/italiamachines.com\/wp-content\/uploads\/2023\/08\/logo-web-1.png\",\"width\":977,\"height\":254,\"caption\":\"italiamachines\"},\"image\":{\"@id\":\"https:\/\/italiamachines.com\/#\/schema\/logo\/image\/\"},\"sameAs\":[\"https:\/\/web.facebook.com\/italiamachines\/\",\"https:\/\/www.instagram.com\/italia.machines\/\"]}]}<\/script>\n<!-- \/ Yoast SEO plugin. -->","yoast_head_json":{"title":"Surg\u00e9lateur en acier inoxydable \u00e0 5|7|10 plateaux GN1\/1 - par Mastercool | Italia Machines","robots":{"index":"index","follow":"follow","max-snippet":"max-snippet:-1","max-image-preview":"max-image-preview:large","max-video-preview":"max-video-preview:-1"},"canonical":"https:\/\/italiamachines.com\/en\/boutique\/boulangerie-et-patisserie\/patisserie\/froid-et-conservation-pour-patisserie\/surgelateurs-pour-conservation-pour-patisserie\/surgelateur-en-acier-inox-avec-une-porte-pour-10-niveaux-gn1-1-par-mastercool-dimentions-600x400mm\/","og_locale":"en_US","og_type":"article","og_title":"Surg\u00e9lateur en acier inoxydable \u00e0 5|7|10 plateaux GN1\/1 - par Mastercool | Italia Machines","og_description":"Refroidisseur rapide\/cong\u00e9lateur de choc avec structure en acier inoxydable (int\u00e9rieur et ext\u00e9rieur) Porte \u00e0 fermeture automatique Commande \u00e9lectronique en fa\u00e7ade Syst\u00e8me de refroidissement dynamique \u00e9co\u00e9nerg\u00e9tique Adapt\u00e9 pour poissons, viandes et p\u00e2tisseries Sonde de temp\u00e9rature centrale incluse Glissi\u00e8res en acier inoxydable et pieds r\u00e9glables pour stabilit\u00e9 Temps de refroidissement : de +90\u00b0C \u00e0 -18\u00b0C en 240&hellip;","og_url":"https:\/\/italiamachines.com\/en\/boutique\/boulangerie-et-patisserie\/patisserie\/froid-et-conservation-pour-patisserie\/surgelateurs-pour-conservation-pour-patisserie\/surgelateur-en-acier-inox-avec-une-porte-pour-10-niveaux-gn1-1-par-mastercool-dimentions-600x400mm\/","og_site_name":"Italia Machines","article_publisher":"https:\/\/web.facebook.com\/italiamachines\/","article_modified_time":"2024-09-30T22:03:01+00:00","og_image":[{"width":750,"height":750,"url":"https:\/\/italiamachines.com\/wp-content\/uploads\/2023\/07\/ATT10-1.jpg","type":"image\/jpeg"}],"twitter_card":"summary_large_image","twitter_misc":{"Est. reading time":"1 minute"},"schema":{"@context":"https:\/\/schema.org","@graph":[{"@type":"WebPage","@id":"https:\/\/italiamachines.com\/boutique\/boulangerie-et-patisserie\/patisserie\/froid-et-conservation-pour-patisserie\/surgelateurs-pour-conservation-pour-patisserie\/surgelateur-en-acier-inox-avec-une-porte-pour-10-niveaux-gn1-1-par-mastercool-dimentions-600x400mm\/","url":"https:\/\/italiamachines.com\/boutique\/boulangerie-et-patisserie\/patisserie\/froid-et-conservation-pour-patisserie\/surgelateurs-pour-conservation-pour-patisserie\/surgelateur-en-acier-inox-avec-une-porte-pour-10-niveaux-gn1-1-par-mastercool-dimentions-600x400mm\/","name":"Surg\u00e9lateur en acier inoxydable \u00e0 5|7|10 plateaux GN1\/1 - par Mastercool | Italia Machines","isPartOf":{"@id":"https:\/\/italiamachines.com\/#website"},"primaryImageOfPage":{"@id":"https:\/\/italiamachines.com\/boutique\/boulangerie-et-patisserie\/patisserie\/froid-et-conservation-pour-patisserie\/surgelateurs-pour-conservation-pour-patisserie\/surgelateur-en-acier-inox-avec-une-porte-pour-10-niveaux-gn1-1-par-mastercool-dimentions-600x400mm\/#primaryimage"},"image":{"@id":"https:\/\/italiamachines.com\/boutique\/boulangerie-et-patisserie\/patisserie\/froid-et-conservation-pour-patisserie\/surgelateurs-pour-conservation-pour-patisserie\/surgelateur-en-acier-inox-avec-une-porte-pour-10-niveaux-gn1-1-par-mastercool-dimentions-600x400mm\/#primaryimage"},"thumbnailUrl":"https:\/\/italiamachines.com\/wp-content\/uploads\/2023\/07\/ATT10-1.jpg","datePublished":"2023-07-30T03:00:21+00:00","dateModified":"2024-09-30T22:03:01+00:00","breadcrumb":{"@id":"https:\/\/italiamachines.com\/boutique\/boulangerie-et-patisserie\/patisserie\/froid-et-conservation-pour-patisserie\/surgelateurs-pour-conservation-pour-patisserie\/surgelateur-en-acier-inox-avec-une-porte-pour-10-niveaux-gn1-1-par-mastercool-dimentions-600x400mm\/#breadcrumb"},"inLanguage":"en-US","potentialAction":[{"@type":"ReadAction","target":["https:\/\/italiamachines.com\/boutique\/boulangerie-et-patisserie\/patisserie\/froid-et-conservation-pour-patisserie\/surgelateurs-pour-conservation-pour-patisserie\/surgelateur-en-acier-inox-avec-une-porte-pour-10-niveaux-gn1-1-par-mastercool-dimentions-600x400mm\/"]}]},{"@type":"ImageObject","inLanguage":"en-US","@id":"https:\/\/italiamachines.com\/boutique\/boulangerie-et-patisserie\/patisserie\/froid-et-conservation-pour-patisserie\/surgelateurs-pour-conservation-pour-patisserie\/surgelateur-en-acier-inox-avec-une-porte-pour-10-niveaux-gn1-1-par-mastercool-dimentions-600x400mm\/#primaryimage","url":"https:\/\/italiamachines.com\/wp-content\/uploads\/2023\/07\/ATT10-1.jpg","contentUrl":"https:\/\/italiamachines.com\/wp-content\/uploads\/2023\/07\/ATT10-1.jpg","width":750,"height":750},{"@type":"BreadcrumbList","@id":"https:\/\/italiamachines.com\/boutique\/boulangerie-et-patisserie\/patisserie\/froid-et-conservation-pour-patisserie\/surgelateurs-pour-conservation-pour-patisserie\/surgelateur-en-acier-inox-avec-une-porte-pour-10-niveaux-gn1-1-par-mastercool-dimentions-600x400mm\/#breadcrumb","itemListElement":[{"@type":"ListItem","position":1,"name":"Accueil","item":"https:\/\/italiamachines.com\/fr_fr\/"},{"@type":"ListItem","position":2,"name":"Boutique","item":"https:\/\/italiamachines.com\/boutique\/"},{"@type":"ListItem","position":3,"name":"Surg\u00e9lateur en acier inoxydable \u00e0 5|7|10 plateaux GN1\/1 &#8211; par Mastercool"}]},{"@type":"WebSite","@id":"https:\/\/italiamachines.com\/#website","url":"https:\/\/italiamachines.com\/","name":"Italia Machines","description":"L&#039;art de l&#039;\u00e9quipement HORECA","publisher":{"@id":"https:\/\/italiamachines.com\/#organization"},"potentialAction":[{"@type":"SearchAction","target":{"@type":"EntryPoint","urlTemplate":"https:\/\/italiamachines.com\/?s={search_term_string}"},"query-input":{"@type":"PropertyValueSpecification","valueRequired":true,"valueName":"search_term_string"}}],"inLanguage":"en-US"},{"@type":"Organization","@id":"https:\/\/italiamachines.com\/#organization","name":"italiamachines","url":"https:\/\/italiamachines.com\/","logo":{"@type":"ImageObject","inLanguage":"en-US","@id":"https:\/\/italiamachines.com\/#\/schema\/logo\/image\/","url":"https:\/\/italiamachines.com\/wp-content\/uploads\/2023\/08\/logo-web-1.png","contentUrl":"https:\/\/italiamachines.com\/wp-content\/uploads\/2023\/08\/logo-web-1.png","width":977,"height":254,"caption":"italiamachines"},"image":{"@id":"https:\/\/italiamachines.com\/#\/schema\/logo\/image\/"},"sameAs":["https:\/\/web.facebook.com\/italiamachines\/","https:\/\/www.instagram.com\/italia.machines\/"]}]}},"_links":{"self":[{"href":"https:\/\/italiamachines.com\/en\/wp-json\/wp\/v2\/product\/4400","targetHints":{"allow":["GET"]}}],"collection":[{"href":"https:\/\/italiamachines.com\/en\/wp-json\/wp\/v2\/product"}],"about":[{"href":"https:\/\/italiamachines.com\/en\/wp-json\/wp\/v2\/types\/product"}],"replies":[{"embeddable":true,"href":"https:\/\/italiamachines.com\/en\/wp-json\/wp\/v2\/comments?post=4400"}],"wp:featuredmedia":[{"embeddable":true,"href":"https:\/\/italiamachines.com\/en\/wp-json\/wp\/v2\/media\/4399"}],"wp:attachment":[{"href":"https:\/\/italiamachines.com\/en\/wp-json\/wp\/v2\/media?parent=4400"}],"wp:term":[{"taxonomy":"product_cat","embeddable":true,"href":"https:\/\/italiamachines.com\/en\/wp-json\/wp\/v2\/product_cat?post=4400"},{"taxonomy":"product_tag","embeddable":true,"href":"https:\/\/italiamachines.com\/en\/wp-json\/wp\/v2\/product_tag?post=4400"}],"curies":[{"name":"wp","href":"https:\/\/api.w.org\/{rel}","templated":true}]}}