{"id":4423,"date":"2023-07-30T03:03:27","date_gmt":"2023-07-30T03:03:27","guid":{"rendered":"https:\/\/prod.italiamachines.com\/product\/chambre-froide-supereco-avec-sol-a-u-1-porte-de-800x1850-dimensions-1340x2140x2070-par-jks-italie\/"},"modified":"2025-05-04T23:57:49","modified_gmt":"2025-05-04T21:57:49","slug":"chambre-froide-supereco-avec-sol-a-u-1-porte-de-800x1850-dimensions-1340x2140x2070-par-jks-italie","status":"publish","type":"product","link":"https:\/\/italiamachines.com\/en\/boutique\/boulangerie-et-patisserie\/patisserie\/froid-et-conservation-pour-patisserie\/chambres-froides-pour-patisserie\/chambre-froide-supereco-avec-sol-a-u-1-porte-de-800x1850-dimensions-1340x2140x2070-par-jks-italie\/","title":{"rendered":"Chambre Froide Supereko par JKS Italie"},"content":{"rendered":"<p>1 Porte (\u00ab\u00a0version avec sol\u00a0\u00bb), avec rampe ou sol encastr\u00e9, ouvrable de l&rsquo;ext\u00e9rieur et de l&rsquo;int\u00e9rieur et \u00e9quip\u00e9e d&rsquo;une poign\u00e9e avec serrure et 3 cl\u00e9s ;<br \/>\nVersion sans sol, la pi\u00e8ce est \u00e9quip\u00e9e d&rsquo;un \u00ab\u00a0profil\u00e9 en U\u00a0\u00bb pour l&rsquo;insertion et la fixation des panneaux<br \/>\nPanneau mural compos\u00e9 de deux feuilles d&rsquo;acier pr\u00e9laqu\u00e9 non toxiques, adapt\u00e9es au contact alimentaire ;<br \/>\nPanneau de plafond compos\u00e9 de deux feuilles d&rsquo;acier galvanis\u00e9, seule la partie interne est en t\u00f4le d&rsquo;acier pr\u00e9laqu\u00e9 non toxique ;<br \/>\nPanneau de sol compos\u00e9 d&rsquo;une t\u00f4le d&rsquo;acier galvanis\u00e9 \u00e0 l&rsquo;ext\u00e9rieur et d&rsquo;une t\u00f4le d&rsquo;acier inoxydable AISI 304 emboss\u00e9e et antid\u00e9rapante \u00e0 l&rsquo;int\u00e9rieur.<br \/>\nPlage de temp\u00e9rature : 0\u00b0C \u00e0 +8\u00b0C (version temp\u00e9rature normale)<br \/>\nPlage de temp\u00e9rature : -18\u00b0C \u00e0 -20\u00b0C (version basse temp\u00e9rature)<br \/>\nTemp\u00e9rature ambiante : +30\u00b0C \/ humidit\u00e9 relative : 60%<\/p>","protected":false},"excerpt":{"rendered":"<p>1 Porte (\u00ab\u00a0version avec sol\u00a0\u00bb), avec rampe ou sol encastr\u00e9, ouvrable de l&rsquo;ext\u00e9rieur et de l&rsquo;int\u00e9rieur et \u00e9quip\u00e9e d&rsquo;une poign\u00e9e avec serrure et 3 cl\u00e9s ; Version sans sol, la pi\u00e8ce est \u00e9quip\u00e9e d&rsquo;un \u00ab\u00a0profil\u00e9 en U\u00a0\u00bb pour l&rsquo;insertion et la fixation des panneaux Panneau mural compos\u00e9 de deux feuilles d&rsquo;acier pr\u00e9laqu\u00e9 non toxiques, adapt\u00e9es&hellip;<\/p>","protected":false},"featured_media":4412,"comment_status":"open","ping_status":"closed","template":"","meta":[],"product_cat":[63,163,164,254,255,256,71,72,199,200,201,97,104,120],"product_tag":[],"class_list":{"0":"post-4423","1":"product","2":"type-product","3":"status-publish","4":"has-post-thumbnail","6":"product_cat-boucherie","7":"product_cat-chambre-froide-pour-boucherie","8":"product_cat-chambre-froides","9":"product_cat-chambre-froides-pour-restauration","10":"product_cat-chambres-froides-poissonerie","11":"product_cat-chambres-froides-pour-patisserie","12":"product_cat-froid-conservation","13":"product_cat-froid-conservation-pour-boucherie","14":"product_cat-froid-conservation-pour-poissonerie","15":"product_cat-froid-conservation-pour-restauration","16":"product_cat-froid-et-conservation-pour-patisserie","17":"product_cat-patisserie","18":"product_cat-poissonerie","19":"product_cat-soubassement","20":"pa_temparmoire-bassebt","21":"pa_temparmoire-normaletn","23":"first","24":"instock","25":"shipping-taxable","26":"purchasable","27":"product-type-variable","28":"col-xs-6 col-sm-4","29":"col-md-3 col-lg-3","30":"un-4-cols"},"yoast_head":"<!-- This site is optimized with the Yoast SEO plugin v26.6 - https:\/\/yoast.com\/wordpress\/plugins\/seo\/ -->\n<title>Chambre Froide Supereko par JKS Italie | Italia Machines<\/title>\n<meta name=\"robots\" content=\"index, follow, max-snippet:-1, max-image-preview:large, max-video-preview:-1\" \/>\n<link rel=\"canonical\" href=\"https:\/\/italiamachines.com\/en\/boutique\/boulangerie-et-patisserie\/patisserie\/froid-et-conservation-pour-patisserie\/chambres-froides-pour-patisserie\/chambre-froide-supereco-avec-sol-a-u-1-porte-de-800x1850-dimensions-1340x2140x2070-par-jks-italie\/\" \/>\n<meta property=\"og:locale\" content=\"en_US\" \/>\n<meta property=\"og:type\" content=\"article\" \/>\n<meta property=\"og:title\" content=\"Chambre Froide Supereko par JKS Italie | Italia Machines\" \/>\n<meta property=\"og:description\" content=\"1 Porte (\u00ab\u00a0version avec sol\u00a0\u00bb), avec rampe ou sol encastr\u00e9, ouvrable de l&rsquo;ext\u00e9rieur et de l&rsquo;int\u00e9rieur et \u00e9quip\u00e9e d&rsquo;une poign\u00e9e avec serrure et 3 cl\u00e9s ; Version sans sol, la pi\u00e8ce est \u00e9quip\u00e9e d&rsquo;un \u00ab\u00a0profil\u00e9 en U\u00a0\u00bb pour l&rsquo;insertion et la fixation des panneaux Panneau mural compos\u00e9 de deux feuilles d&rsquo;acier pr\u00e9laqu\u00e9 non toxiques, adapt\u00e9es&hellip;\" \/>\n<meta property=\"og:url\" content=\"https:\/\/italiamachines.com\/en\/boutique\/boulangerie-et-patisserie\/patisserie\/froid-et-conservation-pour-patisserie\/chambres-froides-pour-patisserie\/chambre-froide-supereco-avec-sol-a-u-1-porte-de-800x1850-dimensions-1340x2140x2070-par-jks-italie\/\" \/>\n<meta property=\"og:site_name\" content=\"Italia Machines\" \/>\n<meta property=\"article:publisher\" content=\"https:\/\/web.facebook.com\/italiamachines\/\" \/>\n<meta property=\"article:modified_time\" content=\"2025-05-04T21:57:49+00:00\" \/>\n<meta property=\"og:image\" content=\"https:\/\/italiamachines.com\/wp-content\/uploads\/2023\/07\/CHBT1.64X2.64.png\" \/>\n\t<meta property=\"og:image:width\" content=\"200\" \/>\n\t<meta property=\"og:image:height\" content=\"200\" \/>\n\t<meta property=\"og:image:type\" content=\"image\/png\" \/>\n<meta name=\"twitter:card\" content=\"summary_large_image\" \/>\n<meta name=\"twitter:label1\" content=\"Est. reading time\" \/>\n\t<meta name=\"twitter:data1\" content=\"1 minute\" \/>\n<script type=\"application\/ld+json\" class=\"yoast-schema-graph\">{\"@context\":\"https:\/\/schema.org\",\"@graph\":[{\"@type\":\"WebPage\",\"@id\":\"https:\/\/italiamachines.com\/boutique\/boulangerie-et-patisserie\/patisserie\/froid-et-conservation-pour-patisserie\/chambres-froides-pour-patisserie\/chambre-froide-supereco-avec-sol-a-u-1-porte-de-800x1850-dimensions-1340x2140x2070-par-jks-italie\/\",\"url\":\"https:\/\/italiamachines.com\/boutique\/boulangerie-et-patisserie\/patisserie\/froid-et-conservation-pour-patisserie\/chambres-froides-pour-patisserie\/chambre-froide-supereco-avec-sol-a-u-1-porte-de-800x1850-dimensions-1340x2140x2070-par-jks-italie\/\",\"name\":\"Chambre Froide Supereko par JKS Italie | Italia Machines\",\"isPartOf\":{\"@id\":\"https:\/\/italiamachines.com\/#website\"},\"primaryImageOfPage\":{\"@id\":\"https:\/\/italiamachines.com\/boutique\/boulangerie-et-patisserie\/patisserie\/froid-et-conservation-pour-patisserie\/chambres-froides-pour-patisserie\/chambre-froide-supereco-avec-sol-a-u-1-porte-de-800x1850-dimensions-1340x2140x2070-par-jks-italie\/#primaryimage\"},\"image\":{\"@id\":\"https:\/\/italiamachines.com\/boutique\/boulangerie-et-patisserie\/patisserie\/froid-et-conservation-pour-patisserie\/chambres-froides-pour-patisserie\/chambre-froide-supereco-avec-sol-a-u-1-porte-de-800x1850-dimensions-1340x2140x2070-par-jks-italie\/#primaryimage\"},\"thumbnailUrl\":\"https:\/\/italiamachines.com\/wp-content\/uploads\/2023\/07\/CHBT1.64X2.64.png\",\"datePublished\":\"2023-07-30T03:03:27+00:00\",\"dateModified\":\"2025-05-04T21:57:49+00:00\",\"breadcrumb\":{\"@id\":\"https:\/\/italiamachines.com\/boutique\/boulangerie-et-patisserie\/patisserie\/froid-et-conservation-pour-patisserie\/chambres-froides-pour-patisserie\/chambre-froide-supereco-avec-sol-a-u-1-porte-de-800x1850-dimensions-1340x2140x2070-par-jks-italie\/#breadcrumb\"},\"inLanguage\":\"en-US\",\"potentialAction\":[{\"@type\":\"ReadAction\",\"target\":[\"https:\/\/italiamachines.com\/boutique\/boulangerie-et-patisserie\/patisserie\/froid-et-conservation-pour-patisserie\/chambres-froides-pour-patisserie\/chambre-froide-supereco-avec-sol-a-u-1-porte-de-800x1850-dimensions-1340x2140x2070-par-jks-italie\/\"]}]},{\"@type\":\"ImageObject\",\"inLanguage\":\"en-US\",\"@id\":\"https:\/\/italiamachines.com\/boutique\/boulangerie-et-patisserie\/patisserie\/froid-et-conservation-pour-patisserie\/chambres-froides-pour-patisserie\/chambre-froide-supereco-avec-sol-a-u-1-porte-de-800x1850-dimensions-1340x2140x2070-par-jks-italie\/#primaryimage\",\"url\":\"https:\/\/italiamachines.com\/wp-content\/uploads\/2023\/07\/CHBT1.64X2.64.png\",\"contentUrl\":\"https:\/\/italiamachines.com\/wp-content\/uploads\/2023\/07\/CHBT1.64X2.64.png\",\"width\":200,\"height\":200},{\"@type\":\"BreadcrumbList\",\"@id\":\"https:\/\/italiamachines.com\/boutique\/boulangerie-et-patisserie\/patisserie\/froid-et-conservation-pour-patisserie\/chambres-froides-pour-patisserie\/chambre-froide-supereco-avec-sol-a-u-1-porte-de-800x1850-dimensions-1340x2140x2070-par-jks-italie\/#breadcrumb\",\"itemListElement\":[{\"@type\":\"ListItem\",\"position\":1,\"name\":\"Accueil\",\"item\":\"https:\/\/italiamachines.com\/fr_fr\/\"},{\"@type\":\"ListItem\",\"position\":2,\"name\":\"Boutique\",\"item\":\"https:\/\/italiamachines.com\/boutique\/\"},{\"@type\":\"ListItem\",\"position\":3,\"name\":\"Chambre Froide Supereko par JKS Italie\"}]},{\"@type\":\"WebSite\",\"@id\":\"https:\/\/italiamachines.com\/#website\",\"url\":\"https:\/\/italiamachines.com\/\",\"name\":\"Italia Machines\",\"description\":\"L&#039;art de l&#039;\u00e9quipement HORECA\",\"publisher\":{\"@id\":\"https:\/\/italiamachines.com\/#organization\"},\"potentialAction\":[{\"@type\":\"SearchAction\",\"target\":{\"@type\":\"EntryPoint\",\"urlTemplate\":\"https:\/\/italiamachines.com\/?s={search_term_string}\"},\"query-input\":{\"@type\":\"PropertyValueSpecification\",\"valueRequired\":true,\"valueName\":\"search_term_string\"}}],\"inLanguage\":\"en-US\"},{\"@type\":\"Organization\",\"@id\":\"https:\/\/italiamachines.com\/#organization\",\"name\":\"italiamachines\",\"url\":\"https:\/\/italiamachines.com\/\",\"logo\":{\"@type\":\"ImageObject\",\"inLanguage\":\"en-US\",\"@id\":\"https:\/\/italiamachines.com\/#\/schema\/logo\/image\/\",\"url\":\"https:\/\/italiamachines.com\/wp-content\/uploads\/2023\/08\/logo-web-1.png\",\"contentUrl\":\"https:\/\/italiamachines.com\/wp-content\/uploads\/2023\/08\/logo-web-1.png\",\"width\":977,\"height\":254,\"caption\":\"italiamachines\"},\"image\":{\"@id\":\"https:\/\/italiamachines.com\/#\/schema\/logo\/image\/\"},\"sameAs\":[\"https:\/\/web.facebook.com\/italiamachines\/\",\"https:\/\/www.instagram.com\/italia.machines\/\"]}]}<\/script>\n<!-- \/ Yoast SEO plugin. -->","yoast_head_json":{"title":"Chambre Froide Supereko par JKS Italie | Italia Machines","robots":{"index":"index","follow":"follow","max-snippet":"max-snippet:-1","max-image-preview":"max-image-preview:large","max-video-preview":"max-video-preview:-1"},"canonical":"https:\/\/italiamachines.com\/en\/boutique\/boulangerie-et-patisserie\/patisserie\/froid-et-conservation-pour-patisserie\/chambres-froides-pour-patisserie\/chambre-froide-supereco-avec-sol-a-u-1-porte-de-800x1850-dimensions-1340x2140x2070-par-jks-italie\/","og_locale":"en_US","og_type":"article","og_title":"Chambre Froide Supereko par JKS Italie | Italia Machines","og_description":"1 Porte (\u00ab\u00a0version avec sol\u00a0\u00bb), avec rampe ou sol encastr\u00e9, ouvrable de l&rsquo;ext\u00e9rieur et de l&rsquo;int\u00e9rieur et \u00e9quip\u00e9e d&rsquo;une poign\u00e9e avec serrure et 3 cl\u00e9s ; Version sans sol, la pi\u00e8ce est \u00e9quip\u00e9e d&rsquo;un \u00ab\u00a0profil\u00e9 en U\u00a0\u00bb pour l&rsquo;insertion et la fixation des panneaux Panneau mural compos\u00e9 de deux feuilles d&rsquo;acier pr\u00e9laqu\u00e9 non toxiques, adapt\u00e9es&hellip;","og_url":"https:\/\/italiamachines.com\/en\/boutique\/boulangerie-et-patisserie\/patisserie\/froid-et-conservation-pour-patisserie\/chambres-froides-pour-patisserie\/chambre-froide-supereco-avec-sol-a-u-1-porte-de-800x1850-dimensions-1340x2140x2070-par-jks-italie\/","og_site_name":"Italia Machines","article_publisher":"https:\/\/web.facebook.com\/italiamachines\/","article_modified_time":"2025-05-04T21:57:49+00:00","og_image":[{"width":200,"height":200,"url":"https:\/\/italiamachines.com\/wp-content\/uploads\/2023\/07\/CHBT1.64X2.64.png","type":"image\/png"}],"twitter_card":"summary_large_image","twitter_misc":{"Est. reading time":"1 minute"},"schema":{"@context":"https:\/\/schema.org","@graph":[{"@type":"WebPage","@id":"https:\/\/italiamachines.com\/boutique\/boulangerie-et-patisserie\/patisserie\/froid-et-conservation-pour-patisserie\/chambres-froides-pour-patisserie\/chambre-froide-supereco-avec-sol-a-u-1-porte-de-800x1850-dimensions-1340x2140x2070-par-jks-italie\/","url":"https:\/\/italiamachines.com\/boutique\/boulangerie-et-patisserie\/patisserie\/froid-et-conservation-pour-patisserie\/chambres-froides-pour-patisserie\/chambre-froide-supereco-avec-sol-a-u-1-porte-de-800x1850-dimensions-1340x2140x2070-par-jks-italie\/","name":"Chambre Froide Supereko par JKS Italie | Italia Machines","isPartOf":{"@id":"https:\/\/italiamachines.com\/#website"},"primaryImageOfPage":{"@id":"https:\/\/italiamachines.com\/boutique\/boulangerie-et-patisserie\/patisserie\/froid-et-conservation-pour-patisserie\/chambres-froides-pour-patisserie\/chambre-froide-supereco-avec-sol-a-u-1-porte-de-800x1850-dimensions-1340x2140x2070-par-jks-italie\/#primaryimage"},"image":{"@id":"https:\/\/italiamachines.com\/boutique\/boulangerie-et-patisserie\/patisserie\/froid-et-conservation-pour-patisserie\/chambres-froides-pour-patisserie\/chambre-froide-supereco-avec-sol-a-u-1-porte-de-800x1850-dimensions-1340x2140x2070-par-jks-italie\/#primaryimage"},"thumbnailUrl":"https:\/\/italiamachines.com\/wp-content\/uploads\/2023\/07\/CHBT1.64X2.64.png","datePublished":"2023-07-30T03:03:27+00:00","dateModified":"2025-05-04T21:57:49+00:00","breadcrumb":{"@id":"https:\/\/italiamachines.com\/boutique\/boulangerie-et-patisserie\/patisserie\/froid-et-conservation-pour-patisserie\/chambres-froides-pour-patisserie\/chambre-froide-supereco-avec-sol-a-u-1-porte-de-800x1850-dimensions-1340x2140x2070-par-jks-italie\/#breadcrumb"},"inLanguage":"en-US","potentialAction":[{"@type":"ReadAction","target":["https:\/\/italiamachines.com\/boutique\/boulangerie-et-patisserie\/patisserie\/froid-et-conservation-pour-patisserie\/chambres-froides-pour-patisserie\/chambre-froide-supereco-avec-sol-a-u-1-porte-de-800x1850-dimensions-1340x2140x2070-par-jks-italie\/"]}]},{"@type":"ImageObject","inLanguage":"en-US","@id":"https:\/\/italiamachines.com\/boutique\/boulangerie-et-patisserie\/patisserie\/froid-et-conservation-pour-patisserie\/chambres-froides-pour-patisserie\/chambre-froide-supereco-avec-sol-a-u-1-porte-de-800x1850-dimensions-1340x2140x2070-par-jks-italie\/#primaryimage","url":"https:\/\/italiamachines.com\/wp-content\/uploads\/2023\/07\/CHBT1.64X2.64.png","contentUrl":"https:\/\/italiamachines.com\/wp-content\/uploads\/2023\/07\/CHBT1.64X2.64.png","width":200,"height":200},{"@type":"BreadcrumbList","@id":"https:\/\/italiamachines.com\/boutique\/boulangerie-et-patisserie\/patisserie\/froid-et-conservation-pour-patisserie\/chambres-froides-pour-patisserie\/chambre-froide-supereco-avec-sol-a-u-1-porte-de-800x1850-dimensions-1340x2140x2070-par-jks-italie\/#breadcrumb","itemListElement":[{"@type":"ListItem","position":1,"name":"Accueil","item":"https:\/\/italiamachines.com\/fr_fr\/"},{"@type":"ListItem","position":2,"name":"Boutique","item":"https:\/\/italiamachines.com\/boutique\/"},{"@type":"ListItem","position":3,"name":"Chambre Froide Supereko par JKS Italie"}]},{"@type":"WebSite","@id":"https:\/\/italiamachines.com\/#website","url":"https:\/\/italiamachines.com\/","name":"Italia Machines","description":"L&#039;art de l&#039;\u00e9quipement HORECA","publisher":{"@id":"https:\/\/italiamachines.com\/#organization"},"potentialAction":[{"@type":"SearchAction","target":{"@type":"EntryPoint","urlTemplate":"https:\/\/italiamachines.com\/?s={search_term_string}"},"query-input":{"@type":"PropertyValueSpecification","valueRequired":true,"valueName":"search_term_string"}}],"inLanguage":"en-US"},{"@type":"Organization","@id":"https:\/\/italiamachines.com\/#organization","name":"italiamachines","url":"https:\/\/italiamachines.com\/","logo":{"@type":"ImageObject","inLanguage":"en-US","@id":"https:\/\/italiamachines.com\/#\/schema\/logo\/image\/","url":"https:\/\/italiamachines.com\/wp-content\/uploads\/2023\/08\/logo-web-1.png","contentUrl":"https:\/\/italiamachines.com\/wp-content\/uploads\/2023\/08\/logo-web-1.png","width":977,"height":254,"caption":"italiamachines"},"image":{"@id":"https:\/\/italiamachines.com\/#\/schema\/logo\/image\/"},"sameAs":["https:\/\/web.facebook.com\/italiamachines\/","https:\/\/www.instagram.com\/italia.machines\/"]}]}},"_links":{"self":[{"href":"https:\/\/italiamachines.com\/en\/wp-json\/wp\/v2\/product\/4423","targetHints":{"allow":["GET"]}}],"collection":[{"href":"https:\/\/italiamachines.com\/en\/wp-json\/wp\/v2\/product"}],"about":[{"href":"https:\/\/italiamachines.com\/en\/wp-json\/wp\/v2\/types\/product"}],"replies":[{"embeddable":true,"href":"https:\/\/italiamachines.com\/en\/wp-json\/wp\/v2\/comments?post=4423"}],"wp:featuredmedia":[{"embeddable":true,"href":"https:\/\/italiamachines.com\/en\/wp-json\/wp\/v2\/media\/4412"}],"wp:attachment":[{"href":"https:\/\/italiamachines.com\/en\/wp-json\/wp\/v2\/media?parent=4423"}],"wp:term":[{"taxonomy":"product_cat","embeddable":true,"href":"https:\/\/italiamachines.com\/en\/wp-json\/wp\/v2\/product_cat?post=4423"},{"taxonomy":"product_tag","embeddable":true,"href":"https:\/\/italiamachines.com\/en\/wp-json\/wp\/v2\/product_tag?post=4423"}],"curies":[{"name":"wp","href":"https:\/\/api.w.org\/{rel}","templated":true}]}}