{"id":4477,"date":"2023-07-30T03:08:21","date_gmt":"2023-07-30T03:08:21","guid":{"rendered":"https:\/\/prod.italiamachines.com\/product\/doseur-deau-avec-compte-litres-marque-lalli-elettronica-italie\/"},"modified":"2024-09-28T19:25:29","modified_gmt":"2024-09-28T17:25:29","slug":"doseur-deau-avec-compte-litres-marque-lalli-elettronica-italie","status":"publish","type":"product","link":"https:\/\/italiamachines.com\/en\/boutique\/boulangerie-et-patisserie\/boulangerie\/refroidisseur-et-doseur\/doseur\/doseur-deau-avec-compte-litres-marque-lalli-elettronica-italie\/","title":{"rendered":"Doseur d&rsquo;eau avec compte-litres &#8211; par Lalli Elettronica"},"content":{"rendered":"<p>Programmateur de dosage simple<br \/>\nClavier anti-poussi\u00e8re<br \/>\nLecture imm\u00e9diate de la temp\u00e9rature du liquide<br \/>\nRaccords d&rsquo;eau en bronze 1\/2&Prime;<br \/>\nD\u00e9bit minimum : 3 L\/min<br \/>\nD\u00e9bit maximum : 30 L\/min<br \/>\nPression d&rsquo;entr\u00e9e d&rsquo;eau : 10 bar<br \/>\nPlage de temp\u00e9rature : 2\u00b0C &#8211; 60\u00b0C<br \/>\nDimensions : 220 mm x 160 mm x 120 mm<br \/>\nAlimentation \u00e9lectrique : 230V \/ 1 \/ 50-60 Hz<\/p>","protected":false},"excerpt":{"rendered":"<p>Programmateur de dosage simple Clavier anti-poussi\u00e8re Lecture imm\u00e9diate de la temp\u00e9rature du liquide Raccords d&rsquo;eau en bronze 1\/2&Prime; D\u00e9bit minimum : 3 L\/min D\u00e9bit maximum : 30 L\/min Pression d&rsquo;entr\u00e9e d&rsquo;eau : 10 bar Plage de temp\u00e9rature : 2\u00b0C &#8211; 60\u00b0C Dimensions : 220 mm x 160 mm x 120 mm Alimentation \u00e9lectrique : 230V&hellip;<\/p>","protected":false},"featured_media":4476,"comment_status":"open","ping_status":"closed","template":"","meta":[],"product_cat":[263,232],"product_tag":[],"class_list":{"0":"post-4477","1":"product","2":"type-product","3":"status-publish","4":"has-post-thumbnail","6":"product_cat-doseur","7":"product_cat-refroidisseur-et-doseur","9":"first","10":"instock","11":"shipping-taxable","12":"purchasable","13":"product-type-simple","14":"col-xs-6 col-sm-4","15":"col-md-3 col-lg-3","16":"un-4-cols"},"yoast_head":"<!-- This site is optimized with the Yoast SEO plugin v26.6 - https:\/\/yoast.com\/wordpress\/plugins\/seo\/ -->\n<title>Doseur d&#039;eau avec compte-litres - par Lalli Elettronica | Italia Machines<\/title>\n<meta name=\"robots\" content=\"index, follow, max-snippet:-1, max-image-preview:large, max-video-preview:-1\" \/>\n<link rel=\"canonical\" href=\"https:\/\/italiamachines.com\/en\/boutique\/boulangerie-et-patisserie\/boulangerie\/refroidisseur-et-doseur\/doseur\/doseur-deau-avec-compte-litres-marque-lalli-elettronica-italie\/\" \/>\n<meta property=\"og:locale\" content=\"en_US\" \/>\n<meta property=\"og:type\" content=\"article\" \/>\n<meta property=\"og:title\" content=\"Doseur d&#039;eau avec compte-litres - par Lalli Elettronica | Italia Machines\" \/>\n<meta property=\"og:description\" content=\"Programmateur de dosage simple Clavier anti-poussi\u00e8re Lecture imm\u00e9diate de la temp\u00e9rature du liquide Raccords d&rsquo;eau en bronze 1\/2&Prime; D\u00e9bit minimum : 3 L\/min D\u00e9bit maximum : 30 L\/min Pression d&rsquo;entr\u00e9e d&rsquo;eau : 10 bar Plage de temp\u00e9rature : 2\u00b0C &#8211; 60\u00b0C Dimensions : 220 mm x 160 mm x 120 mm Alimentation \u00e9lectrique : 230V&hellip;\" \/>\n<meta property=\"og:url\" content=\"https:\/\/italiamachines.com\/en\/boutique\/boulangerie-et-patisserie\/boulangerie\/refroidisseur-et-doseur\/doseur\/doseur-deau-avec-compte-litres-marque-lalli-elettronica-italie\/\" \/>\n<meta property=\"og:site_name\" content=\"Italia Machines\" \/>\n<meta property=\"article:publisher\" content=\"https:\/\/web.facebook.com\/italiamachines\/\" \/>\n<meta property=\"article:modified_time\" content=\"2024-09-28T17:25:29+00:00\" \/>\n<meta property=\"og:image\" content=\"https:\/\/italiamachines.com\/wp-content\/uploads\/2023\/07\/DOSAMIX-1.jpeg\" \/>\n\t<meta property=\"og:image:width\" content=\"341\" \/>\n\t<meta property=\"og:image:height\" content=\"393\" \/>\n\t<meta property=\"og:image:type\" content=\"image\/jpeg\" \/>\n<meta name=\"twitter:card\" content=\"summary_large_image\" \/>\n<meta name=\"twitter:label1\" content=\"Est. reading time\" \/>\n\t<meta name=\"twitter:data1\" content=\"1 minute\" \/>\n<script type=\"application\/ld+json\" class=\"yoast-schema-graph\">{\"@context\":\"https:\/\/schema.org\",\"@graph\":[{\"@type\":\"WebPage\",\"@id\":\"https:\/\/italiamachines.com\/boutique\/boulangerie-et-patisserie\/boulangerie\/refroidisseur-et-doseur\/doseur\/doseur-deau-avec-compte-litres-marque-lalli-elettronica-italie\/\",\"url\":\"https:\/\/italiamachines.com\/boutique\/boulangerie-et-patisserie\/boulangerie\/refroidisseur-et-doseur\/doseur\/doseur-deau-avec-compte-litres-marque-lalli-elettronica-italie\/\",\"name\":\"Doseur d'eau avec compte-litres - par Lalli Elettronica | Italia Machines\",\"isPartOf\":{\"@id\":\"https:\/\/italiamachines.com\/#website\"},\"primaryImageOfPage\":{\"@id\":\"https:\/\/italiamachines.com\/boutique\/boulangerie-et-patisserie\/boulangerie\/refroidisseur-et-doseur\/doseur\/doseur-deau-avec-compte-litres-marque-lalli-elettronica-italie\/#primaryimage\"},\"image\":{\"@id\":\"https:\/\/italiamachines.com\/boutique\/boulangerie-et-patisserie\/boulangerie\/refroidisseur-et-doseur\/doseur\/doseur-deau-avec-compte-litres-marque-lalli-elettronica-italie\/#primaryimage\"},\"thumbnailUrl\":\"https:\/\/italiamachines.com\/wp-content\/uploads\/2023\/07\/DOSAMIX-1.jpeg\",\"datePublished\":\"2023-07-30T03:08:21+00:00\",\"dateModified\":\"2024-09-28T17:25:29+00:00\",\"breadcrumb\":{\"@id\":\"https:\/\/italiamachines.com\/boutique\/boulangerie-et-patisserie\/boulangerie\/refroidisseur-et-doseur\/doseur\/doseur-deau-avec-compte-litres-marque-lalli-elettronica-italie\/#breadcrumb\"},\"inLanguage\":\"en-US\",\"potentialAction\":[{\"@type\":\"ReadAction\",\"target\":[\"https:\/\/italiamachines.com\/boutique\/boulangerie-et-patisserie\/boulangerie\/refroidisseur-et-doseur\/doseur\/doseur-deau-avec-compte-litres-marque-lalli-elettronica-italie\/\"]}]},{\"@type\":\"ImageObject\",\"inLanguage\":\"en-US\",\"@id\":\"https:\/\/italiamachines.com\/boutique\/boulangerie-et-patisserie\/boulangerie\/refroidisseur-et-doseur\/doseur\/doseur-deau-avec-compte-litres-marque-lalli-elettronica-italie\/#primaryimage\",\"url\":\"https:\/\/italiamachines.com\/wp-content\/uploads\/2023\/07\/DOSAMIX-1.jpeg\",\"contentUrl\":\"https:\/\/italiamachines.com\/wp-content\/uploads\/2023\/07\/DOSAMIX-1.jpeg\",\"width\":341,\"height\":393},{\"@type\":\"BreadcrumbList\",\"@id\":\"https:\/\/italiamachines.com\/boutique\/boulangerie-et-patisserie\/boulangerie\/refroidisseur-et-doseur\/doseur\/doseur-deau-avec-compte-litres-marque-lalli-elettronica-italie\/#breadcrumb\",\"itemListElement\":[{\"@type\":\"ListItem\",\"position\":1,\"name\":\"Accueil\",\"item\":\"https:\/\/italiamachines.com\/fr_fr\/\"},{\"@type\":\"ListItem\",\"position\":2,\"name\":\"Boutique\",\"item\":\"https:\/\/italiamachines.com\/boutique\/\"},{\"@type\":\"ListItem\",\"position\":3,\"name\":\"Doseur d&#8217;eau avec compte-litres &#8211; par Lalli Elettronica\"}]},{\"@type\":\"WebSite\",\"@id\":\"https:\/\/italiamachines.com\/#website\",\"url\":\"https:\/\/italiamachines.com\/\",\"name\":\"Italia Machines\",\"description\":\"L&#039;art de l&#039;\u00e9quipement HORECA\",\"publisher\":{\"@id\":\"https:\/\/italiamachines.com\/#organization\"},\"potentialAction\":[{\"@type\":\"SearchAction\",\"target\":{\"@type\":\"EntryPoint\",\"urlTemplate\":\"https:\/\/italiamachines.com\/?s={search_term_string}\"},\"query-input\":{\"@type\":\"PropertyValueSpecification\",\"valueRequired\":true,\"valueName\":\"search_term_string\"}}],\"inLanguage\":\"en-US\"},{\"@type\":\"Organization\",\"@id\":\"https:\/\/italiamachines.com\/#organization\",\"name\":\"italiamachines\",\"url\":\"https:\/\/italiamachines.com\/\",\"logo\":{\"@type\":\"ImageObject\",\"inLanguage\":\"en-US\",\"@id\":\"https:\/\/italiamachines.com\/#\/schema\/logo\/image\/\",\"url\":\"https:\/\/italiamachines.com\/wp-content\/uploads\/2023\/08\/logo-web-1.png\",\"contentUrl\":\"https:\/\/italiamachines.com\/wp-content\/uploads\/2023\/08\/logo-web-1.png\",\"width\":977,\"height\":254,\"caption\":\"italiamachines\"},\"image\":{\"@id\":\"https:\/\/italiamachines.com\/#\/schema\/logo\/image\/\"},\"sameAs\":[\"https:\/\/web.facebook.com\/italiamachines\/\",\"https:\/\/www.instagram.com\/italia.machines\/\"]}]}<\/script>\n<!-- \/ Yoast SEO plugin. -->","yoast_head_json":{"title":"Doseur d'eau avec compte-litres - par Lalli Elettronica | Italia Machines","robots":{"index":"index","follow":"follow","max-snippet":"max-snippet:-1","max-image-preview":"max-image-preview:large","max-video-preview":"max-video-preview:-1"},"canonical":"https:\/\/italiamachines.com\/en\/boutique\/boulangerie-et-patisserie\/boulangerie\/refroidisseur-et-doseur\/doseur\/doseur-deau-avec-compte-litres-marque-lalli-elettronica-italie\/","og_locale":"en_US","og_type":"article","og_title":"Doseur d'eau avec compte-litres - par Lalli Elettronica | Italia Machines","og_description":"Programmateur de dosage simple Clavier anti-poussi\u00e8re Lecture imm\u00e9diate de la temp\u00e9rature du liquide Raccords d&rsquo;eau en bronze 1\/2&Prime; D\u00e9bit minimum : 3 L\/min D\u00e9bit maximum : 30 L\/min Pression d&rsquo;entr\u00e9e d&rsquo;eau : 10 bar Plage de temp\u00e9rature : 2\u00b0C &#8211; 60\u00b0C Dimensions : 220 mm x 160 mm x 120 mm Alimentation \u00e9lectrique : 230V&hellip;","og_url":"https:\/\/italiamachines.com\/en\/boutique\/boulangerie-et-patisserie\/boulangerie\/refroidisseur-et-doseur\/doseur\/doseur-deau-avec-compte-litres-marque-lalli-elettronica-italie\/","og_site_name":"Italia Machines","article_publisher":"https:\/\/web.facebook.com\/italiamachines\/","article_modified_time":"2024-09-28T17:25:29+00:00","og_image":[{"width":341,"height":393,"url":"https:\/\/italiamachines.com\/wp-content\/uploads\/2023\/07\/DOSAMIX-1.jpeg","type":"image\/jpeg"}],"twitter_card":"summary_large_image","twitter_misc":{"Est. reading time":"1 minute"},"schema":{"@context":"https:\/\/schema.org","@graph":[{"@type":"WebPage","@id":"https:\/\/italiamachines.com\/boutique\/boulangerie-et-patisserie\/boulangerie\/refroidisseur-et-doseur\/doseur\/doseur-deau-avec-compte-litres-marque-lalli-elettronica-italie\/","url":"https:\/\/italiamachines.com\/boutique\/boulangerie-et-patisserie\/boulangerie\/refroidisseur-et-doseur\/doseur\/doseur-deau-avec-compte-litres-marque-lalli-elettronica-italie\/","name":"Doseur d'eau avec compte-litres - par Lalli Elettronica | Italia Machines","isPartOf":{"@id":"https:\/\/italiamachines.com\/#website"},"primaryImageOfPage":{"@id":"https:\/\/italiamachines.com\/boutique\/boulangerie-et-patisserie\/boulangerie\/refroidisseur-et-doseur\/doseur\/doseur-deau-avec-compte-litres-marque-lalli-elettronica-italie\/#primaryimage"},"image":{"@id":"https:\/\/italiamachines.com\/boutique\/boulangerie-et-patisserie\/boulangerie\/refroidisseur-et-doseur\/doseur\/doseur-deau-avec-compte-litres-marque-lalli-elettronica-italie\/#primaryimage"},"thumbnailUrl":"https:\/\/italiamachines.com\/wp-content\/uploads\/2023\/07\/DOSAMIX-1.jpeg","datePublished":"2023-07-30T03:08:21+00:00","dateModified":"2024-09-28T17:25:29+00:00","breadcrumb":{"@id":"https:\/\/italiamachines.com\/boutique\/boulangerie-et-patisserie\/boulangerie\/refroidisseur-et-doseur\/doseur\/doseur-deau-avec-compte-litres-marque-lalli-elettronica-italie\/#breadcrumb"},"inLanguage":"en-US","potentialAction":[{"@type":"ReadAction","target":["https:\/\/italiamachines.com\/boutique\/boulangerie-et-patisserie\/boulangerie\/refroidisseur-et-doseur\/doseur\/doseur-deau-avec-compte-litres-marque-lalli-elettronica-italie\/"]}]},{"@type":"ImageObject","inLanguage":"en-US","@id":"https:\/\/italiamachines.com\/boutique\/boulangerie-et-patisserie\/boulangerie\/refroidisseur-et-doseur\/doseur\/doseur-deau-avec-compte-litres-marque-lalli-elettronica-italie\/#primaryimage","url":"https:\/\/italiamachines.com\/wp-content\/uploads\/2023\/07\/DOSAMIX-1.jpeg","contentUrl":"https:\/\/italiamachines.com\/wp-content\/uploads\/2023\/07\/DOSAMIX-1.jpeg","width":341,"height":393},{"@type":"BreadcrumbList","@id":"https:\/\/italiamachines.com\/boutique\/boulangerie-et-patisserie\/boulangerie\/refroidisseur-et-doseur\/doseur\/doseur-deau-avec-compte-litres-marque-lalli-elettronica-italie\/#breadcrumb","itemListElement":[{"@type":"ListItem","position":1,"name":"Accueil","item":"https:\/\/italiamachines.com\/fr_fr\/"},{"@type":"ListItem","position":2,"name":"Boutique","item":"https:\/\/italiamachines.com\/boutique\/"},{"@type":"ListItem","position":3,"name":"Doseur d&#8217;eau avec compte-litres &#8211; par Lalli Elettronica"}]},{"@type":"WebSite","@id":"https:\/\/italiamachines.com\/#website","url":"https:\/\/italiamachines.com\/","name":"Italia Machines","description":"L&#039;art de l&#039;\u00e9quipement HORECA","publisher":{"@id":"https:\/\/italiamachines.com\/#organization"},"potentialAction":[{"@type":"SearchAction","target":{"@type":"EntryPoint","urlTemplate":"https:\/\/italiamachines.com\/?s={search_term_string}"},"query-input":{"@type":"PropertyValueSpecification","valueRequired":true,"valueName":"search_term_string"}}],"inLanguage":"en-US"},{"@type":"Organization","@id":"https:\/\/italiamachines.com\/#organization","name":"italiamachines","url":"https:\/\/italiamachines.com\/","logo":{"@type":"ImageObject","inLanguage":"en-US","@id":"https:\/\/italiamachines.com\/#\/schema\/logo\/image\/","url":"https:\/\/italiamachines.com\/wp-content\/uploads\/2023\/08\/logo-web-1.png","contentUrl":"https:\/\/italiamachines.com\/wp-content\/uploads\/2023\/08\/logo-web-1.png","width":977,"height":254,"caption":"italiamachines"},"image":{"@id":"https:\/\/italiamachines.com\/#\/schema\/logo\/image\/"},"sameAs":["https:\/\/web.facebook.com\/italiamachines\/","https:\/\/www.instagram.com\/italia.machines\/"]}]}},"_links":{"self":[{"href":"https:\/\/italiamachines.com\/en\/wp-json\/wp\/v2\/product\/4477","targetHints":{"allow":["GET"]}}],"collection":[{"href":"https:\/\/italiamachines.com\/en\/wp-json\/wp\/v2\/product"}],"about":[{"href":"https:\/\/italiamachines.com\/en\/wp-json\/wp\/v2\/types\/product"}],"replies":[{"embeddable":true,"href":"https:\/\/italiamachines.com\/en\/wp-json\/wp\/v2\/comments?post=4477"}],"wp:featuredmedia":[{"embeddable":true,"href":"https:\/\/italiamachines.com\/en\/wp-json\/wp\/v2\/media\/4476"}],"wp:attachment":[{"href":"https:\/\/italiamachines.com\/en\/wp-json\/wp\/v2\/media?parent=4477"}],"wp:term":[{"taxonomy":"product_cat","embeddable":true,"href":"https:\/\/italiamachines.com\/en\/wp-json\/wp\/v2\/product_cat?post=4477"},{"taxonomy":"product_tag","embeddable":true,"href":"https:\/\/italiamachines.com\/en\/wp-json\/wp\/v2\/product_tag?post=4477"}],"curies":[{"name":"wp","href":"https:\/\/api.w.org\/{rel}","templated":true}]}}