{"id":4492,"date":"2023-07-30T03:09:46","date_gmt":"2023-07-30T03:09:46","guid":{"rendered":"https:\/\/prod.italiamachines.com\/product\/hachoir-32-empero-380-v-dimensions-800x360x410-mm\/"},"modified":"2024-09-28T22:05:00","modified_gmt":"2024-09-28T20:05:00","slug":"hachoir-32-empero-380-v-dimensions-800x360x410-mm","status":"publish","type":"product","link":"https:\/\/italiamachines.com\/en\/boutique\/boucherie\/hachoir-a-viandes\/hachoir-32-empero-380-v-dimensions-800x360x410-mm\/","title":{"rendered":"Hachoir 32 Empero 380 V &#8211; Dimensions: 80x36x41 cm"},"content":{"rendered":"<p> Puissance du moteur: 2.2 kW &#8211; 220 V\/380 V.<br \/>\n Vitesse : 1400 tr\/min.<br \/>\n Entr\u00e9e, \u00e9crou serrage, grill hachoir et vis hachoir h\u00e9lico\u00efdale en chrome.<br \/>\n Fonction de refroidissement de r\u00e9servoir de la viande.<br \/>\n Syst\u00e8me de refroidissement \u00e0 contr\u00f4le digital.<br \/>\n Le protecteur de main permet un fonctionnement en toute s\u00e9curit\u00e9.<\/p>","protected":false},"excerpt":{"rendered":"<p>Puissance du moteur: 2.2 kW &#8211; 220 V\/380 V. Vitesse : 1400 tr\/min. Entr\u00e9e, \u00e9crou serrage, grill hachoir et vis hachoir h\u00e9lico\u00efdale en chrome. Fonction de refroidissement de r\u00e9servoir de la viande. Syst\u00e8me de refroidissement \u00e0 contr\u00f4le digital. Le protecteur de main permet un fonctionnement en toute s\u00e9curit\u00e9.<\/p>","protected":false},"featured_media":6547,"comment_status":"closed","ping_status":"closed","template":"","meta":[],"product_cat":[63,81],"product_tag":[],"class_list":{"0":"post-4492","1":"product","2":"type-product","3":"status-publish","4":"has-post-thumbnail","6":"product_cat-boucherie","7":"product_cat-hachoir-a-viandes","9":"first","10":"instock","11":"shipping-taxable","12":"purchasable","13":"product-type-simple","14":"col-xs-6 col-sm-4","15":"col-md-3 col-lg-3","16":"un-4-cols"},"yoast_head":"<!-- This site is optimized with the Yoast SEO plugin v26.6 - https:\/\/yoast.com\/wordpress\/plugins\/seo\/ -->\n<title>Hachoir 32 Empero 380 V - Dimensions: 80x36x41 cm | Italia Machines<\/title>\n<meta name=\"robots\" content=\"index, follow, max-snippet:-1, max-image-preview:large, max-video-preview:-1\" \/>\n<link rel=\"canonical\" href=\"https:\/\/italiamachines.com\/en\/boutique\/boucherie\/hachoir-a-viandes\/hachoir-32-empero-380-v-dimensions-800x360x410-mm\/\" \/>\n<meta property=\"og:locale\" content=\"en_US\" \/>\n<meta property=\"og:type\" content=\"article\" \/>\n<meta property=\"og:title\" content=\"Hachoir 32 Empero 380 V - Dimensions: 80x36x41 cm | Italia Machines\" \/>\n<meta property=\"og:description\" content=\"Puissance du moteur: 2.2 kW &#8211; 220 V\/380 V. Vitesse : 1400 tr\/min. Entr\u00e9e, \u00e9crou serrage, grill hachoir et vis hachoir h\u00e9lico\u00efdale en chrome. Fonction de refroidissement de r\u00e9servoir de la viande. Syst\u00e8me de refroidissement \u00e0 contr\u00f4le digital. Le protecteur de main permet un fonctionnement en toute s\u00e9curit\u00e9.\" \/>\n<meta property=\"og:url\" content=\"https:\/\/italiamachines.com\/en\/boutique\/boucherie\/hachoir-a-viandes\/hachoir-32-empero-380-v-dimensions-800x360x410-mm\/\" \/>\n<meta property=\"og:site_name\" content=\"Italia Machines\" \/>\n<meta property=\"article:publisher\" content=\"https:\/\/web.facebook.com\/italiamachines\/\" \/>\n<meta property=\"article:modified_time\" content=\"2024-09-28T20:05:00+00:00\" \/>\n<meta property=\"og:image\" content=\"https:\/\/italiamachines.com\/wp-content\/uploads\/2023\/07\/97078EEF-7357-415B-BAAA-A221A243A9E2_1_201_a.jpeg\" \/>\n\t<meta property=\"og:image:width\" content=\"565\" \/>\n\t<meta property=\"og:image:height\" content=\"574\" \/>\n\t<meta property=\"og:image:type\" content=\"image\/jpeg\" \/>\n<meta name=\"twitter:card\" content=\"summary_large_image\" \/>\n<meta name=\"twitter:label1\" content=\"Est. reading time\" \/>\n\t<meta name=\"twitter:data1\" content=\"1 minute\" \/>\n<script type=\"application\/ld+json\" class=\"yoast-schema-graph\">{\"@context\":\"https:\/\/schema.org\",\"@graph\":[{\"@type\":\"WebPage\",\"@id\":\"https:\/\/italiamachines.com\/boutique\/boucherie\/hachoir-a-viandes\/hachoir-32-empero-380-v-dimensions-800x360x410-mm\/\",\"url\":\"https:\/\/italiamachines.com\/boutique\/boucherie\/hachoir-a-viandes\/hachoir-32-empero-380-v-dimensions-800x360x410-mm\/\",\"name\":\"Hachoir 32 Empero 380 V - Dimensions: 80x36x41 cm | Italia Machines\",\"isPartOf\":{\"@id\":\"https:\/\/italiamachines.com\/#website\"},\"primaryImageOfPage\":{\"@id\":\"https:\/\/italiamachines.com\/boutique\/boucherie\/hachoir-a-viandes\/hachoir-32-empero-380-v-dimensions-800x360x410-mm\/#primaryimage\"},\"image\":{\"@id\":\"https:\/\/italiamachines.com\/boutique\/boucherie\/hachoir-a-viandes\/hachoir-32-empero-380-v-dimensions-800x360x410-mm\/#primaryimage\"},\"thumbnailUrl\":\"https:\/\/italiamachines.com\/wp-content\/uploads\/2023\/07\/97078EEF-7357-415B-BAAA-A221A243A9E2_1_201_a.jpeg\",\"datePublished\":\"2023-07-30T03:09:46+00:00\",\"dateModified\":\"2024-09-28T20:05:00+00:00\",\"breadcrumb\":{\"@id\":\"https:\/\/italiamachines.com\/boutique\/boucherie\/hachoir-a-viandes\/hachoir-32-empero-380-v-dimensions-800x360x410-mm\/#breadcrumb\"},\"inLanguage\":\"en-US\",\"potentialAction\":[{\"@type\":\"ReadAction\",\"target\":[\"https:\/\/italiamachines.com\/boutique\/boucherie\/hachoir-a-viandes\/hachoir-32-empero-380-v-dimensions-800x360x410-mm\/\"]}]},{\"@type\":\"ImageObject\",\"inLanguage\":\"en-US\",\"@id\":\"https:\/\/italiamachines.com\/boutique\/boucherie\/hachoir-a-viandes\/hachoir-32-empero-380-v-dimensions-800x360x410-mm\/#primaryimage\",\"url\":\"https:\/\/italiamachines.com\/wp-content\/uploads\/2023\/07\/97078EEF-7357-415B-BAAA-A221A243A9E2_1_201_a.jpeg\",\"contentUrl\":\"https:\/\/italiamachines.com\/wp-content\/uploads\/2023\/07\/97078EEF-7357-415B-BAAA-A221A243A9E2_1_201_a.jpeg\",\"width\":565,\"height\":574},{\"@type\":\"BreadcrumbList\",\"@id\":\"https:\/\/italiamachines.com\/boutique\/boucherie\/hachoir-a-viandes\/hachoir-32-empero-380-v-dimensions-800x360x410-mm\/#breadcrumb\",\"itemListElement\":[{\"@type\":\"ListItem\",\"position\":1,\"name\":\"Accueil\",\"item\":\"https:\/\/italiamachines.com\/fr_fr\/\"},{\"@type\":\"ListItem\",\"position\":2,\"name\":\"Boutique\",\"item\":\"https:\/\/italiamachines.com\/boutique\/\"},{\"@type\":\"ListItem\",\"position\":3,\"name\":\"Hachoir 32 Empero 380 V &#8211; Dimensions: 80x36x41 cm\"}]},{\"@type\":\"WebSite\",\"@id\":\"https:\/\/italiamachines.com\/#website\",\"url\":\"https:\/\/italiamachines.com\/\",\"name\":\"Italia Machines\",\"description\":\"L&#039;art de l&#039;\u00e9quipement HORECA\",\"publisher\":{\"@id\":\"https:\/\/italiamachines.com\/#organization\"},\"potentialAction\":[{\"@type\":\"SearchAction\",\"target\":{\"@type\":\"EntryPoint\",\"urlTemplate\":\"https:\/\/italiamachines.com\/?s={search_term_string}\"},\"query-input\":{\"@type\":\"PropertyValueSpecification\",\"valueRequired\":true,\"valueName\":\"search_term_string\"}}],\"inLanguage\":\"en-US\"},{\"@type\":\"Organization\",\"@id\":\"https:\/\/italiamachines.com\/#organization\",\"name\":\"italiamachines\",\"url\":\"https:\/\/italiamachines.com\/\",\"logo\":{\"@type\":\"ImageObject\",\"inLanguage\":\"en-US\",\"@id\":\"https:\/\/italiamachines.com\/#\/schema\/logo\/image\/\",\"url\":\"https:\/\/italiamachines.com\/wp-content\/uploads\/2023\/08\/logo-web-1.png\",\"contentUrl\":\"https:\/\/italiamachines.com\/wp-content\/uploads\/2023\/08\/logo-web-1.png\",\"width\":977,\"height\":254,\"caption\":\"italiamachines\"},\"image\":{\"@id\":\"https:\/\/italiamachines.com\/#\/schema\/logo\/image\/\"},\"sameAs\":[\"https:\/\/web.facebook.com\/italiamachines\/\",\"https:\/\/www.instagram.com\/italia.machines\/\"]}]}<\/script>\n<!-- \/ Yoast SEO plugin. -->","yoast_head_json":{"title":"Hachoir 32 Empero 380 V - Dimensions: 80x36x41 cm | Italia Machines","robots":{"index":"index","follow":"follow","max-snippet":"max-snippet:-1","max-image-preview":"max-image-preview:large","max-video-preview":"max-video-preview:-1"},"canonical":"https:\/\/italiamachines.com\/en\/boutique\/boucherie\/hachoir-a-viandes\/hachoir-32-empero-380-v-dimensions-800x360x410-mm\/","og_locale":"en_US","og_type":"article","og_title":"Hachoir 32 Empero 380 V - Dimensions: 80x36x41 cm | Italia Machines","og_description":"Puissance du moteur: 2.2 kW &#8211; 220 V\/380 V. Vitesse : 1400 tr\/min. Entr\u00e9e, \u00e9crou serrage, grill hachoir et vis hachoir h\u00e9lico\u00efdale en chrome. Fonction de refroidissement de r\u00e9servoir de la viande. Syst\u00e8me de refroidissement \u00e0 contr\u00f4le digital. Le protecteur de main permet un fonctionnement en toute s\u00e9curit\u00e9.","og_url":"https:\/\/italiamachines.com\/en\/boutique\/boucherie\/hachoir-a-viandes\/hachoir-32-empero-380-v-dimensions-800x360x410-mm\/","og_site_name":"Italia Machines","article_publisher":"https:\/\/web.facebook.com\/italiamachines\/","article_modified_time":"2024-09-28T20:05:00+00:00","og_image":[{"width":565,"height":574,"url":"https:\/\/italiamachines.com\/wp-content\/uploads\/2023\/07\/97078EEF-7357-415B-BAAA-A221A243A9E2_1_201_a.jpeg","type":"image\/jpeg"}],"twitter_card":"summary_large_image","twitter_misc":{"Est. reading time":"1 minute"},"schema":{"@context":"https:\/\/schema.org","@graph":[{"@type":"WebPage","@id":"https:\/\/italiamachines.com\/boutique\/boucherie\/hachoir-a-viandes\/hachoir-32-empero-380-v-dimensions-800x360x410-mm\/","url":"https:\/\/italiamachines.com\/boutique\/boucherie\/hachoir-a-viandes\/hachoir-32-empero-380-v-dimensions-800x360x410-mm\/","name":"Hachoir 32 Empero 380 V - Dimensions: 80x36x41 cm | Italia Machines","isPartOf":{"@id":"https:\/\/italiamachines.com\/#website"},"primaryImageOfPage":{"@id":"https:\/\/italiamachines.com\/boutique\/boucherie\/hachoir-a-viandes\/hachoir-32-empero-380-v-dimensions-800x360x410-mm\/#primaryimage"},"image":{"@id":"https:\/\/italiamachines.com\/boutique\/boucherie\/hachoir-a-viandes\/hachoir-32-empero-380-v-dimensions-800x360x410-mm\/#primaryimage"},"thumbnailUrl":"https:\/\/italiamachines.com\/wp-content\/uploads\/2023\/07\/97078EEF-7357-415B-BAAA-A221A243A9E2_1_201_a.jpeg","datePublished":"2023-07-30T03:09:46+00:00","dateModified":"2024-09-28T20:05:00+00:00","breadcrumb":{"@id":"https:\/\/italiamachines.com\/boutique\/boucherie\/hachoir-a-viandes\/hachoir-32-empero-380-v-dimensions-800x360x410-mm\/#breadcrumb"},"inLanguage":"en-US","potentialAction":[{"@type":"ReadAction","target":["https:\/\/italiamachines.com\/boutique\/boucherie\/hachoir-a-viandes\/hachoir-32-empero-380-v-dimensions-800x360x410-mm\/"]}]},{"@type":"ImageObject","inLanguage":"en-US","@id":"https:\/\/italiamachines.com\/boutique\/boucherie\/hachoir-a-viandes\/hachoir-32-empero-380-v-dimensions-800x360x410-mm\/#primaryimage","url":"https:\/\/italiamachines.com\/wp-content\/uploads\/2023\/07\/97078EEF-7357-415B-BAAA-A221A243A9E2_1_201_a.jpeg","contentUrl":"https:\/\/italiamachines.com\/wp-content\/uploads\/2023\/07\/97078EEF-7357-415B-BAAA-A221A243A9E2_1_201_a.jpeg","width":565,"height":574},{"@type":"BreadcrumbList","@id":"https:\/\/italiamachines.com\/boutique\/boucherie\/hachoir-a-viandes\/hachoir-32-empero-380-v-dimensions-800x360x410-mm\/#breadcrumb","itemListElement":[{"@type":"ListItem","position":1,"name":"Accueil","item":"https:\/\/italiamachines.com\/fr_fr\/"},{"@type":"ListItem","position":2,"name":"Boutique","item":"https:\/\/italiamachines.com\/boutique\/"},{"@type":"ListItem","position":3,"name":"Hachoir 32 Empero 380 V &#8211; Dimensions: 80x36x41 cm"}]},{"@type":"WebSite","@id":"https:\/\/italiamachines.com\/#website","url":"https:\/\/italiamachines.com\/","name":"Italia Machines","description":"L&#039;art de l&#039;\u00e9quipement HORECA","publisher":{"@id":"https:\/\/italiamachines.com\/#organization"},"potentialAction":[{"@type":"SearchAction","target":{"@type":"EntryPoint","urlTemplate":"https:\/\/italiamachines.com\/?s={search_term_string}"},"query-input":{"@type":"PropertyValueSpecification","valueRequired":true,"valueName":"search_term_string"}}],"inLanguage":"en-US"},{"@type":"Organization","@id":"https:\/\/italiamachines.com\/#organization","name":"italiamachines","url":"https:\/\/italiamachines.com\/","logo":{"@type":"ImageObject","inLanguage":"en-US","@id":"https:\/\/italiamachines.com\/#\/schema\/logo\/image\/","url":"https:\/\/italiamachines.com\/wp-content\/uploads\/2023\/08\/logo-web-1.png","contentUrl":"https:\/\/italiamachines.com\/wp-content\/uploads\/2023\/08\/logo-web-1.png","width":977,"height":254,"caption":"italiamachines"},"image":{"@id":"https:\/\/italiamachines.com\/#\/schema\/logo\/image\/"},"sameAs":["https:\/\/web.facebook.com\/italiamachines\/","https:\/\/www.instagram.com\/italia.machines\/"]}]}},"_links":{"self":[{"href":"https:\/\/italiamachines.com\/en\/wp-json\/wp\/v2\/product\/4492","targetHints":{"allow":["GET"]}}],"collection":[{"href":"https:\/\/italiamachines.com\/en\/wp-json\/wp\/v2\/product"}],"about":[{"href":"https:\/\/italiamachines.com\/en\/wp-json\/wp\/v2\/types\/product"}],"replies":[{"embeddable":true,"href":"https:\/\/italiamachines.com\/en\/wp-json\/wp\/v2\/comments?post=4492"}],"wp:featuredmedia":[{"embeddable":true,"href":"https:\/\/italiamachines.com\/en\/wp-json\/wp\/v2\/media\/6547"}],"wp:attachment":[{"href":"https:\/\/italiamachines.com\/en\/wp-json\/wp\/v2\/media?parent=4492"}],"wp:term":[{"taxonomy":"product_cat","embeddable":true,"href":"https:\/\/italiamachines.com\/en\/wp-json\/wp\/v2\/product_cat?post=4492"},{"taxonomy":"product_tag","embeddable":true,"href":"https:\/\/italiamachines.com\/en\/wp-json\/wp\/v2\/product_tag?post=4492"}],"curies":[{"name":"wp","href":"https:\/\/api.w.org\/{rel}","templated":true}]}}