{"id":4538,"date":"2023-07-30T03:14:16","date_gmt":"2023-07-30T03:14:16","guid":{"rendered":"https:\/\/prod.italiamachines.com\/product\/etagere-en-inox-a-3-niveaux-par-empero-dimensions-1600x300\/"},"modified":"2024-09-28T19:52:58","modified_gmt":"2024-09-28T17:52:58","slug":"etageres-en-inox-a-3-niveaux-par-empero-dimensions-1600x300","status":"publish","type":"product","link":"https:\/\/italiamachines.com\/en\/boutique\/cafe-glacier-lecheria\/cafe-lecheria\/meuble-etagere\/etageres-en-inox-a-3-niveaux-par-empero-dimensions-1600x300\/","title":{"rendered":"\u00c9tag\u00e8res en inox \u00e0 1|2|3 niveaux &#8211; par Empero"},"content":{"rendered":"<p>\u00c9tag\u00e8res en inox \u00e0 1, 2 ou 3 niveaux par Empero<br \/>\nConstruction enti\u00e8rement en acier inoxydable AISI 201<br \/>\nDimensions : Longueur 800-2000 mm, Profondeur 300-400 mm<br \/>\nRebord relev\u00e9<br \/>\nHauteur r\u00e9glable sur cr\u00e9maill\u00e8re (Hauteur) 1100 mm<br \/>\nCapacit\u00e9 de charge jusqu&rsquo;\u00e0 25 kg par niveau<br \/>\nLivr\u00e9 avec 6 consoles et 2 supports muraux<br \/>\nFacile \u00e0 monter et \u00e0 nettoyer<br \/>\nFabrication conforme aux normes CE et HACCP<br \/>\nFixations non fournies<\/p>","protected":false},"excerpt":{"rendered":"<p>\u00c9tag\u00e8res en inox \u00e0 1, 2 ou 3 niveaux par Empero Construction enti\u00e8rement en acier inoxydable AISI 201 Dimensions : Longueur 800-2000 mm, Profondeur 300-400 mm Rebord relev\u00e9 Hauteur r\u00e9glable sur cr\u00e9maill\u00e8re (Hauteur) 1100 mm Capacit\u00e9 de charge jusqu&rsquo;\u00e0 25 kg par niveau Livr\u00e9 avec 6 consoles et 2 supports muraux Facile \u00e0 monter et&hellip;<\/p>","protected":false},"featured_media":6538,"comment_status":"open","ping_status":"closed","template":"","meta":[],"product_cat":[160,65,80,216],"product_tag":[],"class_list":{"0":"post-4538","1":"product","2":"type-product","3":"status-publish","4":"has-post-thumbnail","6":"product_cat-cafe-lecheria","7":"product_cat-cafe-glacier-lecheria","8":"product_cat-glacier-lecheria","9":"product_cat-meuble-etagere","11":"first","12":"instock","13":"shipping-taxable","14":"purchasable","15":"product-type-variable","16":"col-xs-6 col-sm-4","17":"col-md-3 col-lg-3","18":"un-4-cols"},"yoast_head":"<!-- This site is optimized with the Yoast SEO plugin v26.6 - https:\/\/yoast.com\/wordpress\/plugins\/seo\/ -->\n<title>\u00c9tag\u00e8res en inox \u00e0 1|2|3 niveaux - par Empero | Italia Machines<\/title>\n<meta name=\"description\" content=\"L&#039;\u00e9l\u00e9gance alli\u00e9e \u00e0 la durabilit\u00e9 avec les \u00e9tag\u00e8res en inox par Empero. Optez pour le style contemporain et la robustesse de nos \u00e9tag\u00e8res\" \/>\n<meta name=\"robots\" content=\"index, follow, max-snippet:-1, max-image-preview:large, max-video-preview:-1\" \/>\n<link rel=\"canonical\" href=\"https:\/\/italiamachines.com\/en\/boutique\/cafe-glacier-lecheria\/cafe-lecheria\/meuble-etagere\/etageres-en-inox-a-3-niveaux-par-empero-dimensions-1600x300\/\" \/>\n<meta property=\"og:locale\" content=\"en_US\" \/>\n<meta property=\"og:type\" content=\"article\" \/>\n<meta property=\"og:title\" content=\"\u00c9tag\u00e8res en inox \u00e0 1|2|3 niveaux - par Empero | Italia Machines\" \/>\n<meta property=\"og:description\" content=\"L&#039;\u00e9l\u00e9gance alli\u00e9e \u00e0 la durabilit\u00e9 avec les \u00e9tag\u00e8res en inox par Empero. Optez pour le style contemporain et la robustesse de nos \u00e9tag\u00e8res\" \/>\n<meta property=\"og:url\" content=\"https:\/\/italiamachines.com\/en\/boutique\/cafe-glacier-lecheria\/cafe-lecheria\/meuble-etagere\/etageres-en-inox-a-3-niveaux-par-empero-dimensions-1600x300\/\" \/>\n<meta property=\"og:site_name\" content=\"Italia Machines\" \/>\n<meta property=\"article:publisher\" content=\"https:\/\/web.facebook.com\/italiamachines\/\" \/>\n<meta property=\"article:modified_time\" content=\"2024-09-28T17:52:58+00:00\" \/>\n<meta property=\"og:image\" content=\"https:\/\/italiamachines.com\/wp-content\/uploads\/2023\/07\/3AA66FDE-564D-42B7-8D8E-B431B5AFF3D6_1_201_a.jpeg\" \/>\n\t<meta property=\"og:image:width\" content=\"575\" \/>\n\t<meta property=\"og:image:height\" content=\"576\" \/>\n\t<meta property=\"og:image:type\" content=\"image\/jpeg\" \/>\n<meta name=\"twitter:card\" content=\"summary_large_image\" \/>\n<meta name=\"twitter:label1\" content=\"Est. reading time\" \/>\n\t<meta name=\"twitter:data1\" content=\"1 minute\" \/>\n<script type=\"application\/ld+json\" class=\"yoast-schema-graph\">{\"@context\":\"https:\/\/schema.org\",\"@graph\":[{\"@type\":\"WebPage\",\"@id\":\"https:\/\/italiamachines.com\/boutique\/cafe-glacier-lecheria\/cafe-lecheria\/meuble-etagere\/etageres-en-inox-a-3-niveaux-par-empero-dimensions-1600x300\/\",\"url\":\"https:\/\/italiamachines.com\/boutique\/cafe-glacier-lecheria\/cafe-lecheria\/meuble-etagere\/etageres-en-inox-a-3-niveaux-par-empero-dimensions-1600x300\/\",\"name\":\"\u00c9tag\u00e8res en inox \u00e0 1|2|3 niveaux - par Empero | Italia Machines\",\"isPartOf\":{\"@id\":\"https:\/\/italiamachines.com\/#website\"},\"primaryImageOfPage\":{\"@id\":\"https:\/\/italiamachines.com\/boutique\/cafe-glacier-lecheria\/cafe-lecheria\/meuble-etagere\/etageres-en-inox-a-3-niveaux-par-empero-dimensions-1600x300\/#primaryimage\"},\"image\":{\"@id\":\"https:\/\/italiamachines.com\/boutique\/cafe-glacier-lecheria\/cafe-lecheria\/meuble-etagere\/etageres-en-inox-a-3-niveaux-par-empero-dimensions-1600x300\/#primaryimage\"},\"thumbnailUrl\":\"https:\/\/italiamachines.com\/wp-content\/uploads\/2023\/07\/3AA66FDE-564D-42B7-8D8E-B431B5AFF3D6_1_201_a.jpeg\",\"datePublished\":\"2023-07-30T03:14:16+00:00\",\"dateModified\":\"2024-09-28T17:52:58+00:00\",\"description\":\"L'\u00e9l\u00e9gance alli\u00e9e \u00e0 la durabilit\u00e9 avec les \u00e9tag\u00e8res en inox par Empero. Optez pour le style contemporain et la robustesse de nos \u00e9tag\u00e8res\",\"breadcrumb\":{\"@id\":\"https:\/\/italiamachines.com\/boutique\/cafe-glacier-lecheria\/cafe-lecheria\/meuble-etagere\/etageres-en-inox-a-3-niveaux-par-empero-dimensions-1600x300\/#breadcrumb\"},\"inLanguage\":\"en-US\",\"potentialAction\":[{\"@type\":\"ReadAction\",\"target\":[\"https:\/\/italiamachines.com\/boutique\/cafe-glacier-lecheria\/cafe-lecheria\/meuble-etagere\/etageres-en-inox-a-3-niveaux-par-empero-dimensions-1600x300\/\"]}]},{\"@type\":\"ImageObject\",\"inLanguage\":\"en-US\",\"@id\":\"https:\/\/italiamachines.com\/boutique\/cafe-glacier-lecheria\/cafe-lecheria\/meuble-etagere\/etageres-en-inox-a-3-niveaux-par-empero-dimensions-1600x300\/#primaryimage\",\"url\":\"https:\/\/italiamachines.com\/wp-content\/uploads\/2023\/07\/3AA66FDE-564D-42B7-8D8E-B431B5AFF3D6_1_201_a.jpeg\",\"contentUrl\":\"https:\/\/italiamachines.com\/wp-content\/uploads\/2023\/07\/3AA66FDE-564D-42B7-8D8E-B431B5AFF3D6_1_201_a.jpeg\",\"width\":575,\"height\":576,\"caption\":\"\u00c9tag\u00e8res en inox par Empero\"},{\"@type\":\"BreadcrumbList\",\"@id\":\"https:\/\/italiamachines.com\/boutique\/cafe-glacier-lecheria\/cafe-lecheria\/meuble-etagere\/etageres-en-inox-a-3-niveaux-par-empero-dimensions-1600x300\/#breadcrumb\",\"itemListElement\":[{\"@type\":\"ListItem\",\"position\":1,\"name\":\"Accueil\",\"item\":\"https:\/\/italiamachines.com\/fr_fr\/\"},{\"@type\":\"ListItem\",\"position\":2,\"name\":\"Boutique\",\"item\":\"https:\/\/italiamachines.com\/boutique\/\"},{\"@type\":\"ListItem\",\"position\":3,\"name\":\"\u00c9tag\u00e8res en inox \u00e0 1|2|3 niveaux &#8211; par Empero\"}]},{\"@type\":\"WebSite\",\"@id\":\"https:\/\/italiamachines.com\/#website\",\"url\":\"https:\/\/italiamachines.com\/\",\"name\":\"Italia Machines\",\"description\":\"L&#039;art de l&#039;\u00e9quipement HORECA\",\"publisher\":{\"@id\":\"https:\/\/italiamachines.com\/#organization\"},\"potentialAction\":[{\"@type\":\"SearchAction\",\"target\":{\"@type\":\"EntryPoint\",\"urlTemplate\":\"https:\/\/italiamachines.com\/?s={search_term_string}\"},\"query-input\":{\"@type\":\"PropertyValueSpecification\",\"valueRequired\":true,\"valueName\":\"search_term_string\"}}],\"inLanguage\":\"en-US\"},{\"@type\":\"Organization\",\"@id\":\"https:\/\/italiamachines.com\/#organization\",\"name\":\"italiamachines\",\"url\":\"https:\/\/italiamachines.com\/\",\"logo\":{\"@type\":\"ImageObject\",\"inLanguage\":\"en-US\",\"@id\":\"https:\/\/italiamachines.com\/#\/schema\/logo\/image\/\",\"url\":\"https:\/\/italiamachines.com\/wp-content\/uploads\/2023\/08\/logo-web-1.png\",\"contentUrl\":\"https:\/\/italiamachines.com\/wp-content\/uploads\/2023\/08\/logo-web-1.png\",\"width\":977,\"height\":254,\"caption\":\"italiamachines\"},\"image\":{\"@id\":\"https:\/\/italiamachines.com\/#\/schema\/logo\/image\/\"},\"sameAs\":[\"https:\/\/web.facebook.com\/italiamachines\/\",\"https:\/\/www.instagram.com\/italia.machines\/\"]}]}<\/script>\n<!-- \/ Yoast SEO plugin. -->","yoast_head_json":{"title":"\u00c9tag\u00e8res en inox \u00e0 1|2|3 niveaux - par Empero | Italia Machines","description":"L'\u00e9l\u00e9gance alli\u00e9e \u00e0 la durabilit\u00e9 avec les \u00e9tag\u00e8res en inox par Empero. Optez pour le style contemporain et la robustesse de nos \u00e9tag\u00e8res","robots":{"index":"index","follow":"follow","max-snippet":"max-snippet:-1","max-image-preview":"max-image-preview:large","max-video-preview":"max-video-preview:-1"},"canonical":"https:\/\/italiamachines.com\/en\/boutique\/cafe-glacier-lecheria\/cafe-lecheria\/meuble-etagere\/etageres-en-inox-a-3-niveaux-par-empero-dimensions-1600x300\/","og_locale":"en_US","og_type":"article","og_title":"\u00c9tag\u00e8res en inox \u00e0 1|2|3 niveaux - par Empero | Italia Machines","og_description":"L'\u00e9l\u00e9gance alli\u00e9e \u00e0 la durabilit\u00e9 avec les \u00e9tag\u00e8res en inox par Empero. Optez pour le style contemporain et la robustesse de nos \u00e9tag\u00e8res","og_url":"https:\/\/italiamachines.com\/en\/boutique\/cafe-glacier-lecheria\/cafe-lecheria\/meuble-etagere\/etageres-en-inox-a-3-niveaux-par-empero-dimensions-1600x300\/","og_site_name":"Italia Machines","article_publisher":"https:\/\/web.facebook.com\/italiamachines\/","article_modified_time":"2024-09-28T17:52:58+00:00","og_image":[{"width":575,"height":576,"url":"https:\/\/italiamachines.com\/wp-content\/uploads\/2023\/07\/3AA66FDE-564D-42B7-8D8E-B431B5AFF3D6_1_201_a.jpeg","type":"image\/jpeg"}],"twitter_card":"summary_large_image","twitter_misc":{"Est. reading time":"1 minute"},"schema":{"@context":"https:\/\/schema.org","@graph":[{"@type":"WebPage","@id":"https:\/\/italiamachines.com\/boutique\/cafe-glacier-lecheria\/cafe-lecheria\/meuble-etagere\/etageres-en-inox-a-3-niveaux-par-empero-dimensions-1600x300\/","url":"https:\/\/italiamachines.com\/boutique\/cafe-glacier-lecheria\/cafe-lecheria\/meuble-etagere\/etageres-en-inox-a-3-niveaux-par-empero-dimensions-1600x300\/","name":"\u00c9tag\u00e8res en inox \u00e0 1|2|3 niveaux - par Empero | Italia Machines","isPartOf":{"@id":"https:\/\/italiamachines.com\/#website"},"primaryImageOfPage":{"@id":"https:\/\/italiamachines.com\/boutique\/cafe-glacier-lecheria\/cafe-lecheria\/meuble-etagere\/etageres-en-inox-a-3-niveaux-par-empero-dimensions-1600x300\/#primaryimage"},"image":{"@id":"https:\/\/italiamachines.com\/boutique\/cafe-glacier-lecheria\/cafe-lecheria\/meuble-etagere\/etageres-en-inox-a-3-niveaux-par-empero-dimensions-1600x300\/#primaryimage"},"thumbnailUrl":"https:\/\/italiamachines.com\/wp-content\/uploads\/2023\/07\/3AA66FDE-564D-42B7-8D8E-B431B5AFF3D6_1_201_a.jpeg","datePublished":"2023-07-30T03:14:16+00:00","dateModified":"2024-09-28T17:52:58+00:00","description":"L'\u00e9l\u00e9gance alli\u00e9e \u00e0 la durabilit\u00e9 avec les \u00e9tag\u00e8res en inox par Empero. Optez pour le style contemporain et la robustesse de nos \u00e9tag\u00e8res","breadcrumb":{"@id":"https:\/\/italiamachines.com\/boutique\/cafe-glacier-lecheria\/cafe-lecheria\/meuble-etagere\/etageres-en-inox-a-3-niveaux-par-empero-dimensions-1600x300\/#breadcrumb"},"inLanguage":"en-US","potentialAction":[{"@type":"ReadAction","target":["https:\/\/italiamachines.com\/boutique\/cafe-glacier-lecheria\/cafe-lecheria\/meuble-etagere\/etageres-en-inox-a-3-niveaux-par-empero-dimensions-1600x300\/"]}]},{"@type":"ImageObject","inLanguage":"en-US","@id":"https:\/\/italiamachines.com\/boutique\/cafe-glacier-lecheria\/cafe-lecheria\/meuble-etagere\/etageres-en-inox-a-3-niveaux-par-empero-dimensions-1600x300\/#primaryimage","url":"https:\/\/italiamachines.com\/wp-content\/uploads\/2023\/07\/3AA66FDE-564D-42B7-8D8E-B431B5AFF3D6_1_201_a.jpeg","contentUrl":"https:\/\/italiamachines.com\/wp-content\/uploads\/2023\/07\/3AA66FDE-564D-42B7-8D8E-B431B5AFF3D6_1_201_a.jpeg","width":575,"height":576,"caption":"\u00c9tag\u00e8res en inox par Empero"},{"@type":"BreadcrumbList","@id":"https:\/\/italiamachines.com\/boutique\/cafe-glacier-lecheria\/cafe-lecheria\/meuble-etagere\/etageres-en-inox-a-3-niveaux-par-empero-dimensions-1600x300\/#breadcrumb","itemListElement":[{"@type":"ListItem","position":1,"name":"Accueil","item":"https:\/\/italiamachines.com\/fr_fr\/"},{"@type":"ListItem","position":2,"name":"Boutique","item":"https:\/\/italiamachines.com\/boutique\/"},{"@type":"ListItem","position":3,"name":"\u00c9tag\u00e8res en inox \u00e0 1|2|3 niveaux &#8211; par Empero"}]},{"@type":"WebSite","@id":"https:\/\/italiamachines.com\/#website","url":"https:\/\/italiamachines.com\/","name":"Italia Machines","description":"L&#039;art de l&#039;\u00e9quipement HORECA","publisher":{"@id":"https:\/\/italiamachines.com\/#organization"},"potentialAction":[{"@type":"SearchAction","target":{"@type":"EntryPoint","urlTemplate":"https:\/\/italiamachines.com\/?s={search_term_string}"},"query-input":{"@type":"PropertyValueSpecification","valueRequired":true,"valueName":"search_term_string"}}],"inLanguage":"en-US"},{"@type":"Organization","@id":"https:\/\/italiamachines.com\/#organization","name":"italiamachines","url":"https:\/\/italiamachines.com\/","logo":{"@type":"ImageObject","inLanguage":"en-US","@id":"https:\/\/italiamachines.com\/#\/schema\/logo\/image\/","url":"https:\/\/italiamachines.com\/wp-content\/uploads\/2023\/08\/logo-web-1.png","contentUrl":"https:\/\/italiamachines.com\/wp-content\/uploads\/2023\/08\/logo-web-1.png","width":977,"height":254,"caption":"italiamachines"},"image":{"@id":"https:\/\/italiamachines.com\/#\/schema\/logo\/image\/"},"sameAs":["https:\/\/web.facebook.com\/italiamachines\/","https:\/\/www.instagram.com\/italia.machines\/"]}]}},"_links":{"self":[{"href":"https:\/\/italiamachines.com\/en\/wp-json\/wp\/v2\/product\/4538","targetHints":{"allow":["GET"]}}],"collection":[{"href":"https:\/\/italiamachines.com\/en\/wp-json\/wp\/v2\/product"}],"about":[{"href":"https:\/\/italiamachines.com\/en\/wp-json\/wp\/v2\/types\/product"}],"replies":[{"embeddable":true,"href":"https:\/\/italiamachines.com\/en\/wp-json\/wp\/v2\/comments?post=4538"}],"wp:featuredmedia":[{"embeddable":true,"href":"https:\/\/italiamachines.com\/en\/wp-json\/wp\/v2\/media\/6538"}],"wp:attachment":[{"href":"https:\/\/italiamachines.com\/en\/wp-json\/wp\/v2\/media?parent=4538"}],"wp:term":[{"taxonomy":"product_cat","embeddable":true,"href":"https:\/\/italiamachines.com\/en\/wp-json\/wp\/v2\/product_cat?post=4538"},{"taxonomy":"product_tag","embeddable":true,"href":"https:\/\/italiamachines.com\/en\/wp-json\/wp\/v2\/product_tag?post=4538"}],"curies":[{"name":"wp","href":"https:\/\/api.w.org\/{rel}","templated":true}]}}