{"id":4554,"date":"2023-07-30T03:15:28","date_gmt":"2023-07-30T03:15:28","guid":{"rendered":"https:\/\/prod.italiamachines.com\/product\/salamandre-structure-en-inox-reglable-sur-differentes-hauteurs\/"},"modified":"2024-09-29T22:50:14","modified_gmt":"2024-09-29T20:50:14","slug":"salamandre-gaz-reglable","status":"publish","type":"product","link":"https:\/\/italiamachines.com\/en\/boutique\/restaurant-snack-et-pizzeria\/salamandre\/salamandre-gaz-reglable\/","title":{"rendered":"Salamandre \u00e0 gaz &#8211;  par Empero"},"content":{"rendered":"<p>Salamandre fonctionnant au gaz<br \/>\nSyst\u00e8me de chauffage r\u00e9glable, d\u00e9pla\u00e7able vers le haut et vers le bas<br \/>\nConception hygi\u00e9nique et facile \u00e0 nettoyer<br \/>\n\u00c9quip\u00e9e d&rsquo;un bac \u00e0 eau amovible pour humidifier les aliments<br \/>\nCorps en acier inoxydable pour durabilit\u00e9 et respect des normes d&rsquo;hygi\u00e8ne<br \/>\nDimensions : 660 x 530 x 470 mm<\/p>","protected":false},"excerpt":{"rendered":"<p>Salamandre fonctionnant au gaz Syst\u00e8me de chauffage r\u00e9glable, d\u00e9pla\u00e7able vers le haut et vers le bas Conception hygi\u00e9nique et facile \u00e0 nettoyer \u00c9quip\u00e9e d&rsquo;un bac \u00e0 eau amovible pour humidifier les aliments Corps en acier inoxydable pour durabilit\u00e9 et respect des normes d&rsquo;hygi\u00e8ne Dimensions : 660 x 530 x 470 mm<\/p>","protected":false},"featured_media":6540,"comment_status":"closed","ping_status":"closed","template":"","meta":[],"product_cat":[112,116],"product_tag":[],"class_list":{"0":"post-4554","1":"product","2":"type-product","3":"status-publish","4":"has-post-thumbnail","6":"product_cat-restaurant-snack-et-pizzeria","7":"product_cat-salamandre","9":"first","10":"instock","11":"shipping-taxable","12":"purchasable","13":"product-type-simple","14":"col-xs-6 col-sm-4","15":"col-md-3 col-lg-3","16":"un-4-cols"},"yoast_head":"<!-- This site is optimized with the Yoast SEO plugin v26.6 - https:\/\/yoast.com\/wordpress\/plugins\/seo\/ -->\n<title>Salamandre \u00e0 gaz - par Empero | Italia Machines maroc<\/title>\n<meta name=\"description\" content=\"syst\u00e8me de chauffage r\u00e9glable pouvant \u00eatre d\u00e9plac\u00e9 vers le haut et vers le bas selon les besoins de cuisson, \u00e9quip\u00e9e d&#039;un bac \u00e0 eau amovible.\" \/>\n<meta name=\"robots\" content=\"index, follow, max-snippet:-1, max-image-preview:large, max-video-preview:-1\" \/>\n<link rel=\"canonical\" href=\"https:\/\/italiamachines.com\/en\/boutique\/restaurant-snack-et-pizzeria\/salamandre\/salamandre-gaz-reglable\/\" \/>\n<meta property=\"og:locale\" content=\"en_US\" \/>\n<meta property=\"og:type\" content=\"article\" \/>\n<meta property=\"og:title\" content=\"Salamandre \u00e0 gaz - par Empero | Italia Machines maroc\" \/>\n<meta property=\"og:description\" content=\"syst\u00e8me de chauffage r\u00e9glable pouvant \u00eatre d\u00e9plac\u00e9 vers le haut et vers le bas selon les besoins de cuisson, \u00e9quip\u00e9e d&#039;un bac \u00e0 eau amovible.\" \/>\n<meta property=\"og:url\" content=\"https:\/\/italiamachines.com\/en\/boutique\/restaurant-snack-et-pizzeria\/salamandre\/salamandre-gaz-reglable\/\" \/>\n<meta property=\"og:site_name\" content=\"Italia Machines\" \/>\n<meta property=\"article:publisher\" content=\"https:\/\/web.facebook.com\/italiamachines\/\" \/>\n<meta property=\"article:modified_time\" content=\"2024-09-29T20:50:14+00:00\" \/>\n<meta property=\"og:image\" content=\"https:\/\/italiamachines.com\/wp-content\/uploads\/2023\/07\/0DD338E1-3F09-4B37-A1C3-5B5F9B3AE849_1_201_a.jpeg\" \/>\n\t<meta property=\"og:image:width\" content=\"569\" \/>\n\t<meta property=\"og:image:height\" content=\"581\" \/>\n\t<meta property=\"og:image:type\" content=\"image\/jpeg\" \/>\n<meta name=\"twitter:card\" content=\"summary_large_image\" \/>\n<meta name=\"twitter:label1\" content=\"Est. reading time\" \/>\n\t<meta name=\"twitter:data1\" content=\"1 minute\" \/>\n<script type=\"application\/ld+json\" class=\"yoast-schema-graph\">{\"@context\":\"https:\/\/schema.org\",\"@graph\":[{\"@type\":\"WebPage\",\"@id\":\"https:\/\/italiamachines.com\/boutique\/restaurant-snack-et-pizzeria\/salamandre\/salamandre-gaz-reglable\/\",\"url\":\"https:\/\/italiamachines.com\/boutique\/restaurant-snack-et-pizzeria\/salamandre\/salamandre-gaz-reglable\/\",\"name\":\"Salamandre \u00e0 gaz - par Empero | Italia Machines maroc\",\"isPartOf\":{\"@id\":\"https:\/\/italiamachines.com\/#website\"},\"primaryImageOfPage\":{\"@id\":\"https:\/\/italiamachines.com\/boutique\/restaurant-snack-et-pizzeria\/salamandre\/salamandre-gaz-reglable\/#primaryimage\"},\"image\":{\"@id\":\"https:\/\/italiamachines.com\/boutique\/restaurant-snack-et-pizzeria\/salamandre\/salamandre-gaz-reglable\/#primaryimage\"},\"thumbnailUrl\":\"https:\/\/italiamachines.com\/wp-content\/uploads\/2023\/07\/0DD338E1-3F09-4B37-A1C3-5B5F9B3AE849_1_201_a.jpeg\",\"datePublished\":\"2023-07-30T03:15:28+00:00\",\"dateModified\":\"2024-09-29T20:50:14+00:00\",\"description\":\"syst\u00e8me de chauffage r\u00e9glable pouvant \u00eatre d\u00e9plac\u00e9 vers le haut et vers le bas selon les besoins de cuisson, \u00e9quip\u00e9e d'un bac \u00e0 eau amovible.\",\"breadcrumb\":{\"@id\":\"https:\/\/italiamachines.com\/boutique\/restaurant-snack-et-pizzeria\/salamandre\/salamandre-gaz-reglable\/#breadcrumb\"},\"inLanguage\":\"en-US\",\"potentialAction\":[{\"@type\":\"ReadAction\",\"target\":[\"https:\/\/italiamachines.com\/boutique\/restaurant-snack-et-pizzeria\/salamandre\/salamandre-gaz-reglable\/\"]}]},{\"@type\":\"ImageObject\",\"inLanguage\":\"en-US\",\"@id\":\"https:\/\/italiamachines.com\/boutique\/restaurant-snack-et-pizzeria\/salamandre\/salamandre-gaz-reglable\/#primaryimage\",\"url\":\"https:\/\/italiamachines.com\/wp-content\/uploads\/2023\/07\/0DD338E1-3F09-4B37-A1C3-5B5F9B3AE849_1_201_a.jpeg\",\"contentUrl\":\"https:\/\/italiamachines.com\/wp-content\/uploads\/2023\/07\/0DD338E1-3F09-4B37-A1C3-5B5F9B3AE849_1_201_a.jpeg\",\"width\":569,\"height\":581,\"caption\":\"salamandre gaz maroc\"},{\"@type\":\"BreadcrumbList\",\"@id\":\"https:\/\/italiamachines.com\/boutique\/restaurant-snack-et-pizzeria\/salamandre\/salamandre-gaz-reglable\/#breadcrumb\",\"itemListElement\":[{\"@type\":\"ListItem\",\"position\":1,\"name\":\"Accueil\",\"item\":\"https:\/\/italiamachines.com\/fr_fr\/\"},{\"@type\":\"ListItem\",\"position\":2,\"name\":\"Boutique\",\"item\":\"https:\/\/italiamachines.com\/boutique\/\"},{\"@type\":\"ListItem\",\"position\":3,\"name\":\"Salamandre \u00e0 gaz &#8211; par Empero\"}]},{\"@type\":\"WebSite\",\"@id\":\"https:\/\/italiamachines.com\/#website\",\"url\":\"https:\/\/italiamachines.com\/\",\"name\":\"Italia Machines\",\"description\":\"L&#039;art de l&#039;\u00e9quipement HORECA\",\"publisher\":{\"@id\":\"https:\/\/italiamachines.com\/#organization\"},\"potentialAction\":[{\"@type\":\"SearchAction\",\"target\":{\"@type\":\"EntryPoint\",\"urlTemplate\":\"https:\/\/italiamachines.com\/?s={search_term_string}\"},\"query-input\":{\"@type\":\"PropertyValueSpecification\",\"valueRequired\":true,\"valueName\":\"search_term_string\"}}],\"inLanguage\":\"en-US\"},{\"@type\":\"Organization\",\"@id\":\"https:\/\/italiamachines.com\/#organization\",\"name\":\"italiamachines\",\"url\":\"https:\/\/italiamachines.com\/\",\"logo\":{\"@type\":\"ImageObject\",\"inLanguage\":\"en-US\",\"@id\":\"https:\/\/italiamachines.com\/#\/schema\/logo\/image\/\",\"url\":\"https:\/\/italiamachines.com\/wp-content\/uploads\/2023\/08\/logo-web-1.png\",\"contentUrl\":\"https:\/\/italiamachines.com\/wp-content\/uploads\/2023\/08\/logo-web-1.png\",\"width\":977,\"height\":254,\"caption\":\"italiamachines\"},\"image\":{\"@id\":\"https:\/\/italiamachines.com\/#\/schema\/logo\/image\/\"},\"sameAs\":[\"https:\/\/web.facebook.com\/italiamachines\/\",\"https:\/\/www.instagram.com\/italia.machines\/\"]}]}<\/script>\n<!-- \/ Yoast SEO plugin. -->","yoast_head_json":{"title":"Salamandre \u00e0 gaz - par Empero | Italia Machines maroc","description":"syst\u00e8me de chauffage r\u00e9glable pouvant \u00eatre d\u00e9plac\u00e9 vers le haut et vers le bas selon les besoins de cuisson, \u00e9quip\u00e9e d'un bac \u00e0 eau amovible.","robots":{"index":"index","follow":"follow","max-snippet":"max-snippet:-1","max-image-preview":"max-image-preview:large","max-video-preview":"max-video-preview:-1"},"canonical":"https:\/\/italiamachines.com\/en\/boutique\/restaurant-snack-et-pizzeria\/salamandre\/salamandre-gaz-reglable\/","og_locale":"en_US","og_type":"article","og_title":"Salamandre \u00e0 gaz - par Empero | Italia Machines maroc","og_description":"syst\u00e8me de chauffage r\u00e9glable pouvant \u00eatre d\u00e9plac\u00e9 vers le haut et vers le bas selon les besoins de cuisson, \u00e9quip\u00e9e d'un bac \u00e0 eau amovible.","og_url":"https:\/\/italiamachines.com\/en\/boutique\/restaurant-snack-et-pizzeria\/salamandre\/salamandre-gaz-reglable\/","og_site_name":"Italia Machines","article_publisher":"https:\/\/web.facebook.com\/italiamachines\/","article_modified_time":"2024-09-29T20:50:14+00:00","og_image":[{"width":569,"height":581,"url":"https:\/\/italiamachines.com\/wp-content\/uploads\/2023\/07\/0DD338E1-3F09-4B37-A1C3-5B5F9B3AE849_1_201_a.jpeg","type":"image\/jpeg"}],"twitter_card":"summary_large_image","twitter_misc":{"Est. reading time":"1 minute"},"schema":{"@context":"https:\/\/schema.org","@graph":[{"@type":"WebPage","@id":"https:\/\/italiamachines.com\/boutique\/restaurant-snack-et-pizzeria\/salamandre\/salamandre-gaz-reglable\/","url":"https:\/\/italiamachines.com\/boutique\/restaurant-snack-et-pizzeria\/salamandre\/salamandre-gaz-reglable\/","name":"Salamandre \u00e0 gaz - par Empero | Italia Machines maroc","isPartOf":{"@id":"https:\/\/italiamachines.com\/#website"},"primaryImageOfPage":{"@id":"https:\/\/italiamachines.com\/boutique\/restaurant-snack-et-pizzeria\/salamandre\/salamandre-gaz-reglable\/#primaryimage"},"image":{"@id":"https:\/\/italiamachines.com\/boutique\/restaurant-snack-et-pizzeria\/salamandre\/salamandre-gaz-reglable\/#primaryimage"},"thumbnailUrl":"https:\/\/italiamachines.com\/wp-content\/uploads\/2023\/07\/0DD338E1-3F09-4B37-A1C3-5B5F9B3AE849_1_201_a.jpeg","datePublished":"2023-07-30T03:15:28+00:00","dateModified":"2024-09-29T20:50:14+00:00","description":"syst\u00e8me de chauffage r\u00e9glable pouvant \u00eatre d\u00e9plac\u00e9 vers le haut et vers le bas selon les besoins de cuisson, \u00e9quip\u00e9e d'un bac \u00e0 eau amovible.","breadcrumb":{"@id":"https:\/\/italiamachines.com\/boutique\/restaurant-snack-et-pizzeria\/salamandre\/salamandre-gaz-reglable\/#breadcrumb"},"inLanguage":"en-US","potentialAction":[{"@type":"ReadAction","target":["https:\/\/italiamachines.com\/boutique\/restaurant-snack-et-pizzeria\/salamandre\/salamandre-gaz-reglable\/"]}]},{"@type":"ImageObject","inLanguage":"en-US","@id":"https:\/\/italiamachines.com\/boutique\/restaurant-snack-et-pizzeria\/salamandre\/salamandre-gaz-reglable\/#primaryimage","url":"https:\/\/italiamachines.com\/wp-content\/uploads\/2023\/07\/0DD338E1-3F09-4B37-A1C3-5B5F9B3AE849_1_201_a.jpeg","contentUrl":"https:\/\/italiamachines.com\/wp-content\/uploads\/2023\/07\/0DD338E1-3F09-4B37-A1C3-5B5F9B3AE849_1_201_a.jpeg","width":569,"height":581,"caption":"salamandre gaz maroc"},{"@type":"BreadcrumbList","@id":"https:\/\/italiamachines.com\/boutique\/restaurant-snack-et-pizzeria\/salamandre\/salamandre-gaz-reglable\/#breadcrumb","itemListElement":[{"@type":"ListItem","position":1,"name":"Accueil","item":"https:\/\/italiamachines.com\/fr_fr\/"},{"@type":"ListItem","position":2,"name":"Boutique","item":"https:\/\/italiamachines.com\/boutique\/"},{"@type":"ListItem","position":3,"name":"Salamandre \u00e0 gaz &#8211; par Empero"}]},{"@type":"WebSite","@id":"https:\/\/italiamachines.com\/#website","url":"https:\/\/italiamachines.com\/","name":"Italia Machines","description":"L&#039;art de l&#039;\u00e9quipement HORECA","publisher":{"@id":"https:\/\/italiamachines.com\/#organization"},"potentialAction":[{"@type":"SearchAction","target":{"@type":"EntryPoint","urlTemplate":"https:\/\/italiamachines.com\/?s={search_term_string}"},"query-input":{"@type":"PropertyValueSpecification","valueRequired":true,"valueName":"search_term_string"}}],"inLanguage":"en-US"},{"@type":"Organization","@id":"https:\/\/italiamachines.com\/#organization","name":"italiamachines","url":"https:\/\/italiamachines.com\/","logo":{"@type":"ImageObject","inLanguage":"en-US","@id":"https:\/\/italiamachines.com\/#\/schema\/logo\/image\/","url":"https:\/\/italiamachines.com\/wp-content\/uploads\/2023\/08\/logo-web-1.png","contentUrl":"https:\/\/italiamachines.com\/wp-content\/uploads\/2023\/08\/logo-web-1.png","width":977,"height":254,"caption":"italiamachines"},"image":{"@id":"https:\/\/italiamachines.com\/#\/schema\/logo\/image\/"},"sameAs":["https:\/\/web.facebook.com\/italiamachines\/","https:\/\/www.instagram.com\/italia.machines\/"]}]}},"_links":{"self":[{"href":"https:\/\/italiamachines.com\/en\/wp-json\/wp\/v2\/product\/4554","targetHints":{"allow":["GET"]}}],"collection":[{"href":"https:\/\/italiamachines.com\/en\/wp-json\/wp\/v2\/product"}],"about":[{"href":"https:\/\/italiamachines.com\/en\/wp-json\/wp\/v2\/types\/product"}],"replies":[{"embeddable":true,"href":"https:\/\/italiamachines.com\/en\/wp-json\/wp\/v2\/comments?post=4554"}],"wp:featuredmedia":[{"embeddable":true,"href":"https:\/\/italiamachines.com\/en\/wp-json\/wp\/v2\/media\/6540"}],"wp:attachment":[{"href":"https:\/\/italiamachines.com\/en\/wp-json\/wp\/v2\/media?parent=4554"}],"wp:term":[{"taxonomy":"product_cat","embeddable":true,"href":"https:\/\/italiamachines.com\/en\/wp-json\/wp\/v2\/product_cat?post=4554"},{"taxonomy":"product_tag","embeddable":true,"href":"https:\/\/italiamachines.com\/en\/wp-json\/wp\/v2\/product_tag?post=4554"}],"curies":[{"name":"wp","href":"https:\/\/api.w.org\/{rel}","templated":true}]}}