{"id":4656,"date":"2023-07-30T03:26:47","date_gmt":"2023-07-30T03:26:47","guid":{"rendered":"https:\/\/prod.italiamachines.com\/product\/chauffe-frite-empero-electrique-dimensions-400x730x860\/"},"modified":"2024-09-24T00:17:34","modified_gmt":"2024-09-23T22:17:34","slug":"chauffe-frite-empero-electrique-dimensions-400x730x860","status":"publish","type":"product","link":"https:\/\/italiamachines.com\/en\/boutique\/restaurant-snack-et-pizzeria\/cuisson\/chauffe-frite\/chauffe-frite-empero-electrique-dimensions-400x730x860\/","title":{"rendered":"Chauffe frite \u00e9lectrique &#8211; Dimensions: 40x73x86 &#8211; par Empero"},"content":{"rendered":"<p>Caract\u00e9ristiques :<br \/>\nPoids net : 15 kg<br \/>\nType d&rsquo;\u00e9quipement : R\u00e9chauffe-pommes de terre<br \/>\nNombre de postes : 11<br \/>\nMat\u00e9riau du bo\u00eetier : Acier inoxydable<br \/>\nMat\u00e9riau de la surface de travail : Acier inoxydable<br \/>\nMat\u00e9riau de la poign\u00e9e : Plastique<br \/>\nPuissance : 0,08 kW<br \/>\nTension d&rsquo;alimentation : 220 V<br \/>\nPanneau de contr\u00f4le : M\u00e9canique<br \/>\nDimensions : 400x700x285 mm<br \/>\nPays de fabrication : Turquie<br \/>\nMode de temp\u00e9rature : 0&#8230;+70 \u00b0C<br \/>\nType d&rsquo;installation : Bureau<br \/>\nCouleur du bo\u00eetier : Gris<\/p>","protected":false},"excerpt":{"rendered":"<p>Caract\u00e9ristiques : Poids net : 15 kg Type d&rsquo;\u00e9quipement : R\u00e9chauffe-pommes de terre Nombre de postes : 11 Mat\u00e9riau du bo\u00eetier : Acier inoxydable Mat\u00e9riau de la surface de travail : Acier inoxydable Mat\u00e9riau de la poign\u00e9e : Plastique Puissance : 0,08 kW Tension d&rsquo;alimentation : 220 V Panneau de contr\u00f4le : M\u00e9canique Dimensions :&hellip;<\/p>","protected":false},"featured_media":8857,"comment_status":"open","ping_status":"closed","template":"","meta":[],"product_cat":[257,171,112],"product_tag":[],"class_list":{"0":"post-4656","1":"product","2":"type-product","3":"status-publish","4":"has-post-thumbnail","6":"product_cat-chauffe-frite","7":"product_cat-cuisson","8":"product_cat-restaurant-snack-et-pizzeria","10":"first","11":"instock","12":"shipping-taxable","13":"purchasable","14":"product-type-simple","15":"col-xs-6 col-sm-4","16":"col-md-3 col-lg-3","17":"un-4-cols"},"yoast_head":"<!-- This site is optimized with the Yoast SEO plugin v26.6 - https:\/\/yoast.com\/wordpress\/plugins\/seo\/ -->\n<title>Chauffe frite \u00e9lectrique - Dimensions: 40x73x86 - par Empero | Italia Machines<\/title>\n<meta name=\"robots\" content=\"index, follow, max-snippet:-1, max-image-preview:large, max-video-preview:-1\" \/>\n<link rel=\"canonical\" href=\"https:\/\/italiamachines.com\/en\/boutique\/restaurant-snack-et-pizzeria\/cuisson\/chauffe-frite\/chauffe-frite-empero-electrique-dimensions-400x730x860\/\" \/>\n<meta property=\"og:locale\" content=\"en_US\" \/>\n<meta property=\"og:type\" content=\"article\" \/>\n<meta property=\"og:title\" content=\"Chauffe frite \u00e9lectrique - Dimensions: 40x73x86 - par Empero | Italia Machines\" \/>\n<meta property=\"og:description\" content=\"Caract\u00e9ristiques : Poids net : 15 kg Type d&rsquo;\u00e9quipement : R\u00e9chauffe-pommes de terre Nombre de postes : 11 Mat\u00e9riau du bo\u00eetier : Acier inoxydable Mat\u00e9riau de la surface de travail : Acier inoxydable Mat\u00e9riau de la poign\u00e9e : Plastique Puissance : 0,08 kW Tension d&rsquo;alimentation : 220 V Panneau de contr\u00f4le : M\u00e9canique Dimensions :&hellip;\" \/>\n<meta property=\"og:url\" content=\"https:\/\/italiamachines.com\/en\/boutique\/restaurant-snack-et-pizzeria\/cuisson\/chauffe-frite\/chauffe-frite-empero-electrique-dimensions-400x730x860\/\" \/>\n<meta property=\"og:site_name\" content=\"Italia Machines\" \/>\n<meta property=\"article:publisher\" content=\"https:\/\/web.facebook.com\/italiamachines\/\" \/>\n<meta property=\"article:modified_time\" content=\"2024-09-23T22:17:34+00:00\" \/>\n<meta property=\"og:image\" content=\"https:\/\/italiamachines.com\/wp-content\/uploads\/2023\/07\/EMP7DE010.jpg\" \/>\n\t<meta property=\"og:image:width\" content=\"400\" \/>\n\t<meta property=\"og:image:height\" content=\"400\" \/>\n\t<meta property=\"og:image:type\" content=\"image\/jpeg\" \/>\n<meta name=\"twitter:card\" content=\"summary_large_image\" \/>\n<meta name=\"twitter:label1\" content=\"Est. reading time\" \/>\n\t<meta name=\"twitter:data1\" content=\"1 minute\" \/>\n<script type=\"application\/ld+json\" class=\"yoast-schema-graph\">{\"@context\":\"https:\/\/schema.org\",\"@graph\":[{\"@type\":\"WebPage\",\"@id\":\"https:\/\/italiamachines.com\/boutique\/restaurant-snack-et-pizzeria\/cuisson\/chauffe-frite\/chauffe-frite-empero-electrique-dimensions-400x730x860\/\",\"url\":\"https:\/\/italiamachines.com\/boutique\/restaurant-snack-et-pizzeria\/cuisson\/chauffe-frite\/chauffe-frite-empero-electrique-dimensions-400x730x860\/\",\"name\":\"Chauffe frite \u00e9lectrique - Dimensions: 40x73x86 - par Empero | Italia Machines\",\"isPartOf\":{\"@id\":\"https:\/\/italiamachines.com\/#website\"},\"primaryImageOfPage\":{\"@id\":\"https:\/\/italiamachines.com\/boutique\/restaurant-snack-et-pizzeria\/cuisson\/chauffe-frite\/chauffe-frite-empero-electrique-dimensions-400x730x860\/#primaryimage\"},\"image\":{\"@id\":\"https:\/\/italiamachines.com\/boutique\/restaurant-snack-et-pizzeria\/cuisson\/chauffe-frite\/chauffe-frite-empero-electrique-dimensions-400x730x860\/#primaryimage\"},\"thumbnailUrl\":\"https:\/\/italiamachines.com\/wp-content\/uploads\/2023\/07\/EMP7DE010.jpg\",\"datePublished\":\"2023-07-30T03:26:47+00:00\",\"dateModified\":\"2024-09-23T22:17:34+00:00\",\"breadcrumb\":{\"@id\":\"https:\/\/italiamachines.com\/boutique\/restaurant-snack-et-pizzeria\/cuisson\/chauffe-frite\/chauffe-frite-empero-electrique-dimensions-400x730x860\/#breadcrumb\"},\"inLanguage\":\"en-US\",\"potentialAction\":[{\"@type\":\"ReadAction\",\"target\":[\"https:\/\/italiamachines.com\/boutique\/restaurant-snack-et-pizzeria\/cuisson\/chauffe-frite\/chauffe-frite-empero-electrique-dimensions-400x730x860\/\"]}]},{\"@type\":\"ImageObject\",\"inLanguage\":\"en-US\",\"@id\":\"https:\/\/italiamachines.com\/boutique\/restaurant-snack-et-pizzeria\/cuisson\/chauffe-frite\/chauffe-frite-empero-electrique-dimensions-400x730x860\/#primaryimage\",\"url\":\"https:\/\/italiamachines.com\/wp-content\/uploads\/2023\/07\/EMP7DE010.jpg\",\"contentUrl\":\"https:\/\/italiamachines.com\/wp-content\/uploads\/2023\/07\/EMP7DE010.jpg\",\"width\":400,\"height\":400},{\"@type\":\"BreadcrumbList\",\"@id\":\"https:\/\/italiamachines.com\/boutique\/restaurant-snack-et-pizzeria\/cuisson\/chauffe-frite\/chauffe-frite-empero-electrique-dimensions-400x730x860\/#breadcrumb\",\"itemListElement\":[{\"@type\":\"ListItem\",\"position\":1,\"name\":\"Accueil\",\"item\":\"https:\/\/italiamachines.com\/fr_fr\/\"},{\"@type\":\"ListItem\",\"position\":2,\"name\":\"Boutique\",\"item\":\"https:\/\/italiamachines.com\/boutique\/\"},{\"@type\":\"ListItem\",\"position\":3,\"name\":\"Chauffe frite \u00e9lectrique &#8211; Dimensions: 40x73x86 &#8211; par Empero\"}]},{\"@type\":\"WebSite\",\"@id\":\"https:\/\/italiamachines.com\/#website\",\"url\":\"https:\/\/italiamachines.com\/\",\"name\":\"Italia Machines\",\"description\":\"L&#039;art de l&#039;\u00e9quipement HORECA\",\"publisher\":{\"@id\":\"https:\/\/italiamachines.com\/#organization\"},\"potentialAction\":[{\"@type\":\"SearchAction\",\"target\":{\"@type\":\"EntryPoint\",\"urlTemplate\":\"https:\/\/italiamachines.com\/?s={search_term_string}\"},\"query-input\":{\"@type\":\"PropertyValueSpecification\",\"valueRequired\":true,\"valueName\":\"search_term_string\"}}],\"inLanguage\":\"en-US\"},{\"@type\":\"Organization\",\"@id\":\"https:\/\/italiamachines.com\/#organization\",\"name\":\"italiamachines\",\"url\":\"https:\/\/italiamachines.com\/\",\"logo\":{\"@type\":\"ImageObject\",\"inLanguage\":\"en-US\",\"@id\":\"https:\/\/italiamachines.com\/#\/schema\/logo\/image\/\",\"url\":\"https:\/\/italiamachines.com\/wp-content\/uploads\/2023\/08\/logo-web-1.png\",\"contentUrl\":\"https:\/\/italiamachines.com\/wp-content\/uploads\/2023\/08\/logo-web-1.png\",\"width\":977,\"height\":254,\"caption\":\"italiamachines\"},\"image\":{\"@id\":\"https:\/\/italiamachines.com\/#\/schema\/logo\/image\/\"},\"sameAs\":[\"https:\/\/web.facebook.com\/italiamachines\/\",\"https:\/\/www.instagram.com\/italia.machines\/\"]}]}<\/script>\n<!-- \/ Yoast SEO plugin. -->","yoast_head_json":{"title":"Chauffe frite \u00e9lectrique - Dimensions: 40x73x86 - par Empero | Italia Machines","robots":{"index":"index","follow":"follow","max-snippet":"max-snippet:-1","max-image-preview":"max-image-preview:large","max-video-preview":"max-video-preview:-1"},"canonical":"https:\/\/italiamachines.com\/en\/boutique\/restaurant-snack-et-pizzeria\/cuisson\/chauffe-frite\/chauffe-frite-empero-electrique-dimensions-400x730x860\/","og_locale":"en_US","og_type":"article","og_title":"Chauffe frite \u00e9lectrique - Dimensions: 40x73x86 - par Empero | Italia Machines","og_description":"Caract\u00e9ristiques : Poids net : 15 kg Type d&rsquo;\u00e9quipement : R\u00e9chauffe-pommes de terre Nombre de postes : 11 Mat\u00e9riau du bo\u00eetier : Acier inoxydable Mat\u00e9riau de la surface de travail : Acier inoxydable Mat\u00e9riau de la poign\u00e9e : Plastique Puissance : 0,08 kW Tension d&rsquo;alimentation : 220 V Panneau de contr\u00f4le : M\u00e9canique Dimensions :&hellip;","og_url":"https:\/\/italiamachines.com\/en\/boutique\/restaurant-snack-et-pizzeria\/cuisson\/chauffe-frite\/chauffe-frite-empero-electrique-dimensions-400x730x860\/","og_site_name":"Italia Machines","article_publisher":"https:\/\/web.facebook.com\/italiamachines\/","article_modified_time":"2024-09-23T22:17:34+00:00","og_image":[{"width":400,"height":400,"url":"https:\/\/italiamachines.com\/wp-content\/uploads\/2023\/07\/EMP7DE010.jpg","type":"image\/jpeg"}],"twitter_card":"summary_large_image","twitter_misc":{"Est. reading time":"1 minute"},"schema":{"@context":"https:\/\/schema.org","@graph":[{"@type":"WebPage","@id":"https:\/\/italiamachines.com\/boutique\/restaurant-snack-et-pizzeria\/cuisson\/chauffe-frite\/chauffe-frite-empero-electrique-dimensions-400x730x860\/","url":"https:\/\/italiamachines.com\/boutique\/restaurant-snack-et-pizzeria\/cuisson\/chauffe-frite\/chauffe-frite-empero-electrique-dimensions-400x730x860\/","name":"Chauffe frite \u00e9lectrique - Dimensions: 40x73x86 - par Empero | Italia Machines","isPartOf":{"@id":"https:\/\/italiamachines.com\/#website"},"primaryImageOfPage":{"@id":"https:\/\/italiamachines.com\/boutique\/restaurant-snack-et-pizzeria\/cuisson\/chauffe-frite\/chauffe-frite-empero-electrique-dimensions-400x730x860\/#primaryimage"},"image":{"@id":"https:\/\/italiamachines.com\/boutique\/restaurant-snack-et-pizzeria\/cuisson\/chauffe-frite\/chauffe-frite-empero-electrique-dimensions-400x730x860\/#primaryimage"},"thumbnailUrl":"https:\/\/italiamachines.com\/wp-content\/uploads\/2023\/07\/EMP7DE010.jpg","datePublished":"2023-07-30T03:26:47+00:00","dateModified":"2024-09-23T22:17:34+00:00","breadcrumb":{"@id":"https:\/\/italiamachines.com\/boutique\/restaurant-snack-et-pizzeria\/cuisson\/chauffe-frite\/chauffe-frite-empero-electrique-dimensions-400x730x860\/#breadcrumb"},"inLanguage":"en-US","potentialAction":[{"@type":"ReadAction","target":["https:\/\/italiamachines.com\/boutique\/restaurant-snack-et-pizzeria\/cuisson\/chauffe-frite\/chauffe-frite-empero-electrique-dimensions-400x730x860\/"]}]},{"@type":"ImageObject","inLanguage":"en-US","@id":"https:\/\/italiamachines.com\/boutique\/restaurant-snack-et-pizzeria\/cuisson\/chauffe-frite\/chauffe-frite-empero-electrique-dimensions-400x730x860\/#primaryimage","url":"https:\/\/italiamachines.com\/wp-content\/uploads\/2023\/07\/EMP7DE010.jpg","contentUrl":"https:\/\/italiamachines.com\/wp-content\/uploads\/2023\/07\/EMP7DE010.jpg","width":400,"height":400},{"@type":"BreadcrumbList","@id":"https:\/\/italiamachines.com\/boutique\/restaurant-snack-et-pizzeria\/cuisson\/chauffe-frite\/chauffe-frite-empero-electrique-dimensions-400x730x860\/#breadcrumb","itemListElement":[{"@type":"ListItem","position":1,"name":"Accueil","item":"https:\/\/italiamachines.com\/fr_fr\/"},{"@type":"ListItem","position":2,"name":"Boutique","item":"https:\/\/italiamachines.com\/boutique\/"},{"@type":"ListItem","position":3,"name":"Chauffe frite \u00e9lectrique &#8211; Dimensions: 40x73x86 &#8211; par Empero"}]},{"@type":"WebSite","@id":"https:\/\/italiamachines.com\/#website","url":"https:\/\/italiamachines.com\/","name":"Italia Machines","description":"L&#039;art de l&#039;\u00e9quipement HORECA","publisher":{"@id":"https:\/\/italiamachines.com\/#organization"},"potentialAction":[{"@type":"SearchAction","target":{"@type":"EntryPoint","urlTemplate":"https:\/\/italiamachines.com\/?s={search_term_string}"},"query-input":{"@type":"PropertyValueSpecification","valueRequired":true,"valueName":"search_term_string"}}],"inLanguage":"en-US"},{"@type":"Organization","@id":"https:\/\/italiamachines.com\/#organization","name":"italiamachines","url":"https:\/\/italiamachines.com\/","logo":{"@type":"ImageObject","inLanguage":"en-US","@id":"https:\/\/italiamachines.com\/#\/schema\/logo\/image\/","url":"https:\/\/italiamachines.com\/wp-content\/uploads\/2023\/08\/logo-web-1.png","contentUrl":"https:\/\/italiamachines.com\/wp-content\/uploads\/2023\/08\/logo-web-1.png","width":977,"height":254,"caption":"italiamachines"},"image":{"@id":"https:\/\/italiamachines.com\/#\/schema\/logo\/image\/"},"sameAs":["https:\/\/web.facebook.com\/italiamachines\/","https:\/\/www.instagram.com\/italia.machines\/"]}]}},"_links":{"self":[{"href":"https:\/\/italiamachines.com\/en\/wp-json\/wp\/v2\/product\/4656","targetHints":{"allow":["GET"]}}],"collection":[{"href":"https:\/\/italiamachines.com\/en\/wp-json\/wp\/v2\/product"}],"about":[{"href":"https:\/\/italiamachines.com\/en\/wp-json\/wp\/v2\/types\/product"}],"replies":[{"embeddable":true,"href":"https:\/\/italiamachines.com\/en\/wp-json\/wp\/v2\/comments?post=4656"}],"wp:featuredmedia":[{"embeddable":true,"href":"https:\/\/italiamachines.com\/en\/wp-json\/wp\/v2\/media\/8857"}],"wp:attachment":[{"href":"https:\/\/italiamachines.com\/en\/wp-json\/wp\/v2\/media?parent=4656"}],"wp:term":[{"taxonomy":"product_cat","embeddable":true,"href":"https:\/\/italiamachines.com\/en\/wp-json\/wp\/v2\/product_cat?post=4656"},{"taxonomy":"product_tag","embeddable":true,"href":"https:\/\/italiamachines.com\/en\/wp-json\/wp\/v2\/product_tag?post=4656"}],"curies":[{"name":"wp","href":"https:\/\/api.w.org\/{rel}","templated":true}]}}