{"id":4791,"date":"2023-07-30T03:46:54","date_gmt":"2023-07-30T03:46:54","guid":{"rendered":"https:\/\/prod.italiamachines.com\/product\/plonge-empero-en-inox-2-cuves-a-droite-dimensions-1600x700x850-mm\/"},"modified":"2024-09-29T22:01:42","modified_gmt":"2024-09-29T20:01:42","slug":"plonge-empero-en-inox-2-cuves-a-droite-dimensions-1600x700x850-mm","status":"publish","type":"product","link":"https:\/\/italiamachines.com\/en\/boutique\/poissonerie\/plan-de-preparation\/plonge-pour-poissonerie\/plonge-empero-en-inox-2-cuves-a-droite-dimensions-1600x700x850-mm\/","title":{"rendered":"Plonge en acier inoxydable &#8211; 2 cuves \u00e0 droite ou \u00e0 gauche &#8211; par Empero"},"content":{"rendered":"<p>Plonge en acier inoxydable avec pieds renforc\u00e9s par un profil<br \/>\nDouble bac \u00e0 droite ou \u00e0 gauche<br \/>\nDosseret de 100 mm de hauteur<br \/>\nTrou pour la robinetterie entre les deux cuves<br \/>\nMat\u00e9riau : Acier inoxydable<\/p>","protected":false},"excerpt":{"rendered":"<p>Plonge en acier inoxydable avec pieds renforc\u00e9s par un profil Double bac \u00e0 droite ou \u00e0 gauche Dosseret de 100 mm de hauteur Trou pour la robinetterie entre les deux cuves Mat\u00e9riau : Acier inoxydable<\/p>","protected":false},"featured_media":4790,"comment_status":"open","ping_status":"closed","template":"","meta":[],"product_cat":[83,87,102,230,112,131,240,133],"product_tag":[],"class_list":{"0":"post-4791","1":"product","2":"type-product","3":"status-publish","4":"has-post-thumbnail","6":"product_cat-hygiene","7":"product_cat-laverie","8":"product_cat-plonge","9":"product_cat-plonge-pour-poissonerie","10":"product_cat-restaurant-snack-et-pizzeria","11":"product_cat-table-polyethylene","12":"product_cat-table-pour-poissonerie","13":"product_cat-table-sortie","15":"first","16":"instock","17":"shipping-taxable","18":"purchasable","19":"product-type-variable","20":"col-xs-6 col-sm-4","21":"col-md-3 col-lg-3","22":"un-4-cols"},"yoast_head":"<!-- This site is optimized with the Yoast SEO plugin v26.6 - https:\/\/yoast.com\/wordpress\/plugins\/seo\/ -->\n<title>Plonge en acier inoxydable - 2 cuves \u00e0 droite ou \u00e0 gauche - par Empero | Italia Machines<\/title>\n<meta name=\"robots\" content=\"index, follow, max-snippet:-1, max-image-preview:large, max-video-preview:-1\" \/>\n<link rel=\"canonical\" href=\"https:\/\/italiamachines.com\/en\/boutique\/poissonerie\/plan-de-preparation\/plonge-pour-poissonerie\/plonge-empero-en-inox-2-cuves-a-droite-dimensions-1600x700x850-mm\/\" \/>\n<meta property=\"og:locale\" content=\"en_US\" \/>\n<meta property=\"og:type\" content=\"article\" \/>\n<meta property=\"og:title\" content=\"Plonge en acier inoxydable - 2 cuves \u00e0 droite ou \u00e0 gauche - par Empero | Italia Machines\" \/>\n<meta property=\"og:description\" content=\"Plonge en acier inoxydable avec pieds renforc\u00e9s par un profil Double bac \u00e0 droite ou \u00e0 gauche Dosseret de 100 mm de hauteur Trou pour la robinetterie entre les deux cuves Mat\u00e9riau : Acier inoxydable\" \/>\n<meta property=\"og:url\" content=\"https:\/\/italiamachines.com\/en\/boutique\/poissonerie\/plan-de-preparation\/plonge-pour-poissonerie\/plonge-empero-en-inox-2-cuves-a-droite-dimensions-1600x700x850-mm\/\" \/>\n<meta property=\"og:site_name\" content=\"Italia Machines\" \/>\n<meta property=\"article:publisher\" content=\"https:\/\/web.facebook.com\/italiamachines\/\" \/>\n<meta property=\"article:modified_time\" content=\"2024-09-29T20:01:42+00:00\" \/>\n<meta property=\"og:image\" content=\"https:\/\/italiamachines.com\/wp-content\/uploads\/2023\/07\/EMPE71685-2ET-R.jpeg\" \/>\n\t<meta property=\"og:image:width\" content=\"800\" \/>\n\t<meta property=\"og:image:height\" content=\"800\" \/>\n\t<meta property=\"og:image:type\" content=\"image\/jpeg\" \/>\n<meta name=\"twitter:card\" content=\"summary_large_image\" \/>\n<meta name=\"twitter:label1\" content=\"Est. reading time\" \/>\n\t<meta name=\"twitter:data1\" content=\"1 minute\" \/>\n<script type=\"application\/ld+json\" class=\"yoast-schema-graph\">{\"@context\":\"https:\/\/schema.org\",\"@graph\":[{\"@type\":\"WebPage\",\"@id\":\"https:\/\/italiamachines.com\/boutique\/poissonerie\/plan-de-preparation\/plonge-pour-poissonerie\/plonge-empero-en-inox-2-cuves-a-droite-dimensions-1600x700x850-mm\/\",\"url\":\"https:\/\/italiamachines.com\/boutique\/poissonerie\/plan-de-preparation\/plonge-pour-poissonerie\/plonge-empero-en-inox-2-cuves-a-droite-dimensions-1600x700x850-mm\/\",\"name\":\"Plonge en acier inoxydable - 2 cuves \u00e0 droite ou \u00e0 gauche - par Empero | Italia Machines\",\"isPartOf\":{\"@id\":\"https:\/\/italiamachines.com\/#website\"},\"primaryImageOfPage\":{\"@id\":\"https:\/\/italiamachines.com\/boutique\/poissonerie\/plan-de-preparation\/plonge-pour-poissonerie\/plonge-empero-en-inox-2-cuves-a-droite-dimensions-1600x700x850-mm\/#primaryimage\"},\"image\":{\"@id\":\"https:\/\/italiamachines.com\/boutique\/poissonerie\/plan-de-preparation\/plonge-pour-poissonerie\/plonge-empero-en-inox-2-cuves-a-droite-dimensions-1600x700x850-mm\/#primaryimage\"},\"thumbnailUrl\":\"https:\/\/italiamachines.com\/wp-content\/uploads\/2023\/07\/EMPE71685-2ET-R.jpeg\",\"datePublished\":\"2023-07-30T03:46:54+00:00\",\"dateModified\":\"2024-09-29T20:01:42+00:00\",\"breadcrumb\":{\"@id\":\"https:\/\/italiamachines.com\/boutique\/poissonerie\/plan-de-preparation\/plonge-pour-poissonerie\/plonge-empero-en-inox-2-cuves-a-droite-dimensions-1600x700x850-mm\/#breadcrumb\"},\"inLanguage\":\"en-US\",\"potentialAction\":[{\"@type\":\"ReadAction\",\"target\":[\"https:\/\/italiamachines.com\/boutique\/poissonerie\/plan-de-preparation\/plonge-pour-poissonerie\/plonge-empero-en-inox-2-cuves-a-droite-dimensions-1600x700x850-mm\/\"]}]},{\"@type\":\"ImageObject\",\"inLanguage\":\"en-US\",\"@id\":\"https:\/\/italiamachines.com\/boutique\/poissonerie\/plan-de-preparation\/plonge-pour-poissonerie\/plonge-empero-en-inox-2-cuves-a-droite-dimensions-1600x700x850-mm\/#primaryimage\",\"url\":\"https:\/\/italiamachines.com\/wp-content\/uploads\/2023\/07\/EMPE71685-2ET-R.jpeg\",\"contentUrl\":\"https:\/\/italiamachines.com\/wp-content\/uploads\/2023\/07\/EMPE71685-2ET-R.jpeg\",\"width\":800,\"height\":800},{\"@type\":\"BreadcrumbList\",\"@id\":\"https:\/\/italiamachines.com\/boutique\/poissonerie\/plan-de-preparation\/plonge-pour-poissonerie\/plonge-empero-en-inox-2-cuves-a-droite-dimensions-1600x700x850-mm\/#breadcrumb\",\"itemListElement\":[{\"@type\":\"ListItem\",\"position\":1,\"name\":\"Accueil\",\"item\":\"https:\/\/italiamachines.com\/fr_fr\/\"},{\"@type\":\"ListItem\",\"position\":2,\"name\":\"Boutique\",\"item\":\"https:\/\/italiamachines.com\/boutique\/\"},{\"@type\":\"ListItem\",\"position\":3,\"name\":\"Plonge en acier inoxydable &#8211; 2 cuves \u00e0 droite ou \u00e0 gauche &#8211; par Empero\"}]},{\"@type\":\"WebSite\",\"@id\":\"https:\/\/italiamachines.com\/#website\",\"url\":\"https:\/\/italiamachines.com\/\",\"name\":\"Italia Machines\",\"description\":\"L&#039;art de l&#039;\u00e9quipement HORECA\",\"publisher\":{\"@id\":\"https:\/\/italiamachines.com\/#organization\"},\"potentialAction\":[{\"@type\":\"SearchAction\",\"target\":{\"@type\":\"EntryPoint\",\"urlTemplate\":\"https:\/\/italiamachines.com\/?s={search_term_string}\"},\"query-input\":{\"@type\":\"PropertyValueSpecification\",\"valueRequired\":true,\"valueName\":\"search_term_string\"}}],\"inLanguage\":\"en-US\"},{\"@type\":\"Organization\",\"@id\":\"https:\/\/italiamachines.com\/#organization\",\"name\":\"italiamachines\",\"url\":\"https:\/\/italiamachines.com\/\",\"logo\":{\"@type\":\"ImageObject\",\"inLanguage\":\"en-US\",\"@id\":\"https:\/\/italiamachines.com\/#\/schema\/logo\/image\/\",\"url\":\"https:\/\/italiamachines.com\/wp-content\/uploads\/2023\/08\/logo-web-1.png\",\"contentUrl\":\"https:\/\/italiamachines.com\/wp-content\/uploads\/2023\/08\/logo-web-1.png\",\"width\":977,\"height\":254,\"caption\":\"italiamachines\"},\"image\":{\"@id\":\"https:\/\/italiamachines.com\/#\/schema\/logo\/image\/\"},\"sameAs\":[\"https:\/\/web.facebook.com\/italiamachines\/\",\"https:\/\/www.instagram.com\/italia.machines\/\"]}]}<\/script>\n<!-- \/ Yoast SEO plugin. -->","yoast_head_json":{"title":"Plonge en acier inoxydable - 2 cuves \u00e0 droite ou \u00e0 gauche - par Empero | Italia Machines","robots":{"index":"index","follow":"follow","max-snippet":"max-snippet:-1","max-image-preview":"max-image-preview:large","max-video-preview":"max-video-preview:-1"},"canonical":"https:\/\/italiamachines.com\/en\/boutique\/poissonerie\/plan-de-preparation\/plonge-pour-poissonerie\/plonge-empero-en-inox-2-cuves-a-droite-dimensions-1600x700x850-mm\/","og_locale":"en_US","og_type":"article","og_title":"Plonge en acier inoxydable - 2 cuves \u00e0 droite ou \u00e0 gauche - par Empero | Italia Machines","og_description":"Plonge en acier inoxydable avec pieds renforc\u00e9s par un profil Double bac \u00e0 droite ou \u00e0 gauche Dosseret de 100 mm de hauteur Trou pour la robinetterie entre les deux cuves Mat\u00e9riau : Acier inoxydable","og_url":"https:\/\/italiamachines.com\/en\/boutique\/poissonerie\/plan-de-preparation\/plonge-pour-poissonerie\/plonge-empero-en-inox-2-cuves-a-droite-dimensions-1600x700x850-mm\/","og_site_name":"Italia Machines","article_publisher":"https:\/\/web.facebook.com\/italiamachines\/","article_modified_time":"2024-09-29T20:01:42+00:00","og_image":[{"width":800,"height":800,"url":"https:\/\/italiamachines.com\/wp-content\/uploads\/2023\/07\/EMPE71685-2ET-R.jpeg","type":"image\/jpeg"}],"twitter_card":"summary_large_image","twitter_misc":{"Est. reading time":"1 minute"},"schema":{"@context":"https:\/\/schema.org","@graph":[{"@type":"WebPage","@id":"https:\/\/italiamachines.com\/boutique\/poissonerie\/plan-de-preparation\/plonge-pour-poissonerie\/plonge-empero-en-inox-2-cuves-a-droite-dimensions-1600x700x850-mm\/","url":"https:\/\/italiamachines.com\/boutique\/poissonerie\/plan-de-preparation\/plonge-pour-poissonerie\/plonge-empero-en-inox-2-cuves-a-droite-dimensions-1600x700x850-mm\/","name":"Plonge en acier inoxydable - 2 cuves \u00e0 droite ou \u00e0 gauche - par Empero | Italia Machines","isPartOf":{"@id":"https:\/\/italiamachines.com\/#website"},"primaryImageOfPage":{"@id":"https:\/\/italiamachines.com\/boutique\/poissonerie\/plan-de-preparation\/plonge-pour-poissonerie\/plonge-empero-en-inox-2-cuves-a-droite-dimensions-1600x700x850-mm\/#primaryimage"},"image":{"@id":"https:\/\/italiamachines.com\/boutique\/poissonerie\/plan-de-preparation\/plonge-pour-poissonerie\/plonge-empero-en-inox-2-cuves-a-droite-dimensions-1600x700x850-mm\/#primaryimage"},"thumbnailUrl":"https:\/\/italiamachines.com\/wp-content\/uploads\/2023\/07\/EMPE71685-2ET-R.jpeg","datePublished":"2023-07-30T03:46:54+00:00","dateModified":"2024-09-29T20:01:42+00:00","breadcrumb":{"@id":"https:\/\/italiamachines.com\/boutique\/poissonerie\/plan-de-preparation\/plonge-pour-poissonerie\/plonge-empero-en-inox-2-cuves-a-droite-dimensions-1600x700x850-mm\/#breadcrumb"},"inLanguage":"en-US","potentialAction":[{"@type":"ReadAction","target":["https:\/\/italiamachines.com\/boutique\/poissonerie\/plan-de-preparation\/plonge-pour-poissonerie\/plonge-empero-en-inox-2-cuves-a-droite-dimensions-1600x700x850-mm\/"]}]},{"@type":"ImageObject","inLanguage":"en-US","@id":"https:\/\/italiamachines.com\/boutique\/poissonerie\/plan-de-preparation\/plonge-pour-poissonerie\/plonge-empero-en-inox-2-cuves-a-droite-dimensions-1600x700x850-mm\/#primaryimage","url":"https:\/\/italiamachines.com\/wp-content\/uploads\/2023\/07\/EMPE71685-2ET-R.jpeg","contentUrl":"https:\/\/italiamachines.com\/wp-content\/uploads\/2023\/07\/EMPE71685-2ET-R.jpeg","width":800,"height":800},{"@type":"BreadcrumbList","@id":"https:\/\/italiamachines.com\/boutique\/poissonerie\/plan-de-preparation\/plonge-pour-poissonerie\/plonge-empero-en-inox-2-cuves-a-droite-dimensions-1600x700x850-mm\/#breadcrumb","itemListElement":[{"@type":"ListItem","position":1,"name":"Accueil","item":"https:\/\/italiamachines.com\/fr_fr\/"},{"@type":"ListItem","position":2,"name":"Boutique","item":"https:\/\/italiamachines.com\/boutique\/"},{"@type":"ListItem","position":3,"name":"Plonge en acier inoxydable &#8211; 2 cuves \u00e0 droite ou \u00e0 gauche &#8211; par Empero"}]},{"@type":"WebSite","@id":"https:\/\/italiamachines.com\/#website","url":"https:\/\/italiamachines.com\/","name":"Italia Machines","description":"L&#039;art de l&#039;\u00e9quipement HORECA","publisher":{"@id":"https:\/\/italiamachines.com\/#organization"},"potentialAction":[{"@type":"SearchAction","target":{"@type":"EntryPoint","urlTemplate":"https:\/\/italiamachines.com\/?s={search_term_string}"},"query-input":{"@type":"PropertyValueSpecification","valueRequired":true,"valueName":"search_term_string"}}],"inLanguage":"en-US"},{"@type":"Organization","@id":"https:\/\/italiamachines.com\/#organization","name":"italiamachines","url":"https:\/\/italiamachines.com\/","logo":{"@type":"ImageObject","inLanguage":"en-US","@id":"https:\/\/italiamachines.com\/#\/schema\/logo\/image\/","url":"https:\/\/italiamachines.com\/wp-content\/uploads\/2023\/08\/logo-web-1.png","contentUrl":"https:\/\/italiamachines.com\/wp-content\/uploads\/2023\/08\/logo-web-1.png","width":977,"height":254,"caption":"italiamachines"},"image":{"@id":"https:\/\/italiamachines.com\/#\/schema\/logo\/image\/"},"sameAs":["https:\/\/web.facebook.com\/italiamachines\/","https:\/\/www.instagram.com\/italia.machines\/"]}]}},"_links":{"self":[{"href":"https:\/\/italiamachines.com\/en\/wp-json\/wp\/v2\/product\/4791","targetHints":{"allow":["GET"]}}],"collection":[{"href":"https:\/\/italiamachines.com\/en\/wp-json\/wp\/v2\/product"}],"about":[{"href":"https:\/\/italiamachines.com\/en\/wp-json\/wp\/v2\/types\/product"}],"replies":[{"embeddable":true,"href":"https:\/\/italiamachines.com\/en\/wp-json\/wp\/v2\/comments?post=4791"}],"wp:featuredmedia":[{"embeddable":true,"href":"https:\/\/italiamachines.com\/en\/wp-json\/wp\/v2\/media\/4790"}],"wp:attachment":[{"href":"https:\/\/italiamachines.com\/en\/wp-json\/wp\/v2\/media?parent=4791"}],"wp:term":[{"taxonomy":"product_cat","embeddable":true,"href":"https:\/\/italiamachines.com\/en\/wp-json\/wp\/v2\/product_cat?post=4791"},{"taxonomy":"product_tag","embeddable":true,"href":"https:\/\/italiamachines.com\/en\/wp-json\/wp\/v2\/product_tag?post=4791"}],"curies":[{"name":"wp","href":"https:\/\/api.w.org\/{rel}","templated":true}]}}