{"id":4806,"date":"2023-07-30T03:48:34","date_gmt":"2023-07-30T03:48:34","guid":{"rendered":"https:\/\/prod.italiamachines.com\/product\/armoire-de-fermentation-avec-porte-vitree-capacite-16-plaques-60x40-temperature-0-90c-avec-resistance-de-vapeur\/"},"modified":"2024-09-18T23:47:46","modified_gmt":"2024-09-18T21:47:46","slug":"armoire-de-fermentation-avec-porte-vitree-capacite-16-plaques-60x40-temperature-0-90c-avec-resistance-de-vapeur","status":"publish","type":"product","link":"https:\/\/italiamachines.com\/en\/boutique\/boulangerie-et-patisserie\/boulangerie\/fermentation-boulangerie\/armoire-de-fermentation\/armoire-de-fermentation-avec-porte-vitree-capacite-16-plaques-60x40-temperature-0-90c-avec-resistance-de-vapeur\/","title":{"rendered":"Armoire de fermentation avec porte vitr\u00e9e &#8211; Capacit\u00e9 8|16 plaques 60&#215;40"},"content":{"rendered":"<p>Armoire de fermentation individuelle professionnelle avec 8 ou 16 plateaux sur roulettes.<br \/>\nCARACT\u00c9RISTIQUES G\u00c9N\u00c9RALES :<br \/>\n&#8211; Temp\u00e9rature de fonctionnement : 0-90 \u00b0C.<br \/>\n&#8211; Capacit\u00e9 des plateaux : 8|16 (40&#215;60).<br \/>\n&#8211; R\u00e9gulation \u00e9lectronique de la temp\u00e9rature.<br \/>\n&#8211; R\u00e9sistance \u00e0 la vapeur.<br \/>\n&#8211; Corps en acier inoxydable.<\/p>","protected":false},"excerpt":{"rendered":"<p>Armoire de fermentation individuelle professionnelle avec 8 ou 16 plateaux sur roulettes. CARACT\u00c9RISTIQUES G\u00c9N\u00c9RALES : &#8211; Temp\u00e9rature de fonctionnement : 0-90 \u00b0C. &#8211; Capacit\u00e9 des plateaux : 8|16 (40&#215;60). &#8211; R\u00e9gulation \u00e9lectronique de la temp\u00e9rature. &#8211; R\u00e9sistance \u00e0 la vapeur. &#8211; Corps en acier inoxydable.<\/p>","protected":false},"featured_media":4805,"comment_status":"open","ping_status":"closed","template":"","meta":[],"product_cat":[248,154,184,186,97],"product_tag":[],"class_list":{"0":"post-4806","1":"product","2":"type-product","3":"status-publish","4":"has-post-thumbnail","6":"product_cat-armoire-de-fermentation","7":"product_cat-boulangerie","8":"product_cat-fermentation-boulangerie","9":"product_cat-fermentation-pour-patisserie","10":"product_cat-patisserie","12":"first","13":"instock","14":"shipping-taxable","15":"purchasable","16":"product-type-variable","17":"col-xs-6 col-sm-4","18":"col-md-3 col-lg-3","19":"un-4-cols"},"yoast_head":"<!-- This site is optimized with the Yoast SEO plugin v26.6 - https:\/\/yoast.com\/wordpress\/plugins\/seo\/ -->\n<title>Armoire de fermentation avec porte vitr\u00e9e - Capacit\u00e9 8|16 plaques 60x40 | Italia Machines<\/title>\n<meta name=\"robots\" content=\"index, follow, max-snippet:-1, max-image-preview:large, max-video-preview:-1\" \/>\n<link rel=\"canonical\" href=\"https:\/\/italiamachines.com\/en\/boutique\/boulangerie-et-patisserie\/boulangerie\/fermentation-boulangerie\/armoire-de-fermentation\/armoire-de-fermentation-avec-porte-vitree-capacite-16-plaques-60x40-temperature-0-90c-avec-resistance-de-vapeur\/\" \/>\n<meta property=\"og:locale\" content=\"en_US\" \/>\n<meta property=\"og:type\" content=\"article\" \/>\n<meta property=\"og:title\" content=\"Armoire de fermentation avec porte vitr\u00e9e - Capacit\u00e9 8|16 plaques 60x40 | Italia Machines\" \/>\n<meta property=\"og:description\" content=\"Armoire de fermentation individuelle professionnelle avec 8 ou 16 plateaux sur roulettes. CARACT\u00c9RISTIQUES G\u00c9N\u00c9RALES : &#8211; Temp\u00e9rature de fonctionnement : 0-90 \u00b0C. &#8211; Capacit\u00e9 des plateaux : 8|16 (40&#215;60). &#8211; R\u00e9gulation \u00e9lectronique de la temp\u00e9rature. &#8211; R\u00e9sistance \u00e0 la vapeur. &#8211; Corps en acier inoxydable.\" \/>\n<meta property=\"og:url\" content=\"https:\/\/italiamachines.com\/en\/boutique\/boulangerie-et-patisserie\/boulangerie\/fermentation-boulangerie\/armoire-de-fermentation\/armoire-de-fermentation-avec-porte-vitree-capacite-16-plaques-60x40-temperature-0-90c-avec-resistance-de-vapeur\/\" \/>\n<meta property=\"og:site_name\" content=\"Italia Machines\" \/>\n<meta property=\"article:publisher\" content=\"https:\/\/web.facebook.com\/italiamachines\/\" \/>\n<meta property=\"article:modified_time\" content=\"2024-09-18T21:47:46+00:00\" \/>\n<meta property=\"og:image\" content=\"https:\/\/italiamachines.com\/wp-content\/uploads\/2023\/07\/EMPMF20-1.jpeg\" \/>\n\t<meta property=\"og:image:width\" content=\"499\" \/>\n\t<meta property=\"og:image:height\" content=\"499\" \/>\n\t<meta property=\"og:image:type\" content=\"image\/jpeg\" \/>\n<meta name=\"twitter:card\" content=\"summary_large_image\" \/>\n<meta name=\"twitter:label1\" content=\"Est. reading time\" \/>\n\t<meta name=\"twitter:data1\" content=\"1 minute\" \/>\n<script type=\"application\/ld+json\" class=\"yoast-schema-graph\">{\"@context\":\"https:\/\/schema.org\",\"@graph\":[{\"@type\":\"WebPage\",\"@id\":\"https:\/\/italiamachines.com\/boutique\/boulangerie-et-patisserie\/boulangerie\/fermentation-boulangerie\/armoire-de-fermentation\/armoire-de-fermentation-avec-porte-vitree-capacite-16-plaques-60x40-temperature-0-90c-avec-resistance-de-vapeur\/\",\"url\":\"https:\/\/italiamachines.com\/boutique\/boulangerie-et-patisserie\/boulangerie\/fermentation-boulangerie\/armoire-de-fermentation\/armoire-de-fermentation-avec-porte-vitree-capacite-16-plaques-60x40-temperature-0-90c-avec-resistance-de-vapeur\/\",\"name\":\"Armoire de fermentation avec porte vitr\u00e9e - Capacit\u00e9 8|16 plaques 60x40 | Italia Machines\",\"isPartOf\":{\"@id\":\"https:\/\/italiamachines.com\/#website\"},\"primaryImageOfPage\":{\"@id\":\"https:\/\/italiamachines.com\/boutique\/boulangerie-et-patisserie\/boulangerie\/fermentation-boulangerie\/armoire-de-fermentation\/armoire-de-fermentation-avec-porte-vitree-capacite-16-plaques-60x40-temperature-0-90c-avec-resistance-de-vapeur\/#primaryimage\"},\"image\":{\"@id\":\"https:\/\/italiamachines.com\/boutique\/boulangerie-et-patisserie\/boulangerie\/fermentation-boulangerie\/armoire-de-fermentation\/armoire-de-fermentation-avec-porte-vitree-capacite-16-plaques-60x40-temperature-0-90c-avec-resistance-de-vapeur\/#primaryimage\"},\"thumbnailUrl\":\"https:\/\/italiamachines.com\/wp-content\/uploads\/2023\/07\/EMPMF20-1.jpeg\",\"datePublished\":\"2023-07-30T03:48:34+00:00\",\"dateModified\":\"2024-09-18T21:47:46+00:00\",\"breadcrumb\":{\"@id\":\"https:\/\/italiamachines.com\/boutique\/boulangerie-et-patisserie\/boulangerie\/fermentation-boulangerie\/armoire-de-fermentation\/armoire-de-fermentation-avec-porte-vitree-capacite-16-plaques-60x40-temperature-0-90c-avec-resistance-de-vapeur\/#breadcrumb\"},\"inLanguage\":\"en-US\",\"potentialAction\":[{\"@type\":\"ReadAction\",\"target\":[\"https:\/\/italiamachines.com\/boutique\/boulangerie-et-patisserie\/boulangerie\/fermentation-boulangerie\/armoire-de-fermentation\/armoire-de-fermentation-avec-porte-vitree-capacite-16-plaques-60x40-temperature-0-90c-avec-resistance-de-vapeur\/\"]}]},{\"@type\":\"ImageObject\",\"inLanguage\":\"en-US\",\"@id\":\"https:\/\/italiamachines.com\/boutique\/boulangerie-et-patisserie\/boulangerie\/fermentation-boulangerie\/armoire-de-fermentation\/armoire-de-fermentation-avec-porte-vitree-capacite-16-plaques-60x40-temperature-0-90c-avec-resistance-de-vapeur\/#primaryimage\",\"url\":\"https:\/\/italiamachines.com\/wp-content\/uploads\/2023\/07\/EMPMF20-1.jpeg\",\"contentUrl\":\"https:\/\/italiamachines.com\/wp-content\/uploads\/2023\/07\/EMPMF20-1.jpeg\",\"width\":499,\"height\":499},{\"@type\":\"BreadcrumbList\",\"@id\":\"https:\/\/italiamachines.com\/boutique\/boulangerie-et-patisserie\/boulangerie\/fermentation-boulangerie\/armoire-de-fermentation\/armoire-de-fermentation-avec-porte-vitree-capacite-16-plaques-60x40-temperature-0-90c-avec-resistance-de-vapeur\/#breadcrumb\",\"itemListElement\":[{\"@type\":\"ListItem\",\"position\":1,\"name\":\"Accueil\",\"item\":\"https:\/\/italiamachines.com\/fr_fr\/\"},{\"@type\":\"ListItem\",\"position\":2,\"name\":\"Boutique\",\"item\":\"https:\/\/italiamachines.com\/boutique\/\"},{\"@type\":\"ListItem\",\"position\":3,\"name\":\"Armoire de fermentation avec porte vitr\u00e9e &#8211; Capacit\u00e9 8|16 plaques 60&#215;40\"}]},{\"@type\":\"WebSite\",\"@id\":\"https:\/\/italiamachines.com\/#website\",\"url\":\"https:\/\/italiamachines.com\/\",\"name\":\"Italia Machines\",\"description\":\"L&#039;art de l&#039;\u00e9quipement HORECA\",\"publisher\":{\"@id\":\"https:\/\/italiamachines.com\/#organization\"},\"potentialAction\":[{\"@type\":\"SearchAction\",\"target\":{\"@type\":\"EntryPoint\",\"urlTemplate\":\"https:\/\/italiamachines.com\/?s={search_term_string}\"},\"query-input\":{\"@type\":\"PropertyValueSpecification\",\"valueRequired\":true,\"valueName\":\"search_term_string\"}}],\"inLanguage\":\"en-US\"},{\"@type\":\"Organization\",\"@id\":\"https:\/\/italiamachines.com\/#organization\",\"name\":\"italiamachines\",\"url\":\"https:\/\/italiamachines.com\/\",\"logo\":{\"@type\":\"ImageObject\",\"inLanguage\":\"en-US\",\"@id\":\"https:\/\/italiamachines.com\/#\/schema\/logo\/image\/\",\"url\":\"https:\/\/italiamachines.com\/wp-content\/uploads\/2023\/08\/logo-web-1.png\",\"contentUrl\":\"https:\/\/italiamachines.com\/wp-content\/uploads\/2023\/08\/logo-web-1.png\",\"width\":977,\"height\":254,\"caption\":\"italiamachines\"},\"image\":{\"@id\":\"https:\/\/italiamachines.com\/#\/schema\/logo\/image\/\"},\"sameAs\":[\"https:\/\/web.facebook.com\/italiamachines\/\",\"https:\/\/www.instagram.com\/italia.machines\/\"]}]}<\/script>\n<!-- \/ Yoast SEO plugin. -->","yoast_head_json":{"title":"Armoire de fermentation avec porte vitr\u00e9e - Capacit\u00e9 8|16 plaques 60x40 | Italia Machines","robots":{"index":"index","follow":"follow","max-snippet":"max-snippet:-1","max-image-preview":"max-image-preview:large","max-video-preview":"max-video-preview:-1"},"canonical":"https:\/\/italiamachines.com\/en\/boutique\/boulangerie-et-patisserie\/boulangerie\/fermentation-boulangerie\/armoire-de-fermentation\/armoire-de-fermentation-avec-porte-vitree-capacite-16-plaques-60x40-temperature-0-90c-avec-resistance-de-vapeur\/","og_locale":"en_US","og_type":"article","og_title":"Armoire de fermentation avec porte vitr\u00e9e - Capacit\u00e9 8|16 plaques 60x40 | Italia Machines","og_description":"Armoire de fermentation individuelle professionnelle avec 8 ou 16 plateaux sur roulettes. CARACT\u00c9RISTIQUES G\u00c9N\u00c9RALES : &#8211; Temp\u00e9rature de fonctionnement : 0-90 \u00b0C. &#8211; Capacit\u00e9 des plateaux : 8|16 (40&#215;60). &#8211; R\u00e9gulation \u00e9lectronique de la temp\u00e9rature. &#8211; R\u00e9sistance \u00e0 la vapeur. &#8211; Corps en acier inoxydable.","og_url":"https:\/\/italiamachines.com\/en\/boutique\/boulangerie-et-patisserie\/boulangerie\/fermentation-boulangerie\/armoire-de-fermentation\/armoire-de-fermentation-avec-porte-vitree-capacite-16-plaques-60x40-temperature-0-90c-avec-resistance-de-vapeur\/","og_site_name":"Italia Machines","article_publisher":"https:\/\/web.facebook.com\/italiamachines\/","article_modified_time":"2024-09-18T21:47:46+00:00","og_image":[{"width":499,"height":499,"url":"https:\/\/italiamachines.com\/wp-content\/uploads\/2023\/07\/EMPMF20-1.jpeg","type":"image\/jpeg"}],"twitter_card":"summary_large_image","twitter_misc":{"Est. reading time":"1 minute"},"schema":{"@context":"https:\/\/schema.org","@graph":[{"@type":"WebPage","@id":"https:\/\/italiamachines.com\/boutique\/boulangerie-et-patisserie\/boulangerie\/fermentation-boulangerie\/armoire-de-fermentation\/armoire-de-fermentation-avec-porte-vitree-capacite-16-plaques-60x40-temperature-0-90c-avec-resistance-de-vapeur\/","url":"https:\/\/italiamachines.com\/boutique\/boulangerie-et-patisserie\/boulangerie\/fermentation-boulangerie\/armoire-de-fermentation\/armoire-de-fermentation-avec-porte-vitree-capacite-16-plaques-60x40-temperature-0-90c-avec-resistance-de-vapeur\/","name":"Armoire de fermentation avec porte vitr\u00e9e - Capacit\u00e9 8|16 plaques 60x40 | Italia Machines","isPartOf":{"@id":"https:\/\/italiamachines.com\/#website"},"primaryImageOfPage":{"@id":"https:\/\/italiamachines.com\/boutique\/boulangerie-et-patisserie\/boulangerie\/fermentation-boulangerie\/armoire-de-fermentation\/armoire-de-fermentation-avec-porte-vitree-capacite-16-plaques-60x40-temperature-0-90c-avec-resistance-de-vapeur\/#primaryimage"},"image":{"@id":"https:\/\/italiamachines.com\/boutique\/boulangerie-et-patisserie\/boulangerie\/fermentation-boulangerie\/armoire-de-fermentation\/armoire-de-fermentation-avec-porte-vitree-capacite-16-plaques-60x40-temperature-0-90c-avec-resistance-de-vapeur\/#primaryimage"},"thumbnailUrl":"https:\/\/italiamachines.com\/wp-content\/uploads\/2023\/07\/EMPMF20-1.jpeg","datePublished":"2023-07-30T03:48:34+00:00","dateModified":"2024-09-18T21:47:46+00:00","breadcrumb":{"@id":"https:\/\/italiamachines.com\/boutique\/boulangerie-et-patisserie\/boulangerie\/fermentation-boulangerie\/armoire-de-fermentation\/armoire-de-fermentation-avec-porte-vitree-capacite-16-plaques-60x40-temperature-0-90c-avec-resistance-de-vapeur\/#breadcrumb"},"inLanguage":"en-US","potentialAction":[{"@type":"ReadAction","target":["https:\/\/italiamachines.com\/boutique\/boulangerie-et-patisserie\/boulangerie\/fermentation-boulangerie\/armoire-de-fermentation\/armoire-de-fermentation-avec-porte-vitree-capacite-16-plaques-60x40-temperature-0-90c-avec-resistance-de-vapeur\/"]}]},{"@type":"ImageObject","inLanguage":"en-US","@id":"https:\/\/italiamachines.com\/boutique\/boulangerie-et-patisserie\/boulangerie\/fermentation-boulangerie\/armoire-de-fermentation\/armoire-de-fermentation-avec-porte-vitree-capacite-16-plaques-60x40-temperature-0-90c-avec-resistance-de-vapeur\/#primaryimage","url":"https:\/\/italiamachines.com\/wp-content\/uploads\/2023\/07\/EMPMF20-1.jpeg","contentUrl":"https:\/\/italiamachines.com\/wp-content\/uploads\/2023\/07\/EMPMF20-1.jpeg","width":499,"height":499},{"@type":"BreadcrumbList","@id":"https:\/\/italiamachines.com\/boutique\/boulangerie-et-patisserie\/boulangerie\/fermentation-boulangerie\/armoire-de-fermentation\/armoire-de-fermentation-avec-porte-vitree-capacite-16-plaques-60x40-temperature-0-90c-avec-resistance-de-vapeur\/#breadcrumb","itemListElement":[{"@type":"ListItem","position":1,"name":"Accueil","item":"https:\/\/italiamachines.com\/fr_fr\/"},{"@type":"ListItem","position":2,"name":"Boutique","item":"https:\/\/italiamachines.com\/boutique\/"},{"@type":"ListItem","position":3,"name":"Armoire de fermentation avec porte vitr\u00e9e &#8211; Capacit\u00e9 8|16 plaques 60&#215;40"}]},{"@type":"WebSite","@id":"https:\/\/italiamachines.com\/#website","url":"https:\/\/italiamachines.com\/","name":"Italia Machines","description":"L&#039;art de l&#039;\u00e9quipement HORECA","publisher":{"@id":"https:\/\/italiamachines.com\/#organization"},"potentialAction":[{"@type":"SearchAction","target":{"@type":"EntryPoint","urlTemplate":"https:\/\/italiamachines.com\/?s={search_term_string}"},"query-input":{"@type":"PropertyValueSpecification","valueRequired":true,"valueName":"search_term_string"}}],"inLanguage":"en-US"},{"@type":"Organization","@id":"https:\/\/italiamachines.com\/#organization","name":"italiamachines","url":"https:\/\/italiamachines.com\/","logo":{"@type":"ImageObject","inLanguage":"en-US","@id":"https:\/\/italiamachines.com\/#\/schema\/logo\/image\/","url":"https:\/\/italiamachines.com\/wp-content\/uploads\/2023\/08\/logo-web-1.png","contentUrl":"https:\/\/italiamachines.com\/wp-content\/uploads\/2023\/08\/logo-web-1.png","width":977,"height":254,"caption":"italiamachines"},"image":{"@id":"https:\/\/italiamachines.com\/#\/schema\/logo\/image\/"},"sameAs":["https:\/\/web.facebook.com\/italiamachines\/","https:\/\/www.instagram.com\/italia.machines\/"]}]}},"_links":{"self":[{"href":"https:\/\/italiamachines.com\/en\/wp-json\/wp\/v2\/product\/4806","targetHints":{"allow":["GET"]}}],"collection":[{"href":"https:\/\/italiamachines.com\/en\/wp-json\/wp\/v2\/product"}],"about":[{"href":"https:\/\/italiamachines.com\/en\/wp-json\/wp\/v2\/types\/product"}],"replies":[{"embeddable":true,"href":"https:\/\/italiamachines.com\/en\/wp-json\/wp\/v2\/comments?post=4806"}],"wp:featuredmedia":[{"embeddable":true,"href":"https:\/\/italiamachines.com\/en\/wp-json\/wp\/v2\/media\/4805"}],"wp:attachment":[{"href":"https:\/\/italiamachines.com\/en\/wp-json\/wp\/v2\/media?parent=4806"}],"wp:term":[{"taxonomy":"product_cat","embeddable":true,"href":"https:\/\/italiamachines.com\/en\/wp-json\/wp\/v2\/product_cat?post=4806"},{"taxonomy":"product_tag","embeddable":true,"href":"https:\/\/italiamachines.com\/en\/wp-json\/wp\/v2\/product_tag?post=4806"}],"curies":[{"name":"wp","href":"https:\/\/api.w.org\/{rel}","templated":true}]}}