{"id":4812,"date":"2023-07-30T03:48:55","date_gmt":"2023-07-30T03:48:55","guid":{"rendered":"https:\/\/prod.italiamachines.com\/product\/four-professionnel-charcool-barbecue-temperature-500c-capacite-20-kg-h-de-viande-dimensions-890x825x648-1271-mm\/"},"modified":"2024-09-28T20:59:23","modified_gmt":"2024-09-28T18:59:23","slug":"four-professionnel-charcool-barbecue-temperature-500c-capacite-20-kg-h-de-viande-dimensions-890x825x648-1271-mm","status":"publish","type":"product","link":"https:\/\/italiamachines.com\/en\/boutique\/restaurant-snack-et-pizzeria\/four\/four-gastronomique\/four-professionnel-charcool-barbecue-temperature-500c-capacite-20-kg-h-de-viande-dimensions-890x825x648-1271-mm\/","title":{"rendered":"Four professionnel charbon (barbecue) &#8211; Temp\u00e9rature 500\u00b0C &#8211; Capacit\u00e9 20 kg\/h &#8211; Dimensions: 89x82x65\/127 cm"},"content":{"rendered":"<p>Combinaison parfaite : Allie les avantages d&rsquo;un barbecue et d&rsquo;un four pour des plats savoureux.<br \/>\n\u00c9conomie de charbon : \u00c9conomisez jusqu&rsquo;\u00e0 40 % de charbon par rapport aux grillades traditionnelles.<br \/>\nPermet une cuisson jusqu&rsquo;\u00e0 35 % plus rapide qu&rsquo;un grill classique.<br \/>\nConception unique \u00e9vitant la pr\u00e9sence de flammes \u00e0 l&rsquo;int\u00e9rieur, pr\u00e9venant les br\u00fblures des aliments.<br \/>\nExt\u00e9rieur en acier et Int\u00e9rieur en acier et fonte.<br \/>\nChambre de cuisson enti\u00e8rement isol\u00e9e.<br \/>\nIsolation brevet\u00e9e : R\u00e9duit la temp\u00e9rature ext\u00e9rieure du four d&rsquo;environ 60\u00baC, diminuant la consommation de charbon de 25 %.<br \/>\nPorte avec vitre mont\u00e9e sur charni\u00e8res.<br \/>\nGrande vitre haute temp\u00e9rature (750\u00b0C) pour une excellente visibilit\u00e9.<br \/>\nCollecteur de graisse int\u00e9gr\u00e9 comprend un tiroir amovible et un tiroir \u00e0 cendres.<br \/>\nThermom\u00e8tre analogique.<br \/>\nDispositif pare-feu int\u00e9gr\u00e9.<br \/>\nR\u00e9gulateur de flux d&rsquo;air int\u00e9gr\u00e9 dans la chemin\u00e9e.<br \/>\nPieds r\u00e9glables : Livr\u00e9 avec quatre pieds r\u00e9glables.<br \/>\nProduction : 20 kg\/h.<br \/>\nR\u00e9gulation : 6 niveaux de r\u00e9gulation, compatible avec le format GN 1\/1.<\/p>","protected":false},"excerpt":{"rendered":"<p>Combinaison parfaite : Allie les avantages d&rsquo;un barbecue et d&rsquo;un four pour des plats savoureux. \u00c9conomie de charbon : \u00c9conomisez jusqu&rsquo;\u00e0 40 % de charbon par rapport aux grillades traditionnelles. Permet une cuisson jusqu&rsquo;\u00e0 35 % plus rapide qu&rsquo;un grill classique. Conception unique \u00e9vitant la pr\u00e9sence de flammes \u00e0 l&rsquo;int\u00e9rieur, pr\u00e9venant les br\u00fblures des aliments.&hellip;<\/p>","protected":false},"featured_media":6523,"comment_status":"closed","ping_status":"closed","template":"","meta":[],"product_cat":[188,189,112],"product_tag":[],"class_list":{"0":"post-4812","1":"product","2":"type-product","3":"status-publish","4":"has-post-thumbnail","6":"product_cat-four","7":"product_cat-four-gastronomique","8":"product_cat-restaurant-snack-et-pizzeria","10":"first","11":"instock","12":"shipping-taxable","13":"purchasable","14":"product-type-simple","15":"col-xs-6 col-sm-4","16":"col-md-3 col-lg-3","17":"un-4-cols"},"yoast_head":"<!-- This site is optimized with the Yoast SEO plugin v26.6 - https:\/\/yoast.com\/wordpress\/plugins\/seo\/ -->\n<title>Four professionnel charbon (barbecue) - Temp\u00e9rature 500\u00b0C - Capacit\u00e9 20 kg\/h - Dimensions: 89x82x65\/127 cm | Italia Machines<\/title>\n<meta name=\"robots\" content=\"index, follow, max-snippet:-1, max-image-preview:large, max-video-preview:-1\" \/>\n<link rel=\"canonical\" href=\"https:\/\/italiamachines.com\/en\/boutique\/restaurant-snack-et-pizzeria\/four\/four-gastronomique\/four-professionnel-charcool-barbecue-temperature-500c-capacite-20-kg-h-de-viande-dimensions-890x825x648-1271-mm\/\" \/>\n<meta property=\"og:locale\" content=\"en_US\" \/>\n<meta property=\"og:type\" content=\"article\" \/>\n<meta property=\"og:title\" content=\"Four professionnel charbon (barbecue) - Temp\u00e9rature 500\u00b0C - Capacit\u00e9 20 kg\/h - Dimensions: 89x82x65\/127 cm | Italia Machines\" \/>\n<meta property=\"og:description\" content=\"Combinaison parfaite : Allie les avantages d&rsquo;un barbecue et d&rsquo;un four pour des plats savoureux. \u00c9conomie de charbon : \u00c9conomisez jusqu&rsquo;\u00e0 40 % de charbon par rapport aux grillades traditionnelles. Permet une cuisson jusqu&rsquo;\u00e0 35 % plus rapide qu&rsquo;un grill classique. Conception unique \u00e9vitant la pr\u00e9sence de flammes \u00e0 l&rsquo;int\u00e9rieur, pr\u00e9venant les br\u00fblures des aliments.&hellip;\" \/>\n<meta property=\"og:url\" content=\"https:\/\/italiamachines.com\/en\/boutique\/restaurant-snack-et-pizzeria\/four\/four-gastronomique\/four-professionnel-charcool-barbecue-temperature-500c-capacite-20-kg-h-de-viande-dimensions-890x825x648-1271-mm\/\" \/>\n<meta property=\"og:site_name\" content=\"Italia Machines\" \/>\n<meta property=\"article:publisher\" content=\"https:\/\/web.facebook.com\/italiamachines\/\" \/>\n<meta property=\"article:modified_time\" content=\"2024-09-28T18:59:23+00:00\" \/>\n<meta property=\"og:image\" content=\"https:\/\/italiamachines.com\/wp-content\/uploads\/2023\/07\/3C833A1D-7FD5-4EBE-9682-2693D134676C_4_5005_c-PhotoRoom.png-PhotoRoom.png\" \/>\n\t<meta property=\"og:image:width\" content=\"250\" \/>\n\t<meta property=\"og:image:height\" content=\"250\" \/>\n\t<meta property=\"og:image:type\" content=\"image\/png\" \/>\n<meta name=\"twitter:card\" content=\"summary_large_image\" \/>\n<meta name=\"twitter:label1\" content=\"Est. reading time\" \/>\n\t<meta name=\"twitter:data1\" content=\"1 minute\" \/>\n<script type=\"application\/ld+json\" class=\"yoast-schema-graph\">{\"@context\":\"https:\/\/schema.org\",\"@graph\":[{\"@type\":\"WebPage\",\"@id\":\"https:\/\/italiamachines.com\/boutique\/restaurant-snack-et-pizzeria\/four\/four-gastronomique\/four-professionnel-charcool-barbecue-temperature-500c-capacite-20-kg-h-de-viande-dimensions-890x825x648-1271-mm\/\",\"url\":\"https:\/\/italiamachines.com\/boutique\/restaurant-snack-et-pizzeria\/four\/four-gastronomique\/four-professionnel-charcool-barbecue-temperature-500c-capacite-20-kg-h-de-viande-dimensions-890x825x648-1271-mm\/\",\"name\":\"Four professionnel charbon (barbecue) - Temp\u00e9rature 500\u00b0C - Capacit\u00e9 20 kg\/h - Dimensions: 89x82x65\/127 cm | Italia Machines\",\"isPartOf\":{\"@id\":\"https:\/\/italiamachines.com\/#website\"},\"primaryImageOfPage\":{\"@id\":\"https:\/\/italiamachines.com\/boutique\/restaurant-snack-et-pizzeria\/four\/four-gastronomique\/four-professionnel-charcool-barbecue-temperature-500c-capacite-20-kg-h-de-viande-dimensions-890x825x648-1271-mm\/#primaryimage\"},\"image\":{\"@id\":\"https:\/\/italiamachines.com\/boutique\/restaurant-snack-et-pizzeria\/four\/four-gastronomique\/four-professionnel-charcool-barbecue-temperature-500c-capacite-20-kg-h-de-viande-dimensions-890x825x648-1271-mm\/#primaryimage\"},\"thumbnailUrl\":\"https:\/\/italiamachines.com\/wp-content\/uploads\/2023\/07\/3C833A1D-7FD5-4EBE-9682-2693D134676C_4_5005_c-PhotoRoom.png-PhotoRoom.png\",\"datePublished\":\"2023-07-30T03:48:55+00:00\",\"dateModified\":\"2024-09-28T18:59:23+00:00\",\"breadcrumb\":{\"@id\":\"https:\/\/italiamachines.com\/boutique\/restaurant-snack-et-pizzeria\/four\/four-gastronomique\/four-professionnel-charcool-barbecue-temperature-500c-capacite-20-kg-h-de-viande-dimensions-890x825x648-1271-mm\/#breadcrumb\"},\"inLanguage\":\"en-US\",\"potentialAction\":[{\"@type\":\"ReadAction\",\"target\":[\"https:\/\/italiamachines.com\/boutique\/restaurant-snack-et-pizzeria\/four\/four-gastronomique\/four-professionnel-charcool-barbecue-temperature-500c-capacite-20-kg-h-de-viande-dimensions-890x825x648-1271-mm\/\"]}]},{\"@type\":\"ImageObject\",\"inLanguage\":\"en-US\",\"@id\":\"https:\/\/italiamachines.com\/boutique\/restaurant-snack-et-pizzeria\/four\/four-gastronomique\/four-professionnel-charcool-barbecue-temperature-500c-capacite-20-kg-h-de-viande-dimensions-890x825x648-1271-mm\/#primaryimage\",\"url\":\"https:\/\/italiamachines.com\/wp-content\/uploads\/2023\/07\/3C833A1D-7FD5-4EBE-9682-2693D134676C_4_5005_c-PhotoRoom.png-PhotoRoom.png\",\"contentUrl\":\"https:\/\/italiamachines.com\/wp-content\/uploads\/2023\/07\/3C833A1D-7FD5-4EBE-9682-2693D134676C_4_5005_c-PhotoRoom.png-PhotoRoom.png\",\"width\":250,\"height\":250},{\"@type\":\"BreadcrumbList\",\"@id\":\"https:\/\/italiamachines.com\/boutique\/restaurant-snack-et-pizzeria\/four\/four-gastronomique\/four-professionnel-charcool-barbecue-temperature-500c-capacite-20-kg-h-de-viande-dimensions-890x825x648-1271-mm\/#breadcrumb\",\"itemListElement\":[{\"@type\":\"ListItem\",\"position\":1,\"name\":\"Accueil\",\"item\":\"https:\/\/italiamachines.com\/fr_fr\/\"},{\"@type\":\"ListItem\",\"position\":2,\"name\":\"Boutique\",\"item\":\"https:\/\/italiamachines.com\/boutique\/\"},{\"@type\":\"ListItem\",\"position\":3,\"name\":\"Four professionnel charbon (barbecue) &#8211; Temp\u00e9rature 500\u00b0C &#8211; Capacit\u00e9 20 kg\/h &#8211; Dimensions: 89x82x65\/127 cm\"}]},{\"@type\":\"WebSite\",\"@id\":\"https:\/\/italiamachines.com\/#website\",\"url\":\"https:\/\/italiamachines.com\/\",\"name\":\"Italia Machines\",\"description\":\"L&#039;art de l&#039;\u00e9quipement HORECA\",\"publisher\":{\"@id\":\"https:\/\/italiamachines.com\/#organization\"},\"potentialAction\":[{\"@type\":\"SearchAction\",\"target\":{\"@type\":\"EntryPoint\",\"urlTemplate\":\"https:\/\/italiamachines.com\/?s={search_term_string}\"},\"query-input\":{\"@type\":\"PropertyValueSpecification\",\"valueRequired\":true,\"valueName\":\"search_term_string\"}}],\"inLanguage\":\"en-US\"},{\"@type\":\"Organization\",\"@id\":\"https:\/\/italiamachines.com\/#organization\",\"name\":\"italiamachines\",\"url\":\"https:\/\/italiamachines.com\/\",\"logo\":{\"@type\":\"ImageObject\",\"inLanguage\":\"en-US\",\"@id\":\"https:\/\/italiamachines.com\/#\/schema\/logo\/image\/\",\"url\":\"https:\/\/italiamachines.com\/wp-content\/uploads\/2023\/08\/logo-web-1.png\",\"contentUrl\":\"https:\/\/italiamachines.com\/wp-content\/uploads\/2023\/08\/logo-web-1.png\",\"width\":977,\"height\":254,\"caption\":\"italiamachines\"},\"image\":{\"@id\":\"https:\/\/italiamachines.com\/#\/schema\/logo\/image\/\"},\"sameAs\":[\"https:\/\/web.facebook.com\/italiamachines\/\",\"https:\/\/www.instagram.com\/italia.machines\/\"]}]}<\/script>\n<!-- \/ Yoast SEO plugin. -->","yoast_head_json":{"title":"Four professionnel charbon (barbecue) - Temp\u00e9rature 500\u00b0C - Capacit\u00e9 20 kg\/h - Dimensions: 89x82x65\/127 cm | Italia Machines","robots":{"index":"index","follow":"follow","max-snippet":"max-snippet:-1","max-image-preview":"max-image-preview:large","max-video-preview":"max-video-preview:-1"},"canonical":"https:\/\/italiamachines.com\/en\/boutique\/restaurant-snack-et-pizzeria\/four\/four-gastronomique\/four-professionnel-charcool-barbecue-temperature-500c-capacite-20-kg-h-de-viande-dimensions-890x825x648-1271-mm\/","og_locale":"en_US","og_type":"article","og_title":"Four professionnel charbon (barbecue) - Temp\u00e9rature 500\u00b0C - Capacit\u00e9 20 kg\/h - Dimensions: 89x82x65\/127 cm | Italia Machines","og_description":"Combinaison parfaite : Allie les avantages d&rsquo;un barbecue et d&rsquo;un four pour des plats savoureux. \u00c9conomie de charbon : \u00c9conomisez jusqu&rsquo;\u00e0 40 % de charbon par rapport aux grillades traditionnelles. Permet une cuisson jusqu&rsquo;\u00e0 35 % plus rapide qu&rsquo;un grill classique. Conception unique \u00e9vitant la pr\u00e9sence de flammes \u00e0 l&rsquo;int\u00e9rieur, pr\u00e9venant les br\u00fblures des aliments.&hellip;","og_url":"https:\/\/italiamachines.com\/en\/boutique\/restaurant-snack-et-pizzeria\/four\/four-gastronomique\/four-professionnel-charcool-barbecue-temperature-500c-capacite-20-kg-h-de-viande-dimensions-890x825x648-1271-mm\/","og_site_name":"Italia Machines","article_publisher":"https:\/\/web.facebook.com\/italiamachines\/","article_modified_time":"2024-09-28T18:59:23+00:00","og_image":[{"width":250,"height":250,"url":"https:\/\/italiamachines.com\/wp-content\/uploads\/2023\/07\/3C833A1D-7FD5-4EBE-9682-2693D134676C_4_5005_c-PhotoRoom.png-PhotoRoom.png","type":"image\/png"}],"twitter_card":"summary_large_image","twitter_misc":{"Est. reading time":"1 minute"},"schema":{"@context":"https:\/\/schema.org","@graph":[{"@type":"WebPage","@id":"https:\/\/italiamachines.com\/boutique\/restaurant-snack-et-pizzeria\/four\/four-gastronomique\/four-professionnel-charcool-barbecue-temperature-500c-capacite-20-kg-h-de-viande-dimensions-890x825x648-1271-mm\/","url":"https:\/\/italiamachines.com\/boutique\/restaurant-snack-et-pizzeria\/four\/four-gastronomique\/four-professionnel-charcool-barbecue-temperature-500c-capacite-20-kg-h-de-viande-dimensions-890x825x648-1271-mm\/","name":"Four professionnel charbon (barbecue) - Temp\u00e9rature 500\u00b0C - Capacit\u00e9 20 kg\/h - Dimensions: 89x82x65\/127 cm | Italia Machines","isPartOf":{"@id":"https:\/\/italiamachines.com\/#website"},"primaryImageOfPage":{"@id":"https:\/\/italiamachines.com\/boutique\/restaurant-snack-et-pizzeria\/four\/four-gastronomique\/four-professionnel-charcool-barbecue-temperature-500c-capacite-20-kg-h-de-viande-dimensions-890x825x648-1271-mm\/#primaryimage"},"image":{"@id":"https:\/\/italiamachines.com\/boutique\/restaurant-snack-et-pizzeria\/four\/four-gastronomique\/four-professionnel-charcool-barbecue-temperature-500c-capacite-20-kg-h-de-viande-dimensions-890x825x648-1271-mm\/#primaryimage"},"thumbnailUrl":"https:\/\/italiamachines.com\/wp-content\/uploads\/2023\/07\/3C833A1D-7FD5-4EBE-9682-2693D134676C_4_5005_c-PhotoRoom.png-PhotoRoom.png","datePublished":"2023-07-30T03:48:55+00:00","dateModified":"2024-09-28T18:59:23+00:00","breadcrumb":{"@id":"https:\/\/italiamachines.com\/boutique\/restaurant-snack-et-pizzeria\/four\/four-gastronomique\/four-professionnel-charcool-barbecue-temperature-500c-capacite-20-kg-h-de-viande-dimensions-890x825x648-1271-mm\/#breadcrumb"},"inLanguage":"en-US","potentialAction":[{"@type":"ReadAction","target":["https:\/\/italiamachines.com\/boutique\/restaurant-snack-et-pizzeria\/four\/four-gastronomique\/four-professionnel-charcool-barbecue-temperature-500c-capacite-20-kg-h-de-viande-dimensions-890x825x648-1271-mm\/"]}]},{"@type":"ImageObject","inLanguage":"en-US","@id":"https:\/\/italiamachines.com\/boutique\/restaurant-snack-et-pizzeria\/four\/four-gastronomique\/four-professionnel-charcool-barbecue-temperature-500c-capacite-20-kg-h-de-viande-dimensions-890x825x648-1271-mm\/#primaryimage","url":"https:\/\/italiamachines.com\/wp-content\/uploads\/2023\/07\/3C833A1D-7FD5-4EBE-9682-2693D134676C_4_5005_c-PhotoRoom.png-PhotoRoom.png","contentUrl":"https:\/\/italiamachines.com\/wp-content\/uploads\/2023\/07\/3C833A1D-7FD5-4EBE-9682-2693D134676C_4_5005_c-PhotoRoom.png-PhotoRoom.png","width":250,"height":250},{"@type":"BreadcrumbList","@id":"https:\/\/italiamachines.com\/boutique\/restaurant-snack-et-pizzeria\/four\/four-gastronomique\/four-professionnel-charcool-barbecue-temperature-500c-capacite-20-kg-h-de-viande-dimensions-890x825x648-1271-mm\/#breadcrumb","itemListElement":[{"@type":"ListItem","position":1,"name":"Accueil","item":"https:\/\/italiamachines.com\/fr_fr\/"},{"@type":"ListItem","position":2,"name":"Boutique","item":"https:\/\/italiamachines.com\/boutique\/"},{"@type":"ListItem","position":3,"name":"Four professionnel charbon (barbecue) &#8211; Temp\u00e9rature 500\u00b0C &#8211; Capacit\u00e9 20 kg\/h &#8211; Dimensions: 89x82x65\/127 cm"}]},{"@type":"WebSite","@id":"https:\/\/italiamachines.com\/#website","url":"https:\/\/italiamachines.com\/","name":"Italia Machines","description":"L&#039;art de l&#039;\u00e9quipement HORECA","publisher":{"@id":"https:\/\/italiamachines.com\/#organization"},"potentialAction":[{"@type":"SearchAction","target":{"@type":"EntryPoint","urlTemplate":"https:\/\/italiamachines.com\/?s={search_term_string}"},"query-input":{"@type":"PropertyValueSpecification","valueRequired":true,"valueName":"search_term_string"}}],"inLanguage":"en-US"},{"@type":"Organization","@id":"https:\/\/italiamachines.com\/#organization","name":"italiamachines","url":"https:\/\/italiamachines.com\/","logo":{"@type":"ImageObject","inLanguage":"en-US","@id":"https:\/\/italiamachines.com\/#\/schema\/logo\/image\/","url":"https:\/\/italiamachines.com\/wp-content\/uploads\/2023\/08\/logo-web-1.png","contentUrl":"https:\/\/italiamachines.com\/wp-content\/uploads\/2023\/08\/logo-web-1.png","width":977,"height":254,"caption":"italiamachines"},"image":{"@id":"https:\/\/italiamachines.com\/#\/schema\/logo\/image\/"},"sameAs":["https:\/\/web.facebook.com\/italiamachines\/","https:\/\/www.instagram.com\/italia.machines\/"]}]}},"_links":{"self":[{"href":"https:\/\/italiamachines.com\/en\/wp-json\/wp\/v2\/product\/4812","targetHints":{"allow":["GET"]}}],"collection":[{"href":"https:\/\/italiamachines.com\/en\/wp-json\/wp\/v2\/product"}],"about":[{"href":"https:\/\/italiamachines.com\/en\/wp-json\/wp\/v2\/types\/product"}],"replies":[{"embeddable":true,"href":"https:\/\/italiamachines.com\/en\/wp-json\/wp\/v2\/comments?post=4812"}],"wp:featuredmedia":[{"embeddable":true,"href":"https:\/\/italiamachines.com\/en\/wp-json\/wp\/v2\/media\/6523"}],"wp:attachment":[{"href":"https:\/\/italiamachines.com\/en\/wp-json\/wp\/v2\/media?parent=4812"}],"wp:term":[{"taxonomy":"product_cat","embeddable":true,"href":"https:\/\/italiamachines.com\/en\/wp-json\/wp\/v2\/product_cat?post=4812"},{"taxonomy":"product_tag","embeddable":true,"href":"https:\/\/italiamachines.com\/en\/wp-json\/wp\/v2\/product_tag?post=4812"}],"curies":[{"name":"wp","href":"https:\/\/api.w.org\/{rel}","templated":true}]}}