{"id":4818,"date":"2023-07-30T03:49:45","date_gmt":"2023-07-30T03:49:45","guid":{"rendered":"https:\/\/prod.italiamachines.com\/product\/panier-a-vaisselle-pour-plats-dimensions-500x500x110-mm\/"},"modified":"2024-09-29T21:07:10","modified_gmt":"2024-09-29T19:07:10","slug":"panier-a-vaisselle-pour-plats-dimensions-500x500x110-mm","status":"publish","type":"product","link":"https:\/\/italiamachines.com\/en\/boutique\/accessoires\/panier-a-vaisselle-pour-plats-dimensions-500x500x110-mm\/","title":{"rendered":"Panier \u00e0 vaisselle pour plats &#8211; Dimensions: 50x50x11 cm"},"content":{"rendered":"<p>Panier lave vaisselle ouvert pour plats 500&#215;500 mm<br \/>\nPanier de lavage pour tous types de plateaux avec un c\u00f4t\u00e9 ouvert<br \/>\nId\u00e9al pour des grands plateaux de plus de 450 mm de longueur<br \/>\nEn polypropyl\u00e8ne rigide de qualit\u00e9 alimentaire<br \/>\nParois ajour\u00e9es maximisant l&rsquo;entr\u00e9e d&rsquo;eau pour une meilleure qualit\u00e9 de lavage<br \/>\nDimensions ext\u00e9rieures Lxlxh : 500 x 500 x 100 mm<\/p>","protected":false},"excerpt":{"rendered":"<p>Panier lave vaisselle ouvert pour plats 500&#215;500 mm Panier de lavage pour tous types de plateaux avec un c\u00f4t\u00e9 ouvert Id\u00e9al pour des grands plateaux de plus de 450 mm de longueur En polypropyl\u00e8ne rigide de qualit\u00e9 alimentaire Parois ajour\u00e9es maximisant l&rsquo;entr\u00e9e d&rsquo;eau pour une meilleure qualit\u00e9 de lavage Dimensions ext\u00e9rieures Lxlxh : 500 x&hellip;<\/p>","protected":false},"featured_media":6524,"comment_status":"closed","ping_status":"closed","template":"","meta":[],"product_cat":[57],"product_tag":[],"class_list":{"0":"post-4818","1":"product","2":"type-product","3":"status-publish","4":"has-post-thumbnail","6":"product_cat-accessoires","8":"first","9":"instock","10":"shipping-taxable","11":"purchasable","12":"product-type-simple","13":"col-xs-6 col-sm-4","14":"col-md-3 col-lg-3","15":"un-4-cols"},"yoast_head":"<!-- This site is optimized with the Yoast SEO plugin v26.6 - https:\/\/yoast.com\/wordpress\/plugins\/seo\/ -->\n<title>Panier \u00e0 vaisselle pour plats - Dimensions: 50x50x11 cm | Italia Machines<\/title>\n<meta name=\"robots\" content=\"index, follow, max-snippet:-1, max-image-preview:large, max-video-preview:-1\" \/>\n<link rel=\"canonical\" href=\"https:\/\/italiamachines.com\/en\/boutique\/accessoires\/panier-a-vaisselle-pour-plats-dimensions-500x500x110-mm\/\" \/>\n<meta property=\"og:locale\" content=\"en_US\" \/>\n<meta property=\"og:type\" content=\"article\" \/>\n<meta property=\"og:title\" content=\"Panier \u00e0 vaisselle pour plats - Dimensions: 50x50x11 cm | Italia Machines\" \/>\n<meta property=\"og:description\" content=\"Panier lave vaisselle ouvert pour plats 500&#215;500 mm Panier de lavage pour tous types de plateaux avec un c\u00f4t\u00e9 ouvert Id\u00e9al pour des grands plateaux de plus de 450 mm de longueur En polypropyl\u00e8ne rigide de qualit\u00e9 alimentaire Parois ajour\u00e9es maximisant l&rsquo;entr\u00e9e d&rsquo;eau pour une meilleure qualit\u00e9 de lavage Dimensions ext\u00e9rieures Lxlxh : 500 x&hellip;\" \/>\n<meta property=\"og:url\" content=\"https:\/\/italiamachines.com\/en\/boutique\/accessoires\/panier-a-vaisselle-pour-plats-dimensions-500x500x110-mm\/\" \/>\n<meta property=\"og:site_name\" content=\"Italia Machines\" \/>\n<meta property=\"article:publisher\" content=\"https:\/\/web.facebook.com\/italiamachines\/\" \/>\n<meta property=\"article:modified_time\" content=\"2024-09-29T19:07:10+00:00\" \/>\n<meta property=\"og:image\" content=\"https:\/\/italiamachines.com\/wp-content\/uploads\/2023\/07\/2228AC57-9BAC-4387-A54C-CB3F73858951_4_5005_c-1.jpeg\" \/>\n\t<meta property=\"og:image:width\" content=\"300\" \/>\n\t<meta property=\"og:image:height\" content=\"287\" \/>\n\t<meta property=\"og:image:type\" content=\"image\/jpeg\" \/>\n<meta name=\"twitter:card\" content=\"summary_large_image\" \/>\n<meta name=\"twitter:label1\" content=\"Est. reading time\" \/>\n\t<meta name=\"twitter:data1\" content=\"1 minute\" \/>\n<script type=\"application\/ld+json\" class=\"yoast-schema-graph\">{\"@context\":\"https:\/\/schema.org\",\"@graph\":[{\"@type\":\"WebPage\",\"@id\":\"https:\/\/italiamachines.com\/boutique\/accessoires\/panier-a-vaisselle-pour-plats-dimensions-500x500x110-mm\/\",\"url\":\"https:\/\/italiamachines.com\/boutique\/accessoires\/panier-a-vaisselle-pour-plats-dimensions-500x500x110-mm\/\",\"name\":\"Panier \u00e0 vaisselle pour plats - Dimensions: 50x50x11 cm | Italia Machines\",\"isPartOf\":{\"@id\":\"https:\/\/italiamachines.com\/#website\"},\"primaryImageOfPage\":{\"@id\":\"https:\/\/italiamachines.com\/boutique\/accessoires\/panier-a-vaisselle-pour-plats-dimensions-500x500x110-mm\/#primaryimage\"},\"image\":{\"@id\":\"https:\/\/italiamachines.com\/boutique\/accessoires\/panier-a-vaisselle-pour-plats-dimensions-500x500x110-mm\/#primaryimage\"},\"thumbnailUrl\":\"https:\/\/italiamachines.com\/wp-content\/uploads\/2023\/07\/2228AC57-9BAC-4387-A54C-CB3F73858951_4_5005_c-1.jpeg\",\"datePublished\":\"2023-07-30T03:49:45+00:00\",\"dateModified\":\"2024-09-29T19:07:10+00:00\",\"breadcrumb\":{\"@id\":\"https:\/\/italiamachines.com\/boutique\/accessoires\/panier-a-vaisselle-pour-plats-dimensions-500x500x110-mm\/#breadcrumb\"},\"inLanguage\":\"en-US\",\"potentialAction\":[{\"@type\":\"ReadAction\",\"target\":[\"https:\/\/italiamachines.com\/boutique\/accessoires\/panier-a-vaisselle-pour-plats-dimensions-500x500x110-mm\/\"]}]},{\"@type\":\"ImageObject\",\"inLanguage\":\"en-US\",\"@id\":\"https:\/\/italiamachines.com\/boutique\/accessoires\/panier-a-vaisselle-pour-plats-dimensions-500x500x110-mm\/#primaryimage\",\"url\":\"https:\/\/italiamachines.com\/wp-content\/uploads\/2023\/07\/2228AC57-9BAC-4387-A54C-CB3F73858951_4_5005_c-1.jpeg\",\"contentUrl\":\"https:\/\/italiamachines.com\/wp-content\/uploads\/2023\/07\/2228AC57-9BAC-4387-A54C-CB3F73858951_4_5005_c-1.jpeg\",\"width\":300,\"height\":287},{\"@type\":\"BreadcrumbList\",\"@id\":\"https:\/\/italiamachines.com\/boutique\/accessoires\/panier-a-vaisselle-pour-plats-dimensions-500x500x110-mm\/#breadcrumb\",\"itemListElement\":[{\"@type\":\"ListItem\",\"position\":1,\"name\":\"Accueil\",\"item\":\"https:\/\/italiamachines.com\/fr_fr\/\"},{\"@type\":\"ListItem\",\"position\":2,\"name\":\"Boutique\",\"item\":\"https:\/\/italiamachines.com\/boutique\/\"},{\"@type\":\"ListItem\",\"position\":3,\"name\":\"Panier \u00e0 vaisselle pour plats &#8211; Dimensions: 50x50x11 cm\"}]},{\"@type\":\"WebSite\",\"@id\":\"https:\/\/italiamachines.com\/#website\",\"url\":\"https:\/\/italiamachines.com\/\",\"name\":\"Italia Machines\",\"description\":\"L&#039;art de l&#039;\u00e9quipement HORECA\",\"publisher\":{\"@id\":\"https:\/\/italiamachines.com\/#organization\"},\"potentialAction\":[{\"@type\":\"SearchAction\",\"target\":{\"@type\":\"EntryPoint\",\"urlTemplate\":\"https:\/\/italiamachines.com\/?s={search_term_string}\"},\"query-input\":{\"@type\":\"PropertyValueSpecification\",\"valueRequired\":true,\"valueName\":\"search_term_string\"}}],\"inLanguage\":\"en-US\"},{\"@type\":\"Organization\",\"@id\":\"https:\/\/italiamachines.com\/#organization\",\"name\":\"italiamachines\",\"url\":\"https:\/\/italiamachines.com\/\",\"logo\":{\"@type\":\"ImageObject\",\"inLanguage\":\"en-US\",\"@id\":\"https:\/\/italiamachines.com\/#\/schema\/logo\/image\/\",\"url\":\"https:\/\/italiamachines.com\/wp-content\/uploads\/2023\/08\/logo-web-1.png\",\"contentUrl\":\"https:\/\/italiamachines.com\/wp-content\/uploads\/2023\/08\/logo-web-1.png\",\"width\":977,\"height\":254,\"caption\":\"italiamachines\"},\"image\":{\"@id\":\"https:\/\/italiamachines.com\/#\/schema\/logo\/image\/\"},\"sameAs\":[\"https:\/\/web.facebook.com\/italiamachines\/\",\"https:\/\/www.instagram.com\/italia.machines\/\"]}]}<\/script>\n<!-- \/ Yoast SEO plugin. -->","yoast_head_json":{"title":"Panier \u00e0 vaisselle pour plats - Dimensions: 50x50x11 cm | Italia Machines","robots":{"index":"index","follow":"follow","max-snippet":"max-snippet:-1","max-image-preview":"max-image-preview:large","max-video-preview":"max-video-preview:-1"},"canonical":"https:\/\/italiamachines.com\/en\/boutique\/accessoires\/panier-a-vaisselle-pour-plats-dimensions-500x500x110-mm\/","og_locale":"en_US","og_type":"article","og_title":"Panier \u00e0 vaisselle pour plats - Dimensions: 50x50x11 cm | Italia Machines","og_description":"Panier lave vaisselle ouvert pour plats 500&#215;500 mm Panier de lavage pour tous types de plateaux avec un c\u00f4t\u00e9 ouvert Id\u00e9al pour des grands plateaux de plus de 450 mm de longueur En polypropyl\u00e8ne rigide de qualit\u00e9 alimentaire Parois ajour\u00e9es maximisant l&rsquo;entr\u00e9e d&rsquo;eau pour une meilleure qualit\u00e9 de lavage Dimensions ext\u00e9rieures Lxlxh : 500 x&hellip;","og_url":"https:\/\/italiamachines.com\/en\/boutique\/accessoires\/panier-a-vaisselle-pour-plats-dimensions-500x500x110-mm\/","og_site_name":"Italia Machines","article_publisher":"https:\/\/web.facebook.com\/italiamachines\/","article_modified_time":"2024-09-29T19:07:10+00:00","og_image":[{"width":300,"height":287,"url":"https:\/\/italiamachines.com\/wp-content\/uploads\/2023\/07\/2228AC57-9BAC-4387-A54C-CB3F73858951_4_5005_c-1.jpeg","type":"image\/jpeg"}],"twitter_card":"summary_large_image","twitter_misc":{"Est. reading time":"1 minute"},"schema":{"@context":"https:\/\/schema.org","@graph":[{"@type":"WebPage","@id":"https:\/\/italiamachines.com\/boutique\/accessoires\/panier-a-vaisselle-pour-plats-dimensions-500x500x110-mm\/","url":"https:\/\/italiamachines.com\/boutique\/accessoires\/panier-a-vaisselle-pour-plats-dimensions-500x500x110-mm\/","name":"Panier \u00e0 vaisselle pour plats - Dimensions: 50x50x11 cm | Italia Machines","isPartOf":{"@id":"https:\/\/italiamachines.com\/#website"},"primaryImageOfPage":{"@id":"https:\/\/italiamachines.com\/boutique\/accessoires\/panier-a-vaisselle-pour-plats-dimensions-500x500x110-mm\/#primaryimage"},"image":{"@id":"https:\/\/italiamachines.com\/boutique\/accessoires\/panier-a-vaisselle-pour-plats-dimensions-500x500x110-mm\/#primaryimage"},"thumbnailUrl":"https:\/\/italiamachines.com\/wp-content\/uploads\/2023\/07\/2228AC57-9BAC-4387-A54C-CB3F73858951_4_5005_c-1.jpeg","datePublished":"2023-07-30T03:49:45+00:00","dateModified":"2024-09-29T19:07:10+00:00","breadcrumb":{"@id":"https:\/\/italiamachines.com\/boutique\/accessoires\/panier-a-vaisselle-pour-plats-dimensions-500x500x110-mm\/#breadcrumb"},"inLanguage":"en-US","potentialAction":[{"@type":"ReadAction","target":["https:\/\/italiamachines.com\/boutique\/accessoires\/panier-a-vaisselle-pour-plats-dimensions-500x500x110-mm\/"]}]},{"@type":"ImageObject","inLanguage":"en-US","@id":"https:\/\/italiamachines.com\/boutique\/accessoires\/panier-a-vaisselle-pour-plats-dimensions-500x500x110-mm\/#primaryimage","url":"https:\/\/italiamachines.com\/wp-content\/uploads\/2023\/07\/2228AC57-9BAC-4387-A54C-CB3F73858951_4_5005_c-1.jpeg","contentUrl":"https:\/\/italiamachines.com\/wp-content\/uploads\/2023\/07\/2228AC57-9BAC-4387-A54C-CB3F73858951_4_5005_c-1.jpeg","width":300,"height":287},{"@type":"BreadcrumbList","@id":"https:\/\/italiamachines.com\/boutique\/accessoires\/panier-a-vaisselle-pour-plats-dimensions-500x500x110-mm\/#breadcrumb","itemListElement":[{"@type":"ListItem","position":1,"name":"Accueil","item":"https:\/\/italiamachines.com\/fr_fr\/"},{"@type":"ListItem","position":2,"name":"Boutique","item":"https:\/\/italiamachines.com\/boutique\/"},{"@type":"ListItem","position":3,"name":"Panier \u00e0 vaisselle pour plats &#8211; Dimensions: 50x50x11 cm"}]},{"@type":"WebSite","@id":"https:\/\/italiamachines.com\/#website","url":"https:\/\/italiamachines.com\/","name":"Italia Machines","description":"L&#039;art de l&#039;\u00e9quipement HORECA","publisher":{"@id":"https:\/\/italiamachines.com\/#organization"},"potentialAction":[{"@type":"SearchAction","target":{"@type":"EntryPoint","urlTemplate":"https:\/\/italiamachines.com\/?s={search_term_string}"},"query-input":{"@type":"PropertyValueSpecification","valueRequired":true,"valueName":"search_term_string"}}],"inLanguage":"en-US"},{"@type":"Organization","@id":"https:\/\/italiamachines.com\/#organization","name":"italiamachines","url":"https:\/\/italiamachines.com\/","logo":{"@type":"ImageObject","inLanguage":"en-US","@id":"https:\/\/italiamachines.com\/#\/schema\/logo\/image\/","url":"https:\/\/italiamachines.com\/wp-content\/uploads\/2023\/08\/logo-web-1.png","contentUrl":"https:\/\/italiamachines.com\/wp-content\/uploads\/2023\/08\/logo-web-1.png","width":977,"height":254,"caption":"italiamachines"},"image":{"@id":"https:\/\/italiamachines.com\/#\/schema\/logo\/image\/"},"sameAs":["https:\/\/web.facebook.com\/italiamachines\/","https:\/\/www.instagram.com\/italia.machines\/"]}]}},"_links":{"self":[{"href":"https:\/\/italiamachines.com\/en\/wp-json\/wp\/v2\/product\/4818","targetHints":{"allow":["GET"]}}],"collection":[{"href":"https:\/\/italiamachines.com\/en\/wp-json\/wp\/v2\/product"}],"about":[{"href":"https:\/\/italiamachines.com\/en\/wp-json\/wp\/v2\/types\/product"}],"replies":[{"embeddable":true,"href":"https:\/\/italiamachines.com\/en\/wp-json\/wp\/v2\/comments?post=4818"}],"wp:featuredmedia":[{"embeddable":true,"href":"https:\/\/italiamachines.com\/en\/wp-json\/wp\/v2\/media\/6524"}],"wp:attachment":[{"href":"https:\/\/italiamachines.com\/en\/wp-json\/wp\/v2\/media?parent=4818"}],"wp:term":[{"taxonomy":"product_cat","embeddable":true,"href":"https:\/\/italiamachines.com\/en\/wp-json\/wp\/v2\/product_cat?post=4818"},{"taxonomy":"product_tag","embeddable":true,"href":"https:\/\/italiamachines.com\/en\/wp-json\/wp\/v2\/product_tag?post=4818"}],"curies":[{"name":"wp","href":"https:\/\/api.w.org\/{rel}","templated":true}]}}