{"id":4921,"date":"2023-07-30T04:00:11","date_gmt":"2023-07-30T04:00:11","guid":{"rendered":"https:\/\/prod.italiamachines.com\/product\/armoire-refrigerateur-1400-lt-18c-22c-pour-patisserie-capacite-36-plaques-600-x-400-par-isa-italie\/"},"modified":"2024-09-19T00:17:59","modified_gmt":"2024-09-18T22:17:59","slug":"armoire-refrigerateur-1400-lt-18c-22c-pour-patisserie-capacite-36-plaques-600-x-400-par-isa-italie","status":"publish","type":"product","link":"https:\/\/italiamachines.com\/en\/boutique\/boulangerie-et-patisserie\/patisserie\/froid-et-conservation-pour-patisserie\/armoire-pour-conservation\/armoire-refrigerateur-1400-lt-18c-22c-pour-patisserie-capacite-36-plaques-600-x-400-par-isa-italie\/","title":{"rendered":"Armoire r\u00e9frig\u00e9rateur pour p\u00e2tisserie &#8211; plaques 60&#215;40 &#8211; par Isa Italie"},"content":{"rendered":"<p>&#8211; Finitions int\u00e9rieures enti\u00e8rement en acier inoxydable AISI 304 pour une hygi\u00e8ne maximale<br \/>\n&#8211; Angles int\u00e9rieurs arrondis et structure de support de plateau amovible pour un nettoyage facile<br \/>\n&#8211; Portes \u00e9quip\u00e9es d&rsquo;une serrure, dispositif magn\u00e9tique et ressort de retour pour une fermeture herm\u00e9tique<br \/>\n&#8211; Ventilateur s&rsquo;arr\u00eatant automatiquement \u00e0 l&rsquo;ouverture de la porte<br \/>\n&#8211; Portes r\u00e9versibles, ouverture \u00e0 180\u00b0 avec retenue \u00e0 90\u00b0<br \/>\n&#8211; R\u00e9glage des \u00e9tag\u00e8res par cr\u00e9maill\u00e8re<br \/>\n&#8211; Fonctionnement \u00e0 une temp\u00e9rature ambiante jusqu&rsquo;\u00e0 +43\u00b0C<br \/>\n&#8211; Versions de conservation avec r\u00e9sistances de d\u00e9givrage pour travailler \u00e0 des temp\u00e9ratures jusqu&rsquo;\u00e0 -2\u00b0C<br \/>\n&#8211; Isolation en polyur\u00e9thane \u00e9cologique (\u00e9paisseur : 60 mm) pour r\u00e9duire la dispersion thermique et optimiser les performances<br \/>\n&#8211; \u00c9clairage int\u00e9rieur<br \/>\n&#8211; Roues pour faciliter le d\u00e9placement<br \/>\n&#8211; Trois \u00e9tag\u00e8res GNG2\/1 par porte<\/p>","protected":false},"excerpt":{"rendered":"<p>&#8211; Finitions int\u00e9rieures enti\u00e8rement en acier inoxydable AISI 304 pour une hygi\u00e8ne maximale &#8211; Angles int\u00e9rieurs arrondis et structure de support de plateau amovible pour un nettoyage facile &#8211; Portes \u00e9quip\u00e9es d&rsquo;une serrure, dispositif magn\u00e9tique et ressort de retour pour une fermeture herm\u00e9tique &#8211; Ventilateur s&rsquo;arr\u00eatant automatiquement \u00e0 l&rsquo;ouverture de la porte &#8211; Portes r\u00e9versibles,&hellip;<\/p>","protected":false},"featured_media":7851,"comment_status":"closed","ping_status":"closed","template":"","meta":[],"product_cat":[147,249,251,71,200,201,97,112],"product_tag":[],"class_list":{"0":"post-4921","1":"product","2":"type-product","3":"status-publish","4":"has-post-thumbnail","6":"product_cat-armoire","7":"product_cat-armoire-pour-conservation","8":"product_cat-armoires-pour-restauration","9":"product_cat-froid-conservation","10":"product_cat-froid-conservation-pour-restauration","11":"product_cat-froid-et-conservation-pour-patisserie","12":"product_cat-patisserie","13":"product_cat-restaurant-snack-et-pizzeria","14":"pa_temparmoire-bassebt","15":"pa_temparmoire-normaletn","16":"pa_volumearmoire-14002-portes","17":"pa_volumearmoire-55","19":"first","20":"instock","21":"shipping-taxable","22":"purchasable","23":"product-type-variable","24":"col-xs-6 col-sm-4","25":"col-md-3 col-lg-3","26":"un-4-cols"},"yoast_head":"<!-- This site is optimized with the Yoast SEO plugin v26.6 - https:\/\/yoast.com\/wordpress\/plugins\/seo\/ -->\n<title>Armoire r\u00e9frig\u00e9rateur pour p\u00e2tisserie - plaques 60x40 - par Isa Italie | Italia Machines<\/title>\n<meta name=\"robots\" content=\"index, follow, max-snippet:-1, max-image-preview:large, max-video-preview:-1\" \/>\n<link rel=\"canonical\" href=\"https:\/\/italiamachines.com\/en\/boutique\/boulangerie-et-patisserie\/patisserie\/froid-et-conservation-pour-patisserie\/armoire-pour-conservation\/armoire-refrigerateur-1400-lt-18c-22c-pour-patisserie-capacite-36-plaques-600-x-400-par-isa-italie\/\" \/>\n<meta property=\"og:locale\" content=\"en_US\" \/>\n<meta property=\"og:type\" content=\"article\" \/>\n<meta property=\"og:title\" content=\"Armoire r\u00e9frig\u00e9rateur pour p\u00e2tisserie - plaques 60x40 - par Isa Italie | Italia Machines\" \/>\n<meta property=\"og:description\" content=\"&#8211; Finitions int\u00e9rieures enti\u00e8rement en acier inoxydable AISI 304 pour une hygi\u00e8ne maximale &#8211; Angles int\u00e9rieurs arrondis et structure de support de plateau amovible pour un nettoyage facile &#8211; Portes \u00e9quip\u00e9es d&rsquo;une serrure, dispositif magn\u00e9tique et ressort de retour pour une fermeture herm\u00e9tique &#8211; Ventilateur s&rsquo;arr\u00eatant automatiquement \u00e0 l&rsquo;ouverture de la porte &#8211; Portes r\u00e9versibles,&hellip;\" \/>\n<meta property=\"og:url\" content=\"https:\/\/italiamachines.com\/en\/boutique\/boulangerie-et-patisserie\/patisserie\/froid-et-conservation-pour-patisserie\/armoire-pour-conservation\/armoire-refrigerateur-1400-lt-18c-22c-pour-patisserie-capacite-36-plaques-600-x-400-par-isa-italie\/\" \/>\n<meta property=\"og:site_name\" content=\"Italia Machines\" \/>\n<meta property=\"article:publisher\" content=\"https:\/\/web.facebook.com\/italiamachines\/\" \/>\n<meta property=\"article:modified_time\" content=\"2024-09-18T22:17:59+00:00\" \/>\n<meta property=\"og:image\" content=\"https:\/\/italiamachines.com\/wp-content\/uploads\/2023\/07\/Armoireisa.jpg\" \/>\n\t<meta property=\"og:image:width\" content=\"384\" \/>\n\t<meta property=\"og:image:height\" content=\"384\" \/>\n\t<meta property=\"og:image:type\" content=\"image\/jpeg\" \/>\n<meta name=\"twitter:card\" content=\"summary_large_image\" \/>\n<meta name=\"twitter:label1\" content=\"Est. reading time\" \/>\n\t<meta name=\"twitter:data1\" content=\"1 minute\" \/>\n<script type=\"application\/ld+json\" class=\"yoast-schema-graph\">{\"@context\":\"https:\/\/schema.org\",\"@graph\":[{\"@type\":\"WebPage\",\"@id\":\"https:\/\/italiamachines.com\/boutique\/boulangerie-et-patisserie\/patisserie\/froid-et-conservation-pour-patisserie\/armoire-pour-conservation\/armoire-refrigerateur-1400-lt-18c-22c-pour-patisserie-capacite-36-plaques-600-x-400-par-isa-italie\/\",\"url\":\"https:\/\/italiamachines.com\/boutique\/boulangerie-et-patisserie\/patisserie\/froid-et-conservation-pour-patisserie\/armoire-pour-conservation\/armoire-refrigerateur-1400-lt-18c-22c-pour-patisserie-capacite-36-plaques-600-x-400-par-isa-italie\/\",\"name\":\"Armoire r\u00e9frig\u00e9rateur pour p\u00e2tisserie - plaques 60x40 - par Isa Italie | Italia Machines\",\"isPartOf\":{\"@id\":\"https:\/\/italiamachines.com\/#website\"},\"primaryImageOfPage\":{\"@id\":\"https:\/\/italiamachines.com\/boutique\/boulangerie-et-patisserie\/patisserie\/froid-et-conservation-pour-patisserie\/armoire-pour-conservation\/armoire-refrigerateur-1400-lt-18c-22c-pour-patisserie-capacite-36-plaques-600-x-400-par-isa-italie\/#primaryimage\"},\"image\":{\"@id\":\"https:\/\/italiamachines.com\/boutique\/boulangerie-et-patisserie\/patisserie\/froid-et-conservation-pour-patisserie\/armoire-pour-conservation\/armoire-refrigerateur-1400-lt-18c-22c-pour-patisserie-capacite-36-plaques-600-x-400-par-isa-italie\/#primaryimage\"},\"thumbnailUrl\":\"https:\/\/italiamachines.com\/wp-content\/uploads\/2023\/07\/Armoireisa.jpg\",\"datePublished\":\"2023-07-30T04:00:11+00:00\",\"dateModified\":\"2024-09-18T22:17:59+00:00\",\"breadcrumb\":{\"@id\":\"https:\/\/italiamachines.com\/boutique\/boulangerie-et-patisserie\/patisserie\/froid-et-conservation-pour-patisserie\/armoire-pour-conservation\/armoire-refrigerateur-1400-lt-18c-22c-pour-patisserie-capacite-36-plaques-600-x-400-par-isa-italie\/#breadcrumb\"},\"inLanguage\":\"en-US\",\"potentialAction\":[{\"@type\":\"ReadAction\",\"target\":[\"https:\/\/italiamachines.com\/boutique\/boulangerie-et-patisserie\/patisserie\/froid-et-conservation-pour-patisserie\/armoire-pour-conservation\/armoire-refrigerateur-1400-lt-18c-22c-pour-patisserie-capacite-36-plaques-600-x-400-par-isa-italie\/\"]}]},{\"@type\":\"ImageObject\",\"inLanguage\":\"en-US\",\"@id\":\"https:\/\/italiamachines.com\/boutique\/boulangerie-et-patisserie\/patisserie\/froid-et-conservation-pour-patisserie\/armoire-pour-conservation\/armoire-refrigerateur-1400-lt-18c-22c-pour-patisserie-capacite-36-plaques-600-x-400-par-isa-italie\/#primaryimage\",\"url\":\"https:\/\/italiamachines.com\/wp-content\/uploads\/2023\/07\/Armoireisa.jpg\",\"contentUrl\":\"https:\/\/italiamachines.com\/wp-content\/uploads\/2023\/07\/Armoireisa.jpg\",\"width\":384,\"height\":384},{\"@type\":\"BreadcrumbList\",\"@id\":\"https:\/\/italiamachines.com\/boutique\/boulangerie-et-patisserie\/patisserie\/froid-et-conservation-pour-patisserie\/armoire-pour-conservation\/armoire-refrigerateur-1400-lt-18c-22c-pour-patisserie-capacite-36-plaques-600-x-400-par-isa-italie\/#breadcrumb\",\"itemListElement\":[{\"@type\":\"ListItem\",\"position\":1,\"name\":\"Accueil\",\"item\":\"https:\/\/italiamachines.com\/fr_fr\/\"},{\"@type\":\"ListItem\",\"position\":2,\"name\":\"Boutique\",\"item\":\"https:\/\/italiamachines.com\/boutique\/\"},{\"@type\":\"ListItem\",\"position\":3,\"name\":\"Armoire r\u00e9frig\u00e9rateur pour p\u00e2tisserie &#8211; plaques 60&#215;40 &#8211; par Isa Italie\"}]},{\"@type\":\"WebSite\",\"@id\":\"https:\/\/italiamachines.com\/#website\",\"url\":\"https:\/\/italiamachines.com\/\",\"name\":\"Italia Machines\",\"description\":\"L&#039;art de l&#039;\u00e9quipement HORECA\",\"publisher\":{\"@id\":\"https:\/\/italiamachines.com\/#organization\"},\"potentialAction\":[{\"@type\":\"SearchAction\",\"target\":{\"@type\":\"EntryPoint\",\"urlTemplate\":\"https:\/\/italiamachines.com\/?s={search_term_string}\"},\"query-input\":{\"@type\":\"PropertyValueSpecification\",\"valueRequired\":true,\"valueName\":\"search_term_string\"}}],\"inLanguage\":\"en-US\"},{\"@type\":\"Organization\",\"@id\":\"https:\/\/italiamachines.com\/#organization\",\"name\":\"italiamachines\",\"url\":\"https:\/\/italiamachines.com\/\",\"logo\":{\"@type\":\"ImageObject\",\"inLanguage\":\"en-US\",\"@id\":\"https:\/\/italiamachines.com\/#\/schema\/logo\/image\/\",\"url\":\"https:\/\/italiamachines.com\/wp-content\/uploads\/2023\/08\/logo-web-1.png\",\"contentUrl\":\"https:\/\/italiamachines.com\/wp-content\/uploads\/2023\/08\/logo-web-1.png\",\"width\":977,\"height\":254,\"caption\":\"italiamachines\"},\"image\":{\"@id\":\"https:\/\/italiamachines.com\/#\/schema\/logo\/image\/\"},\"sameAs\":[\"https:\/\/web.facebook.com\/italiamachines\/\",\"https:\/\/www.instagram.com\/italia.machines\/\"]}]}<\/script>\n<!-- \/ Yoast SEO plugin. -->","yoast_head_json":{"title":"Armoire r\u00e9frig\u00e9rateur pour p\u00e2tisserie - plaques 60x40 - par Isa Italie | Italia Machines","robots":{"index":"index","follow":"follow","max-snippet":"max-snippet:-1","max-image-preview":"max-image-preview:large","max-video-preview":"max-video-preview:-1"},"canonical":"https:\/\/italiamachines.com\/en\/boutique\/boulangerie-et-patisserie\/patisserie\/froid-et-conservation-pour-patisserie\/armoire-pour-conservation\/armoire-refrigerateur-1400-lt-18c-22c-pour-patisserie-capacite-36-plaques-600-x-400-par-isa-italie\/","og_locale":"en_US","og_type":"article","og_title":"Armoire r\u00e9frig\u00e9rateur pour p\u00e2tisserie - plaques 60x40 - par Isa Italie | Italia Machines","og_description":"&#8211; Finitions int\u00e9rieures enti\u00e8rement en acier inoxydable AISI 304 pour une hygi\u00e8ne maximale &#8211; Angles int\u00e9rieurs arrondis et structure de support de plateau amovible pour un nettoyage facile &#8211; Portes \u00e9quip\u00e9es d&rsquo;une serrure, dispositif magn\u00e9tique et ressort de retour pour une fermeture herm\u00e9tique &#8211; Ventilateur s&rsquo;arr\u00eatant automatiquement \u00e0 l&rsquo;ouverture de la porte &#8211; Portes r\u00e9versibles,&hellip;","og_url":"https:\/\/italiamachines.com\/en\/boutique\/boulangerie-et-patisserie\/patisserie\/froid-et-conservation-pour-patisserie\/armoire-pour-conservation\/armoire-refrigerateur-1400-lt-18c-22c-pour-patisserie-capacite-36-plaques-600-x-400-par-isa-italie\/","og_site_name":"Italia Machines","article_publisher":"https:\/\/web.facebook.com\/italiamachines\/","article_modified_time":"2024-09-18T22:17:59+00:00","og_image":[{"width":384,"height":384,"url":"https:\/\/italiamachines.com\/wp-content\/uploads\/2023\/07\/Armoireisa.jpg","type":"image\/jpeg"}],"twitter_card":"summary_large_image","twitter_misc":{"Est. reading time":"1 minute"},"schema":{"@context":"https:\/\/schema.org","@graph":[{"@type":"WebPage","@id":"https:\/\/italiamachines.com\/boutique\/boulangerie-et-patisserie\/patisserie\/froid-et-conservation-pour-patisserie\/armoire-pour-conservation\/armoire-refrigerateur-1400-lt-18c-22c-pour-patisserie-capacite-36-plaques-600-x-400-par-isa-italie\/","url":"https:\/\/italiamachines.com\/boutique\/boulangerie-et-patisserie\/patisserie\/froid-et-conservation-pour-patisserie\/armoire-pour-conservation\/armoire-refrigerateur-1400-lt-18c-22c-pour-patisserie-capacite-36-plaques-600-x-400-par-isa-italie\/","name":"Armoire r\u00e9frig\u00e9rateur pour p\u00e2tisserie - plaques 60x40 - par Isa Italie | Italia Machines","isPartOf":{"@id":"https:\/\/italiamachines.com\/#website"},"primaryImageOfPage":{"@id":"https:\/\/italiamachines.com\/boutique\/boulangerie-et-patisserie\/patisserie\/froid-et-conservation-pour-patisserie\/armoire-pour-conservation\/armoire-refrigerateur-1400-lt-18c-22c-pour-patisserie-capacite-36-plaques-600-x-400-par-isa-italie\/#primaryimage"},"image":{"@id":"https:\/\/italiamachines.com\/boutique\/boulangerie-et-patisserie\/patisserie\/froid-et-conservation-pour-patisserie\/armoire-pour-conservation\/armoire-refrigerateur-1400-lt-18c-22c-pour-patisserie-capacite-36-plaques-600-x-400-par-isa-italie\/#primaryimage"},"thumbnailUrl":"https:\/\/italiamachines.com\/wp-content\/uploads\/2023\/07\/Armoireisa.jpg","datePublished":"2023-07-30T04:00:11+00:00","dateModified":"2024-09-18T22:17:59+00:00","breadcrumb":{"@id":"https:\/\/italiamachines.com\/boutique\/boulangerie-et-patisserie\/patisserie\/froid-et-conservation-pour-patisserie\/armoire-pour-conservation\/armoire-refrigerateur-1400-lt-18c-22c-pour-patisserie-capacite-36-plaques-600-x-400-par-isa-italie\/#breadcrumb"},"inLanguage":"en-US","potentialAction":[{"@type":"ReadAction","target":["https:\/\/italiamachines.com\/boutique\/boulangerie-et-patisserie\/patisserie\/froid-et-conservation-pour-patisserie\/armoire-pour-conservation\/armoire-refrigerateur-1400-lt-18c-22c-pour-patisserie-capacite-36-plaques-600-x-400-par-isa-italie\/"]}]},{"@type":"ImageObject","inLanguage":"en-US","@id":"https:\/\/italiamachines.com\/boutique\/boulangerie-et-patisserie\/patisserie\/froid-et-conservation-pour-patisserie\/armoire-pour-conservation\/armoire-refrigerateur-1400-lt-18c-22c-pour-patisserie-capacite-36-plaques-600-x-400-par-isa-italie\/#primaryimage","url":"https:\/\/italiamachines.com\/wp-content\/uploads\/2023\/07\/Armoireisa.jpg","contentUrl":"https:\/\/italiamachines.com\/wp-content\/uploads\/2023\/07\/Armoireisa.jpg","width":384,"height":384},{"@type":"BreadcrumbList","@id":"https:\/\/italiamachines.com\/boutique\/boulangerie-et-patisserie\/patisserie\/froid-et-conservation-pour-patisserie\/armoire-pour-conservation\/armoire-refrigerateur-1400-lt-18c-22c-pour-patisserie-capacite-36-plaques-600-x-400-par-isa-italie\/#breadcrumb","itemListElement":[{"@type":"ListItem","position":1,"name":"Accueil","item":"https:\/\/italiamachines.com\/fr_fr\/"},{"@type":"ListItem","position":2,"name":"Boutique","item":"https:\/\/italiamachines.com\/boutique\/"},{"@type":"ListItem","position":3,"name":"Armoire r\u00e9frig\u00e9rateur pour p\u00e2tisserie &#8211; plaques 60&#215;40 &#8211; par Isa Italie"}]},{"@type":"WebSite","@id":"https:\/\/italiamachines.com\/#website","url":"https:\/\/italiamachines.com\/","name":"Italia Machines","description":"L&#039;art de l&#039;\u00e9quipement HORECA","publisher":{"@id":"https:\/\/italiamachines.com\/#organization"},"potentialAction":[{"@type":"SearchAction","target":{"@type":"EntryPoint","urlTemplate":"https:\/\/italiamachines.com\/?s={search_term_string}"},"query-input":{"@type":"PropertyValueSpecification","valueRequired":true,"valueName":"search_term_string"}}],"inLanguage":"en-US"},{"@type":"Organization","@id":"https:\/\/italiamachines.com\/#organization","name":"italiamachines","url":"https:\/\/italiamachines.com\/","logo":{"@type":"ImageObject","inLanguage":"en-US","@id":"https:\/\/italiamachines.com\/#\/schema\/logo\/image\/","url":"https:\/\/italiamachines.com\/wp-content\/uploads\/2023\/08\/logo-web-1.png","contentUrl":"https:\/\/italiamachines.com\/wp-content\/uploads\/2023\/08\/logo-web-1.png","width":977,"height":254,"caption":"italiamachines"},"image":{"@id":"https:\/\/italiamachines.com\/#\/schema\/logo\/image\/"},"sameAs":["https:\/\/web.facebook.com\/italiamachines\/","https:\/\/www.instagram.com\/italia.machines\/"]}]}},"_links":{"self":[{"href":"https:\/\/italiamachines.com\/en\/wp-json\/wp\/v2\/product\/4921","targetHints":{"allow":["GET"]}}],"collection":[{"href":"https:\/\/italiamachines.com\/en\/wp-json\/wp\/v2\/product"}],"about":[{"href":"https:\/\/italiamachines.com\/en\/wp-json\/wp\/v2\/types\/product"}],"replies":[{"embeddable":true,"href":"https:\/\/italiamachines.com\/en\/wp-json\/wp\/v2\/comments?post=4921"}],"wp:featuredmedia":[{"embeddable":true,"href":"https:\/\/italiamachines.com\/en\/wp-json\/wp\/v2\/media\/7851"}],"wp:attachment":[{"href":"https:\/\/italiamachines.com\/en\/wp-json\/wp\/v2\/media?parent=4921"}],"wp:term":[{"taxonomy":"product_cat","embeddable":true,"href":"https:\/\/italiamachines.com\/en\/wp-json\/wp\/v2\/product_cat?post=4921"},{"taxonomy":"product_tag","embeddable":true,"href":"https:\/\/italiamachines.com\/en\/wp-json\/wp\/v2\/product_tag?post=4921"}],"curies":[{"name":"wp","href":"https:\/\/api.w.org\/{rel}","templated":true}]}}