{"id":4978,"date":"2023-07-30T04:04:07","date_gmt":"2023-07-30T04:04:07","guid":{"rendered":"https:\/\/prod.italiamachines.com\/product\/cutter-l20-gam-cuve-20lt-380v\/"},"modified":"2024-09-28T19:07:58","modified_gmt":"2024-09-28T17:07:58","slug":"cutter-l20-gam-cuve-20lt-380v","status":"publish","type":"product","link":"https:\/\/italiamachines.com\/en\/boutique\/boulangerie-et-patisserie\/patisserie\/cutter\/cutter-l20-gam-cuve-20lt-380v\/","title":{"rendered":"Cutter L20 Gam cuve 20LT &#8211; 380V"},"content":{"rendered":"<p>Le GAM Cutter Profi &#8211; Line L20 est une machine polyvalente con\u00e7ue pour hacher, broyer et \u00e9mulsionner une vari\u00e9t\u00e9 d&rsquo;ingr\u00e9dients. Qu&rsquo;il s&rsquo;agisse de pr\u00e9parer des sauces, des p\u00e2tes \u00e0 tartiner, des pur\u00e9es ou des m\u00e9langes, cet appareil haute performance est id\u00e9al pour les besoins de la transformation alimentaire.<\/p>\n<p>Caract\u00e9ristiques :<br \/>\n&#8211; Poids net : non sp\u00e9cifi\u00e9<br \/>\n&#8211; Type d&rsquo;\u00e9quipement : Coupeur<br \/>\n&#8211; Nombre de tours par minute : 1400-2800 rpm<br \/>\n&#8211; Mat\u00e9riau : Acier inoxydable<br \/>\n&#8211; Capacit\u00e9 du r\u00e9servoir : 20 litres<br \/>\n&#8211; Dimensions du produit (LxLxH) : 750 x 500 x 510 mm<\/p>","protected":false},"excerpt":{"rendered":"<p>Le GAM Cutter Profi &#8211; Line L20 est une machine polyvalente con\u00e7ue pour hacher, broyer et \u00e9mulsionner une vari\u00e9t\u00e9 d&rsquo;ingr\u00e9dients. Qu&rsquo;il s&rsquo;agisse de pr\u00e9parer des sauces, des p\u00e2tes \u00e0 tartiner, des pur\u00e9es ou des m\u00e9langes, cet appareil haute performance est id\u00e9al pour les besoins de la transformation alimentaire. Caract\u00e9ristiques : &#8211; Poids net : non&hellip;<\/p>","protected":false},"featured_media":4977,"comment_status":"open","ping_status":"closed","template":"","meta":[],"product_cat":[172,97],"product_tag":[],"class_list":{"0":"post-4978","1":"product","2":"type-product","3":"status-publish","4":"has-post-thumbnail","6":"product_cat-cutter","7":"product_cat-patisserie","9":"first","10":"instock","11":"shipping-taxable","12":"purchasable","13":"product-type-simple","14":"col-xs-6 col-sm-4","15":"col-md-3 col-lg-3","16":"un-4-cols"},"yoast_head":"<!-- This site is optimized with the Yoast SEO plugin v26.6 - https:\/\/yoast.com\/wordpress\/plugins\/seo\/ -->\n<title>Cutter L20 Gam cuve 20LT - 380V | Italia Machines<\/title>\n<meta name=\"description\" content=\"Le GAM Cutter Profi - Line L20 est une machine polyvalente con\u00e7ue pour hacher, broyer et \u00e9mulsionner une vari\u00e9t\u00e9 d&#039;ingr\u00e9dients.\" \/>\n<meta name=\"robots\" content=\"index, follow, max-snippet:-1, max-image-preview:large, max-video-preview:-1\" \/>\n<link rel=\"canonical\" href=\"https:\/\/italiamachines.com\/en\/boutique\/boulangerie-et-patisserie\/patisserie\/cutter\/cutter-l20-gam-cuve-20lt-380v\/\" \/>\n<meta property=\"og:locale\" content=\"en_US\" \/>\n<meta property=\"og:type\" content=\"article\" \/>\n<meta property=\"og:title\" content=\"Cutter L20 Gam cuve 20LT - 380V | Italia Machines\" \/>\n<meta property=\"og:description\" content=\"Le GAM Cutter Profi - Line L20 est une machine polyvalente con\u00e7ue pour hacher, broyer et \u00e9mulsionner une vari\u00e9t\u00e9 d&#039;ingr\u00e9dients.\" \/>\n<meta property=\"og:url\" content=\"https:\/\/italiamachines.com\/en\/boutique\/boulangerie-et-patisserie\/patisserie\/cutter\/cutter-l20-gam-cuve-20lt-380v\/\" \/>\n<meta property=\"og:site_name\" content=\"Italia Machines\" \/>\n<meta property=\"article:publisher\" content=\"https:\/\/web.facebook.com\/italiamachines\/\" \/>\n<meta property=\"article:modified_time\" content=\"2024-09-28T17:07:58+00:00\" \/>\n<meta property=\"og:image\" content=\"https:\/\/italiamachines.com\/wp-content\/uploads\/2023\/07\/L20-1.jpeg\" \/>\n\t<meta property=\"og:image:width\" content=\"384\" \/>\n\t<meta property=\"og:image:height\" content=\"384\" \/>\n\t<meta property=\"og:image:type\" content=\"image\/jpeg\" \/>\n<meta name=\"twitter:card\" content=\"summary_large_image\" \/>\n<meta name=\"twitter:label1\" content=\"Est. reading time\" \/>\n\t<meta name=\"twitter:data1\" content=\"1 minute\" \/>\n<script type=\"application\/ld+json\" class=\"yoast-schema-graph\">{\"@context\":\"https:\/\/schema.org\",\"@graph\":[{\"@type\":\"WebPage\",\"@id\":\"https:\/\/italiamachines.com\/boutique\/boulangerie-et-patisserie\/patisserie\/cutter\/cutter-l20-gam-cuve-20lt-380v\/\",\"url\":\"https:\/\/italiamachines.com\/boutique\/boulangerie-et-patisserie\/patisserie\/cutter\/cutter-l20-gam-cuve-20lt-380v\/\",\"name\":\"Cutter L20 Gam cuve 20LT - 380V | Italia Machines\",\"isPartOf\":{\"@id\":\"https:\/\/italiamachines.com\/#website\"},\"primaryImageOfPage\":{\"@id\":\"https:\/\/italiamachines.com\/boutique\/boulangerie-et-patisserie\/patisserie\/cutter\/cutter-l20-gam-cuve-20lt-380v\/#primaryimage\"},\"image\":{\"@id\":\"https:\/\/italiamachines.com\/boutique\/boulangerie-et-patisserie\/patisserie\/cutter\/cutter-l20-gam-cuve-20lt-380v\/#primaryimage\"},\"thumbnailUrl\":\"https:\/\/italiamachines.com\/wp-content\/uploads\/2023\/07\/L20-1.jpeg\",\"datePublished\":\"2023-07-30T04:04:07+00:00\",\"dateModified\":\"2024-09-28T17:07:58+00:00\",\"description\":\"Le GAM Cutter Profi - Line L20 est une machine polyvalente con\u00e7ue pour hacher, broyer et \u00e9mulsionner une vari\u00e9t\u00e9 d'ingr\u00e9dients.\",\"breadcrumb\":{\"@id\":\"https:\/\/italiamachines.com\/boutique\/boulangerie-et-patisserie\/patisserie\/cutter\/cutter-l20-gam-cuve-20lt-380v\/#breadcrumb\"},\"inLanguage\":\"en-US\",\"potentialAction\":[{\"@type\":\"ReadAction\",\"target\":[\"https:\/\/italiamachines.com\/boutique\/boulangerie-et-patisserie\/patisserie\/cutter\/cutter-l20-gam-cuve-20lt-380v\/\"]}]},{\"@type\":\"ImageObject\",\"inLanguage\":\"en-US\",\"@id\":\"https:\/\/italiamachines.com\/boutique\/boulangerie-et-patisserie\/patisserie\/cutter\/cutter-l20-gam-cuve-20lt-380v\/#primaryimage\",\"url\":\"https:\/\/italiamachines.com\/wp-content\/uploads\/2023\/07\/L20-1.jpeg\",\"contentUrl\":\"https:\/\/italiamachines.com\/wp-content\/uploads\/2023\/07\/L20-1.jpeg\",\"width\":384,\"height\":384},{\"@type\":\"BreadcrumbList\",\"@id\":\"https:\/\/italiamachines.com\/boutique\/boulangerie-et-patisserie\/patisserie\/cutter\/cutter-l20-gam-cuve-20lt-380v\/#breadcrumb\",\"itemListElement\":[{\"@type\":\"ListItem\",\"position\":1,\"name\":\"Accueil\",\"item\":\"https:\/\/italiamachines.com\/fr_fr\/\"},{\"@type\":\"ListItem\",\"position\":2,\"name\":\"Boutique\",\"item\":\"https:\/\/italiamachines.com\/boutique\/\"},{\"@type\":\"ListItem\",\"position\":3,\"name\":\"Cutter L20 Gam cuve 20LT &#8211; 380V\"}]},{\"@type\":\"WebSite\",\"@id\":\"https:\/\/italiamachines.com\/#website\",\"url\":\"https:\/\/italiamachines.com\/\",\"name\":\"Italia Machines\",\"description\":\"L&#039;art de l&#039;\u00e9quipement HORECA\",\"publisher\":{\"@id\":\"https:\/\/italiamachines.com\/#organization\"},\"potentialAction\":[{\"@type\":\"SearchAction\",\"target\":{\"@type\":\"EntryPoint\",\"urlTemplate\":\"https:\/\/italiamachines.com\/?s={search_term_string}\"},\"query-input\":{\"@type\":\"PropertyValueSpecification\",\"valueRequired\":true,\"valueName\":\"search_term_string\"}}],\"inLanguage\":\"en-US\"},{\"@type\":\"Organization\",\"@id\":\"https:\/\/italiamachines.com\/#organization\",\"name\":\"italiamachines\",\"url\":\"https:\/\/italiamachines.com\/\",\"logo\":{\"@type\":\"ImageObject\",\"inLanguage\":\"en-US\",\"@id\":\"https:\/\/italiamachines.com\/#\/schema\/logo\/image\/\",\"url\":\"https:\/\/italiamachines.com\/wp-content\/uploads\/2023\/08\/logo-web-1.png\",\"contentUrl\":\"https:\/\/italiamachines.com\/wp-content\/uploads\/2023\/08\/logo-web-1.png\",\"width\":977,\"height\":254,\"caption\":\"italiamachines\"},\"image\":{\"@id\":\"https:\/\/italiamachines.com\/#\/schema\/logo\/image\/\"},\"sameAs\":[\"https:\/\/web.facebook.com\/italiamachines\/\",\"https:\/\/www.instagram.com\/italia.machines\/\"]}]}<\/script>\n<!-- \/ Yoast SEO plugin. -->","yoast_head_json":{"title":"Cutter L20 Gam cuve 20LT - 380V | Italia Machines","description":"Le GAM Cutter Profi - Line L20 est une machine polyvalente con\u00e7ue pour hacher, broyer et \u00e9mulsionner une vari\u00e9t\u00e9 d'ingr\u00e9dients.","robots":{"index":"index","follow":"follow","max-snippet":"max-snippet:-1","max-image-preview":"max-image-preview:large","max-video-preview":"max-video-preview:-1"},"canonical":"https:\/\/italiamachines.com\/en\/boutique\/boulangerie-et-patisserie\/patisserie\/cutter\/cutter-l20-gam-cuve-20lt-380v\/","og_locale":"en_US","og_type":"article","og_title":"Cutter L20 Gam cuve 20LT - 380V | Italia Machines","og_description":"Le GAM Cutter Profi - Line L20 est une machine polyvalente con\u00e7ue pour hacher, broyer et \u00e9mulsionner une vari\u00e9t\u00e9 d'ingr\u00e9dients.","og_url":"https:\/\/italiamachines.com\/en\/boutique\/boulangerie-et-patisserie\/patisserie\/cutter\/cutter-l20-gam-cuve-20lt-380v\/","og_site_name":"Italia Machines","article_publisher":"https:\/\/web.facebook.com\/italiamachines\/","article_modified_time":"2024-09-28T17:07:58+00:00","og_image":[{"width":384,"height":384,"url":"https:\/\/italiamachines.com\/wp-content\/uploads\/2023\/07\/L20-1.jpeg","type":"image\/jpeg"}],"twitter_card":"summary_large_image","twitter_misc":{"Est. reading time":"1 minute"},"schema":{"@context":"https:\/\/schema.org","@graph":[{"@type":"WebPage","@id":"https:\/\/italiamachines.com\/boutique\/boulangerie-et-patisserie\/patisserie\/cutter\/cutter-l20-gam-cuve-20lt-380v\/","url":"https:\/\/italiamachines.com\/boutique\/boulangerie-et-patisserie\/patisserie\/cutter\/cutter-l20-gam-cuve-20lt-380v\/","name":"Cutter L20 Gam cuve 20LT - 380V | Italia Machines","isPartOf":{"@id":"https:\/\/italiamachines.com\/#website"},"primaryImageOfPage":{"@id":"https:\/\/italiamachines.com\/boutique\/boulangerie-et-patisserie\/patisserie\/cutter\/cutter-l20-gam-cuve-20lt-380v\/#primaryimage"},"image":{"@id":"https:\/\/italiamachines.com\/boutique\/boulangerie-et-patisserie\/patisserie\/cutter\/cutter-l20-gam-cuve-20lt-380v\/#primaryimage"},"thumbnailUrl":"https:\/\/italiamachines.com\/wp-content\/uploads\/2023\/07\/L20-1.jpeg","datePublished":"2023-07-30T04:04:07+00:00","dateModified":"2024-09-28T17:07:58+00:00","description":"Le GAM Cutter Profi - Line L20 est une machine polyvalente con\u00e7ue pour hacher, broyer et \u00e9mulsionner une vari\u00e9t\u00e9 d'ingr\u00e9dients.","breadcrumb":{"@id":"https:\/\/italiamachines.com\/boutique\/boulangerie-et-patisserie\/patisserie\/cutter\/cutter-l20-gam-cuve-20lt-380v\/#breadcrumb"},"inLanguage":"en-US","potentialAction":[{"@type":"ReadAction","target":["https:\/\/italiamachines.com\/boutique\/boulangerie-et-patisserie\/patisserie\/cutter\/cutter-l20-gam-cuve-20lt-380v\/"]}]},{"@type":"ImageObject","inLanguage":"en-US","@id":"https:\/\/italiamachines.com\/boutique\/boulangerie-et-patisserie\/patisserie\/cutter\/cutter-l20-gam-cuve-20lt-380v\/#primaryimage","url":"https:\/\/italiamachines.com\/wp-content\/uploads\/2023\/07\/L20-1.jpeg","contentUrl":"https:\/\/italiamachines.com\/wp-content\/uploads\/2023\/07\/L20-1.jpeg","width":384,"height":384},{"@type":"BreadcrumbList","@id":"https:\/\/italiamachines.com\/boutique\/boulangerie-et-patisserie\/patisserie\/cutter\/cutter-l20-gam-cuve-20lt-380v\/#breadcrumb","itemListElement":[{"@type":"ListItem","position":1,"name":"Accueil","item":"https:\/\/italiamachines.com\/fr_fr\/"},{"@type":"ListItem","position":2,"name":"Boutique","item":"https:\/\/italiamachines.com\/boutique\/"},{"@type":"ListItem","position":3,"name":"Cutter L20 Gam cuve 20LT &#8211; 380V"}]},{"@type":"WebSite","@id":"https:\/\/italiamachines.com\/#website","url":"https:\/\/italiamachines.com\/","name":"Italia Machines","description":"L&#039;art de l&#039;\u00e9quipement HORECA","publisher":{"@id":"https:\/\/italiamachines.com\/#organization"},"potentialAction":[{"@type":"SearchAction","target":{"@type":"EntryPoint","urlTemplate":"https:\/\/italiamachines.com\/?s={search_term_string}"},"query-input":{"@type":"PropertyValueSpecification","valueRequired":true,"valueName":"search_term_string"}}],"inLanguage":"en-US"},{"@type":"Organization","@id":"https:\/\/italiamachines.com\/#organization","name":"italiamachines","url":"https:\/\/italiamachines.com\/","logo":{"@type":"ImageObject","inLanguage":"en-US","@id":"https:\/\/italiamachines.com\/#\/schema\/logo\/image\/","url":"https:\/\/italiamachines.com\/wp-content\/uploads\/2023\/08\/logo-web-1.png","contentUrl":"https:\/\/italiamachines.com\/wp-content\/uploads\/2023\/08\/logo-web-1.png","width":977,"height":254,"caption":"italiamachines"},"image":{"@id":"https:\/\/italiamachines.com\/#\/schema\/logo\/image\/"},"sameAs":["https:\/\/web.facebook.com\/italiamachines\/","https:\/\/www.instagram.com\/italia.machines\/"]}]}},"_links":{"self":[{"href":"https:\/\/italiamachines.com\/en\/wp-json\/wp\/v2\/product\/4978","targetHints":{"allow":["GET"]}}],"collection":[{"href":"https:\/\/italiamachines.com\/en\/wp-json\/wp\/v2\/product"}],"about":[{"href":"https:\/\/italiamachines.com\/en\/wp-json\/wp\/v2\/types\/product"}],"replies":[{"embeddable":true,"href":"https:\/\/italiamachines.com\/en\/wp-json\/wp\/v2\/comments?post=4978"}],"wp:featuredmedia":[{"embeddable":true,"href":"https:\/\/italiamachines.com\/en\/wp-json\/wp\/v2\/media\/4977"}],"wp:attachment":[{"href":"https:\/\/italiamachines.com\/en\/wp-json\/wp\/v2\/media?parent=4978"}],"wp:term":[{"taxonomy":"product_cat","embeddable":true,"href":"https:\/\/italiamachines.com\/en\/wp-json\/wp\/v2\/product_cat?post=4978"},{"taxonomy":"product_tag","embeddable":true,"href":"https:\/\/italiamachines.com\/en\/wp-json\/wp\/v2\/product_tag?post=4978"}],"curies":[{"name":"wp","href":"https:\/\/api.w.org\/{rel}","templated":true}]}}