{"id":4980,"date":"2023-07-30T04:04:16","date_gmt":"2023-07-30T04:04:16","guid":{"rendered":"https:\/\/prod.italiamachines.com\/product\/cutter-professional-l8-gam-2-vitesses-triphase\/"},"modified":"2024-09-28T19:09:03","modified_gmt":"2024-09-28T17:09:03","slug":"cutter-professional-l8-gam-2-vitesses-triphase","status":"publish","type":"product","link":"https:\/\/italiamachines.com\/en\/boutique\/boulangerie-et-patisserie\/patisserie\/cutter\/cutter-professional-l8-gam-2-vitesses-triphase\/","title":{"rendered":"Cutter Professional L8 Gam 2 vitesses triphas\u00e9"},"content":{"rendered":"<p>Le GAM Cutter L8 est une machine de d\u00e9coupe polyvalente con\u00e7ue pour r\u00e9pondre \u00e0 vos besoins en mati\u00e8re de pr\u00e9paration des aliments. Fabriqu\u00e9 en acier inoxydable, il offre durabilit\u00e9, hygi\u00e8ne et r\u00e9sistance \u00e0 la corrosion.<\/p>\n<p>Caract\u00e9ristiques :<br \/>\n&#8211; Chaudi\u00e8re en acier inoxydable de 8 litres<br \/>\n&#8211; Vitesse : 1400 rpm<br \/>\n&#8211; Dimensions : L : 28 cm, L : 33 cm, H : 55 cm<br \/>\n&#8211; Puissance : 230 V \/ 50 Hz &#8211; 1,1 kW<br \/>\n&#8211; Poids : 20 kg<\/p>","protected":false},"excerpt":{"rendered":"<p>Le GAM Cutter L8 est une machine de d\u00e9coupe polyvalente con\u00e7ue pour r\u00e9pondre \u00e0 vos besoins en mati\u00e8re de pr\u00e9paration des aliments. Fabriqu\u00e9 en acier inoxydable, il offre durabilit\u00e9, hygi\u00e8ne et r\u00e9sistance \u00e0 la corrosion. Caract\u00e9ristiques : &#8211; Chaudi\u00e8re en acier inoxydable de 8 litres &#8211; Vitesse : 1400 rpm &#8211; Dimensions : L :&hellip;<\/p>","protected":false},"featured_media":9048,"comment_status":"open","ping_status":"closed","template":"","meta":[],"product_cat":[172,97],"product_tag":[],"class_list":{"0":"post-4980","1":"product","2":"type-product","3":"status-publish","4":"has-post-thumbnail","6":"product_cat-cutter","7":"product_cat-patisserie","9":"first","10":"instock","11":"shipping-taxable","12":"purchasable","13":"product-type-simple","14":"col-xs-6 col-sm-4","15":"col-md-3 col-lg-3","16":"un-4-cols"},"yoast_head":"<!-- This site is optimized with the Yoast SEO plugin v26.6 - https:\/\/yoast.com\/wordpress\/plugins\/seo\/ -->\n<title>Cutter Professional L8 Gam 2 vitesses triphas\u00e9 | Italia Machines<\/title>\n<meta name=\"description\" content=\"Le GAM Cutter L8 est une machine de d\u00e9coupe polyvalente con\u00e7ue pour r\u00e9pondre \u00e0 vos besoins en mati\u00e8re de pr\u00e9paration des aliments.\" \/>\n<meta name=\"robots\" content=\"index, follow, max-snippet:-1, max-image-preview:large, max-video-preview:-1\" \/>\n<link rel=\"canonical\" href=\"https:\/\/italiamachines.com\/en\/boutique\/boulangerie-et-patisserie\/patisserie\/cutter\/cutter-professional-l8-gam-2-vitesses-triphase\/\" \/>\n<meta property=\"og:locale\" content=\"en_US\" \/>\n<meta property=\"og:type\" content=\"article\" \/>\n<meta property=\"og:title\" content=\"Cutter Professional L8 Gam 2 vitesses triphas\u00e9 | Italia Machines\" \/>\n<meta property=\"og:description\" content=\"Le GAM Cutter L8 est une machine de d\u00e9coupe polyvalente con\u00e7ue pour r\u00e9pondre \u00e0 vos besoins en mati\u00e8re de pr\u00e9paration des aliments.\" \/>\n<meta property=\"og:url\" content=\"https:\/\/italiamachines.com\/en\/boutique\/boulangerie-et-patisserie\/patisserie\/cutter\/cutter-professional-l8-gam-2-vitesses-triphase\/\" \/>\n<meta property=\"og:site_name\" content=\"Italia Machines\" \/>\n<meta property=\"article:publisher\" content=\"https:\/\/web.facebook.com\/italiamachines\/\" \/>\n<meta property=\"article:modified_time\" content=\"2024-09-28T17:09:03+00:00\" \/>\n<meta property=\"og:image\" content=\"https:\/\/italiamachines.com\/wp-content\/uploads\/2023\/07\/L8.png\" \/>\n\t<meta property=\"og:image:width\" content=\"1080\" \/>\n\t<meta property=\"og:image:height\" content=\"1080\" \/>\n\t<meta property=\"og:image:type\" content=\"image\/png\" \/>\n<meta name=\"twitter:card\" content=\"summary_large_image\" \/>\n<meta name=\"twitter:label1\" content=\"Est. reading time\" \/>\n\t<meta name=\"twitter:data1\" content=\"1 minute\" \/>\n<script type=\"application\/ld+json\" class=\"yoast-schema-graph\">{\"@context\":\"https:\/\/schema.org\",\"@graph\":[{\"@type\":\"WebPage\",\"@id\":\"https:\/\/italiamachines.com\/boutique\/boulangerie-et-patisserie\/patisserie\/cutter\/cutter-professional-l8-gam-2-vitesses-triphase\/\",\"url\":\"https:\/\/italiamachines.com\/boutique\/boulangerie-et-patisserie\/patisserie\/cutter\/cutter-professional-l8-gam-2-vitesses-triphase\/\",\"name\":\"Cutter Professional L8 Gam 2 vitesses triphas\u00e9 | Italia Machines\",\"isPartOf\":{\"@id\":\"https:\/\/italiamachines.com\/#website\"},\"primaryImageOfPage\":{\"@id\":\"https:\/\/italiamachines.com\/boutique\/boulangerie-et-patisserie\/patisserie\/cutter\/cutter-professional-l8-gam-2-vitesses-triphase\/#primaryimage\"},\"image\":{\"@id\":\"https:\/\/italiamachines.com\/boutique\/boulangerie-et-patisserie\/patisserie\/cutter\/cutter-professional-l8-gam-2-vitesses-triphase\/#primaryimage\"},\"thumbnailUrl\":\"https:\/\/italiamachines.com\/wp-content\/uploads\/2023\/07\/L8.png\",\"datePublished\":\"2023-07-30T04:04:16+00:00\",\"dateModified\":\"2024-09-28T17:09:03+00:00\",\"description\":\"Le GAM Cutter L8 est une machine de d\u00e9coupe polyvalente con\u00e7ue pour r\u00e9pondre \u00e0 vos besoins en mati\u00e8re de pr\u00e9paration des aliments.\",\"breadcrumb\":{\"@id\":\"https:\/\/italiamachines.com\/boutique\/boulangerie-et-patisserie\/patisserie\/cutter\/cutter-professional-l8-gam-2-vitesses-triphase\/#breadcrumb\"},\"inLanguage\":\"en-US\",\"potentialAction\":[{\"@type\":\"ReadAction\",\"target\":[\"https:\/\/italiamachines.com\/boutique\/boulangerie-et-patisserie\/patisserie\/cutter\/cutter-professional-l8-gam-2-vitesses-triphase\/\"]}]},{\"@type\":\"ImageObject\",\"inLanguage\":\"en-US\",\"@id\":\"https:\/\/italiamachines.com\/boutique\/boulangerie-et-patisserie\/patisserie\/cutter\/cutter-professional-l8-gam-2-vitesses-triphase\/#primaryimage\",\"url\":\"https:\/\/italiamachines.com\/wp-content\/uploads\/2023\/07\/L8.png\",\"contentUrl\":\"https:\/\/italiamachines.com\/wp-content\/uploads\/2023\/07\/L8.png\",\"width\":1080,\"height\":1080},{\"@type\":\"BreadcrumbList\",\"@id\":\"https:\/\/italiamachines.com\/boutique\/boulangerie-et-patisserie\/patisserie\/cutter\/cutter-professional-l8-gam-2-vitesses-triphase\/#breadcrumb\",\"itemListElement\":[{\"@type\":\"ListItem\",\"position\":1,\"name\":\"Accueil\",\"item\":\"https:\/\/italiamachines.com\/fr_fr\/\"},{\"@type\":\"ListItem\",\"position\":2,\"name\":\"Boutique\",\"item\":\"https:\/\/italiamachines.com\/boutique\/\"},{\"@type\":\"ListItem\",\"position\":3,\"name\":\"Cutter Professional L8 Gam 2 vitesses triphas\u00e9\"}]},{\"@type\":\"WebSite\",\"@id\":\"https:\/\/italiamachines.com\/#website\",\"url\":\"https:\/\/italiamachines.com\/\",\"name\":\"Italia Machines\",\"description\":\"L&#039;art de l&#039;\u00e9quipement HORECA\",\"publisher\":{\"@id\":\"https:\/\/italiamachines.com\/#organization\"},\"potentialAction\":[{\"@type\":\"SearchAction\",\"target\":{\"@type\":\"EntryPoint\",\"urlTemplate\":\"https:\/\/italiamachines.com\/?s={search_term_string}\"},\"query-input\":{\"@type\":\"PropertyValueSpecification\",\"valueRequired\":true,\"valueName\":\"search_term_string\"}}],\"inLanguage\":\"en-US\"},{\"@type\":\"Organization\",\"@id\":\"https:\/\/italiamachines.com\/#organization\",\"name\":\"italiamachines\",\"url\":\"https:\/\/italiamachines.com\/\",\"logo\":{\"@type\":\"ImageObject\",\"inLanguage\":\"en-US\",\"@id\":\"https:\/\/italiamachines.com\/#\/schema\/logo\/image\/\",\"url\":\"https:\/\/italiamachines.com\/wp-content\/uploads\/2023\/08\/logo-web-1.png\",\"contentUrl\":\"https:\/\/italiamachines.com\/wp-content\/uploads\/2023\/08\/logo-web-1.png\",\"width\":977,\"height\":254,\"caption\":\"italiamachines\"},\"image\":{\"@id\":\"https:\/\/italiamachines.com\/#\/schema\/logo\/image\/\"},\"sameAs\":[\"https:\/\/web.facebook.com\/italiamachines\/\",\"https:\/\/www.instagram.com\/italia.machines\/\"]}]}<\/script>\n<!-- \/ Yoast SEO plugin. -->","yoast_head_json":{"title":"Cutter Professional L8 Gam 2 vitesses triphas\u00e9 | Italia Machines","description":"Le GAM Cutter L8 est une machine de d\u00e9coupe polyvalente con\u00e7ue pour r\u00e9pondre \u00e0 vos besoins en mati\u00e8re de pr\u00e9paration des aliments.","robots":{"index":"index","follow":"follow","max-snippet":"max-snippet:-1","max-image-preview":"max-image-preview:large","max-video-preview":"max-video-preview:-1"},"canonical":"https:\/\/italiamachines.com\/en\/boutique\/boulangerie-et-patisserie\/patisserie\/cutter\/cutter-professional-l8-gam-2-vitesses-triphase\/","og_locale":"en_US","og_type":"article","og_title":"Cutter Professional L8 Gam 2 vitesses triphas\u00e9 | Italia Machines","og_description":"Le GAM Cutter L8 est une machine de d\u00e9coupe polyvalente con\u00e7ue pour r\u00e9pondre \u00e0 vos besoins en mati\u00e8re de pr\u00e9paration des aliments.","og_url":"https:\/\/italiamachines.com\/en\/boutique\/boulangerie-et-patisserie\/patisserie\/cutter\/cutter-professional-l8-gam-2-vitesses-triphase\/","og_site_name":"Italia Machines","article_publisher":"https:\/\/web.facebook.com\/italiamachines\/","article_modified_time":"2024-09-28T17:09:03+00:00","og_image":[{"width":1080,"height":1080,"url":"https:\/\/italiamachines.com\/wp-content\/uploads\/2023\/07\/L8.png","type":"image\/png"}],"twitter_card":"summary_large_image","twitter_misc":{"Est. reading time":"1 minute"},"schema":{"@context":"https:\/\/schema.org","@graph":[{"@type":"WebPage","@id":"https:\/\/italiamachines.com\/boutique\/boulangerie-et-patisserie\/patisserie\/cutter\/cutter-professional-l8-gam-2-vitesses-triphase\/","url":"https:\/\/italiamachines.com\/boutique\/boulangerie-et-patisserie\/patisserie\/cutter\/cutter-professional-l8-gam-2-vitesses-triphase\/","name":"Cutter Professional L8 Gam 2 vitesses triphas\u00e9 | Italia Machines","isPartOf":{"@id":"https:\/\/italiamachines.com\/#website"},"primaryImageOfPage":{"@id":"https:\/\/italiamachines.com\/boutique\/boulangerie-et-patisserie\/patisserie\/cutter\/cutter-professional-l8-gam-2-vitesses-triphase\/#primaryimage"},"image":{"@id":"https:\/\/italiamachines.com\/boutique\/boulangerie-et-patisserie\/patisserie\/cutter\/cutter-professional-l8-gam-2-vitesses-triphase\/#primaryimage"},"thumbnailUrl":"https:\/\/italiamachines.com\/wp-content\/uploads\/2023\/07\/L8.png","datePublished":"2023-07-30T04:04:16+00:00","dateModified":"2024-09-28T17:09:03+00:00","description":"Le GAM Cutter L8 est une machine de d\u00e9coupe polyvalente con\u00e7ue pour r\u00e9pondre \u00e0 vos besoins en mati\u00e8re de pr\u00e9paration des aliments.","breadcrumb":{"@id":"https:\/\/italiamachines.com\/boutique\/boulangerie-et-patisserie\/patisserie\/cutter\/cutter-professional-l8-gam-2-vitesses-triphase\/#breadcrumb"},"inLanguage":"en-US","potentialAction":[{"@type":"ReadAction","target":["https:\/\/italiamachines.com\/boutique\/boulangerie-et-patisserie\/patisserie\/cutter\/cutter-professional-l8-gam-2-vitesses-triphase\/"]}]},{"@type":"ImageObject","inLanguage":"en-US","@id":"https:\/\/italiamachines.com\/boutique\/boulangerie-et-patisserie\/patisserie\/cutter\/cutter-professional-l8-gam-2-vitesses-triphase\/#primaryimage","url":"https:\/\/italiamachines.com\/wp-content\/uploads\/2023\/07\/L8.png","contentUrl":"https:\/\/italiamachines.com\/wp-content\/uploads\/2023\/07\/L8.png","width":1080,"height":1080},{"@type":"BreadcrumbList","@id":"https:\/\/italiamachines.com\/boutique\/boulangerie-et-patisserie\/patisserie\/cutter\/cutter-professional-l8-gam-2-vitesses-triphase\/#breadcrumb","itemListElement":[{"@type":"ListItem","position":1,"name":"Accueil","item":"https:\/\/italiamachines.com\/fr_fr\/"},{"@type":"ListItem","position":2,"name":"Boutique","item":"https:\/\/italiamachines.com\/boutique\/"},{"@type":"ListItem","position":3,"name":"Cutter Professional L8 Gam 2 vitesses triphas\u00e9"}]},{"@type":"WebSite","@id":"https:\/\/italiamachines.com\/#website","url":"https:\/\/italiamachines.com\/","name":"Italia Machines","description":"L&#039;art de l&#039;\u00e9quipement HORECA","publisher":{"@id":"https:\/\/italiamachines.com\/#organization"},"potentialAction":[{"@type":"SearchAction","target":{"@type":"EntryPoint","urlTemplate":"https:\/\/italiamachines.com\/?s={search_term_string}"},"query-input":{"@type":"PropertyValueSpecification","valueRequired":true,"valueName":"search_term_string"}}],"inLanguage":"en-US"},{"@type":"Organization","@id":"https:\/\/italiamachines.com\/#organization","name":"italiamachines","url":"https:\/\/italiamachines.com\/","logo":{"@type":"ImageObject","inLanguage":"en-US","@id":"https:\/\/italiamachines.com\/#\/schema\/logo\/image\/","url":"https:\/\/italiamachines.com\/wp-content\/uploads\/2023\/08\/logo-web-1.png","contentUrl":"https:\/\/italiamachines.com\/wp-content\/uploads\/2023\/08\/logo-web-1.png","width":977,"height":254,"caption":"italiamachines"},"image":{"@id":"https:\/\/italiamachines.com\/#\/schema\/logo\/image\/"},"sameAs":["https:\/\/web.facebook.com\/italiamachines\/","https:\/\/www.instagram.com\/italia.machines\/"]}]}},"_links":{"self":[{"href":"https:\/\/italiamachines.com\/en\/wp-json\/wp\/v2\/product\/4980","targetHints":{"allow":["GET"]}}],"collection":[{"href":"https:\/\/italiamachines.com\/en\/wp-json\/wp\/v2\/product"}],"about":[{"href":"https:\/\/italiamachines.com\/en\/wp-json\/wp\/v2\/types\/product"}],"replies":[{"embeddable":true,"href":"https:\/\/italiamachines.com\/en\/wp-json\/wp\/v2\/comments?post=4980"}],"wp:featuredmedia":[{"embeddable":true,"href":"https:\/\/italiamachines.com\/en\/wp-json\/wp\/v2\/media\/9048"}],"wp:attachment":[{"href":"https:\/\/italiamachines.com\/en\/wp-json\/wp\/v2\/media?parent=4980"}],"wp:term":[{"taxonomy":"product_cat","embeddable":true,"href":"https:\/\/italiamachines.com\/en\/wp-json\/wp\/v2\/product_cat?post=4980"},{"taxonomy":"product_tag","embeddable":true,"href":"https:\/\/italiamachines.com\/en\/wp-json\/wp\/v2\/product_tag?post=4980"}],"curies":[{"name":"wp","href":"https:\/\/api.w.org\/{rel}","templated":true}]}}