{"id":5073,"date":"2023-07-30T04:10:12","date_gmt":"2023-07-30T04:10:12","guid":{"rendered":"https:\/\/prod.italiamachines.com\/product\/tour-refrigere-pour-patisserie-marque-infrico-dimensions-2170x800\/"},"modified":"2024-10-01T00:29:52","modified_gmt":"2024-09-30T22:29:52","slug":"tour-refrigere-pour-patisserie-marque-infrico-dimensions-2170x800","status":"publish","type":"product","link":"https:\/\/italiamachines.com\/en\/boutique\/boulangerie-et-patisserie\/patisserie\/froid-et-conservation-pour-patisserie\/tour-a-patisserie\/tour-refrigere-pour-patisserie-marque-infrico-dimensions-2170x800\/","title":{"rendered":"Tour r\u00e9frig\u00e9r\u00e9 pour p\u00e2tisserie &#8211; par Infrico"},"content":{"rendered":"<p>Am\u00e9lioration de la classification \u00e9nerg\u00e9tique gr\u00e2ce \u00e0 l&rsquo;utilisation du r\u00e9frig\u00e9rant R-290 et des ventilateurs \u00e9lectroniques<br \/>\nOptimisation de la circulation de l&rsquo;air pour une temp\u00e9rature int\u00e9rieure uniforme<br \/>\nNouveau contr\u00f4leur num\u00e9rique tactile et intuitif IP 65 avec pr\u00e9cision accrue<br \/>\nFacilit\u00e9 de r\u00e9gulation des temp\u00e9ratures souhait\u00e9es<br \/>\nContr\u00f4l\u00e9 et certifi\u00e9 par INTERTEK selon les normes UL 471 et NSF 7<br \/>\nStructure compacte enti\u00e8rement inject\u00e9e<br \/>\nIsolation en polyur\u00e9thane de 70 mm d&rsquo;\u00e9paisseur sans CFC<br \/>\nFaible impact sur l&rsquo;environnement<br \/>\nPoign\u00e9es doubles avec charni\u00e8res pour une fermeture \u00e9tanche<br \/>\nPortes r\u00e9versibles pour plus de flexibilit\u00e9<br \/>\nSyst\u00e8me de ventilation et de condensation frontal pour une performance optimale<br \/>\nBac d&rsquo;\u00e9vaporation sans r\u00e9sistances \u00e9lectriques<br \/>\nNouveau syst\u00e8me d&rsquo;extraction du monobloc pour une maintenance simplifi\u00e9e<\/p>","protected":false},"excerpt":{"rendered":"<p>Am\u00e9lioration de la classification \u00e9nerg\u00e9tique gr\u00e2ce \u00e0 l&rsquo;utilisation du r\u00e9frig\u00e9rant R-290 et des ventilateurs \u00e9lectroniques Optimisation de la circulation de l&rsquo;air pour une temp\u00e9rature int\u00e9rieure uniforme Nouveau contr\u00f4leur num\u00e9rique tactile et intuitif IP 65 avec pr\u00e9cision accrue Facilit\u00e9 de r\u00e9gulation des temp\u00e9ratures souhait\u00e9es Contr\u00f4l\u00e9 et certifi\u00e9 par INTERTEK selon les normes UL 471 et NSF&hellip;<\/p>","protected":false},"featured_media":5072,"comment_status":"open","ping_status":"closed","template":"","meta":[],"product_cat":[201,97,242],"product_tag":[],"class_list":{"0":"post-5073","1":"product","2":"type-product","3":"status-publish","4":"has-post-thumbnail","6":"product_cat-froid-et-conservation-pour-patisserie","7":"product_cat-patisserie","8":"product_cat-tour-a-patisserie","10":"first","11":"instock","12":"shipping-taxable","13":"purchasable","14":"product-type-variable","15":"col-xs-6 col-sm-4","16":"col-md-3 col-lg-3","17":"un-4-cols"},"yoast_head":"<!-- This site is optimized with the Yoast SEO plugin v26.6 - https:\/\/yoast.com\/wordpress\/plugins\/seo\/ -->\n<title>Tour r\u00e9frig\u00e9r\u00e9 pour p\u00e2tisserie - par Infrico | Italia Machines<\/title>\n<meta name=\"description\" content=\"Tour r\u00e9frig\u00e9r\u00e9 pour p\u00e2tisserie avec un syst\u00e8me de ventilation et de condensation frontal et Portes r\u00e9versibles pour plus de flexibilit\u00e9.\" \/>\n<meta name=\"robots\" content=\"index, follow, max-snippet:-1, max-image-preview:large, max-video-preview:-1\" \/>\n<link rel=\"canonical\" href=\"https:\/\/italiamachines.com\/en\/boutique\/boulangerie-et-patisserie\/patisserie\/froid-et-conservation-pour-patisserie\/tour-a-patisserie\/tour-refrigere-pour-patisserie-marque-infrico-dimensions-2170x800\/\" \/>\n<meta property=\"og:locale\" content=\"en_US\" \/>\n<meta property=\"og:type\" content=\"article\" \/>\n<meta property=\"og:title\" content=\"Tour r\u00e9frig\u00e9r\u00e9 pour p\u00e2tisserie - par Infrico | Italia Machines\" \/>\n<meta property=\"og:description\" content=\"Tour r\u00e9frig\u00e9r\u00e9 pour p\u00e2tisserie avec un syst\u00e8me de ventilation et de condensation frontal et Portes r\u00e9versibles pour plus de flexibilit\u00e9.\" \/>\n<meta property=\"og:url\" content=\"https:\/\/italiamachines.com\/en\/boutique\/boulangerie-et-patisserie\/patisserie\/froid-et-conservation-pour-patisserie\/tour-a-patisserie\/tour-refrigere-pour-patisserie-marque-infrico-dimensions-2170x800\/\" \/>\n<meta property=\"og:site_name\" content=\"Italia Machines\" \/>\n<meta property=\"article:publisher\" content=\"https:\/\/web.facebook.com\/italiamachines\/\" \/>\n<meta property=\"article:modified_time\" content=\"2024-09-30T22:29:52+00:00\" \/>\n<meta property=\"og:image\" content=\"https:\/\/italiamachines.com\/wp-content\/uploads\/2023\/07\/MR2190-1.jpeg\" \/>\n\t<meta property=\"og:image:width\" content=\"1000\" \/>\n\t<meta property=\"og:image:height\" content=\"1000\" \/>\n\t<meta property=\"og:image:type\" content=\"image\/jpeg\" \/>\n<meta name=\"twitter:card\" content=\"summary_large_image\" \/>\n<meta name=\"twitter:label1\" content=\"Est. reading time\" \/>\n\t<meta name=\"twitter:data1\" content=\"1 minute\" \/>\n<script type=\"application\/ld+json\" class=\"yoast-schema-graph\">{\"@context\":\"https:\/\/schema.org\",\"@graph\":[{\"@type\":\"WebPage\",\"@id\":\"https:\/\/italiamachines.com\/boutique\/boulangerie-et-patisserie\/patisserie\/froid-et-conservation-pour-patisserie\/tour-a-patisserie\/tour-refrigere-pour-patisserie-marque-infrico-dimensions-2170x800\/\",\"url\":\"https:\/\/italiamachines.com\/boutique\/boulangerie-et-patisserie\/patisserie\/froid-et-conservation-pour-patisserie\/tour-a-patisserie\/tour-refrigere-pour-patisserie-marque-infrico-dimensions-2170x800\/\",\"name\":\"Tour r\u00e9frig\u00e9r\u00e9 pour p\u00e2tisserie - par Infrico | Italia Machines\",\"isPartOf\":{\"@id\":\"https:\/\/italiamachines.com\/#website\"},\"primaryImageOfPage\":{\"@id\":\"https:\/\/italiamachines.com\/boutique\/boulangerie-et-patisserie\/patisserie\/froid-et-conservation-pour-patisserie\/tour-a-patisserie\/tour-refrigere-pour-patisserie-marque-infrico-dimensions-2170x800\/#primaryimage\"},\"image\":{\"@id\":\"https:\/\/italiamachines.com\/boutique\/boulangerie-et-patisserie\/patisserie\/froid-et-conservation-pour-patisserie\/tour-a-patisserie\/tour-refrigere-pour-patisserie-marque-infrico-dimensions-2170x800\/#primaryimage\"},\"thumbnailUrl\":\"https:\/\/italiamachines.com\/wp-content\/uploads\/2023\/07\/MR2190-1.jpeg\",\"datePublished\":\"2023-07-30T04:10:12+00:00\",\"dateModified\":\"2024-09-30T22:29:52+00:00\",\"description\":\"Tour r\u00e9frig\u00e9r\u00e9 pour p\u00e2tisserie avec un syst\u00e8me de ventilation et de condensation frontal et Portes r\u00e9versibles pour plus de flexibilit\u00e9.\",\"breadcrumb\":{\"@id\":\"https:\/\/italiamachines.com\/boutique\/boulangerie-et-patisserie\/patisserie\/froid-et-conservation-pour-patisserie\/tour-a-patisserie\/tour-refrigere-pour-patisserie-marque-infrico-dimensions-2170x800\/#breadcrumb\"},\"inLanguage\":\"en-US\",\"potentialAction\":[{\"@type\":\"ReadAction\",\"target\":[\"https:\/\/italiamachines.com\/boutique\/boulangerie-et-patisserie\/patisserie\/froid-et-conservation-pour-patisserie\/tour-a-patisserie\/tour-refrigere-pour-patisserie-marque-infrico-dimensions-2170x800\/\"]}]},{\"@type\":\"ImageObject\",\"inLanguage\":\"en-US\",\"@id\":\"https:\/\/italiamachines.com\/boutique\/boulangerie-et-patisserie\/patisserie\/froid-et-conservation-pour-patisserie\/tour-a-patisserie\/tour-refrigere-pour-patisserie-marque-infrico-dimensions-2170x800\/#primaryimage\",\"url\":\"https:\/\/italiamachines.com\/wp-content\/uploads\/2023\/07\/MR2190-1.jpeg\",\"contentUrl\":\"https:\/\/italiamachines.com\/wp-content\/uploads\/2023\/07\/MR2190-1.jpeg\",\"width\":1000,\"height\":1000,\"caption\":\"Tour r\u00e9frig\u00e9r\u00e9 pour p\u00e2tisserie\"},{\"@type\":\"BreadcrumbList\",\"@id\":\"https:\/\/italiamachines.com\/boutique\/boulangerie-et-patisserie\/patisserie\/froid-et-conservation-pour-patisserie\/tour-a-patisserie\/tour-refrigere-pour-patisserie-marque-infrico-dimensions-2170x800\/#breadcrumb\",\"itemListElement\":[{\"@type\":\"ListItem\",\"position\":1,\"name\":\"Accueil\",\"item\":\"https:\/\/italiamachines.com\/fr_fr\/\"},{\"@type\":\"ListItem\",\"position\":2,\"name\":\"Boutique\",\"item\":\"https:\/\/italiamachines.com\/boutique\/\"},{\"@type\":\"ListItem\",\"position\":3,\"name\":\"Tour r\u00e9frig\u00e9r\u00e9 pour p\u00e2tisserie &#8211; par Infrico\"}]},{\"@type\":\"WebSite\",\"@id\":\"https:\/\/italiamachines.com\/#website\",\"url\":\"https:\/\/italiamachines.com\/\",\"name\":\"Italia Machines\",\"description\":\"L&#039;art de l&#039;\u00e9quipement HORECA\",\"publisher\":{\"@id\":\"https:\/\/italiamachines.com\/#organization\"},\"potentialAction\":[{\"@type\":\"SearchAction\",\"target\":{\"@type\":\"EntryPoint\",\"urlTemplate\":\"https:\/\/italiamachines.com\/?s={search_term_string}\"},\"query-input\":{\"@type\":\"PropertyValueSpecification\",\"valueRequired\":true,\"valueName\":\"search_term_string\"}}],\"inLanguage\":\"en-US\"},{\"@type\":\"Organization\",\"@id\":\"https:\/\/italiamachines.com\/#organization\",\"name\":\"italiamachines\",\"url\":\"https:\/\/italiamachines.com\/\",\"logo\":{\"@type\":\"ImageObject\",\"inLanguage\":\"en-US\",\"@id\":\"https:\/\/italiamachines.com\/#\/schema\/logo\/image\/\",\"url\":\"https:\/\/italiamachines.com\/wp-content\/uploads\/2023\/08\/logo-web-1.png\",\"contentUrl\":\"https:\/\/italiamachines.com\/wp-content\/uploads\/2023\/08\/logo-web-1.png\",\"width\":977,\"height\":254,\"caption\":\"italiamachines\"},\"image\":{\"@id\":\"https:\/\/italiamachines.com\/#\/schema\/logo\/image\/\"},\"sameAs\":[\"https:\/\/web.facebook.com\/italiamachines\/\",\"https:\/\/www.instagram.com\/italia.machines\/\"]}]}<\/script>\n<!-- \/ Yoast SEO plugin. -->","yoast_head_json":{"title":"Tour r\u00e9frig\u00e9r\u00e9 pour p\u00e2tisserie - par Infrico | Italia Machines","description":"Tour r\u00e9frig\u00e9r\u00e9 pour p\u00e2tisserie avec un syst\u00e8me de ventilation et de condensation frontal et Portes r\u00e9versibles pour plus de flexibilit\u00e9.","robots":{"index":"index","follow":"follow","max-snippet":"max-snippet:-1","max-image-preview":"max-image-preview:large","max-video-preview":"max-video-preview:-1"},"canonical":"https:\/\/italiamachines.com\/en\/boutique\/boulangerie-et-patisserie\/patisserie\/froid-et-conservation-pour-patisserie\/tour-a-patisserie\/tour-refrigere-pour-patisserie-marque-infrico-dimensions-2170x800\/","og_locale":"en_US","og_type":"article","og_title":"Tour r\u00e9frig\u00e9r\u00e9 pour p\u00e2tisserie - par Infrico | Italia Machines","og_description":"Tour r\u00e9frig\u00e9r\u00e9 pour p\u00e2tisserie avec un syst\u00e8me de ventilation et de condensation frontal et Portes r\u00e9versibles pour plus de flexibilit\u00e9.","og_url":"https:\/\/italiamachines.com\/en\/boutique\/boulangerie-et-patisserie\/patisserie\/froid-et-conservation-pour-patisserie\/tour-a-patisserie\/tour-refrigere-pour-patisserie-marque-infrico-dimensions-2170x800\/","og_site_name":"Italia Machines","article_publisher":"https:\/\/web.facebook.com\/italiamachines\/","article_modified_time":"2024-09-30T22:29:52+00:00","og_image":[{"width":1000,"height":1000,"url":"https:\/\/italiamachines.com\/wp-content\/uploads\/2023\/07\/MR2190-1.jpeg","type":"image\/jpeg"}],"twitter_card":"summary_large_image","twitter_misc":{"Est. reading time":"1 minute"},"schema":{"@context":"https:\/\/schema.org","@graph":[{"@type":"WebPage","@id":"https:\/\/italiamachines.com\/boutique\/boulangerie-et-patisserie\/patisserie\/froid-et-conservation-pour-patisserie\/tour-a-patisserie\/tour-refrigere-pour-patisserie-marque-infrico-dimensions-2170x800\/","url":"https:\/\/italiamachines.com\/boutique\/boulangerie-et-patisserie\/patisserie\/froid-et-conservation-pour-patisserie\/tour-a-patisserie\/tour-refrigere-pour-patisserie-marque-infrico-dimensions-2170x800\/","name":"Tour r\u00e9frig\u00e9r\u00e9 pour p\u00e2tisserie - par Infrico | Italia Machines","isPartOf":{"@id":"https:\/\/italiamachines.com\/#website"},"primaryImageOfPage":{"@id":"https:\/\/italiamachines.com\/boutique\/boulangerie-et-patisserie\/patisserie\/froid-et-conservation-pour-patisserie\/tour-a-patisserie\/tour-refrigere-pour-patisserie-marque-infrico-dimensions-2170x800\/#primaryimage"},"image":{"@id":"https:\/\/italiamachines.com\/boutique\/boulangerie-et-patisserie\/patisserie\/froid-et-conservation-pour-patisserie\/tour-a-patisserie\/tour-refrigere-pour-patisserie-marque-infrico-dimensions-2170x800\/#primaryimage"},"thumbnailUrl":"https:\/\/italiamachines.com\/wp-content\/uploads\/2023\/07\/MR2190-1.jpeg","datePublished":"2023-07-30T04:10:12+00:00","dateModified":"2024-09-30T22:29:52+00:00","description":"Tour r\u00e9frig\u00e9r\u00e9 pour p\u00e2tisserie avec un syst\u00e8me de ventilation et de condensation frontal et Portes r\u00e9versibles pour plus de flexibilit\u00e9.","breadcrumb":{"@id":"https:\/\/italiamachines.com\/boutique\/boulangerie-et-patisserie\/patisserie\/froid-et-conservation-pour-patisserie\/tour-a-patisserie\/tour-refrigere-pour-patisserie-marque-infrico-dimensions-2170x800\/#breadcrumb"},"inLanguage":"en-US","potentialAction":[{"@type":"ReadAction","target":["https:\/\/italiamachines.com\/boutique\/boulangerie-et-patisserie\/patisserie\/froid-et-conservation-pour-patisserie\/tour-a-patisserie\/tour-refrigere-pour-patisserie-marque-infrico-dimensions-2170x800\/"]}]},{"@type":"ImageObject","inLanguage":"en-US","@id":"https:\/\/italiamachines.com\/boutique\/boulangerie-et-patisserie\/patisserie\/froid-et-conservation-pour-patisserie\/tour-a-patisserie\/tour-refrigere-pour-patisserie-marque-infrico-dimensions-2170x800\/#primaryimage","url":"https:\/\/italiamachines.com\/wp-content\/uploads\/2023\/07\/MR2190-1.jpeg","contentUrl":"https:\/\/italiamachines.com\/wp-content\/uploads\/2023\/07\/MR2190-1.jpeg","width":1000,"height":1000,"caption":"Tour r\u00e9frig\u00e9r\u00e9 pour p\u00e2tisserie"},{"@type":"BreadcrumbList","@id":"https:\/\/italiamachines.com\/boutique\/boulangerie-et-patisserie\/patisserie\/froid-et-conservation-pour-patisserie\/tour-a-patisserie\/tour-refrigere-pour-patisserie-marque-infrico-dimensions-2170x800\/#breadcrumb","itemListElement":[{"@type":"ListItem","position":1,"name":"Accueil","item":"https:\/\/italiamachines.com\/fr_fr\/"},{"@type":"ListItem","position":2,"name":"Boutique","item":"https:\/\/italiamachines.com\/boutique\/"},{"@type":"ListItem","position":3,"name":"Tour r\u00e9frig\u00e9r\u00e9 pour p\u00e2tisserie &#8211; par Infrico"}]},{"@type":"WebSite","@id":"https:\/\/italiamachines.com\/#website","url":"https:\/\/italiamachines.com\/","name":"Italia Machines","description":"L&#039;art de l&#039;\u00e9quipement HORECA","publisher":{"@id":"https:\/\/italiamachines.com\/#organization"},"potentialAction":[{"@type":"SearchAction","target":{"@type":"EntryPoint","urlTemplate":"https:\/\/italiamachines.com\/?s={search_term_string}"},"query-input":{"@type":"PropertyValueSpecification","valueRequired":true,"valueName":"search_term_string"}}],"inLanguage":"en-US"},{"@type":"Organization","@id":"https:\/\/italiamachines.com\/#organization","name":"italiamachines","url":"https:\/\/italiamachines.com\/","logo":{"@type":"ImageObject","inLanguage":"en-US","@id":"https:\/\/italiamachines.com\/#\/schema\/logo\/image\/","url":"https:\/\/italiamachines.com\/wp-content\/uploads\/2023\/08\/logo-web-1.png","contentUrl":"https:\/\/italiamachines.com\/wp-content\/uploads\/2023\/08\/logo-web-1.png","width":977,"height":254,"caption":"italiamachines"},"image":{"@id":"https:\/\/italiamachines.com\/#\/schema\/logo\/image\/"},"sameAs":["https:\/\/web.facebook.com\/italiamachines\/","https:\/\/www.instagram.com\/italia.machines\/"]}]}},"_links":{"self":[{"href":"https:\/\/italiamachines.com\/en\/wp-json\/wp\/v2\/product\/5073","targetHints":{"allow":["GET"]}}],"collection":[{"href":"https:\/\/italiamachines.com\/en\/wp-json\/wp\/v2\/product"}],"about":[{"href":"https:\/\/italiamachines.com\/en\/wp-json\/wp\/v2\/types\/product"}],"replies":[{"embeddable":true,"href":"https:\/\/italiamachines.com\/en\/wp-json\/wp\/v2\/comments?post=5073"}],"wp:featuredmedia":[{"embeddable":true,"href":"https:\/\/italiamachines.com\/en\/wp-json\/wp\/v2\/media\/5072"}],"wp:attachment":[{"href":"https:\/\/italiamachines.com\/en\/wp-json\/wp\/v2\/media?parent=5073"}],"wp:term":[{"taxonomy":"product_cat","embeddable":true,"href":"https:\/\/italiamachines.com\/en\/wp-json\/wp\/v2\/product_cat?post=5073"},{"taxonomy":"product_tag","embeddable":true,"href":"https:\/\/italiamachines.com\/en\/wp-json\/wp\/v2\/product_tag?post=5073"}],"curies":[{"name":"wp","href":"https:\/\/api.w.org\/{rel}","templated":true}]}}